{"id":2135,"date":"2024-05-30T12:56:35","date_gmt":"2024-05-30T12:56:35","guid":{"rendered":"https:\/\/mutti-parma.com\/can-fr\/?page_id=2135"},"modified":"2024-05-30T13:11:29","modified_gmt":"2024-05-30T13:11:29","slug":"lupcycling-avec-mutti","status":"publish","type":"page","link":"https:\/\/mutti-parma.com\/can-fr\/lupcycling-avec-mutti\/","title":{"rendered":"L&#8217;upcycling avec Mutti"},"content":{"rendered":"\n<div class=\"wp-block-cover alignfull is-style-full-height\" style=\"margin-top:0;margin-bottom:0;min-height:736px;aspect-ratio:unset;\" data-hide-on=\"tablet desktop\"><span aria-hidden=\"true\" class=\"wp-block-cover__background has-background-dim-0 has-background-dim\"><\/span><img loading=\"lazy\" decoding=\"async\" class=\"wp-block-cover__image-background wp-image-9040\" alt=\"\" src=\"https:\/\/mutti-parma.com\/app\/uploads\/2023\/07\/1-hero-mobile.jpg\" data-object-fit=\"cover\" \/><div class=\"wp-block-cover__inner-container is-layout-flow wp-block-cover-is-layout-flow\">\n<h1 class=\"wp-block-heading has-text-align-center is-style-cursive has-xxl-heading-font-size\">Bricoleurs D&rsquo;art<\/h1>\n\n\n\n<h2 class=\"wp-block-heading is-style-default\" style=\"text-transform:none\">L&rsquo;upcycling avec Mutti<\/h2>\n\n\n\n<p class=\"has-text-align-center\">Bienvenue dans notre section Do-Art-Yourself, o\u00f9 nous explorons les possibilit\u00e9s d&rsquo;upcycling illimit\u00e9es des produits Mutti. Nous pensons que le d\u00e9veloppement durable est un mode de vie, et quel meilleur moyen de recycler que de donner une nouvelle vie \u00e0 nos produits bien-aim\u00e9s&nbsp;?<\/p>\n\n\n\n<p class=\"has-text-align-center\">Vous y d\u00e9couvrirez un tr\u00e9sor d&rsquo;id\u00e9es ing\u00e9nieuses et de projets artisanaux qui transforment nos emballages en objets fonctionnels et esth\u00e9tiques. Qu&rsquo;il s&rsquo;agisse d&rsquo;\u00e9l\u00e9gantes d\u00e9corations int\u00e9rieures ou de pratiques solutions de rangement, nos cr\u00e9ations DIY exploitent la beaut\u00e9 et la durabilit\u00e9 des emballages Mutti pour rehausser vos espaces de vie.<\/p>\n\n\n\n<div class=\"wp-block-buttons is-content-justification-center is-layout-flex wp-container-core-buttons-is-layout-16018d1d wp-block-buttons-is-layout-flex\">\n<div class=\"wp-block-button\"><a class=\"wp-block-button__link wp-element-button\" href=\"#listing\">D\u00c9COUVRIR LES PROJETS<\/a><\/div>\n<\/div>\n<\/div><\/div>\n\n\n\n<div class=\"wp-block-cover alignfull is-style-full-height\" style=\"margin-top:0;margin-bottom:0;min-height:736px;aspect-ratio:unset;\" data-hide-on=\"mobile\"><span aria-hidden=\"true\" class=\"wp-block-cover__background has-background-dim-0 has-background-dim\"><\/span><img loading=\"lazy\" decoding=\"async\" class=\"wp-block-cover__image-background wp-image-9039\" alt=\"\" src=\"https:\/\/mutti-parma.com\/app\/uploads\/2023\/07\/1-hero-desktop.jpg\" data-object-fit=\"cover\" \/><div class=\"wp-block-cover__inner-container is-layout-flow wp-block-cover-is-layout-flow\">\n<h1 class=\"wp-block-heading has-text-align-center is-style-cursive has-xxl-heading-font-size\">Bricoleurs D&rsquo;art<\/h1>\n\n\n\n<h2 class=\"wp-block-heading\" style=\"text-transform:none\">L&rsquo;upcycling avec Mutti<\/h2>\n\n\n\n<p class=\"has-text-align-center\">Bienvenue dans notre section Do-Art-Yourself, o\u00f9 nous explorons les possibilit\u00e9s d&rsquo;upcycling illimit\u00e9es des produits Mutti. Nous pensons que le d\u00e9veloppement durable est un mode de vie, et quel meilleur moyen de recycler que de donner une nouvelle vie \u00e0 nos produits bien-aim\u00e9s&nbsp;?<\/p>\n\n\n\n<p class=\"has-text-align-center\">Vous y d\u00e9couvrirez un tr\u00e9sor d&rsquo;id\u00e9es ing\u00e9nieuses et de projets artisanaux qui transforment nos emballages en objets fonctionnels et esth\u00e9tiques. Qu&rsquo;il s&rsquo;agisse d&rsquo;\u00e9l\u00e9gantes d\u00e9corations int\u00e9rieures ou de pratiques solutions de rangement, nos cr\u00e9ations DIY exploitent la beaut\u00e9 et la durabilit\u00e9 des emballages Mutti pour rehausser vos espaces de vie.<\/p>\n\n\n\n<div class=\"wp-block-buttons is-content-justification-center is-layout-flex wp-container-core-buttons-is-layout-16018d1d wp-block-buttons-is-layout-flex\">\n<div class=\"wp-block-button\"><a class=\"wp-block-button__link wp-element-button\" href=\"#listing\">D\u00c9COUVRIR LES PROJETS<\/a><\/div>\n<\/div>\n<\/div><\/div>\n\n\n\n<div class=\"wp-block-group alignfull has-background is-layout-constrained wp-block-group-is-layout-constrained\" style=\"background-color:#f0e9d7\"><div class=\"facetwp-facet facetwp-facet-project_category facetwp-type-radio\" data-name=\"project_category\" data-type=\"radio\"><\/div>\n<\/div>\n\n\n<div\n  class=\"acf-content-listing is-style-filtered alignwide\"\n   id=\"listing\" >\n  <div class=\"facetwp-template\">\n    <div class=\"flex -mx-6 -mt-5 md:-mt-6 flex-wrap\">\n               <div class=\"w-1\/1 sm:w-1\/2 md:w-1\/3 px-6 py-5 md:py-6\">\n          <div class=\"text-center\" data-vue-wrapper>\n      <a href=\"https:\/\/mutti-parma.com\/can-fr\/project\/couronne-de-porte-dentree\/\" class=\"relative block mb-4 max-w-96 mx-auto\">\n      <div class=\"responsive-embed \" style=\"padding-bottom: 108.79765395894%;\">\n        <img decoding=\"async\" width=\"2560\" height=\"1707\" src=\"https:\/\/mutti-parma.com\/app\/uploads\/sites\/21\/2025\/11\/ghirlanda-latta-06-scaled.jpg\" class=\"inline-block wp-image-2592\" alt=\"Couronne de porte d\u2019entr\u00e9e\" sizes=\"auto, (max-width: 600px) 72vw, 431px\" data-spai-crop=\"true\" title=\"Couronne de porte d\u2019entr\u00e9e\" srcset=\"https:\/\/mutti-parma.com\/app\/uploads\/sites\/21\/2025\/11\/ghirlanda-latta-06-scaled.jpg 2560w, https:\/\/mutti-parma.com\/app\/uploads\/sites\/21\/2025\/11\/ghirlanda-latta-06-500x333.jpg 500w, https:\/\/mutti-parma.com\/app\/uploads\/sites\/21\/2025\/11\/ghirlanda-latta-06-1024x683.jpg 1024w, https:\/\/mutti-parma.com\/app\/uploads\/sites\/21\/2025\/11\/ghirlanda-latta-06-200x133.jpg 200w, https:\/\/mutti-parma.com\/app\/uploads\/sites\/21\/2025\/11\/ghirlanda-latta-06-768x512.jpg 768w, https:\/\/mutti-parma.com\/app\/uploads\/sites\/21\/2025\/11\/ghirlanda-latta-06-150x100.jpg 150w, https:\/\/mutti-parma.com\/app\/uploads\/sites\/21\/2025\/11\/ghirlanda-latta-06-600x400.jpg 600w, https:\/\/mutti-parma.com\/app\/uploads\/sites\/21\/2025\/11\/ghirlanda-latta-06-1536x1024.jpg 1536w, https:\/\/mutti-parma.com\/app\/uploads\/sites\/21\/2025\/11\/ghirlanda-latta-06-2048x1365.jpg 2048w\" loading=\"lazy\" \/>\n      <\/div>\n    <\/a>\n  \n  <a class=\"block mb-4\" href=\"https:\/\/mutti-parma.com\/can-fr\/project\/couronne-de-porte-dentree\/\">\n    <h3>Couronne de porte d\u2019entr\u00e9e<\/h3>\n  <\/a>\n\n  <rate-post\n    namespace=\"mutti\/v1\"\n    :votes=\"0\"\n    :post-id=\"2586\"\n  ><\/rate-post>\n<\/div>\n        <\/div>\n               <div class=\"w-1\/1 sm:w-1\/2 md:w-1\/3 px-6 py-5 md:py-6\">\n          <div class=\"text-center\" data-vue-wrapper>\n      <a href=\"https:\/\/mutti-parma.com\/can-fr\/project\/boule-a-neige-dhiver\/\" class=\"relative block mb-4 max-w-96 mx-auto\">\n      <div class=\"responsive-embed \" style=\"padding-bottom: 108.79765395894%;\">\n        <img decoding=\"async\" width=\"2000\" height=\"1333\" src=\"https:\/\/mutti-parma.com\/app\/uploads\/sites\/21\/2025\/11\/palla-di-neve-vasetto-07.jpg\" class=\"inline-block wp-image-2603\" alt=\"Boule \u00e0 neige d\u2019hiver\" sizes=\"auto, (max-width: 600px) 72vw, 431px\" data-spai-crop=\"true\" title=\"Boule \u00e0 neige d\u2019hiver\" srcset=\"https:\/\/mutti-parma.com\/app\/uploads\/sites\/21\/2025\/11\/palla-di-neve-vasetto-07.jpg 2000w, https:\/\/mutti-parma.com\/app\/uploads\/sites\/21\/2025\/11\/palla-di-neve-vasetto-07-500x333.jpg 500w, https:\/\/mutti-parma.com\/app\/uploads\/sites\/21\/2025\/11\/palla-di-neve-vasetto-07-1024x682.jpg 1024w, https:\/\/mutti-parma.com\/app\/uploads\/sites\/21\/2025\/11\/palla-di-neve-vasetto-07-200x133.jpg 200w, https:\/\/mutti-parma.com\/app\/uploads\/sites\/21\/2025\/11\/palla-di-neve-vasetto-07-768x512.jpg 768w, https:\/\/mutti-parma.com\/app\/uploads\/sites\/21\/2025\/11\/palla-di-neve-vasetto-07-150x100.jpg 150w, https:\/\/mutti-parma.com\/app\/uploads\/sites\/21\/2025\/11\/palla-di-neve-vasetto-07-600x400.jpg 600w, https:\/\/mutti-parma.com\/app\/uploads\/sites\/21\/2025\/11\/palla-di-neve-vasetto-07-1536x1024.jpg 1536w\" loading=\"lazy\" \/>\n      <\/div>\n    <\/a>\n  \n  <a class=\"block mb-4\" href=\"https:\/\/mutti-parma.com\/can-fr\/project\/boule-a-neige-dhiver\/\">\n    <h3>Boule \u00e0 neige d\u2019hiver<\/h3>\n  <\/a>\n\n  <rate-post\n    namespace=\"mutti\/v1\"\n    :votes=\"0\"\n    :post-id=\"2595\"\n  ><\/rate-post>\n<\/div>\n        <\/div>\n               <div class=\"w-1\/1 sm:w-1\/2 md:w-1\/3 px-6 py-5 md:py-6\">\n          <div class=\"text-center\" data-vue-wrapper>\n      <a href=\"https:\/\/mutti-parma.com\/can-fr\/project\/marque-verres-a-faire-soi-meme-pour-la-periode-des-fetes\/\" class=\"relative block mb-4 max-w-96 mx-auto\">\n      <div class=\"responsive-embed \" style=\"padding-bottom: 108.79765395894%;\">\n        <img decoding=\"async\" width=\"2000\" height=\"1333\" src=\"https:\/\/mutti-parma.com\/app\/uploads\/sites\/21\/2025\/11\/segnaposto-tubetto-06.jpg\" class=\"inline-block wp-image-2610\" alt=\"Marque-verres \u00e0 faire soi-m\u00eame pour la p\u00e9riode des f\u00eates\" sizes=\"auto, (max-width: 600px) 72vw, 431px\" data-spai-crop=\"true\" title=\"Marque-verres \u00e0 faire soi-m\u00eame pour la p\u00e9riode des f\u00eates\" srcset=\"https:\/\/mutti-parma.com\/app\/uploads\/sites\/21\/2025\/11\/segnaposto-tubetto-06.jpg 2000w, https:\/\/mutti-parma.com\/app\/uploads\/sites\/21\/2025\/11\/segnaposto-tubetto-06-500x333.jpg 500w, https:\/\/mutti-parma.com\/app\/uploads\/sites\/21\/2025\/11\/segnaposto-tubetto-06-1024x682.jpg 1024w, https:\/\/mutti-parma.com\/app\/uploads\/sites\/21\/2025\/11\/segnaposto-tubetto-06-200x133.jpg 200w, https:\/\/mutti-parma.com\/app\/uploads\/sites\/21\/2025\/11\/segnaposto-tubetto-06-768x512.jpg 768w, https:\/\/mutti-parma.com\/app\/uploads\/sites\/21\/2025\/11\/segnaposto-tubetto-06-150x100.jpg 150w, https:\/\/mutti-parma.com\/app\/uploads\/sites\/21\/2025\/11\/segnaposto-tubetto-06-600x400.jpg 600w, https:\/\/mutti-parma.com\/app\/uploads\/sites\/21\/2025\/11\/segnaposto-tubetto-06-1536x1024.jpg 1536w\" loading=\"lazy\" \/>\n      <\/div>\n    <\/a>\n  \n  <a class=\"block mb-4\" href=\"https:\/\/mutti-parma.com\/can-fr\/project\/marque-verres-a-faire-soi-meme-pour-la-periode-des-fetes\/\">\n    <h3>Marque-verres \u00e0 faire soi-m\u00eame pour la p\u00e9riode des f\u00eates<\/h3>\n  <\/a>\n\n  <rate-post\n    namespace=\"mutti\/v1\"\n    :votes=\"0\"\n    :post-id=\"2596\"\n  ><\/rate-post>\n<\/div>\n        <\/div>\n               <div class=\"w-1\/1 sm:w-1\/2 md:w-1\/3 px-6 py-5 md:py-6\">\n          <div class=\"text-center\" data-vue-wrapper>\n      <a href=\"https:\/\/mutti-parma.com\/can-fr\/project\/recette-en-bouteille-de-tomate\/\" class=\"relative block mb-4 max-w-96 mx-auto\">\n      <div class=\"responsive-embed \" style=\"padding-bottom: 108.79765395894%;\">\n        <img decoding=\"async\" width=\"200\" height=\"200\" src=\"https:\/\/mutti-parma.com\/app\/uploads\/sites\/21\/2024\/12\/4-bottiglia-porta-ricetta-4-1-200x200-1.jpg\" class=\"inline-block wp-image-2386\" alt=\"Recette en Bouteille de Tomate\" sizes=\"auto, (max-width: 600px) 72vw, 431px\" data-spai-crop=\"true\" title=\"Recette en Bouteille de Tomate\" srcset=\"https:\/\/mutti-parma.com\/app\/uploads\/sites\/21\/2024\/12\/4-bottiglia-porta-ricetta-4-1-200x200-1.jpg 200w, https:\/\/mutti-parma.com\/app\/uploads\/sites\/21\/2024\/12\/4-bottiglia-porta-ricetta-4-1-200x200-1-150x150.jpg 150w, https:\/\/mutti-parma.com\/app\/uploads\/sites\/21\/2024\/12\/4-bottiglia-porta-ricetta-4-1-200x200-1-50x50.jpg 50w\" loading=\"lazy\" \/>\n      <\/div>\n    <\/a>\n  \n  <a class=\"block mb-4\" href=\"https:\/\/mutti-parma.com\/can-fr\/project\/recette-en-bouteille-de-tomate\/\">\n    <h3>Recette en Bouteille de Tomate<\/h3>\n  <\/a>\n\n  <rate-post\n    namespace=\"mutti\/v1\"\n    :votes=\"1\"\n    :post-id=\"2385\"\n  ><\/rate-post>\n<\/div>\n        <\/div>\n               <div class=\"w-1\/1 sm:w-1\/2 md:w-1\/3 px-6 py-5 md:py-6\">\n          <div class=\"text-center\" data-vue-wrapper>\n      <a href=\"https:\/\/mutti-parma.com\/can-fr\/project\/decorations-festives\/\" class=\"relative block mb-4 max-w-96 mx-auto\">\n      <div class=\"responsive-embed \" style=\"padding-bottom: 108.79765395894%;\">\n        <img decoding=\"async\" width=\"500\" height=\"500\" src=\"https:\/\/mutti-parma.com\/app\/uploads\/sites\/21\/2024\/12\/5-tubetto-decorazioni-10a-1-500x500-1.jpg\" class=\"inline-block wp-image-2382\" alt=\"D\u00e9corations Festives\" sizes=\"auto, (max-width: 600px) 72vw, 431px\" data-spai-crop=\"true\" title=\"D\u00e9corations Festives\" srcset=\"https:\/\/mutti-parma.com\/app\/uploads\/sites\/21\/2024\/12\/5-tubetto-decorazioni-10a-1-500x500-1.jpg 500w, https:\/\/mutti-parma.com\/app\/uploads\/sites\/21\/2024\/12\/5-tubetto-decorazioni-10a-1-500x500-1-200x200.jpg 200w, https:\/\/mutti-parma.com\/app\/uploads\/sites\/21\/2024\/12\/5-tubetto-decorazioni-10a-1-500x500-1-150x150.jpg 150w, https:\/\/mutti-parma.com\/app\/uploads\/sites\/21\/2024\/12\/5-tubetto-decorazioni-10a-1-500x500-1-50x50.jpg 50w\" loading=\"lazy\" \/>\n      <\/div>\n    <\/a>\n  \n  <a class=\"block mb-4\" href=\"https:\/\/mutti-parma.com\/can-fr\/project\/decorations-festives\/\">\n    <h3>D\u00e9corations Festives<\/h3>\n  <\/a>\n\n  <rate-post\n    namespace=\"mutti\/v1\"\n    :votes=\"1\"\n    :post-id=\"2381\"\n  ><\/rate-post>\n<\/div>\n        <\/div>\n               <div class=\"w-1\/1 sm:w-1\/2 md:w-1\/3 px-6 py-5 md:py-6\">\n          <div class=\"text-center\" data-vue-wrapper>\n      <a href=\"https:\/\/mutti-parma.com\/can-fr\/project\/pot-succulent-mutti\/\" class=\"relative block mb-4 max-w-96 mx-auto\">\n      <div class=\"responsive-embed \" style=\"padding-bottom: 108.79765395894%;\">\n        <img decoding=\"async\" width=\"200\" height=\"200\" src=\"https:\/\/mutti-parma.com\/app\/uploads\/sites\/21\/2024\/03\/ww-socialped-2021-09-doartyourself-01-fb-ig-1024x1024-1-200x200-1.jpg\" class=\"inline-block wp-image-2142\" alt=\"Pot succulent Mutti\" sizes=\"auto, (max-width: 600px) 72vw, 431px\" data-spai-crop=\"true\" title=\"Pot succulent Mutti\" srcset=\"https:\/\/mutti-parma.com\/app\/uploads\/sites\/21\/2024\/03\/ww-socialped-2021-09-doartyourself-01-fb-ig-1024x1024-1-200x200-1.jpg 200w, https:\/\/mutti-parma.com\/app\/uploads\/sites\/21\/2024\/03\/ww-socialped-2021-09-doartyourself-01-fb-ig-1024x1024-1-200x200-1-150x150.jpg 150w, https:\/\/mutti-parma.com\/app\/uploads\/sites\/21\/2024\/03\/ww-socialped-2021-09-doartyourself-01-fb-ig-1024x1024-1-200x200-1-50x50.jpg 50w\" loading=\"lazy\" \/>\n      <\/div>\n    <\/a>\n  \n  <a class=\"block mb-4\" href=\"https:\/\/mutti-parma.com\/can-fr\/project\/pot-succulent-mutti\/\">\n    <h3>Pot succulent Mutti<\/h3>\n  <\/a>\n\n  <rate-post\n    namespace=\"mutti\/v1\"\n    :votes=\"1\"\n    :post-id=\"2141\"\n  ><\/rate-post>\n<\/div>\n        <\/div>\n               <div class=\"w-1\/1 sm:w-1\/2 md:w-1\/3 px-6 py-5 md:py-6\">\n          <div class=\"text-center\" data-vue-wrapper>\n      <a href=\"https:\/\/mutti-parma.com\/can-fr\/project\/sous-verres-a-capsules-mutti\/\" class=\"relative block mb-4 max-w-96 mx-auto\">\n      <div class=\"responsive-embed \" style=\"padding-bottom: 108.79765395894%;\">\n        <img decoding=\"async\" width=\"200\" height=\"200\" src=\"https:\/\/mutti-parma.com\/app\/uploads\/sites\/21\/2024\/03\/ww-socialped-2021-10-doartyourself-01-1024x1024-1-200x200-1.jpg\" class=\"inline-block wp-image-2146\" alt=\"Sous-verres \u00e0 capsules Mutti\" sizes=\"auto, (max-width: 600px) 72vw, 431px\" data-spai-crop=\"true\" title=\"Sous-verres \u00e0 capsules Mutti\" srcset=\"https:\/\/mutti-parma.com\/app\/uploads\/sites\/21\/2024\/03\/ww-socialped-2021-10-doartyourself-01-1024x1024-1-200x200-1.jpg 200w, https:\/\/mutti-parma.com\/app\/uploads\/sites\/21\/2024\/03\/ww-socialped-2021-10-doartyourself-01-1024x1024-1-200x200-1-150x150.jpg 150w, https:\/\/mutti-parma.com\/app\/uploads\/sites\/21\/2024\/03\/ww-socialped-2021-10-doartyourself-01-1024x1024-1-200x200-1-50x50.jpg 50w\" loading=\"lazy\" \/>\n      <\/div>\n    <\/a>\n  \n  <a class=\"block mb-4\" href=\"https:\/\/mutti-parma.com\/can-fr\/project\/sous-verres-a-capsules-mutti\/\">\n    <h3>Sous-verres \u00e0 capsules Mutti<\/h3>\n  <\/a>\n\n  <rate-post\n    namespace=\"mutti\/v1\"\n    :votes=\"1\"\n    :post-id=\"2145\"\n  ><\/rate-post>\n<\/div>\n        <\/div>\n               <div class=\"w-1\/1 sm:w-1\/2 md:w-1\/3 px-6 py-5 md:py-6\">\n          <div class=\"text-center\" data-vue-wrapper>\n      <a href=\"https:\/\/mutti-parma.com\/can-fr\/project\/aides-cuisiniers-mutti\/\" class=\"relative block mb-4 max-w-96 mx-auto\">\n      <div class=\"responsive-embed \" style=\"padding-bottom: 108.79765395894%;\">\n        <img decoding=\"async\" width=\"200\" height=\"200\" src=\"https:\/\/mutti-parma.com\/app\/uploads\/sites\/21\/2024\/03\/ww-socialped-2021-11-doartyourself-07-1024x1024-2-3-200x200-1.jpg\" class=\"inline-block wp-image-2149\" alt=\"Aides-cuisiniers Mutti\" sizes=\"auto, (max-width: 600px) 72vw, 431px\" data-spai-crop=\"true\" title=\"Aides-cuisiniers Mutti\" srcset=\"https:\/\/mutti-parma.com\/app\/uploads\/sites\/21\/2024\/03\/ww-socialped-2021-11-doartyourself-07-1024x1024-2-3-200x200-1.jpg 200w, https:\/\/mutti-parma.com\/app\/uploads\/sites\/21\/2024\/03\/ww-socialped-2021-11-doartyourself-07-1024x1024-2-3-200x200-1-150x150.jpg 150w, https:\/\/mutti-parma.com\/app\/uploads\/sites\/21\/2024\/03\/ww-socialped-2021-11-doartyourself-07-1024x1024-2-3-200x200-1-50x50.jpg 50w\" loading=\"lazy\" \/>\n      <\/div>\n    <\/a>\n  \n  <a class=\"block mb-4\" href=\"https:\/\/mutti-parma.com\/can-fr\/project\/aides-cuisiniers-mutti\/\">\n    <h3>Aides-cuisiniers Mutti<\/h3>\n  <\/a>\n\n  <rate-post\n    namespace=\"mutti\/v1\"\n    :votes=\"1\"\n    :post-id=\"2148\"\n  ><\/rate-post>\n<\/div>\n        <\/div>\n               <div class=\"w-1\/1 sm:w-1\/2 md:w-1\/3 px-6 py-5 md:py-6\">\n          <div class=\"text-center\" data-vue-wrapper>\n      <a href=\"https:\/\/mutti-parma.com\/can-fr\/project\/jeu-de-memoire-mutti\/\" class=\"relative block mb-4 max-w-96 mx-auto\">\n      <div class=\"responsive-embed \" style=\"padding-bottom: 108.79765395894%;\">\n        <img decoding=\"async\" width=\"200\" height=\"200\" src=\"https:\/\/mutti-parma.com\/app\/uploads\/sites\/21\/2024\/03\/memory-orizzontale-06-hr-1-1024x1024-1-200x200-1.jpg\" class=\"inline-block wp-image-2157\" alt=\"Jeu de m\u00e9moire Mutti\" sizes=\"auto, (max-width: 600px) 72vw, 431px\" data-spai-crop=\"true\" title=\"Jeu de m\u00e9moire Mutti\" srcset=\"https:\/\/mutti-parma.com\/app\/uploads\/sites\/21\/2024\/03\/memory-orizzontale-06-hr-1-1024x1024-1-200x200-1.jpg 200w, https:\/\/mutti-parma.com\/app\/uploads\/sites\/21\/2024\/03\/memory-orizzontale-06-hr-1-1024x1024-1-200x200-1-150x150.jpg 150w, https:\/\/mutti-parma.com\/app\/uploads\/sites\/21\/2024\/03\/memory-orizzontale-06-hr-1-1024x1024-1-200x200-1-50x50.jpg 50w\" loading=\"lazy\" \/>\n      <\/div>\n    <\/a>\n  \n  <a class=\"block mb-4\" href=\"https:\/\/mutti-parma.com\/can-fr\/project\/jeu-de-memoire-mutti\/\">\n    <h3>Jeu de m\u00e9moire Mutti<\/h3>\n  <\/a>\n\n  <rate-post\n    namespace=\"mutti\/v1\"\n    :votes=\"1\"\n    :post-id=\"2155\"\n  ><\/rate-post>\n<\/div>\n        <\/div>\n                <\/div>\n  <\/div>\n\n      <div class=\"text-center\">\n      <div class=\"facetwp-pager\"><\/div>\n    <\/div>\n  <\/div>\n","protected":false},"excerpt":{"rendered":"","protected":false},"author":1,"featured_media":0,"parent":0,"menu_order":2,"comment_status":"closed","ping_status":"closed","template":"","meta":{"_acf_changed":false,"_relevanssi_hide_post":"","_relevanssi_hide_content":"","_relevanssi_pin_for_all":"","_relevanssi_pin_keywords":"","_relevanssi_unpin_keywords":"","_relevanssi_related_keywords":"","_relevanssi_related_include_ids":"","_relevanssi_related_exclude_ids":"","_relevanssi_related_no_append":"","_relevanssi_related_not_related":"","_relevanssi_related_posts":"","_relevanssi_noindex_reason":"","footnotes":""},"class_list":["post-2135","page","type-page","status-publish","hentry"],"acf":[],"_links":{"self":[{"href":"https:\/\/mutti-parma.com\/can-fr\/wp-json\/wp\/v2\/pages\/2135","targetHints":{"allow":["GET"]}}],"collection":[{"href":"https:\/\/mutti-parma.com\/can-fr\/wp-json\/wp\/v2\/pages"}],"about":[{"href":"https:\/\/mutti-parma.com\/can-fr\/wp-json\/wp\/v2\/types\/page"}],"author":[{"embeddable":true,"href":"https:\/\/mutti-parma.com\/can-fr\/wp-json\/wp\/v2\/users\/1"}],"replies":[{"embeddable":true,"href":"https:\/\/mutti-parma.com\/can-fr\/wp-json\/wp\/v2\/comments?post=2135"}],"version-history":[{"count":2,"href":"https:\/\/mutti-parma.com\/can-fr\/wp-json\/wp\/v2\/pages\/2135\/revisions"}],"predecessor-version":[{"id":2188,"href":"https:\/\/mutti-parma.com\/can-fr\/wp-json\/wp\/v2\/pages\/2135\/revisions\/2188"}],"wp:attachment":[{"href":"https:\/\/mutti-parma.com\/can-fr\/wp-json\/wp\/v2\/media?parent=2135"}],"curies":[{"name":"wp","href":"https:\/\/api.w.org\/{rel}","templated":true}]}}