{"id":1306,"date":"2023-11-28T13:34:11","date_gmt":"2023-11-28T13:34:11","guid":{"rendered":"https:\/\/mutti-parma.com\/can-fr\/?post_type=product&#038;p=1306"},"modified":"2023-12-04T09:54:49","modified_gmt":"2023-12-04T09:54:49","slug":"sauce-tomate-au-basilic-aop-de-genes","status":"publish","type":"product","link":"https:\/\/mutti-parma.com\/can-fr\/produits\/sauce-tomate-au-basilic-aop-de-genes\/","title":{"rendered":"Sauce Tomate au Basilic AOP de G\u00eanes"},"content":{"rendered":"\n<div style=\"--media-width: 50\" class=\"wp-block-media-text alignwide has-media-on-the-right is-stacked-on-mobile is-style-hero has-background-image\"><img loading=\"lazy\" decoding=\"async\" class=\"wp-block-media-text__background\" alt=\"\" data-spai-crop=\"true\" src=\"https:\/\/mutti-parma.com\/app\/uploads\/sites\/3\/2019\/09\/texture-banner-mutti-pizza-sauce.jpg\" \/><div class=\"wp-block-media-text__content\"><div class=\"acf-breadcrumb my-4 md:my-8 text-center md:text-left\">\n  <nav>\n  <ol class=\"list-none text-md\">\n                  <li class=\"inline\">\n                      <a class=\"text-inherit\" href=\"https:\/\/mutti-parma.com\/can-fr\/\">\n              Accueil\n            <\/a>\n                                <span aria-hidden=\"true\">\/&nbsp;<\/span>\n                  <\/li>\n                        <li class=\"inline\">\n                      <a class=\"text-inherit\" href=\"https:\/\/mutti-parma.com\/can-fr\/produits\/\">\n              Products\n            <\/a>\n                            <\/li>\n            <\/ol>\n<\/nav>\n<\/div>\n\n\n\n<h1 class=\"wp-block-heading has-primary-color has-text-color\">Sauce Tomate au Basilic AOP de G\u00eanes<\/h1>\n\n\n\n<p class=\"is-style-cursive has-xxl-font-size\">Sauce tomate cuisin\u00e9e<\/p>\n\n\n\n<p>D\u00e9couvrez notre sauce cuisin\u00e9e italienne authentique, \u00e9labor\u00e9e \u00e0 base de Basilic AOP (Appellation d\u2019Origine Prot\u00e9g\u00e9e) de G\u00eanes, provenant de la r\u00e9gion de Ligure en Italie. Le Basilic AOP de G\u00eanes est un ingr\u00e9dient premium, r\u00e9colt\u00e9 \u00e0 la main, dans le respect des traditions les plus anciennes. Retrouvez \u00e9galement une saveur fra\u00eeche et authentique gr\u00e2ce \u00e0 notre fameuse Polpa Mutti.<br><br>Notre <strong>Sauce Tomate au Basilic AOP de G\u00eanes<\/strong> est SANS conservateurs, SANS additifs, SANS colorants et surtout SANS sucres ajout\u00e9s !<br><\/p>\n\n\n\n\n<div class=\"acf-characteristics\">\n  <div class=\"flex flex-wrap -m-2 justify-center sm:justify-between\">\n          <div class=\"m-2 w-24 text-center\">\n        <div style=\"height: 41px; width: 80px;\" class=\"mx-auto flex items-end justify-center mx-auto\">\n                      <img decoding=\"async\" width=\"85\" height=\"45\" src=\"https:\/\/mutti-parma.com\/app\/uploads\/sites\/3\/2019\/09\/icon-characteristics-flavor-fresh.svg\" class=\"w-full wp-image-300000108 attachment-full size-full\" alt=\"fresco\" style=\"max-height: 43px; max-width: 80px;\" loading=\"lazy\" \/>\n                  <\/div>\n        <p class=\"h6 text-inherit mt-3\">Saveur fra\u00eeche<\/p>\n      <\/div>\n          <div class=\"m-2 w-24 text-center\">\n        <div style=\"height: 41px; width: 80px;\" class=\"mx-auto flex items-end justify-center mx-auto\">\n                      <img decoding=\"async\" width=\"300\" height=\"142\" src=\"https:\/\/mutti-parma.com\/app\/uploads\/sites\/3\/2019\/09\/icon-characteristics-cooking-time-reduced.svg\" class=\"w-full wp-image-300000111 attachment-full size-full\" alt=\"cooking sketch\" style=\"max-height: 43px; max-width: 80px;\" loading=\"lazy\" \/>\n                  <\/div>\n        <p class=\"h6 text-inherit mt-3\">Id\u00e9al pour cuisiner rapidement<\/p>\n      <\/div>\n      <\/div>\n<\/div>\n\n\n<div class=\"acf-product-find-store\">\n      <a href=\"https:\/\/mutti-parma.com\/can-fr\/store-locator\/\" class=\"btn-solid\" target=\"_blank\">\n      <i class=\"fa-solid fa-map-marker-alt mr-1\" aria-hidden=\"true\"><\/i>\n      Store locator\n    <\/a>\n  <\/div>\n<\/div><figure class=\"wp-block-media-text__media\"><img loading=\"lazy\" decoding=\"async\" width=\"698\" height=\"1024\" src=\"https:\/\/mutti-parma.com\/app\/uploads\/sites\/21\/2023\/06\/64315-pasta-sauce-680g-660-ml-basilico-can--9625-101-1-698x1024.png\" alt=\"\" class=\"wp-image-1310 size-full\" sizes=\"(min-width: 1440px) 528px,37vw\" data-spai-crop=\"false\" srcset=\"https:\/\/mutti-parma.com\/app\/uploads\/sites\/21\/2023\/06\/64315-pasta-sauce-680g-660-ml-basilico-can--9625-101-1-698x1024.png 698w, https:\/\/mutti-parma.com\/app\/uploads\/sites\/21\/2023\/06\/64315-pasta-sauce-680g-660-ml-basilico-can--9625-101-1-341x500.png 341w, https:\/\/mutti-parma.com\/app\/uploads\/sites\/21\/2023\/06\/64315-pasta-sauce-680g-660-ml-basilico-can--9625-101-1-136x200.png 136w, https:\/\/mutti-parma.com\/app\/uploads\/sites\/21\/2023\/06\/64315-pasta-sauce-680g-660-ml-basilico-can--9625-101-1-768x1126.png 768w, https:\/\/mutti-parma.com\/app\/uploads\/sites\/21\/2023\/06\/64315-pasta-sauce-680g-660-ml-basilico-can--9625-101-1-150x220.png 150w, https:\/\/mutti-parma.com\/app\/uploads\/sites\/21\/2023\/06\/64315-pasta-sauce-680g-660-ml-basilico-can--9625-101-1-600x880.png 600w, https:\/\/mutti-parma.com\/app\/uploads\/sites\/21\/2023\/06\/64315-pasta-sauce-680g-660-ml-basilico-can--9625-101-1-1048x1536.png 1048w, https:\/\/mutti-parma.com\/app\/uploads\/sites\/21\/2023\/06\/64315-pasta-sauce-680g-660-ml-basilico-can--9625-101-1-1397x2048.png 1397w, https:\/\/mutti-parma.com\/app\/uploads\/sites\/21\/2023\/06\/64315-pasta-sauce-680g-660-ml-basilico-can--9625-101-1.png 1678w\" \/><\/figure><\/div>\n\n\n<div class=\"acf-product-nutrition-tabs alignwide\">\n  <div class=\"\">\n    <ul class=\"list-none flex justify-center sm:justify-left\">\n              <li class=\"mr-4\">\n          <a href=\"javascript: void(0)\" data-toggle=\"nutrition\" class=\"btn-outline \" data-gtm-track data-gtm-event=\"GAevent\" data-gtm-event-id=\"13\" data-gtm-category=\"recipe_information\" data-gtm-action=\"nutrition\" data-gtm-label=\"sauce_tomate_au_basilic_aop_de_g%c3%aanes\">\n            Informations nutritionnelles\n          <\/a>\n        <\/li>\n                    <li>\n          <a href=\"#howtouse\" class=\"btn-outline \" data-gtm-track data-gtm-event=\"GAevent\" data-gtm-event-id=\"13\" data-gtm-category=\"recipe_information\" data-gtm-action=\"how_to_use\" data-gtm-label=\"sauce_tomate_au_basilic_aop_de_g%c3%aanes\">\n            Comment cuisiner ce produit ? \n          <\/a>\n        <\/li>\n      \n          <\/ul>\n  <\/div>\n\n      <div class=\"flex flex-wrap mt-8 mb-4 hidden\" id=\"nutrition\">\n      <div class=\"w-full sm:w-1\/2\">\n        <p>La sauce tomate au Basilic de G\u00eanes AOP Mutti est simple et \u00e9labor\u00e9e avec du Basilic frais, r\u00e9colt\u00e9 \u00e0 la main, dans le respect de la tradition culinaire italienne pour une sauce pour p\u00e2tes riche en saveurs.<\/p>\n<p><strong>Ingr\u00e9dients :<\/strong> Tomat\u00e9s hach\u00e9es, Pur\u00e9e de tomates Rossoro, Oignon, Huile d&rsquo;olive, Ail, Basil, Sel, Extrait de basilic, Poivre noir, Origan.<\/p>\n<p>&nbsp;<\/p>\n\n      <\/div>\n      <div class=\"w-full mt-8 sm:mt-0 sm:w-1\/2 sm:pl-8 md:pl-16\">\n        \n          <table class=\"w-full\">\n            <thead>\n              <tr class=\"border-b\">\n                <th colspan=\"2\" class=\"py-2 text-left\">Nutritional values \/ 1\/2 tasse (125 mL)<\/thead>\n              <\/tr>\n            <\/thead>\n            <tbody>\n                              <tr class=\"border-b\">\n                  <th class=\"py-2 text-left font-normal\"><\/th>\n                  <td class=\"py-2 text-right\">% valeur quotidienne*<\/td>\n                <\/tr>\n                              <tr class=\"border-b\">\n                  <th class=\"py-2 text-left font-normal\">Calories <\/th>\n                  <td class=\"py-2 text-right\">100<\/td>\n                <\/tr>\n                              <tr class=\"border-b\">\n                  <th class=\"py-2 text-left font-normal\">Lipides<\/th>\n                  <td class=\"py-2 text-right\">8g (11%)<\/td>\n                <\/tr>\n                              <tr class=\"border-b\">\n                  <th class=\"py-2 text-left font-normal\">&#8211; Satur\u00e9s<\/th>\n                  <td class=\"py-2 text-right\">1g (6%)<\/td>\n                <\/tr>\n                              <tr class=\"border-b\">\n                  <th class=\"py-2 text-left font-normal\">&#8211; Trans <\/th>\n                  <td class=\"py-2 text-right\">0.1g<\/td>\n                <\/tr>\n                              <tr class=\"border-b\">\n                  <th class=\"py-2 text-left font-normal\">Glucides <\/th>\n                  <td class=\"py-2 text-right\">6g<\/td>\n                <\/tr>\n                              <tr class=\"border-b\">\n                  <th class=\"py-2 text-left font-normal\">&#8211; Fibres<\/th>\n                  <td class=\"py-2 text-right\">2g (7%)<\/td>\n                <\/tr>\n                              <tr class=\"border-b\">\n                  <th class=\"py-2 text-left font-normal\">&#8211; Sucres<\/th>\n                  <td class=\"py-2 text-right\">5g (5%)<\/td>\n                <\/tr>\n                              <tr class=\"border-b\">\n                  <th class=\"py-2 text-left font-normal\">Prot\u00e9ines<\/th>\n                  <td class=\"py-2 text-right\">2g<\/td>\n                <\/tr>\n                              <tr class=\"border-b\">\n                  <th class=\"py-2 text-left font-normal\">Cholest\u00e9rol<\/th>\n                  <td class=\"py-2 text-right\">0 mg<\/td>\n                <\/tr>\n                              <tr class=\"border-b\">\n                  <th class=\"py-2 text-left font-normal\">Sodium<\/th>\n                  <td class=\"py-2 text-right\">540 mg (23%)<\/td>\n                <\/tr>\n                              <tr class=\"border-b\">\n                  <th class=\"py-2 text-left font-normal\">Potassium<\/th>\n                  <td class=\"py-2 text-right\">500 mg (11%)<\/td>\n                <\/tr>\n                              <tr class=\"border-b\">\n                  <th class=\"py-2 text-left font-normal\">Calcium <\/th>\n                  <td class=\"py-2 text-right\">30 mg (2%)<\/td>\n                <\/tr>\n                              <tr class=\"border-b\">\n                  <th class=\"py-2 text-left font-normal\">Fer <\/th>\n                  <td class=\"py-2 text-right\">0.5 mg (3%)<\/td>\n                <\/tr>\n                              <tr class=\"border-b\">\n                  <th class=\"py-2 text-left font-normal\">* 5% ou moins c&#039;est peu, 15% ou plus c&#039;est beaucoup<\/th>\n                  <td class=\"py-2 text-right\"><\/td>\n                <\/tr>\n                          <\/tbody>\n          <\/table>\n              <\/div>\n    <\/div>\n  <\/div>\n\n\n\n<div class=\"wp-block-media-text alignwide\" style=\"grid-template-columns:32% auto\"><figure class=\"wp-block-media-text__media\"><video\n  \n  autoplay\n  playsinline\n  muted\n  loop\n  loading=\"lazy\"\n  \n  \n  \n\n  \n      poster=\"https:\/\/mutti-parma.com\/app\/uploads\/sites\/3\/2020\/12\/texture-polpa-1000x630.jpg\"\n  >\n            <source src=\"https:\/\/cdn.mutti-parma.com\/app\/uploads\/sites\/3\/2020\/12\/texture-polpa-1000x630.mp4\" type=\"video\/mp4\">\n      <\/video>\n\n<\/figure><div class=\"wp-block-media-text__content\">\n<h2 class=\"wp-block-heading\">EN SAVOIR PLUS<\/h2>\n\n\n\n<p class=\"is-style-cursive has-xxl-font-size\">sur la Sauce Tomate au Basilic AOP de G\u00eanes Mutti<\/p>\n\n\n\n<p>Avec la sauce tomate au Basilic AOP de G\u00eanes Mutti, retrouvez le go\u00fbt authentique et la fra\u00eecheur des tomates Mutti, cultiv\u00e9es, m\u00fbries et transform\u00e9es sous le soleil de nos champs en Italie. A cela s\u2019ajoute une touche d\u2019huile d\u2019olive dans le respect des traditions culinaires italiennes.<br>Le Basilic AOP de G\u00eanes, r\u00e9colt\u00e9 \u00e0 la main, est le condiment m\u00e9diterran\u00e9en par excellence !<br>Cette sauce a l\u2019avantage d\u2019\u00eatre \u00e0 la fois douce et savoureuse, elle sera id\u00e9ale pour accompagner vos plats de p\u00e2tes, de riz, de c\u00e9r\u00e9ales \u2026 en toute simplicit\u00e9 !<br>Un pot de sauce tomate pour les cuissons courtes, facile et rapide \u00e0 r\u00e9chauffer \u00e0 feu doux ou simplement au micro-onde. A d\u00e9guster en tant que sauce simple ou \u00e0 accommoder de vos ingr\u00e9dients signatures pour r\u00e9aliser vos propres recettes !<br>Go\u00fbtez la diff\u00e9rence avec Mutti !<\/p>\n\n\n<\/div><\/div>\n\n\n<div\n  class=\"acf-how-is-it-made alignwide text-center \"\n  data-vue-wrapper\n  >\n      <h2>QUEL EST SON MODE DE PRODUCTION?<\/h2>\n  \n  <slideshow :slides-per-view=\"3\" :slides-per-view-sm=\"1\" :slides-per-view-md=\"2\" name=\"How is it made\" class=\"mb-8\">\n      <\/slideshow>\n\n      <p class=\"is-style-cursive text-5xl\">Pour en savoir plus sur nos modes de production, consultez la page<\/p>\n  \n      <h3>\n      <a href=\"https:\/\/mutti-parma.com\/can-fr\/de-nos-champs-a-lassiette\/\" target=\"\">De nos champs \u00e0 l\u2019assiette<\/a>\n    <\/h3>\n  <\/div>\n\n\n\n\n\n<hr class=\"wp-block-separator has-alpha-channel-opacity alignwide\"\/>\n\n\n<div class=\"acf-comments alignwide my-8\">\n  <div class=\"flex flex-wrap mb-4 items-center text-center sm:text-left px-0 sm:px-2 md:px-0\">\n    <h3 class=\"w-full sm:w-auto is-style-cursive text-primary my-0 leading-none\">Share and review<\/h3>\n    <div class=\"w-full sm:w-auto flex-auto mt-1 sm:ml-8\">\n          <\/div>\n\n          <div class=\"mx-auto sm:ml-0 mt-3 sm:mt-0\">\n                  <div\n  class=\"shariff\"\n  data-button-style=\"icon\"\n  data-mail-body=\"https:\/\/mutti-parma.com\/can-fr\/produits\/sauce-tomate-au-basilic-aop-de-genes\/\"\n  data-mail-subject=\"Sauce Tomate au Basilic AOP de G\u00eanes - Mutti\"\n  data-mail-url=\"mailto:\"\n  data-media-url=\"https:\/\/mutti-parma.com\/app\/uploads\/sites\/21\/2023\/06\/64315-pasta-sauce-680g-660-ml-basilico-can--9625-101-1.png\"\n  data-services=\"[&#039;facebook&#039;, &#039;twitter&#039;, &#039;whatsapp&#039;, &#039;pinterest&#039;, &#039;mail&#039;]\"\n><\/div>\n              <\/div>\n      <\/div>\n\n  <div>\n                <\/div>\n<\/div>\n\n\n\n<hr class=\"wp-block-separator has-alpha-channel-opacity alignwide\"\/>\n\n\n\n<div class=\"wp-block-group alignwide is-style-default\"><div class=\"wp-block-group__inner-container is-layout-flow wp-block-group-is-layout-flow\">\n<div class=\"wp-block-columns alignwide is-layout-flex wp-container-core-columns-is-layout-9d6595d7 wp-block-columns-is-layout-flex\">\n<div class=\"wp-block-column is-layout-flow wp-block-column-is-layout-flow\">\n<h2 class=\"wp-block-heading\" id=\"sustainability\">Durabilit\u00e9<\/h2>\n\n\n\n<p class=\"is-style-cursive\">Pour nous, durabilit\u00e9 est synonyme de respect de la terre<\/p>\n\n\n\n<h4 class=\"wp-block-heading\">Coop\u00e9ration avec le WWF<\/h4>\n\n\n\n<p>Mutti a travaill\u00e9 en \u00e9troite collaboration avec le WWF Italie afin d\u2019aider les agriculteurs \u00e0 trouver des mani\u00e8res durables de r\u00e9duire leur consommation d\u2019eau et leurs \u00e9missions de CO2. Le WWF italien a non seulement fix\u00e9 des objectifs, mais il a \u00e9galement permis aux agriculteurs d\u2019analyser et d\u2019examiner les donn\u00e9es obtenues afin d\u2019identifier les mesures qu\u2019ils pouvaient prendre. L\u2019organisation a par exemple recommand\u00e9 d\u2019utiliser des capteurs sp\u00e9ciaux qui mesurent l\u2019humidit\u00e9 du sol et donnent des informations utiles pour rationaliser la consommation d\u2019eau. <br><br>Mutti a investi dans la technologie, l\u2019\u00e9ducation et l\u2019assistance technique n\u00e9cessaires aux agriculteurs et aux organisations agricoles. M\u00eame apr\u00e8s la fin de notre projet de cinq ans, nous sommes rest\u00e9s plus engag\u00e9s que jamais afin de minimiser notre impact sur l\u2019environnement et d\u2019am\u00e9liorer chaque \u00e9tape de notre production.<\/p>\n\n\n\n<figure class=\"wp-block-image size-medium is-resized\"><img loading=\"lazy\" decoding=\"async\" src=\"\/app\/uploads\/sites\/3\/2019\/09\/logo-wwf-500x288.png\" alt=\"\" class=\"wp-image-30000078\" width=\"156\" height=\"89\" \/><\/figure>\n<\/div>\n\n\n\n<div class=\"wp-block-column is-layout-flow wp-block-column-is-layout-flow\">\n<div class=\"wp-block-group has-green-background-color has-background\"><div class=\"wp-block-group__inner-container is-layout-flow wp-block-group-is-layout-flow\">\n<h2 class=\"has-text-align-center wp-block-heading\">R\u00c9SULTATS<\/h2>\n\n\n\n<div class=\"wp-block-columns is-layout-flex wp-container-core-columns-is-layout-9d6595d7 wp-block-columns-is-layout-flex\">\n<div class=\"wp-block-column is-layout-flow wp-block-column-is-layout-flow\">\n<div class=\"wp-block-image\"><figure class=\"aligncenter size-large is-resized\"><img loading=\"lazy\" decoding=\"async\" src=\"https:\/\/mutti-parma.com\/app\/uploads\/sites\/3\/2019\/09\/icon-sustainable-water.svg\" alt=\"\" class=\"wp-image-30000085\" width=\"53\" height=\"91\" \/><\/figure><\/div>\n\n\n\n<h4 class=\"has-text-align-center wp-block-heading\"> 1 000 millions de litres d\u2019eau \u00e9conomis\u00e9s* <\/h4>\n\n\n\n<p class=\"has-text-align-center has-sm-font-size\">*entre 2012 et 2014 (Source : donn\u00e9es recueillies par le WWF et le Centre euro-m\u00e9diterran\u00e9en sur le changement climatique en Italie)<\/p>\n<\/div>\n\n\n\n<div class=\"wp-block-column is-layout-flow wp-block-column-is-layout-flow\">\n<div class=\"wp-block-image\"><figure class=\"aligncenter size-large is-resized\"><img loading=\"lazy\" decoding=\"async\" src=\"https:\/\/mutti-parma.com\/app\/uploads\/sites\/3\/2019\/09\/icon-sustainable-co2.svg\" alt=\"\" class=\"wp-image-30000086\" width=\"114\" height=\"88\" \/><\/figure><\/div>\n\n\n\n<h4 class=\"has-text-align-center wp-block-heading\"> 31 530 tonnes de CO2 (dioxyde de carbone) \u00e9vit\u00e9es.<\/h4>\n\n\n\n<p class=\"has-text-align-center has-sm-font-size\">*entre 2010 et 2015 par rapport aux niveaux de 2009 (Source : donn\u00e9es recueillies par le WWF et le groupe d\u2019efficacit\u00e9 \u00e9nerg\u00e9tique Officinae Verdi)<\/p>\n<\/div>\n<\/div>\n<\/div><\/div>\n<\/div>\n<\/div>\n<\/div><\/div>\n\n\n\n<p class=\"has-text-align-center is-style-cursive has-xxl-font-size\"><br>Maintenant que vous en savez plus sur nos produits, il est l\u2019heure de cuisiner.<\/p>\n\n\n\n<h2 class=\"wp-block-heading has-text-align-center\" id=\"howtouse\">COMMENT CUISINER CE PRODUIT ?<\/h2>\n\n\n\n<p class=\"has-text-align-center\"><strong>Que faire avec de la sauce tomate ?<\/strong><br>La sauce tomate et Basilic AOP de G\u00eanes Mutti&nbsp;est une combinaison de Basilic AOP frais, r\u00e9colt\u00e9 \u00e0 la main, et de Polpa Mutti. R\u00e9alisez de nombreuses recettes m\u00e9diterran\u00e9ennes \u00e0 base de sauce tomate cuisin\u00e9e, faciles et rapides \u00e0 pr\u00e9parer !<br><br>Go\u00fbtez la diff\u00e9rence avec Mutti!<\/p>\n\n\n\n<p class=\"has-text-align-center has-primary-color has-text-color\">Id\u00e9ale pour : accompagner vos p\u00e2tes, riz, c\u00e9r\u00e9ales, viandes ou poisson.<br><\/p>\n\n\n\n\n<div class=\"acf-related-products mb-8 lg:mb-16 \" data-vue-wrapper>\n      <h3 class=\"text-center\">AUTRES PRODUITS DE LA GAMME<\/h3>\n  \n      <slideshow :slides-per-view=\"3\" :navigation=\"true\" class=\"mx-8 lg:-mx-12\" name=\"Related Products\">\n              <div class=\"swiper-slide\">\n          <div class=\"text-center hover:lift-img mx-auto max-w-28\">\n      <a href=\"https:\/\/mutti-parma.com\/can-fr\/produits\/sauce-tomate-et-parmigiano-reggiano\/\" class=\"block\">\n            <div class=\"responsive-embed is-contain\" style=\"padding-bottom: 188.23529411765%;\"><img decoding=\"async\" width=\"1678\" height=\"2460\" src=\"https:\/\/mutti-parma.com\/app\/uploads\/sites\/21\/2023\/06\/9623-211007-mutti-parmigiano-680g-canada-9623-101-1.png\" class=\"inline-block mt-2 wp-image-1340\" alt=\"Sauce Tomate et Parmigiano Reggiano\" sizes=\"auto, 126px\" data-spai-crop=\"false\" title=\"Sauce Tomate et Parmigiano Reggiano\" srcset=\"https:\/\/mutti-parma.com\/app\/uploads\/sites\/21\/2023\/06\/9623-211007-mutti-parmigiano-680g-canada-9623-101-1.png 1678w, https:\/\/mutti-parma.com\/app\/uploads\/sites\/21\/2023\/06\/9623-211007-mutti-parmigiano-680g-canada-9623-101-1-341x500.png 341w, https:\/\/mutti-parma.com\/app\/uploads\/sites\/21\/2023\/06\/9623-211007-mutti-parmigiano-680g-canada-9623-101-1-698x1024.png 698w, https:\/\/mutti-parma.com\/app\/uploads\/sites\/21\/2023\/06\/9623-211007-mutti-parmigiano-680g-canada-9623-101-1-136x200.png 136w, https:\/\/mutti-parma.com\/app\/uploads\/sites\/21\/2023\/06\/9623-211007-mutti-parmigiano-680g-canada-9623-101-1-768x1126.png 768w, https:\/\/mutti-parma.com\/app\/uploads\/sites\/21\/2023\/06\/9623-211007-mutti-parmigiano-680g-canada-9623-101-1-150x220.png 150w, https:\/\/mutti-parma.com\/app\/uploads\/sites\/21\/2023\/06\/9623-211007-mutti-parmigiano-680g-canada-9623-101-1-600x880.png 600w, https:\/\/mutti-parma.com\/app\/uploads\/sites\/21\/2023\/06\/9623-211007-mutti-parmigiano-680g-canada-9623-101-1-1048x1536.png 1048w, https:\/\/mutti-parma.com\/app\/uploads\/sites\/21\/2023\/06\/9623-211007-mutti-parmigiano-680g-canada-9623-101-1-1397x2048.png 1397w\" loading=\"lazy\" \/><\/div>\n    <\/a>\n  \n  <a class=\"block underline mb-2 mt-2\" href=\"https:\/\/mutti-parma.com\/can-fr\/produits\/sauce-tomate-et-parmigiano-reggiano\/\">\n    <h3 class=\"h4\">Sauce Tomate et Parmigiano Reggiano<\/h3>\n  <\/a>\n\n      <a class=\"block hover:no-underline text-inherit\" href=\"https:\/\/mutti-parma.com\/can-fr\/produits\/sauce-tomate-et-parmigiano-reggiano\/\">\n      Sauce tomate cuisin\u00e9e\n    <\/a>\n  <\/div>\n        <\/div>\n              <div class=\"swiper-slide\">\n          <div class=\"text-center hover:lift-img mx-auto max-w-28\">\n      <a href=\"https:\/\/mutti-parma.com\/can-fr\/produits\/sauce-tomate-marinara\/\" class=\"block\">\n            <div class=\"responsive-embed is-contain\" style=\"padding-bottom: 188.23529411765%;\"><img decoding=\"async\" width=\"1678\" height=\"2460\" src=\"https:\/\/mutti-parma.com\/app\/uploads\/sites\/21\/2023\/11\/64316-pasta-sauce-680g-660ml-marinara-can-9627-100-1.png\" class=\"inline-block mt-2 wp-image-1615\" alt=\"Sauce Tomate Marinara\" sizes=\"auto, 126px\" data-spai-crop=\"false\" title=\"Sauce Tomate Marinara\" srcset=\"https:\/\/mutti-parma.com\/app\/uploads\/sites\/21\/2023\/11\/64316-pasta-sauce-680g-660ml-marinara-can-9627-100-1.png 1678w, https:\/\/mutti-parma.com\/app\/uploads\/sites\/21\/2023\/11\/64316-pasta-sauce-680g-660ml-marinara-can-9627-100-1-341x500.png 341w, https:\/\/mutti-parma.com\/app\/uploads\/sites\/21\/2023\/11\/64316-pasta-sauce-680g-660ml-marinara-can-9627-100-1-698x1024.png 698w, https:\/\/mutti-parma.com\/app\/uploads\/sites\/21\/2023\/11\/64316-pasta-sauce-680g-660ml-marinara-can-9627-100-1-136x200.png 136w, https:\/\/mutti-parma.com\/app\/uploads\/sites\/21\/2023\/11\/64316-pasta-sauce-680g-660ml-marinara-can-9627-100-1-768x1126.png 768w, https:\/\/mutti-parma.com\/app\/uploads\/sites\/21\/2023\/11\/64316-pasta-sauce-680g-660ml-marinara-can-9627-100-1-150x220.png 150w, https:\/\/mutti-parma.com\/app\/uploads\/sites\/21\/2023\/11\/64316-pasta-sauce-680g-660ml-marinara-can-9627-100-1-600x880.png 600w, https:\/\/mutti-parma.com\/app\/uploads\/sites\/21\/2023\/11\/64316-pasta-sauce-680g-660ml-marinara-can-9627-100-1-1048x1536.png 1048w, https:\/\/mutti-parma.com\/app\/uploads\/sites\/21\/2023\/11\/64316-pasta-sauce-680g-660ml-marinara-can-9627-100-1-1397x2048.png 1397w\" loading=\"lazy\" \/><\/div>\n    <\/a>\n  \n  <a class=\"block underline mb-2 mt-2\" href=\"https:\/\/mutti-parma.com\/can-fr\/produits\/sauce-tomate-marinara\/\">\n    <h3 class=\"h4\">Sauce Tomate Marinara<\/h3>\n  <\/a>\n\n      <a class=\"block hover:no-underline text-inherit\" href=\"https:\/\/mutti-parma.com\/can-fr\/produits\/sauce-tomate-marinara\/\">\n      Sauce tomate cuisin\u00e9e\n    <\/a>\n  <\/div>\n        <\/div>\n          <\/slideshow>\n  <\/div>\n\n\n","protected":false},"excerpt":{"rendered":"<p>Maintenant que vous en savez plus sur nos produits, il est l\u2019heure de cuisiner. COMMENT CUISINER CE PRODUIT ? Que faire avec de la sauce tomate ?La sauce tomate et Basilic AOP de G\u00eanes Mutti&nbsp;est une combinaison de Basilic AOP frais, r\u00e9colt\u00e9 \u00e0 la main, et de Polpa Mutti. R\u00e9alisez de nombreuses recettes m\u00e9diterran\u00e9ennes \u00e0<\/p>\n","protected":false},"featured_media":1310,"comment_status":"open","ping_status":"closed","template":"","product_category":[215],"class_list":["post-1306","product","type-product","status-publish","has-post-thumbnail","hentry","product_category-product-category-1566"],"acf":[],"_links":{"self":[{"href":"https:\/\/mutti-parma.com\/can-fr\/wp-json\/wp\/v2\/product\/1306","targetHints":{"allow":["GET"]}}],"collection":[{"href":"https:\/\/mutti-parma.com\/can-fr\/wp-json\/wp\/v2\/product"}],"about":[{"href":"https:\/\/mutti-parma.com\/can-fr\/wp-json\/wp\/v2\/types\/product"}],"replies":[{"embeddable":true,"href":"https:\/\/mutti-parma.com\/can-fr\/wp-json\/wp\/v2\/comments?post=1306"}],"version-history":[{"count":43,"href":"https:\/\/mutti-parma.com\/can-fr\/wp-json\/wp\/v2\/product\/1306\/revisions"}],"predecessor-version":[{"id":2037,"href":"https:\/\/mutti-parma.com\/can-fr\/wp-json\/wp\/v2\/product\/1306\/revisions\/2037"}],"wp:featuredmedia":[{"embeddable":true,"href":"https:\/\/mutti-parma.com\/can-fr\/wp-json\/wp\/v2\/media\/1310"}],"wp:attachment":[{"href":"https:\/\/mutti-parma.com\/can-fr\/wp-json\/wp\/v2\/media?parent=1306"}],"wp:term":[{"taxonomy":"product_category","embeddable":true,"href":"https:\/\/mutti-parma.com\/can-fr\/wp-json\/wp\/v2\/product_category?post=1306"}],"curies":[{"name":"wp","href":"https:\/\/api.w.org\/{rel}","templated":true}]}}