{"id":726,"date":"2019-12-18T13:56:02","date_gmt":"2019-12-18T13:56:02","guid":{"rendered":"https:\/\/mutti-parma.com\/can-fr\/?post_type=product&#038;p=726"},"modified":"2023-11-30T09:51:28","modified_gmt":"2023-11-30T09:51:28","slug":"sauce-pizza","status":"publish","type":"product","link":"https:\/\/mutti-parma.com\/can-fr\/produits\/sauce-pizza\/","title":{"rendered":"Sauce Pizza Aromatis\u00e9e"},"content":{"rendered":"\n<div style=\"--media-width: 50\" class=\"wp-block-media-text alignwide has-media-on-the-right is-stacked-on-mobile is-style-hero has-background-image\"><img loading=\"lazy\" decoding=\"async\" class=\"wp-block-media-text__background\" alt=\"\" data-spai-crop=\"true\" src=\"https:\/\/mutti-parma.com\/app\/uploads\/sites\/3\/2019\/09\/texture-banner-mutti-pizza-sauce.jpg\" \/><div class=\"wp-block-media-text__content\"><div class=\"acf-breadcrumb my-4 md:my-8 text-center md:text-left\">\n  <nav>\n  <ol class=\"list-none text-md\">\n                  <li class=\"inline\">\n                      <a class=\"text-inherit\" href=\"https:\/\/mutti-parma.com\/can-fr\/\">\n              Accueil\n            <\/a>\n                                <span aria-hidden=\"true\">\/&nbsp;<\/span>\n                  <\/li>\n                        <li class=\"inline\">\n                      <a class=\"text-inherit\" href=\"https:\/\/mutti-parma.com\/can-fr\/produits\/\">\n              Products\n            <\/a>\n                            <\/li>\n            <\/ol>\n<\/nav>\n<\/div>\n\n\n\n<h1 class=\"wp-block-heading has-primary-color has-text-color\">Sauce Pizza Aromatis\u00e9e<\/h1>\n\n\n\n<p class=\"is-style-cursive has-xxl-font-size\">Sauce Pour Pizza<\/p>\n\n\n\n<p>La Sauce pour Pizza Aromatis\u00e9e Mutti est une riche combinaison de tomates 100 % italiennes m\u00fbries au soleil et d\u2019ingr\u00e9dients traditionnels : basilic aromatique, origan et oignon. Elle s\u2019\u00e9tale uniform\u00e9ment sur la pizza et lui donne un ar\u00f4me captivant et une couleur et un go\u00fbt intenses. Dense et concentr\u00e9e \u00e0 30 %, elle peut \u00eatre dilu\u00e9e dans l\u2019eau sans perdre sa richesse et sa consistance. Ce produit hautement performant optimise l\u2019efficacit\u00e9 du travail dans les cuisines commerciales. Les restaurateurs qui recherchent une belle consistance utilisent la Sauce pour Pizza Aromatica Mutti pour la plus grande satisfaction de leurs clients.<\/p>\n\n\n\n\n<div class=\"acf-characteristics\">\n  <div class=\"flex flex-wrap -m-2 justify-center sm:justify-between\">\n          <div class=\"m-2 w-24 text-center\">\n        <div style=\"height: 41px; width: 80px;\" class=\"mx-auto flex items-end justify-center mx-auto\">\n                      <img decoding=\"async\" width=\"90\" height=\"24\" src=\"https:\/\/mutti-parma.com\/app\/uploads\/sites\/3\/2021\/04\/icon-characteristics-color-vibrant-red-v2.svg\" class=\"w-full wp-image-300000416 attachment-full size-full\" alt=\"cooking symbol\" style=\"max-height: 43px; max-width: 80px;\" loading=\"lazy\" \/>\n                  <\/div>\n        <p class=\"h6 text-inherit mt-3\">Couleur rouge vibrant<\/p>\n      <\/div>\n          <div class=\"m-2 w-24 text-center\">\n        <div style=\"height: 41px; width: 80px;\" class=\"mx-auto flex items-end justify-center mx-auto\">\n                      <img decoding=\"async\" width=\"220\" height=\"168\" src=\"https:\/\/mutti-parma.com\/app\/uploads\/sites\/3\/2019\/09\/icon-characteristics-texture-rich.svg\" class=\"w-full wp-image-300000104 attachment-full size-full\" alt=\"cooking symbol\" style=\"max-height: 43px; max-width: 80px;\" loading=\"lazy\" \/>\n                  <\/div>\n        <p class=\"h6 text-inherit mt-3\">Texture riche<\/p>\n      <\/div>\n      <\/div>\n<\/div>\n<\/div><figure class=\"wp-block-media-text__media\"><img loading=\"lazy\" decoding=\"async\" width=\"640\" height=\"800\" src=\"https:\/\/mutti-parma.com\/app\/uploads\/sites\/21\/2019\/12\/removal.ai-e39d7b61-f996-49cd-bbef-6d5214ef283c-65058-pizza-sauce-aromatizzata-canada-400g-rev-fr.png\" alt=\"\" class=\"wp-image-1828 size-full\" sizes=\"(min-width: 1440px) 528px,37vw\" data-spai-crop=\"false\" srcset=\"https:\/\/mutti-parma.com\/app\/uploads\/sites\/21\/2019\/12\/removal.ai-e39d7b61-f996-49cd-bbef-6d5214ef283c-65058-pizza-sauce-aromatizzata-canada-400g-rev-fr.png 640w, https:\/\/mutti-parma.com\/app\/uploads\/sites\/21\/2019\/12\/removal.ai-e39d7b61-f996-49cd-bbef-6d5214ef283c-65058-pizza-sauce-aromatizzata-canada-400g-rev-fr-400x500.png 400w, https:\/\/mutti-parma.com\/app\/uploads\/sites\/21\/2019\/12\/removal.ai-e39d7b61-f996-49cd-bbef-6d5214ef283c-65058-pizza-sauce-aromatizzata-canada-400g-rev-fr-160x200.png 160w, https:\/\/mutti-parma.com\/app\/uploads\/sites\/21\/2019\/12\/removal.ai-e39d7b61-f996-49cd-bbef-6d5214ef283c-65058-pizza-sauce-aromatizzata-canada-400g-rev-fr-150x188.png 150w, https:\/\/mutti-parma.com\/app\/uploads\/sites\/21\/2019\/12\/removal.ai-e39d7b61-f996-49cd-bbef-6d5214ef283c-65058-pizza-sauce-aromatizzata-canada-400g-rev-fr-600x750.png 600w\" \/><\/figure><\/div>\n\n\n<div class=\"acf-product-nutrition-tabs alignwide\">\n  <div class=\"\">\n    <ul class=\"list-none flex justify-center sm:justify-left\">\n              <li class=\"mr-4\">\n          <a href=\"javascript: void(0)\" data-toggle=\"nutrition\" class=\"btn-outline \" data-gtm-track data-gtm-event=\"GAevent\" data-gtm-event-id=\"13\" data-gtm-category=\"recipe_information\" data-gtm-action=\"nutrition\" data-gtm-label=\"sauce_pizza_aromatis%c3%a9e\">\n            Informations nutritionnelles\n          <\/a>\n        <\/li>\n                    <li>\n          <a href=\"#howtouse\" class=\"btn-outline \" data-gtm-track data-gtm-event=\"GAevent\" data-gtm-event-id=\"13\" data-gtm-category=\"recipe_information\" data-gtm-action=\"how_to_use\" data-gtm-label=\"sauce_pizza_aromatis%c3%a9e\">\n            Comment cuisiner ce produit ? \n          <\/a>\n        <\/li>\n      \n          <\/ul>\n  <\/div>\n\n      <div class=\"flex flex-wrap mt-8 mb-4 hidden\" id=\"nutrition\">\n      <div class=\"w-full sm:w-1\/2\">\n        <p>Elabor\u00e9es exclusivement \u00e0 partir de tomates cultiv\u00e9es en Italie l\u2019\u00e9t\u00e9 en<br \/>\nplein champs, la sauce pizza Mutti garantit un maximum de fra\u00eecheur<br \/>\net de saveurs \u00e0 vos pizzas. Leur consistance riche et dense assure un meilleur r\u00e9sultat en cuisine.<\/p>\n<p><strong>Ingr\u00e9dients:<\/strong> Tomate 82,4%, Eau, Sel, Basilic 0,05%, Origan 0,04%, Oignons, Ar\u00f4me naturel.<\/p>\n\n      <\/div>\n      <div class=\"w-full mt-8 sm:mt-0 sm:w-1\/2 sm:pl-8 md:pl-16\">\n        \n          <table class=\"w-full\">\n            <thead>\n              <tr class=\"border-b\">\n                <th colspan=\"2\" class=\"py-2 text-left\">Nutritional values \/ 1\/4 tasse (60 mL)<\/thead>\n              <\/tr>\n            <\/thead>\n            <tbody>\n                              <tr class=\"border-b\">\n                  <th class=\"py-2 text-left font-normal\"><\/th>\n                  <td class=\"py-2 text-right\">% valeur quotidienne*<\/td>\n                <\/tr>\n                              <tr class=\"border-b\">\n                  <th class=\"py-2 text-left font-normal\">Calories<\/th>\n                  <td class=\"py-2 text-right\">20<\/td>\n                <\/tr>\n                              <tr class=\"border-b\">\n                  <th class=\"py-2 text-left font-normal\">Lipides<\/th>\n                  <td class=\"py-2 text-right\">0g (0%)<\/td>\n                <\/tr>\n                              <tr class=\"border-b\">\n                  <th class=\"py-2 text-left font-normal\">\u2013 Satur\u00e9s<\/th>\n                  <td class=\"py-2 text-right\">0g (0%)<\/td>\n                <\/tr>\n                              <tr class=\"border-b\">\n                  <th class=\"py-2 text-left font-normal\">+ Trans<\/th>\n                  <td class=\"py-2 text-right\">0g (0%)<\/td>\n                <\/tr>\n                              <tr class=\"border-b\">\n                  <th class=\"py-2 text-left font-normal\">Glucides<\/th>\n                  <td class=\"py-2 text-right\">3g<\/td>\n                <\/tr>\n                              <tr class=\"border-b\">\n                  <th class=\"py-2 text-left font-normal\">&#8211; Fibres<\/th>\n                  <td class=\"py-2 text-right\">2g (7%)<\/td>\n                <\/tr>\n                              <tr class=\"border-b\">\n                  <th class=\"py-2 text-left font-normal\">\u2013 Sucres<\/th>\n                  <td class=\"py-2 text-right\">3g (3%)<\/td>\n                <\/tr>\n                              <tr class=\"border-b\">\n                  <th class=\"py-2 text-left font-normal\">Prot\u00e9ines<\/th>\n                  <td class=\"py-2 text-right\">1g<\/td>\n                <\/tr>\n                              <tr class=\"border-b\">\n                  <th class=\"py-2 text-left font-normal\">Cholest\u00e9rol<\/th>\n                  <td class=\"py-2 text-right\">0mg<\/td>\n                <\/tr>\n                              <tr class=\"border-b\">\n                  <th class=\"py-2 text-left font-normal\">Sodium<\/th>\n                  <td class=\"py-2 text-right\">190mg (8%)<\/td>\n                <\/tr>\n                              <tr class=\"border-b\">\n                  <th class=\"py-2 text-left font-normal\">Potassium<\/th>\n                  <td class=\"py-2 text-right\">250mg (5%)<\/td>\n                <\/tr>\n                              <tr class=\"border-b\">\n                  <th class=\"py-2 text-left font-normal\">Calcium<\/th>\n                  <td class=\"py-2 text-right\">20mg (2%)<\/td>\n                <\/tr>\n                              <tr class=\"border-b\">\n                  <th class=\"py-2 text-left font-normal\">Fer<\/th>\n                  <td class=\"py-2 text-right\">0.3mg (2%)<\/td>\n                <\/tr>\n                              <tr class=\"border-b\">\n                  <th class=\"py-2 text-left font-normal\">*5% ou moins c&#039;est peu, 15% ou plus c&#039;est beaucoup<\/th>\n                  <td class=\"py-2 text-right\"><\/td>\n                <\/tr>\n                          <\/tbody>\n          <\/table>\n              <\/div>\n    <\/div>\n  <\/div>\n\n\n\n<div class=\"wp-block-media-text alignwide\" style=\"grid-template-columns:31% auto\"><figure class=\"wp-block-media-text__media\"><img loading=\"lazy\" decoding=\"async\" src=\"https:\/\/mutti-parma.com\/app\/uploads\/sites\/3\/2019\/10\/category-cuisine-italian-1024x1024.jpg\" alt=\"italian food, see our italian recipes\" class=\"wp-image-300000279 size-full\" sizes=\"(max-width: 600px) 100vw, (min-width: 1440px) 446px,31vw\" data-spai-crop=\"false\" srcset=\"https:\/\/mutti-parma.com\/app\/uploads\/sites\/3\/2019\/10\/category-cuisine-italian-1024x1024.jpg 1024w, https:\/\/mutti-parma.com\/app\/uploads\/sites\/3\/2019\/10\/category-cuisine-italian-200x200.jpg 200w, https:\/\/mutti-parma.com\/app\/uploads\/sites\/3\/2019\/10\/category-cuisine-italian-500x500.jpg 500w, https:\/\/mutti-parma.com\/app\/uploads\/sites\/3\/2019\/10\/category-cuisine-italian-768x768.jpg 768w, https:\/\/mutti-parma.com\/app\/uploads\/sites\/3\/2019\/10\/category-cuisine-italian-150x150.jpg 150w, https:\/\/mutti-parma.com\/app\/uploads\/sites\/3\/2019\/10\/category-cuisine-italian-600x600.jpg 600w, https:\/\/mutti-parma.com\/app\/uploads\/sites\/3\/2019\/10\/category-cuisine-italian-50x50.jpg 50w, https:\/\/mutti-parma.com\/app\/uploads\/sites\/3\/2019\/10\/category-cuisine-italian.jpg 1200w\" \/><\/figure><div class=\"wp-block-media-text__content\">\n<h2 class=\"wp-block-heading\">D\u00c9COUVREZ NOTRE SAUCE \u00c0 PIZZA<\/h2>\n\n\n\n<p class=\"is-style-cursive has-xxl-font-size\">Une sauce pizza italienne au go\u00fbt authentique<\/p>\n\n\n\n<p>La Sauce Pizza Aromatis\u00e9e&nbsp;est une sauce pizza italienne au go\u00fbt inimitable, d\u00e9licatement parfum\u00e9e \u00e0 l\u2019origan et au basilic, dans le respect des traditions culinaires italiennes.<br><br>La sauce \u00e0 pizza Mutti sera indispensable pour maitriser l\u2019art de la v\u00e9ritable pizza italienne ! Pr\u00eate \u00e0 l\u2019emploi, elle vous permettra de r\u00e9aliser de d\u00e9licieuses pizza maison \u00e0 partager en famille ou entre amis. Sa texture riche et lisse vous permettra de l\u2019utiliser en toute homog\u00e9n\u00e9it\u00e9, pour toutes vos pr\u00e9parations. \u00c9labor\u00e9es exclusivement \u00e0 partir de tomates cultiv\u00e9es en Italie l\u2019\u00e9t\u00e9 en plein champs, notre sauce tomate pour pizza en conserve garantit un maximum de fra\u00eecheur et de saveurs \u00e0 vos pizzas. Par ailleurs, notre sauce pizza ne contient pas de mati\u00e8res grasses ajout\u00e9es&nbsp;!<br><br>Etes-vous pr\u00eats \u00e0 mettre la main \u00e0 la p\u00e2te ?<\/p>\n\n\n<\/div><\/div>\n\n\n<div\n  class=\"acf-how-is-it-made alignwide text-center \"\n  data-vue-wrapper\n  >\n      <h2>QUEL EST SON MODE DE PRODUCTION?<\/h2>\n  \n  <slideshow :slides-per-view=\"3\" :slides-per-view-sm=\"1\" :slides-per-view-md=\"2\" name=\"How is it made\" class=\"mb-8\">\n      <\/slideshow>\n\n      <p class=\"is-style-cursive text-5xl\">Pour en savoir plus sur nos modes de production,<\/p>\n  \n      <h3> <a href=\"https:\/\/mutti-parma.com\/can-fr\/de-nos-champs-a-lassiette\/\">VISITER LA PAGE PROCESSUS<\/a>\r\n <\/h3>\n  <\/div>\n\n\n\n\n\n<hr class=\"wp-block-separator has-css-opacity alignwide\"\/>\n\n\n<div class=\"acf-comments alignwide my-8\">\n  <div class=\"flex flex-wrap mb-4 items-center text-center sm:text-left px-0 sm:px-2 md:px-0\">\n    <h3 class=\"w-full sm:w-auto is-style-cursive text-primary my-0 leading-none\">Share and review<\/h3>\n    <div class=\"w-full sm:w-auto flex-auto mt-1 sm:ml-8\">\n          <\/div>\n\n          <div class=\"mx-auto sm:ml-0 mt-3 sm:mt-0\">\n                  <div\n  class=\"shariff\"\n  data-button-style=\"icon\"\n  data-mail-body=\"https:\/\/mutti-parma.com\/can-fr\/produits\/sauce-pizza\/\"\n  data-mail-subject=\"Sauce Pizza Aromatis\u00e9e - Mutti\"\n  data-mail-url=\"mailto:\"\n  data-media-url=\"https:\/\/mutti-parma.com\/app\/uploads\/sites\/21\/2019\/12\/removal.ai-e39d7b61-f996-49cd-bbef-6d5214ef283c-65058-pizza-sauce-aromatizzata-canada-400g-rev-fr.png\"\n  data-services=\"[&#039;facebook&#039;, &#039;twitter&#039;, &#039;whatsapp&#039;, &#039;pinterest&#039;, &#039;mail&#039;]\"\n><\/div>\n              <\/div>\n      <\/div>\n\n  <div>\n                <\/div>\n<\/div>\n\n\n\n<hr class=\"wp-block-separator has-css-opacity alignwide\"\/>\n\n\n\n<div class=\"wp-block-group alignwide is-style-default\"><div class=\"wp-block-group__inner-container is-layout-flow wp-block-group-is-layout-flow\">\n<div class=\"wp-block-columns alignwide is-layout-flex wp-container-core-columns-is-layout-9d6595d7 wp-block-columns-is-layout-flex\">\n<div class=\"wp-block-column is-layout-flow wp-block-column-is-layout-flow\">\n<h2 class=\"wp-block-heading\" id=\"sustainability\">Durabilit\u00e9<\/h2>\n\n\n\n<p class=\"is-style-cursive\">Pour nous, durabilit\u00e9 est synonyme de respect de la terre<\/p>\n\n\n\n<h4 class=\"wp-block-heading\">Coop\u00e9ration avec le WWF<\/h4>\n\n\n\n<p>Mutti a travaill\u00e9 en \u00e9troite collaboration avec le WWF Italie afin d\u2019aider les agriculteurs \u00e0 trouver des mani\u00e8res durables de r\u00e9duire leur consommation d\u2019eau et leurs \u00e9missions de CO2. Le WWF italien a non seulement fix\u00e9 des objectifs, mais il a \u00e9galement permis aux agriculteurs d\u2019analyser et d\u2019examiner les donn\u00e9es obtenues afin d\u2019identifier les mesures qu\u2019ils pouvaient prendre. L\u2019organisation a par exemple recommand\u00e9 d\u2019utiliser des capteurs sp\u00e9ciaux qui mesurent l\u2019humidit\u00e9 du sol et donnent des informations utiles pour rationaliser la consommation d\u2019eau. <br><br>Mutti a investi dans la technologie, l\u2019\u00e9ducation et l\u2019assistance technique n\u00e9cessaires aux agriculteurs et aux organisations agricoles. M\u00eame apr\u00e8s la fin de notre projet de cinq ans, nous sommes rest\u00e9s plus engag\u00e9s que jamais afin de minimiser notre impact sur l\u2019environnement et d\u2019am\u00e9liorer chaque \u00e9tape de notre production.<\/p>\n\n\n\n<figure class=\"wp-block-image size-medium is-resized\"><img loading=\"lazy\" decoding=\"async\" src=\"\/app\/uploads\/sites\/3\/2019\/09\/logo-wwf-500x288.png\" alt=\"\" class=\"wp-image-30000078\" width=\"156\" height=\"89\" \/><\/figure>\n<\/div>\n\n\n\n<div class=\"wp-block-column is-layout-flow wp-block-column-is-layout-flow\">\n<div class=\"wp-block-group has-green-background-color has-background\"><div class=\"wp-block-group__inner-container is-layout-flow wp-block-group-is-layout-flow\">\n<h2 class=\"has-text-align-center wp-block-heading\">R\u00c9SULTATS<\/h2>\n\n\n\n<div class=\"wp-block-columns is-layout-flex wp-container-core-columns-is-layout-9d6595d7 wp-block-columns-is-layout-flex\">\n<div class=\"wp-block-column is-layout-flow wp-block-column-is-layout-flow\">\n<div class=\"wp-block-image\"><figure class=\"aligncenter size-large is-resized\"><img loading=\"lazy\" decoding=\"async\" src=\"https:\/\/mutti-parma.com\/app\/uploads\/sites\/3\/2019\/09\/icon-sustainable-water.svg\" alt=\"\" class=\"wp-image-30000085\" width=\"53\" height=\"91\" \/><\/figure><\/div>\n\n\n\n<h4 class=\"has-text-align-center wp-block-heading\"> 1 000 millions de litres d\u2019eau \u00e9conomis\u00e9s* <\/h4>\n\n\n\n<p class=\"has-text-align-center has-sm-font-size\">*entre 2012 et 2014 (Source : donn\u00e9es recueillies par le WWF et le Centre euro-m\u00e9diterran\u00e9en sur le changement climatique en Italie)<\/p>\n<\/div>\n\n\n\n<div class=\"wp-block-column is-layout-flow wp-block-column-is-layout-flow\">\n<div class=\"wp-block-image\"><figure class=\"aligncenter size-large is-resized\"><img loading=\"lazy\" decoding=\"async\" src=\"https:\/\/mutti-parma.com\/app\/uploads\/sites\/3\/2019\/09\/icon-sustainable-co2.svg\" alt=\"\" class=\"wp-image-30000086\" width=\"114\" height=\"88\" \/><\/figure><\/div>\n\n\n\n<h4 class=\"has-text-align-center wp-block-heading\"> 31 530 tonnes de CO2 (dioxyde de carbone) \u00e9vit\u00e9es.<\/h4>\n\n\n\n<p class=\"has-text-align-center has-sm-font-size\">*entre 2010 et 2015 par rapport aux niveaux de 2009 (Source : donn\u00e9es recueillies par le WWF et le groupe d\u2019efficacit\u00e9 \u00e9nerg\u00e9tique Officinae Verdi)<\/p>\n<\/div>\n<\/div>\n<\/div><\/div>\n<\/div>\n<\/div>\n<\/div><\/div>\n\n\n\n<p class=\"has-text-align-center is-style-cursive has-xxl-font-size\"><br>Maintenant que vous en savez plus sur nos produits, il est l\u2019heure de cuisiner.<\/p>\n\n\n\n<h2 class=\"wp-block-heading has-text-align-center\" id=\"howtouse\">COMMENT LA CUISINER ?<\/h2>\n\n\n\n<p class=\"has-text-align-center\">Une sauce pour pizza pleine de saveurs pour r\u00e9aliser une pizza italienne au go\u00fbt authentique.<\/p>\n\n\n\n<p class=\"has-text-align-center has-primary-color has-text-color\">Id\u00e9ale pour de d\u00e9licieuses pizzas maison<\/p>\n\n\n<div class=\"acf-related-recipes alignwide pb-8 \" data-vue-wrapper>\n      <slideshow :slides-per-view=\"3\" :navigation=\"true\" name=\"Related Recipes\">\n              <div class=\"swiper-slide\">\n          <div class=\"teaser--recipe text-center hover:zoom-img\">\n      <a href=\"https:\/\/mutti-parma.com\/can-fr\/nos-recettes\/pizza-margherita\/\" class=\"relative block mb-4 max-w-96 mx-auto\" aria-hidden=\"true\" tabindex=\"-1\">\n      <div class=\"responsive-embed \" style=\"padding-bottom: 108.79765395894%;\">\n                <img decoding=\"async\" width=\"1871\" height=\"2560\" src=\"https:\/\/mutti-parma.com\/app\/uploads\/sites\/21\/2023\/08\/pizza-margherita-scaled.jpg\" class=\"inline-block wp-image-1372\" alt=\"Pizza margherita\" sizes=\"auto, (max-width: 600px) 72vw, 431px\" data-spai-crop=\"true\" title=\"Pizza margherita\" srcset=\"https:\/\/mutti-parma.com\/app\/uploads\/sites\/21\/2023\/08\/pizza-margherita-scaled.jpg 1871w, https:\/\/mutti-parma.com\/app\/uploads\/sites\/21\/2023\/08\/pizza-margherita-365x500.jpg 365w, https:\/\/mutti-parma.com\/app\/uploads\/sites\/21\/2023\/08\/pizza-margherita-748x1024.jpg 748w, https:\/\/mutti-parma.com\/app\/uploads\/sites\/21\/2023\/08\/pizza-margherita-146x200.jpg 146w, https:\/\/mutti-parma.com\/app\/uploads\/sites\/21\/2023\/08\/pizza-margherita-768x1051.jpg 768w, https:\/\/mutti-parma.com\/app\/uploads\/sites\/21\/2023\/08\/pizza-margherita-150x205.jpg 150w, https:\/\/mutti-parma.com\/app\/uploads\/sites\/21\/2023\/08\/pizza-margherita-600x821.jpg 600w, https:\/\/mutti-parma.com\/app\/uploads\/sites\/21\/2023\/08\/pizza-margherita-1123x1536.jpg 1123w, https:\/\/mutti-parma.com\/app\/uploads\/sites\/21\/2023\/08\/pizza-margherita-1497x2048.jpg 1497w\" loading=\"lazy\" \/>\n      <\/div>\n\n          <\/a>\n  \n  \n      <a class=\"is-style-cursive heading block text-primary leading-none\" href=\"https:\/\/mutti-parma.com\/can-fr\/produits\/sauce-pizza\/\">\n      Sauce Pizza Aromatis\u00e9e\n    <\/a>\n  \n  <a class=\"block my-4\" href=\"https:\/\/mutti-parma.com\/can-fr\/nos-recettes\/pizza-margherita\/\">\n          <h3>Pizza margherita<\/h3>\n      <\/a>\n\n  \n  <div class=\"flex items-center justify-center my-4\">\n    <div class=\"-ml-2 mr-2 pr-4 border-primary border-r-2 pt-2\">\n    <p class=\"flex flex-wrap items-end font-heavy text-primary leading-none justify-center\">\n      <img decoding=\"async\" alt=\"Total time\" class=\"w-10 md:w-12 mx-3 mb-2\" src=\"https:\/\/mutti-parma.com\/app\/themes\/mutti\/dist\/images\/icons\/mutti-product-icons-reduced-cooking-time.svg?id=dc737ade6befaad1eaaf\" width=\"54\" height=\"26\" loading=\"lazy\">\n      <span class=\"mb-2\">\n        25&nbsp;min\n      <\/span>\n    <\/p>\n  <\/div>\n  <div class=\"pt-2\">\n    <p class=\"flex flex-wrap items-end font-heavy uppercase text-primary leading-none justify-center\">\n      <img decoding=\"async\" alt=\"Difficulty\" class=\"w-10 md:w-12 mx-3 mb-2\" src=\"https:\/\/mutti-parma.com\/app\/themes\/mutti\/dist\/images\/icons\/mutti-product-icons-stove-top.svg?id=5f4b0df898a96e10ac63\" width=\"54\" height=\"18\" loading=\"lazy\">\n      <span class=\"mb-2\">\n        Facile\n      <\/span>\n    <\/p>\n  <\/div>\n  <\/div>\n<\/div>\n        <\/div>\n          <\/slideshow>\n  \n  <hr class=\"alignwide wp-block-separator\">\n\n      <p class=\"text-center\">\n      <a class=\"h3 underline\" href=\"https:\/\/mutti-parma.com\/can-fr\/nos-recettes\/\">D\u00e9couvrez toutes nos d\u00e9licieuses recettes <\/a>\n    <\/p>\n  <\/div>\n\n\n<div class=\"acf-related-products mb-8 lg:mb-16 \" data-vue-wrapper>\n      <h3 class=\"text-center\">AUTRES PRODUITS DE LA GAMME<\/h3>\n  \n      <slideshow :slides-per-view=\"3\" :navigation=\"true\" class=\"mx-8 lg:-mx-12\" name=\"Related Products\">\n              <div class=\"swiper-slide\">\n          <div class=\"text-center hover:lift-img mx-auto max-w-28\">\n      <a href=\"https:\/\/mutti-parma.com\/can-fr\/produits\/sauce-pizza-classique\/\" class=\"block\">\n            <div class=\"responsive-embed is-contain\" style=\"padding-bottom: 188.23529411765%;\"><img decoding=\"async\" width=\"800\" height=\"730\" src=\"https:\/\/mutti-parma.com\/app\/uploads\/sites\/21\/2023\/11\/removal.ai-71352910-75d4-48d7-8778-258b2cde3931-immagine-2023-11-29-164859.png\" class=\"inline-block mt-2 wp-image-1795\" alt=\"Sauce Pizza Classique\" sizes=\"auto, 126px\" data-spai-crop=\"false\" title=\"Sauce Pizza Classique\" srcset=\"https:\/\/mutti-parma.com\/app\/uploads\/sites\/21\/2023\/11\/removal.ai-71352910-75d4-48d7-8778-258b2cde3931-immagine-2023-11-29-164859.png 800w, https:\/\/mutti-parma.com\/app\/uploads\/sites\/21\/2023\/11\/removal.ai-71352910-75d4-48d7-8778-258b2cde3931-immagine-2023-11-29-164859-500x456.png 500w, https:\/\/mutti-parma.com\/app\/uploads\/sites\/21\/2023\/11\/removal.ai-71352910-75d4-48d7-8778-258b2cde3931-immagine-2023-11-29-164859-200x183.png 200w, https:\/\/mutti-parma.com\/app\/uploads\/sites\/21\/2023\/11\/removal.ai-71352910-75d4-48d7-8778-258b2cde3931-immagine-2023-11-29-164859-768x701.png 768w, https:\/\/mutti-parma.com\/app\/uploads\/sites\/21\/2023\/11\/removal.ai-71352910-75d4-48d7-8778-258b2cde3931-immagine-2023-11-29-164859-150x137.png 150w, https:\/\/mutti-parma.com\/app\/uploads\/sites\/21\/2023\/11\/removal.ai-71352910-75d4-48d7-8778-258b2cde3931-immagine-2023-11-29-164859-600x548.png 600w\" loading=\"lazy\" \/><\/div>\n    <\/a>\n  \n  <a class=\"block underline mb-2 mt-2\" href=\"https:\/\/mutti-parma.com\/can-fr\/produits\/sauce-pizza-classique\/\">\n    <h3 class=\"h4\">Sauce Pizza Classique<\/h3>\n  <\/a>\n\n      <a class=\"block hover:no-underline text-inherit\" href=\"https:\/\/mutti-parma.com\/can-fr\/produits\/sauce-pizza-classique\/\">\n      Sauce Pour Pizza\n    <\/a>\n  <\/div>\n        <\/div>\n          <\/slideshow>\n  <\/div>\n\n\n","protected":false},"excerpt":{"rendered":"<p>Maintenant que vous en savez plus sur nos produits, il est l\u2019heure de cuisiner. COMMENT LA CUISINER ? Une sauce pour pizza pleine de saveurs pour r\u00e9aliser une pizza italienne au go\u00fbt authentique. Id\u00e9ale pour de d\u00e9licieuses pizzas maison<\/p>\n","protected":false},"featured_media":1828,"comment_status":"open","ping_status":"closed","template":"","product_category":[62],"class_list":["post-726","product","type-product","status-publish","has-post-thumbnail","hentry","product_category-product-category-53"],"acf":[],"_links":{"self":[{"href":"https:\/\/mutti-parma.com\/can-fr\/wp-json\/wp\/v2\/product\/726","targetHints":{"allow":["GET"]}}],"collection":[{"href":"https:\/\/mutti-parma.com\/can-fr\/wp-json\/wp\/v2\/product"}],"about":[{"href":"https:\/\/mutti-parma.com\/can-fr\/wp-json\/wp\/v2\/types\/product"}],"replies":[{"embeddable":true,"href":"https:\/\/mutti-parma.com\/can-fr\/wp-json\/wp\/v2\/comments?post=726"}],"version-history":[{"count":26,"href":"https:\/\/mutti-parma.com\/can-fr\/wp-json\/wp\/v2\/product\/726\/revisions"}],"predecessor-version":[{"id":1898,"href":"https:\/\/mutti-parma.com\/can-fr\/wp-json\/wp\/v2\/product\/726\/revisions\/1898"}],"wp:featuredmedia":[{"embeddable":true,"href":"https:\/\/mutti-parma.com\/can-fr\/wp-json\/wp\/v2\/media\/1828"}],"wp:attachment":[{"href":"https:\/\/mutti-parma.com\/can-fr\/wp-json\/wp\/v2\/media?parent=726"}],"wp:term":[{"taxonomy":"product_category","embeddable":true,"href":"https:\/\/mutti-parma.com\/can-fr\/wp-json\/wp\/v2\/product_category?post=726"}],"curies":[{"name":"wp","href":"https:\/\/api.w.org\/{rel}","templated":true}]}}