{"id":12,"date":"2020-01-30T07:02:52","date_gmt":"2020-01-30T07:02:52","guid":{"rendered":"https:\/\/mutti-parma.com\/cz\/?page_id=12"},"modified":"2026-03-02T14:06:11","modified_gmt":"2026-03-02T14:06:11","slug":"nasi-farmari","status":"publish","type":"page","link":"https:\/\/mutti-parma.com\/cz\/z-pole-na-vas-stul\/nasi-farmari\/","title":{"rendered":"Na\u0161I farm\u00e1\u0159I"},"content":{"rendered":"\n<div class=\"wp-block-cover alignfull is-light\"><img loading=\"lazy\" decoding=\"async\" class=\"wp-block-cover__image-background wp-image-300000163\" src=\"https:\/\/mutti-parma.com\/app\/uploads\/sites\/3\/2019\/09\/banner-farmers.jpg\" style=\"object-position:61% 21%\" data-object-fit=\"cover\" data-object-position=\"61% 21%\" data-spai-crop=\"false\" srcset=\"https:\/\/mutti-parma.com\/app\/uploads\/sites\/3\/2019\/09\/banner-farmers.jpg 2400w, https:\/\/mutti-parma.com\/app\/uploads\/sites\/3\/2019\/09\/banner-farmers-200x134.jpg 200w, https:\/\/mutti-parma.com\/app\/uploads\/sites\/3\/2019\/09\/banner-farmers-500x334.jpg 500w, https:\/\/mutti-parma.com\/app\/uploads\/sites\/3\/2019\/09\/banner-farmers-768x513.jpg 768w, https:\/\/mutti-parma.com\/app\/uploads\/sites\/3\/2019\/09\/banner-farmers-1024x684.jpg 1024w, https:\/\/mutti-parma.com\/app\/uploads\/sites\/3\/2019\/09\/banner-farmers-150x100.jpg 150w, https:\/\/mutti-parma.com\/app\/uploads\/sites\/3\/2019\/09\/banner-farmers-600x401.jpg 600w\" sizes=\"(max-width: 2400px) 100vw, 2400px\" \/><span aria-hidden=\"true\" class=\"wp-block-cover__background has-pitchblack-background-color has-background-dim-40 has-background-dim\"><\/span><div class=\"wp-block-cover__inner-container is-layout-flow wp-block-cover-is-layout-flow\"><div class=\"acf-breadcrumb my-4 md:my-8 text-center\">\n  <nav>\n  <ol class=\"list-none text-md\">\n                  <li class=\"inline\">\n                      <a class=\"text-inherit\" href=\"https:\/\/mutti-parma.com\/cz\/\">\n              \u00davod\n            <\/a>\n                            <\/li>\n            <\/ol>\n<\/nav>\n<\/div>\n\n\n\n<h1 class=\"wp-block-heading has-text-align-center\">Na\u0161I farm\u00e1\u0159I<\/h1>\n\n\n\n<p class=\"has-text-align-center\">Pro zem\u011bd\u011blce je ka\u017ed\u00fd n\u00e1klad raj\u010dat sklizen\u00fdch na jeho poli zdrojem velk\u00e9 p\u00fdchy. V\u00ed, \u017ee z\u00e1silka pro\u0161la p\u0159\u00edsn\u00fdmi kontrolami a spl\u0148uje po\u017eadavky na vyzr\u00e1lost, barvu, slo\u017een\u00ed, \u010derstvost a sladkost. Je to v\u00fdsledek celoro\u010dn\u00ed pr\u00e1ce.<\/p>\n\n\n\n<p class=\"has-text-align-center is-style-cursive\">Prvn\u00edmi, kdo ochutn\u00e1 raj\u010data Mutti, jsou pr\u00e1v\u011b na\u0161i farm\u00e1\u0159i<\/p>\n<\/div><\/div>\n\n\n\n<div class=\"wp-block-columns alignwide are-vertically-aligned-center is-layout-flex wp-container-core-columns-is-layout-9d6595d7 wp-block-columns-is-layout-flex\">\n<div class=\"wp-block-column is-vertically-aligned-center is-layout-flow wp-block-column-is-layout-flow\">\n<figure class=\"wp-block-embed is-type-video is-provider-youtube wp-block-embed-youtube wp-embed-aspect-16-9 wp-has-aspect-ratio wp-embed-aspect-4-3\" data-hide-on=\"mobile tablet desktop\"><div class=\"wp-block-embed__wrapper\">\n<iframe loading=\"lazy\" title=\"Valle del Sele - Carmine Fantasia\" width=\"500\" height=\"281\" data-cookieconsent=\"marketing\" data-src=\"\/\/www.youtube-nocookie.com\/embed\/6wruWzjOLFY?rel=0&#038;modestbranding=1&#038;enablejsapi=1&#038;feature=oembed&#038;width=500&#038;height=750\" frameborder=\"0\" allow=\"accelerometer; autoplay; clipboard-write; encrypted-media; gyroscope; picture-in-picture; web-share\" referrerpolicy=\"strict-origin-when-cross-origin\" allowfullscreen><\/iframe><div class=\"cookieconsent-embed-approval\">\n  <p>To watch this video you need to approve marketing cookies so we can use YouTube.<\/p>\n  <button class=\"btn btn-renew-cookie-consent\">\n    Manage Settings\n  <\/button>\n<\/div>\n\n<\/div><\/figure>\n<\/div>\n\n\n\n<div class=\"wp-block-column is-vertically-aligned-center is-layout-flow wp-block-column-is-layout-flow\">\n<h2 class=\"wp-block-heading\" data-hide-on=\"mobile tablet desktop\">Carmine Fantasia<\/h2>\n\n\n\n<p class=\"is-style-cursive has-xxl-font-size\" data-hide-on=\"mobile tablet desktop\">Valle del Sele<\/p>\n<\/div>\n<\/div>\n\n\n\n<div class=\"wp-block-columns alignwide are-vertically-aligned-center is-style-default is-layout-flex wp-container-core-columns-is-layout-9d6595d7 wp-block-columns-is-layout-flex\">\n<div class=\"wp-block-column is-vertically-aligned-center is-style-secondary is-layout-flow wp-block-column-is-layout-flow\">\n<h2 class=\"wp-block-heading\">Rosetta e Fausto Vitali<\/h2>\n\n\n\n<p class=\"is-style-cursive has-xxl-font-size\">Parma<\/p>\n<\/div>\n\n\n\n<div class=\"wp-block-column is-vertically-aligned-center order-first sm:order-last is-layout-flow wp-block-column-is-layout-flow\">\n<figure class=\"wp-block-embed is-type-video is-provider-youtube wp-block-embed-youtube wp-embed-aspect-16-9 wp-has-aspect-ratio wp-embed-aspect-4-3\"><div class=\"wp-block-embed__wrapper\">\n<iframe loading=\"lazy\" title=\"Parma - Rosetta e Fausto Vitali\" width=\"500\" height=\"281\" data-cookieconsent=\"marketing\" data-src=\"\/\/www.youtube-nocookie.com\/embed\/pqF2KbBbqK0?rel=0&#038;modestbranding=1&#038;enablejsapi=1&#038;feature=oembed&#038;width=500&#038;height=750\" frameborder=\"0\" allow=\"accelerometer; autoplay; clipboard-write; encrypted-media; gyroscope; picture-in-picture; web-share\" referrerpolicy=\"strict-origin-when-cross-origin\" allowfullscreen><\/iframe><div class=\"cookieconsent-embed-approval\">\n  <p>To watch this video you need to approve marketing cookies so we can use YouTube.<\/p>\n  <button class=\"btn btn-renew-cookie-consent\">\n    Manage Settings\n  <\/button>\n<\/div>\n\n<\/div><\/figure>\n<\/div>\n<\/div>\n\n\n\n<div class=\"wp-block-columns alignwide are-vertically-aligned-center is-layout-flex wp-container-core-columns-is-layout-9d6595d7 wp-block-columns-is-layout-flex\">\n<div class=\"wp-block-column is-vertically-aligned-center is-layout-flow wp-block-column-is-layout-flow\">\n<figure class=\"wp-block-embed is-type-video is-provider-youtube wp-block-embed-youtube wp-embed-aspect-16-9 wp-has-aspect-ratio wp-embed-aspect-4-3\"><div class=\"wp-block-embed__wrapper\">\n<iframe loading=\"lazy\" title=\"Valli di Comacchio - Andrea Crovetti\" width=\"500\" height=\"281\" data-cookieconsent=\"marketing\" data-src=\"\/\/www.youtube-nocookie.com\/embed\/FRKXjM_RD-U?rel=0&#038;modestbranding=1&#038;enablejsapi=1&#038;feature=oembed&#038;width=500&#038;height=750\" frameborder=\"0\" allow=\"accelerometer; autoplay; clipboard-write; encrypted-media; gyroscope; picture-in-picture; web-share\" referrerpolicy=\"strict-origin-when-cross-origin\" allowfullscreen><\/iframe><div class=\"cookieconsent-embed-approval\">\n  <p>To watch this video you need to approve marketing cookies so we can use YouTube.<\/p>\n  <button class=\"btn btn-renew-cookie-consent\">\n    Manage Settings\n  <\/button>\n<\/div>\n\n<\/div><\/figure>\n<\/div>\n\n\n\n<div class=\"wp-block-column is-vertically-aligned-center is-layout-flow wp-block-column-is-layout-flow\">\n<h2 class=\"wp-block-heading\">Andrea Crovetti<\/h2>\n\n\n\n<p class=\"is-style-cursive has-xxl-font-size\">Valli di Comacchio<\/p>\n<\/div>\n<\/div>\n\n\n\n<div class=\"wp-block-columns alignwide are-vertically-aligned-center is-layout-flex wp-container-core-columns-is-layout-9d6595d7 wp-block-columns-is-layout-flex\">\n<div class=\"wp-block-column is-vertically-aligned-center is-style-secondary is-layout-flow wp-block-column-is-layout-flow\">\n<h2 class=\"wp-block-heading\">Michele Giambattista<\/h2>\n\n\n\n<p class=\"is-style-cursive has-xxl-font-size\">Capitanata<\/p>\n<\/div>\n\n\n\n<div class=\"wp-block-column is-vertically-aligned-center order-first sm:order-last is-layout-flow wp-block-column-is-layout-flow\">\n<figure class=\"wp-block-embed is-type-video is-provider-youtube wp-block-embed-youtube wp-embed-aspect-16-9 wp-has-aspect-ratio wp-embed-aspect-4-3\"><div class=\"wp-block-embed__wrapper\">\n<iframe loading=\"lazy\" title=\"Capitanata - Michele Giambattista\" width=\"500\" height=\"281\" data-cookieconsent=\"marketing\" data-src=\"\/\/www.youtube-nocookie.com\/embed\/4iAzkfZn6CA?rel=0&#038;modestbranding=1&#038;enablejsapi=1&#038;feature=oembed&#038;width=500&#038;height=750\" frameborder=\"0\" allow=\"accelerometer; autoplay; clipboard-write; encrypted-media; gyroscope; picture-in-picture; web-share\" referrerpolicy=\"strict-origin-when-cross-origin\" allowfullscreen><\/iframe><div class=\"cookieconsent-embed-approval\">\n  <p>To watch this video you need to approve marketing cookies so we can use YouTube.<\/p>\n  <button class=\"btn btn-renew-cookie-consent\">\n    Manage Settings\n  <\/button>\n<\/div>\n\n<\/div><\/figure>\n<\/div>\n<\/div>\n\n\n\n<h2 class=\"wp-block-heading has-text-align-center\"><strong>SD\u00cdLEN\u00c1 V\u00c1\u0160E\u0147 PRO RAJ\u010cATA VYSOK\u00c9 KVALITY<\/strong><\/h2>\n\n\n\n<p class=\"has-text-align-center\">Neust\u00e1le se sna\u017e\u00edme d\u011blat v\u011bci l\u00e9pe a nab\u00edzet na\u0161im z\u00e1kazn\u00edk\u016fm pouze ta nejlep\u0161\u00ed raj\u010data. Z tohoto d\u016fvodu \u00fazce spolupracujeme s na\u0161imi producenty, abychom neust\u00e1le zlep\u0161ovali v\u0161e, co d\u011bl\u00e1me. K dosa\u017een\u00ed tohoto c\u00edle n\u00e1m pom\u00e1haj\u00ed tyto z\u00e1sady:<\/p>\n\n\n\n<div class=\"wp-block-columns alignwide is-layout-flex wp-container-core-columns-is-layout-9d6595d7 wp-block-columns-is-layout-flex\">\n<div class=\"wp-block-column is-layout-flow wp-block-column-is-layout-flow\">\n<div class=\"wp-block-media-text alignwide is-style-boxed has-primary-background-color has-background\" style=\"grid-template-columns:85% auto\"><figure class=\"wp-block-media-text__media\"><img loading=\"lazy\" decoding=\"async\" src=\"https:\/\/mutti-parma.com\/app\/uploads\/sites\/3\/2019\/09\/section-farmers-price-1024x683.jpg\" alt=\"\" class=\"wp-image-30000045 size-full\" sizes=\"(max-width: 600px) 100vw, (min-width: 1440px) 1224px,85vw\" data-spai-crop=\"false\" srcset=\"https:\/\/mutti-parma.com\/app\/uploads\/sites\/3\/2019\/09\/section-farmers-price-1024x683.jpg 1024w, https:\/\/mutti-parma.com\/app\/uploads\/sites\/3\/2019\/09\/section-farmers-price-200x133.jpg 200w, https:\/\/mutti-parma.com\/app\/uploads\/sites\/3\/2019\/09\/section-farmers-price-500x334.jpg 500w, https:\/\/mutti-parma.com\/app\/uploads\/sites\/3\/2019\/09\/section-farmers-price-768x513.jpg 768w, https:\/\/mutti-parma.com\/app\/uploads\/sites\/3\/2019\/09\/section-farmers-price-150x100.jpg 150w, https:\/\/mutti-parma.com\/app\/uploads\/sites\/3\/2019\/09\/section-farmers-price-600x400.jpg 600w\" \/><\/figure><div class=\"wp-block-media-text__content\">\n<h3 class=\"wp-block-heading\"><strong>Cena<\/strong><\/h3>\n\n\n\n<p class=\"is-style-cursive\">Vy\u0161\u0161\u00ed cena za lep\u0161\u00ed raj\u010de.<\/p>\n\n\n\n<p>Farm\u00e1\u0159\u016fm plat\u00edme v\u00edce, ne\u017e je v tomto odv\u011btv\u00ed pr\u016fm\u011brem. V roce 2019 byla na\u0161e sazba o 10 procent* vy\u0161\u0161\u00ed ne\u017e pr\u016fm\u011brn\u00e1 cena v severn\u00ed It\u00e1lii a o 30 procent vy\u0161\u0161\u00ed ne\u017e pr\u016fm\u011brn\u00e1 cena na jihu. T\u00edmto zp\u016fsobem posilujeme na\u0161e partnerstv\u00ed a uvol\u0148ujeme kapit\u00e1l pro investice do zem\u011bd\u011blstv\u00ed.<br><br>*+10,5% oproti pr\u016fm\u011brn\u00e9 tr\u017en\u00ed cen\u011b na severu (+5,5 % tr\u017en\u00edho pr\u016fm\u011bru z d\u016fvodu v\u00fdb\u011bru a +5 % za p\u0159ir\u00e1\u017eky, pob\u00eddky a slu\u017eby)<\/p>\n<\/div><\/div>\n<\/div>\n\n\n\n<div class=\"wp-block-column is-layout-flow wp-block-column-is-layout-flow\">\n<div class=\"wp-block-media-text alignwide is-style-boxed has-primary-background-color has-background\" style=\"grid-template-columns:85% auto\"><figure class=\"wp-block-media-text__media\"><img loading=\"lazy\" decoding=\"async\" src=\"https:\/\/mutti-parma.com\/app\/uploads\/sites\/3\/2019\/09\/section-farmers-transparency-1024x681.jpg\" alt=\"\" class=\"wp-image-30000043 size-full\" sizes=\"(max-width: 600px) 100vw, (min-width: 1440px) 1224px,85vw\" data-spai-crop=\"false\" srcset=\"https:\/\/mutti-parma.com\/app\/uploads\/sites\/3\/2019\/09\/section-farmers-transparency-1024x681.jpg 1024w, https:\/\/mutti-parma.com\/app\/uploads\/sites\/3\/2019\/09\/section-farmers-transparency-200x133.jpg 200w, https:\/\/mutti-parma.com\/app\/uploads\/sites\/3\/2019\/09\/section-farmers-transparency-500x333.jpg 500w, https:\/\/mutti-parma.com\/app\/uploads\/sites\/3\/2019\/09\/section-farmers-transparency-768x511.jpg 768w, https:\/\/mutti-parma.com\/app\/uploads\/sites\/3\/2019\/09\/section-farmers-transparency-150x100.jpg 150w, https:\/\/mutti-parma.com\/app\/uploads\/sites\/3\/2019\/09\/section-farmers-transparency-600x399.jpg 600w\" \/><\/figure><div class=\"wp-block-media-text__content\">\n<h3 class=\"wp-block-heading\"><strong>Transparentnost<\/strong><\/h3>\n\n\n\n<p class=\"is-style-cursive\">Dohledateln\u00e1 raj\u010data a udr\u017eiteln\u011bj\u0161\u00ed zem\u011bd\u011blstv\u00ed.<\/p>\n\n\n\n<p>Na\u0161i zem\u011bd\u011blci mus\u00ed p\u0159izp\u016fsobit sv\u00e9 pracovn\u00ed metody tak, aby byly v souladu s na\u0161imi hodnotami. Jedn\u00edm z t\u011bchto po\u017eadavk\u016f je \u00fapln\u00e1 dohledatelnost raj\u010dat, kter\u00e1 pou\u017e\u00edv\u00e1me.<\/p>\n<\/div><\/div>\n<\/div>\n<\/div>\n\n\n\n<div class=\"wp-block-columns alignwide is-layout-flex wp-container-core-columns-is-layout-9d6595d7 wp-block-columns-is-layout-flex\">\n<div class=\"wp-block-column is-layout-flow wp-block-column-is-layout-flow\">\n<div class=\"wp-block-media-text alignwide is-style-boxed has-primary-background-color has-background\" style=\"grid-template-columns:85% auto\"><figure class=\"wp-block-media-text__media\"><img loading=\"lazy\" decoding=\"async\" src=\"https:\/\/mutti-parma.com\/app\/uploads\/sites\/3\/2019\/09\/section-farmers-respect-1024x682.jpg\" alt=\"\" class=\"wp-image-30000044 size-full\" sizes=\"(max-width: 600px) 100vw, (min-width: 1440px) 1224px,85vw\" data-spai-crop=\"false\" srcset=\"https:\/\/mutti-parma.com\/app\/uploads\/sites\/3\/2019\/09\/section-farmers-respect-1024x682.jpg 1024w, https:\/\/mutti-parma.com\/app\/uploads\/sites\/3\/2019\/09\/section-farmers-respect-200x133.jpg 200w, https:\/\/mutti-parma.com\/app\/uploads\/sites\/3\/2019\/09\/section-farmers-respect-500x333.jpg 500w, https:\/\/mutti-parma.com\/app\/uploads\/sites\/3\/2019\/09\/section-farmers-respect-768x512.jpg 768w, https:\/\/mutti-parma.com\/app\/uploads\/sites\/3\/2019\/09\/section-farmers-respect-150x100.jpg 150w, https:\/\/mutti-parma.com\/app\/uploads\/sites\/3\/2019\/09\/section-farmers-respect-600x400.jpg 600w\" \/><\/figure><div class=\"wp-block-media-text__content\">\n<h3 class=\"wp-block-heading\">Respekt<\/h3>\n\n\n\n<p class=\"is-style-cursive\">Pln\u011b automatizovan\u00e1 sklize\u0148 \u010din\u00ed pr\u00e1ci bezpe\u010dn\u011bj\u0161\u00ed.<\/p>\n\n\n\n<p>Na\u0161e smlouvy s farm\u00e1\u0159i strojn\u00ed sklize\u0148 vy\u017eaduj\u00ed. T\u00edmto zp\u016fsobem podporujeme schopnost kvalifikovan\u00fdch pracovn\u00edk\u016f m\u00edt st\u00e1l\u00e1 pracovn\u00ed m\u00edsta, aby jejich pr\u00e1ce nebyla pouze sez\u00f3nn\u00ed.<\/p>\n<\/div><\/div>\n<\/div>\n\n\n\n<div class=\"wp-block-column is-layout-flow wp-block-column-is-layout-flow\">\n<div class=\"wp-block-media-text alignwide is-style-boxed has-primary-background-color has-background\" style=\"grid-template-columns:85% auto\"><figure class=\"wp-block-media-text__media\"><img loading=\"lazy\" decoding=\"async\" src=\"https:\/\/mutti-parma.com\/app\/uploads\/sites\/3\/2019\/09\/section-farmers-cooperation.jpg\" alt=\"\" class=\"wp-image-30000046 size-full\" sizes=\"(max-width: 600px) 100vw, (min-width: 1440px) 1224px,85vw\" data-spai-crop=\"false\" srcset=\"https:\/\/mutti-parma.com\/app\/uploads\/sites\/3\/2019\/09\/section-farmers-cooperation.jpg 800w, https:\/\/mutti-parma.com\/app\/uploads\/sites\/3\/2019\/09\/section-farmers-cooperation-200x150.jpg 200w, https:\/\/mutti-parma.com\/app\/uploads\/sites\/3\/2019\/09\/section-farmers-cooperation-500x375.jpg 500w, https:\/\/mutti-parma.com\/app\/uploads\/sites\/3\/2019\/09\/section-farmers-cooperation-768x576.jpg 768w, https:\/\/mutti-parma.com\/app\/uploads\/sites\/3\/2019\/09\/section-farmers-cooperation-150x113.jpg 150w, https:\/\/mutti-parma.com\/app\/uploads\/sites\/3\/2019\/09\/section-farmers-cooperation-600x450.jpg 600w\" \/><\/figure><div class=\"wp-block-media-text__content\">\n<h3 class=\"wp-block-heading\"><strong>Spolupr\u00e1ce<\/strong><\/h3>\n\n\n\n<p class=\"is-style-cursive\">Siln\u00e1 pouta a vz\u00e1jemn\u00e1 d\u016fv\u011bra.<\/p>\n\n\n\n<p>Na\u0161e farm\u00e1\u0159e zn\u00e1me, proto\u017ee u\u017e roky spolupracujeme se stejn\u00fdmi rodinami. Sd\u00edl\u00edme s nimi informace prost\u0159ednictv\u00edm na\u0161ich spole\u010dn\u00fdch kan\u00e1l\u016f.<\/p>\n<\/div><\/div>\n<\/div>\n<\/div>\n\n\n\n<div class=\"wp-block-cover alignwide is-light is-style-boxed\"><img loading=\"lazy\" decoding=\"async\" class=\"wp-block-cover__image-background wp-image-30000041\" src=\"https:\/\/mutti-parma.com\/app\/uploads\/sites\/3\/2019\/09\/section-golden-tomato-winners-growing-cycle.jpg\" data-object-fit=\"cover\" srcset=\"https:\/\/mutti-parma.com\/app\/uploads\/sites\/3\/2019\/09\/section-golden-tomato-winners-growing-cycle.jpg 1472w, https:\/\/mutti-parma.com\/app\/uploads\/sites\/3\/2019\/09\/section-golden-tomato-winners-growing-cycle-200x200.jpg 200w, https:\/\/mutti-parma.com\/app\/uploads\/sites\/3\/2019\/09\/section-golden-tomato-winners-growing-cycle-500x500.jpg 500w, https:\/\/mutti-parma.com\/app\/uploads\/sites\/3\/2019\/09\/section-golden-tomato-winners-growing-cycle-768x768.jpg 768w, https:\/\/mutti-parma.com\/app\/uploads\/sites\/3\/2019\/09\/section-golden-tomato-winners-growing-cycle-1024x1024.jpg 1024w, https:\/\/mutti-parma.com\/app\/uploads\/sites\/3\/2019\/09\/section-golden-tomato-winners-growing-cycle-150x150.jpg 150w, https:\/\/mutti-parma.com\/app\/uploads\/sites\/3\/2019\/09\/section-golden-tomato-winners-growing-cycle-600x600.jpg 600w, https:\/\/mutti-parma.com\/app\/uploads\/sites\/3\/2019\/09\/section-golden-tomato-winners-growing-cycle-50x50.jpg 50w, https:\/\/mutti-parma.com\/app\/uploads\/sites\/3\/2019\/09\/section-golden-tomato-winners-growing-cycle-60x60.jpg 60w\" sizes=\"(max-width: 1472px) 100vw, 1472px\" \/><span aria-hidden=\"true\" class=\"wp-block-cover__background has-white-background-color has-background-dim-100 has-background-dim\"><\/span><div class=\"wp-block-cover__inner-container is-layout-flow wp-block-cover-is-layout-flow\">\n<p class=\"has-text-align-center has-primary-color has-text-color\">Na\u0161e lidi u\u017e zn\u00e1te, te\u010f si m\u016f\u017eete:<\/p>\n\n\n\n<p class=\"has-text-align-center is-style-cursive has-xxl-font-size\"><a href=\"https:\/\/mutti-parma.com\/cz\/z-pole-na-vas-stul\/#growing-cycle\">P\u0159e\u010d\u00edst o cyklu p\u011bstov\u00e1n\u00ed<\/a><\/p>\n\n\n\n<p class=\"has-text-align-center has-primary-color has-text-color\">a dozv\u011bd\u011bt se, jak se raj\u010data p\u011bstuj\u00ed a skl\u00edzej\u00ed.<\/p>\n<\/div><\/div>\n","protected":false},"excerpt":{"rendered":"<p>Carmine Fantasia Valle del Sele Rosetta e Fausto Vitali Parma Andrea Crovetti Valli di Comacchio Michele Giambattista Capitanata SD\u00cdLEN\u00c1 V\u00c1\u0160E\u0147 PRO RAJ\u010cATA VYSOK\u00c9 KVALITY Neust\u00e1le se sna\u017e\u00edme d\u011blat v\u011bci l\u00e9pe a nab\u00edzet na\u0161im z\u00e1kazn\u00edk\u016fm pouze ta nejlep\u0161\u00ed raj\u010data. Z tohoto d\u016fvodu \u00fazce spolupracujeme s na\u0161imi producenty, abychom neust\u00e1le zlep\u0161ovali v\u0161e, co d\u011bl\u00e1me. K dosa\u017een\u00ed tohoto<\/p>\n","protected":false},"author":1,"featured_media":0,"parent":5,"menu_order":7,"comment_status":"closed","ping_status":"closed","template":"template-farmers.php","meta":{"_acf_changed":false,"_relevanssi_hide_post":"","_relevanssi_hide_content":"","_relevanssi_pin_for_all":"","_relevanssi_pin_keywords":"","_relevanssi_unpin_keywords":"","_relevanssi_related_keywords":"","_relevanssi_related_include_ids":"","_relevanssi_related_exclude_ids":"","_relevanssi_related_no_append":"","_relevanssi_related_not_related":"","_relevanssi_related_posts":"","_relevanssi_noindex_reason":"","footnotes":""},"class_list":["post-12","page","type-page","status-publish","hentry"],"acf":[],"_links":{"self":[{"href":"https:\/\/mutti-parma.com\/cz\/wp-json\/wp\/v2\/pages\/12","targetHints":{"allow":["GET"]}}],"collection":[{"href":"https:\/\/mutti-parma.com\/cz\/wp-json\/wp\/v2\/pages"}],"about":[{"href":"https:\/\/mutti-parma.com\/cz\/wp-json\/wp\/v2\/types\/page"}],"author":[{"embeddable":true,"href":"https:\/\/mutti-parma.com\/cz\/wp-json\/wp\/v2\/users\/1"}],"replies":[{"embeddable":true,"href":"https:\/\/mutti-parma.com\/cz\/wp-json\/wp\/v2\/comments?post=12"}],"version-history":[{"count":15,"href":"https:\/\/mutti-parma.com\/cz\/wp-json\/wp\/v2\/pages\/12\/revisions"}],"predecessor-version":[{"id":1909,"href":"https:\/\/mutti-parma.com\/cz\/wp-json\/wp\/v2\/pages\/12\/revisions\/1909"}],"up":[{"embeddable":true,"href":"https:\/\/mutti-parma.com\/cz\/wp-json\/wp\/v2\/pages\/5"}],"wp:attachment":[{"href":"https:\/\/mutti-parma.com\/cz\/wp-json\/wp\/v2\/media?parent=12"}],"curies":[{"name":"wp","href":"https:\/\/api.w.org\/{rel}","templated":true}]}}