{"id":13,"date":"2020-01-30T07:03:15","date_gmt":"2020-01-30T07:03:15","guid":{"rendered":"https:\/\/mutti-parma.com\/cz\/?page_id=13"},"modified":"2020-06-29T08:41:15","modified_gmt":"2020-06-29T08:41:15","slug":"prohlidka-tovarny-mutti","status":"publish","type":"page","link":"https:\/\/mutti-parma.com\/cz\/z-pole-na-vas-stul\/prohlidka-tovarny-mutti\/","title":{"rendered":"Prohl\u00eddka tov\u00e1rny mutti"},"content":{"rendered":"\n<div class=\"wp-block-cover alignfull has-pitchblack-background-color has-background-dim\" style=\"background-image:url(https:\/\/mutti-parma.com\/app\/uploads\/sites\/3\/2019\/09\/banner-tour-of-mutti-factory.jpg);background-position:24.41176470588235% 44.70588235294118%\"><div class=\"wp-block-cover__inner-container is-layout-flow wp-block-cover-is-layout-flow\"><div class=\"acf-breadcrumb my-4 md:my-8 text-center\">\n  <nav>\n  <ol class=\"list-none text-md\">\n                  <li class=\"inline\">\n                      <a class=\"text-inherit\" href=\"https:\/\/mutti-parma.com\/cz\/\">\n              \u00davod\n            <\/a>\n                            <\/li>\n            <\/ol>\n<\/nav>\n<\/div>\n\n\n\n<h1 class=\"has-text-align-center wp-block-heading\">Prohl\u00eddka tov\u00e1rny mutti<\/h1>\n\n\n\n<p class=\"has-text-align-center\">Raj\u010data ji\u017e dos\u00e1hla \u00fapln\u00e9 zralosti za p\u0159\u00edsn\u011b kontrolovan\u00fdch podm\u00ednek a za m\u00e9n\u011b ne\u017e 24 hodin budou p\u0159em\u011bn\u011bna na produkty, kter\u00e9 jsou denn\u011b pou\u017e\u00edv\u00e1ny v kuchyn\u00edch po cel\u00e9m sv\u011bt\u011b.<\/p>\n\n\n\n<p class=\"has-text-align-center is-style-cursive\">Pus\u0165me se do toho&#8230;<\/p>\n<\/div><\/div>\n\n\n\n<div class=\"wp-block-media-text alignwide is-stacked-on-mobile has-media-below-on-mobile\"><figure class=\"wp-block-media-text__media\"><img loading=\"lazy\" decoding=\"async\" src=\"https:\/\/mutti-parma.com\/app\/uploads\/sites\/3\/2019\/09\/section-tour-quality-control-1024x1024.jpg\" alt=\"\" class=\"wp-image-30000026\" sizes=\"(max-width: 600px) 100vw, (min-width: 1440px) 792px,55vw\" data-spai-crop=\"false\" srcset=\"https:\/\/mutti-parma.com\/app\/uploads\/sites\/3\/2019\/09\/section-tour-quality-control-1024x1024.jpg 1024w, https:\/\/mutti-parma.com\/app\/uploads\/sites\/3\/2019\/09\/section-tour-quality-control-200x200.jpg 200w, https:\/\/mutti-parma.com\/app\/uploads\/sites\/3\/2019\/09\/section-tour-quality-control-500x500.jpg 500w, https:\/\/mutti-parma.com\/app\/uploads\/sites\/3\/2019\/09\/section-tour-quality-control-768x768.jpg 768w, https:\/\/mutti-parma.com\/app\/uploads\/sites\/3\/2019\/09\/section-tour-quality-control-150x150.jpg 150w, https:\/\/mutti-parma.com\/app\/uploads\/sites\/3\/2019\/09\/section-tour-quality-control-600x600.jpg 600w, https:\/\/mutti-parma.com\/app\/uploads\/sites\/3\/2019\/09\/section-tour-quality-control-50x50.jpg 50w, https:\/\/mutti-parma.com\/app\/uploads\/sites\/3\/2019\/09\/section-tour-quality-control-60x60.jpg 60w\" \/><\/figure><div class=\"wp-block-media-text__content\">\n<h2 class=\"wp-block-heading\"><strong>Kontrolou kvality<\/strong><\/h2>\n\n\n\n<p class=\"has-xxl-font-size is-style-cursive\">Do na\u0161\u00ed tov\u00e1rny doraz\u00ed jen ta nejlep\u0161\u00ed raj\u010data.<\/p>\n\n\n\n<p>Ka\u017ed\u00e1 dod\u00e1vka je kontrolov\u00e1na, abychom dok\u00e1zali vyhov\u011bt vysok\u00fdm standard\u016fm kvality va\u0161\u00ed kuchyn\u011b. Pe\u010dliv\u011b m\u011b\u0159\u00edme obsah cukru, kyselost a barvu. Rozbit\u00e9, k\u0159ehk\u00e9, drobiv\u00e9, zemit\u00e9 nebo kamenit\u00fd plody jsou sta\u017eeny z v\u00fdroby a pou\u017e\u00edvaj\u00ed se jin\u00fdm zp\u016fsobem. Do na\u0161ich hotov\u00fdch v\u00fdrobk\u016f se dostanou pouze raj\u010data, kter\u00e1 spl\u0148uj\u00ed v\u0161echny na\u0161e p\u0159\u00edsn\u00e9 po\u017eadavky.<\/p>\n<\/div><\/div>\n\n\n\n<div class=\"wp-block-media-text alignwide has-media-on-the-right is-stacked-on-mobile\" style=\"grid-template-columns:auto 57%\"><figure class=\"wp-block-media-text__media\"><img loading=\"lazy\" decoding=\"async\" src=\"https:\/\/mutti-parma.com\/app\/uploads\/sites\/3\/2019\/09\/section-tour-arrival-at-the-factory-1024x683.jpg\" alt=\"\" class=\"wp-image-30000028\" sizes=\"(max-width: 600px) 100vw, (min-width: 1440px) 821px,57vw\" data-spai-crop=\"false\" srcset=\"https:\/\/mutti-parma.com\/app\/uploads\/sites\/3\/2019\/09\/section-tour-arrival-at-the-factory-1024x683.jpg 1024w, https:\/\/mutti-parma.com\/app\/uploads\/sites\/3\/2019\/09\/section-tour-arrival-at-the-factory-200x133.jpg 200w, https:\/\/mutti-parma.com\/app\/uploads\/sites\/3\/2019\/09\/section-tour-arrival-at-the-factory-500x334.jpg 500w, https:\/\/mutti-parma.com\/app\/uploads\/sites\/3\/2019\/09\/section-tour-arrival-at-the-factory-768x513.jpg 768w, https:\/\/mutti-parma.com\/app\/uploads\/sites\/3\/2019\/09\/section-tour-arrival-at-the-factory-150x100.jpg 150w, https:\/\/mutti-parma.com\/app\/uploads\/sites\/3\/2019\/09\/section-tour-arrival-at-the-factory-600x400.jpg 600w\" \/><\/figure><div class=\"wp-block-media-text__content\">\n<h2 class=\"wp-block-heading\"><strong>P\u0159\u00edjezd do tov\u00e1rny<\/strong><\/h2>\n\n\n\n<p class=\"has-xxl-font-size is-style-cursive\">&#8230;n\u00e1sledn\u011b se raj\u010data umyj\u00ed a jsou znovu zkontrolov\u00e1na&#8230;<\/p>\n\n\n\n<p>Pot\u00e9, co n\u00e1klad pro\u0161el kontrolou, se raj\u010data um\u00edst\u00ed do n\u00e1dob a omyj\u00ed se proudem vody \u2013 jemn\u011b, aby nedo\u0161lo k jejich po\u0161kozen\u00ed. Ka\u017ed\u00e1 \u0161ar\u017ee je pot\u00e9 znovu zkontrolov\u00e1na syst\u00e9mem laserov\u00fdch paprsk\u016f a kamer a jak\u00e9koliv dal\u0161\u00ed po\u0161kozen\u00e9 nebo zka\u017een\u00e9 plody jsou vy\u0159azeny. Voda je na\u0161\u00edm cenn\u00fdm partnerem a nechceme j\u00ed pl\u00fdtvat. Na\u0161i spot\u0159ebu vody monitorujeme a neust\u00e1le ji zlep\u0161ujeme. Sn\u00ed\u017een\u00ed spot\u0159eby vody v tov\u00e1rn\u011b nesta\u010d\u00ed. Ve skute\u010dnosti je 80 % vody, kterou spot\u0159ebujeme, pou\u017eito na pol\u00edch.<\/p>\n<\/div><\/div>\n\n\n\n<div class=\"wp-block-media-text alignwide is-stacked-on-mobile\" style=\"grid-template-columns:57% auto\"><figure class=\"wp-block-media-text__media\"><img loading=\"lazy\" decoding=\"async\" src=\"https:\/\/mutti-parma.com\/app\/uploads\/sites\/3\/2019\/09\/section-tour-storage-1024x683.jpg\" alt=\"\" class=\"wp-image-30000025\" sizes=\"(max-width: 600px) 100vw, (min-width: 1440px) 821px,57vw\" data-spai-crop=\"false\" srcset=\"https:\/\/mutti-parma.com\/app\/uploads\/sites\/3\/2019\/09\/section-tour-storage-1024x683.jpg 1024w, https:\/\/mutti-parma.com\/app\/uploads\/sites\/3\/2019\/09\/section-tour-storage-200x133.jpg 200w, https:\/\/mutti-parma.com\/app\/uploads\/sites\/3\/2019\/09\/section-tour-storage-500x333.jpg 500w, https:\/\/mutti-parma.com\/app\/uploads\/sites\/3\/2019\/09\/section-tour-storage-768x512.jpg 768w, https:\/\/mutti-parma.com\/app\/uploads\/sites\/3\/2019\/09\/section-tour-storage-150x100.jpg 150w, https:\/\/mutti-parma.com\/app\/uploads\/sites\/3\/2019\/09\/section-tour-storage-600x400.jpg 600w\" \/><\/figure><div class=\"wp-block-media-text__content\">\n<h2 class=\"wp-block-heading\"><strong>Skladov\u00e1n\u00ed<\/strong><\/h2>\n\n\n\n<p class=\"has-xxl-font-size is-style-cursive\">&#8230;pot\u00e9 jsou raj\u010data um\u00edst\u011bna do n\u00e1dr\u017e\u00ed&#8230;<\/p>\n\n\n\n<p>V dal\u0161\u00ed f\u00e1zi v\u00fdrobn\u00edho \u0159et\u011bzce se raj\u010data p\u0159em\u00edst\u00ed do skladovac\u00edch n\u00e1dob, kde se znovu prom\u00fdvaj\u00ed, aby byla zbavena i t\u011bch posledn\u00edch ne\u010distot. T\u00edm se zajist\u00ed, \u017ee ovoce z\u016fst\u00e1v\u00e1 \u010derstv\u00e9 a chr\u00e1n\u011bn\u00e9 p\u0159ed kva\u0161en\u00edm. Pot\u00e9 jsou raj\u010data kone\u010dn\u011b p\u0159ipravena na skute\u010dnou v\u00fdrobu.<\/p>\n<\/div><\/div>\n\n\n\n<div class=\"wp-block-media-text alignwide has-media-on-the-right is-stacked-on-mobile\" style=\"grid-template-columns:auto 56%\"><figure class=\"wp-block-media-text__media\"><img loading=\"lazy\" decoding=\"async\" src=\"https:\/\/mutti-parma.com\/app\/uploads\/sites\/3\/2019\/09\/section-tour-production-1024x684.jpg\" alt=\"\" class=\"wp-image-30000027\" sizes=\"(max-width: 600px) 100vw, (min-width: 1440px) 806px,56vw\" data-spai-crop=\"false\" srcset=\"https:\/\/mutti-parma.com\/app\/uploads\/sites\/3\/2019\/09\/section-tour-production-1024x684.jpg 1024w, https:\/\/mutti-parma.com\/app\/uploads\/sites\/3\/2019\/09\/section-tour-production-200x134.jpg 200w, https:\/\/mutti-parma.com\/app\/uploads\/sites\/3\/2019\/09\/section-tour-production-500x334.jpg 500w, https:\/\/mutti-parma.com\/app\/uploads\/sites\/3\/2019\/09\/section-tour-production-768x513.jpg 768w, https:\/\/mutti-parma.com\/app\/uploads\/sites\/3\/2019\/09\/section-tour-production-150x100.jpg 150w, https:\/\/mutti-parma.com\/app\/uploads\/sites\/3\/2019\/09\/section-tour-production-600x401.jpg 600w\" \/><\/figure><div class=\"wp-block-media-text__content\">\n<h2 class=\"wp-block-heading\"><strong>V\u00fdroba<\/strong><\/h2>\n\n\n\n<p class=\"has-xxl-font-size is-style-cursive\">Posledn\u00ed kontrola p\u0159ed zah\u00e1jen\u00edm v\u00fdroby<\/p>\n\n\n\n<p>Inspirujeme se italskou tradic\u00ed vynikaj\u00edc\u00ed p\u00e9\u010de o potraviny a raj\u010data na dopravn\u00edm p\u00e1su kontrolujeme je\u0161t\u011b pot\u0159et\u00ed. Pot\u00e9 jsou raj\u010data nasm\u011brov\u00e1na na r\u016fzn\u00e9 v\u00fdrobn\u00ed linky, kde jsou zpracov\u00e1ny na \u0159adu kvalitn\u00edch produkt\u016f Mutti. Jak ji\u017e bylo zm\u00edn\u011bno, ka\u017ed\u00e1 odr\u016fda raj\u010dete m\u00e1 sv\u00e9 charakteristick\u00e9 vlastnosti, a proto jsou r\u016fzn\u00e9 odr\u016fdy ur\u010deny pro pou\u017eit\u00ed v konkr\u00e9tn\u00edch produktech, kter\u00e9 nejlep\u0161\u00edm mo\u017en\u00fdm zp\u016fsobem zd\u016fraz\u0148uj\u00ed jejich p\u0159irozenou podstatu.<\/p>\n<\/div><\/div>\n\n\n\n<p class=\"has-text-align-center has-xxl-font-size is-style-cursive\">P\u0159e\u010dt\u011bte si v\u00edce<\/p>\n\n\n\n<h2 class=\"has-text-align-center wp-block-heading\">Jak se vyr\u00e1b\u011bj\u00ed na\u0161e z\u00e1kladn\u00ed produkty<\/h2>\n\n\n<div class=\"acf-product-listing is-style-slideshow alignwide\" data-vue-wrapper>\n      <slideshow :slides-per-view=\"5\" :slides-per-view-lg=\"4\" :slides-per-view-sm=\"1\" :slides-per-view-md=\"3\" :navigation=\"true\" class=\"mx-8 lg:-mx-12\" name=\"Products\">\n              <div class=\"swiper-slide\">\n          <div class=\"text-center hover:lift-img mx-auto max-w-28\">\n      <a href=\"https:\/\/mutti-parma.com\/cz\/produkty\/polpa\/\" class=\"block\">\n            <div class=\"responsive-embed is-contain\" style=\"padding-bottom: 188.23529411765%;\"><img decoding=\"async\" width=\"1200\" height=\"1820\" src=\"https:\/\/mutti-parma.com\/app\/uploads\/sites\/25\/2020\/02\/polpa-400g-hires-cz-1.png\" class=\"inline-block mt-2 wp-image-124\" alt=\"Polpa\" sizes=\"auto, 126px\" data-spai-crop=\"false\" title=\"Polpa\" srcset=\"https:\/\/mutti-parma.com\/app\/uploads\/sites\/25\/2020\/02\/polpa-400g-hires-cz-1.png 1200w, https:\/\/mutti-parma.com\/app\/uploads\/sites\/25\/2020\/02\/polpa-400g-hires-cz-1-132x200.png 132w, https:\/\/mutti-parma.com\/app\/uploads\/sites\/25\/2020\/02\/polpa-400g-hires-cz-1-330x500.png 330w, https:\/\/mutti-parma.com\/app\/uploads\/sites\/25\/2020\/02\/polpa-400g-hires-cz-1-768x1165.png 768w, https:\/\/mutti-parma.com\/app\/uploads\/sites\/25\/2020\/02\/polpa-400g-hires-cz-1-675x1024.png 675w, https:\/\/mutti-parma.com\/app\/uploads\/sites\/25\/2020\/02\/polpa-400g-hires-cz-1-150x228.png 150w, https:\/\/mutti-parma.com\/app\/uploads\/sites\/25\/2020\/02\/polpa-400g-hires-cz-1-600x910.png 600w\" loading=\"lazy\" \/><\/div>\n    <\/a>\n  \n  <a class=\"block underline mb-2 mt-2\" href=\"https:\/\/mutti-parma.com\/cz\/produkty\/polpa\/\">\n    <h3 class=\"h4\">Polpa<\/h3>\n  <\/a>\n\n      <a class=\"block hover:no-underline text-inherit\" href=\"https:\/\/mutti-parma.com\/cz\/produkty\/polpa\/\">\n      Jemn\u011b kr\u00e1jen\u00e1 raj\u010data\n    <\/a>\n  <\/div>\n        <\/div>\n              <div class=\"swiper-slide\">\n          <div class=\"text-center hover:lift-img mx-auto max-w-28\">\n      <a href=\"https:\/\/mutti-parma.com\/cz\/produkty\/passata\/\" class=\"block\">\n            <div class=\"responsive-embed is-contain\" style=\"padding-bottom: 188.23529411765%;\"><img decoding=\"async\" width=\"1200\" height=\"2993\" src=\"https:\/\/mutti-parma.com\/app\/uploads\/sites\/25\/2020\/02\/passata-700g-hires-cz-1.png\" class=\"inline-block mt-2 wp-image-128\" alt=\"Passata\" sizes=\"auto, 126px\" data-spai-crop=\"false\" title=\"Passata\" srcset=\"https:\/\/mutti-parma.com\/app\/uploads\/sites\/25\/2020\/02\/passata-700g-hires-cz-1.png 1200w, https:\/\/mutti-parma.com\/app\/uploads\/sites\/25\/2020\/02\/passata-700g-hires-cz-1-80x200.png 80w, https:\/\/mutti-parma.com\/app\/uploads\/sites\/25\/2020\/02\/passata-700g-hires-cz-1-200x500.png 200w, https:\/\/mutti-parma.com\/app\/uploads\/sites\/25\/2020\/02\/passata-700g-hires-cz-1-768x1916.png 768w, https:\/\/mutti-parma.com\/app\/uploads\/sites\/25\/2020\/02\/passata-700g-hires-cz-1-411x1024.png 411w, https:\/\/mutti-parma.com\/app\/uploads\/sites\/25\/2020\/02\/passata-700g-hires-cz-1-150x374.png 150w, https:\/\/mutti-parma.com\/app\/uploads\/sites\/25\/2020\/02\/passata-700g-hires-cz-1-600x1497.png 600w\" loading=\"lazy\" \/><\/div>\n    <\/a>\n  \n  <a class=\"block underline mb-2 mt-2\" href=\"https:\/\/mutti-parma.com\/cz\/produkty\/passata\/\">\n    <h3 class=\"h4\">Passata<\/h3>\n  <\/a>\n\n      <a class=\"block hover:no-underline text-inherit\" href=\"https:\/\/mutti-parma.com\/cz\/produkty\/passata\/\">\n      Raj\u010datov\u00e9 pyr\u00e9\n    <\/a>\n  <\/div>\n        <\/div>\n              <div class=\"swiper-slide\">\n          <div class=\"text-center hover:lift-img mx-auto max-w-28\">\n      <a href=\"https:\/\/mutti-parma.com\/cz\/produkty\/dvojity-koncentrat\/\" class=\"block\">\n            <div class=\"responsive-embed is-contain\" style=\"padding-bottom: 188.23529411765%;\"><img decoding=\"async\" width=\"969\" height=\"3000\" src=\"https:\/\/mutti-parma.com\/app\/uploads\/sites\/25\/2020\/02\/dcp-130g-hires-cz.png\" class=\"inline-block mt-2 wp-image-122\" alt=\"Doppio\" sizes=\"auto, 126px\" data-spai-crop=\"false\" title=\"Doppio\" srcset=\"https:\/\/mutti-parma.com\/app\/uploads\/sites\/25\/2020\/02\/dcp-130g-hires-cz.png 969w, https:\/\/mutti-parma.com\/app\/uploads\/sites\/25\/2020\/02\/dcp-130g-hires-cz-65x200.png 65w, https:\/\/mutti-parma.com\/app\/uploads\/sites\/25\/2020\/02\/dcp-130g-hires-cz-768x2378.png 768w, https:\/\/mutti-parma.com\/app\/uploads\/sites\/25\/2020\/02\/dcp-130g-hires-cz-331x1024.png 331w, https:\/\/mutti-parma.com\/app\/uploads\/sites\/25\/2020\/02\/dcp-130g-hires-cz-150x464.png 150w, https:\/\/mutti-parma.com\/app\/uploads\/sites\/25\/2020\/02\/dcp-130g-hires-cz-600x1858.png 600w\" loading=\"lazy\" \/><\/div>\n    <\/a>\n  \n  <a class=\"block underline mb-2 mt-2\" href=\"https:\/\/mutti-parma.com\/cz\/produkty\/dvojity-koncentrat\/\">\n    <h3 class=\"h4\">Doppio<\/h3>\n  <\/a>\n\n      <a class=\"block hover:no-underline text-inherit\" href=\"https:\/\/mutti-parma.com\/cz\/produkty\/dvojity-koncentrat\/\">\n      Raj\u010datov\u00e1 pasta \u2013 dvojit\u00fd koncentr\u00e1t\n    <\/a>\n  <\/div>\n        <\/div>\n              <div class=\"swiper-slide\">\n          <div class=\"text-center hover:lift-img mx-auto max-w-28\">\n      <a href=\"https:\/\/mutti-parma.com\/cz\/produkty\/pelati\/\" class=\"block\">\n            <div class=\"responsive-embed is-contain\" style=\"padding-bottom: 188.23529411765%;\"><img decoding=\"async\" width=\"1200\" height=\"1820\" src=\"https:\/\/mutti-parma.com\/app\/uploads\/sites\/25\/2020\/02\/pelati-400g-hires-cz-1.png\" class=\"inline-block mt-2 wp-image-127\" alt=\"Pelati\" sizes=\"auto, 126px\" data-spai-crop=\"false\" title=\"Pelati\" srcset=\"https:\/\/mutti-parma.com\/app\/uploads\/sites\/25\/2020\/02\/pelati-400g-hires-cz-1.png 1200w, https:\/\/mutti-parma.com\/app\/uploads\/sites\/25\/2020\/02\/pelati-400g-hires-cz-1-132x200.png 132w, https:\/\/mutti-parma.com\/app\/uploads\/sites\/25\/2020\/02\/pelati-400g-hires-cz-1-330x500.png 330w, https:\/\/mutti-parma.com\/app\/uploads\/sites\/25\/2020\/02\/pelati-400g-hires-cz-1-768x1165.png 768w, https:\/\/mutti-parma.com\/app\/uploads\/sites\/25\/2020\/02\/pelati-400g-hires-cz-1-675x1024.png 675w, https:\/\/mutti-parma.com\/app\/uploads\/sites\/25\/2020\/02\/pelati-400g-hires-cz-1-150x228.png 150w, https:\/\/mutti-parma.com\/app\/uploads\/sites\/25\/2020\/02\/pelati-400g-hires-cz-1-600x910.png 600w\" loading=\"lazy\" \/><\/div>\n    <\/a>\n  \n  <a class=\"block underline mb-2 mt-2\" href=\"https:\/\/mutti-parma.com\/cz\/produkty\/pelati\/\">\n    <h3 class=\"h4\">Pelati<\/h3>\n  <\/a>\n\n      <a class=\"block hover:no-underline text-inherit\" href=\"https:\/\/mutti-parma.com\/cz\/produkty\/pelati\/\">\n      Loupan\u00e1 raj\u010data\n    <\/a>\n  <\/div>\n        <\/div>\n          <\/slideshow>\n  <\/div>\n\n\n","protected":false},"excerpt":{"rendered":"<p>Kontrolou kvality Do na\u0161\u00ed tov\u00e1rny doraz\u00ed jen ta nejlep\u0161\u00ed raj\u010data. Ka\u017ed\u00e1 dod\u00e1vka je kontrolov\u00e1na, abychom dok\u00e1zali vyhov\u011bt vysok\u00fdm standard\u016fm kvality va\u0161\u00ed kuchyn\u011b. Pe\u010dliv\u011b m\u011b\u0159\u00edme obsah cukru, kyselost a barvu. Rozbit\u00e9, k\u0159ehk\u00e9, drobiv\u00e9, zemit\u00e9 nebo kamenit\u00fd plody jsou sta\u017eeny z v\u00fdroby a pou\u017e\u00edvaj\u00ed se jin\u00fdm zp\u016fsobem. Do na\u0161ich hotov\u00fdch v\u00fdrobk\u016f se dostanou pouze raj\u010data, kter\u00e1 spl\u0148uj\u00ed<\/p>\n","protected":false},"author":1,"featured_media":0,"parent":5,"menu_order":6,"comment_status":"closed","ping_status":"closed","template":"template-factory-tour.php","meta":{"_acf_changed":false,"_relevanssi_hide_post":"","_relevanssi_hide_content":"","_relevanssi_pin_for_all":"","_relevanssi_pin_keywords":"","_relevanssi_unpin_keywords":"","_relevanssi_related_keywords":"","_relevanssi_related_include_ids":"","_relevanssi_related_exclude_ids":"","_relevanssi_related_no_append":"","_relevanssi_related_not_related":"","_relevanssi_related_posts":"","_relevanssi_noindex_reason":"","footnotes":""},"class_list":["post-13","page","type-page","status-publish","hentry"],"acf":[],"_links":{"self":[{"href":"https:\/\/mutti-parma.com\/cz\/wp-json\/wp\/v2\/pages\/13","targetHints":{"allow":["GET"]}}],"collection":[{"href":"https:\/\/mutti-parma.com\/cz\/wp-json\/wp\/v2\/pages"}],"about":[{"href":"https:\/\/mutti-parma.com\/cz\/wp-json\/wp\/v2\/types\/page"}],"author":[{"embeddable":true,"href":"https:\/\/mutti-parma.com\/cz\/wp-json\/wp\/v2\/users\/1"}],"replies":[{"embeddable":true,"href":"https:\/\/mutti-parma.com\/cz\/wp-json\/wp\/v2\/comments?post=13"}],"version-history":[{"count":16,"href":"https:\/\/mutti-parma.com\/cz\/wp-json\/wp\/v2\/pages\/13\/revisions"}],"predecessor-version":[{"id":1573,"href":"https:\/\/mutti-parma.com\/cz\/wp-json\/wp\/v2\/pages\/13\/revisions\/1573"}],"up":[{"embeddable":true,"href":"https:\/\/mutti-parma.com\/cz\/wp-json\/wp\/v2\/pages\/5"}],"wp:attachment":[{"href":"https:\/\/mutti-parma.com\/cz\/wp-json\/wp\/v2\/media?parent=13"}],"curies":[{"name":"wp","href":"https:\/\/api.w.org\/{rel}","templated":true}]}}