{"id":1559,"date":"2022-11-18T07:43:46","date_gmt":"2022-11-18T07:43:46","guid":{"rendered":"https:\/\/mutti-parma.com\/cz\/?page_id=1559"},"modified":"2025-12-03T10:04:44","modified_gmt":"2025-12-03T10:04:44","slug":"pomodorino-doro-zlate-rajce","status":"publish","type":"page","link":"https:\/\/mutti-parma.com\/cz\/z-pole-na-vas-stul\/pomodorino-doro-zlate-rajce\/","title":{"rendered":"Pomodorino d&#8217;Oro (Zlat\u00e9 raj\u010de)"},"content":{"rendered":"\n<figure class=\"wp-block-image alignfull mt-0\"><img loading=\"lazy\" decoding=\"async\" src=\"https:\/\/mutti-parma.com\/app\/uploads\/2021\/01\/1-banner-desktop.jpg\" alt=\"\" class=\"wp-image-6325\" \/><\/figure>\n\n\n\n<div class=\"wp-block-group alignwide is-layout-flow wp-block-group-is-layout-flow\">\n<h1 class=\"wp-block-heading has-text-align-center\">\u00da\u010cINN\u00dd SYST\u00c9M<\/h1>\n\n\n\n<h2 class=\"wp-block-heading has-text-align-center is-style-cursive\">Pomodorino d&#8217;Oro je v\u00edce ne\u017e pouh\u00e9 ocen\u011bn\u00ed<\/h2>\n\n\n\n<p class=\"has-text-align-center\">Pomodorino d&#8217;Oro, kter\u00e9 vzniklo v roce 2000, je pen\u011b\u017en\u00ed ocen\u011bn\u00ed ud\u011blovan\u00e9 nejlep\u0161\u00edm farm\u00e1\u0159\u016fm za kvalitu jimi p\u011bstovan\u00fdch raj\u010dat: 100% italsk\u00fd produkt, pe\u010dliv\u011b kontrolovan\u00fd od semene a\u017e po plod.<\/p>\n\n\n\n<p class=\"has-text-align-center\">V posledn\u00edch 26 letech jsme ocenili v\u00edce ne\u017e 800 farm\u00e1\u0159\u016f pen\u011b\u017en\u00edmi \u010d\u00e1stkami ur\u010den\u00fdmi na investice pro zlep\u0161en\u00ed jejich aktivit. T\u00edmto zp\u016fsobem jsme vytvo\u0159ili \u00fa\u010dinn\u00fd syst\u00e9m, kter\u00fd umo\u017e\u0148uje p\u0159in\u00e9st na st\u016fl na\u0161ich spot\u0159ebitel\u016f produkt vysok\u00e9 kvality a jedine\u010dn\u00e9 chuti.<\/p>\n<\/div>\n\n\n\n<figure class=\"wp-block-video alignwide\"><video\n  controls\n  \n  \n  \n  \n  loading=\"lazy\"\n  \n  \n  \n\n  \n  >\n            <source src=\"https:\/\/cdn.mutti-parma.com\/app\/uploads\/sites\/25\/2022\/11\/mutti-new-main-subeng-20211116-1.mp4\" type=\"video\/mp4\">\n      <\/video>\n\n<\/figure>\n\n\n\n<div class=\"wp-block-media-text alignwide is-stacked-on-mobile\"><figure class=\"wp-block-media-text__media\"><img loading=\"lazy\" decoding=\"async\" src=\"https:\/\/mutti-parma.com\/app\/uploads\/2021\/01\/3-img.jpg\" alt=\"\" class=\"wp-image-6332 size-full\" sizes=\"(max-width: 600px) 100vw, (min-width: 1440px) 792px,55vw\" data-spai-crop=\"false\" \/><\/figure><div class=\"wp-block-media-text__content\">\n<h2 class=\"wp-block-heading\">NA\u0160E \u00daSIL\u00cd PRO DOSA\u017dEN\u00cd KVALITY<\/h2>\n\n\n\n<p>Pomodorino d\u2019Oro je odrazem odpov\u011bdn\u00fdch voleb a konkr\u00e9tn\u00edch krok\u016f, kter\u00e9 prov\u00e1d\u00edme ka\u017ed\u00fd den. Tyto volby zahrnuj\u00ed v\u0161echny \u00farovn\u011b zpracovatelsk\u00e9ho \u0159et\u011bzce a n\u011bkdy se t\u00fdkaj\u00ed zhodnocen\u00ed \u00fazem\u00ed vzhledem k p\u016fd\u011b a osob\u00e1m. C\u00edlem je vytvo\u0159it nep\u0159etr\u017eitou spolupr\u00e1ci se zem\u011bd\u011blci a zlep\u0161it kvalitu nab\u00edzen\u00fdch v\u00fdrobk\u016f. Pomodorino d\u2019Oro je nejkonkr\u00e9tn\u011bj\u0161\u00edm symbolem na\u0161eho \u00fasil\u00ed a \u00fasil\u00ed je odrazem kvality Mutti.<\/p>\n<\/div><\/div>\n\n\n\n<div class=\"wp-block-group alignwide is-layout-flow wp-block-group-is-layout-flow\">\n<div class=\"wp-block-group alignwide is-layout-flow wp-block-group-is-layout-flow\">\n<h2 class=\"wp-block-heading has-text-align-center\">V\u00edt\u011bzov\u00e9 roku 2025<\/h2>\n\n\n\n<h2 class=\"wp-block-heading has-text-align-center is-style-cursive\">26. ro\u010dn\u00edk<\/h2>\n\n\n\n<p class=\"has-text-align-center\">Ocen\u011bn\u00ed Pomodorino d\u2019Oro odr\u00e1\u017e\u00ed jeden z na\u0161ich hlavn\u00edch princip\u016f: ka\u017ed\u00e1 odr\u016fda raj\u010dete vy\u017eaduje specifick\u00fd typ p\u016fdy. Tento rok jsme ocenili v\u00edce ne\u017e 60 farm\u00e1\u0159\u016f ze severn\u00ed a ji\u017en\u00ed It\u00e1lie, s d\u016frazem kladen\u00fdm na odr\u016fdy raj\u010dat typick\u00e9 pro ka\u017ed\u00e9 \u00fazem\u00ed. Seznamte se s t\u011bmi, kdo se um\u00edstili na prvn\u00edch t\u0159ech m\u00edstech.<\/p>\n<\/div>\n\n\n\n<div class=\"wp-block-group sm:mx-32 lg:mx-48 is-content-justification-center is-nowrap is-layout-flex wp-container-core-group-is-layout-46403f35 wp-block-group-is-layout-flex\">\n<figure class=\"wp-block-image size-full is-style-default -mx-8 mb-0\"><img loading=\"lazy\" decoding=\"async\" src=\"https:\/\/mutti-parma.com\/app\/uploads\/2024\/04\/pomodorino-doro-tondo.png\" alt=\"\" class=\"wp-image-9945\" style=\"aspect-ratio:0.9003690036900369;object-fit:cover\" \/><\/figure>\n\n\n\n<figure class=\"wp-block-image size-full -mx-8 mb-0\"><img loading=\"lazy\" decoding=\"async\" src=\"https:\/\/mutti-parma.com\/app\/uploads\/2024\/04\/pomodorino-doro-lungo.png\" alt=\"\" class=\"wp-image-9944\" \/><\/figure>\n\n\n\n<figure class=\"wp-block-image size-full -mx-8 mb-0\"><img loading=\"lazy\" decoding=\"async\" src=\"https:\/\/mutti-parma.com\/app\/uploads\/2024\/04\/pomodorino-doro-ciliegino.png\" alt=\"\" class=\"wp-image-9942\" \/><\/figure>\n\n\n\n<figure class=\"wp-block-image size-full -mx-8 mb-0\"><img loading=\"lazy\" decoding=\"async\" src=\"https:\/\/mutti-parma.com\/app\/uploads\/2024\/04\/pomodorino-doro-datterino-1.png\" alt=\"\" class=\"wp-image-9946\" \/><\/figure>\n<\/div>\n\n\n<div class=\"acf-custom-slideshow is-style-plain wp-block-embed is-type-video wp-embed-aspect-1-1 alignwide\" data-vue-wrapper>\n  <tab-slideshow\n    name=\"Custom Slideshow\"\n    :tabs='[\"Tondo di Parma Tomato\",\"Plum Tomato\",\"Cherry Tomato\",\"Baby Roma Tomato\"]'\n    :tabs-above=\"true\"\n    :navigation=\"false\"\n    :pagination=\"true\"\n    :append-navigation=\"true\"\n    :hide-navigation-mobile=\"true\"\n    :options='{\"autoHeight\":false}'\n    navigation-class=\"\"\n    :slideshow-classes='{\"wrapper\":\"text-white py-12 md:py-32 md:pb-16 md:px-16 has-background\",\"navigationNextButton\":\"fa-solid fa-chevron-right text-primary text-2xl lg:text-4xl mr-10 md:mt-16 hidden md:block\",\"navigationPrevButton\":\"fa-solid fa-chevron-left text-primary text-2xl lg:text-4xl ml-10 md:mt-16 hidden md:block\"}'\n          slideshow-background=\"https:\/\/mutti-parma.com\/app\/uploads\/sites\/3\/2021\/10\/5-video-gallery-bkg.jpeg\"\n      >\n          <div class=\"swiper-slide \">\n        <div class=\"flex flex-wrap align-stretch\">\n          <div class=\"flex-1 p-4 md:p-8 lg:pl-16 text-center md:text-left\">\n                          <h2>Luca Zavaroni<\/h2>\n<p class=\"has-xxl-font-size is-style-cursive\">\u201ePro n\u00e1s v\u0161echny znamen\u00e1 produkovat kvalitn\u00ed raj\u010data snahu ka\u017ed\u00fd rok vynalo\u017eit ve\u0161ker\u00e9 \u00fasil\u00ed a energii, zejm\u00e9na kdy\u017e dod\u00e1v\u00e1me pro pr\u016fmysl.\u201c<\/p>\n\n                      <\/div>\n\n                      <div\n              class=\"\n                w-full md:w-1\/2\n                order-first\n                \n                flex justify-center md:justify-end\n                content-center lg:content-start\n              \"\n                          >\n              \n                              <div class=\"wp-block-embed is-type-video wp-embed-aspect-16-9 wp-has-aspect-ratio w-full self-center\">\n                  <div class=\"wp-block-embed__wrapper\">\n                    <iframe loading=\"lazy\" loading=\"lazy\" title=\"2025 Winner for Round Tomato - Luca Zavaroni\" width=\"500\" height=\"281\" data-cookieconsent=\"marketing\" data-src=\"\/\/www.youtube-nocookie.com\/embed\/zPFkN_Qa3x0?rel=0&#038;modestbranding=1&#038;enablejsapi=1&#038;feature=oembed&#038;width=500&#038;height=750\" frameborder=\"0\" allow=\"accelerometer; autoplay; clipboard-write; encrypted-media; gyroscope; picture-in-picture; web-share\" referrerpolicy=\"strict-origin-when-cross-origin\" allowfullscreen><\/iframe><div class=\"cookieconsent-embed-approval\">\n  <p>To watch this video you need to approve marketing cookies so we can use YouTube.<\/p>\n  <button class=\"btn btn-renew-cookie-consent\">\n    Manage Settings\n  <\/button>\n<\/div>\n<div class=\"cookieconsent-embed-approval\">\n  <p>To watch this video you need to approve marketing cookies so we can use YouTube.<\/p>\n  <button class=\"btn btn-renew-cookie-consent\">\n    Manage Settings\n  <\/button>\n<\/div>\n\n                  <\/div>\n                <\/div>\n                          <\/div>\n                  <\/div>\n      <\/div>\n          <div class=\"swiper-slide \">\n        <div class=\"flex flex-wrap align-stretch\">\n          <div class=\"flex-1 p-4 md:p-8 lg:pl-16 text-center md:text-left\">\n                          <h2>Michele Borrelli<\/h2>\n<p class=\"has-xxl-font-size is-style-cursive\">\u201eNa sklizni mi velmi z\u00e1le\u017e\u00ed, proto\u017ee kdy\u017e vyp\u011bstujete dobr\u00fd produkt a p\u0159ijde \u010das skl\u00edzet, c\u00edt\u00edte ve\u0161ker\u00e9 uspokojen\u00ed, kter\u00e9 m\u016f\u017ee p\u011bstitel m\u00edt.\u201c<\/p>\n\n                      <\/div>\n\n                      <div\n              class=\"\n                w-full md:w-1\/2\n                order-first\n                \n                flex justify-center md:justify-end\n                content-center lg:content-start\n              \"\n                          >\n              \n                              <div class=\"wp-block-embed is-type-video wp-embed-aspect-16-9 wp-has-aspect-ratio w-full self-center\">\n                  <div class=\"wp-block-embed__wrapper\">\n                    <iframe loading=\"lazy\" loading=\"lazy\" title=\"2025 Winner for Plum Tomato - Michele Borrelli\" width=\"500\" height=\"281\" data-cookieconsent=\"marketing\" data-src=\"\/\/www.youtube-nocookie.com\/embed\/MSgYe0SFxK8?rel=0&#038;modestbranding=1&#038;enablejsapi=1&#038;feature=oembed&#038;width=500&#038;height=750\" frameborder=\"0\" allow=\"accelerometer; autoplay; clipboard-write; encrypted-media; gyroscope; picture-in-picture; web-share\" referrerpolicy=\"strict-origin-when-cross-origin\" allowfullscreen><\/iframe><div class=\"cookieconsent-embed-approval\">\n  <p>To watch this video you need to approve marketing cookies so we can use YouTube.<\/p>\n  <button class=\"btn btn-renew-cookie-consent\">\n    Manage Settings\n  <\/button>\n<\/div>\n<div class=\"cookieconsent-embed-approval\">\n  <p>To watch this video you need to approve marketing cookies so we can use YouTube.<\/p>\n  <button class=\"btn btn-renew-cookie-consent\">\n    Manage Settings\n  <\/button>\n<\/div>\n\n                  <\/div>\n                <\/div>\n                          <\/div>\n                  <\/div>\n      <\/div>\n          <div class=\"swiper-slide \">\n        <div class=\"flex flex-wrap align-stretch\">\n          <div class=\"flex-1 p-4 md:p-8 lg:pl-16 text-center md:text-left\">\n                          <h2>Alfonso Fantasia<\/h2>\n<p class=\"has-xxl-font-size is-style-cursive\">\u201eSiln\u00e9 hodnoty mi umo\u017enily pracovat s Mutti. Kvalitn\u00ed raj\u010de je zdrav\u00e9, \u010derven\u00e9 a p\u0159edev\u0161\u00edm p\u011bstovan\u00e9 s ohledem na spr\u00e1vn\u00e9 zavla\u017eovac\u00ed postupy a dopad na \u017eivotn\u00ed prost\u0159ed\u00ed.\u201c<\/p>\n\n                      <\/div>\n\n                      <div\n              class=\"\n                w-full md:w-1\/2\n                order-first\n                \n                flex justify-center md:justify-end\n                content-center lg:content-start\n              \"\n                          >\n              \n                              <div class=\"wp-block-embed is-type-video wp-embed-aspect-16-9 wp-has-aspect-ratio w-full self-center\">\n                  <div class=\"wp-block-embed__wrapper\">\n                    <iframe loading=\"lazy\" loading=\"lazy\" title=\"2025 Winner for Cherry Tomato - Alfonso Fantasia\" width=\"500\" height=\"281\" data-cookieconsent=\"marketing\" data-src=\"\/\/www.youtube-nocookie.com\/embed\/H3Ah7vvzfok?rel=0&#038;modestbranding=1&#038;enablejsapi=1&#038;feature=oembed&#038;width=500&#038;height=750\" frameborder=\"0\" allow=\"accelerometer; autoplay; clipboard-write; encrypted-media; gyroscope; picture-in-picture; web-share\" referrerpolicy=\"strict-origin-when-cross-origin\" allowfullscreen><\/iframe><div class=\"cookieconsent-embed-approval\">\n  <p>To watch this video you need to approve marketing cookies so we can use YouTube.<\/p>\n  <button class=\"btn btn-renew-cookie-consent\">\n    Manage Settings\n  <\/button>\n<\/div>\n<div class=\"cookieconsent-embed-approval\">\n  <p>To watch this video you need to approve marketing cookies so we can use YouTube.<\/p>\n  <button class=\"btn btn-renew-cookie-consent\">\n    Manage Settings\n  <\/button>\n<\/div>\n\n                  <\/div>\n                <\/div>\n                          <\/div>\n                  <\/div>\n      <\/div>\n          <div class=\"swiper-slide \">\n        <div class=\"flex flex-wrap align-stretch\">\n          <div class=\"flex-1 p-4 md:p-8 lg:pl-16 text-center md:text-left\">\n                          <h2>gabriele and Marco Costa<\/h2>\n<p class=\"has-xxl-font-size is-style-cursive\">\u201eP\u0159edstava, \u017ee jedete na jin\u00fd kontinent a najdete tam sklenici Mutti, ve v\u00e1s opravdu vyvol\u00e1 emoce, kdy\u017e si vzpomenete na v\u0161e, co bylo ud\u011bl\u00e1no, aby tato sklenice mohla vzniknout.\u201c<\/p>\n\n                      <\/div>\n\n                      <div\n              class=\"\n                w-full md:w-1\/2\n                order-first\n                \n                flex justify-center md:justify-end\n                content-center lg:content-start\n              \"\n                          >\n              \n                              <div class=\"wp-block-embed is-type-video wp-embed-aspect-16-9 wp-has-aspect-ratio w-full self-center\">\n                  <div class=\"wp-block-embed__wrapper\">\n                    <iframe loading=\"lazy\" loading=\"lazy\" title=\"2025 Winners for Baby Roma - Gabriele &amp; Marco Costa\" width=\"500\" height=\"281\" data-cookieconsent=\"marketing\" data-src=\"\/\/www.youtube-nocookie.com\/embed\/ixt0vKs0uzA?rel=0&#038;modestbranding=1&#038;enablejsapi=1&#038;feature=oembed&#038;width=500&#038;height=750\" frameborder=\"0\" allow=\"accelerometer; autoplay; clipboard-write; encrypted-media; gyroscope; picture-in-picture; web-share\" referrerpolicy=\"strict-origin-when-cross-origin\" allowfullscreen><\/iframe><div class=\"cookieconsent-embed-approval\">\n  <p>To watch this video you need to approve marketing cookies so we can use YouTube.<\/p>\n  <button class=\"btn btn-renew-cookie-consent\">\n    Manage Settings\n  <\/button>\n<\/div>\n<div class=\"cookieconsent-embed-approval\">\n  <p>To watch this video you need to approve marketing cookies so we can use YouTube.<\/p>\n  <button class=\"btn btn-renew-cookie-consent\">\n    Manage Settings\n  <\/button>\n<\/div>\n\n                  <\/div>\n                <\/div>\n                          <\/div>\n                  <\/div>\n      <\/div>\n      <\/tab-slideshow>\n<\/div>\n<\/div>\n\n\n\n<div class=\"wp-block-cover alignwide is-light\" style=\"min-height:457px;aspect-ratio:unset;\"><img loading=\"lazy\" decoding=\"async\" class=\"wp-block-cover__image-background wp-image-6363\" alt=\"\" src=\"https:\/\/mutti-parma.com\/app\/uploads\/2021\/01\/6-parallax-banner.jpg\" data-object-fit=\"cover\" \/><span aria-hidden=\"true\" class=\"wp-block-cover__background has-background-dim-20 has-background-dim\"><\/span><div class=\"wp-block-cover__inner-container is-layout-flow wp-block-cover-is-layout-flow\">\n\n\n<h2 class=\"wp-block-heading\">Z\u00e1kladn\u00ed hodnoty ocen\u011bn\u00ed Pomodorino d&#8217;Oro<\/h2>\n\n\n<\/div><\/div>\n\n\n\n<div class=\"wp-block-media-text alignwide has-media-on-the-right is-stacked-on-mobile\" style=\"grid-template-columns:auto 40%\"><div class=\"wp-block-media-text__content\">\n<h2 class=\"wp-block-heading\">P\u00c9\u010cE<\/h2>\n\n\n\n<h3 class=\"wp-block-heading is-style-cursive\">Kontroly a v\u00fdb\u011br ji\u017e na poli<\/h3>\n\n\n\n<p><strong>Na\u0161i farm\u00e1\u0159i s n\u00e1mi sd\u00edl\u00ed hodnotu spo\u010d\u00edvaj\u00edc\u00ed v p\u00e9\u010di a respektuj\u00ed ji sb\u011brem t\u011bch nejlep\u0161\u00edch raj\u010dat<\/strong> z hlediska zralosti, barvy, konzistence, \u010derstvosti a sladkosti plodu.&nbsp;Pouze takto je mo\u017en\u00e9<strong> \u00fasp\u011b\u0161n\u011b proj\u00edt vstupn\u00edmi kontrolami kvality v na\u0161ich z\u00e1vodech<\/strong>&nbsp;a z\u00edskat, za ka\u017edou dod\u00e1vku, body, kter\u00e9 d\u00e1vaj\u00ed n\u00e1rok na finan\u010dn\u00ed bonus spojen\u00fd s ocen\u011bn\u00edm Pomodorino d\u2019Oro.<\/p>\n\n\n\n<p><strong>P\u00e9\u010di vn\u00edm\u00e1me jako zaji\u0161t\u011bn\u00ed vysok\u00fdch standard\u016f kvality s ohledem na \u017eivotn\u00ed prost\u0159ed\u00ed a lidsk\u00e9 zdrav\u00ed.&nbsp;<\/strong>P\u0159i pr\u00e1ci se \u0159\u00edd\u00edme pravidly prointegrovan\u00fd syst\u00e9m produkce: p\u0159i \u0159\u00edzen\u00ed zem\u011bd\u011blsk\u00e9 produkce sni\u017eujeme spot\u0159ebu vody a energie bez jak\u00e9hokoliv dopadu na kvalitu, se zaji\u0161t\u011bn\u00edm sledovatelnosti cel\u00e9ho zpracovatelsk\u00e9ho \u0159et\u011bzce a\u017e ke kone\u010dn\u00e9mu v\u00fdrobku.<\/p>\n<\/div><figure class=\"wp-block-media-text__media\"><img loading=\"lazy\" decoding=\"async\" src=\"https:\/\/mutti-parma.com\/app\/uploads\/sites\/7\/2024\/11\/2-cura-1024x1024.jpg\" alt=\"\" class=\"wp-image-11537 size-full\" sizes=\"(max-width: 600px) 100vw, (min-width: 1440px) 576px,40vw\" data-spai-crop=\"false\" \/><\/figure><\/div>\n\n\n\n<div class=\"wp-block-media-text alignwide is-stacked-on-mobile\" style=\"grid-template-columns:40% auto\"><figure class=\"wp-block-media-text__media\"><img loading=\"lazy\" decoding=\"async\" src=\"https:\/\/mutti-parma.com\/app\/uploads\/sites\/7\/2024\/11\/3-rispetto-1024x1024.jpg\" alt=\"\" class=\"wp-image-11538 size-full\" sizes=\"(max-width: 600px) 100vw, (min-width: 1440px) 576px,40vw\" data-spai-crop=\"false\" \/><\/figure><div class=\"wp-block-media-text__content\">\n<h2 class=\"wp-block-heading\">RESPEKT<\/h2>\n\n\n\n<h3 class=\"wp-block-heading is-style-cursive\">Vy\u0161\u0161\u00ed cena za lep\u0161\u00ed raj\u010de<\/h3>\n\n\n\n<p>Na\u0161im zem\u011bd\u011blc\u016fm plat\u00edme vy\u0161\u0161\u00ed cenu ne\u017e je ta tr\u017en\u00ed za raj\u010data vysok\u00e9 kvality, \u010d\u00edm\u017e utu\u017eujeme vztahy mezi podniky a podporujeme jejich r\u016fst. To pro n\u00e1s znamen\u00e1 respekt.<\/p>\n\n\n\n<p>B\u011bhem let jsme p\u0159isp\u011bli k roz\u0161\u00ed\u0159en\u00ed mechanick\u00e9ho sb\u011bru, kter\u00fd dnes na pol\u00edch na\u0161ich farm\u00e1\u0159\u016f ze severn\u00ed a ji\u017en\u00ed It\u00e1lie p\u0159edstavuje 100%: povinn\u00fd organiza\u010dn\u00ed modul, kter\u00fd po\u017eaduje, aby na\u0161i farm\u00e1\u0159i sd\u00edleli na\u0161e etick\u00e9 a soci\u00e1ln\u00ed po\u017eadavky a dodr\u017eovali je.<br><\/p>\n<\/div><\/div>\n\n\n\n<div class=\"wp-block-media-text alignwide has-media-on-the-right is-stacked-on-mobile\" style=\"grid-template-columns:auto 40%\"><div class=\"wp-block-media-text__content\">\n<h2 class=\"wp-block-heading\">SPOLUPR\u00c1CE<\/h2>\n\n\n\n<h3 class=\"wp-block-heading is-style-cursive\">Kvalita, t\u00fdmov\u00e1 pr\u00e1ce<\/h3>\n\n\n\n<p>Spolupr\u00e1ce s na\u0161imi zem\u011bd\u011blci se op\u00edr\u00e1 o vz\u00e1jemnou d\u016fv\u011bru a oporu. Transparentn\u00ed vztah zalo\u017een\u00fd na rovnopr\u00e1vn\u00fdch smluvn\u00edch vztaz\u00edch, kter\u00e9 posiluj\u00ed na\u0161e zem\u011bd\u011blsk\u00e9 podniky.<\/p>\n\n\n\n<p>D\u00edky slu\u017eb\u011b zem\u011bd\u011blsk\u00e9 podpory Mutti sd\u00edl\u00edme s farm\u00e1\u0159i na\u0161e znalosti a poskytujeme jim nejlep\u0161\u00ed technologick\u00e9 platformy. To umo\u017e\u0148uje vyu\u017eit\u00ed inovativn\u00edch postup\u016f p\u011bstov\u00e1n\u00ed k zaji\u0161t\u011bn\u00ed neust\u00e1l\u00e9ho r\u016fstu jejich know-how a nab\u00eddnut\u00ed produkt\u016f nejlep\u0161\u00ed kvality, kter\u00e9 ka\u017ed\u00fd den p\u0159in\u00e1\u0161\u00edme na stoly na\u0161ich spot\u0159ebitel\u016f.<\/p>\n<\/div><figure class=\"wp-block-media-text__media\"><img loading=\"lazy\" decoding=\"async\" src=\"https:\/\/mutti-parma.com\/app\/uploads\/sites\/7\/2024\/11\/4-collaborazione-1024x1024.jpg\" alt=\"\" class=\"wp-image-11540 size-full\" sizes=\"(max-width: 600px) 100vw, (min-width: 1440px) 576px,40vw\" data-spai-crop=\"false\" \/><\/figure><\/div>\n\n\n\n<div class=\"wp-block-media-text alignwide is-stacked-on-mobile\" style=\"grid-template-columns:40% auto\"><figure class=\"wp-block-media-text__media\"><img loading=\"lazy\" decoding=\"async\" src=\"https:\/\/mutti-parma.com\/app\/uploads\/sites\/7\/2024\/11\/soddisfazione-1024x1024.jpg\" alt=\"\" class=\"wp-image-11526 size-full\" sizes=\"(max-width: 600px) 100vw, (min-width: 1440px) 576px,40vw\" data-spai-crop=\"false\" \/><\/figure><div class=\"wp-block-media-text__content\">\n<h2 class=\"wp-block-heading\">USPOKOJEN\u00cd<\/h2>\n\n\n\n<h3 class=\"wp-block-heading is-style-cursive\">Z pole na st\u016fl<\/h3>\n\n\n\n<p>Ka\u017ed\u00e1 dod\u00e1vka raj\u010dat, kter\u00e1 je p\u0159evzata v na\u0161ich z\u00e1vodech, je d\u016fvodem pro obrovsk\u00e9 uspokojen\u00ed t\u011bch, kte\u0159\u00ed je vyp\u011bstovali. Znamen\u00e1 to toti\u017e spln\u011bn\u00ed nejp\u0159\u00edsn\u011bj\u0161\u00edch zkou\u0161ek. Jedn\u00e1 se o \u00fasp\u011b\u0161n\u00e9 zavr\u0161en\u00ed celoro\u010dn\u00ed pr\u00e1ce.<\/p>\n\n\n\n<p>D\u016fvod k uspokojen\u00ed v\u0161ak m\u00e1me i my z Mutti, proto\u017ee to znamen\u00e1, \u017ee jsme p\u0159isp\u011bli k vytvo\u0159en\u00ed hodnoty v ka\u017ed\u00e9 f\u00e1zi zpracovatelsk\u00e9ho \u0159et\u011bzce a dosa\u017een\u00ed vynikaj\u00edc\u00edch v\u00fdrobk\u016f nejenom co se t\u00fd\u010de chuti, ale i etick\u00fdch voleb, s c\u00edlem zaru\u010dit respekt v\u016f\u010di lidem, farm\u00e1\u0159\u016fm i spot\u0159ebitel\u016fm.<\/p>\n\n\n\n<p>Stejn\u00e9 uspokojen\u00ed nach\u00e1z\u00edme ka\u017ed\u00fd den v kuchyni t\u011bch, kte\u0159\u00ed vkl\u00e1daj\u00ed do sv\u00e9 \u010dinnosti to nejlep\u0161\u00ed, aby p\u0159inesli na st\u016fl pokrmy jedine\u010dn\u00e9 chuti a aby ud\u011blali radost t\u011bm, kter\u00e9 miluj\u00ed.<br><\/p>\n<\/div><\/div>\n","protected":false},"excerpt":{"rendered":"<p>\u00da\u010cINN\u00dd SYST\u00c9M Pomodorino d&#8217;Oro je v\u00edce ne\u017e pouh\u00e9 ocen\u011bn\u00ed Pomodorino d&#8217;Oro, kter\u00e9 vzniklo v roce 2000, je pen\u011b\u017en\u00ed ocen\u011bn\u00ed ud\u011blovan\u00e9 nejlep\u0161\u00edm farm\u00e1\u0159\u016fm za kvalitu jimi p\u011bstovan\u00fdch raj\u010dat: 100% italsk\u00fd produkt, pe\u010dliv\u011b kontrolovan\u00fd od semene a\u017e po plod. V posledn\u00edch 26 letech jsme ocenili v\u00edce ne\u017e 800 farm\u00e1\u0159\u016f pen\u011b\u017en\u00edmi \u010d\u00e1stkami ur\u010den\u00fdmi na investice pro zlep\u0161en\u00ed jejich<\/p>\n","protected":false},"author":1,"featured_media":0,"parent":5,"menu_order":17,"comment_status":"closed","ping_status":"closed","template":"","meta":{"_acf_changed":false,"_relevanssi_hide_post":"","_relevanssi_hide_content":"","_relevanssi_pin_for_all":"","_relevanssi_pin_keywords":"","_relevanssi_unpin_keywords":"","_relevanssi_related_keywords":"","_relevanssi_related_include_ids":"","_relevanssi_related_exclude_ids":"","_relevanssi_related_no_append":"","_relevanssi_related_not_related":"","_relevanssi_related_posts":"","_relevanssi_noindex_reason":"","footnotes":""},"class_list":["post-1559","page","type-page","status-publish","hentry"],"acf":[],"_links":{"self":[{"href":"https:\/\/mutti-parma.com\/cz\/wp-json\/wp\/v2\/pages\/1559","targetHints":{"allow":["GET"]}}],"collection":[{"href":"https:\/\/mutti-parma.com\/cz\/wp-json\/wp\/v2\/pages"}],"about":[{"href":"https:\/\/mutti-parma.com\/cz\/wp-json\/wp\/v2\/types\/page"}],"author":[{"embeddable":true,"href":"https:\/\/mutti-parma.com\/cz\/wp-json\/wp\/v2\/users\/1"}],"replies":[{"embeddable":true,"href":"https:\/\/mutti-parma.com\/cz\/wp-json\/wp\/v2\/comments?post=1559"}],"version-history":[{"count":18,"href":"https:\/\/mutti-parma.com\/cz\/wp-json\/wp\/v2\/pages\/1559\/revisions"}],"predecessor-version":[{"id":1905,"href":"https:\/\/mutti-parma.com\/cz\/wp-json\/wp\/v2\/pages\/1559\/revisions\/1905"}],"up":[{"embeddable":true,"href":"https:\/\/mutti-parma.com\/cz\/wp-json\/wp\/v2\/pages\/5"}],"wp:attachment":[{"href":"https:\/\/mutti-parma.com\/cz\/wp-json\/wp\/v2\/media?parent=1559"}],"curies":[{"name":"wp","href":"https:\/\/api.w.org\/{rel}","templated":true}]}}