{"id":138,"date":"2020-02-05T13:54:28","date_gmt":"2020-02-05T13:54:28","guid":{"rendered":"https:\/\/mutti-parma.com\/cz\/?post_type=product&#038;p=138"},"modified":"2020-07-10T07:57:58","modified_gmt":"2020-07-10T07:57:58","slug":"polpa-met-knoflook","status":"publish","type":"product","link":"https:\/\/mutti-parma.com\/cz\/produkty\/polpa-met-knoflook\/","title":{"rendered":"Polpa s \u010desnekem"},"content":{"rendered":"\n<div style=\"--media-width: 50\" class=\"wp-block-media-text alignwide has-media-on-the-right is-stacked-on-mobile is-style-hero has-background-image\"><img loading=\"lazy\" decoding=\"async\" class=\"wp-block-media-text__background\" alt=\"\" data-spai-crop=\"true\" src=\"https:\/\/mutti-parma.com\/app\/uploads\/sites\/3\/2019\/09\/texture-banner-mutti-default-gradient.jpg\" \/><figure class=\"wp-block-media-text__media\"><img loading=\"lazy\" decoding=\"async\" width=\"675\" height=\"1024\" src=\"https:\/\/mutti-parma.com\/app\/uploads\/sites\/25\/2020\/02\/polpa-aglio-400g-hires-cz-1-675x1024.png\" alt=\"\" class=\"wp-image-125\" sizes=\"(min-width: 1440px) 528px,37vw\" data-spai-crop=\"false\" srcset=\"https:\/\/mutti-parma.com\/app\/uploads\/sites\/25\/2020\/02\/polpa-aglio-400g-hires-cz-1-675x1024.png 675w, https:\/\/mutti-parma.com\/app\/uploads\/sites\/25\/2020\/02\/polpa-aglio-400g-hires-cz-1-132x200.png 132w, https:\/\/mutti-parma.com\/app\/uploads\/sites\/25\/2020\/02\/polpa-aglio-400g-hires-cz-1-330x500.png 330w, https:\/\/mutti-parma.com\/app\/uploads\/sites\/25\/2020\/02\/polpa-aglio-400g-hires-cz-1-768x1165.png 768w, https:\/\/mutti-parma.com\/app\/uploads\/sites\/25\/2020\/02\/polpa-aglio-400g-hires-cz-1-150x228.png 150w, https:\/\/mutti-parma.com\/app\/uploads\/sites\/25\/2020\/02\/polpa-aglio-400g-hires-cz-1-600x910.png 600w, https:\/\/mutti-parma.com\/app\/uploads\/sites\/25\/2020\/02\/polpa-aglio-400g-hires-cz-1.png 1200w\" \/><\/figure><div class=\"wp-block-media-text__content\"><div class=\"acf-breadcrumb my-4 md:my-8 text-center md:text-left\">\n  <nav>\n  <ol class=\"list-none text-md\">\n                  <li class=\"inline\">\n                      <a class=\"text-inherit\" href=\"https:\/\/mutti-parma.com\/cz\/\">\n              \u00davod\n            <\/a>\n                                <span aria-hidden=\"true\">\/&nbsp;<\/span>\n                  <\/li>\n                        <li class=\"inline\">\n                      <a class=\"text-inherit\" href=\"https:\/\/mutti-parma.com\/cz\/produkty\/\">\n              Products\n            <\/a>\n                            <\/li>\n            <\/ol>\n<\/nav>\n<\/div>\n\n\n\n<h1 class=\"has-primary-color wp-block-heading\">Polpa s \u010desnekem<\/h1>\n\n\n\n<p class=\"has-xxl-font-size is-style-cursive\">Jemn\u011b kr\u00e1jen\u00e1 raj\u010data<\/p>\n\n\n\n<p>Mutti Polpa zachov\u00e1v\u00e1 ve\u0161kerou \u010derstvost pr\u00e1v\u011b sklizen\u00fdch raj\u010dat a dod\u00e1v\u00e1 jim jemnou chu\u0165 \u010desneku. Tento jedine\u010dn\u00fd produkt kombinuje jemn\u011b kr\u00e1jenou du\u017enatou \u010d\u00e1st raj\u010dat s jejich vlastn\u00ed \u0161\u0165\u00e1vou.<\/p>\n\n\n\n\n<\/div><\/div>\n\n\n<div class=\"acf-product-nutrition-tabs alignwide\">\n  <div class=\"\">\n    <ul class=\"list-none flex justify-center sm:justify-left\">\n              <li class=\"mr-4\">\n          <a href=\"javascript: void(0)\" data-toggle=\"nutrition\" class=\"btn-outline \" data-gtm-track data-gtm-event=\"GAevent\" data-gtm-event-id=\"13\" data-gtm-category=\"recipe_information\" data-gtm-action=\"nutrition\" data-gtm-label=\"polpa_s_%c4%8desnekem\">\n            V\u00fd\u017eivov\u00e9 \u00fadaje\n          <\/a>\n        <\/li>\n                    <li>\n          <a href=\"#howtouse\" class=\"btn-outline \" data-gtm-track data-gtm-event=\"GAevent\" data-gtm-event-id=\"13\" data-gtm-category=\"recipe_information\" data-gtm-action=\"how_to_use\" data-gtm-label=\"polpa_s_%c4%8desnekem\">\n            Pou\u017eit\u00ed\n          <\/a>\n        <\/li>\n      \n          <\/ul>\n  <\/div>\n\n      <div class=\"flex flex-wrap mt-8 mb-4 hidden\" id=\"nutrition\">\n      <div class=\"w-full sm:w-1\/2\">\n        <p>Jemn\u011b kr\u00e1jen\u00e1 raj\u010data s \u010desnekem<\/p>\n\n      <\/div>\n      <div class=\"w-full mt-8 sm:mt-0 sm:w-1\/2 sm:pl-8 md:pl-16\">\n        \n          <table class=\"w-full\">\n            <thead>\n              <tr class=\"border-b\">\n                <th colspan=\"2\" class=\"py-2 text-left\">V\u00fd\u017eivov\u00e9 \u00fadaje na \/ 100 g\r\n<\/thead>\n              <\/tr>\n            <\/thead>\n            <tbody>\n                              <tr class=\"border-b\">\n                  <th class=\"py-2 text-left font-normal\">Energetick\u00e1 hodnota<\/th>\n                  <td class=\"py-2 text-right\">110 kJ \/ 26 kcal<\/td>\n                <\/tr>\n                              <tr class=\"border-b\">\n                  <th class=\"py-2 text-left font-normal\">Tuky<\/th>\n                  <td class=\"py-2 text-right\">0,2 g<\/td>\n                <\/tr>\n                              <tr class=\"border-b\">\n                  <th class=\"py-2 text-left font-normal\">&#8211; z toho nasycen\u00e9 mastn\u00e9 kyseliny<\/th>\n                  <td class=\"py-2 text-right\">0,1 g<\/td>\n                <\/tr>\n                              <tr class=\"border-b\">\n                  <th class=\"py-2 text-left font-normal\">Sacharidy<\/th>\n                  <td class=\"py-2 text-right\">3,9 g<\/td>\n                <\/tr>\n                              <tr class=\"border-b\">\n                  <th class=\"py-2 text-left font-normal\">&#8211; z toho cukry<\/th>\n                  <td class=\"py-2 text-right\">2,8 g<\/td>\n                <\/tr>\n                              <tr class=\"border-b\">\n                  <th class=\"py-2 text-left font-normal\">B\u00edlkoviny<\/th>\n                  <td class=\"py-2 text-right\">1,2 g<\/td>\n                <\/tr>\n                              <tr class=\"border-b\">\n                  <th class=\"py-2 text-left font-normal\">S\u016fl<\/th>\n                  <td class=\"py-2 text-right\">0,3 g<\/td>\n                <\/tr>\n                          <\/tbody>\n          <\/table>\n              <\/div>\n    <\/div>\n  <\/div>\n\n\n\n\n<div\n  class=\"acf-how-is-it-made alignwide text-center \"\n  data-vue-wrapper\n  >\n      <h2>How is it made?<\/h2>\n  \n  <slideshow :slides-per-view=\"3\" :slides-per-view-sm=\"1\" :slides-per-view-md=\"2\" name=\"How is it made\" class=\"mb-8\">\n      <\/slideshow>\n\n      <p class=\"is-style-cursive text-5xl\">Chcete se dozv\u011bd\u011bt v\u00edce o tom, jak vyr\u00e1b\u00edme na\u0161e produkty<\/p>\n  \n      <h3>\n      <a href=\"https:\/\/mutti-parma.com\/cz\/z-pole-na-vas-stul\/\" target=\"\">NAV\u0160TIVTE STR\u00c1NKU V\u00ddROBN\u00cdHO PROCESU <\/a>\n    <\/h3>\n  <\/div>\n\n\n\n\n\n<hr class=\"wp-block-separator alignwide\"\/>\n\n\n<div class=\"acf-comments alignwide my-8\">\n  <div class=\"flex flex-wrap mb-4 items-center text-center sm:text-left px-0 sm:px-2 md:px-0\">\n    <h3 class=\"w-full sm:w-auto is-style-cursive text-primary my-0 leading-none\">Ohodnotit a sd\u00edlet<\/h3>\n    <div class=\"w-full sm:w-auto flex-auto mt-1 sm:ml-8\">\n          <\/div>\n\n          <div class=\"mx-auto sm:ml-0 mt-3 sm:mt-0\">\n                  <div\n  class=\"shariff\"\n  data-button-style=\"icon\"\n  data-mail-body=\"https:\/\/mutti-parma.com\/cz\/produkty\/polpa-met-knoflook\/\"\n  data-mail-subject=\"Polpa s \u010desnekem - Mutti\"\n  data-mail-url=\"mailto:\"\n  data-media-url=\"https:\/\/mutti-parma.com\/app\/uploads\/sites\/25\/2020\/02\/polpa-aglio-400g-hires-cz-1.png\"\n  data-services=\"[&#039;facebook&#039;, &#039;twitter&#039;, &#039;whatsapp&#039;, &#039;pinterest&#039;, &#039;mail&#039;]\"\n><\/div>\n              <\/div>\n      <\/div>\n\n  <div>\n                <\/div>\n<\/div>\n\n\n\n<hr class=\"wp-block-separator alignwide\"\/>\n\n\n\n<div class=\"wp-block-cover alignwide has-background-dim-80 has-darkred-background-color has-background-dim\" style=\"background-image:url(https:\/\/mutti-parma.com\/app\/uploads\/sites\/3\/2019\/09\/tomatoes.jpg)\"><div class=\"wp-block-cover__inner-container is-layout-flow wp-block-cover-is-layout-flow\">\n<div class=\"wp-block-columns alignwide is-layout-flex wp-container-core-columns-is-layout-9d6595d7 wp-block-columns-is-layout-flex\">\n<div class=\"wp-block-column is-layout-flow wp-block-column-is-layout-flow\">\n<h2 class=\"wp-block-heading\" id=\"sustainability\">Udr\u017eitelnost<\/h2>\n\n\n\n<p class=\"is-style-cursive mb-0\">Udr\u017eitelnost pro n\u00e1s znamen\u00e1 \u00factu k zemi<\/p>\n\n\n\n<h4 class=\"wp-block-heading\">Spolupr\u00e1ce s WWF<\/h4>\n\n\n\n<p>Spole\u010dnost Mutti \u00fazce spolupracovala s fondem WWF v It\u00e1lii na tom, aby spole\u010dn\u011b pomohli zem\u011bd\u011blc\u016fm nach\u00e1zet udr\u017eiteln\u00e9 zp\u016fsoby, jak sn\u00ed\u017eit jejich spot\u0159ebu vody a emise CO2. Italsk\u00fd fond WWF nejen stanovil c\u00edle, ale tak\u00e9 umo\u017enil zem\u011bd\u011blc\u016fm analyzovat a proch\u00e1zet data a zji\u0161\u0165ovat tak, co by se dalo ud\u011blat. Tato organizace nap\u0159\u00edklad doporu\u010dila pou\u017eit\u00ed speci\u00e1ln\u00edch senzor\u016f, kter\u00e9 rozpoznaj\u00ed vlhkost v p\u016fd\u011b a poskytuj\u00ed u\u017eite\u010dn\u00e9 informace na podporu efektivn\u00edho vyu\u017e\u00edv\u00e1n\u00ed vody. <br><br>Spole\u010dnost Mutti investovala do technologi\u00ed, vzd\u011bl\u00e1v\u00e1n\u00ed a technick\u00e9 podpory pro zem\u011bd\u011blce a zem\u011bd\u011blsk\u00e9 organizace. I po skon\u010den\u00ed na\u0161eho p\u011btilet\u00e9ho projektu jsme st\u00e1le stejn\u011b odhodl\u00e1ni minimalizovat n\u00e1\u0161 dopad na \u017eivotn\u00ed prost\u0159ed\u00ed a zlep\u0161ovat ka\u017ed\u00fd krok na\u0161\u00ed produkce.<\/p>\n<\/div>\n\n\n\n<div class=\"wp-block-column is-layout-flow wp-block-column-is-layout-flow\">\n<h2 class=\"has-text-align-center wp-block-heading\"><br>V\u00ddSLEDKY:<\/h2>\n\n\n\n<div class=\"wp-block-columns is-layout-flex wp-container-core-columns-is-layout-9d6595d7 wp-block-columns-is-layout-flex\">\n<div class=\"wp-block-column is-layout-flow wp-block-column-is-layout-flow\">\n<div class=\"wp-block-image\"><figure class=\"aligncenter size-large is-resized\"><img loading=\"lazy\" decoding=\"async\" src=\"https:\/\/mutti-parma.com\/app\/uploads\/sites\/3\/2019\/09\/icon-sustainable-water.svg\" alt=\"\" class=\"wp-image-30000085\" width=\"53\" height=\"91\" \/><\/figure><\/div>\n\n\n\n<h4 class=\"has-text-align-center wp-block-heading\">\u00daspora 1 000 mil. litr\u016f vody*<\/h4>\n\n\n\n<p class=\"has-text-align-center has-sm-font-size\">* mezi lety 2012 a 2014 (Zdroj: \u00dadaje shrom\u00e1\u017ed\u011bn\u00e9 CMCC, WWF a St\u0159edomo\u0159sk\u00fdm centrem pro klimatick\u00e9 zm\u011bny v It\u00e1lii)<\/p>\n<\/div>\n\n\n\n<div class=\"wp-block-column is-layout-flow wp-block-column-is-layout-flow\">\n<div class=\"wp-block-image\"><figure class=\"aligncenter size-large is-resized\"><img loading=\"lazy\" decoding=\"async\" src=\"https:\/\/mutti-parma.com\/app\/uploads\/sites\/3\/2019\/09\/icon-sustainable-co2.svg\" alt=\"\" class=\"wp-image-30000086\" width=\"114\" height=\"88\" \/><\/figure><\/div>\n\n\n\n<h4 class=\"has-text-align-center wp-block-heading\">Zabr\u00e1n\u011bno vzniku 31 530 tun CO2 (oxidu uhli\u010dit\u00e9ho).<\/h4>\n\n\n\n<p class=\"has-text-align-center has-sm-font-size\">* mezi lety 2010 a 2015 v porovn\u00e1n\u00ed s \u00farovn\u011bmi roku 2009 (Zdroj: \u00dadaje shrom\u00e1\u017ed\u011bn\u00e9 italskou WWF a skupinou pro energetickou \u00fa\u010dinnost Officinae Verdi)<\/p>\n<\/div>\n<\/div>\n<\/div>\n<\/div>\n<\/div><\/div>\n\n\n\n<p class=\"has-text-align-center has-xxl-font-size is-style-cursive\"> Nyn\u00ed ji\u017e zn\u00e1te na\u0161e produkty a je \u010das si u\u017e\u00edt va\u0159en\u00ed &#8230;  <\/p>\n\n\n\n<h2 class=\"has-text-align-center wp-block-heading\" id=\"howtouse\">pou\u017eit\u00ed<\/h2>\n\n\n\n\n\n\n<div class=\"acf-related-recipes alignwide pb-8 \" data-vue-wrapper>\n      <slideshow :slides-per-view=\"3\" :navigation=\"true\" name=\"Related Recipes\">\n              <div class=\"swiper-slide\">\n          <div class=\"teaser--recipe text-center hover:zoom-img\">\n      <a href=\"https:\/\/mutti-parma.com\/cz\/recipes\/pizza-margherita\/\" class=\"relative block mb-4 max-w-96 mx-auto\" aria-hidden=\"true\" tabindex=\"-1\">\n      <div class=\"responsive-embed \" style=\"padding-bottom: 108.79765395894%;\">\n                <img decoding=\"async\" width=\"1024\" height=\"453\" src=\"https:\/\/mutti-parma.com\/app\/uploads\/sites\/25\/2020\/03\/thumb-385-recipe-cover-desktop-1024x453.jpeg\" class=\"inline-block wp-image-801\" alt=\"Pizza Margherita\" sizes=\"auto, (max-width: 600px) 72vw, 431px\" data-spai-crop=\"true\" title=\"Pizza Margherita\" srcset=\"https:\/\/mutti-parma.com\/app\/uploads\/sites\/25\/2020\/03\/thumb-385-recipe-cover-desktop-1024x453.jpeg 1024w, https:\/\/mutti-parma.com\/app\/uploads\/sites\/25\/2020\/03\/thumb-385-recipe-cover-desktop-1024x453-200x88.jpeg 200w, https:\/\/mutti-parma.com\/app\/uploads\/sites\/25\/2020\/03\/thumb-385-recipe-cover-desktop-1024x453-500x221.jpeg 500w, https:\/\/mutti-parma.com\/app\/uploads\/sites\/25\/2020\/03\/thumb-385-recipe-cover-desktop-1024x453-768x340.jpeg 768w, https:\/\/mutti-parma.com\/app\/uploads\/sites\/25\/2020\/03\/thumb-385-recipe-cover-desktop-1024x453-150x66.jpeg 150w, https:\/\/mutti-parma.com\/app\/uploads\/sites\/25\/2020\/03\/thumb-385-recipe-cover-desktop-1024x453-600x265.jpeg 600w\" loading=\"lazy\" \/>\n      <\/div>\n\n          <\/a>\n  \n  \n      <a class=\"is-style-cursive heading block text-primary leading-none\" href=\"https:\/\/mutti-parma.com\/cz\/produkty\/polpa-met-knoflook\/\">\n      Polpa s \u010desnekem\n    <\/a>\n  \n  <a class=\"block my-4\" href=\"https:\/\/mutti-parma.com\/cz\/recipes\/pizza-margherita\/\">\n          <h3>Pizza Margherita<\/h3>\n      <\/a>\n\n      <a class=\"block hover:no-underline text-black\" href=\"https:\/\/mutti-parma.com\/cz\/recipes\/pizza-margherita\/\">\n      Pizza Margherita je KLASIKA &#8211; jednoduch\u00e1 a p\u0159edev\u0161\u00edm chutn\u00e1. V\u0161e, co pot\u0159ebujete pro vynikaj\u00edc\u00ed Pizzu Margherita, jsou jen z\u00e1kladn\u00ed, zato vysoce kvalitn\u00ed ingredience.\n    <\/a>\n  \n  <div class=\"flex items-center justify-center my-4\">\n    <div class=\"-ml-2 mr-2 pr-4 border-primary  pt-2\">\n    <p class=\"flex flex-wrap items-end font-heavy text-primary leading-none justify-center\">\n      <img decoding=\"async\" alt=\"Total time\" class=\"w-10 md:w-12 mx-3 mb-2\" src=\"https:\/\/mutti-parma.com\/app\/themes\/mutti\/dist\/images\/icons\/mutti-product-icons-reduced-cooking-time.svg?id=dc737ade6befaad1eaaf\" width=\"54\" height=\"26\" loading=\"lazy\">\n      <span class=\"mb-2\">\n        25&nbsp;min\n      <\/span>\n    <\/p>\n  <\/div>\n  <\/div>\n<\/div>\n        <\/div>\n          <\/slideshow>\n  \n  <hr class=\"alignwide wp-block-separator\">\n\n      <p class=\"text-center\">\n      <a class=\"h3 underline\" href=\"https:\/\/mutti-parma.com\/cz\/recipes\/\">Objevte v\u0161echny na\u0161e b\u00e1je\u010dn\u00e9 recepty<\/a>\n    <\/p>\n  <\/div>\n\n\n<div class=\"acf-related-products mb-8 lg:mb-16 \" data-vue-wrapper>\n      <h3 class=\"text-center\">dal\u0161\u00ed produkty v produktov\u00e9 \u0159ad\u011b\r\n<\/h3>\n  \n      <slideshow :slides-per-view=\"3\" :navigation=\"true\" class=\"mx-8 lg:-mx-12\" name=\"Related Products\">\n              <div class=\"swiper-slide\">\n          <div class=\"text-center hover:lift-img mx-auto max-w-28\">\n      <a href=\"https:\/\/mutti-parma.com\/cz\/produkty\/polpa\/\" class=\"block\">\n            <div class=\"responsive-embed is-contain\" style=\"padding-bottom: 188.23529411765%;\"><img decoding=\"async\" width=\"1200\" height=\"1820\" src=\"https:\/\/mutti-parma.com\/app\/uploads\/sites\/25\/2020\/02\/polpa-400g-hires-cz-1.png\" class=\"inline-block mt-2 wp-image-124\" alt=\"Polpa\" sizes=\"auto, 126px\" data-spai-crop=\"false\" title=\"Polpa\" srcset=\"https:\/\/mutti-parma.com\/app\/uploads\/sites\/25\/2020\/02\/polpa-400g-hires-cz-1.png 1200w, https:\/\/mutti-parma.com\/app\/uploads\/sites\/25\/2020\/02\/polpa-400g-hires-cz-1-132x200.png 132w, https:\/\/mutti-parma.com\/app\/uploads\/sites\/25\/2020\/02\/polpa-400g-hires-cz-1-330x500.png 330w, https:\/\/mutti-parma.com\/app\/uploads\/sites\/25\/2020\/02\/polpa-400g-hires-cz-1-768x1165.png 768w, https:\/\/mutti-parma.com\/app\/uploads\/sites\/25\/2020\/02\/polpa-400g-hires-cz-1-675x1024.png 675w, https:\/\/mutti-parma.com\/app\/uploads\/sites\/25\/2020\/02\/polpa-400g-hires-cz-1-150x228.png 150w, https:\/\/mutti-parma.com\/app\/uploads\/sites\/25\/2020\/02\/polpa-400g-hires-cz-1-600x910.png 600w\" loading=\"lazy\" \/><\/div>\n    <\/a>\n  \n  <a class=\"block underline mb-2 mt-2\" href=\"https:\/\/mutti-parma.com\/cz\/produkty\/polpa\/\">\n    <h3 class=\"h4\">Polpa<\/h3>\n  <\/a>\n\n      <a class=\"block hover:no-underline text-inherit\" href=\"https:\/\/mutti-parma.com\/cz\/produkty\/polpa\/\">\n      Jemn\u011b kr\u00e1jen\u00e1 raj\u010data\n    <\/a>\n  <\/div>\n        <\/div>\n              <div class=\"swiper-slide\">\n          <div class=\"text-center hover:lift-img mx-auto max-w-28\">\n      <a href=\"https:\/\/mutti-parma.com\/cz\/produkty\/polpa-met-basilicum\/\" class=\"block\">\n            <div class=\"responsive-embed is-contain\" style=\"padding-bottom: 188.23529411765%;\"><img decoding=\"async\" width=\"1200\" height=\"1820\" src=\"https:\/\/mutti-parma.com\/app\/uploads\/sites\/25\/2020\/02\/polpa-basilic-400g-hires-cz-1.png\" class=\"inline-block mt-2 wp-image-126\" alt=\"Polpa s bazalkou\" sizes=\"auto, 126px\" data-spai-crop=\"false\" title=\"Polpa s bazalkou\" srcset=\"https:\/\/mutti-parma.com\/app\/uploads\/sites\/25\/2020\/02\/polpa-basilic-400g-hires-cz-1.png 1200w, https:\/\/mutti-parma.com\/app\/uploads\/sites\/25\/2020\/02\/polpa-basilic-400g-hires-cz-1-132x200.png 132w, https:\/\/mutti-parma.com\/app\/uploads\/sites\/25\/2020\/02\/polpa-basilic-400g-hires-cz-1-330x500.png 330w, https:\/\/mutti-parma.com\/app\/uploads\/sites\/25\/2020\/02\/polpa-basilic-400g-hires-cz-1-768x1165.png 768w, https:\/\/mutti-parma.com\/app\/uploads\/sites\/25\/2020\/02\/polpa-basilic-400g-hires-cz-1-675x1024.png 675w, https:\/\/mutti-parma.com\/app\/uploads\/sites\/25\/2020\/02\/polpa-basilic-400g-hires-cz-1-150x228.png 150w, https:\/\/mutti-parma.com\/app\/uploads\/sites\/25\/2020\/02\/polpa-basilic-400g-hires-cz-1-600x910.png 600w\" loading=\"lazy\" \/><\/div>\n    <\/a>\n  \n  <a class=\"block underline mb-2 mt-2\" href=\"https:\/\/mutti-parma.com\/cz\/produkty\/polpa-met-basilicum\/\">\n    <h3 class=\"h4\">Polpa s bazalkou<\/h3>\n  <\/a>\n\n      <a class=\"block hover:no-underline text-inherit\" href=\"https:\/\/mutti-parma.com\/cz\/produkty\/polpa-met-basilicum\/\">\n      Jemn\u011b kr\u00e1jen\u00e1 raj\u010data s bazalkou\n    <\/a>\n  <\/div>\n        <\/div>\n              <div class=\"swiper-slide\">\n          <div class=\"text-center hover:lift-img mx-auto max-w-28\">\n      <a href=\"https:\/\/mutti-parma.com\/cz\/produkty\/krajena-rajcata-bio\/\" class=\"block\">\n            <div class=\"responsive-embed is-contain\" style=\"padding-bottom: 188.23529411765%;\"><img decoding=\"async\" width=\"404\" height=\"766\" src=\"https:\/\/mutti-parma.com\/app\/uploads\/sites\/25\/2020\/03\/cz-tometenfruchtfleisch-bio.png\" class=\"inline-block mt-2 wp-image-550\" alt=\"Kr\u00e1jen\u00e1 raj\u010data BIO\" sizes=\"auto, 126px\" data-spai-crop=\"false\" title=\"Kr\u00e1jen\u00e1 raj\u010data BIO\" srcset=\"https:\/\/mutti-parma.com\/app\/uploads\/sites\/25\/2020\/03\/cz-tometenfruchtfleisch-bio.png 404w, https:\/\/mutti-parma.com\/app\/uploads\/sites\/25\/2020\/03\/cz-tometenfruchtfleisch-bio-105x200.png 105w, https:\/\/mutti-parma.com\/app\/uploads\/sites\/25\/2020\/03\/cz-tometenfruchtfleisch-bio-264x500.png 264w, https:\/\/mutti-parma.com\/app\/uploads\/sites\/25\/2020\/03\/cz-tometenfruchtfleisch-bio-150x284.png 150w\" loading=\"lazy\" \/><\/div>\n    <\/a>\n  \n  <a class=\"block underline mb-2 mt-2\" href=\"https:\/\/mutti-parma.com\/cz\/produkty\/krajena-rajcata-bio\/\">\n    <h3 class=\"h4\">Kr\u00e1jen\u00e1 raj\u010data BIO<\/h3>\n  <\/a>\n\n      <a class=\"block hover:no-underline text-inherit\" href=\"https:\/\/mutti-parma.com\/cz\/produkty\/krajena-rajcata-bio\/\">\n      Jemn\u011b kr\u00e1jen\u00e1 raj\u010data\n    <\/a>\n  <\/div>\n        <\/div>\n          <\/slideshow>\n  <\/div>\n\n\n","protected":false},"excerpt":{"rendered":"<p>Nyn\u00ed ji\u017e zn\u00e1te na\u0161e produkty a je \u010das si u\u017e\u00edt va\u0159en\u00ed &#8230; pou\u017eit\u00ed<\/p>\n","protected":false},"featured_media":125,"comment_status":"open","ping_status":"closed","template":"","product_category":[],"class_list":["post-138","product","type-product","status-publish","has-post-thumbnail","hentry"],"acf":[],"_links":{"self":[{"href":"https:\/\/mutti-parma.com\/cz\/wp-json\/wp\/v2\/product\/138","targetHints":{"allow":["GET"]}}],"collection":[{"href":"https:\/\/mutti-parma.com\/cz\/wp-json\/wp\/v2\/product"}],"about":[{"href":"https:\/\/mutti-parma.com\/cz\/wp-json\/wp\/v2\/types\/product"}],"replies":[{"embeddable":true,"href":"https:\/\/mutti-parma.com\/cz\/wp-json\/wp\/v2\/comments?post=138"}],"version-history":[{"count":28,"href":"https:\/\/mutti-parma.com\/cz\/wp-json\/wp\/v2\/product\/138\/revisions"}],"predecessor-version":[{"id":1162,"href":"https:\/\/mutti-parma.com\/cz\/wp-json\/wp\/v2\/product\/138\/revisions\/1162"}],"wp:featuredmedia":[{"embeddable":true,"href":"https:\/\/mutti-parma.com\/cz\/wp-json\/wp\/v2\/media\/125"}],"wp:attachment":[{"href":"https:\/\/mutti-parma.com\/cz\/wp-json\/wp\/v2\/media?parent=138"}],"wp:term":[{"taxonomy":"product_category","embeddable":true,"href":"https:\/\/mutti-parma.com\/cz\/wp-json\/wp\/v2\/product_category?post=138"}],"curies":[{"name":"wp","href":"https:\/\/api.w.org\/{rel}","templated":true}]}}