{"id":144,"date":"2020-02-05T13:55:47","date_gmt":"2020-02-05T13:55:47","guid":{"rendered":"https:\/\/mutti-parma.com\/cz\/?post_type=product&#038;p=144"},"modified":"2020-07-13T10:19:47","modified_gmt":"2020-07-13T10:19:47","slug":"cherry-tomatoes","status":"publish","type":"product","link":"https:\/\/mutti-parma.com\/cz\/produkty\/cherry-tomatoes\/","title":{"rendered":"Cherry raj\u010data"},"content":{"rendered":"\n<div style=\"--media-width: 50\" class=\"wp-block-media-text alignwide has-media-on-the-right is-stacked-on-mobile is-style-hero has-background-image\"><img loading=\"lazy\" decoding=\"async\" class=\"wp-block-media-text__background\" alt=\"\" data-spai-crop=\"true\" src=\"https:\/\/mutti-parma.com\/app\/uploads\/sites\/3\/2019\/10\/ciliegini-edited.jpg\" \/><figure class=\"wp-block-media-text__media\"><img loading=\"lazy\" decoding=\"async\" width=\"675\" height=\"1024\" src=\"https:\/\/mutti-parma.com\/app\/uploads\/sites\/25\/2020\/02\/pomodorini-ciliegini-italia-400g-hires-cz-1-675x1024.png\" alt=\"\" class=\"wp-image-129\" sizes=\"(min-width: 1440px) 528px,37vw\" data-spai-crop=\"false\" srcset=\"https:\/\/mutti-parma.com\/app\/uploads\/sites\/25\/2020\/02\/pomodorini-ciliegini-italia-400g-hires-cz-1-675x1024.png 675w, https:\/\/mutti-parma.com\/app\/uploads\/sites\/25\/2020\/02\/pomodorini-ciliegini-italia-400g-hires-cz-1-132x200.png 132w, https:\/\/mutti-parma.com\/app\/uploads\/sites\/25\/2020\/02\/pomodorini-ciliegini-italia-400g-hires-cz-1-330x500.png 330w, https:\/\/mutti-parma.com\/app\/uploads\/sites\/25\/2020\/02\/pomodorini-ciliegini-italia-400g-hires-cz-1-768x1165.png 768w, https:\/\/mutti-parma.com\/app\/uploads\/sites\/25\/2020\/02\/pomodorini-ciliegini-italia-400g-hires-cz-1-150x228.png 150w, https:\/\/mutti-parma.com\/app\/uploads\/sites\/25\/2020\/02\/pomodorini-ciliegini-italia-400g-hires-cz-1-600x910.png 600w, https:\/\/mutti-parma.com\/app\/uploads\/sites\/25\/2020\/02\/pomodorini-ciliegini-italia-400g-hires-cz-1.png 1200w\" \/><\/figure><div class=\"wp-block-media-text__content\"><div class=\"acf-breadcrumb my-4 md:my-8 text-center md:text-left\">\n  <nav>\n  <ol class=\"list-none text-md\">\n                  <li class=\"inline\">\n                      <a class=\"text-inherit\" href=\"https:\/\/mutti-parma.com\/cz\/\">\n              \u00davod\n            <\/a>\n                                <span aria-hidden=\"true\">\/&nbsp;<\/span>\n                  <\/li>\n                        <li class=\"inline\">\n                      <a class=\"text-inherit\" href=\"https:\/\/mutti-parma.com\/cz\/produkty\/\">\n              Products\n            <\/a>\n                            <\/li>\n            <\/ol>\n<\/nav>\n<\/div>\n\n\n\n<h1 class=\"has-primary-color wp-block-heading\"><strong>Cherry raj\u010data<\/strong><\/h1>\n\n\n\n<p class=\"has-xxl-font-size is-style-cursive\">Speciality<\/p>\n\n\n\n<p>Cherry raj\u010data Mutti dodaj\u00ed va\u0161emu j\u00eddlu bohatou, sladkou a intenzivn\u00ed chut\u00ed. Rostou v ji\u017en\u00ed It\u00e1lii, kde jsou skl\u00edzeny a pe\u010dliv\u011b t\u0159\u00edd\u011bny, aby si udr\u017eely svou neuv\u011b\u0159itelnou chu\u0165 a sv\u011b\u017eest. Perfektn\u011b se hod\u00ed do ryb\u00edch pokrm\u016f nebo jako raj\u010datov\u00fd z\u00e1klad pro va\u0161e focaccie, t\u011bstoviny nebo om\u00e1\u010dky.<\/p>\n\n\n\n\n<div class=\"acf-characteristics\">\n  <div class=\"flex flex-wrap -m-2 justify-center sm:justify-between\">\n          <div class=\"m-2 w-24 text-center\">\n        <div style=\"height: 41px; width: 80px;\" class=\"mx-auto flex items-end justify-center mx-auto\">\n                      <img decoding=\"async\" width=\"300\" height=\"80\" src=\"https:\/\/mutti-parma.com\/app\/uploads\/sites\/3\/2019\/09\/icon-characteristics-color-bright-red.svg\" class=\"w-full wp-image-300000115 attachment-full size-full\" alt=\"\" style=\"max-height: 43px; max-width: 80px;\" loading=\"lazy\" \/>\n                  <\/div>\n        <p class=\"h6 text-inherit mt-3\">VESEL\u00c1 \u010cERVEN\u00c1 BARVA<\/p>\n      <\/div>\n          <div class=\"m-2 w-24 text-center\">\n        <div style=\"height: 41px; width: 80px;\" class=\"mx-auto flex items-end justify-center mx-auto\">\n                      <img decoding=\"async\" width=\"212\" height=\"115\" src=\"https:\/\/mutti-parma.com\/app\/uploads\/sites\/25\/2020\/03\/mutti-product-icons-nordic-18.svg\" class=\"w-full wp-image-714\" alt=\"\" style=\"max-height: 43px; max-width: 80px;\" loading=\"lazy\" \/>\n                  <\/div>\n        <p class=\"h6 text-inherit mt-3\">SV\u011a\u017d\u00cd CHU\u0164<\/p>\n      <\/div>\n          <div class=\"m-2 w-24 text-center\">\n        <div style=\"height: 41px; width: 80px;\" class=\"mx-auto flex items-end justify-center mx-auto\">\n                      <img decoding=\"async\" width=\"300\" height=\"142\" src=\"https:\/\/mutti-parma.com\/app\/uploads\/sites\/3\/2019\/09\/icon-characteristics-cooking-time-reduced.svg\" class=\"w-full wp-image-300000111 attachment-full size-full\" alt=\"cooking sketch\" style=\"max-height: 43px; max-width: 80px;\" loading=\"lazy\" \/>\n                  <\/div>\n        <p class=\"h6 text-inherit mt-3\">VHODN\u00c9 PRO RYCHL\u00c9 VA\u0158EN\u00cd<\/p>\n      <\/div>\n          <div class=\"m-2 w-24 text-center\">\n        <div style=\"height: 41px; width: 80px;\" class=\"mx-auto flex items-end justify-center mx-auto\">\n                      <img decoding=\"async\" width=\"223\" height=\"169\" src=\"https:\/\/mutti-parma.com\/app\/uploads\/sites\/3\/2019\/10\/mutti-product-icons-firm-and-fleshy.svg\" class=\"w-full wp-image-300000259 attachment-full size-full\" alt=\"\" style=\"max-height: 43px; max-width: 80px;\" loading=\"lazy\" \/>\n                  <\/div>\n        <p class=\"h6 text-inherit mt-3\">Pevn\u00e1<\/p>\n      <\/div>\n      <\/div>\n<\/div>\n<\/div><\/div>\n\n\n<div class=\"acf-product-nutrition-tabs alignwide\">\n  <div class=\"\">\n    <ul class=\"list-none flex justify-center sm:justify-left\">\n              <li class=\"mr-4\">\n          <a href=\"javascript: void(0)\" data-toggle=\"nutrition\" class=\"btn-outline \" data-gtm-track data-gtm-event=\"GAevent\" data-gtm-event-id=\"13\" data-gtm-category=\"recipe_information\" data-gtm-action=\"nutrition\" data-gtm-label=\"cherry_raj%c4%8data\">\n            V\u00fd\u017eivov\u00e9 \u00fadaje\n          <\/a>\n        <\/li>\n                    <li>\n          <a href=\"#howtouse\" class=\"btn-outline \" data-gtm-track data-gtm-event=\"GAevent\" data-gtm-event-id=\"13\" data-gtm-category=\"recipe_information\" data-gtm-action=\"how_to_use\" data-gtm-label=\"cherry_raj%c4%8data\">\n            Pou\u017eit\u00ed\n          <\/a>\n        <\/li>\n      \n          <\/ul>\n  <\/div>\n\n      <div class=\"flex flex-wrap mt-8 mb-4 hidden\" id=\"nutrition\">\n      <div class=\"w-full sm:w-1\/2\">\n        <p>Cherry raj\u010data<\/p>\n\n      <\/div>\n      <div class=\"w-full mt-8 sm:mt-0 sm:w-1\/2 sm:pl-8 md:pl-16\">\n        \n          <table class=\"w-full\">\n            <thead>\n              <tr class=\"border-b\">\n                <th colspan=\"2\" class=\"py-2 text-left\">V\u00fd\u017eivov\u00e9 \u00fadaje na \/ 100 g\r\n<\/thead>\n              <\/tr>\n            <\/thead>\n            <tbody>\n                              <tr class=\"border-b\">\n                  <th class=\"py-2 text-left font-normal\">Energetick\u00e1 hodnota<\/th>\n                  <td class=\"py-2 text-right\">117 kJ \/ 28 kcal<\/td>\n                <\/tr>\n                              <tr class=\"border-b\">\n                  <th class=\"py-2 text-left font-normal\">Tuky<\/th>\n                  <td class=\"py-2 text-right\">&lt;0,5 g<\/td>\n                <\/tr>\n                              <tr class=\"border-b\">\n                  <th class=\"py-2 text-left font-normal\">&#8211; z toho nasycen\u00e9 mastn\u00e9 kyseliny<\/th>\n                  <td class=\"py-2 text-right\">&lt;0,1 g<\/td>\n                <\/tr>\n                              <tr class=\"border-b\">\n                  <th class=\"py-2 text-left font-normal\">Sacharidy<\/th>\n                  <td class=\"py-2 text-right\">4,4 g<\/td>\n                <\/tr>\n                              <tr class=\"border-b\">\n                  <th class=\"py-2 text-left font-normal\">&#8211; z toho cukry<\/th>\n                  <td class=\"py-2 text-right\">3,1 g<\/td>\n                <\/tr>\n                              <tr class=\"border-b\">\n                  <th class=\"py-2 text-left font-normal\">B\u00edlkoviny<\/th>\n                  <td class=\"py-2 text-right\">1,2 g<\/td>\n                <\/tr>\n                              <tr class=\"border-b\">\n                  <th class=\"py-2 text-left font-normal\">S\u016fl<\/th>\n                  <td class=\"py-2 text-right\">0,01 g<\/td>\n                <\/tr>\n                          <\/tbody>\n          <\/table>\n              <\/div>\n    <\/div>\n  <\/div>\n\n\n\n\n<div\n  class=\"acf-how-is-it-made alignwide text-center \"\n  data-vue-wrapper\n  >\n      <h2>How is it made?<\/h2>\n  \n  <slideshow :slides-per-view=\"3\" :slides-per-view-sm=\"1\" :slides-per-view-md=\"2\" name=\"How is it made\" class=\"mb-8\">\n      <\/slideshow>\n\n      <p class=\"is-style-cursive text-5xl\">To learn more about how we make our products<\/p>\n  \n      <h3>Visit the <a href=\"https:\/\/mutti-parma.com\/cz\/z-pole-na-vas-stul\/\">Field to Table<\/a><\/h3>\n  <\/div>\n\n\n\n\n\n<hr class=\"wp-block-separator alignwide\"\/>\n\n\n<div class=\"acf-comments alignwide my-8\">\n  <div class=\"flex flex-wrap mb-4 items-center text-center sm:text-left px-0 sm:px-2 md:px-0\">\n    <h3 class=\"w-full sm:w-auto is-style-cursive text-primary my-0 leading-none\">Ohodnotit a sd\u00edlet<\/h3>\n    <div class=\"w-full sm:w-auto flex-auto mt-1 sm:ml-8\">\n          <\/div>\n\n          <div class=\"mx-auto sm:ml-0 mt-3 sm:mt-0\">\n                  <div\n  class=\"shariff\"\n  data-button-style=\"icon\"\n  data-mail-body=\"https:\/\/mutti-parma.com\/cz\/produkty\/cherry-tomatoes\/\"\n  data-mail-subject=\"Cherry raj\u010data - Mutti\"\n  data-mail-url=\"mailto:\"\n  data-media-url=\"https:\/\/mutti-parma.com\/app\/uploads\/sites\/25\/2020\/02\/pomodorini-ciliegini-italia-400g-hires-cz-1.png\"\n  data-services=\"[&#039;facebook&#039;, &#039;twitter&#039;, &#039;whatsapp&#039;, &#039;pinterest&#039;, &#039;mail&#039;]\"\n><\/div>\n              <\/div>\n      <\/div>\n\n  <div>\n                <\/div>\n<\/div>\n\n\n\n<hr class=\"wp-block-separator alignwide\"\/>\n\n\n\n<div class=\"wp-block-cover alignwide has-background-dim-80 has-darkred-background-color has-background-dim\" style=\"background-image:url(https:\/\/mutti-parma.com\/app\/uploads\/sites\/3\/2019\/09\/tomatoes.jpg)\"><div class=\"wp-block-cover__inner-container is-layout-flow wp-block-cover-is-layout-flow\">\n<div class=\"wp-block-columns alignwide is-layout-flex wp-container-core-columns-is-layout-9d6595d7 wp-block-columns-is-layout-flex\">\n<div class=\"wp-block-column is-layout-flow wp-block-column-is-layout-flow\">\n<h2 class=\"wp-block-heading\" id=\"sustainability\">Udr\u017eitelnost<\/h2>\n\n\n\n<p class=\"is-style-cursive mb-0\">Udr\u017eitelnost pro n\u00e1s znamen\u00e1 \u00factu k zemi<\/p>\n\n\n\n<h4 class=\"wp-block-heading\">Spolupr\u00e1ce s WWF<\/h4>\n\n\n\n<p>Spole\u010dnost Mutti \u00fazce spolupracovala s fondem WWF v It\u00e1lii na tom, aby spole\u010dn\u011b pomohli zem\u011bd\u011blc\u016fm nach\u00e1zet udr\u017eiteln\u00e9 zp\u016fsoby, jak sn\u00ed\u017eit jejich spot\u0159ebu vody a emise CO2. Italsk\u00fd fond WWF nejen stanovil c\u00edle, ale tak\u00e9 umo\u017enil zem\u011bd\u011blc\u016fm analyzovat a proch\u00e1zet data a zji\u0161\u0165ovat tak, co by se dalo ud\u011blat. Tato organizace nap\u0159\u00edklad doporu\u010dila pou\u017eit\u00ed speci\u00e1ln\u00edch senzor\u016f, kter\u00e9 rozpoznaj\u00ed vlhkost v p\u016fd\u011b a poskytuj\u00ed u\u017eite\u010dn\u00e9 informace na podporu efektivn\u00edho vyu\u017e\u00edv\u00e1n\u00ed vody. <br><br>Spole\u010dnost Mutti investovala do technologi\u00ed, vzd\u011bl\u00e1v\u00e1n\u00ed a technick\u00e9 podpory pro zem\u011bd\u011blce a zem\u011bd\u011blsk\u00e9 organizace. I po skon\u010den\u00ed na\u0161eho p\u011btilet\u00e9ho projektu jsme st\u00e1le stejn\u011b odhodl\u00e1ni minimalizovat n\u00e1\u0161 dopad na \u017eivotn\u00ed prost\u0159ed\u00ed a zlep\u0161ovat ka\u017ed\u00fd krok na\u0161\u00ed produkce.<\/p>\n<\/div>\n\n\n\n<div class=\"wp-block-column is-layout-flow wp-block-column-is-layout-flow\">\n<h2 class=\"has-text-align-center wp-block-heading\"><br>V\u00ddSLEDKY:<\/h2>\n\n\n\n<div class=\"wp-block-columns is-layout-flex wp-container-core-columns-is-layout-9d6595d7 wp-block-columns-is-layout-flex\">\n<div class=\"wp-block-column is-layout-flow wp-block-column-is-layout-flow\">\n<div class=\"wp-block-image\"><figure class=\"aligncenter size-large is-resized\"><img loading=\"lazy\" decoding=\"async\" src=\"https:\/\/mutti-parma.com\/app\/uploads\/sites\/3\/2019\/09\/icon-sustainable-water.svg\" alt=\"\" class=\"wp-image-30000085\" width=\"53\" height=\"91\" \/><\/figure><\/div>\n\n\n\n<h4 class=\"has-text-align-center wp-block-heading\">\u00daspora 1 000 mil. litr\u016f vody*<\/h4>\n\n\n\n<p class=\"has-text-align-center has-sm-font-size\">* mezi lety 2012 a 2014 (Zdroj: \u00dadaje shrom\u00e1\u017ed\u011bn\u00e9 CMCC, WWF a St\u0159edomo\u0159sk\u00fdm centrem pro klimatick\u00e9 zm\u011bny v It\u00e1lii)<\/p>\n<\/div>\n\n\n\n<div class=\"wp-block-column is-layout-flow wp-block-column-is-layout-flow\">\n<div class=\"wp-block-image\"><figure class=\"aligncenter size-large is-resized\"><img loading=\"lazy\" decoding=\"async\" src=\"https:\/\/mutti-parma.com\/app\/uploads\/sites\/3\/2019\/09\/icon-sustainable-co2.svg\" alt=\"\" class=\"wp-image-30000086\" width=\"114\" height=\"88\" \/><\/figure><\/div>\n\n\n\n<h4 class=\"has-text-align-center wp-block-heading\">Zabr\u00e1n\u011bno vzniku 31 530 tun CO2 (oxidu uhli\u010dit\u00e9ho).<\/h4>\n\n\n\n<p class=\"has-text-align-center has-sm-font-size\">* mezi lety 2010 a 2015 v porovn\u00e1n\u00ed s \u00farovn\u011bmi roku 2009 (Zdroj: \u00dadaje shrom\u00e1\u017ed\u011bn\u00e9 italskou WWF a skupinou pro energetickou \u00fa\u010dinnost Officinae Verdi)<\/p>\n<\/div>\n<\/div>\n<\/div>\n<\/div>\n<\/div><\/div>\n\n\n\n<p class=\"has-text-align-center has-xxl-font-size is-style-cursive\"> Nyn\u00ed ji\u017e zn\u00e1te na\u0161e produkty a je \u010das si u\u017e\u00edt va\u0159en\u00ed \u2026 <\/p>\n\n\n\n<h2 class=\"has-text-align-center wp-block-heading\" id=\"howtouse\">pou\u017eit\u00ed<\/h2>\n\n\n\n\n\n\n\n\n\n\n","protected":false},"excerpt":{"rendered":"<p>Nyn\u00ed ji\u017e zn\u00e1te na\u0161e produkty a je \u010das si u\u017e\u00edt va\u0159en\u00ed \u2026 pou\u017eit\u00ed<\/p>\n","protected":false},"featured_media":129,"comment_status":"open","ping_status":"closed","template":"","product_category":[],"class_list":["post-144","product","type-product","status-publish","has-post-thumbnail","hentry"],"acf":[],"_links":{"self":[{"href":"https:\/\/mutti-parma.com\/cz\/wp-json\/wp\/v2\/product\/144","targetHints":{"allow":["GET"]}}],"collection":[{"href":"https:\/\/mutti-parma.com\/cz\/wp-json\/wp\/v2\/product"}],"about":[{"href":"https:\/\/mutti-parma.com\/cz\/wp-json\/wp\/v2\/types\/product"}],"replies":[{"embeddable":true,"href":"https:\/\/mutti-parma.com\/cz\/wp-json\/wp\/v2\/comments?post=144"}],"version-history":[{"count":22,"href":"https:\/\/mutti-parma.com\/cz\/wp-json\/wp\/v2\/product\/144\/revisions"}],"predecessor-version":[{"id":1624,"href":"https:\/\/mutti-parma.com\/cz\/wp-json\/wp\/v2\/product\/144\/revisions\/1624"}],"wp:featuredmedia":[{"embeddable":true,"href":"https:\/\/mutti-parma.com\/cz\/wp-json\/wp\/v2\/media\/129"}],"wp:attachment":[{"href":"https:\/\/mutti-parma.com\/cz\/wp-json\/wp\/v2\/media?parent=144"}],"wp:term":[{"taxonomy":"product_category","embeddable":true,"href":"https:\/\/mutti-parma.com\/cz\/wp-json\/wp\/v2\/product_category?post=144"}],"curies":[{"name":"wp","href":"https:\/\/api.w.org\/{rel}","templated":true}]}}