{"id":397,"date":"2020-03-05T10:49:27","date_gmt":"2020-03-05T10:49:27","guid":{"rendered":"https:\/\/mutti-parma.com\/cz\/?post_type=product&#038;p=397"},"modified":"2025-07-04T14:26:01","modified_gmt":"2025-07-04T14:26:01","slug":"olive-rajcatova-omacka-s-olivami","status":"publish","type":"product","link":"https:\/\/mutti-parma.com\/cz\/produkty\/olive-rajcatova-omacka-s-olivami\/","title":{"rendered":"Om\u00e1\u010dky na t\u011bstoviny &#8211; olivami"},"content":{"rendered":"\n<div style=\"--media-width: 50\" class=\"wp-block-media-text alignwide has-media-on-the-right is-stacked-on-mobile is-style-hero has-background-image\"><img loading=\"lazy\" decoding=\"async\" class=\"wp-block-media-text__background\" alt=\"\" data-spai-crop=\"true\" src=\"https:\/\/mutti-parma.com\/app\/uploads\/sites\/3\/2024\/05\/1-texture.jpg\" \/><div class=\"wp-block-media-text__content\"><div class=\"acf-breadcrumb my-4 md:my-8 text-center md:text-left\">\n  <nav>\n  <ol class=\"list-none text-md\">\n                  <li class=\"inline\">\n                      <a class=\"text-inherit\" href=\"https:\/\/mutti-parma.com\/cz\/\">\n              \u00davod\n            <\/a>\n                                <span aria-hidden=\"true\">\/&nbsp;<\/span>\n                  <\/li>\n                        <li class=\"inline\">\n                      <a class=\"text-inherit\" href=\"https:\/\/mutti-parma.com\/cz\/produkty\/\">\n              Products\n            <\/a>\n                            <\/li>\n            <\/ol>\n<\/nav>\n<\/div>\n\n\n\n<h1 class=\"wp-block-heading has-primary-color has-text-color\">Om\u00e1\u010dky na t\u011bstoviny &#8211; olivami<\/h1>\n\n\n\n<p class=\"is-style-cursive has-xxl-font-size\">Om\u00e1\u010dka na t\u011bstoviny<\/p>\n\n\n\n<p>Olivy a raj\u010data jsou z\u00e1kladn\u00edmi ingrediencemi st\u0159edomo\u0159sk\u00e9 kuchyn\u011b ji\u017e po stalet\u00ed. V na\u0161\u00ed om\u00e1\u010dce je z\u00e1kladem jemn\u00e1 raj\u010datov\u00e1 du\u017eina zkombinovan\u00e1 se \u0161petkou koncentr\u00e1tu, kter\u00fd je\u0161t\u011b v\u00edce zv\u00fdraz\u0148uje jej\u00ed pravou chu\u0165. Slan\u00e9 olivy d\u00e1vaj\u00ed om\u00e1\u010dce n\u00e1dech, kter\u00fd v sob\u011b snoub\u00ed dlouholet\u00e9 tradice va\u0159en\u00ed s modern\u00ed p\u0159\u00edpravou a rovnov\u00e1hou.<\/p>\n\n\n\n\n<\/div><figure class=\"wp-block-media-text__media\"><img loading=\"lazy\" decoding=\"async\" width=\"537\" height=\"1024\" src=\"https:\/\/mutti-parma.com\/app\/uploads\/sites\/25\/2025\/06\/leccino-537x1024.png\" alt=\"\" class=\"wp-image-1830 size-full\" sizes=\"(min-width: 1440px) 528px,37vw\" data-spai-crop=\"false\" srcset=\"https:\/\/mutti-parma.com\/app\/uploads\/sites\/25\/2025\/06\/leccino-537x1024.png 537w, https:\/\/mutti-parma.com\/app\/uploads\/sites\/25\/2025\/06\/leccino-262x500.png 262w, https:\/\/mutti-parma.com\/app\/uploads\/sites\/25\/2025\/06\/leccino-105x200.png 105w, https:\/\/mutti-parma.com\/app\/uploads\/sites\/25\/2025\/06\/leccino-150x286.png 150w, https:\/\/mutti-parma.com\/app\/uploads\/sites\/25\/2025\/06\/leccino-600x1145.png 600w, https:\/\/mutti-parma.com\/app\/uploads\/sites\/25\/2025\/06\/leccino.png 676w\" \/><\/figure><\/div>\n\n\n\n\n\n\n<div\n  class=\"acf-how-is-it-made alignwide text-center \"\n  data-vue-wrapper\n  >\n      <h2>How is it made?<\/h2>\n  \n  <slideshow :slides-per-view=\"3\" :slides-per-view-sm=\"1\" :slides-per-view-md=\"2\" name=\"How is it made\" class=\"mb-8\">\n      <\/slideshow>\n\n      <p class=\"is-style-cursive text-5xl\">To learn more about how we make our products<\/p>\n  \n      <h3>Visit the <a href=\"https:\/\/mutti-parma.com\/cz\/z-pole-na-vas-stul\/\">Field to Table<\/a><\/h3>\n  <\/div>\n\n\n\n\n\n<hr class=\"wp-block-separator has-css-opacity alignwide\"\/>\n\n\n<div class=\"acf-comments alignwide my-8\">\n  <div class=\"flex flex-wrap mb-4 items-center text-center sm:text-left px-0 sm:px-2 md:px-0\">\n    <h3 class=\"w-full sm:w-auto is-style-cursive text-primary my-0 leading-none\">Share and review<\/h3>\n    <div class=\"w-full sm:w-auto flex-auto mt-1 sm:ml-8\">\n          <\/div>\n\n          <div class=\"mx-auto sm:ml-0 mt-3 sm:mt-0\">\n                  <div\n  class=\"shariff\"\n  data-button-style=\"icon\"\n  data-mail-body=\"https:\/\/mutti-parma.com\/cz\/produkty\/olive-rajcatova-omacka-s-olivami\/\"\n  data-mail-subject=\"Om\u00e1\u010dky na t\u011bstoviny &amp;#8211; olivami - Mutti\"\n  data-mail-url=\"mailto:\"\n  data-media-url=\"https:\/\/mutti-parma.com\/app\/uploads\/sites\/25\/2025\/06\/leccino.png\"\n  data-services=\"[&#039;facebook&#039;, &#039;twitter&#039;, &#039;whatsapp&#039;, &#039;pinterest&#039;, &#039;mail&#039;]\"\n><\/div>\n              <\/div>\n      <\/div>\n\n  <div>\n                <\/div>\n<\/div>\n\n\n\n<hr class=\"wp-block-separator has-css-opacity alignwide\"\/>\n\n\n\n<div class=\"wp-block-cover alignwide has-background-dim-80 has-darkred-background-color has-background-dim\" style=\"background-image:url(https:\/\/mutti-parma.com\/app\/uploads\/sites\/3\/2019\/09\/tomatoes.jpg)\"><div class=\"wp-block-cover__inner-container is-layout-flow wp-block-cover-is-layout-flow\">\n<div class=\"wp-block-columns alignwide is-layout-flex wp-container-core-columns-is-layout-9d6595d7 wp-block-columns-is-layout-flex\">\n<div class=\"wp-block-column is-layout-flow wp-block-column-is-layout-flow\">\n<h2 class=\"wp-block-heading\" id=\"sustainability\">Udr\u017eitelnost<\/h2>\n\n\n\n<p class=\"is-style-cursive mb-0\">Udr\u017eitelnost pro n\u00e1s znamen\u00e1 \u00factu k zemi<\/p>\n\n\n\n<h4 class=\"wp-block-heading\">Spolupr\u00e1ce s WWF<\/h4>\n\n\n\n<p>Spole\u010dnost Mutti \u00fazce spolupracovala s fondem WWF v It\u00e1lii na tom, aby spole\u010dn\u011b pomohli zem\u011bd\u011blc\u016fm nach\u00e1zet udr\u017eiteln\u00e9 zp\u016fsoby, jak sn\u00ed\u017eit jejich spot\u0159ebu vody a emise CO2. Italsk\u00fd fond WWF nejen stanovil c\u00edle, ale tak\u00e9 umo\u017enil zem\u011bd\u011blc\u016fm analyzovat a proch\u00e1zet data a zji\u0161\u0165ovat tak, co by se dalo ud\u011blat. Tato organizace nap\u0159\u00edklad doporu\u010dila pou\u017eit\u00ed speci\u00e1ln\u00edch senzor\u016f, kter\u00e9 rozpoznaj\u00ed vlhkost v p\u016fd\u011b a poskytuj\u00ed u\u017eite\u010dn\u00e9 informace na podporu efektivn\u00edho vyu\u017e\u00edv\u00e1n\u00ed vody. <br><br>Spole\u010dnost Mutti investovala do technologi\u00ed, vzd\u011bl\u00e1v\u00e1n\u00ed a technick\u00e9 podpory pro zem\u011bd\u011blce a zem\u011bd\u011blsk\u00e9 organizace. I po skon\u010den\u00ed na\u0161eho p\u011btilet\u00e9ho projektu jsme st\u00e1le stejn\u011b odhodl\u00e1ni minimalizovat n\u00e1\u0161 dopad na \u017eivotn\u00ed prost\u0159ed\u00ed a zlep\u0161ovat ka\u017ed\u00fd krok na\u0161\u00ed produkce.<\/p>\n<\/div>\n\n\n\n<div class=\"wp-block-column is-layout-flow wp-block-column-is-layout-flow\">\n<h2 class=\"has-text-align-center wp-block-heading\"><br>V\u00ddSLEDKY:<\/h2>\n\n\n\n<div class=\"wp-block-columns is-layout-flex wp-container-core-columns-is-layout-9d6595d7 wp-block-columns-is-layout-flex\">\n<div class=\"wp-block-column is-layout-flow wp-block-column-is-layout-flow\">\n<div class=\"wp-block-image\"><figure class=\"aligncenter size-large is-resized\"><img loading=\"lazy\" decoding=\"async\" src=\"https:\/\/mutti-parma.com\/app\/uploads\/sites\/3\/2019\/09\/icon-sustainable-water.svg\" alt=\"\" class=\"wp-image-30000085\" width=\"53\" height=\"91\" \/><\/figure><\/div>\n\n\n\n<h4 class=\"has-text-align-center wp-block-heading\">\u00daspora 1 000 mil. litr\u016f vody*<\/h4>\n\n\n\n<p class=\"has-text-align-center has-sm-font-size\">* mezi lety 2012 a 2014 (Zdroj: \u00dadaje shrom\u00e1\u017ed\u011bn\u00e9 CMCC, WWF a St\u0159edomo\u0159sk\u00fdm centrem pro klimatick\u00e9 zm\u011bny v It\u00e1lii)<\/p>\n<\/div>\n\n\n\n<div class=\"wp-block-column is-layout-flow wp-block-column-is-layout-flow\">\n<div class=\"wp-block-image\"><figure class=\"aligncenter size-large is-resized\"><img loading=\"lazy\" decoding=\"async\" src=\"https:\/\/mutti-parma.com\/app\/uploads\/sites\/3\/2019\/09\/icon-sustainable-co2.svg\" alt=\"\" class=\"wp-image-30000086\" width=\"114\" height=\"88\" \/><\/figure><\/div>\n\n\n\n<h4 class=\"has-text-align-center wp-block-heading\">Zabr\u00e1n\u011bno vzniku 31 530 tun CO2 (oxidu uhli\u010dit\u00e9ho).<\/h4>\n\n\n\n<p class=\"has-text-align-center has-sm-font-size\">* mezi lety 2010 a 2015 v porovn\u00e1n\u00ed s \u00farovn\u011bmi roku 2009 (Zdroj: \u00dadaje shrom\u00e1\u017ed\u011bn\u00e9 italskou WWF a skupinou pro energetickou \u00fa\u010dinnost Officinae Verdi)<\/p>\n<\/div>\n<\/div>\n<\/div>\n<\/div>\n<\/div><\/div>\n\n\n\n\n\n\n\n\n\n\n<div class=\"acf-related-recipes alignwide pb-8 \" data-vue-wrapper>\n      <slideshow :slides-per-view=\"3\" :navigation=\"true\" name=\"Related Recipes\">\n              <div class=\"swiper-slide\">\n          <div class=\"teaser--recipe text-center hover:zoom-img\">\n      <a href=\"https:\/\/mutti-parma.com\/cz\/recipes\/mozzarella-carrozza\/\" class=\"relative block mb-4 max-w-96 mx-auto\" aria-hidden=\"true\" tabindex=\"-1\">\n      <div class=\"responsive-embed \" style=\"padding-bottom: 108.79765395894%;\">\n                <img decoding=\"async\" width=\"2560\" height=\"1706\" src=\"https:\/\/mutti-parma.com\/app\/uploads\/sites\/25\/2025\/06\/mozzarelle-in-carrozza-con-sugo-olive-leccino-scaled.jpg\" class=\"inline-block wp-image-1769\" alt=\"Mozzarella &#8222;Carrozza&#8220;\" sizes=\"auto, (max-width: 600px) 72vw, 431px\" data-spai-crop=\"true\" title=\"Mozzarella &#8222;Carrozza&#8220;\" srcset=\"https:\/\/mutti-parma.com\/app\/uploads\/sites\/25\/2025\/06\/mozzarelle-in-carrozza-con-sugo-olive-leccino-scaled.jpg 2560w, https:\/\/mutti-parma.com\/app\/uploads\/sites\/25\/2025\/06\/mozzarelle-in-carrozza-con-sugo-olive-leccino-500x333.jpg 500w, https:\/\/mutti-parma.com\/app\/uploads\/sites\/25\/2025\/06\/mozzarelle-in-carrozza-con-sugo-olive-leccino-1024x683.jpg 1024w, https:\/\/mutti-parma.com\/app\/uploads\/sites\/25\/2025\/06\/mozzarelle-in-carrozza-con-sugo-olive-leccino-200x133.jpg 200w, https:\/\/mutti-parma.com\/app\/uploads\/sites\/25\/2025\/06\/mozzarelle-in-carrozza-con-sugo-olive-leccino-768x512.jpg 768w, https:\/\/mutti-parma.com\/app\/uploads\/sites\/25\/2025\/06\/mozzarelle-in-carrozza-con-sugo-olive-leccino-150x100.jpg 150w, https:\/\/mutti-parma.com\/app\/uploads\/sites\/25\/2025\/06\/mozzarelle-in-carrozza-con-sugo-olive-leccino-600x400.jpg 600w, https:\/\/mutti-parma.com\/app\/uploads\/sites\/25\/2025\/06\/mozzarelle-in-carrozza-con-sugo-olive-leccino-1536x1024.jpg 1536w, https:\/\/mutti-parma.com\/app\/uploads\/sites\/25\/2025\/06\/mozzarelle-in-carrozza-con-sugo-olive-leccino-2048x1365.jpg 2048w\" loading=\"lazy\" \/>\n      <\/div>\n\n          <\/a>\n  \n  \n      <a class=\"is-style-cursive heading block text-primary leading-none\" href=\"https:\/\/mutti-parma.com\/cz\/produkty\/olive-rajcatova-omacka-s-olivami\/\">\n      Om\u00e1\u010dky na t\u011bstoviny &#8211; olivami\n    <\/a>\n  \n  <a class=\"block my-4\" href=\"https:\/\/mutti-parma.com\/cz\/recipes\/mozzarella-carrozza\/\">\n          <h3>Mozzarella &#8222;Carrozza&#8220;<\/h3>\n      <\/a>\n\n      <a class=\"block hover:no-underline text-black\" href=\"https:\/\/mutti-parma.com\/cz\/recipes\/mozzarella-carrozza\/\">\n      Mozzarella &#8222;Carrozza&#8220;: Neodolateln\u011b s\u00fdrov\u00e1 a lahodn\u00e1, zp\u016fsobem Mutti\n    <\/a>\n  \n  <div class=\"flex items-center justify-center my-4\">\n    <div class=\"-ml-2 mr-2 pr-4 border-primary border-r-2 pt-2\">\n    <p class=\"flex flex-wrap items-end font-heavy text-primary leading-none justify-center\">\n      <img decoding=\"async\" alt=\"Total time\" class=\"w-10 md:w-12 mx-3 mb-2\" src=\"https:\/\/mutti-parma.com\/app\/themes\/mutti\/dist\/images\/icons\/mutti-product-icons-reduced-cooking-time.svg?id=dc737ade6befaad1eaaf\" width=\"54\" height=\"26\" loading=\"lazy\">\n      <span class=\"mb-2\">\n        25&nbsp;min\n      <\/span>\n    <\/p>\n  <\/div>\n  <div class=\"pt-2\">\n    <p class=\"flex flex-wrap items-end font-heavy uppercase text-primary leading-none justify-center\">\n      <img decoding=\"async\" alt=\"Difficulty\" class=\"w-10 md:w-12 mx-3 mb-2\" src=\"https:\/\/mutti-parma.com\/app\/themes\/mutti\/dist\/images\/icons\/mutti-product-icons-stove-top.svg?id=5f4b0df898a96e10ac63\" width=\"54\" height=\"18\" loading=\"lazy\">\n      <span class=\"mb-2\">\n        Snadn\u00e9\n      <\/span>\n    <\/p>\n  <\/div>\n  <\/div>\n<\/div>\n        <\/div>\n          <\/slideshow>\n  \n  <hr class=\"alignwide wp-block-separator\">\n\n      <p class=\"text-center\">\n      <a class=\"h3 underline\" href=\"https:\/\/mutti-parma.com\/cz\/recipes\/\">Objevte v\u0161echny na\u0161e b\u00e1je\u010dn\u00e9 recepty<\/a>\n    <\/p>\n  <\/div>\n\n\n<div class=\"acf-related-products mb-8 lg:mb-16 \" data-vue-wrapper>\n      <h3 class=\"text-center\">dal\u0161\u00ed produkty v produktov\u00e9 \u0159ad\u011b\r\n<\/h3>\n  \n      <slideshow :slides-per-view=\"3\" :navigation=\"true\" class=\"mx-8 lg:-mx-12\" name=\"Related Products\">\n              <div class=\"swiper-slide\">\n          <div class=\"text-center hover:lift-img mx-auto max-w-28\">\n      <a href=\"https:\/\/mutti-parma.com\/cz\/produkty\/parmiggiano-reggiano-rajcatova-omacka-se-syrem-parmiggiano-reggiano\/\" class=\"block\">\n            <div class=\"responsive-embed is-contain\" style=\"padding-bottom: 188.23529411765%;\"><img decoding=\"async\" width=\"676\" height=\"1290\" src=\"https:\/\/mutti-parma.com\/app\/uploads\/sites\/25\/2025\/06\/parmigiano.png\" class=\"inline-block mt-2 wp-image-1829\" alt=\"Om\u00e1\u010dky na t\u011bstoviny &#8211; Parmiggiano Reggiano\" sizes=\"auto, 126px\" data-spai-crop=\"false\" title=\"Om\u00e1\u010dky na t\u011bstoviny &#8211; Parmiggiano Reggiano\" srcset=\"https:\/\/mutti-parma.com\/app\/uploads\/sites\/25\/2025\/06\/parmigiano.png 676w, https:\/\/mutti-parma.com\/app\/uploads\/sites\/25\/2025\/06\/parmigiano-262x500.png 262w, https:\/\/mutti-parma.com\/app\/uploads\/sites\/25\/2025\/06\/parmigiano-537x1024.png 537w, https:\/\/mutti-parma.com\/app\/uploads\/sites\/25\/2025\/06\/parmigiano-105x200.png 105w, https:\/\/mutti-parma.com\/app\/uploads\/sites\/25\/2025\/06\/parmigiano-150x286.png 150w, https:\/\/mutti-parma.com\/app\/uploads\/sites\/25\/2025\/06\/parmigiano-600x1145.png 600w\" loading=\"lazy\" \/><\/div>\n    <\/a>\n  \n  <a class=\"block underline mb-2 mt-2\" href=\"https:\/\/mutti-parma.com\/cz\/produkty\/parmiggiano-reggiano-rajcatova-omacka-se-syrem-parmiggiano-reggiano\/\">\n    <h3 class=\"h4\">Om\u00e1\u010dky na t\u011bstoviny &#8211; Parmiggiano Reggiano<\/h3>\n  <\/a>\n\n      <a class=\"block hover:no-underline text-inherit\" href=\"https:\/\/mutti-parma.com\/cz\/produkty\/parmiggiano-reggiano-rajcatova-omacka-se-syrem-parmiggiano-reggiano\/\">\n      Om\u00e1\u010dky na t\u011bstoviny\n    <\/a>\n  <\/div>\n        <\/div>\n              <div class=\"swiper-slide\">\n          <div class=\"text-center hover:lift-img mx-auto max-w-28\">\n      <a href=\"https:\/\/mutti-parma.com\/cz\/produkty\/peperoncino-rajcatova-omacka-s-chilli-paprickami\/\" class=\"block\">\n            <div class=\"responsive-embed is-contain\" style=\"padding-bottom: 188.23529411765%;\"><img decoding=\"async\" width=\"676\" height=\"1290\" src=\"https:\/\/mutti-parma.com\/app\/uploads\/sites\/25\/2025\/06\/arrabbiata.png\" class=\"inline-block mt-2 wp-image-1835\" alt=\"Om\u00e1\u010dky na t\u011bstoviny &#8211; papri\u010dkami\" sizes=\"auto, 126px\" data-spai-crop=\"false\" title=\"Om\u00e1\u010dky na t\u011bstoviny &#8211; papri\u010dkami\" srcset=\"https:\/\/mutti-parma.com\/app\/uploads\/sites\/25\/2025\/06\/arrabbiata.png 676w, https:\/\/mutti-parma.com\/app\/uploads\/sites\/25\/2025\/06\/arrabbiata-262x500.png 262w, https:\/\/mutti-parma.com\/app\/uploads\/sites\/25\/2025\/06\/arrabbiata-537x1024.png 537w, https:\/\/mutti-parma.com\/app\/uploads\/sites\/25\/2025\/06\/arrabbiata-105x200.png 105w, https:\/\/mutti-parma.com\/app\/uploads\/sites\/25\/2025\/06\/arrabbiata-150x286.png 150w, https:\/\/mutti-parma.com\/app\/uploads\/sites\/25\/2025\/06\/arrabbiata-600x1145.png 600w\" loading=\"lazy\" \/><\/div>\n    <\/a>\n  \n  <a class=\"block underline mb-2 mt-2\" href=\"https:\/\/mutti-parma.com\/cz\/produkty\/peperoncino-rajcatova-omacka-s-chilli-paprickami\/\">\n    <h3 class=\"h4\">Om\u00e1\u010dky na t\u011bstoviny &#8211; papri\u010dkami<\/h3>\n  <\/a>\n\n      <a class=\"block hover:no-underline text-inherit\" href=\"https:\/\/mutti-parma.com\/cz\/produkty\/peperoncino-rajcatova-omacka-s-chilli-paprickami\/\">\n      Om\u00e1\u010dka na t\u011bstoviny\n    <\/a>\n  <\/div>\n        <\/div>\n              <div class=\"swiper-slide\">\n          <div class=\"text-center hover:lift-img mx-auto max-w-28\">\n      <a href=\"https:\/\/mutti-parma.com\/cz\/produkty\/verdure-rajcatova-omacka-se-zeleninou\/\" class=\"block\">\n            <div class=\"responsive-embed is-contain\" style=\"padding-bottom: 188.23529411765%;\"><img decoding=\"async\" width=\"676\" height=\"1290\" src=\"https:\/\/mutti-parma.com\/app\/uploads\/sites\/25\/2025\/06\/grilled.png\" class=\"inline-block mt-2 wp-image-1831\" alt=\"Om\u00e1\u010dky na t\u011bstoviny &#8211; zeleninou\" sizes=\"auto, 126px\" data-spai-crop=\"false\" title=\"Om\u00e1\u010dky na t\u011bstoviny &#8211; zeleninou\" srcset=\"https:\/\/mutti-parma.com\/app\/uploads\/sites\/25\/2025\/06\/grilled.png 676w, https:\/\/mutti-parma.com\/app\/uploads\/sites\/25\/2025\/06\/grilled-262x500.png 262w, https:\/\/mutti-parma.com\/app\/uploads\/sites\/25\/2025\/06\/grilled-537x1024.png 537w, https:\/\/mutti-parma.com\/app\/uploads\/sites\/25\/2025\/06\/grilled-105x200.png 105w, https:\/\/mutti-parma.com\/app\/uploads\/sites\/25\/2025\/06\/grilled-150x286.png 150w, https:\/\/mutti-parma.com\/app\/uploads\/sites\/25\/2025\/06\/grilled-600x1145.png 600w\" loading=\"lazy\" \/><\/div>\n    <\/a>\n  \n  <a class=\"block underline mb-2 mt-2\" href=\"https:\/\/mutti-parma.com\/cz\/produkty\/verdure-rajcatova-omacka-se-zeleninou\/\">\n    <h3 class=\"h4\">Om\u00e1\u010dky na t\u011bstoviny &#8211; zeleninou<\/h3>\n  <\/a>\n\n      <a class=\"block hover:no-underline text-inherit\" href=\"https:\/\/mutti-parma.com\/cz\/produkty\/verdure-rajcatova-omacka-se-zeleninou\/\">\n      Om\u00e1\u010dka na t\u011bstoviny\n    <\/a>\n  <\/div>\n        <\/div>\n              <div class=\"swiper-slide\">\n          <div class=\"text-center hover:lift-img mx-auto max-w-28\">\n      <a href=\"https:\/\/mutti-parma.com\/cz\/produkty\/basilico-rajcatova-omacka-s-bazalkou\/\" class=\"block\">\n            <div class=\"responsive-embed is-contain\" style=\"padding-bottom: 188.23529411765%;\"><img decoding=\"async\" width=\"676\" height=\"1290\" src=\"https:\/\/mutti-parma.com\/app\/uploads\/sites\/25\/2025\/06\/basil.png\" class=\"inline-block mt-2 wp-image-1834\" alt=\"Om\u00e1\u010dky na t\u011bstoviny &#8211; bazalkou\" sizes=\"auto, 126px\" data-spai-crop=\"false\" title=\"Om\u00e1\u010dky na t\u011bstoviny &#8211; bazalkou\" srcset=\"https:\/\/mutti-parma.com\/app\/uploads\/sites\/25\/2025\/06\/basil.png 676w, https:\/\/mutti-parma.com\/app\/uploads\/sites\/25\/2025\/06\/basil-262x500.png 262w, https:\/\/mutti-parma.com\/app\/uploads\/sites\/25\/2025\/06\/basil-537x1024.png 537w, https:\/\/mutti-parma.com\/app\/uploads\/sites\/25\/2025\/06\/basil-105x200.png 105w, https:\/\/mutti-parma.com\/app\/uploads\/sites\/25\/2025\/06\/basil-150x286.png 150w, https:\/\/mutti-parma.com\/app\/uploads\/sites\/25\/2025\/06\/basil-600x1145.png 600w\" loading=\"lazy\" \/><\/div>\n    <\/a>\n  \n  <a class=\"block underline mb-2 mt-2\" href=\"https:\/\/mutti-parma.com\/cz\/produkty\/basilico-rajcatova-omacka-s-bazalkou\/\">\n    <h3 class=\"h4\">Om\u00e1\u010dky na t\u011bstoviny &#8211; bazalkou<\/h3>\n  <\/a>\n\n      <a class=\"block hover:no-underline text-inherit\" href=\"https:\/\/mutti-parma.com\/cz\/produkty\/basilico-rajcatova-omacka-s-bazalkou\/\">\n      Om\u00e1\u010dka na t\u011bstoviny\n    <\/a>\n  <\/div>\n        <\/div>\n          <\/slideshow>\n  <\/div>\n\n\n","protected":false},"excerpt":{"rendered":"","protected":false},"featured_media":1830,"comment_status":"open","ping_status":"closed","template":"","product_category":[60],"class_list":["post-397","product","type-product","status-publish","has-post-thumbnail","hentry","product_category-product-category-58"],"acf":[],"_links":{"self":[{"href":"https:\/\/mutti-parma.com\/cz\/wp-json\/wp\/v2\/product\/397","targetHints":{"allow":["GET"]}}],"collection":[{"href":"https:\/\/mutti-parma.com\/cz\/wp-json\/wp\/v2\/product"}],"about":[{"href":"https:\/\/mutti-parma.com\/cz\/wp-json\/wp\/v2\/types\/product"}],"replies":[{"embeddable":true,"href":"https:\/\/mutti-parma.com\/cz\/wp-json\/wp\/v2\/comments?post=397"}],"version-history":[{"count":18,"href":"https:\/\/mutti-parma.com\/cz\/wp-json\/wp\/v2\/product\/397\/revisions"}],"predecessor-version":[{"id":1862,"href":"https:\/\/mutti-parma.com\/cz\/wp-json\/wp\/v2\/product\/397\/revisions\/1862"}],"wp:featuredmedia":[{"embeddable":true,"href":"https:\/\/mutti-parma.com\/cz\/wp-json\/wp\/v2\/media\/1830"}],"wp:attachment":[{"href":"https:\/\/mutti-parma.com\/cz\/wp-json\/wp\/v2\/media?parent=397"}],"wp:term":[{"taxonomy":"product_category","embeddable":true,"href":"https:\/\/mutti-parma.com\/cz\/wp-json\/wp\/v2\/product_category?post=397"}],"curies":[{"name":"wp","href":"https:\/\/api.w.org\/{rel}","templated":true}]}}