{"id":435,"date":"2020-03-05T09:48:09","date_gmt":"2020-03-05T09:48:09","guid":{"rendered":"https:\/\/mutti-parma.com\/cz\/?post_type=product&#038;p=435"},"modified":"2025-07-04T14:26:41","modified_gmt":"2025-07-04T14:26:41","slug":"verdure-rajcatova-omacka-se-zeleninou","status":"publish","type":"product","link":"https:\/\/mutti-parma.com\/cz\/produkty\/verdure-rajcatova-omacka-se-zeleninou\/","title":{"rendered":"Om\u00e1\u010dky na t\u011bstoviny &#8211; zeleninou"},"content":{"rendered":"\n<div style=\"--media-width: 50\" class=\"wp-block-media-text alignwide has-media-on-the-right is-stacked-on-mobile is-style-hero has-background-image\"><img loading=\"lazy\" decoding=\"async\" class=\"wp-block-media-text__background\" alt=\"\" data-spai-crop=\"true\" src=\"https:\/\/mutti-parma.com\/app\/uploads\/sites\/3\/2019\/09\/texture-banner-mutti-default-gradient.jpg\" \/><div class=\"wp-block-media-text__content\"><div class=\"acf-breadcrumb my-4 md:my-8 text-center md:text-left\">\n  <nav>\n  <ol class=\"list-none text-md\">\n                  <li class=\"inline\">\n                      <a class=\"text-inherit\" href=\"https:\/\/mutti-parma.com\/cz\/\">\n              \u00davod\n            <\/a>\n                                <span aria-hidden=\"true\">\/&nbsp;<\/span>\n                  <\/li>\n                        <li class=\"inline\">\n                      <a class=\"text-inherit\" href=\"https:\/\/mutti-parma.com\/cz\/produkty\/\">\n              Products\n            <\/a>\n                            <\/li>\n            <\/ol>\n<\/nav>\n<\/div>\n\n\n\n<h1 class=\"wp-block-heading has-primary-color has-text-color\">Om\u00e1\u010dky na t\u011bstoviny &#8211; zeleninou<\/h1>\n\n\n\n<p class=\"is-style-cursive has-xxl-font-size\">Om\u00e1\u010dka na t\u011bstoviny<\/p>\n\n\n\n<p>Zelenina je nezbytnou sou\u010d\u00e1st\u00ed ka\u017ed\u00e9ho zdrav\u00e9ho a chutn\u00e9ho j\u00eddla a grilovan\u00e1 zelenina m\u00e1 ji\u017e dlouho sv\u00e9 nezam\u011bniteln\u00e9 m\u00edsto u ned\u011bln\u00edch ve\u010de\u0159\u00ed a rodinn\u00fdch grilov\u00e1n\u00ed. V na\u0161\u00ed om\u00e1\u010dce pou\u017e\u00edv\u00e1me jako z\u00e1klad raj\u010datovou du\u017einu, kter\u00e1 je zkombinov\u00e1na se \u0161petkou raj\u010datov\u00e9ho koncentr\u00e1tu, kter\u00fd zintenzivn\u00ed jej\u00ed chu\u0165. Tento z\u00e1klad pot\u00e9 sm\u00edch\u00e1me s chutnou grilovanou zeleninou, abychom vytvo\u0159ili chutnou a bohatou om\u00e1\u010dku.<\/p>\n\n\n\n\n<\/div><figure class=\"wp-block-media-text__media\"><img loading=\"lazy\" decoding=\"async\" width=\"537\" height=\"1024\" src=\"https:\/\/mutti-parma.com\/app\/uploads\/sites\/25\/2025\/06\/grilled-537x1024.png\" alt=\"\" class=\"wp-image-1831 size-full\" sizes=\"(min-width: 1440px) 528px,37vw\" data-spai-crop=\"false\" srcset=\"https:\/\/mutti-parma.com\/app\/uploads\/sites\/25\/2025\/06\/grilled-537x1024.png 537w, https:\/\/mutti-parma.com\/app\/uploads\/sites\/25\/2025\/06\/grilled-262x500.png 262w, https:\/\/mutti-parma.com\/app\/uploads\/sites\/25\/2025\/06\/grilled-105x200.png 105w, https:\/\/mutti-parma.com\/app\/uploads\/sites\/25\/2025\/06\/grilled-150x286.png 150w, https:\/\/mutti-parma.com\/app\/uploads\/sites\/25\/2025\/06\/grilled-600x1145.png 600w, https:\/\/mutti-parma.com\/app\/uploads\/sites\/25\/2025\/06\/grilled.png 676w\" \/><\/figure><\/div>\n\n\n\n\n\n\n<div\n  class=\"acf-how-is-it-made alignwide text-center \"\n  data-vue-wrapper\n  >\n      <h2>How is it made?<\/h2>\n  \n  <slideshow :slides-per-view=\"3\" :slides-per-view-sm=\"1\" :slides-per-view-md=\"2\" name=\"How is it made\" class=\"mb-8\">\n      <\/slideshow>\n\n      <p class=\"is-style-cursive text-5xl\">To learn more about how we make our products<\/p>\n  \n      <h3>Visit the <a href=\"https:\/\/mutti-parma.com\/cz\/z-pole-na-vas-stul\/\">Field to Table<\/a><\/h3>\n  <\/div>\n\n\n\n\n\n<hr class=\"wp-block-separator has-css-opacity alignwide\"\/>\n\n\n<div class=\"acf-comments alignwide my-8\">\n  <div class=\"flex flex-wrap mb-4 items-center text-center sm:text-left px-0 sm:px-2 md:px-0\">\n    <h3 class=\"w-full sm:w-auto is-style-cursive text-primary my-0 leading-none\">Share and review<\/h3>\n    <div class=\"w-full sm:w-auto flex-auto mt-1 sm:ml-8\">\n          <\/div>\n\n          <div class=\"mx-auto sm:ml-0 mt-3 sm:mt-0\">\n                  <div\n  class=\"shariff\"\n  data-button-style=\"icon\"\n  data-mail-body=\"https:\/\/mutti-parma.com\/cz\/produkty\/verdure-rajcatova-omacka-se-zeleninou\/\"\n  data-mail-subject=\"Om\u00e1\u010dky na t\u011bstoviny &amp;#8211; zeleninou - Mutti\"\n  data-mail-url=\"mailto:\"\n  data-media-url=\"https:\/\/mutti-parma.com\/app\/uploads\/sites\/25\/2025\/06\/grilled.png\"\n  data-services=\"[&#039;facebook&#039;, &#039;twitter&#039;, &#039;whatsapp&#039;, &#039;pinterest&#039;, &#039;mail&#039;]\"\n><\/div>\n              <\/div>\n      <\/div>\n\n  <div>\n                <\/div>\n<\/div>\n\n\n\n<hr class=\"wp-block-separator has-css-opacity alignwide\"\/>\n\n\n\n<div class=\"wp-block-cover alignwide has-background-dim-80 has-darkred-background-color has-background-dim\" style=\"background-image:url(https:\/\/mutti-parma.com\/app\/uploads\/sites\/3\/2019\/09\/tomatoes.jpg)\"><div class=\"wp-block-cover__inner-container is-layout-flow wp-block-cover-is-layout-flow\">\n<div class=\"wp-block-columns alignwide is-layout-flex wp-container-core-columns-is-layout-9d6595d7 wp-block-columns-is-layout-flex\">\n<div class=\"wp-block-column is-layout-flow wp-block-column-is-layout-flow\">\n<h2 class=\"wp-block-heading\" id=\"sustainability\">Udr\u017eitelnost<\/h2>\n\n\n\n<p class=\"is-style-cursive mb-0\">Udr\u017eitelnost pro n\u00e1s znamen\u00e1 \u00factu k zemi<\/p>\n\n\n\n<h4 class=\"wp-block-heading\">Spolupr\u00e1ce s WWF<\/h4>\n\n\n\n<p>Spole\u010dnost Mutti \u00fazce spolupracovala s fondem WWF v It\u00e1lii na tom, aby spole\u010dn\u011b pomohli zem\u011bd\u011blc\u016fm nach\u00e1zet udr\u017eiteln\u00e9 zp\u016fsoby, jak sn\u00ed\u017eit jejich spot\u0159ebu vody a emise CO2. Italsk\u00fd fond WWF nejen stanovil c\u00edle, ale tak\u00e9 umo\u017enil zem\u011bd\u011blc\u016fm analyzovat a proch\u00e1zet data a zji\u0161\u0165ovat tak, co by se dalo ud\u011blat. Tato organizace nap\u0159\u00edklad doporu\u010dila pou\u017eit\u00ed speci\u00e1ln\u00edch senzor\u016f, kter\u00e9 rozpoznaj\u00ed vlhkost v p\u016fd\u011b a poskytuj\u00ed u\u017eite\u010dn\u00e9 informace na podporu efektivn\u00edho vyu\u017e\u00edv\u00e1n\u00ed vody. <br><br>Spole\u010dnost Mutti investovala do technologi\u00ed, vzd\u011bl\u00e1v\u00e1n\u00ed a technick\u00e9 podpory pro zem\u011bd\u011blce a zem\u011bd\u011blsk\u00e9 organizace. I po skon\u010den\u00ed na\u0161eho p\u011btilet\u00e9ho projektu jsme st\u00e1le stejn\u011b odhodl\u00e1ni minimalizovat n\u00e1\u0161 dopad na \u017eivotn\u00ed prost\u0159ed\u00ed a zlep\u0161ovat ka\u017ed\u00fd krok na\u0161\u00ed produkce.<\/p>\n<\/div>\n\n\n\n<div class=\"wp-block-column is-layout-flow wp-block-column-is-layout-flow\">\n<h2 class=\"has-text-align-center wp-block-heading\"><br>V\u00ddSLEDKY:<\/h2>\n\n\n\n<div class=\"wp-block-columns is-layout-flex wp-container-core-columns-is-layout-9d6595d7 wp-block-columns-is-layout-flex\">\n<div class=\"wp-block-column is-layout-flow wp-block-column-is-layout-flow\">\n<div class=\"wp-block-image\"><figure class=\"aligncenter size-large is-resized\"><img loading=\"lazy\" decoding=\"async\" src=\"https:\/\/mutti-parma.com\/app\/uploads\/sites\/3\/2019\/09\/icon-sustainable-water.svg\" alt=\"\" class=\"wp-image-30000085\" width=\"53\" height=\"91\" \/><\/figure><\/div>\n\n\n\n<h4 class=\"has-text-align-center wp-block-heading\">\u00daspora 1 000 mil. litr\u016f vody*<\/h4>\n\n\n\n<p class=\"has-text-align-center has-sm-font-size\">* mezi lety 2012 a 2014 (Zdroj: \u00dadaje shrom\u00e1\u017ed\u011bn\u00e9 CMCC, WWF a St\u0159edomo\u0159sk\u00fdm centrem pro klimatick\u00e9 zm\u011bny v It\u00e1lii)<\/p>\n<\/div>\n\n\n\n<div class=\"wp-block-column is-layout-flow wp-block-column-is-layout-flow\">\n<div class=\"wp-block-image\"><figure class=\"aligncenter size-large is-resized\"><img loading=\"lazy\" decoding=\"async\" src=\"https:\/\/mutti-parma.com\/app\/uploads\/sites\/3\/2019\/09\/icon-sustainable-co2.svg\" alt=\"\" class=\"wp-image-30000086\" width=\"114\" height=\"88\" \/><\/figure><\/div>\n\n\n\n<h4 class=\"has-text-align-center wp-block-heading\">Zabr\u00e1n\u011bno vzniku 31 530 tun CO2 (oxidu uhli\u010dit\u00e9ho).<\/h4>\n\n\n\n<p class=\"has-text-align-center has-sm-font-size\">* mezi lety 2010 a 2015 v porovn\u00e1n\u00ed s \u00farovn\u011bmi roku 2009 (Zdroj: \u00dadaje shrom\u00e1\u017ed\u011bn\u00e9 italskou WWF a skupinou pro energetickou \u00fa\u010dinnost Officinae Verdi)<\/p>\n<\/div>\n<\/div>\n<\/div>\n<\/div>\n<\/div><\/div>\n\n\n\n\n\n\n\n\n\n\n\n\n<div class=\"acf-related-products mb-8 lg:mb-16 \" data-vue-wrapper>\n      <h3 class=\"text-center\">dal\u0161\u00ed produkty v produktov\u00e9 \u0159ad\u011b\r\n<\/h3>\n  \n      <slideshow :slides-per-view=\"3\" :navigation=\"true\" class=\"mx-8 lg:-mx-12\" name=\"Related Products\">\n              <div class=\"swiper-slide\">\n          <div class=\"text-center hover:lift-img mx-auto max-w-28\">\n      <a href=\"https:\/\/mutti-parma.com\/cz\/produkty\/olive-rajcatova-omacka-s-olivami\/\" class=\"block\">\n            <div class=\"responsive-embed is-contain\" style=\"padding-bottom: 188.23529411765%;\"><img decoding=\"async\" width=\"676\" height=\"1290\" src=\"https:\/\/mutti-parma.com\/app\/uploads\/sites\/25\/2025\/06\/leccino.png\" class=\"inline-block mt-2 wp-image-1830\" alt=\"Om\u00e1\u010dky na t\u011bstoviny &#8211; olivami\" sizes=\"auto, 126px\" data-spai-crop=\"false\" title=\"Om\u00e1\u010dky na t\u011bstoviny &#8211; olivami\" srcset=\"https:\/\/mutti-parma.com\/app\/uploads\/sites\/25\/2025\/06\/leccino.png 676w, https:\/\/mutti-parma.com\/app\/uploads\/sites\/25\/2025\/06\/leccino-262x500.png 262w, https:\/\/mutti-parma.com\/app\/uploads\/sites\/25\/2025\/06\/leccino-537x1024.png 537w, https:\/\/mutti-parma.com\/app\/uploads\/sites\/25\/2025\/06\/leccino-105x200.png 105w, https:\/\/mutti-parma.com\/app\/uploads\/sites\/25\/2025\/06\/leccino-150x286.png 150w, https:\/\/mutti-parma.com\/app\/uploads\/sites\/25\/2025\/06\/leccino-600x1145.png 600w\" loading=\"lazy\" \/><\/div>\n    <\/a>\n  \n  <a class=\"block underline mb-2 mt-2\" href=\"https:\/\/mutti-parma.com\/cz\/produkty\/olive-rajcatova-omacka-s-olivami\/\">\n    <h3 class=\"h4\">Om\u00e1\u010dky na t\u011bstoviny &#8211; olivami<\/h3>\n  <\/a>\n\n      <a class=\"block hover:no-underline text-inherit\" href=\"https:\/\/mutti-parma.com\/cz\/produkty\/olive-rajcatova-omacka-s-olivami\/\">\n      Om\u00e1\u010dka na t\u011bstoviny\n    <\/a>\n  <\/div>\n        <\/div>\n              <div class=\"swiper-slide\">\n          <div class=\"text-center hover:lift-img mx-auto max-w-28\">\n      <a href=\"https:\/\/mutti-parma.com\/cz\/produkty\/parmiggiano-reggiano-rajcatova-omacka-se-syrem-parmiggiano-reggiano\/\" class=\"block\">\n            <div class=\"responsive-embed is-contain\" style=\"padding-bottom: 188.23529411765%;\"><img decoding=\"async\" width=\"676\" height=\"1290\" src=\"https:\/\/mutti-parma.com\/app\/uploads\/sites\/25\/2025\/06\/parmigiano.png\" class=\"inline-block mt-2 wp-image-1829\" alt=\"Om\u00e1\u010dky na t\u011bstoviny &#8211; Parmiggiano Reggiano\" sizes=\"auto, 126px\" data-spai-crop=\"false\" title=\"Om\u00e1\u010dky na t\u011bstoviny &#8211; Parmiggiano Reggiano\" srcset=\"https:\/\/mutti-parma.com\/app\/uploads\/sites\/25\/2025\/06\/parmigiano.png 676w, https:\/\/mutti-parma.com\/app\/uploads\/sites\/25\/2025\/06\/parmigiano-262x500.png 262w, https:\/\/mutti-parma.com\/app\/uploads\/sites\/25\/2025\/06\/parmigiano-537x1024.png 537w, https:\/\/mutti-parma.com\/app\/uploads\/sites\/25\/2025\/06\/parmigiano-105x200.png 105w, https:\/\/mutti-parma.com\/app\/uploads\/sites\/25\/2025\/06\/parmigiano-150x286.png 150w, https:\/\/mutti-parma.com\/app\/uploads\/sites\/25\/2025\/06\/parmigiano-600x1145.png 600w\" loading=\"lazy\" \/><\/div>\n    <\/a>\n  \n  <a class=\"block underline mb-2 mt-2\" href=\"https:\/\/mutti-parma.com\/cz\/produkty\/parmiggiano-reggiano-rajcatova-omacka-se-syrem-parmiggiano-reggiano\/\">\n    <h3 class=\"h4\">Om\u00e1\u010dky na t\u011bstoviny &#8211; Parmiggiano Reggiano<\/h3>\n  <\/a>\n\n      <a class=\"block hover:no-underline text-inherit\" href=\"https:\/\/mutti-parma.com\/cz\/produkty\/parmiggiano-reggiano-rajcatova-omacka-se-syrem-parmiggiano-reggiano\/\">\n      Om\u00e1\u010dky na t\u011bstoviny\n    <\/a>\n  <\/div>\n        <\/div>\n              <div class=\"swiper-slide\">\n          <div class=\"text-center hover:lift-img mx-auto max-w-28\">\n      <a href=\"https:\/\/mutti-parma.com\/cz\/produkty\/peperoncino-rajcatova-omacka-s-chilli-paprickami\/\" class=\"block\">\n            <div class=\"responsive-embed is-contain\" style=\"padding-bottom: 188.23529411765%;\"><img decoding=\"async\" width=\"676\" height=\"1290\" src=\"https:\/\/mutti-parma.com\/app\/uploads\/sites\/25\/2025\/06\/arrabbiata.png\" class=\"inline-block mt-2 wp-image-1835\" alt=\"Om\u00e1\u010dky na t\u011bstoviny &#8211; papri\u010dkami\" sizes=\"auto, 126px\" data-spai-crop=\"false\" title=\"Om\u00e1\u010dky na t\u011bstoviny &#8211; papri\u010dkami\" srcset=\"https:\/\/mutti-parma.com\/app\/uploads\/sites\/25\/2025\/06\/arrabbiata.png 676w, https:\/\/mutti-parma.com\/app\/uploads\/sites\/25\/2025\/06\/arrabbiata-262x500.png 262w, https:\/\/mutti-parma.com\/app\/uploads\/sites\/25\/2025\/06\/arrabbiata-537x1024.png 537w, https:\/\/mutti-parma.com\/app\/uploads\/sites\/25\/2025\/06\/arrabbiata-105x200.png 105w, https:\/\/mutti-parma.com\/app\/uploads\/sites\/25\/2025\/06\/arrabbiata-150x286.png 150w, https:\/\/mutti-parma.com\/app\/uploads\/sites\/25\/2025\/06\/arrabbiata-600x1145.png 600w\" loading=\"lazy\" \/><\/div>\n    <\/a>\n  \n  <a class=\"block underline mb-2 mt-2\" href=\"https:\/\/mutti-parma.com\/cz\/produkty\/peperoncino-rajcatova-omacka-s-chilli-paprickami\/\">\n    <h3 class=\"h4\">Om\u00e1\u010dky na t\u011bstoviny &#8211; papri\u010dkami<\/h3>\n  <\/a>\n\n      <a class=\"block hover:no-underline text-inherit\" href=\"https:\/\/mutti-parma.com\/cz\/produkty\/peperoncino-rajcatova-omacka-s-chilli-paprickami\/\">\n      Om\u00e1\u010dka na t\u011bstoviny\n    <\/a>\n  <\/div>\n        <\/div>\n              <div class=\"swiper-slide\">\n          <div class=\"text-center hover:lift-img mx-auto max-w-28\">\n      <a href=\"https:\/\/mutti-parma.com\/cz\/produkty\/basilico-rajcatova-omacka-s-bazalkou\/\" class=\"block\">\n            <div class=\"responsive-embed is-contain\" style=\"padding-bottom: 188.23529411765%;\"><img decoding=\"async\" width=\"676\" height=\"1290\" src=\"https:\/\/mutti-parma.com\/app\/uploads\/sites\/25\/2025\/06\/basil.png\" class=\"inline-block mt-2 wp-image-1834\" alt=\"Om\u00e1\u010dky na t\u011bstoviny &#8211; bazalkou\" sizes=\"auto, 126px\" data-spai-crop=\"false\" title=\"Om\u00e1\u010dky na t\u011bstoviny &#8211; bazalkou\" srcset=\"https:\/\/mutti-parma.com\/app\/uploads\/sites\/25\/2025\/06\/basil.png 676w, https:\/\/mutti-parma.com\/app\/uploads\/sites\/25\/2025\/06\/basil-262x500.png 262w, https:\/\/mutti-parma.com\/app\/uploads\/sites\/25\/2025\/06\/basil-537x1024.png 537w, https:\/\/mutti-parma.com\/app\/uploads\/sites\/25\/2025\/06\/basil-105x200.png 105w, https:\/\/mutti-parma.com\/app\/uploads\/sites\/25\/2025\/06\/basil-150x286.png 150w, https:\/\/mutti-parma.com\/app\/uploads\/sites\/25\/2025\/06\/basil-600x1145.png 600w\" loading=\"lazy\" \/><\/div>\n    <\/a>\n  \n  <a class=\"block underline mb-2 mt-2\" href=\"https:\/\/mutti-parma.com\/cz\/produkty\/basilico-rajcatova-omacka-s-bazalkou\/\">\n    <h3 class=\"h4\">Om\u00e1\u010dky na t\u011bstoviny &#8211; bazalkou<\/h3>\n  <\/a>\n\n      <a class=\"block hover:no-underline text-inherit\" href=\"https:\/\/mutti-parma.com\/cz\/produkty\/basilico-rajcatova-omacka-s-bazalkou\/\">\n      Om\u00e1\u010dka na t\u011bstoviny\n    <\/a>\n  <\/div>\n        <\/div>\n          <\/slideshow>\n  <\/div>\n\n\n","protected":false},"excerpt":{"rendered":"","protected":false},"featured_media":1831,"comment_status":"open","ping_status":"closed","template":"","product_category":[60],"class_list":["post-435","product","type-product","status-publish","has-post-thumbnail","hentry","product_category-product-category-58"],"acf":[],"_links":{"self":[{"href":"https:\/\/mutti-parma.com\/cz\/wp-json\/wp\/v2\/product\/435","targetHints":{"allow":["GET"]}}],"collection":[{"href":"https:\/\/mutti-parma.com\/cz\/wp-json\/wp\/v2\/product"}],"about":[{"href":"https:\/\/mutti-parma.com\/cz\/wp-json\/wp\/v2\/types\/product"}],"replies":[{"embeddable":true,"href":"https:\/\/mutti-parma.com\/cz\/wp-json\/wp\/v2\/comments?post=435"}],"version-history":[{"count":9,"href":"https:\/\/mutti-parma.com\/cz\/wp-json\/wp\/v2\/product\/435\/revisions"}],"predecessor-version":[{"id":1863,"href":"https:\/\/mutti-parma.com\/cz\/wp-json\/wp\/v2\/product\/435\/revisions\/1863"}],"wp:featuredmedia":[{"embeddable":true,"href":"https:\/\/mutti-parma.com\/cz\/wp-json\/wp\/v2\/media\/1831"}],"wp:attachment":[{"href":"https:\/\/mutti-parma.com\/cz\/wp-json\/wp\/v2\/media?parent=435"}],"wp:term":[{"taxonomy":"product_category","embeddable":true,"href":"https:\/\/mutti-parma.com\/cz\/wp-json\/wp\/v2\/product_category?post=435"}],"curies":[{"name":"wp","href":"https:\/\/api.w.org\/{rel}","templated":true}]}}