{"id":446,"date":"2020-03-05T10:56:38","date_gmt":"2020-03-05T10:56:38","guid":{"rendered":"https:\/\/mutti-parma.com\/cz\/?post_type=product&#038;p=446"},"modified":"2020-03-10T07:40:00","modified_gmt":"2020-03-10T07:40:00","slug":"krajena-rajcata-bio","status":"publish","type":"product","link":"https:\/\/mutti-parma.com\/cz\/produkty\/krajena-rajcata-bio\/","title":{"rendered":"Kr\u00e1jen\u00e1 raj\u010data BIO"},"content":{"rendered":"\n<div style=\"--media-width: 50\" class=\"wp-block-media-text alignwide has-media-on-the-right is-stacked-on-mobile is-style-hero has-background-image\"><img loading=\"lazy\" decoding=\"async\" class=\"wp-block-media-text__background\" alt=\"\" data-spai-crop=\"true\" src=\"https:\/\/mutti-parma.com\/app\/uploads\/sites\/3\/2019\/09\/texture-banner-mutti-default-gradient.jpg\" \/><figure class=\"wp-block-media-text__media\"><img loading=\"lazy\" decoding=\"async\" width=\"404\" height=\"766\" src=\"https:\/\/mutti-parma.com\/app\/uploads\/sites\/25\/2020\/03\/cz-tometenfruchtfleisch-bio.png\" alt=\"\" class=\"wp-image-550\" sizes=\"(min-width: 1440px) 528px,37vw\" data-spai-crop=\"false\" srcset=\"https:\/\/mutti-parma.com\/app\/uploads\/sites\/25\/2020\/03\/cz-tometenfruchtfleisch-bio.png 404w, https:\/\/mutti-parma.com\/app\/uploads\/sites\/25\/2020\/03\/cz-tometenfruchtfleisch-bio-105x200.png 105w, https:\/\/mutti-parma.com\/app\/uploads\/sites\/25\/2020\/03\/cz-tometenfruchtfleisch-bio-264x500.png 264w, https:\/\/mutti-parma.com\/app\/uploads\/sites\/25\/2020\/03\/cz-tometenfruchtfleisch-bio-150x284.png 150w\" \/><\/figure><div class=\"wp-block-media-text__content\"><div class=\"acf-breadcrumb my-4 md:my-8 text-center md:text-left\">\n  <nav>\n  <ol class=\"list-none text-md\">\n                  <li class=\"inline\">\n                      <a class=\"text-inherit\" href=\"https:\/\/mutti-parma.com\/cz\/\">\n              \u00davod\n            <\/a>\n                                <span aria-hidden=\"true\">\/&nbsp;<\/span>\n                  <\/li>\n                        <li class=\"inline\">\n                      <a class=\"text-inherit\" href=\"https:\/\/mutti-parma.com\/cz\/produkty\/\">\n              Products\n            <\/a>\n                            <\/li>\n            <\/ol>\n<\/nav>\n<\/div>\n\n\n\n<h1 class=\"has-primary-color wp-block-heading\">Kr\u00e1jen\u00e1 raj\u010data BIO<\/h1>\n\n\n\n<p class=\"has-xxl-font-size is-style-cursive\">Jemn\u011b kr\u00e1jen\u00e1 raj\u010data<\/p>\n\n\n\n<p>Hlavn\u00ed vlastnosti Mutti Kr\u00e1jen\u00e1 raj\u010data BIO jsou stejn\u00e9 jako u na\u0161ich ostatn\u00edch produkt\u016f, organick\u00e1 verze ale obsahuje v\u011bt\u0161\u00ed kusy raj\u010dat. Mutti vyr\u00e1b\u00ed tento produkt ze 100% p\u0159\u00edrodn\u00edch raj\u010datov\u00fdch plodin.<\/p>\n\n\n\n\n<\/div><\/div>\n\n\n\n\n\n\n<div\n  class=\"acf-how-is-it-made alignwide text-center \"\n  data-vue-wrapper\n  >\n      <h2>How is it made?<\/h2>\n  \n  <slideshow :slides-per-view=\"3\" :slides-per-view-sm=\"1\" :slides-per-view-md=\"2\" name=\"How is it made\" class=\"mb-8\">\n      <\/slideshow>\n\n      <p class=\"is-style-cursive text-5xl\">To learn more about how we make our products<\/p>\n  \n      <h3>Visit the <a href=\"https:\/\/mutti-parma.com\/cz\/z-pole-na-vas-stul\/\">Field to Table<\/a><\/h3>\n  <\/div>\n\n\n\n\n\n<hr class=\"wp-block-separator alignwide\"\/>\n\n\n<div class=\"acf-comments alignwide my-8\">\n  <div class=\"flex flex-wrap mb-4 items-center text-center sm:text-left px-0 sm:px-2 md:px-0\">\n    <h3 class=\"w-full sm:w-auto is-style-cursive text-primary my-0 leading-none\">Share and review<\/h3>\n    <div class=\"w-full sm:w-auto flex-auto mt-1 sm:ml-8\">\n          <\/div>\n\n          <div class=\"mx-auto sm:ml-0 mt-3 sm:mt-0\">\n                  <div\n  class=\"shariff\"\n  data-button-style=\"icon\"\n  data-mail-body=\"https:\/\/mutti-parma.com\/cz\/produkty\/krajena-rajcata-bio\/\"\n  data-mail-subject=\"Kr\u00e1jen\u00e1 raj\u010data BIO - Mutti\"\n  data-mail-url=\"mailto:\"\n  data-media-url=\"https:\/\/mutti-parma.com\/app\/uploads\/sites\/25\/2020\/03\/cz-tometenfruchtfleisch-bio.png\"\n  data-services=\"[&#039;facebook&#039;, &#039;twitter&#039;, &#039;whatsapp&#039;, &#039;pinterest&#039;, &#039;mail&#039;]\"\n><\/div>\n              <\/div>\n      <\/div>\n\n  <div>\n                <\/div>\n<\/div>\n\n\n\n<hr class=\"wp-block-separator alignwide\"\/>\n\n\n\n<div class=\"wp-block-cover alignwide has-background-dim-80 has-darkred-background-color has-background-dim\" style=\"background-image:url(https:\/\/mutti-parma.com\/app\/uploads\/sites\/3\/2019\/09\/tomatoes.jpg)\"><div class=\"wp-block-cover__inner-container is-layout-flow wp-block-cover-is-layout-flow\">\n<div class=\"wp-block-columns alignwide is-layout-flex wp-container-core-columns-is-layout-9d6595d7 wp-block-columns-is-layout-flex\">\n<div class=\"wp-block-column is-layout-flow wp-block-column-is-layout-flow\">\n<h2 class=\"wp-block-heading\" id=\"sustainability\">Udr\u017eitelnost<\/h2>\n\n\n\n<p class=\"is-style-cursive mb-0\">Udr\u017eitelnost pro n\u00e1s znamen\u00e1 \u00factu k zemi<\/p>\n\n\n\n<h4 class=\"wp-block-heading\">Spolupr\u00e1ce s WWF<\/h4>\n\n\n\n<p>Spole\u010dnost Mutti \u00fazce spolupracovala s fondem WWF v It\u00e1lii na tom, aby spole\u010dn\u011b pomohli zem\u011bd\u011blc\u016fm nach\u00e1zet udr\u017eiteln\u00e9 zp\u016fsoby, jak sn\u00ed\u017eit jejich spot\u0159ebu vody a emise CO2. Italsk\u00fd fond WWF nejen stanovil c\u00edle, ale tak\u00e9 umo\u017enil zem\u011bd\u011blc\u016fm analyzovat a proch\u00e1zet data a zji\u0161\u0165ovat tak, co by se dalo ud\u011blat. Tato organizace nap\u0159\u00edklad doporu\u010dila pou\u017eit\u00ed speci\u00e1ln\u00edch senzor\u016f, kter\u00e9 rozpoznaj\u00ed vlhkost v p\u016fd\u011b a poskytuj\u00ed u\u017eite\u010dn\u00e9 informace na podporu efektivn\u00edho vyu\u017e\u00edv\u00e1n\u00ed vody. <br><br>Spole\u010dnost Mutti investovala do technologi\u00ed, vzd\u011bl\u00e1v\u00e1n\u00ed a technick\u00e9 podpory pro zem\u011bd\u011blce a zem\u011bd\u011blsk\u00e9 organizace. I po skon\u010den\u00ed na\u0161eho p\u011btilet\u00e9ho projektu jsme st\u00e1le stejn\u011b odhodl\u00e1ni minimalizovat n\u00e1\u0161 dopad na \u017eivotn\u00ed prost\u0159ed\u00ed a zlep\u0161ovat ka\u017ed\u00fd krok na\u0161\u00ed produkce.<\/p>\n<\/div>\n\n\n\n<div class=\"wp-block-column is-layout-flow wp-block-column-is-layout-flow\">\n<h2 class=\"has-text-align-center wp-block-heading\"><br>V\u00ddSLEDKY:<\/h2>\n\n\n\n<div class=\"wp-block-columns is-layout-flex wp-container-core-columns-is-layout-9d6595d7 wp-block-columns-is-layout-flex\">\n<div class=\"wp-block-column is-layout-flow wp-block-column-is-layout-flow\">\n<div class=\"wp-block-image\"><figure class=\"aligncenter size-large is-resized\"><img loading=\"lazy\" decoding=\"async\" src=\"https:\/\/mutti-parma.com\/app\/uploads\/sites\/3\/2019\/09\/icon-sustainable-water.svg\" alt=\"\" class=\"wp-image-30000085\" width=\"53\" height=\"91\" \/><\/figure><\/div>\n\n\n\n<h4 class=\"has-text-align-center wp-block-heading\">\u00daspora 1 000 mil. litr\u016f vody*<\/h4>\n\n\n\n<p class=\"has-text-align-center has-sm-font-size\">* mezi lety 2012 a 2014 (Zdroj: \u00dadaje shrom\u00e1\u017ed\u011bn\u00e9 CMCC, WWF a St\u0159edomo\u0159sk\u00fdm centrem pro klimatick\u00e9 zm\u011bny v It\u00e1lii)<\/p>\n<\/div>\n\n\n\n<div class=\"wp-block-column is-layout-flow wp-block-column-is-layout-flow\">\n<div class=\"wp-block-image\"><figure class=\"aligncenter size-large is-resized\"><img loading=\"lazy\" decoding=\"async\" src=\"https:\/\/mutti-parma.com\/app\/uploads\/sites\/3\/2019\/09\/icon-sustainable-co2.svg\" alt=\"\" class=\"wp-image-30000086\" width=\"114\" height=\"88\" \/><\/figure><\/div>\n\n\n\n<h4 class=\"has-text-align-center wp-block-heading\">Zabr\u00e1n\u011bno vzniku 31 530 tun CO2 (oxidu uhli\u010dit\u00e9ho).<\/h4>\n\n\n\n<p class=\"has-text-align-center has-sm-font-size\">* mezi lety 2010 a 2015 v porovn\u00e1n\u00ed s \u00farovn\u011bmi roku 2009 (Zdroj: \u00dadaje shrom\u00e1\u017ed\u011bn\u00e9 italskou WWF a skupinou pro energetickou \u00fa\u010dinnost Officinae Verdi)<\/p>\n<\/div>\n<\/div>\n<\/div>\n<\/div>\n<\/div><\/div>\n\n\n\n\n\n\n\n\n\n\n\n\n<div class=\"acf-related-products mb-8 lg:mb-16 \" data-vue-wrapper>\n      <h3 class=\"text-center\">dal\u0161\u00ed produkty v produktov\u00e9 \u0159ad\u011b\r\n<\/h3>\n  \n      <slideshow :slides-per-view=\"3\" :navigation=\"true\" class=\"mx-8 lg:-mx-12\" name=\"Related Products\">\n              <div class=\"swiper-slide\">\n          <div class=\"text-center hover:lift-img mx-auto max-w-28\">\n      <a href=\"https:\/\/mutti-parma.com\/cz\/produkty\/polpa\/\" class=\"block\">\n            <div class=\"responsive-embed is-contain\" style=\"padding-bottom: 188.23529411765%;\"><img decoding=\"async\" width=\"1200\" height=\"1820\" src=\"https:\/\/mutti-parma.com\/app\/uploads\/sites\/25\/2020\/02\/polpa-400g-hires-cz-1.png\" class=\"inline-block mt-2 wp-image-124\" alt=\"Polpa\" sizes=\"auto, 126px\" data-spai-crop=\"false\" title=\"Polpa\" srcset=\"https:\/\/mutti-parma.com\/app\/uploads\/sites\/25\/2020\/02\/polpa-400g-hires-cz-1.png 1200w, https:\/\/mutti-parma.com\/app\/uploads\/sites\/25\/2020\/02\/polpa-400g-hires-cz-1-132x200.png 132w, https:\/\/mutti-parma.com\/app\/uploads\/sites\/25\/2020\/02\/polpa-400g-hires-cz-1-330x500.png 330w, https:\/\/mutti-parma.com\/app\/uploads\/sites\/25\/2020\/02\/polpa-400g-hires-cz-1-768x1165.png 768w, https:\/\/mutti-parma.com\/app\/uploads\/sites\/25\/2020\/02\/polpa-400g-hires-cz-1-675x1024.png 675w, https:\/\/mutti-parma.com\/app\/uploads\/sites\/25\/2020\/02\/polpa-400g-hires-cz-1-150x228.png 150w, https:\/\/mutti-parma.com\/app\/uploads\/sites\/25\/2020\/02\/polpa-400g-hires-cz-1-600x910.png 600w\" loading=\"lazy\" \/><\/div>\n    <\/a>\n  \n  <a class=\"block underline mb-2 mt-2\" href=\"https:\/\/mutti-parma.com\/cz\/produkty\/polpa\/\">\n    <h3 class=\"h4\">Polpa<\/h3>\n  <\/a>\n\n      <a class=\"block hover:no-underline text-inherit\" href=\"https:\/\/mutti-parma.com\/cz\/produkty\/polpa\/\">\n      Jemn\u011b kr\u00e1jen\u00e1 raj\u010data\n    <\/a>\n  <\/div>\n        <\/div>\n              <div class=\"swiper-slide\">\n          <div class=\"text-center hover:lift-img mx-auto max-w-28\">\n      <a href=\"https:\/\/mutti-parma.com\/cz\/produkty\/polpa-met-basilicum\/\" class=\"block\">\n            <div class=\"responsive-embed is-contain\" style=\"padding-bottom: 188.23529411765%;\"><img decoding=\"async\" width=\"1200\" height=\"1820\" src=\"https:\/\/mutti-parma.com\/app\/uploads\/sites\/25\/2020\/02\/polpa-basilic-400g-hires-cz-1.png\" class=\"inline-block mt-2 wp-image-126\" alt=\"Polpa s bazalkou\" sizes=\"auto, 126px\" data-spai-crop=\"false\" title=\"Polpa s bazalkou\" srcset=\"https:\/\/mutti-parma.com\/app\/uploads\/sites\/25\/2020\/02\/polpa-basilic-400g-hires-cz-1.png 1200w, https:\/\/mutti-parma.com\/app\/uploads\/sites\/25\/2020\/02\/polpa-basilic-400g-hires-cz-1-132x200.png 132w, https:\/\/mutti-parma.com\/app\/uploads\/sites\/25\/2020\/02\/polpa-basilic-400g-hires-cz-1-330x500.png 330w, https:\/\/mutti-parma.com\/app\/uploads\/sites\/25\/2020\/02\/polpa-basilic-400g-hires-cz-1-768x1165.png 768w, https:\/\/mutti-parma.com\/app\/uploads\/sites\/25\/2020\/02\/polpa-basilic-400g-hires-cz-1-675x1024.png 675w, https:\/\/mutti-parma.com\/app\/uploads\/sites\/25\/2020\/02\/polpa-basilic-400g-hires-cz-1-150x228.png 150w, https:\/\/mutti-parma.com\/app\/uploads\/sites\/25\/2020\/02\/polpa-basilic-400g-hires-cz-1-600x910.png 600w\" loading=\"lazy\" \/><\/div>\n    <\/a>\n  \n  <a class=\"block underline mb-2 mt-2\" href=\"https:\/\/mutti-parma.com\/cz\/produkty\/polpa-met-basilicum\/\">\n    <h3 class=\"h4\">Polpa s bazalkou<\/h3>\n  <\/a>\n\n      <a class=\"block hover:no-underline text-inherit\" href=\"https:\/\/mutti-parma.com\/cz\/produkty\/polpa-met-basilicum\/\">\n      Jemn\u011b kr\u00e1jen\u00e1 raj\u010data s bazalkou\n    <\/a>\n  <\/div>\n        <\/div>\n              <div class=\"swiper-slide\">\n          <div class=\"text-center hover:lift-img mx-auto max-w-28\">\n      <a href=\"https:\/\/mutti-parma.com\/cz\/produkty\/polpa-met-knoflook\/\" class=\"block\">\n            <div class=\"responsive-embed is-contain\" style=\"padding-bottom: 188.23529411765%;\"><img decoding=\"async\" width=\"1200\" height=\"1820\" src=\"https:\/\/mutti-parma.com\/app\/uploads\/sites\/25\/2020\/02\/polpa-aglio-400g-hires-cz-1.png\" class=\"inline-block mt-2 wp-image-125\" alt=\"Polpa s \u010desnekem\" sizes=\"auto, 126px\" data-spai-crop=\"false\" title=\"Polpa s \u010desnekem\" srcset=\"https:\/\/mutti-parma.com\/app\/uploads\/sites\/25\/2020\/02\/polpa-aglio-400g-hires-cz-1.png 1200w, https:\/\/mutti-parma.com\/app\/uploads\/sites\/25\/2020\/02\/polpa-aglio-400g-hires-cz-1-132x200.png 132w, https:\/\/mutti-parma.com\/app\/uploads\/sites\/25\/2020\/02\/polpa-aglio-400g-hires-cz-1-330x500.png 330w, https:\/\/mutti-parma.com\/app\/uploads\/sites\/25\/2020\/02\/polpa-aglio-400g-hires-cz-1-768x1165.png 768w, https:\/\/mutti-parma.com\/app\/uploads\/sites\/25\/2020\/02\/polpa-aglio-400g-hires-cz-1-675x1024.png 675w, https:\/\/mutti-parma.com\/app\/uploads\/sites\/25\/2020\/02\/polpa-aglio-400g-hires-cz-1-150x228.png 150w, https:\/\/mutti-parma.com\/app\/uploads\/sites\/25\/2020\/02\/polpa-aglio-400g-hires-cz-1-600x910.png 600w\" loading=\"lazy\" \/><\/div>\n    <\/a>\n  \n  <a class=\"block underline mb-2 mt-2\" href=\"https:\/\/mutti-parma.com\/cz\/produkty\/polpa-met-knoflook\/\">\n    <h3 class=\"h4\">Polpa s \u010desnekem<\/h3>\n  <\/a>\n\n      <a class=\"block hover:no-underline text-inherit\" href=\"https:\/\/mutti-parma.com\/cz\/produkty\/polpa-met-knoflook\/\">\n      Jemn\u011b kr\u00e1jen\u00e1 raj\u010data\n    <\/a>\n  <\/div>\n        <\/div>\n          <\/slideshow>\n  <\/div>\n\n\n","protected":false},"excerpt":{"rendered":"","protected":false},"featured_media":550,"comment_status":"open","ping_status":"closed","template":"","product_category":[66],"class_list":["post-446","product","type-product","status-publish","has-post-thumbnail","hentry","product_category-product-category-77"],"acf":[],"_links":{"self":[{"href":"https:\/\/mutti-parma.com\/cz\/wp-json\/wp\/v2\/product\/446","targetHints":{"allow":["GET"]}}],"collection":[{"href":"https:\/\/mutti-parma.com\/cz\/wp-json\/wp\/v2\/product"}],"about":[{"href":"https:\/\/mutti-parma.com\/cz\/wp-json\/wp\/v2\/types\/product"}],"replies":[{"embeddable":true,"href":"https:\/\/mutti-parma.com\/cz\/wp-json\/wp\/v2\/comments?post=446"}],"version-history":[{"count":5,"href":"https:\/\/mutti-parma.com\/cz\/wp-json\/wp\/v2\/product\/446\/revisions"}],"predecessor-version":[{"id":585,"href":"https:\/\/mutti-parma.com\/cz\/wp-json\/wp\/v2\/product\/446\/revisions\/585"}],"wp:featuredmedia":[{"embeddable":true,"href":"https:\/\/mutti-parma.com\/cz\/wp-json\/wp\/v2\/media\/550"}],"wp:attachment":[{"href":"https:\/\/mutti-parma.com\/cz\/wp-json\/wp\/v2\/media?parent=446"}],"wp:term":[{"taxonomy":"product_category","embeddable":true,"href":"https:\/\/mutti-parma.com\/cz\/wp-json\/wp\/v2\/product_category?post=446"}],"curies":[{"name":"wp","href":"https:\/\/api.w.org\/{rel}","templated":true}]}}