{"id":16,"date":"2019-12-12T08:16:42","date_gmt":"2019-12-12T08:16:42","guid":{"rendered":"https:\/\/mutti-parma.com\/de\/?page_id=16"},"modified":"2026-04-14T12:11:28","modified_gmt":"2026-04-14T12:11:28","slug":"datenschutz-bestimmungen","status":"publish","type":"page","link":"https:\/\/mutti-parma.com\/de\/datenschutz-bestimmungen\/","title":{"rendered":"Datenschutz-bestimmung"},"content":{"rendered":"\n<h1 class=\"wp-block-heading\"><strong>DATENSCHUTZERKL\u00c4RUNG NACH DER VERORDNUNG (EU) 2016\/679 \u2013 DATENSCHUTZ-GRUNDVERORDNUNG (DSGVO)<\/strong><\/h1>\n\n\n\n<p>Wir informieren Sie hiermit gem\u00e4\u00df Verordnung (EU) 679\/2016 (im Folgenden<strong> \u201eDSGVO<\/strong>\u201c) und der geltenden, auch nationalen, Gesetzgebung, zum Schutz personenbezogener Daten (im Folgenden <strong>\u201eDatenschutzrichtlinie<\/strong>\u201c), dass personenbezogene Daten (im Folgenden<strong> \u201eDaten<\/strong>\u201c) der Nutzer*innen dieser Website (im Folgenden \u201e<strong>betroffene Personen<\/strong>\u201c) auf folgende Weise und zu folgenden Zwecken verarbeitet werden.<\/p>\n\n\n\n<p>Verarbeitung personenbezogener Daten ist jeder mit oder ohne Hilfe automatisierter Verfahren ausgef\u00fchrte Vorgang oder jede Vorgangsreihe im Zusammenhang mit personenbezogenen Daten oder einer Reihe personenbezogener Daten, unabh\u00e4ngig davon, ob sie in einer Datenbank gespeichert sind oder nicht, wie das Erheben, das Erfassen, das Organisieren, das Ordnen, das Speichern, das Anpassen oder Ver\u00e4ndern, das Auslesen, das Abfragen, das Verwenden, das Offenlegen durch \u00dcbermittlung, das Verbreiten oder jede andere Form der Bereitstellung, den Abgleich oder die Verkn\u00fcpfung sowie das Einschr\u00e4nken, L\u00f6schen oder Vernichten.<\/p>\n\n\n\n<p>Gem\u00e4\u00df den DSGVO-Bestimmungen erfolgt die Verarbeitung durch die Verantwortlichen auf der Grundlage der Grunds\u00e4tze der Rechtm\u00e4\u00dfigkeit, der Fairness, der Transparenz und der Vertraulichkeit.<\/p>\n\n\n\n<h4 class=\"wp-block-heading\"><strong>1. VERANTWORTLICHE<\/strong><\/h4>\n\n\n\n<ul class=\"wp-block-list\">\n<li>Mutti S.p.A.\u00a0 (mit Sitz in Montechiarugolo, Via Traversetolo 28 (PR &#8211; 43022),USt-IdNr. 02758310342, Telefon +39 (0521) 652511, Fax +39 (0521) 652596, E-Mail\u00a0<a href=\"mailto:muttispa@muttispa.it\">muttispa@muttispa.it<\/a> und Mutti Deutschland GmbH, mit Sitz in (Adresse), Ballindamm 11, 20095, HAMBURG, DEUTSCHLAND, USt-IdNr. DE35004 6196, Telefon +49 40 333 99 557, sind selbst\u00e4ndige Verantwortliche der \u00fcber diese Website erhobenen Daten;<\/li>\n\n\n\n<li> Ausschlie\u00dflich in Verbindung mit den Facebook Business-Tools (z.&nbsp;B. bei Facebook die Schaltfl\u00e4che \u201eTeilen\u201c oder Insight zur Weiterleitung zur Facebook-Seite von Mutti) und Facebook Pixel, handeln Mutti S.p.A., Mutti Deutschland GmbH und Meta Platforms Ireland Ltd. mit Sitz in 4 Grand Canal Square Grand Canal Harbour Dublin 2 Irland als selbstst\u00e4ndige Verantwortliche, um den Grad der Wechselwirkung zwischen den besuchten Websites auf der Grundlage der Pr\u00e4ferenzen der betroffenen Personen zu messen und gezielte Werbung innerhalb des sozialen Netzwerks bereitzustellen. Weitere Informationen \u00fcber die Verarbeitung von Daten durch Facebook, Instagram, Messenger und andere von Meta Platforms Ireland Limited angebotene Produkte und Funktionen finden Sie unter den nachstehenden Links (<a href=\"https:\/\/www.facebook.com\/help\/1561485474074139?ref=dp\">Meta-Produkte<\/a>&nbsp;oder Produkte). Weitere Tools und Informationen finden Sie in den&nbsp;<a href=\"https:\/\/www.facebook.com\/settings\">Facebook-Einstellungen<\/a>&nbsp;und den&nbsp;<a href=\"https:\/\/www.instagram.com\/accounts\/privacy_and_security\/\">Instagram-Einstellungen<\/a>einschlie\u00dflichder &nbsp;Rechtsgrundlage, auf die sich Meta Platforms Ireland Ltd. mit Sitz in 4 Grand Canal Square Grand Canal Harbour Dublin 2 Irland bezieht, und dazu, wie Sie Ihre Rechte aus\u00fcben k\u00f6nnen.<\/li>\n<\/ul>\n\n\n\n<h4 class=\"wp-block-heading\"><strong>2. ARTEN VON VERARBEITETEN DATEN<\/strong><\/h4>\n\n\n\n<p>Folgende Daten werden verarbeitet:<\/p>\n\n\n\n<ul class=\"wp-block-list\">\n<li><strong>Surfdaten<\/strong>: wie IP-Adressen oder Dom\u00e4n-Namen von Computern, die von Nutzer*innen verwendet werden, die auf die Website zugreifen, URI (Uniform Resource Identifier)-Adressen von angeforderten Ressourcen, deren \u00dcbertragung bei der Verwendung von Internet-Kommunikationsprotokollen verbunden ist. Es handelt sich um Informationen, die nicht erhoben werden, um erkannten Interessenten zugeordnet zu werden, die es jedoch aufgrund ihrer Beschaffenheit durch Verarbeitung und Zuordnung zu Daten Dritter erm\u00f6glichen, die Nutzer zu identifizieren. Diese Daten dienen nur der Erhebung anonymer statistischer Informationen \u00fcber die Verwendung der Website und der \u00dcberpr\u00fcfung der korrekten Funktionsweise derselben; sie werden sofort nach der Verarbeitung gel\u00f6scht. Die Daten k\u00f6nnten zur Feststellung der Haftung bei hypothetischen Computerdelikten gegen die Website verwendet werden: Die Daten \u00fcber Webkontakte k\u00f6nnten in \u00dcbereinstimmung mit diesem Zweck gespeichert werden. Aus der IP-Adresse und dem Domain-Namen der genutzten Rechner ist es m\u00f6glich, ausschlie\u00dflich zum Zweck der Haftungsfeststellung, weitere Identifikationsdaten von Nutzer*innen (insbesondere Vorname, Nachname, E-Mail-Adresse usw.) abzuleiten;<\/li>\n\n\n\n<li><strong>Daten, die Nutzer*innen freiwillig zur Verf\u00fcgung stellen<\/strong>: Identifikationsdaten wie Vorname, Nachname, E-Mail, Telefonnummer, Wohnsitz oder Aufenthaltsadresse usw.; alle anderen Daten, die beispielsweise bei der Registrierung auf der Website in der entsprechenden Rubrik oder beim Ausf\u00fcllen eventueller Formulare zur Datenerhebung auf der Website, beim Kauf von Produkten der Marke Mutti, bei der Anmeldung zu bestimmten Diensten, wie dem Newsletter-Service, bei der Ausstellung von Rabattgutscheinen f\u00fcr Produkte der Marke Mutti oder bei der Kontaktaufnahme mit dem Kundendienst angegeben werden. Im Bereich \u201eStellenangebote\u201c auf der Website bittet Mutti Sie, die spezifischen Hinweise zur Verarbeitung dieser Daten zu lesen;<\/li>\n\n\n\n<li><strong>Durch Cookies erhobene Daten<\/strong>: Informationen \u00fcber Cookies und andere Tracking-Tools auf der Website von Mutti finden Sie in der Cookie-Richtlinie [Link zur Cookie-Richtlinie]. Die Interaktionen mit Websites, die von Interessenten durch die Nutzung der Facebook Business Tools besucht werden, bringen es mit sich, dass die Surfdaten auch von Facebook, wie Mutti als selbst\u00e4ndiger Verantwortlicher, verarbeitet werden.<\/li>\n<\/ul>\n\n\n\n<h4 class=\"wp-block-heading\"><strong>3. MINDERJ\u00c4HRIGE<\/strong><\/h4>\n\n\n\n<p>Diese Website und die Dienste der Verantwortlichen sind nicht f\u00fcr Minderj\u00e4hrige unter 16 Jahren bestimmt, die Verantwortlichen erheben wissentlich keine personenbezogenen Daten von Minderj\u00e4hrigen. Sollten unbeabsichtigt Daten von Minderj\u00e4hrigen erfasst werden, so l\u00f6schen die Verantwortlichen diese auf Anfrage der Nutzer*innen umgehend. Der Schutz der Sicherheit und der Privatsph\u00e4re von Minderj\u00e4hrigen ist uns sehr wichtig. Durch die Registrierung auf der Website im entsprechenden Abschnitt sowie das Ausf\u00fcllen der Formulare zur Datenerhebung auf der Website oder beim Anfordern eines Angebots\/Abonnieren des Newsletters best\u00e4tigt und erkl\u00e4rt die betroffene Person, dass sie mindestens 16 Jahre alt ist bzw. ihr Alter nicht unter dem in der Gesetzgebung im Land ihres Wohnsitz vorgesehenen liegt, sofern dort andere Altersgrenzen gelten.<\/p>\n\n\n\n<h4 class=\"wp-block-heading\"><strong>4. ZWECK DER VERARBEITUNG<\/strong><\/h4>\n\n\n\n<p>Die von betroffenen Personen \u00fcber die Website bereitgestellten personenbezogenen Daten werden von den Verantwortlichen f\u00fcr folgende Zwecke und auf folgenden Rechtsgrundlagen erhoben und verarbeitet:<\/p>\n\n\n\n<p><strong>A.&nbsp;ohne vorherige Zustimmung zu Dienstleistungszwecken und insbesondere f\u00fcr:<\/strong><\/p>\n\n\n\n<p>1. die Erf\u00fcllung des Vertrags und\/oder vorvertraglicher Ma\u00dfnahmen, insbesondere:<\/p>\n\n\n\n<ul class=\"wp-block-list\">\n<li>Teilnahme an Veranstaltungen\/Wettbewerben, f\u00fcr die besondere Vorschriften oder AGB gelten, die zur Annahme vorgelegt werden;<\/li>\n\n\n\n<li>technische Unterst\u00fctzung \u00fcber Telefon, die der betroffenen Person bei Problemen im Zusammenhang mit der Nutzung der Website (z.&nbsp;B. Anzeige von Inhalten, Nutzung der Website und einiger ihrer Funktionen) angeboten wird;&nbsp;<\/li>\n\n\n\n<li>die Bearbeitung einer Kontaktanfrage durch die betroffene Person;<\/li>\n<\/ul>\n\n\n\n<p>2. die Erf\u00fcllung gesetzlicher Verpflichtungen durch die Verantwortlichen, wie zum Beispiel:<\/p>\n\n\n\n<ul class=\"wp-block-list\">\n<li>Einhaltung von Verpflichtungen, die in Gesetzen, Verordnungen oder nationalen und EU-Rechtsvorschriften festgelegt sind oder von den zust\u00e4ndigen Beh\u00f6rden auferlegt werden;<\/li>\n<\/ul>\n\n\n\n<p>3. die Verfolgung eines berechtigten Interesses der Verantwortlichen wie z.&nbsp;B.:<\/p>\n\n\n\n<ul class=\"wp-block-list\">\n<li>Betrieb und Wartung der Website: Das Interesse des Verantwortlichen liegt im allgemeinen Interesse einer Firma, den Unternehmensbetrieb zu gew\u00e4hrleisten, auch durch die Funktionen der Website und die Einf\u00fchrung m\u00f6glicher Verbesserung der Effizienz der angebotenen Dienstleistungen;<\/li>\n\n\n\n<li>Verhindern oder Aufdecken von betr\u00fcgerischen Handlungen oder Missbrauch der Website sowie Aus\u00fcbung und Schutz der Rechte der Verantwortlichen in Gerichtsverfahren und bei Rechtsstreitigkeiten: Das Interesse der Verantwortlichen ist das allgemeine, tats\u00e4chliche und aktuelle Interesse, keinen Schaden durch das rechtswidrige Verhalten anderer zu erleiden, das als solches gegen\u00fcber den Interessen der betroffenen Person \u00fcberwiegt.<\/li>\n<\/ul>\n\n\n\n<p><strong>B.&nbsp;nur mit vorheriger Zustimmung f\u00fcr:<\/strong><\/p>\n\n\n\n<p>1. Werbezwecke und insbesondere:<\/p>\n\n\n\n<ul class=\"wp-block-list\">\n<li>Versendung von Werbung zu Produkten, Dienstleistungen, Hinweise auf besondere Initiativen und Einladungen zu Veranstaltungen \u00fcber Newsletter und\/oder automatisierte Instrumente (E-Mail, soziale Medien, Chats usw.);<\/li>\n\n\n\n<li>Registrierung f\u00fcr Dienste und Funktionen, die den einzelnen Nutzer*innen der Website angeboten werden;<\/li>\n<\/ul>\n\n\n\n<p>2. Zweck der Verwendung von Facebook-Tools zur Messung und Analyse der Interaktionen mit den von den betroffenen Personen besuchten Websites und zur Bereitstellung gezielter Werbung im sozialen Netzwerk Facebook, insbesondere:<\/p>\n\n\n\n<ul class=\"wp-block-list\">\n<li>Die f\u00fcr die Verantwortlichen und Facebook Ireland Limited verarbeiten als selbst\u00e4ndige Verantwortliche, wie in Abschnitt 1 beschrieben, Daten in Bezug auf die Interaktionen mit Websites, die von den betroffenen Personen durch die Verwendung von Facebook Business Tools (z.&nbsp;B. Facebook Cookies, Insight und Pixel) besucht werden. Weitere Informationen dar\u00fcber, wie Meta Platforms Ireland Ltd. die Daten verarbeitet, einschlie\u00dflich der entsprechenden Rechtsgrundlage und dar\u00fcber, wie Sie Ihre Rechte als betroffene Person gegen\u00fcber Meta Platforms Ireland Ltd. aus\u00fcben k\u00f6nnen, finden Sie in der Datenschutzerkl\u00e4rung von Meta Platforms Ireland Ltd. unter https:\/\/www.facebook.com\/privacy\/explanation.<\/li>\n\n\n\n<li>Auf der Website der Verantwortlichen werden insbesondere so genannte Social Plug-ins verwendet. Social Plug-ins sind spezielle Tools, die es erm\u00f6glichen, die Funktionen von sozialen Netzwerken direkt in die Website einzubinden (z.&nbsp;B. die Facebook-Schaltfl\u00e4che \u201eTeilen\u201c oder die Facebook-Icon zur Weiterleitung auf die Facebook-Seite von Mutti). Alle Plug-ins der sozialen Netzwerke auf der Website sind mit dem Logo der jeweiligen&nbsp; Plattform gekennzeichnet. Die Erhebung und Nutzung von Informationen durch diese Plug-ins unterliegt den&nbsp; Datenschutzhinweisen des entsprechenden Netzwerks, auf die Bezug zu nehmen ist.<\/li>\n<\/ul>\n\n\n\n<p>Wenn Sie eine Seite unserer Website besuchen und mit dem Plug-in interagieren (z.&nbsp;B. durch Anklicken der Schaltfl\u00e4che \u201eTeilen\u201c oder der Facebook-Icon, um von der Mutti-Website auf die Facebook-Seite weitergeleitet zu werden) oder einen Kommentar abzugeben, wird die entsprechende Information von Ihrem Browser direkt an die Plattform des sozialen Netzwerks (in diesem Fall Facebook) \u00fcbermittelt und dort gespeichert. Weitere Informationen dar\u00fcber, wie Meta Platforms Ireland Ltd. die Daten verarbeitet, einschlie\u00dflich der entsprechenden Rechtsgrundlage und dar\u00fcber, wie Sie Ihre Rechte als betroffene Person gegen\u00fcber Meta Platforms Ireland Ltd. aus\u00fcben k\u00f6nnen, finden Sie in der Datenschutzerkl\u00e4rung von Meta Platforms Ireland Ltd. unter https:\/\/www.facebook.com\/privacy\/explanation.<\/p>\n\n\n\n<h4 class=\"wp-block-heading\"><strong>5. ART DER ERHEBUNG<\/strong><\/h4>\n\n\n\n<p>Die Bereitstellung von Daten zu den unter Punkt A genannten Zwecken ist Pflicht; eine Verweigerung der Bereitstellung dieser Daten macht es dem Verantwortlichen unm\u00f6glich, die eingegangenen vertraglichen Verpflichtungen zu erf\u00fcllen, den Anfragen der betroffenen Person oder seinen gesetzlichen Verpflichtungen nachzukommen. Hinsichtlich der unter B.1) genannten Zwecke ist die Bereitstellung personenbezogener Daten freiwillig, ihre Verwendung ist nur mit der ausdr\u00fccklichen Zustimmung der betroffenen Person m\u00f6glich. Die Verweigerung der Zustimmung hat lediglich zur Folge, dass die betroffenen Personen nicht ordnungsgem\u00e4\u00df \u00fcber Initiativen des Unternehmens, die f\u00fcr sie von Interesse sein k\u00f6nnten, informiert werden k\u00f6nnen. Hinsichtlich der unter B.2) genannten Zwecke ist die Bereitstellung personenbezogener Daten hingegen freiwillig, ihre Verwendung unterliegt der freiwilligen Interaktion der betroffenen Person mit dem Plug-in des sozialen Netzwerks. Die fehlender Interaktion hat keine Folgen, und die betroffene Person kann die Website weiter besuchen, ohne direkte Wechselwirkung mit der Plattform des sozialen Netzwerks.<\/p>\n\n\n\n<h4 class=\"wp-block-heading\"><strong>6. VERARBEITUNGSVERFAHREN<\/strong><\/h4>\n\n\n\n<p>Die Verarbeitung der Daten der betroffenen Personen erfolgt &#8211; auf elektronischem Wege &#8211; durch die Vorg\u00e4nge zum Erheben, Erfassen, Aktualisieren, Organisieren, Speichern, Abrufen, Verarbeiten, Ausw\u00e4hlen, Ausziehen, Abgleichen, Verwenden, Verbinden, Sperren, L\u00f6schen und Vernichten der Daten. Die Verarbeitung der Daten durch das Unternehmen und seine Mitarbeiter erfolgt mit Hilfe von computergest\u00fctzten (und manuellen) Systemen gem\u00e4\u00df den in den geltenden Datenschutzbestimmungen vorgesehenen Grunds\u00e4tzen der Fairness, Loyalit\u00e4t und Transparenz, und Vertraulichkeit, wobei die Rechte der betroffenen Person durch geeignete technische und organisatorische Ma\u00dfnahmen zur Gew\u00e4hrleistung eines dem Risiko angemessenen Sicherheitsniveaus gesch\u00fctzt werden. Es werden besondere Sicherheitsma\u00dfnahmen ergriffen, um den Verlust, die unrechtm\u00e4\u00dfige oder falsche Verwendung und den unbefugten Zugriff zu den Daten zu verhindern.&nbsp;<\/p>\n\n\n\n<h4 class=\"wp-block-heading\"><strong>7. DATENSPEICHERUNG<\/strong><\/h4>\n\n\n\n<p>In Bezug auf die in Absatz 4 unter A)&nbsp; (Zweck der Verarbeitung) genannten Zwecke, werden die Daten w\u00e4hrend der gesamten Dauer der Beziehung verarbeitet, um die oben genannten Zwecke zu erreichen, und in jedem Fall bis h\u00f6chstens 10 Jahre nach Vertragsabschluss. Surfdaten werden verarbeitet und sieben Tage lang gespeichert. Die personenbezogenen Daten, die f\u00fcr die Erf\u00fcllung etwaiger gesetzlicher Verpflichtungen erforderlich sind, werden auch zu einem sp\u00e4teren Zeitpunkt in \u00dcbereinstimmung mit diesen Verpflichtungen und gem\u00e4\u00df den in den jeweils geltenden Vorschriften vorgesehenen Aufbewahrungsfristen gespeichert.&nbsp;<\/p>\n\n\n\n<p>Die f\u00fcr die in Absatz 4 (Zweck der Verarbeitung) unter B 1. genannten Zwecke (Werbung) bereitgestellten Daten werden f\u00fcr 24 Monate ab der Erhebung f\u00fcr die Verarbeitung zu Werbezwecken gespeichert. Nach Ablauf dieser Frist werden die Daten gel\u00f6scht oder anonymisiert, in jedem Fall k\u00f6nnen die betroffenen Personen ihre Zustimmung zur Verarbeitung ihrer Daten durch die Verantwortlichen zu Werbezwecken jederzeit \u00e4ndern oder widerrufen.&nbsp;<\/p>\n\n\n\n<p>Die f\u00fcr die in Absatz 4 (Zweck der Verarbeitung) unter B 2. genannten Zwecke (Verwendung von Facebook Business Tools) bereitgestellten Daten werden gem\u00e4\u00df den Angaben von Meta Platforms Ireland Ltd., und zwar gem\u00e4\u00df der unter https:\/\/www.facebook.com\/privacy\/explanation abrufbaren Facebook-Datenverordnung.&nbsp;<\/p>\n\n\n\n<h4 class=\"wp-block-heading\"><strong>8. GEBIET DER VERARBEITUNG, \u00dcBERMITTLUNG, VERBREITUNG&nbsp;<\/strong><\/h4>\n\n\n\n<p>Die Daten der betroffenen Personen werden f\u00fcr die in Abschnitt 4 dieses Rechtshinweises genannten Zwecke folgenden zug\u00e4nglich gemacht und von diesen verarbeitet:<\/p>\n\n\n\n<ul class=\"wp-block-list\">\n<li>internem Personal und<strong>&nbsp;<\/strong>Mitarbeitern der Verantwortlichen Mutti S.p.a. und Mutti Deutschland GmbH (in ihrer Eigenschaft als Verantwortliche und\/oder interne Auftragsverarbeiter und\/oder Systemadministratoren);<\/li>\n\n\n\n<li>Unternehmen, die zum Mutti-Konzern geh\u00f6ren;<\/li>\n\n\n\n<li>Dritten, die im Auftrag der Verantwortlichen, Mutti S.p.a. und Mutti Deutschland GmbH T\u00e4tigkeiten im Bereich des Outsourcings ausf\u00fchren (wie z.&nbsp;B. Dienstleister f\u00fcr die Verwaltung und Wartung der Website, Lieferanten, Unternehmen, die Werbegutscheine ausstellen, Unternehmen, die Wettbewerbe und Aktionen der Verantwortlichen verwalten, usw.), vorbehaltlich ihrer Ernennung als Auftragsverarbeiter, im Rahmen der in diesem Rechtshinweis vorgesehenen Zwecke und in \u00dcbereinstimmung mit den Bestimmungen der DSGVO.<\/li>\n<\/ul>\n\n\n\n<p>Die erhobenen Daten werden nicht verbreitet und nicht ohne die ausdr\u00fcckliche Zustimmung der betroffenen Person weitergegeben.<\/p>\n\n\n\n<p>Ohne ausdr\u00fcckliche Zustimmung (gem\u00e4\u00df Art. 6 DSGVO) dagegen kann der Verantwortliche Ihre Daten an Aufsichtsbeh\u00f6rden, \u00f6ffentliche Einrichtungen, Kontrollbeh\u00f6rden, Polizei- und Justizbeh\u00f6rden sowie an alle Personen weitergeben, an welche die Weitergabe gesetzlich vorgeschrieben ist, um die oben genannten Zwecke zu erf\u00fcllen. Diese Stellen werden die Daten in ihrer Eigenschaft als selbst\u00e4ndige Verantwortliche verarbeiten.<\/p>\n\n\n\n<p>Die vollst\u00e4ndige und aktuelle Liste der Stellen, welche die Daten in ihrer Eigenschaft als Auftragsverarbeiter und als selbst\u00e4ndige Verantwortliche verarbeiten ist auf Anfrage bei Mutti S.p.A. mit Sitz in Montechiarugolo, Via Traversetolo 28 (PR \u2013 43022) und bei Mutti Deutschland GmbH, Ballindamm 11, 20095, HAMBURG, DEUTSCHLAND erh\u00e4ltlich.<\/p>\n\n\n\n<h4 class=\"wp-block-heading\"><strong>9. \u00dcBERMITTLUNG IN L\u00c4NDER AUSSRHALB DER EG&nbsp;<\/strong><\/h4>\n\n\n\n<p>Die Verantwortlichen k\u00f6nnen Daten in L\u00e4nder au\u00dferhalb der Europ\u00e4ischen Union und insbesondere in die Vereinigten Staaten von Amerika f\u00fcr die technische Verwaltung bestimmter Verarbeitungsvorg\u00e4nge (z.&nbsp;B. Verwaltung von Verteilerlisten und registrierten Konten) \u00fcbermitteln.&nbsp; Zu diesem Zweck bewerten die f\u00fcr Verantwortlichen, Mutti S.p.a. und Mutti Deutschland GmbH, die Auswirkungen von Daten\u00fcbermittlungen und wenden folglich die am besten geeigneten Garantien an (z.&nbsp;B. Angemessenheitsbeschl\u00fcsse falls vorhanden oder Standardvertragsklauseln und in einzelnen begrenzten F\u00e4llen gesetzlich zul\u00e4ssige Ausnahmeregelungen).&nbsp;<\/p>\n\n\n\n<p>Informationen \u00fcber die Weiterleitung von pers\u00f6nlichen Daten, die mit Hilfe von Cookies, auch von Dritten, erhoben werden, finden Sie in der Cookie-Richtlinie von Mutti und in den auf den jeweiligen Websites verf\u00fcgbaren Datenschutzrichtlinien der Dritten, die den in der Cookie-Richtlinie enthaltenen Tabellen zu entnehmen sind. Insbesondere verarbeiten zu diesen Zwecken die Sozialen Netzwerke die Daten der betroffenen Personen als selbst\u00e4ndige Verantwortliche. Weitere Informationen \u00fcber die Datenverarbeitung durch diese sozialen Netzwerke (z.&nbsp;B. Facebook, Instagram, Twitter und Youtube) finden Sie in den von den sozialen Netzwerken abgewendeten Datenschutzrichtlinien unter den folgenden Links:<\/p>\n\n\n\n<ul class=\"wp-block-list\">\n<li><a href=\"https:\/\/www.facebook.com\/privacy\/explanation\">https:\/\/www.facebook.com\/privacy\/explanation<\/a>;<\/li>\n\n\n\n<li><a href=\"https:\/\/help.instagram.com\/519522125107875\">https:\/\/help.instagram.com\/519522125107875<\/a>;<\/li>\n\n\n\n<li><a href=\"https:\/\/twitter.com\/en\/privacy\">https:\/\/twitter.com\/en\/privacy<\/a>;<\/li>\n\n\n\n<li><a href=\"https:\/\/policies.google.com\/privacy?hl=ita\">https:\/\/policies.google.com\/privacy?hl=ita<\/a>.&nbsp;<\/li>\n<\/ul>\n\n\n\n<h4 class=\"wp-block-heading\"><strong>10. RECHTE DER BETROFFENEN PERSON<\/strong><\/h4>\n\n\n\n<p>Betroffene Personen k\u00f6nnen in Bezug auf die hier beschriebene Datenverarbeitung die in den Artt. 15 bis 22 der Datenschutz-Grundverordnung (DSGVO) festgelegten Rechte aus\u00fcben, und zwar:<\/p>\n\n\n\n<ul class=\"wp-block-list\">\n<li>das Recht, zu erfahren, ob personenbezogene Daten, auch noch nicht registrierte, zu ihrer Person vorliegen und Zugriff auf deren Inhalt zu erhalten (Auskunftsrecht);<\/li>\n\n\n\n<li>das Recht, die Aktualisierung, \u00c4nderung und\/oder Berichtigung personenbezogener Daten zu verlangen (Recht auf Berichtigung);<\/li>\n\n\n\n<li>das Recht, die L\u00f6schung oder Einschr\u00e4nkung von gesetzwidrig verarbeiteten Daten zu verlangen, einschlie\u00dflich solcher, deren Speicherung zu den Zwecken, zu welchen sie erhoben oder anschlie\u00dfend verarbeitet wurden, nicht notwendig ist (Recht auf Vergessenwerden und Recht auf Einschr\u00e4nkung der Verarbeitung);<\/li>\n\n\n\n<li>das Recht auf Einreichung einer Beschwerde bei der zust\u00e4ndigen Aufsichtsbeh\u00f6rde im Falle eines Versto\u00dfes gegen die Datenschutzbestimmungen;<\/li>\n\n\n\n<li>Recht auf Widerspruch gegen die Verarbeitung (Widerspruchsrecht);<\/li>\n\n\n\n<li>Recht auf Widerruf der Einwilligung, sofern sie erteilt wurde, unbeschadet der Rechtm\u00e4\u00dfigkeit der Verarbeitung auf Grundlage der vor dem Widerruf erteilten Zustimmung;<\/li>\n\n\n\n<li>das Recht, sich einem automatisierten Verfahren zur Erhebung, einschlie\u00dflich Profiling ganz oder teilweise zu widersetzen;<\/li>\n\n\n\n<li>das Recht, eine Kopie der dem Verantwortlichen zur Verf\u00fcgung gestellten personenbezogenen Daten in einem strukturierten, g\u00e4ngigen und maschinenlesbaren Format zu erhalten und zu beantragen, dass diese Daten an einem anderen Verantwortlichen \u00fcbermittelt werden, soweit dies technisch m\u00f6glich ist (Recht auf Daten\u00fcbertragbarkeit).<\/li>\n<\/ul>\n\n\n\n<h4 class=\"wp-block-heading\"><strong>11. VERFAHREN ZUR AUS\u00dcBUNG DER RECHTE<\/strong><\/h4>\n\n\n\n<p>Sie k\u00f6nnen Ihre Rechte jederzeit aus\u00fcben, indem Sie eine Mitteilung per Einschreiben an die f\u00fcr die Verantwortlichen unter folgenden Adressen senden: Mutti S.p.A., Via Traversetolo 28, Montechiarugolo (PR &#8211; 43022), oder per E-Mail an die Adresse <a href=\"mailto:muttispa@muttispa.it\">muttispa@muttispa.it<\/a>. oder an Mutti Deutschland GmbH, (Adresse) Ballindamm 11, 20095, HAMBURG, DEUTSCHLAND.\u00a0<\/p>\n\n\n\n<h4 class=\"wp-block-heading\"><strong>12. \u00c4NDERUNGEN AN DIESER DATENSCHUTZRICHTLINIE<\/strong><\/h4>\n\n\n\n<p>Dieser Rechtshinweis kann im Laufe der Zeit bei der Umsetzung von im Bereich des Datenschutzes erlassenen Rechtsvorschriften ge\u00e4ndert werden. Wir bitten Sie daher darum, diese Seite regelm\u00e4\u00dfig aufzurufen. Zu diesem Zweck wird der Stand des Rechtshinweises hervorgehoben.<\/p>\n\n\n\n<p><em>Letzter Stand Oktober 2023<\/em><\/p>\n","protected":false},"excerpt":{"rendered":"<p>DATENSCHUTZERKL\u00c4RUNG NACH DER VERORDNUNG (EU) 2016\/679 \u2013 DATENSCHUTZ-GRUNDVERORDNUNG (DSGVO) Wir informieren Sie hiermit gem\u00e4\u00df Verordnung (EU) 679\/2016 (im Folgenden \u201eDSGVO\u201c) und der geltenden, auch nationalen, Gesetzgebung, zum Schutz personenbezogener Daten (im Folgenden \u201eDatenschutzrichtlinie\u201c), dass personenbezogene Daten (im Folgenden \u201eDaten\u201c) der Nutzer*innen dieser Website (im Folgenden \u201ebetroffene Personen\u201c) auf folgende Weise und zu folgenden Zwecken verarbeitet<\/p>\n","protected":false},"author":1,"featured_media":0,"parent":0,"menu_order":41,"comment_status":"closed","ping_status":"closed","template":"template-privacy-policy.php","meta":{"_acf_changed":false,"_relevanssi_hide_post":"","_relevanssi_hide_content":"","_relevanssi_pin_for_all":"","_relevanssi_pin_keywords":"","_relevanssi_unpin_keywords":"","_relevanssi_related_keywords":"","_relevanssi_related_include_ids":"","_relevanssi_related_exclude_ids":"","_relevanssi_related_no_append":"","_relevanssi_related_not_related":"","_relevanssi_related_posts":"","_relevanssi_noindex_reason":"","footnotes":""},"class_list":["post-16","page","type-page","status-publish","hentry"],"acf":[],"_links":{"self":[{"href":"https:\/\/mutti-parma.com\/de\/wp-json\/wp\/v2\/pages\/16","targetHints":{"allow":["GET"]}}],"collection":[{"href":"https:\/\/mutti-parma.com\/de\/wp-json\/wp\/v2\/pages"}],"about":[{"href":"https:\/\/mutti-parma.com\/de\/wp-json\/wp\/v2\/types\/page"}],"author":[{"embeddable":true,"href":"https:\/\/mutti-parma.com\/de\/wp-json\/wp\/v2\/users\/1"}],"replies":[{"embeddable":true,"href":"https:\/\/mutti-parma.com\/de\/wp-json\/wp\/v2\/comments?post=16"}],"version-history":[{"count":12,"href":"https:\/\/mutti-parma.com\/de\/wp-json\/wp\/v2\/pages\/16\/revisions"}],"predecessor-version":[{"id":8980,"href":"https:\/\/mutti-parma.com\/de\/wp-json\/wp\/v2\/pages\/16\/revisions\/8980"}],"wp:attachment":[{"href":"https:\/\/mutti-parma.com\/de\/wp-json\/wp\/v2\/media?parent=16"}],"curies":[{"name":"wp","href":"https:\/\/api.w.org\/{rel}","templated":true}]}}