{"id":6063,"date":"2021-12-20T09:35:53","date_gmt":"2021-12-20T09:35:53","guid":{"rendered":"https:\/\/mutti-parma.com\/de\/?page_id=6063"},"modified":"2025-12-03T16:53:00","modified_gmt":"2025-12-03T16:53:00","slug":"pomodorino-doro-goldene-tomate","status":"publish","type":"page","link":"https:\/\/mutti-parma.com\/de\/unsere-geschichte\/pomodorino-doro-goldene-tomate\/","title":{"rendered":"Pomodorino d\u00b4oro &#8211; die Goldene Tomate"},"content":{"rendered":"\n<figure class=\"wp-block-image alignfull mt-0\"><img loading=\"lazy\" decoding=\"async\" src=\"https:\/\/mutti-parma.com\/app\/uploads\/2021\/01\/1-banner-desktop.jpg\" alt=\"\" class=\"wp-image-6325\" \/><\/figure>\n\n\n\n<div class=\"wp-block-group alignwide is-layout-flow wp-block-group-is-layout-flow\">\n<h1 class=\"wp-block-heading has-text-align-center\">Pomodorino d\u00b4oro &#8211; die Goldene Tomate<\/h1>\n\n\n\n<h2 class=\"wp-block-heading has-text-align-center is-style-cursive\">Pomodorino d&#8217;Oro \u2013 eine Auszeichnung f\u00fcr beste Qualit\u00e4t<\/h2>\n\n\n\n<p class=\"has-text-align-center\">Seit 2000 vergeben wir jedes Jahr die Pomodorino d&#8217;Oro (\u201eGoldene Tomate\u201c) an unsere besten Tomatenbauern, um die hohe Qualit\u00e4t ihrer Erzeugnisse zu w\u00fcrdigen: 100 % italienische Tomaten, liebevoll gepflegt vom Samen bis zur Frucht.<br><br>In den letzten 26 Jahren haben wir \u00fcber 800 ausgezeichnet Landwirte mit diesem Preis pr\u00e4miert.<br>Damit wollen wir f\u00fcr unsere Lieferanten einen Anreiz schaffen, ihre Produkte kontinuierlich zu verbessern und in die Entwicklung neuer Anbau-, Ernte- und Transportmethoden zu investieren. Auf diese Weise entsteht ein positiver Kreislauf, der letztlich gew\u00e4hrleistet, dass wir unseren Verbrauchern ein Produkt anbieten, das sich durch seine hervorragende Qualit\u00e4t und seinen einzigartigen Geschmack auszeichnet.<\/p>\n\n\n<\/div>\n\n\n\n<figure class=\"wp-block-video alignwide\"><video\n  controls\n  \n  \n  \n  \n  loading=\"lazy\"\n  \n  \n  \n\n  \n  >\n            <source src=\"https:\/\/cdn.mutti-parma.com\/app\/uploads\/sites\/15\/2021\/12\/mutti-new-main-subeng-20211116.mp4\" type=\"video\/mp4\">\n      <\/video>\n\n<\/figure>\n\n\n\n<div class=\"wp-block-media-text alignwide is-stacked-on-mobile\"><figure class=\"wp-block-media-text__media\"><img loading=\"lazy\" decoding=\"async\" src=\"https:\/\/mutti-parma.com\/app\/uploads\/2021\/01\/3-img.jpg\" alt=\"\" class=\"wp-image-6332 size-full\" sizes=\"(max-width: 600px) 100vw, (min-width: 1440px) 792px,55vw\" data-spai-crop=\"false\" \/><\/figure><div class=\"wp-block-media-text__content\">\n<h2 class=\"wp-block-heading\">UNSERE LEIDENSCHAFT F\u00dcR H\u00d6CHSTE QUALIT\u00c4T<\/h2>\n\n\n\n<p>Die Pomodorino d&#8217;Oro steht f\u00fcr verantwortungsbewusste Entscheidungen und entsprechendes Handeln in unserer t\u00e4glichen Arbeit. Diese Entscheidungen betreffen jedes einzelne Glied der Lieferkette und zielen immer darauf ab, die besonderen Qualit\u00e4ten der einzelnen Regionen zur Geltung zu bringen und zugleich das Land und die Menschen vor Ort zu achten. Wir wollen langfristige partnerschaftliche Beziehungen zu unseren Landwirten aufbauen, denn nur so k\u00f6nnen wir unsere Produkte stetig verbessern. Die Pomodorino d&#8217;Oro gilt als Symbol f\u00fcr unsere besondere Leidenschaft \u2013 und diese Leidenschaft zeichnet die hohe Qualit\u00e4t der MUTTI Produkte schlie\u00dflich aus.<\/p>\n<\/div><\/div>\n\n\n\n<div class=\"wp-block-group alignwide is-layout-flow wp-block-group-is-layout-flow\">\n<div class=\"wp-block-group alignwide is-layout-flow wp-block-group-is-layout-flow\">\n<h2 class=\"wp-block-heading has-text-align-center\">Die Sieger von 2025<\/h2>\n\n\n\n<h2 class=\"wp-block-heading has-text-align-center is-style-cursive\">26. Ausgabe<\/h2>\n\n\n\n<p class=\"has-text-align-center\">Die Pomodorino d&#8217;Oro spiegelt eines unserer Prinzipien wider: Jede Tomatensorte ben\u00f6tigt einen ganz bestimmten Boden. Aus diesem Grund pr\u00e4mieren wir jedes Jahr mehr als 60 Landwirte aus Nord- und S\u00fcditalien. Lernen Sie die Gewinner der diesj\u00e4hrigen Verleihung kennen!<\/p>\n<\/div>\n\n\n\n<div class=\"wp-block-group sm:mx-32 lg:mx-48 is-content-justification-center is-nowrap is-layout-flex wp-container-core-group-is-layout-46403f35 wp-block-group-is-layout-flex\">\n<figure class=\"wp-block-image size-full is-style-default -mx-8 mb-0\"><img loading=\"lazy\" decoding=\"async\" src=\"https:\/\/mutti-parma.com\/app\/uploads\/2024\/04\/pomodorino-doro-tondo.png\" alt=\"\" class=\"wp-image-9945\" style=\"aspect-ratio:0.9003690036900369;object-fit:cover\" \/><\/figure>\n\n\n\n<figure class=\"wp-block-image size-full -mx-8 mb-0\"><img loading=\"lazy\" decoding=\"async\" src=\"https:\/\/mutti-parma.com\/app\/uploads\/2024\/04\/pomodorino-doro-lungo.png\" alt=\"\" class=\"wp-image-9944\" \/><\/figure>\n\n\n\n<figure class=\"wp-block-image size-full -mx-8 mb-0\"><img loading=\"lazy\" decoding=\"async\" src=\"https:\/\/mutti-parma.com\/app\/uploads\/2024\/04\/pomodorino-doro-ciliegino.png\" alt=\"\" class=\"wp-image-9942\" \/><\/figure>\n\n\n\n<figure class=\"wp-block-image size-full -mx-8 mb-0\"><img loading=\"lazy\" decoding=\"async\" src=\"https:\/\/mutti-parma.com\/app\/uploads\/2024\/04\/pomodorino-doro-datterino-1.png\" alt=\"\" class=\"wp-image-9946\" \/><\/figure>\n<\/div>\n\n\n<div class=\"acf-custom-slideshow is-style-plain wp-block-embed is-type-video wp-embed-aspect-1-1 alignwide\" data-vue-wrapper>\n  <tab-slideshow\n    name=\"Custom Slideshow\"\n    :tabs='[\"Tondo di Parma Tomato\",\"Plum Tomato\",\"Cherry Tomato\",\"Baby Roma Tomato\"]'\n    :tabs-above=\"true\"\n    :navigation=\"false\"\n    :pagination=\"true\"\n    :append-navigation=\"true\"\n    :hide-navigation-mobile=\"true\"\n    :options='{\"autoHeight\":false}'\n    navigation-class=\"\"\n    :slideshow-classes='{\"wrapper\":\"text-white py-12 md:py-32 md:pb-16 md:px-16 has-background\",\"navigationNextButton\":\"fa-solid fa-chevron-right text-primary text-2xl lg:text-4xl mr-10 md:mt-16 hidden md:block\",\"navigationPrevButton\":\"fa-solid fa-chevron-left text-primary text-2xl lg:text-4xl ml-10 md:mt-16 hidden md:block\"}'\n          slideshow-background=\"https:\/\/mutti-parma.com\/app\/uploads\/sites\/3\/2021\/10\/5-video-gallery-bkg.jpeg\"\n      >\n          <div class=\"swiper-slide \">\n        <div class=\"flex flex-wrap align-stretch\">\n          <div class=\"flex-1 p-4 md:p-8 lg:pl-16 text-center md:text-left\">\n                          <h2>Luca Zavaroni<\/h2>\n<p class=\"has-xxl-font-size is-style-cursive\">\u201eF\u00fcr uns alle bedeutet die Produktion hochwertiger Tomaten, dass wir uns jedes Jahr bem\u00fchen, unser Bestes zu geben und unsere ganze Energie einzusetzen \u2013 besonders, wenn wir an die Industrie liefern.\u201c<\/p>\n\n                      <\/div>\n\n                      <div\n              class=\"\n                w-full md:w-1\/2\n                order-first\n                \n                flex justify-center md:justify-end\n                content-center lg:content-start\n              \"\n                          >\n              \n                              <div class=\"wp-block-embed is-type-video wp-embed-aspect-16-9 wp-has-aspect-ratio w-full self-center\">\n                  <div class=\"wp-block-embed__wrapper\">\n                    <iframe loading=\"lazy\" loading=\"lazy\" title=\"2025 Winner for Round Tomato - Luca Zavaroni\" width=\"500\" height=\"281\" data-cookieconsent=\"marketing\" data-src=\"\/\/www.youtube-nocookie.com\/embed\/zPFkN_Qa3x0?rel=0&#038;modestbranding=1&#038;enablejsapi=1&#038;feature=oembed&#038;width=500&#038;height=750\" frameborder=\"0\" allow=\"accelerometer; autoplay; clipboard-write; encrypted-media; gyroscope; picture-in-picture; web-share\" referrerpolicy=\"strict-origin-when-cross-origin\" allowfullscreen><\/iframe><div class=\"cookieconsent-embed-approval\">\n  <p>To watch this video you need to approve marketing cookies so we can use YouTube.<\/p>\n  <button class=\"btn btn-renew-cookie-consent\">\n    Manage Settings\n  <\/button>\n<\/div>\n<div class=\"cookieconsent-embed-approval\">\n  <p>To watch this video you need to approve marketing cookies so we can use YouTube.<\/p>\n  <button class=\"btn btn-renew-cookie-consent\">\n    Manage Settings\n  <\/button>\n<\/div>\n\n                  <\/div>\n                <\/div>\n                          <\/div>\n                  <\/div>\n      <\/div>\n          <div class=\"swiper-slide \">\n        <div class=\"flex flex-wrap align-stretch\">\n          <div class=\"flex-1 p-4 md:p-8 lg:pl-16 text-center md:text-left\">\n                          <h2>Michele Borrelli<\/h2>\n<p class=\"has-xxl-font-size is-style-cursive\">\u201eMir liegt die Ernte sehr am Herzen, denn wenn man ein gutes Produkt anbaut und die Erntezeit kommt, sp\u00fcrt man all die Zufriedenheit, die ein Landwirt empfinden kann.\u201c<\/p>\n\n                      <\/div>\n\n                      <div\n              class=\"\n                w-full md:w-1\/2\n                order-first\n                \n                flex justify-center md:justify-end\n                content-center lg:content-start\n              \"\n                          >\n              \n                              <div class=\"wp-block-embed is-type-video wp-embed-aspect-16-9 wp-has-aspect-ratio w-full self-center\">\n                  <div class=\"wp-block-embed__wrapper\">\n                    <iframe loading=\"lazy\" loading=\"lazy\" title=\"2025 Winner for Plum Tomato - Michele Borrelli\" width=\"500\" height=\"281\" data-cookieconsent=\"marketing\" data-src=\"\/\/www.youtube-nocookie.com\/embed\/MSgYe0SFxK8?rel=0&#038;modestbranding=1&#038;enablejsapi=1&#038;feature=oembed&#038;width=500&#038;height=750\" frameborder=\"0\" allow=\"accelerometer; autoplay; clipboard-write; encrypted-media; gyroscope; picture-in-picture; web-share\" referrerpolicy=\"strict-origin-when-cross-origin\" allowfullscreen><\/iframe><div class=\"cookieconsent-embed-approval\">\n  <p>To watch this video you need to approve marketing cookies so we can use YouTube.<\/p>\n  <button class=\"btn btn-renew-cookie-consent\">\n    Manage Settings\n  <\/button>\n<\/div>\n<div class=\"cookieconsent-embed-approval\">\n  <p>To watch this video you need to approve marketing cookies so we can use YouTube.<\/p>\n  <button class=\"btn btn-renew-cookie-consent\">\n    Manage Settings\n  <\/button>\n<\/div>\n\n                  <\/div>\n                <\/div>\n                          <\/div>\n                  <\/div>\n      <\/div>\n          <div class=\"swiper-slide \">\n        <div class=\"flex flex-wrap align-stretch\">\n          <div class=\"flex-1 p-4 md:p-8 lg:pl-16 text-center md:text-left\">\n                          <h2>Alfonso Fantasia<\/h2>\n<p class=\"has-xxl-font-size is-style-cursive\">\u201eStarke Werte zu haben, hat es mir erm\u00f6glicht, mit Mutti zusammenzuarbeiten. Eine qualitativ hochwertige Tomate ist gesund, rot und vor allem mit Respekt f\u00fcr richtige Bew\u00e4sserungspraktiken und Umweltvertr\u00e4glichkeit angebaut.\u201c<\/p>\n\n                      <\/div>\n\n                      <div\n              class=\"\n                w-full md:w-1\/2\n                order-first\n                \n                flex justify-center md:justify-end\n                content-center lg:content-start\n              \"\n                          >\n              \n                              <div class=\"wp-block-embed is-type-video wp-embed-aspect-16-9 wp-has-aspect-ratio w-full self-center\">\n                  <div class=\"wp-block-embed__wrapper\">\n                    <iframe loading=\"lazy\" loading=\"lazy\" title=\"2025 Winner for Cherry Tomato - Alfonso Fantasia\" width=\"500\" height=\"281\" data-cookieconsent=\"marketing\" data-src=\"\/\/www.youtube-nocookie.com\/embed\/H3Ah7vvzfok?rel=0&#038;modestbranding=1&#038;enablejsapi=1&#038;feature=oembed&#038;width=500&#038;height=750\" frameborder=\"0\" allow=\"accelerometer; autoplay; clipboard-write; encrypted-media; gyroscope; picture-in-picture; web-share\" referrerpolicy=\"strict-origin-when-cross-origin\" allowfullscreen><\/iframe><div class=\"cookieconsent-embed-approval\">\n  <p>To watch this video you need to approve marketing cookies so we can use YouTube.<\/p>\n  <button class=\"btn btn-renew-cookie-consent\">\n    Manage Settings\n  <\/button>\n<\/div>\n<div class=\"cookieconsent-embed-approval\">\n  <p>To watch this video you need to approve marketing cookies so we can use YouTube.<\/p>\n  <button class=\"btn btn-renew-cookie-consent\">\n    Manage Settings\n  <\/button>\n<\/div>\n\n                  <\/div>\n                <\/div>\n                          <\/div>\n                  <\/div>\n      <\/div>\n          <div class=\"swiper-slide \">\n        <div class=\"flex flex-wrap align-stretch\">\n          <div class=\"flex-1 p-4 md:p-8 lg:pl-16 text-center md:text-left\">\n                          <h2>Gabriele und Marco Costa<\/h2>\n<p class=\"has-xxl-font-size is-style-cursive\">\u201eDer Gedanke, auf einen anderen Kontinent zu reisen und dort ein Glas Mutti zu finden, l\u00f6st wirklich gro\u00dfe Emotionen aus, wenn man an all die Arbeit zur\u00fcckdenkt, die n\u00f6tig war, um dieses Glas m\u00f6glich zu machen.\u201c<\/p>\n\n                      <\/div>\n\n                      <div\n              class=\"\n                w-full md:w-1\/2\n                order-first\n                \n                flex justify-center md:justify-end\n                content-center lg:content-start\n              \"\n                          >\n              \n                              <div class=\"wp-block-embed is-type-video wp-embed-aspect-16-9 wp-has-aspect-ratio w-full self-center\">\n                  <div class=\"wp-block-embed__wrapper\">\n                    <iframe loading=\"lazy\" loading=\"lazy\" title=\"2025 Winners for Baby Roma - Gabriele &amp; Marco Costa\" width=\"500\" height=\"281\" data-cookieconsent=\"marketing\" data-src=\"\/\/www.youtube-nocookie.com\/embed\/ixt0vKs0uzA?rel=0&#038;modestbranding=1&#038;enablejsapi=1&#038;feature=oembed&#038;width=500&#038;height=750\" frameborder=\"0\" allow=\"accelerometer; autoplay; clipboard-write; encrypted-media; gyroscope; picture-in-picture; web-share\" referrerpolicy=\"strict-origin-when-cross-origin\" allowfullscreen><\/iframe><div class=\"cookieconsent-embed-approval\">\n  <p>To watch this video you need to approve marketing cookies so we can use YouTube.<\/p>\n  <button class=\"btn btn-renew-cookie-consent\">\n    Manage Settings\n  <\/button>\n<\/div>\n<div class=\"cookieconsent-embed-approval\">\n  <p>To watch this video you need to approve marketing cookies so we can use YouTube.<\/p>\n  <button class=\"btn btn-renew-cookie-consent\">\n    Manage Settings\n  <\/button>\n<\/div>\n\n                  <\/div>\n                <\/div>\n                          <\/div>\n                  <\/div>\n      <\/div>\n      <\/tab-slideshow>\n<\/div>\n<\/div>\n\n\n\n<div class=\"wp-block-cover alignwide is-light\" style=\"min-height:457px;aspect-ratio:unset;\"><img loading=\"lazy\" decoding=\"async\" class=\"wp-block-cover__image-background wp-image-6363\" alt=\"\" src=\"https:\/\/mutti-parma.com\/app\/uploads\/2021\/01\/6-parallax-banner.jpg\" data-object-fit=\"cover\" \/><span aria-hidden=\"true\" class=\"wp-block-cover__background has-background-dim-20 has-background-dim\"><\/span><div class=\"wp-block-cover__inner-container is-layout-flow wp-block-cover-is-layout-flow\">\n\n\n<h2 class=\"wp-block-heading\">Die Werte hinter der Pomodorino d&#8217;Oro<\/h2>\n\n\n<\/div><\/div>\n\n\n\n<div class=\"wp-block-media-text alignwide has-media-on-the-right is-stacked-on-mobile\" style=\"grid-template-columns:auto 40%\"><div class=\"wp-block-media-text__content\">\n<h2 class=\"wp-block-heading\">SORGFALT<\/h2>\n\n\n\n<h3 class=\"wp-block-heading is-style-cursive\">Umfassende Kontrollen und sorgf\u00e4ltige Auswahl auf den Feldern<\/h3>\n\n\n\n<p>Unsere Landwirte teilen unseren Sinn f\u00fcr h\u00f6chste Qualit\u00e4t und w\u00e4hlen zur Erntezeit deshalb nur die besten Tomaten aus. Dabei ber\u00fccksichtigen sie die Reife, Frische, Farbe, Konsistenz und S\u00fc\u00dfe der Fr\u00fcchte.&nbsp;Nur so k\u00f6nnen wir sicherstellen, dass <strong>die Tomaten bei ihrer Ankunft an unseren Produktionsstandorten die strengen Qualit\u00e4tskontrollen bestehen<\/strong>. Der Preistr\u00e4ger wird auf Grundlage einer automatischen Analyse ermittelt, die bei Ankunft der Tomaten im Werk durchgef\u00fchrt wird. Zu den Bewertungskriterien geh\u00f6ren die S\u00fc\u00dfe, der N\u00e4hrwertgehalt und Reifegrad der Tomaten.<\/p>\n\n\n\n<p><strong>Sorgfalt <\/strong>bedeutet f\u00fcr uns vor allem, <strong>h\u00f6chste Qualit\u00e4tsstandards zu gew\u00e4hrleisten und gleichzeitig die Umwelt und menschliche Gesundheit zu sch\u00fctzen<\/strong>.&nbsp;Daf\u00fcr setzen wir auf integrierte Produktionsprozesse: Wir bem\u00fchen uns, unseren Wasser- und Energieverbrauch in der landwirtschaftlichen Produktion zu minimieren, ohne Kompromisse bei der Qualit\u00e4t der Tomaten einzugehen. Zugleich verpflichten wir uns, die R\u00fcckverfolgbarkeit entlang der gesamten Lieferkette bis zum fertigen Produkt sicherzustellen.<\/p>\n<\/div><figure class=\"wp-block-media-text__media\"><img loading=\"lazy\" decoding=\"async\" src=\"https:\/\/mutti-parma.com\/app\/uploads\/sites\/7\/2024\/11\/2-cura-1024x1024.jpg\" alt=\"\" class=\"wp-image-11537 size-full\" sizes=\"(max-width: 600px) 100vw, (min-width: 1440px) 576px,40vw\" data-spai-crop=\"false\" \/><\/figure><\/div>\n\n\n\n<div class=\"wp-block-media-text alignwide is-stacked-on-mobile\" style=\"grid-template-columns:40% auto\"><figure class=\"wp-block-media-text__media\"><img loading=\"lazy\" decoding=\"async\" src=\"https:\/\/mutti-parma.com\/app\/uploads\/sites\/7\/2024\/11\/3-rispetto-1024x1024.jpg\" alt=\"\" class=\"wp-image-11538 size-full\" sizes=\"(max-width: 600px) 100vw, (min-width: 1440px) 576px,40vw\" data-spai-crop=\"false\" \/><\/figure><div class=\"wp-block-media-text__content\">\n<h2 class=\"wp-block-heading\">RESPEKT<\/h2>\n\n\n\n<h3 class=\"wp-block-heading is-style-cursive\">H\u00f6here Preise f\u00fcr hochwertige Tomaten<\/h3>\n\n\n\n<p>Wir zahlen unseren Landwirten f\u00fcr besonders hochwertige Tomaten einen Preis, der \u00fcber dem Marktdurchschnitt liegt. So st\u00e4rken wir die Beziehungen zu unseren Lieferanten und f\u00f6rdern deren wirtschaftliches Wachstum. Genau das verstehen wir unter Respekt.<\/p>\n\n\n\n<p>Im Lauf der Jahre haben wir den Einsatz von Erntemaschinen vorangetrieben, sodass alle Tomaten auf den Feldern unserer Landwirte in Nord- und S\u00fcditalien inzwischen mechanisch geerntet werden. Dar\u00fcber hinaus verpflichten sich unsere Landwirte im Rahmen unserer Vereinbarungen zur Einhaltung strenger ethischer und sozialer Standards.<\/p>\n<\/div><\/div>\n\n\n\n<div class=\"wp-block-media-text alignwide has-media-on-the-right is-stacked-on-mobile\" style=\"grid-template-columns:auto 40%\"><div class=\"wp-block-media-text__content\">\n<h2 class=\"wp-block-heading\">ZUSAMMENARBEIT<\/h2>\n\n\n\n<h3 class=\"wp-block-heading is-style-cursive\">Qualit\u00e4t fu\u00dft auf starken Partnerschaften<\/h3>\n\n\n\n<p>Die Zusammenarbeit mit unseren Produzenten basiert auf Vertrauen und gegenseitiger Unterst\u00fctzung. Wir setzen auf transparente Beziehungen mit fairen Vertragsbedingungen, von denen unsere Landwirte profitieren. \u00dcber den MUTTI Agrarservice teilen wir unser Fachwissen mit den Bauern und gew\u00e4hren ihnen so Zugang zu den besten technischen Plattformen. Dadurch k\u00f6nnen sie die neuesten Anbaumethoden nutzen, ihr eigenes Wissen erweitern und sicherstellen, dass die Produkte, die auf den Tellern unserer Verbraucher landen, den h\u00f6chstm\u00f6glichen Qualit\u00e4tsstandards entsprechen. Gemeinsam arbeiten wir auf ein einziges Ziel hin: Wir m\u00f6chten Familien ein hervorragendes Produkt anbieten, in dem sich unsere kulinarische Identit\u00e4t und das Wesen der mediterranen K\u00fcche widerspiegeln.<\/p>\n<\/div><figure class=\"wp-block-media-text__media\"><img loading=\"lazy\" decoding=\"async\" src=\"https:\/\/mutti-parma.com\/app\/uploads\/sites\/7\/2024\/11\/4-collaborazione-1024x1024.jpg\" alt=\"\" class=\"wp-image-11540 size-full\" sizes=\"(max-width: 600px) 100vw, (min-width: 1440px) 576px,40vw\" data-spai-crop=\"false\" \/><\/figure><\/div>\n\n\n\n<div class=\"wp-block-media-text alignwide is-stacked-on-mobile\" style=\"grid-template-columns:40% auto\"><figure class=\"wp-block-media-text__media\"><img loading=\"lazy\" decoding=\"async\" src=\"https:\/\/mutti-parma.com\/app\/uploads\/sites\/7\/2024\/11\/soddisfazione-1024x1024.jpg\" alt=\"\" class=\"wp-image-11526 size-full\" sizes=\"(max-width: 600px) 100vw, (min-width: 1440px) 576px,40vw\" data-spai-crop=\"false\" \/><\/figure><div class=\"wp-block-media-text__content\">\n<h2 class=\"wp-block-heading\">STOLZ<\/h2>\n\n\n\n<h3 class=\"wp-block-heading is-style-cursive\">Vom Feld bis in Ihre K\u00fcche<\/h3>\n\n\n\n<p>Jede Fuhre Tomaten, die bei uns eintrifft, erf\u00fcllt unsere Bauern mit Stolz. Denn das bedeutet, dass ihre Tomaten unsere strengen Kontrollen erfolgreich passiert haben. Es ist die Kr\u00f6nung der harten Arbeit einer ganzen Saison.<\/p>\n\n\n\n<p>Aber auch wir bei MUTTI sind stolz, weil wir damit zur Wertsch\u00f6pfung entlang der gesamten Lieferkette beitragen und unseren Kunden ein Produkt liefern, das nicht nur hervorragend schmeckt, sondern zugleich das Ergebnis ethischer Entscheidungen ist, die den Menschen \u2013 Landwirt wie Verbraucher \u2013 achten. <\/p>\n\n\n\n<p>Dasselbe Gef\u00fchl von Stolz stellt sich ein, weil wir wissen, dass wir unseren Teil dazu beigetragen haben, Verbrauchern ein unvergleichliches Geschmackserlebnis zu bescheren, das ihnen ein L\u00e4cheln ins Gesicht zaubern wird.<\/p>\n\n\n<\/div><\/div>\n\n\n","protected":false},"excerpt":{"rendered":"<p>Pomodorino d\u00b4oro &#8211; die Goldene Tomate Pomodorino d&#8217;Oro \u2013 eine Auszeichnung f\u00fcr beste Qualit\u00e4t Seit 2000 vergeben wir jedes Jahr die Pomodorino d&#8217;Oro (\u201eGoldene Tomate\u201c) an unsere besten Tomatenbauern, um die hohe Qualit\u00e4t ihrer Erzeugnisse zu w\u00fcrdigen: 100 % italienische Tomaten, liebevoll gepflegt vom Samen bis zur Frucht.In den letzten 26 Jahren haben wir \u00fcber<\/p>\n","protected":false},"author":1,"featured_media":0,"parent":4,"menu_order":12,"comment_status":"closed","ping_status":"closed","template":"","meta":{"_acf_changed":false,"_relevanssi_hide_post":"","_relevanssi_hide_content":"","_relevanssi_pin_for_all":"","_relevanssi_pin_keywords":"","_relevanssi_unpin_keywords":"","_relevanssi_related_keywords":"","_relevanssi_related_include_ids":"","_relevanssi_related_exclude_ids":"","_relevanssi_related_no_append":"","_relevanssi_related_not_related":"","_relevanssi_related_posts":"","_relevanssi_noindex_reason":"","footnotes":""},"class_list":["post-6063","page","type-page","status-publish","hentry"],"acf":[],"_links":{"self":[{"href":"https:\/\/mutti-parma.com\/de\/wp-json\/wp\/v2\/pages\/6063","targetHints":{"allow":["GET"]}}],"collection":[{"href":"https:\/\/mutti-parma.com\/de\/wp-json\/wp\/v2\/pages"}],"about":[{"href":"https:\/\/mutti-parma.com\/de\/wp-json\/wp\/v2\/types\/page"}],"author":[{"embeddable":true,"href":"https:\/\/mutti-parma.com\/de\/wp-json\/wp\/v2\/users\/1"}],"replies":[{"embeddable":true,"href":"https:\/\/mutti-parma.com\/de\/wp-json\/wp\/v2\/comments?post=6063"}],"version-history":[{"count":31,"href":"https:\/\/mutti-parma.com\/de\/wp-json\/wp\/v2\/pages\/6063\/revisions"}],"predecessor-version":[{"id":8668,"href":"https:\/\/mutti-parma.com\/de\/wp-json\/wp\/v2\/pages\/6063\/revisions\/8668"}],"up":[{"embeddable":true,"href":"https:\/\/mutti-parma.com\/de\/wp-json\/wp\/v2\/pages\/4"}],"wp:attachment":[{"href":"https:\/\/mutti-parma.com\/de\/wp-json\/wp\/v2\/media?parent=6063"}],"curies":[{"name":"wp","href":"https:\/\/api.w.org\/{rel}","templated":true}]}}