{"id":7207,"date":"2025-02-12T07:59:57","date_gmt":"2025-02-12T07:59:57","guid":{"rendered":"https:\/\/mutti-parma.com\/de\/?page_id=7207"},"modified":"2025-02-12T07:59:58","modified_gmt":"2025-02-12T07:59:58","slug":"kulinarische-spitzenleistungen-mit-mutti-pomodoro-im-foodservice","status":"publish","type":"page","link":"https:\/\/mutti-parma.com\/de\/kulinarische-spitzenleistungen-mit-mutti-pomodoro-im-foodservice\/","title":{"rendered":"Kulinarische Spitzenleistungen mit MUTTI Pomodoro im Foodservice"},"content":{"rendered":"\n<div class=\"wp-block-group alignwide has-beige-background-color has-background is-layout-constrained wp-block-group-is-layout-constrained\">\n<div class=\"wp-block-group alignfull is-style-ribbon is-style-ribbon-bottom is-layout-constrained wp-block-group-is-layout-constrained\" style=\"padding-top:0;padding-bottom:0\">\n<div class=\"wp-block-cover alignfull is-style-full-height\" style=\"padding-top:0rem;padding-bottom:0rem\"><span aria-hidden=\"true\" class=\"wp-block-cover__background has-background-dim-0 has-background-dim\"><\/span><img loading=\"lazy\" decoding=\"async\" class=\"wp-block-cover__image-background wp-image-20783\" alt=\"\" src=\"https:\/\/mutti-parma.com\/app\/uploads\/sites\/17\/2023\/12\/0-intro.jpg\" data-object-fit=\"cover\" \/><div class=\"wp-block-cover__inner-container is-layout-constrained wp-block-cover-is-layout-constrained\">\n<h1 class=\"wp-block-heading has-text-align-center is-style-default has-xl-heading-font-size\">Kulinarische Spitzenleistungen mit MUTTI Pomodoro im Foodservice<\/h1>\n<\/div><\/div>\n<\/div>\n\n\n\n<div class=\"wp-block-group alignwide pb-0 px-0 has-beige-background-color has-background is-layout-constrained wp-block-group-is-layout-constrained\" style=\"margin-bottom:0\">\n<h2 class=\"wp-block-heading has-text-align-center has-primary-color has-text-color\">WOF\u00dcR WIR STEHEN<\/h2>\n\n\n\n<p class=\"has-text-align-center\">Seit \u00fcber einem Jahrhundert ist MUTTI ein Synonym f\u00fcr die besten italienischen Tomaten. Unsere Geschichte begann mit dem Engagement einer Familie f\u00fcr Qualit\u00e4t und heute wird sie mit derselben Hingabe fortgesetzt. MUTTI Pomodoro ist die erste Wahl von anspruchsvollen K\u00f6chen und Gastronomen weltweit.<\/p>\n\n\n\n<h3 class=\"wp-block-heading has-text-align-center\">Erfahren sie mehr \u00fcber unsere werte<\/h3>\n\n\n\n<div class=\"wp-block-columns alignwide is-not-stacked-on-mobile mb-0 is-layout-flex wp-container-core-columns-is-layout-9d6595d7 wp-block-columns-is-layout-flex\" data-hide-on=\"mobile\">\n<div class=\"wp-block-column is-layout-flow wp-block-column-is-layout-flow\">\n<figure class=\"wp-block-image aligncenter size-full is-resized is-style-rounded-with-shadow\"><img loading=\"lazy\" decoding=\"async\" src=\"https:\/\/mutti-parma.com\/app\/uploads\/sites\/17\/2023\/12\/1-quality.jpg\" alt=\"\" class=\"wp-image-20786\" style=\"object-fit:cover;width:200px;height:200px\" \/><\/figure>\n\n\n\n<h3 class=\"wp-block-heading has-text-align-center has-primary-color has-text-color\">QUALIT\u00c4T<\/h3>\n\n\n\n<p class=\"has-text-align-center\">Als Familienunternehmen verarbeiten wir seit \u00fcber 120 Jahren Tomaten von h\u00f6chster Qualit\u00e4t. Durch unsere Spezialisierung auf Tomatenprodukte garantieren wir k\u00f6stlichen Geschmack und erstklassige Produktqualit\u00e4t. Wir verwenden ausschlie\u00dflich 100% sonnengereifte, italienische Tomaten von Landwirten, die die strengen Qualit\u00e4tsstandards von MUTTI teilen. F\u00fcr die Frische und Geschmacksintensit\u00e4t unserer Produkte garantieren wir, die Tomaten innerhalb von 24h zum fertigen Produkt weiterzuverarbeiten.<\/p>\n\n\n\n<div class=\"wp-block-buttons is-layout-flex wp-block-buttons-is-layout-flex\">\n<div class=\"wp-block-button\"><a class=\"wp-block-button__link wp-element-button\" href=\"https:\/\/mutti-parma.com\/de\/article\/die-zu-100-aus-italien-stammende-tomate-ist-das-ergebnis-von-kompetenz-und-harter-arbeit\/\">ERFAHREN SIE MEHR \u00dcBER UNSERE ZERTIFIZIERUNGEN!<\/a><\/div>\n<\/div>\n<\/div>\n\n\n\n<div class=\"wp-block-column is-layout-flow wp-block-column-is-layout-flow\">\n<figure class=\"wp-block-image aligncenter size-full is-resized is-style-rounded-with-shadow\"><img loading=\"lazy\" decoding=\"async\" src=\"https:\/\/mutti-parma.com\/app\/uploads\/sites\/17\/2023\/12\/2-sustainability.jpg\" alt=\"\" class=\"wp-image-20785\" style=\"object-fit:cover;width:200px;height:200px\" \/><\/figure>\n\n\n\n<h3 class=\"wp-block-heading has-text-align-center has-primary-color has-text-color\">&nbsp;NACHHALTIGKEIT<\/h3>\n\n\n\n<p class=\"has-text-align-center\">Wir setzen auf h\u00f6chste Qualit\u00e4t und Nachhaltigkeit: In Parma, im Herzen unseres italienischen Food Valleys, kombinieren wir traditionelle Landwirtschaft mit innovativen Technologien. Unsere Tomaten werden in der N\u00e4he der Produktionsbetriebe angebaut und wir arbeiten daran unsere Produktionsprozesse kontinuierlich zu verbessern, um unseren \u00f6kologischen Fu\u00dfabdruck, den Wasserverbrauch und die CO2-Emissionen zu reduzieren.<\/p>\n\n\n\n<div class=\"wp-block-buttons is-layout-flex wp-block-buttons-is-layout-flex\">\n<div class=\"wp-block-button\"><a class=\"wp-block-button__link wp-element-button\" href=\"https:\/\/cdn.mutti-parma.com\/app\/uploads\/2021\/10\/mutti-environmental-report-2020-0710-lowres.pdf\">ENTDECKEN SIE UNSEREN NACHHALTIGKEITSBERICHT!<\/a><\/div>\n<\/div>\n<\/div>\n\n\n\n<div class=\"wp-block-column is-layout-flow wp-block-column-is-layout-flow\">\n<figure class=\"wp-block-image aligncenter size-full is-resized is-style-rounded-with-shadow\"><img loading=\"lazy\" decoding=\"async\" src=\"https:\/\/mutti-parma.com\/app\/uploads\/sites\/17\/2023\/12\/3-respect.jpg\" alt=\"\" class=\"wp-image-20784\" style=\"object-fit:cover;width:200px;height:200px\" \/><\/figure>\n\n\n\n<h3 class=\"wp-block-heading has-text-align-center has-primary-color has-text-color\">RESPEKT<\/h3>\n\n\n\n<p class=\"has-text-align-center\">Wir unterst\u00fctzen unsere rund 700 Landwirte im Anbau, indem wir eine nachhaltige Produktion durch transparente Standards und faire Partnerschaften f\u00f6rdern. Wir setzen auf maschinelle Ernte und zahlen unseren Landwirten im Durchschnitt 10% mehr als markt\u00fcblich, um Qualit\u00e4t und langfristige Zusammenarbeiten zu sichern. Zudem verleihen wir den besten Bauern j\u00e4hrlich einen Preis, unseren Pomodorino d\u2019Oro, f\u00fcr die qualitativ besten Tomaten.<\/p>\n\n\n\n<div class=\"wp-block-buttons is-layout-flex wp-block-buttons-is-layout-flex\">\n<div class=\"wp-block-button\"><a class=\"wp-block-button__link wp-element-button\" href=\"https:\/\/mutti-parma.com\/de\/article\/pomodorino-doro-das-qualitaetssiegel-von-mutti\/\">ERFAHREN SIE MEHR \u00dcBER DEN POMODORINO D&#8217;ORO AWARD<\/a><\/div>\n<\/div>\n<\/div>\n<\/div>\n\n\n\n<div class=\"wp-block-group alignfull is-layout-constrained wp-block-group-is-layout-constrained\" data-hide-on=\"desktop tablet\"><div\n  class=\"\n    mutti-slideshow\n    \n    alignwide\n    has-multiple-slides-per-view\n  \"\n      id=\"sommes-carousel\"\n    data-vue-wrapper>\n  <slideshow\n    :pagination=\"false\"\n    :navigation=\"false\"\n    class=\"lg:-mx-8\"\n\n          :slides-per-view=\"3\"\n      :slides-per-view-md=\"3\"\n      :slides-per-view-sm=\"3\"\n                  :is-thumbnail-slider='true'\n        :options='{&quot;autoplay&quot;:false,&quot;loop&quot;:false,&quot;autoHeight&quot;:false,&quot;spaceBetween&quot;:60}'\n    :template-classes='{\"navigationGutter\":\"mx-8\",\"navigationPrevButton\":\"fa-solid fa-chevron-left text-2xl md:text-3xl text-primary\",\"navigationNextButton\":\"fa-solid fa-chevron-right text-2xl md:text-3xl text-primary\"}'\n  >\n    \n<div class=\"swiper-slide wp-block-mutti-slide\">\n    \n\n<figure class=\"wp-block-image aligncenter size-full is-style-rounded-with-shadow\"><img loading=\"lazy\" decoding=\"async\" src=\"https:\/\/mutti-parma.com\/app\/uploads\/sites\/17\/2023\/12\/1-quality.jpg\" alt=\"\" class=\"wp-image-20786\" style=\"object-fit:cover\" \/><\/figure>\n\n\n  <\/div>\n\n\n<div class=\"swiper-slide wp-block-mutti-slide\">\n    \n\n<figure class=\"wp-block-image aligncenter size-full is-style-rounded-with-shadow\"><img loading=\"lazy\" decoding=\"async\" src=\"https:\/\/mutti-parma.com\/app\/uploads\/sites\/17\/2023\/12\/2-sustainability.jpg\" alt=\"\" class=\"wp-image-20785\" style=\"object-fit:cover\" \/><\/figure>\n\n\n  <\/div>\n\n\n<div class=\"swiper-slide wp-block-mutti-slide\">\n    \n\n<figure class=\"wp-block-image aligncenter size-full is-style-rounded-with-shadow\"><img loading=\"lazy\" decoding=\"async\" src=\"https:\/\/mutti-parma.com\/app\/uploads\/sites\/17\/2023\/12\/3-respect.jpg\" alt=\"\" class=\"wp-image-20784\" style=\"object-fit:cover\" \/><\/figure>\n\n\n  <\/div>\n\n\n  <\/slideshow>\n<\/div>\n\n\n<div\n  class=\"\n    mutti-slideshow\n    \n    alignwide\n    \n  \"\n    data-vue-wrapper>\n  <slideshow\n    :pagination=\"false\"\n    :navigation=\"true\"\n    class=\"lg:-mx-8\"\n\n          :slides-per-view=\"1\"\n      :slides-per-view-md=\"1\"\n      :slides-per-view-sm=\"1\"\n              thumbs='#sommes-carousel'\n            :options='{&quot;autoplay&quot;:false,&quot;loop&quot;:false,&quot;autoHeight&quot;:true,&quot;spaceBetween&quot;:60}'\n    :template-classes='{\"navigationGutter\":\"mx-8\",\"navigationPrevButton\":\"fa-solid fa-chevron-left text-2xl md:text-3xl text-primary\",\"navigationNextButton\":\"fa-solid fa-chevron-right text-2xl md:text-3xl text-primary\"}'\n  >\n    \n<div class=\"swiper-slide wp-block-mutti-slide\">\n    \n\n<h3 class=\"wp-block-heading has-text-align-center has-primary-color has-text-color\">QUALIT\u00c4T:<\/h3>\n\n\n\n<p class=\"has-text-align-center\">Wir verwenden ausschlie\u00dflich 100% italienische Tomaten, die saisonal in den sonnenreichen Gebieten Italiens angebaut werden und am besten geeignet sind, die Vorz\u00fcge der verschiedenen Sorten hervorzuheben. Sorgf\u00e4ltig ausgew\u00e4hlt und innerhalb weniger Stunden nach der Ernte verarbeitet, bewahren unsere Tomaten die ganze Frische, den Duft und das Aroma.<\/p>\n\n\n\n<div class=\"wp-block-buttons is-content-justification-center is-layout-flex wp-container-core-buttons-is-layout-16018d1d wp-block-buttons-is-layout-flex\">\n<div class=\"wp-block-button\"><a class=\"wp-block-button__link wp-element-button\" href=\"https:\/\/mutti-parma.com\/de\/article\/die-zu-100-aus-italien-stammende-tomate-ist-das-ergebnis-von-kompetenz-und-harter-arbeit\/\">ERFAHREN SIE MEHR \u00dcBER UNSERE ZERTIFIZIERUNGEN!<\/a><\/div>\n<\/div>\n\n\n  <\/div>\n\n\n<div class=\"swiper-slide wp-block-mutti-slide\">\n    \n\n<h3 class=\"wp-block-heading has-text-align-center has-primary-color has-text-color\">&nbsp;NACHHALTIGKEIT:<\/h3>\n\n\n\n<p class=\"has-text-align-center\">Wir wenden die besten landwirtschaftlichen Praktiken gem\u00e4\u00df den Spezifikationen der integrierten Produktion an, um unsere Produktionsprozesse kontinuierlich zu erneuern. Unser Ziel ist es, unseren \u00f6kologische Fu\u00dfabdruck, den Wasserverbrauch und die CO2-Emissionen zu reduzieren.<\/p>\n\n\n\n<div class=\"wp-block-buttons is-content-justification-center is-layout-flex wp-container-core-buttons-is-layout-16018d1d wp-block-buttons-is-layout-flex\">\n<div class=\"wp-block-button\"><a class=\"wp-block-button__link wp-element-button\" href=\"https:\/\/cdn.mutti-parma.com\/app\/uploads\/2021\/10\/mutti-environmental-report-2020-0710-lowres.pdf\">ENTDECKEN SIE UNSEREN NACHHALTIGKEITSBERICHT!<\/a><\/div>\n<\/div>\n\n\n  <\/div>\n\n\n<div class=\"swiper-slide wp-block-mutti-slide\">\n    \n\n<h3 class=\"wp-block-heading has-text-align-center has-primary-color has-text-color\">RESPEKT:<\/h3>\n\n\n\n<p class=\"has-text-align-center\">Wir unterst\u00fctzen unsere Lieferkette von rund 700 Landwirten, die seit Jahren mit uns zusammenarbeiten, durch technologische Innovationen und wirtschaftliche Anreize, um h\u00f6chste Qualit\u00e4tsstandards zu erreichen. Dazu verleihen wir unseren besten Bauern j\u00e4hrlich einen Preis, unseren Pomodorino D&#8217;Oro f\u00fcr die qualitativ besten Tomaten.<\/p>\n\n\n\n<div class=\"wp-block-buttons is-content-justification-center is-layout-flex wp-container-core-buttons-is-layout-16018d1d wp-block-buttons-is-layout-flex\">\n<div class=\"wp-block-button\"><a class=\"wp-block-button__link wp-element-button\" href=\"https:\/\/mutti-parma.com\/de\/article\/pomodorino-doro-das-qualitaetssiegel-von-mutti\/\">ERFAHREN SIE MEHR \u00dcBER DEN POMODORINO D&#8217;ORO AWARD<\/a><\/div>\n<\/div>\n\n\n  <\/div>\n\n\n  <\/slideshow>\n<\/div>\n<\/div>\n<\/div>\n<\/div>\n\n\n\n<h2 class=\"wp-block-heading has-text-align-center\">MUTTI PROFESSIONAL<\/h2>\n\n\n<div\n  class=\"\n    mutti-slideshow\n    mt-0\n    align\n    \n  \"\n    data-vue-wrapper>\n  <slideshow\n    :pagination=\"true\"\n    :navigation=\"true\"\n    class=\"lg:-mx-8\"\n\n          :slides-per-view=\"1\"\n      :slides-per-view-md=\"1\"\n      :slides-per-view-sm=\"1\"\n                :options='{&quot;autoplay&quot;:false,&quot;loop&quot;:false,&quot;autoHeight&quot;:true,&quot;spaceBetween&quot;:60}'\n    :template-classes='{\"navigationGutter\":\"mx-8\",\"navigationPrevButton\":\"fa-solid fa-chevron-left text-2xl md:text-3xl text-primary\",\"navigationNextButton\":\"fa-solid fa-chevron-right text-2xl md:text-3xl text-primary\"}'\n  >\n    \n<div class=\"swiper-slide wp-block-mutti-slide\">\n    \n\n<figure class=\"wp-block-image aligncenter size-large is-resized\"><img loading=\"lazy\" decoding=\"async\" src=\"https:\/\/mutti-parma.com\/app\/uploads\/sites\/8\/2024\/06\/pizza-no-shade-transparent-1024x768.png\" alt=\"\" class=\"wp-image-11725\" style=\"object-fit:contain;width:300px;height:223px\" \/><\/figure>\n\n\n\n<h4 class=\"wp-block-heading has-text-align-center\">Pizzasauce<\/h4>\n\n\n  <\/div>\n\n\n<div class=\"swiper-slide wp-block-mutti-slide\">\n    \n\n<figure class=\"wp-block-image aligncenter size-large is-resized\"><img loading=\"lazy\" decoding=\"async\" src=\"https:\/\/mutti-parma.com\/app\/uploads\/sites\/8\/2024\/06\/polpa-no-shade-transparent-1024x768.png\" alt=\"\" class=\"wp-image-11724\" style=\"object-fit:contain;width:300px;height:223px\" \/><\/figure>\n\n\n\n<h4 class=\"wp-block-heading has-text-align-center\">Polpa<\/h4>\n\n\n  <\/div>\n\n\n<div class=\"swiper-slide wp-block-mutti-slide\">\n    \n\n<figure class=\"wp-block-image aligncenter size-full is-resized\"><img loading=\"lazy\" decoding=\"async\" src=\"https:\/\/mutti-parma.com\/app\/uploads\/sites\/8\/2024\/06\/pelati-no-shade-transparent.png\" alt=\"\" class=\"wp-image-11723\" style=\"object-fit:contain;width:300px;height:223px\" \/><\/figure>\n\n\n\n<h4 class=\"wp-block-heading has-text-align-center\">Pelati \/ San marzano<\/h4>\n\n\n  <\/div>\n\n\n<div class=\"swiper-slide wp-block-mutti-slide\">\n    \n\n<figure class=\"wp-block-image aligncenter size-large is-resized\"><img loading=\"lazy\" decoding=\"async\" src=\"https:\/\/mutti-parma.com\/app\/uploads\/sites\/8\/2024\/06\/cubi-no-shade-transparent-1024x768.png\" alt=\"\" class=\"wp-image-11726\" style=\"object-fit:cover;width:300px;height:223px\" \/><\/figure>\n\n\n\n<h4 class=\"wp-block-heading has-text-align-center\">gew\u00fcrfelte tomaten<\/h4>\n\n\n  <\/div>\n\n\n  <\/slideshow>\n<\/div>\n\n\n\n<p class=\"has-text-align-center\">MUTTI bietet ein vielseitiges Sortiment an Tomatenprodukten, die den besonderen Anforderungen Ihrer Gastronomie gerecht werden. Von reichhaltigem Tomatenp\u00fcree bis hin zu ganzen gesch\u00e4lten Tomaten ist unsere Auswahl darauf ausgerichtet, Sie zu kulinarischen H\u00f6chstleistungen zu inspirieren.<\/p>\n\n\n\n<div class=\"wp-block-buttons is-content-justification-center is-layout-flex wp-container-core-buttons-is-layout-16018d1d wp-block-buttons-is-layout-flex\">\n<div class=\"wp-block-button is-style-large-button\"><a class=\"wp-block-button__link has-white-color has-text-color wp-element-button\" href=\"https:\/\/mutti-parma.com\/app\/uploads\/sites\/15\/2024\/07\/mutti-catering-artikel.pdf\" target=\"_blank\" rel=\"noreferrer noopener\">DEN GESAMTEN KATALOG HERUNTERZULADEN!<\/a><\/div>\n<\/div>\n\n\n\n<iframe loading=\"lazy\" src=\"\/it-foodservice\/contacts.php?lang=de\" class=\"is-resize alignwide\"><\/iframe>\n\n\n\n<h2 class=\"wp-block-heading has-text-align-center\"><strong>STORIES &amp; EVENTS<\/strong><\/h2>\n\n\n\n<p class=\"has-text-align-center\">Bleiben Sie auf dem Laufenden mit unseren neuesten Nachrichten, Veranstaltungen und Kooperationen. Von bahnbrechenden Errungenschaften bis hin zu herzerw\u00e4rmenden Geschichten &#8211; wir halten Sie auf dem Laufenden, was in unserer Gemeinschaft f\u00fcr Aufsehen sorgt.<\/p>\n\n\n<div\n  class=\"\n    mutti-slideshow\n    mt-0\n    alignwide\n    has-multiple-slides-per-view\n  \"\n    data-vue-wrapper>\n  <slideshow\n    :pagination=\"false\"\n    :navigation=\"true\"\n    class=\"lg:-mx-8\"\n\n          :slides-per-view=\"3\"\n      :slides-per-view-md=\"1\"\n      :slides-per-view-sm=\"1\"\n                :options='{&quot;autoplay&quot;:false,&quot;loop&quot;:false,&quot;autoHeight&quot;:false,&quot;spaceBetween&quot;:0}'\n    :template-classes='{\"navigationGutter\":\"mx-8\",\"navigationPrevButton\":\"fa-solid fa-chevron-left text-2xl md:text-3xl text-primary\",\"navigationNextButton\":\"fa-solid fa-chevron-right text-2xl md:text-3xl text-primary\"}'\n  >\n    \n<div class=\"swiper-slide wp-block-mutti-slide\">\n    \n<div class=\"has-background has-secondary-background-color  is-style-square-image wp-block-mutti-media-card\">\n  <figure class=\"wp-block-mutti-media-card__media\">\n          <img decoding=\"async\" width=\"1024\" height=\"683\" src=\"https:\/\/mutti-parma.com\/app\/uploads\/sites\/15\/2020\/10\/pomodoro-1024x683.jpg\" class=\"wp-image-4036\" alt=\"\" style=\"\" srcset=\"https:\/\/mutti-parma.com\/app\/uploads\/sites\/15\/2020\/10\/pomodoro-1024x683.jpg 1024w, https:\/\/mutti-parma.com\/app\/uploads\/sites\/15\/2020\/10\/pomodoro-200x133.jpg 200w, https:\/\/mutti-parma.com\/app\/uploads\/sites\/15\/2020\/10\/pomodoro-500x333.jpg 500w, https:\/\/mutti-parma.com\/app\/uploads\/sites\/15\/2020\/10\/pomodoro-768x512.jpg 768w, https:\/\/mutti-parma.com\/app\/uploads\/sites\/15\/2020\/10\/pomodoro-150x100.jpg 150w, https:\/\/mutti-parma.com\/app\/uploads\/sites\/15\/2020\/10\/pomodoro-600x400.jpg 600w\" sizes=\"auto, (max-width: 1024px) 100vw, 1024px\" loading=\"lazy\" \/>\n      <\/figure>\n  <div class=\"wp-block-mutti-media-card__content\">\n    \n\n<h3 class=\"wp-block-heading\">Events<\/h3>\n\n\n\n<div class=\"wp-block-buttons is-layout-flex wp-block-buttons-is-layout-flex\">\n<div class=\"wp-block-button\"><a class=\"wp-block-button__link has-black-color has-text-color has-link-color wp-element-button\" href=\"https:\/\/mutti-parma.com\/de\/category\/events\/\">erkunden<\/a><\/div>\n<\/div>\n\n\n  <\/div>\n<\/div>\n\n\n  <\/div>\n\n\n<div class=\"swiper-slide wp-block-mutti-slide\">\n    \n<div class=\"has-background has-secondary-background-color  is-style-square-image wp-block-mutti-media-card\">\n  <figure class=\"wp-block-mutti-media-card__media\">\n          <img decoding=\"async\" width=\"1024\" height=\"683\" src=\"https:\/\/mutti-parma.com\/app\/uploads\/sites\/15\/2020\/10\/mutti-2611-9-1024x683.jpg\" class=\"wp-image-4130\" alt=\"\" style=\"\" srcset=\"https:\/\/mutti-parma.com\/app\/uploads\/sites\/15\/2020\/10\/mutti-2611-9-1024x683.jpg 1024w, https:\/\/mutti-parma.com\/app\/uploads\/sites\/15\/2020\/10\/mutti-2611-9-200x133.jpg 200w, https:\/\/mutti-parma.com\/app\/uploads\/sites\/15\/2020\/10\/mutti-2611-9-500x333.jpg 500w, https:\/\/mutti-parma.com\/app\/uploads\/sites\/15\/2020\/10\/mutti-2611-9-768x512.jpg 768w, https:\/\/mutti-parma.com\/app\/uploads\/sites\/15\/2020\/10\/mutti-2611-9-150x100.jpg 150w, https:\/\/mutti-parma.com\/app\/uploads\/sites\/15\/2020\/10\/mutti-2611-9-600x400.jpg 600w\" sizes=\"auto, (max-width: 1024px) 100vw, 1024px\" loading=\"lazy\" \/>\n      <\/figure>\n  <div class=\"wp-block-mutti-media-card__content\">\n    \n\n<h3 class=\"wp-block-heading\">News<\/h3>\n\n\n\n<div class=\"wp-block-buttons is-content-justification-center is-layout-flex wp-container-core-buttons-is-layout-16018d1d wp-block-buttons-is-layout-flex\">\n<div class=\"wp-block-button\"><a class=\"wp-block-button__link has-black-color has-text-color has-link-color wp-element-button\" href=\"https:\/\/mutti-parma.com\/de\/nachrichten\/\">erkunden<\/a><\/div>\n<\/div>\n\n\n  <\/div>\n<\/div>\n\n\n  <\/div>\n\n\n<div class=\"swiper-slide wp-block-mutti-slide\">\n    \n<div class=\"has-background has-secondary-background-color  is-style-square-image wp-block-mutti-media-card\">\n  <figure class=\"wp-block-mutti-media-card__media\">\n          <img decoding=\"async\" width=\"1024\" height=\"923\" src=\"https:\/\/mutti-parma.com\/app\/uploads\/sites\/3\/2019\/09\/banner-recipe-archive-home-1024x923.jpg\" class=\"wp-image-300000157 attachment-large size-large\" alt=\"matlaging med tomat\" style=\"\" srcset=\"https:\/\/mutti-parma.com\/app\/uploads\/sites\/3\/2019\/09\/banner-recipe-archive-home-1024x923.jpg 1024w, https:\/\/mutti-parma.com\/app\/uploads\/sites\/3\/2019\/09\/banner-recipe-archive-home-200x180.jpg 200w, https:\/\/mutti-parma.com\/app\/uploads\/sites\/3\/2019\/09\/banner-recipe-archive-home-500x451.jpg 500w, https:\/\/mutti-parma.com\/app\/uploads\/sites\/3\/2019\/09\/banner-recipe-archive-home-768x692.jpg 768w, https:\/\/mutti-parma.com\/app\/uploads\/sites\/3\/2019\/09\/banner-recipe-archive-home-150x135.jpg 150w, https:\/\/mutti-parma.com\/app\/uploads\/sites\/3\/2019\/09\/banner-recipe-archive-home-600x541.jpg 600w, https:\/\/mutti-parma.com\/app\/uploads\/sites\/3\/2019\/09\/banner-recipe-archive-home.jpg 1580w\" sizes=\"auto, (max-width: 1024px) 100vw, 1024px\" loading=\"lazy\" \/>\n      <\/figure>\n  <div class=\"wp-block-mutti-media-card__content\">\n    \n\n<h3 class=\"wp-block-heading\">Rezepte<\/h3>\n\n\n\n<div class=\"wp-block-buttons is-content-justification-center is-layout-flex wp-container-core-buttons-is-layout-16018d1d wp-block-buttons-is-layout-flex\">\n<div class=\"wp-block-button\"><a class=\"wp-block-button__link has-black-color has-text-color has-link-color wp-element-button\" href=\"https:\/\/mutti-parma.com\/de\/tomatenrezepte\/\">erkunden<\/a><\/div>\n<\/div>\n\n\n  <\/div>\n<\/div>\n\n\n  <\/div>\n\n\n  <\/slideshow>\n<\/div>\n\n\n","protected":false},"excerpt":{"rendered":"<p>WOF\u00dcR WIR STEHEN Seit \u00fcber einem Jahrhundert ist MUTTI ein Synonym f\u00fcr die besten italienischen Tomaten. Unsere Geschichte begann mit dem Engagement einer Familie f\u00fcr Qualit\u00e4t und heute wird sie mit derselben Hingabe fortgesetzt. MUTTI Pomodoro ist die erste Wahl von anspruchsvollen K\u00f6chen und Gastronomen weltweit. Erfahren sie mehr \u00fcber unsere werte QUALIT\u00c4T Als Familienunternehmen<\/p>\n","protected":false},"author":1,"featured_media":0,"parent":0,"menu_order":8,"comment_status":"closed","ping_status":"closed","template":"","meta":{"_acf_changed":false,"_relevanssi_hide_post":"","_relevanssi_hide_content":"","_relevanssi_pin_for_all":"","_relevanssi_pin_keywords":"","_relevanssi_unpin_keywords":"","_relevanssi_related_keywords":"","_relevanssi_related_include_ids":"","_relevanssi_related_exclude_ids":"","_relevanssi_related_no_append":"","_relevanssi_related_not_related":"","_relevanssi_related_posts":"2580,6254,6243,2804,5991,3683","_relevanssi_noindex_reason":"","footnotes":""},"class_list":["post-7207","page","type-page","status-publish","hentry"],"acf":[],"_links":{"self":[{"href":"https:\/\/mutti-parma.com\/de\/wp-json\/wp\/v2\/pages\/7207","targetHints":{"allow":["GET"]}}],"collection":[{"href":"https:\/\/mutti-parma.com\/de\/wp-json\/wp\/v2\/pages"}],"about":[{"href":"https:\/\/mutti-parma.com\/de\/wp-json\/wp\/v2\/types\/page"}],"author":[{"embeddable":true,"href":"https:\/\/mutti-parma.com\/de\/wp-json\/wp\/v2\/users\/1"}],"replies":[{"embeddable":true,"href":"https:\/\/mutti-parma.com\/de\/wp-json\/wp\/v2\/comments?post=7207"}],"version-history":[{"count":19,"href":"https:\/\/mutti-parma.com\/de\/wp-json\/wp\/v2\/pages\/7207\/revisions"}],"predecessor-version":[{"id":7635,"href":"https:\/\/mutti-parma.com\/de\/wp-json\/wp\/v2\/pages\/7207\/revisions\/7635"}],"wp:attachment":[{"href":"https:\/\/mutti-parma.com\/de\/wp-json\/wp\/v2\/media?parent=7207"}],"curies":[{"name":"wp","href":"https:\/\/api.w.org\/{rel}","templated":true}]}}