{"id":8584,"date":"2025-11-04T14:50:19","date_gmt":"2025-11-04T14:50:19","guid":{"rendered":"https:\/\/mutti-parma.com\/de\/?page_id=8584"},"modified":"2025-11-04T14:50:21","modified_gmt":"2025-11-04T14:50:21","slug":"teilnahmebedingungenmuttiimmersivedining","status":"publish","type":"page","link":"https:\/\/mutti-parma.com\/de\/teilnahmebedingungenmuttiimmersivedining\/","title":{"rendered":"MUTTI IMMERSIVE DINING LinkedIn Raffle TERMS AND CONDITIONS"},"content":{"rendered":"\n<h1 class=\"wp-block-heading\">MUTTI IMMERSIVE DINING LinkedIn-Gewinnspiel TEILNAHMEBEDINGUNGEN<\/h1>\n\n\n\n<p>1. Diese Teilnahmebedingungen gelten f\u00fcr den \u201eMutti Immersive Dining LinkedIn<br>Gewinnspiel\u201c (\u201eGewinnspiel\u201c). Mit eurer Teilnahme erkl\u00e4rt ihr euch mit diesen<br>Regeln einverstanden.<\/p>\n\n\n\n<p>2. Das Gewinnspiel wird organisiert von MUTTI Deutschland GmbH, Ballindamm<br>11, 20095 Hamburg (\u201eVeranstalter\u201c), sowie von der folgenden, von MUTTI<br>Deutschland GmbH beauftragten Partei: PUNKT Gesellschaft f\u00fcr Public<br>Relations GmbH, V\u00f6lckersstra\u00dfe 44, 22765 Hamburg<\/p>\n\n\n\n<p>3. Teilnehmen d\u00fcrfen nur Personen mit Wohnsitz in Deutschland. Pro Haushalt ist<br>nur eine Teilnahme erlaubt.<\/p>\n\n\n\n<p>4. Die Teilnahme am Gewinnspiel ist kostenlos.<\/p>\n\n\n\n<p>5. Teilnehmen d\u00fcrfen nur Personen ab 18 Jahren. Gewinner:innen k\u00f6nnen<br>aufgefordert werden, einen Nachweis \u00fcber Alter und Wohnsitz vorzulegen.<\/p>\n\n\n\n<p>6. <strong>So macht ihr mit<\/strong>: Um teilzunehmen, m\u00fcsst ihr:<br>  (i) euch bei LinkedIn einloggen<br>  (ii) Kommentiert den Gewinnspiel Post und markiert eine Person, mit der ihr das<br>besondere Event erleben m\u00f6chtet<\/p>\n\n\n\n<p>Wenn ihr noch keinen LinkedIn-Account habt, m\u00fcsst ihr zuerst einen erstellen.<br>Alle Teilnahmebedingungen m\u00fcssen vollst\u00e4ndig erf\u00fcllt sein, damit eure Teilnahme<br>g\u00fcltig ist. Unvollst\u00e4ndige Beitr\u00e4ge oder solche, die nicht diesen Regeln<br>entsprechen, werden nach alleinigem Ermessen der Veranstalter disqualifiziert.<br>Ihr d\u00fcrft nicht mehrere LinkedIn-Accounts oder Identit\u00e4ten nutzen, um<br>teilzunehmen. Der Einsatz betr\u00fcgerischer Methoden oder der Versuch, die<br>Regeln zu umgehen, f\u00fchrt zur sofortigen Disqualifikation.<\/p>\n\n\n\n<p>7. <strong>Wettbewerbszeitraum:<\/strong> Der Wettbewerb startet am 3. November 2025 und endet<br>am 9. November 2025 um 23:59 Uhr. Alle Zeiten sind in Mitteleurop\u00e4ischer Zeit<br>(CET) angegeben.<\/p>\n\n\n\n<p>8. <strong>Benachrichtigung und Verifizierung der Gewinner:innen<br><\/strong>Die Gewinner<strong>:<\/strong>innen werden sp\u00e4testens am 10. November 2025 per LinkedIn<br>direkt Nachricht benachrichtigt. Ihr m\u00fcsst innerhalb von 48 Stunden antworten,<br>um die Teilnahme zu best\u00e4tigen und Nachweise \u00fcber Alter, Identit\u00e4t, Wohnsitz,<br>etwaige Ern\u00e4hrungsanforderungen sowie alle weiteren vom Veranstalter angemessen angeforderten Informationen bereitzustellen. Falls eine Gewinner:in<br>nicht erreichbar ist, die erforderlichen Informationen nicht liefert, die<br>Teilnahmebedingungen nicht erf\u00fcllt oder nicht an der Mutti Immersive Dining<br>Experience in Hamburg am 18. November 2025 teilnehmen kann, wird sie<br>disqualifiziert und eine Ersatz-Gewinner:in aus den verbleibenden<br>Teilnehmer:innen ausgew\u00e4hlt. Es werden maximal drei Ersatz-Gewinner:innen<br>bestimmt; danach bleibt der Preis unvergeben.<\/p>\n\n\n\n<p>9. <strong>Reisekostenzuschuss<\/strong><br>Ein Reisekostenzuschuss zur Veranstaltung wird vom Veranstalter nicht gew\u00e4hrt.<\/p>\n\n\n\n<p>10. <strong>Ver\u00f6ffentlichung von Benutzernamen und Nutzung der Inhalte<\/strong><br>Um nachzuweisen, dass eine g\u00fcltige Auszeichnung stattgefunden hat, stimmen<br>die Gewinner:innen zu, dass ihr LinkedIn-Benutzername unter dem Gewinnspiel<br>Post oder einem separaten LinkedIn-Post angezeigt wird.<\/p>\n\n\n\n<p>11. <strong>Ausgeschlossene Teilnehemende<\/strong><br>Mitarbeiter:innen von MUTTI Deutschland GmbH sowie deren enge<br>Familienangeh\u00f6rige sind von der Teilnahme ausgeschlossen.<\/p>\n\n\n\n<p>12. <strong>Datenschutz \/ DSGVO<\/strong>: Mit eurer Teilnahme am Gewinnspiel stimmt ihr der<br>Erhebung, Verarbeitung und Speicherung eurer personenbezogenen Daten<br>(einschlie\u00dflich Name, LinkedIn-Handle und Adresse) durch den Veranstalter zu,<br>ausschlie\u00dflich zum Zweck der Durchf\u00fchrung des Gewinnspiels, der<br>Kontaktaufnahme mit Gewinner:innen, der Preis\u00fcbergabe sowie damit<br>zusammenh\u00e4ngender \u00d6ffentlichkeitsarbeit.<br>Eure personenbezogenen Daten werden sicher gespeichert und nicht an Dritte<br>weitergegeben, au\u00dfer soweit dies zur Erf\u00fcllung der genannten Zwecke<br>erforderlich ist. Ihr habt das Recht, Zugriff auf eure Daten zu erhalten, diese zu<br>korrigieren oder deren L\u00f6schung zu verlangen, indem ihr muttispa@muttispa.it<br>kontaktiert.<\/p>\n\n\n\n<p>13. <strong>Haftungsbeschr\u00e4nkung<\/strong>: Der Veranstalter \u00fcbernimmt keine Verantwortung f\u00fcr<br>Verletzungen, Verluste oder Sch\u00e4den, die aus der Teilnahme am Gewinnspiel<br>oder der Teilnahme an der Mutti Immersive Dining Experience entstehen, au\u00dfer<br>bei grober Fahrl\u00e4ssigkeit oder vors\u00e4tzlichem Fehlverhalten.<\/p>\n\n\n\n<p>14. Das Gewinnspiel unterliegt dem Recht der Bundesrepublik Deutschland.<\/p>\n\n\n\n<p>15. Bitte beachtet, dass LinkedIn und andere Plattformen, auf denen dieses<br>Gewinnspiel beworben wird, f\u00fcr keinen Bestandteil dieser Aktion verantwortlich<br>sind und diese Promotion weder sponsern, unterst\u00fctzen, noch verwalten.<\/p>\n\n\n\n<p>16. Der Veranstalter beh\u00e4lt sich das Recht vor, das Gewinnspiel jederzeit ohne<br>vorherige Ank\u00fcndigung zu \u00e4ndern oder zur\u00fcckzuziehen.<\/p>\n\n\n\n<ol start=\"9\" class=\"wp-block-list\"><\/ol>\n","protected":false},"excerpt":{"rendered":"<p>MUTTI IMMERSIVE DINING LinkedIn-Gewinnspiel TEILNAHMEBEDINGUNGEN 1. Diese Teilnahmebedingungen gelten f\u00fcr den \u201eMutti Immersive Dining LinkedInGewinnspiel\u201c (\u201eGewinnspiel\u201c). Mit eurer Teilnahme erkl\u00e4rt ihr euch mit diesenRegeln einverstanden. 2. Das Gewinnspiel wird organisiert von MUTTI Deutschland GmbH, Ballindamm11, 20095 Hamburg (\u201eVeranstalter\u201c), sowie von der folgenden, von MUTTIDeutschland GmbH beauftragten Partei: PUNKT Gesellschaft f\u00fcr PublicRelations GmbH, V\u00f6lckersstra\u00dfe 44, 22765<\/p>\n","protected":false},"author":105,"featured_media":0,"parent":0,"menu_order":1,"comment_status":"closed","ping_status":"closed","template":"","meta":{"_acf_changed":false,"_relevanssi_hide_post":"","_relevanssi_hide_content":"","_relevanssi_pin_for_all":"","_relevanssi_pin_keywords":"","_relevanssi_unpin_keywords":"","_relevanssi_related_keywords":"","_relevanssi_related_include_ids":"","_relevanssi_related_exclude_ids":"","_relevanssi_related_no_append":"","_relevanssi_related_not_related":"","_relevanssi_related_posts":"","_relevanssi_noindex_reason":"","footnotes":""},"class_list":["post-8584","page","type-page","status-publish","hentry"],"acf":[],"_links":{"self":[{"href":"https:\/\/mutti-parma.com\/de\/wp-json\/wp\/v2\/pages\/8584","targetHints":{"allow":["GET"]}}],"collection":[{"href":"https:\/\/mutti-parma.com\/de\/wp-json\/wp\/v2\/pages"}],"about":[{"href":"https:\/\/mutti-parma.com\/de\/wp-json\/wp\/v2\/types\/page"}],"author":[{"embeddable":true,"href":"https:\/\/mutti-parma.com\/de\/wp-json\/wp\/v2\/users\/105"}],"replies":[{"embeddable":true,"href":"https:\/\/mutti-parma.com\/de\/wp-json\/wp\/v2\/comments?post=8584"}],"version-history":[{"count":7,"href":"https:\/\/mutti-parma.com\/de\/wp-json\/wp\/v2\/pages\/8584\/revisions"}],"predecessor-version":[{"id":8602,"href":"https:\/\/mutti-parma.com\/de\/wp-json\/wp\/v2\/pages\/8584\/revisions\/8602"}],"wp:attachment":[{"href":"https:\/\/mutti-parma.com\/de\/wp-json\/wp\/v2\/media?parent=8584"}],"curies":[{"name":"wp","href":"https:\/\/api.w.org\/{rel}","templated":true}]}}