{"id":9236,"date":"2026-04-30T10:55:44","date_gmt":"2026-04-30T10:55:44","guid":{"rendered":"https:\/\/mutti-parma.com\/de\/?page_id=9236"},"modified":"2026-04-30T10:55:45","modified_gmt":"2026-04-30T10:55:45","slug":"mutti-design-edition-privacy-policy","status":"publish","type":"page","link":"https:\/\/mutti-parma.com\/de\/mutti-design-edition-privacy-policy\/","title":{"rendered":"DATENSCHUTZHINWEISE F\u00dcR DAS GEWINNSPIEL MUTTI DESIGN EDITION GEWINNSPIEL 2026"},"content":{"rendered":"\n<h1 class=\"wp-block-heading\">DATENSCHUTZHINWEISE F\u00dcR DAS GEWINNSPIEL MUTTI DESIGN EDITION GEWINNSPIEL 2026<\/h1>\n\n\n\n<p>Verantwortlich im Sinne der Datenschutz-Grundverordnung (DSGVO) f\u00fcr die Verarbeitung der Teilnehmerdaten ist MUTTI Deutschland GmbH, Ballindamm 11, 20095 Hamburg, Deutschland, E-Mail: muttispa@muttispa.it. Den Datenschutzbeauftragten des Verantwortlichen erreichen Teilnehmende unter <a href=\"mailto:muttispa@muttispa.it\">muttispa@muttispa.it<\/a>.<\/p>\n\n\n\n<p>F\u00fcr die Durchf\u00fchrung des Gewinnspiels verarbeitet die Veranstalterin folgende personenbezogenen Daten der Teilnehmenden:<\/p>\n\n\n\n<ul class=\"wp-block-list\">\n<li>Pflichtangaben: Vor- und Nachname sowie E-Mail-Adresse;<\/li>\n\n\n\n<li>Kassenbon-Daten: insb. Markt, Artikel, Kaufbetrag, Gesamtbetrag, Kassenbon-Nummer, Datum und Uhrzeit des Kaufs;<\/li>\n\n\n\n<li>Adressdaten: Im Falle eines Gewinns wird zus\u00e4tzlich die Versandadresse (Stra\u00dfe, Hausnummer, Postleitzahl und Ort) ben\u00f6tigt, damit der Gewinn zugestellt werden kann.<\/li>\n<\/ul>\n\n\n\n<p>MUTTI Deutschland GmbH verarbeitet die personenbezogenen Daten auf Grundlage von Art. 6 Abs. 1 S. 1 lit. b DSGVO zur Vertragserf\u00fcllung im Rahmen der Durchf\u00fchrung und Abwicklung des Gewinnspiels.<\/p>\n\n\n\n<p>MUTTI Deutschland GmbH gibt die personenbezogenen Daten der Teilnehmenden nicht an Dritte weiter, es sei denn, dies ist zur Durchf\u00fchrung des Vertrages mit den Teilnehmenden (insbesondere f\u00fcr die Durchf\u00fchrung der Aktion und den Versand der Gewinne) erforderlich (Art. 6 Abs. 1 S. 1 lit. b DSGVO) oder MUTTI Deutschland GmbH ist gesetzlich hierzu verpflichtet (Art. 6 Abs. 1 S. 1 lit. c DSGVO). Der mit der Durchf\u00fchrung und Abwicklung der Aktion beauftragte Dienstleister verarbeitet die personenbezogenen Daten der Teilnehmenden ausschlie\u00dflich zu diesem Zweck als Auftragsverarbeiter der MUTTI Deutschland GmbH im Sinne des Art. 28 DSGVO. Dabei handelt es sich um die Werbeagentur CH Couponing House GmbH, Otto-von-Guericke-Ring 7, 65205 Wiesbaden.<\/p>\n\n\n\n<p>Sofern Teilnehmende eine gesonderte und freiwillige Einwilligung erteilen, \u00fcbermittelt die MUTTI Deutschland GmbH die hierf\u00fcr relevanten Kontaktdaten, insbesondere die E-Mail-Adresse und gegebenenfalls den Namen, an MUTTI SpA, Via Traversetolo n. 28, 43022 Montechiarugolo (PR), Italien. MUTTI SpA verarbeitet diese Daten als eigenst\u00e4ndige Verantwortliche, um Informationen zu Neuigkeiten, Angeboten, Produktinformationen sowie weiteren Promotions und Gewinnspielen (Newsletter-\/Marketingkommunikation) zu versenden. Rechtsgrundlage hierf\u00fcr ist Art. 6 Abs. 1 S. 1 lit. a DSGVO. Die Einwilligung ist freiwillig und kann jederzeit mit Wirkung f\u00fcr die Zukunft widerrufen werden.<\/p>\n\n\n\n<p>Eine \u00dcbermittlung personenbezogener Daten an Empf\u00e4nger au\u00dferhalb des Europ\u00e4ischen Wirtschaftsraums (EWR) findet nicht statt.<\/p>\n\n\n\n<p>Alle personenbezogenen Daten, die zur Durchf\u00fchrung des Gewinnspiels verarbeitet werden, werden sp\u00e4testens drei Monate nach Ende des Aktionszeitraums gel\u00f6scht, sofern keine Aufbewahrung zu Beweiszwecken, zur Geltendmachung, Aus\u00fcbung oder Verteidigung von Rechtsanspr\u00fcchen oder aufgrund gesetzlicher Aufbewahrungspflichten erforderlich ist. Davon ausgenommen sind personenbezogene Daten, die auf Grundlage einer gesonderten Einwilligung zu Marketingzwecken verarbeitet werden; diese werden bis zum Widerruf der Einwilligung gespeichert, sofern keine gesetzlichen Aufbewahrungspflichten entgegenstehen.<\/p>\n\n\n\n<p>Rechtsgrundlage f\u00fcr die weitere Speicherung zu Beweiszwecken sowie zur Geltendmachung, Aus\u00fcbung oder Verteidigung von Rechtsanspr\u00fcchen ist Art. 6 Abs. 1 S. 1 lit. f DSGVO; das berechtigte Interesse von MUTTI Deutschland GmbH liegt in der Erreichung dieser Zwecke. Soweit gesetzliche Aufbewahrungspflichten bestehen, ist Rechtsgrundlage Art. 6 Abs. 1 S. 1 lit. c DSGVO in Verbindung mit den gesetzlichen Aufbewahrungspflichten. Je nach Art der Unterlagen k\u00f6nnen gesetzliche Aufbewahrungspflichten sechs oder zehn Jahre betragen (\u00a7 147 Abgabenordnung (AO), \u00a7 257 Handelsgesetzbuch (HGB)).<\/p>\n\n\n\n<p>Den Teilnehmenden stehen s\u00e4mtliche in Art. 12 \u2013 Art. 23 DSGVO festgelegten Rechte in Bezug auf die Verarbeitung ihrer personenbezogenen Daten zu, insbesondere das Recht auf Auskunft, Berichtigung, L\u00f6schung und Einschr\u00e4nkung der Datenverarbeitung sowie auf Daten\u00fcbertragbarkeit und Beschwerde bei der zust\u00e4ndigen Aufsichtsbeh\u00f6rde. Zudem besteht ein Widerspruchsrecht gegen die Verarbeitung im Rahmen der gesetzlichen Vorgaben. Die Teilnehmenden sind nicht zur Bereitstellung ihrer Daten verpflichtet, ohne die Bereitstellung der Daten ist eine Teilnahme am Gewinnspiel jedoch nicht m\u00f6glich. Eine automatisierte Entscheidungsfindung einschlie\u00dflich Profiling findet nicht statt.<\/p>\n","protected":false},"excerpt":{"rendered":"<p>DATENSCHUTZHINWEISE F\u00dcR DAS GEWINNSPIEL MUTTI DESIGN EDITION GEWINNSPIEL 2026 Verantwortlich im Sinne der Datenschutz-Grundverordnung (DSGVO) f\u00fcr die Verarbeitung der Teilnehmerdaten ist MUTTI Deutschland GmbH, Ballindamm 11, 20095 Hamburg, Deutschland, E-Mail: muttispa@muttispa.it. Den Datenschutzbeauftragten des Verantwortlichen erreichen Teilnehmende unter muttispa@muttispa.it. F\u00fcr die Durchf\u00fchrung des Gewinnspiels verarbeitet die Veranstalterin folgende personenbezogenen Daten der Teilnehmenden: MUTTI Deutschland GmbH<\/p>\n","protected":false},"author":1,"featured_media":0,"parent":0,"menu_order":4,"comment_status":"closed","ping_status":"closed","template":"","meta":{"_acf_changed":false,"_relevanssi_hide_post":"","_relevanssi_hide_content":"","_relevanssi_pin_for_all":"","_relevanssi_pin_keywords":"","_relevanssi_unpin_keywords":"","_relevanssi_related_keywords":"","_relevanssi_related_include_ids":"","_relevanssi_related_exclude_ids":"","_relevanssi_related_no_append":"","_relevanssi_related_not_related":"","_relevanssi_related_posts":"","_relevanssi_noindex_reason":"","footnotes":""},"class_list":["post-9236","page","type-page","status-publish","hentry"],"acf":[],"_links":{"self":[{"href":"https:\/\/mutti-parma.com\/de\/wp-json\/wp\/v2\/pages\/9236","targetHints":{"allow":["GET"]}}],"collection":[{"href":"https:\/\/mutti-parma.com\/de\/wp-json\/wp\/v2\/pages"}],"about":[{"href":"https:\/\/mutti-parma.com\/de\/wp-json\/wp\/v2\/types\/page"}],"author":[{"embeddable":true,"href":"https:\/\/mutti-parma.com\/de\/wp-json\/wp\/v2\/users\/1"}],"replies":[{"embeddable":true,"href":"https:\/\/mutti-parma.com\/de\/wp-json\/wp\/v2\/comments?post=9236"}],"version-history":[{"count":2,"href":"https:\/\/mutti-parma.com\/de\/wp-json\/wp\/v2\/pages\/9236\/revisions"}],"predecessor-version":[{"id":9238,"href":"https:\/\/mutti-parma.com\/de\/wp-json\/wp\/v2\/pages\/9236\/revisions\/9238"}],"wp:attachment":[{"href":"https:\/\/mutti-parma.com\/de\/wp-json\/wp\/v2\/media?parent=9236"}],"curies":[{"name":"wp","href":"https:\/\/api.w.org\/{rel}","templated":true}]}}