{"id":9239,"date":"2026-04-30T10:55:42","date_gmt":"2026-04-30T10:55:42","guid":{"rendered":"https:\/\/mutti-parma.com\/de\/?page_id=9239"},"modified":"2026-04-30T10:55:43","modified_gmt":"2026-04-30T10:55:43","slug":"mutti-design-edition-tc","status":"publish","type":"page","link":"https:\/\/mutti-parma.com\/de\/mutti-design-edition-tc\/","title":{"rendered":"TEILNAHMEBEDINGUNGEN F\u00dcR MUTTI DESIGN EDITION GEWINNSPIEL 2026: Gewinne 1 von 111 exklusiven Teller Sets von Studio Riviera"},"content":{"rendered":"\n<h1 class=\"wp-block-heading\">TEILNAHMEBEDINGUNGEN F\u00dcR MUTTI DESIGN EDITION GEWINNSPIEL 2026: Gewinne 1 von 111 exklusiven Teller Sets von Studio Riviera<\/h1>\n\n\n\n<p>Mit der Teilnahme an dem Gewinnspiel \u201eMUTTI Design Edition Gewinnspiel\u201c (nachfolgend \u201eGewinnspiel\u201c) akzeptieren die Teilnehmenden die folgenden Teilnahmebedingungen.<\/p>\n\n\n\n<h4 class=\"wp-block-heading\">1. Veranstalterin, Veranstaltungszeitraum, Aktionsprodukte<\/h4>\n\n\n\n<p>Veranstalterin des Gewinnspiels \u201eDesign Edition Gewinnspiel 2026\u201c ist die MUTTI Deutschland GmbH, Ballindamm 11, 20095 Hamburg (nachfolgend \u201eVeranstalterin\u201c). Die Durchf\u00fchrung erfolgt in Kooperation mit der CH Couponing House GmbH, Otto-von-Guericke-Ring 7, 65205 Wiesbaden (nachfolgend \u201eCH Couponing House\u201c), sowie der brand on fire Werbeagentur Hamburg GmbH, Stahltwiete 22, 22761 Hamburg (nachfolgend \u201ebrand on fire\u201c).<\/p>\n\n\n\n<p>Die Teilnahme erfolgt ausschlie\u00dflich unter Anerkennung dieser Teilnahmebedingungen. Die Teilnehmenden best\u00e4tigen dies durch Anklicken der entsprechenden Schaltfl\u00e4che (\u201eIch akzeptiere die Teilnahmebedingungen und Datenschutzbestimmungen\u201c) im Rahmen des Teilnahmeformulars auf der Website <a href=\"https:\/\/mutti-parma.com\/de\/MUTTI-Design-Edition\">https:\/\/mutti-parma.com\/de\/MUTTI-Design-Edition<\/a> (\u201eAktionswebsite\u201c).<\/p>\n\n\n\n<p>Bei Fragen zum Gewinnspiel k\u00f6nnen sich Teilnehmende an folgende E-Mail-Adresse wenden: <a href=\"mailto:kontakt@mutti-gewinnspiel.de\">kontakt@mutti-gewinnspiel.de<\/a>.<\/p>\n\n\n\n<h4 class=\"wp-block-heading\">2. Teilnahmeberechtigung<\/h4>\n\n\n\n<p>Zur Teilnahme am Gewinnspiel im eigenen Namen berechtigt ist jede nat\u00fcrliche Person,<\/p>\n\n\n\n<ul class=\"wp-block-list\">\n<li>deren Wohnsitz sich in Deutschland befindet und<\/li>\n\n\n\n<li>die zum Zeitpunkt der Teilnahme am Gewinnspiel das achtzehnte Lebensjahr vollendet hat und unbeschr\u00e4nkt gesch\u00e4ftsf\u00e4hig ist<\/li>\n<\/ul>\n\n\n\n<p>(\u201eTeilnehmende\u201c).<\/p>\n\n\n\n<p>Von der Teilnahme ausgeschlossen sind:<\/p>\n\n\n\n<ul class=\"wp-block-list\">\n<li>Mitarbeitende der Veranstalterin,<\/li>\n\n\n\n<li>Mitarbeitende von an der Konzeption oder Durchf\u00fchrung des Gewinnspiels beteiligten Agenturen sowie<\/li>\n\n\n\n<li>die jeweiligen Angeh\u00f6rigen der vorstehend genannten Personen.<\/li>\n<\/ul>\n\n\n\n<p>Die Veranstalterin beh\u00e4lt sich das Recht vor, Teilnehmende vom Gewinnspiel auszuschlie\u00dfen, wenn diese falsche oder unvollst\u00e4ndige Angaben machen, gegen diese Teilnahmebedingungen versto\u00dfen oder Manipulationen vornehmen beziehungsweise unerlaubte Hilfsmittel einsetzen oder ein entsprechender begr\u00fcndeter Verdacht besteht.<\/p>\n\n\n\n<p>Liegt ein Ausschlussgrund vor, ist die Veranstalterin berechtigt, bereits zuerkannte Gewinne abzuerkennen und\/oder zur\u00fcckzufordern. In diesem Fall kann nach Ma\u00dfgabe dieser Teilnahmebedingungen ein Ersatzgewinnender ermittelt werden.<\/p>\n\n\n\n<h4 class=\"wp-block-heading\">3. Teilnahmevoraussetzungen<\/h4>\n\n\n\n<p>Eine Teilnahme am Gewinnspiel ist ausschlie\u00dflich im Zeitraum vom 1. Mai 2026 bis zum 31. Juli 2026, 23:59 Uhr m\u00f6glich (\u201eTeilnahmezeitraum\u201c). Die Veranstalterin bewirbt das Design Edition Gewinnspiel 2026 \u00fcber verschiedene Kan\u00e4le, beispielsweise in den teilnehmenden M\u00e4rkten, auf Plakaten, im Internet, in Print-Medien und \u00fcber Social Media.<\/p>\n\n\n\n<p>F\u00fcr die Teilnahme am Gewinnspiel m\u00fcssen Teilnehmende innerhalb des Teilnahmezeitraums in einem der teilnehmenden M\u00e4rkte mindestens drei (3) Produkte aus dem gesamten Sortiment der Marke MUTTI erwerben. Teilnahmeberechtigt sind K\u00e4ufe s\u00e4mtlicher Produkte der Marke MUTTI.<\/p>\n\n\n\n<p>Der dazugeh\u00f6rige Kassenbon (Papierbon oder e-Bon) muss von den Teilnehmenden in unver\u00e4nderter Form, wie vom Verk\u00e4ufer bereitgestellt, aufbewahrt werden. Der Kassenbon dient als Nachweis f\u00fcr den Kauf der Aktionsprodukte. Jeder Kassenbon kann nur einmalig f\u00fcr die Teilnahme am Gewinnspiel verwendet werden. Mehrfachteilnahmen sind nur mit unterschiedlichen Kassenbons m\u00f6glich. Jeder Upload eines Kassenbons gilt als eine Teilnahme, unabh\u00e4ngig von der Anzahl der auf dem Kassenbon ausgewiesenen teilnehmenden Produkte.<\/p>\n\n\n\n<p>Die Teilnehmenden versichern, dass sie die eingereichten Fotos bzw. Uploads selbst erstellt haben, keine Rechte Dritter verletzen und dass der jeweils hochgeladene Kassenbon dem tats\u00e4chlich get\u00e4tigten Kauf entspricht und im Original vorliegt.<\/p>\n\n\n\n<h4 class=\"wp-block-heading\">4. Teilnahme<\/h4>\n\n\n\n<p>Die Teilnahme erfolgt ausschlie\u00dflich \u00fcber die Aktionswebsite.<\/p>\n\n\n\n<p>F\u00fcr die Teilnahme ist das auf der Aktionswebseite bereitgestellte Teilnahmeformular vollst\u00e4ndig und wahrheitsgem\u00e4\u00df auszuf\u00fcllen (Vorname, Nachname, E-Mail-Adresse). Zudem ist ein g\u00fcltiger Kassenbon hochzuladen. Der Kassenbon muss auf einem Foto bzw. Scan vollst\u00e4ndig abgebildet sein.<\/p>\n\n\n\n<p>Folgende Elemente m\u00fcssen auf dem Kassenbon vollst\u00e4ndig sichtbar und gut lesbar sein:<\/p>\n\n\n\n<ul class=\"wp-block-list\">\n<li>Markt,<\/li>\n\n\n\n<li>Artikel mit Kaufbetrag,<\/li>\n\n\n\n<li>Gesamtbetrag,<\/li>\n\n\n\n<li>Kassenbon-Nummer und<\/li>\n\n\n\n<li>Datum und Uhrzeit des Kaufs.<\/li>\n<\/ul>\n\n\n\n<p>Der Kassenbon darf daneben auch andere Artikel ausweisen.<\/p>\n\n\n\n<p>Es werden folgende Dateiformate akzeptiert: .jpeg, .png, .gif, .bmp, .tiff und .pdf mit jeweils maximal 10 MB Dateigr\u00f6\u00dfe. Besonders lange Kassenbons d\u00fcrfen gefaltet oder geknickt werden, sofern die erforderlichen, oben genannten Angaben weiterhin eindeutig erkennbar sind.<\/p>\n\n\n\n<p>Im Anschluss an den Kassenbon-Upload werden den Teilnehmenden zus\u00e4tzlich vier Marktforschungsfragen gestellt:<\/p>\n\n\n\n<ul class=\"wp-block-list\">\n<li>Hast du die Marke MUTTI vor dem Gewinnspiel schon einmal gekauft?<\/li>\n\n\n\n<li>Wie h\u00e4ufig kaufst du Produkte der Marke MUTTI?<\/li>\n\n\n\n<li>Wie alt bist du?<\/li>\n\n\n\n<li>Wie bist du auf das Gewinnspiel aufmerksam geworden?<\/li>\n<\/ul>\n\n\n\n<p>Die Beantwortung dieser Fragen ist freiwillig und keine Voraussetzung f\u00fcr die Teilnahme am Gewinnspiel. Die hierbei \u00fcbermittelten Angaben werden ausschlie\u00dflich zu Marktforschungs- und Analysezwecken verwendet und von der Veranstalterin nur in anonymisierter bzw. aggregierter Form ausgewertet, sodass kein R\u00fcckschluss auf einzelne Teilnehmende m\u00f6glich ist.<\/p>\n\n\n\n<p>Nach Best\u00e4tigung der Teilnahmebedingungen kann das Teilnahmeformular \u00fcber den Button \u201eAbsenden\u201c abgesendet werden. Optional k\u00f6nnen Teilnehmende freiwillig einwilligen, von der Veranstalterin per E-Mail \u00fcber Neuigkeiten, Angebote, Produktinformationen sowie weitere Aktionen und Gewinnspiele informiert zu werden (Newsletter\/Marketingkommunikation). Diese Einwilligung ist keine Voraussetzung f\u00fcr die Teilnahme am Gewinnspiel und kann jederzeit mit Wirkung f\u00fcr die Zukunft widerrufen werden, beispielsweise \u00fcber den Abmeldelink in jeder E-Mail oder \u00fcber die in den Datenschutzhinweisen genannten Kontaktm\u00f6glichkeiten.<\/p>\n\n\n\n<h4 class=\"wp-block-heading\">5. Gewinnermittlung, Pr\u00fcfung und Gewinnbenachrichtigung<\/h4>\n\n\n\n<p>5.1 Jede Person erh\u00e4lt von der Veranstalterin ein digitales Rezeptheft. Dieses enth\u00e4lt Informationen zu den Produkten Polpa, Passata und Pelati sowie hierzu passende Rezeptideen. Die Bereitstellung erfolgt per E-Mail an die im Teilnahmeformular angegebene E-Mail-Adresse in Form eines Download-Links. Der Download-Link ist nur befristet verf\u00fcgbar; eine dauerhafte Abrufbarkeit wird nicht geschuldet.<\/p>\n\n\n\n<p>5.2 Als Hauptgewinn werden insgesamt 111 Tellersets des Herstellers Studio Riviera verlost. Jedes Tellerset besteht aus vier handgefertigten Tellern. Der unverbindliche Gesamtwert eines Tellersets betr\u00e4gt 312,00 EUR. Die Tellerdesigns wurden exklusiv im Rahmen der Kooperation entwickelt und sind ausschlie\u00dflich im Zusammenhang mit diesem Gewinnspiel erh\u00e4ltlich. Jedes Tellerset enth\u00e4lt vier Teller mit unterschiedlichen Designs; eine Auswahl bestimmter Designs ist ausgeschlossen. Produktabbildungen dienen lediglich der Veranschaulichung. Geringf\u00fcgige Abweichungen, insbesondere aufgrund handwerklicher Fertigung, bleiben vorbehalten. Jede teilnahmeberechtigte Person kann im Rahmen des Gewinnspiels nur einmal ein Tellerset gewinnen.<\/p>\n\n\n\n<p>5.3 Die Verlosung der Tellersets erfolgt nach Ablauf des Teilnahmezeitraums unter allen g\u00fcltigen Teilnahmen. Die Gewinnenden werden per E-Mail benachrichtigt. In der Gewinnbenachrichtigung werden sie aufgefordert, die f\u00fcr die Gewinnabwicklung erforderlichen Angaben, insbesondere Stra\u00dfe, Hausnummer, Postleitzahl und Ort der Lieferanschrift, innerhalb von vierzehn (14) Kalendertagen ab Zugang der Benachrichtigung zu \u00fcbermitteln. Erfolgt innerhalb dieser Frist keine vollst\u00e4ndige R\u00fcckmeldung, verf\u00e4llt der Gewinnanspruch. In diesem Fall ist die Veranstalterin berechtigt, einen Ersatzgewinnenden auszulosen.<\/p>\n\n\n\n<h4 class=\"wp-block-heading\">6. \u00dcbergabe\/Versand der Gewinne<\/h4>\n\n\n\n<p>Der Versand der Tellersets erfolgt durch Studio Riviera an die von den Gewinnenden angegebene Lieferadresse frei Haus. F\u00fcr die Gewinnenden fallen keine Versandkosten an. Der Versand erfolgt ausschlie\u00dflich an Lieferadressen innerhalb Deutschlands.<\/p>\n\n\n\n<p>Der Versand der Tellersets erfolgt bis sp\u00e4testens Ende September 2026. Die Gewinnenden erhalten per E-Mail eine Versandbest\u00e4tigung mit einem Tracking-Link zur Sendungsverfolgung. Mit \u00dcbergabe der Tellersets an das beauftragte Versandunternehmen geht die Gefahr des zuf\u00e4lligen Untergangs und der zuf\u00e4lligen Verschlechterung auf die Gewinnenden \u00fcber.<\/p>\n\n\n\n<p>Kann eine Sendung nicht zugestellt werden und wird sie an Studio Riviera zur\u00fcckgesandt, werden die Gewinnenden zur Abstimmung eines erneuten Zustellversuchs kontaktiert. Etwaige Mehrkosten eines erneuten Versand- oder Zustellversuchs sind von den Gewinnenden zu tragen. Scheitert auch der erneute Zustellversuch, kann der Gewinnanspruch verfallen.<\/p>\n\n\n\n<h4 class=\"wp-block-heading\">7. Haftung<\/h4>\n\n\n\n<p>Die Veranstalterin haftet unbeschr\u00e4nkt f\u00fcr Sch\u00e4den aus der Verletzung des Lebens, des K\u00f6rpers oder der Gesundheit, die auf einer vors\u00e4tzlichen oder fahrl\u00e4ssigen Pflichtverletzung der Veranstalterin, ihrer gesetzlichen Vertreter oder Erf\u00fcllungsgehilfen beruhen, sowie f\u00fcr Sch\u00e4den, die vors\u00e4tzlich oder grob fahrl\u00e4ssig verursacht wurden. Die Haftung nach dem Produkthaftungsgesetz bleibt unber\u00fchrt.<\/p>\n\n\n\n<p>F\u00fcr Sch\u00e4den, die auf einer leicht fahrl\u00e4ssigen Verletzung wesentlicher Vertragspflichten (Kardinalpflichten) beruhen, haftet die Veranstalterin nur auf den vertragstypischen, vorhersehbaren Schaden. Wesentliche Vertragspflichten sind solche, deren Erf\u00fcllung die ordnungsgem\u00e4\u00dfe Durchf\u00fchrung des Gewinnspiels \u00fcberhaupt erst erm\u00f6glicht und auf deren Einhaltung die Teilnehmenden regelm\u00e4\u00dfig vertrauen d\u00fcrfen.<\/p>\n\n\n\n<p>Im \u00dcbrigen ist die Haftung der Veranstalterin \u2013 unabh\u00e4ngig vom Rechtsgrund \u2013 f\u00fcr F\u00e4lle leichter Fahrl\u00e4ssigkeit ausgeschlossen. Soweit die Haftung der Veranstalterin ausgeschlossen oder beschr\u00e4nkt ist, gilt dies auch f\u00fcr die pers\u00f6nliche Haftung ihrer gesetzlichen Vertreter, Mitarbeitenden sowie der von ihr zur Durchf\u00fchrung des Gewinnspiels beauftragten Dritten als Erf\u00fcllungsgehilfen.<\/p>\n\n\n\n<p>Die Veranstalterin \u00fcbernimmt keine Gew\u00e4hr daf\u00fcr, dass das Gewinnspiel und die dazugeh\u00f6rige Aktionswebsite w\u00e4hrend des gesamten Teilnahmezeitraums jederzeit verf\u00fcgbar und technisch fehlerfrei sind. Sie haftet insbesondere nicht f\u00fcr technische St\u00f6rungen, Ausf\u00e4lle oder Verz\u00f6gerungen, die au\u00dferhalb ihres Einflussbereichs liegen. Die Veranstalterin haftet ferner nicht f\u00fcr die Erreichbarkeit der Teilnehmenden \u00fcber die angegebene E-Mail-Adresse; es liegt im Verantwortungsbereich der Teilnehmenden sicherzustellen, dass die angegebene E-Mail-Adresse korrekt ist und der Spam-Ordner \u00fcberpr\u00fcft wird.<\/p>\n\n\n\n<h4 class=\"wp-block-heading\">8. Barauszahlung, \u00dcbertragbarkeit, Rechtsweg<\/h4>\n\n\n\n<p>Eine Barauszahlung oder ein Umtausch des Gewinns ist nicht m\u00f6glich. Die Gewinne sind nicht \u00fcbertragbar. Der Rechtsweg im Hinblick auf die Durchf\u00fchrung des Gewinnspiels und die Gewinnermittlung ist ausgeschlossen.<\/p>\n\n\n\n<h4 class=\"wp-block-heading\">9. Sonstige Bestimmungen<\/h4>\n\n\n\n<p>Die Veranstalterin beh\u00e4lt sich vor, das Gewinnspiel jederzeit ohne Vorank\u00fcndigung und ohne Angabe von Gr\u00fcnden mit Wirkung f\u00fcr die Zukunft abzubrechen oder zu beenden. Dies gilt insbesondere, wenn aus technischen, rechtlichen oder organisatorischen Gr\u00fcnden eine ordnungsgem\u00e4\u00dfe Durchf\u00fchrung des Gewinnspiels nicht gew\u00e4hrleistet werden kann.<\/p>\n\n\n\n<p>Die Veranstalterin beh\u00e4lt sich ferner vor, diese Teilnahmebedingungen zu \u00e4ndern sowie den Zeitraum des Gewinnspiels zu verl\u00e4ngern oder zu verk\u00fcrzen oder die ausgelobten Gewinne zu \u00e4ndern, sofern hierf\u00fcr sachliche Gr\u00fcnde vorliegen und die \u00c4nderungen f\u00fcr die Teilnehmenden zumutbar sind.<\/p>\n\n\n\n<h4 class=\"wp-block-heading\">10. Schlussbestimmungen<\/h4>\n\n\n\n<p>Es gilt das Recht der Bundesrepublik Deutschland unter Ausschluss der Anwendung des internationalen \u00dcbereinkommens der Vereinten Nationen vom 11. April 1980 \u00fcber Vertr\u00e4ge \u00fcber den internationalen Warenkauf (CISG).<\/p>\n\n\n\n<p>Sollten einzelne dieser Teilnahmebedingungen unwirksam sein oder werden, bleibt die G\u00fcltigkeit der \u00fcbrigen Bestimmungen hiervon unber\u00fchrt. Eine eventuell unwirksame Klausel wird durch eine wirtschaftlich vergleichbare Regelung ersetzt.<\/p>\n\n\n\n<p>Die Veranstalterin ist weder verpflichtet noch bereit, an einem Streitbeilegungsverfahren vor einer Verbraucherschlichtungsstelle teilzunehmen.<\/p>\n","protected":false},"excerpt":{"rendered":"<p>TEILNAHMEBEDINGUNGEN F\u00dcR MUTTI DESIGN EDITION GEWINNSPIEL 2026: Gewinne 1 von 111 exklusiven Teller Sets von Studio Riviera Mit der Teilnahme an dem Gewinnspiel \u201eMUTTI Design Edition Gewinnspiel\u201c (nachfolgend \u201eGewinnspiel\u201c) akzeptieren die Teilnehmenden die folgenden Teilnahmebedingungen. 1. Veranstalterin, Veranstaltungszeitraum, Aktionsprodukte Veranstalterin des Gewinnspiels \u201eDesign Edition Gewinnspiel 2026\u201c ist die MUTTI Deutschland GmbH, Ballindamm 11, 20095 Hamburg<\/p>\n","protected":false},"author":1,"featured_media":0,"parent":0,"menu_order":3,"comment_status":"closed","ping_status":"closed","template":"","meta":{"_acf_changed":false,"_relevanssi_hide_post":"","_relevanssi_hide_content":"","_relevanssi_pin_for_all":"","_relevanssi_pin_keywords":"","_relevanssi_unpin_keywords":"","_relevanssi_related_keywords":"","_relevanssi_related_include_ids":"","_relevanssi_related_exclude_ids":"","_relevanssi_related_no_append":"","_relevanssi_related_not_related":"","_relevanssi_related_posts":"","_relevanssi_noindex_reason":"","footnotes":""},"class_list":["post-9239","page","type-page","status-publish","hentry"],"acf":[],"_links":{"self":[{"href":"https:\/\/mutti-parma.com\/de\/wp-json\/wp\/v2\/pages\/9239","targetHints":{"allow":["GET"]}}],"collection":[{"href":"https:\/\/mutti-parma.com\/de\/wp-json\/wp\/v2\/pages"}],"about":[{"href":"https:\/\/mutti-parma.com\/de\/wp-json\/wp\/v2\/types\/page"}],"author":[{"embeddable":true,"href":"https:\/\/mutti-parma.com\/de\/wp-json\/wp\/v2\/users\/1"}],"replies":[{"embeddable":true,"href":"https:\/\/mutti-parma.com\/de\/wp-json\/wp\/v2\/comments?post=9239"}],"version-history":[{"count":1,"href":"https:\/\/mutti-parma.com\/de\/wp-json\/wp\/v2\/pages\/9239\/revisions"}],"predecessor-version":[{"id":9240,"href":"https:\/\/mutti-parma.com\/de\/wp-json\/wp\/v2\/pages\/9239\/revisions\/9240"}],"wp:attachment":[{"href":"https:\/\/mutti-parma.com\/de\/wp-json\/wp\/v2\/media?parent=9239"}],"curies":[{"name":"wp","href":"https:\/\/api.w.org\/{rel}","templated":true}]}}