{"id":175,"date":"2019-10-23T10:54:33","date_gmt":"2019-10-23T10:54:33","guid":{"rendered":"https:\/\/mutti-parma.com\/de\/?post_type=product&#038;p=175"},"modified":"2023-03-21T10:24:11","modified_gmt":"2023-03-21T10:24:11","slug":"tomaten-in-stuecken","status":"publish","type":"product","link":"https:\/\/mutti-parma.com\/de\/produkte\/tomaten-in-stuecken\/","title":{"rendered":"Tomaten in St\u00fccken"},"content":{"rendered":"\n<div style=\"--media-width: 50\" class=\"wp-block-media-text alignwide has-media-on-the-right is-stacked-on-mobile is-style-hero has-background-image\"><img loading=\"lazy\" decoding=\"async\" class=\"wp-block-media-text__background\" alt=\"\" data-spai-crop=\"true\" src=\"https:\/\/mutti-parma.com\/app\/uploads\/sites\/3\/2019\/09\/texture-banner-mutti-default-gradient.jpg\" \/><figure class=\"wp-block-media-text__media\"><img loading=\"lazy\" decoding=\"async\" src=\"https:\/\/mutti-parma.com\/app\/uploads\/sites\/3\/2019\/09\/polpa-pezzi-690g-hires-411x1024.png\" alt=\"\" class=\"wp-image-300000179\" sizes=\"(min-width: 1440px) 528px,37vw\" data-spai-crop=\"false\" srcset=\"https:\/\/mutti-parma.com\/app\/uploads\/sites\/3\/2019\/09\/polpa-pezzi-690g-hires-411x1024.png 411w, https:\/\/mutti-parma.com\/app\/uploads\/sites\/3\/2019\/09\/polpa-pezzi-690g-hires-80x200.png 80w, https:\/\/mutti-parma.com\/app\/uploads\/sites\/3\/2019\/09\/polpa-pezzi-690g-hires-768x1916.png 768w, https:\/\/mutti-parma.com\/app\/uploads\/sites\/3\/2019\/09\/polpa-pezzi-690g-hires-150x374.png 150w, https:\/\/mutti-parma.com\/app\/uploads\/sites\/3\/2019\/09\/polpa-pezzi-690g-hires-600x1497.png 600w, https:\/\/mutti-parma.com\/app\/uploads\/sites\/3\/2019\/09\/polpa-pezzi-690g-hires.png 962w\" \/><\/figure><div class=\"wp-block-media-text__content\"><div class=\"acf-breadcrumb my-4 md:my-8 text-center md:text-left\">\n  <nav>\n  <ol class=\"list-none text-md\">\n                  <li class=\"inline\">\n                      <a class=\"text-inherit\" href=\"https:\/\/mutti-parma.com\/de\/\">\n              Mutti Parma Deutschland\n            <\/a>\n                                <span aria-hidden=\"true\">\/&nbsp;<\/span>\n                  <\/li>\n                        <li class=\"inline\">\n                      <a class=\"text-inherit\" href=\"https:\/\/mutti-parma.com\/de\/produkte\/\">\n              Products\n            <\/a>\n                            <\/li>\n            <\/ol>\n<\/nav>\n<\/div>\n\n\n\n<h1 class=\"has-primary-color wp-block-heading\">Tomaten in St\u00fccken<\/h1>\n\n\n\n<p class=\"has-xxl-font-size is-style-cursive\">Gehackte Tomaten<\/p>\n\n\n\n<p>Gl\u00e4nzend rot in der Farbe, von intensivem Aroma und herrlich s\u00e4mig: In die Tomaten in St\u00fccken von Mutti gelangen nur makellose Tomaten, die bis zur vollen Reife in der italienischen Sommersonne herangewachsen sind. Ernte und Weiterverarbeitung erfolgen am gleichen Tag, um die ganze Frische, Farbe und Duftintensit\u00e4t unserer Tomaten zu bewahren. Es wird nichts weiter hinzugef\u00fcgt. Im Vergleich zu unserer feingehackten Variante sind die St\u00fccke, was sie ideal f\u00fcr Rezepte wie Ratatouille oder Peperonata macht.<\/p>\n\n\n\n\n<\/div><\/div>\n\n\n\n\n\n\n\n\n\n\n\n<hr class=\"wp-block-separator alignwide\"\/>\n\n\n<div class=\"acf-comments alignwide my-8\">\n  <div class=\"flex flex-wrap mb-4 items-center text-center sm:text-left px-0 sm:px-2 md:px-0\">\n    <h3 class=\"w-full sm:w-auto is-style-cursive text-primary my-0 leading-none\">Share and review<\/h3>\n    <div class=\"w-full sm:w-auto flex-auto mt-1 sm:ml-8\">\n          <\/div>\n\n          <div class=\"mx-auto sm:ml-0 mt-3 sm:mt-0\">\n                  <div\n  class=\"shariff\"\n  data-button-style=\"icon\"\n  data-mail-body=\"https:\/\/mutti-parma.com\/de\/produkte\/tomaten-in-stuecken\/\"\n  data-mail-subject=\"Tomaten in St\u00fccken - Mutti\"\n  data-mail-url=\"mailto:\"\n  data-media-url=\"https:\/\/mutti-parma.com\/app\/uploads\/sites\/3\/2019\/09\/polpa-pezzi-690g-hires.png\"\n  data-services=\"[&#039;facebook&#039;, &#039;twitter&#039;, &#039;whatsapp&#039;, &#039;pinterest&#039;, &#039;mail&#039;]\"\n><\/div>\n              <\/div>\n      <\/div>\n\n  <div>\n                <\/div>\n<\/div>\n\n\n\n<hr class=\"wp-block-separator alignwide\"\/>\n\n\n\n<div class=\"wp-block-cover alignwide has-background-dim-80 has-darkred-background-color has-background-dim\" style=\"background-image:url(https:\/\/mutti-parma.com\/app\/uploads\/sites\/3\/2019\/09\/tomatoes.jpg)\"><div class=\"wp-block-cover__inner-container is-layout-flow wp-block-cover-is-layout-flow\">\n<div class=\"wp-block-columns alignwide is-layout-flex wp-container-core-columns-is-layout-9d6595d7 wp-block-columns-is-layout-flex\">\n<div class=\"wp-block-column is-layout-flow wp-block-column-is-layout-flow\">\n<h2 class=\"wp-block-heading\" id=\"sostenibilita\">NACHHALTIGKEIT<\/h2>\n\n\n\n<p class=\"is-style-cursive mb-0\">Nachhaltigkeit bedeutet f\u00fcr uns Respekt vor dem Land<\/p>\n\n\n\n<h4 class=\"wp-block-heading\">KOOPERATION MIT DEM WWF ITALIEN<\/h4>\n\n\n\n<p>Mutti arbeitet eng mit dem WWF in Italien zusammen, um die Landwirte dabei zu unterst\u00fctzen, ihren Wasserverbrauch und ihre CO2-Emissionen nachhaltig zu senken. Der italienische WWF setzt nicht nur Ziele, sondern erm\u00f6glicht den Bauern auch die Analyse und Validierung von verschiedenen Anbau- und Produktionsdaten, um diese zu optimieren. Beispielsweise empfahl die Organisation die Verwendung spezieller Sensoren, die den Feuchtigkeitsgehalt des Bodens erkennen und wertvolle Informationen f\u00fcr die effiziente Wassernutzung liefern. Mutti investierte in die daf\u00fcr notwendige Technologie sowie in die Ausbildung und technische Unterst\u00fctzung der Landwirte und anderer landwirtschaftlicher Organisationen. Auch nach Ablauf dieses f\u00fcnfj\u00e4hrigen Projekts setzen wir uns daf\u00fcr ein, die Umweltbelastung so gering wie m\u00f6glich zu halten und jeden einzelnen Produktionsschritt kontinuierlich zu verbessern.<\/p>\n<\/div>\n\n\n\n<div class=\"wp-block-column is-layout-flow wp-block-column-is-layout-flow\">\n<h2 class=\"has-text-align-center wp-block-heading\">ERGEBNISSE:<\/h2>\n\n\n\n<div class=\"wp-block-columns is-layout-flex wp-container-core-columns-is-layout-9d6595d7 wp-block-columns-is-layout-flex\">\n<div class=\"wp-block-column is-layout-flow wp-block-column-is-layout-flow\">\n<div class=\"wp-block-image\"><figure class=\"aligncenter size-large is-resized\"><img loading=\"lazy\" decoding=\"async\" src=\"https:\/\/mutti-parma.com\/app\/uploads\/sites\/3\/2019\/09\/icon-sustainable-water.svg\" alt=\"\" class=\"wp-image-30000085\" width=\"53\" height=\"91\" \/><\/figure><\/div>\n\n\n\n<h4 class=\"has-text-align-center wp-block-heading\">MEHR ALS 1.000 MILLIONEN LITER WASSER WURDEN EINGESPART *<\/h4>\n\n\n\n<p class=\"has-text-align-center has-sm-font-size\">*zwischen 2012 und 2014 (Quelle: Datenerhebung durch CMCC, WWF und Mediterranean Climate Change Center in Italien)<\/p>\n<\/div>\n\n\n\n<div class=\"wp-block-column is-layout-flow wp-block-column-is-layout-flow\">\n<div class=\"wp-block-image\"><figure class=\"aligncenter size-large is-resized\"><img loading=\"lazy\" decoding=\"async\" src=\"https:\/\/mutti-parma.com\/app\/uploads\/sites\/3\/2019\/09\/icon-sustainable-co2.svg\" alt=\"\" class=\"wp-image-30000086\" width=\"114\" height=\"88\" \/><\/figure><\/div>\n\n\n\n<h4 class=\"has-text-align-center wp-block-heading\"><br>MEHR ALS 31.530 TONNEN CO2 (KOHLENDIOXID) WURDEN NICHT AUSGESTOSSEN* <\/h4>\n\n\n\n<p class=\"has-sm-font-size\">Zwischen 2010 und 2015 im vergleich zu 2009 (quelle: daten des italienischen wwf und der energieeffizienzgruppe officinae verdi)<\/p>\n<\/div>\n<\/div>\n<\/div>\n<\/div>\n<\/div><\/div>\n\n\n\n\n\n\n\n\n\n\n\n\n<div class=\"acf-related-products mb-8 lg:mb-16 \" data-vue-wrapper>\n      <h3 class=\"text-center\">Verwandte Produkte<\/h3>\n  \n      <slideshow :slides-per-view=\"3\" :navigation=\"true\" class=\"mx-8 lg:-mx-12\" name=\"Related Products\">\n              <div class=\"swiper-slide\">\n          <div class=\"text-center hover:lift-img mx-auto max-w-28\">\n      <a href=\"https:\/\/mutti-parma.com\/de\/produkte\/feinstes-tomatenfruchtfleisch\/\" class=\"block\">\n            <div class=\"responsive-embed is-contain\" style=\"padding-bottom: 188.23529411765%;\"><img decoding=\"async\" width=\"1310\" height=\"1863\" src=\"https:\/\/mutti-parma.com\/app\/uploads\/sites\/15\/2019\/10\/41042-polpa-fine-400g-deu-png-1-1.png\" class=\"inline-block mt-2 wp-image-325\" alt=\"Feinstes Tomatenfruchtfleisch\" sizes=\"auto, 126px\" data-spai-crop=\"false\" title=\"Feinstes Tomatenfruchtfleisch\" srcset=\"https:\/\/mutti-parma.com\/app\/uploads\/sites\/15\/2019\/10\/41042-polpa-fine-400g-deu-png-1-1.png 1310w, https:\/\/mutti-parma.com\/app\/uploads\/sites\/15\/2019\/10\/41042-polpa-fine-400g-deu-png-1-1-141x200.png 141w, https:\/\/mutti-parma.com\/app\/uploads\/sites\/15\/2019\/10\/41042-polpa-fine-400g-deu-png-1-1-352x500.png 352w, https:\/\/mutti-parma.com\/app\/uploads\/sites\/15\/2019\/10\/41042-polpa-fine-400g-deu-png-1-1-768x1092.png 768w, https:\/\/mutti-parma.com\/app\/uploads\/sites\/15\/2019\/10\/41042-polpa-fine-400g-deu-png-1-1-720x1024.png 720w, https:\/\/mutti-parma.com\/app\/uploads\/sites\/15\/2019\/10\/41042-polpa-fine-400g-deu-png-1-1-150x213.png 150w, https:\/\/mutti-parma.com\/app\/uploads\/sites\/15\/2019\/10\/41042-polpa-fine-400g-deu-png-1-1-600x853.png 600w\" loading=\"lazy\" \/><\/div>\n    <\/a>\n  \n  <a class=\"block underline mb-2 mt-2\" href=\"https:\/\/mutti-parma.com\/de\/produkte\/feinstes-tomatenfruchtfleisch\/\">\n    <h3 class=\"h4\">Feinstes Tomatenfruchtfleisch<\/h3>\n  <\/a>\n\n      <a class=\"block hover:no-underline text-inherit\" href=\"https:\/\/mutti-parma.com\/de\/produkte\/feinstes-tomatenfruchtfleisch\/\">\n      Tomaten in St\u00fccken\n    <\/a>\n  <\/div>\n        <\/div>\n              <div class=\"swiper-slide\">\n          <div class=\"text-center hover:lift-img mx-auto max-w-28\">\n      <a href=\"https:\/\/mutti-parma.com\/de\/produkte\/feinstes-tomatenfruchtfleisch-mit-basilikum\/\" class=\"block\">\n            <div class=\"responsive-embed is-contain\" style=\"padding-bottom: 188.23529411765%;\"><img decoding=\"async\" width=\"1299\" height=\"1762\" src=\"https:\/\/mutti-parma.com\/app\/uploads\/sites\/15\/2023\/06\/42102-polpa-basilikum-genovese-dop-ger400g-e1686669096190.png\" class=\"inline-block mt-2 wp-image-6848\" alt=\"Tomatenfruchtfleisch mit Basilikum genovese dop\" sizes=\"auto, 126px\" data-spai-crop=\"false\" title=\"Tomatenfruchtfleisch mit Basilikum genovese dop\" srcset=\"https:\/\/mutti-parma.com\/app\/uploads\/sites\/15\/2023\/06\/42102-polpa-basilikum-genovese-dop-ger400g-e1686669096190.png 1299w, https:\/\/mutti-parma.com\/app\/uploads\/sites\/15\/2023\/06\/42102-polpa-basilikum-genovese-dop-ger400g-e1686669096190-369x500.png 369w, https:\/\/mutti-parma.com\/app\/uploads\/sites\/15\/2023\/06\/42102-polpa-basilikum-genovese-dop-ger400g-e1686669096190-755x1024.png 755w, https:\/\/mutti-parma.com\/app\/uploads\/sites\/15\/2023\/06\/42102-polpa-basilikum-genovese-dop-ger400g-e1686669096190-147x200.png 147w, https:\/\/mutti-parma.com\/app\/uploads\/sites\/15\/2023\/06\/42102-polpa-basilikum-genovese-dop-ger400g-e1686669096190-768x1042.png 768w, https:\/\/mutti-parma.com\/app\/uploads\/sites\/15\/2023\/06\/42102-polpa-basilikum-genovese-dop-ger400g-e1686669096190-150x203.png 150w, https:\/\/mutti-parma.com\/app\/uploads\/sites\/15\/2023\/06\/42102-polpa-basilikum-genovese-dop-ger400g-e1686669096190-600x814.png 600w, https:\/\/mutti-parma.com\/app\/uploads\/sites\/15\/2023\/06\/42102-polpa-basilikum-genovese-dop-ger400g-e1686669096190-1132x1536.png 1132w\" loading=\"lazy\" \/><\/div>\n    <\/a>\n  \n  <a class=\"block underline mb-2 mt-2\" href=\"https:\/\/mutti-parma.com\/de\/produkte\/feinstes-tomatenfruchtfleisch-mit-basilikum\/\">\n    <h3 class=\"h4\">Tomatenfruchtfleisch mit Basilikum genovese dop<\/h3>\n  <\/a>\n\n      <a class=\"block hover:no-underline text-inherit\" href=\"https:\/\/mutti-parma.com\/de\/produkte\/feinstes-tomatenfruchtfleisch-mit-basilikum\/\">\n      Fein gehackte Tomaten\n    <\/a>\n  <\/div>\n        <\/div>\n              <div class=\"swiper-slide\">\n          <div class=\"text-center hover:lift-img mx-auto max-w-28\">\n      <a href=\"https:\/\/mutti-parma.com\/de\/produkte\/tomatenfruchtfleisch-mit-knoblauch-aus-voghiera\/\" class=\"block\">\n            <div class=\"responsive-embed is-contain\" style=\"padding-bottom: 188.23529411765%;\"><img decoding=\"async\" width=\"1308\" height=\"1743\" src=\"https:\/\/mutti-parma.com\/app\/uploads\/sites\/15\/2023\/06\/42104-polpa-knoblauch-voghiera-dop-ger-400g-e1686669064373.png\" class=\"inline-block mt-2 wp-image-6865\" alt=\"Tomatenfruchtfleisch mit knoblauch aus voghiera\" sizes=\"auto, 126px\" data-spai-crop=\"false\" title=\"Tomatenfruchtfleisch mit knoblauch aus voghiera\" srcset=\"https:\/\/mutti-parma.com\/app\/uploads\/sites\/15\/2023\/06\/42104-polpa-knoblauch-voghiera-dop-ger-400g-e1686669064373.png 1308w, https:\/\/mutti-parma.com\/app\/uploads\/sites\/15\/2023\/06\/42104-polpa-knoblauch-voghiera-dop-ger-400g-e1686669064373-375x500.png 375w, https:\/\/mutti-parma.com\/app\/uploads\/sites\/15\/2023\/06\/42104-polpa-knoblauch-voghiera-dop-ger-400g-e1686669064373-768x1023.png 768w, https:\/\/mutti-parma.com\/app\/uploads\/sites\/15\/2023\/06\/42104-polpa-knoblauch-voghiera-dop-ger-400g-e1686669064373-150x200.png 150w, https:\/\/mutti-parma.com\/app\/uploads\/sites\/15\/2023\/06\/42104-polpa-knoblauch-voghiera-dop-ger-400g-e1686669064373-600x800.png 600w, https:\/\/mutti-parma.com\/app\/uploads\/sites\/15\/2023\/06\/42104-polpa-knoblauch-voghiera-dop-ger-400g-e1686669064373-1153x1536.png 1153w\" loading=\"lazy\" \/><\/div>\n    <\/a>\n  \n  <a class=\"block underline mb-2 mt-2\" href=\"https:\/\/mutti-parma.com\/de\/produkte\/tomatenfruchtfleisch-mit-knoblauch-aus-voghiera\/\">\n    <h3 class=\"h4\">Tomatenfruchtfleisch mit knoblauch aus voghiera<\/h3>\n  <\/a>\n\n  <\/div>\n        <\/div>\n          <\/slideshow>\n  <\/div>\n\n\n","protected":false},"excerpt":{"rendered":"","protected":false},"featured_media":300000179,"comment_status":"open","ping_status":"closed","template":"","product_category":[48],"class_list":["post-175","product","type-product","status-publish","has-post-thumbnail","hentry","product_category-product-category-144"],"acf":[],"_links":{"self":[{"href":"https:\/\/mutti-parma.com\/de\/wp-json\/wp\/v2\/product\/175","targetHints":{"allow":["GET"]}}],"collection":[{"href":"https:\/\/mutti-parma.com\/de\/wp-json\/wp\/v2\/product"}],"about":[{"href":"https:\/\/mutti-parma.com\/de\/wp-json\/wp\/v2\/types\/product"}],"replies":[{"embeddable":true,"href":"https:\/\/mutti-parma.com\/de\/wp-json\/wp\/v2\/comments?post=175"}],"version-history":[{"count":14,"href":"https:\/\/mutti-parma.com\/de\/wp-json\/wp\/v2\/product\/175\/revisions"}],"predecessor-version":[{"id":6517,"href":"https:\/\/mutti-parma.com\/de\/wp-json\/wp\/v2\/product\/175\/revisions\/6517"}],"wp:featuredmedia":[{"embeddable":true,"href":"https:\/\/mutti-parma.com\/de\/wp-json\/wp\/v2\/media\/179"}],"wp:attachment":[{"href":"https:\/\/mutti-parma.com\/de\/wp-json\/wp\/v2\/media?parent=175"}],"wp:term":[{"taxonomy":"product_category","embeddable":true,"href":"https:\/\/mutti-parma.com\/de\/wp-json\/wp\/v2\/product_category?post=175"}],"curies":[{"name":"wp","href":"https:\/\/api.w.org\/{rel}","templated":true}]}}