{"id":181,"date":"2019-10-23T10:55:56","date_gmt":"2019-10-23T10:55:56","guid":{"rendered":"https:\/\/mutti-parma.com\/de\/?post_type=product&#038;p=181"},"modified":"2023-03-21T10:24:11","modified_gmt":"2023-03-21T10:24:11","slug":"passierte-tomaten-mit-basilikum","status":"publish","type":"product","link":"https:\/\/mutti-parma.com\/de\/produkte\/passierte-tomaten-mit-basilikum\/","title":{"rendered":"Passierte Tomaten mit Basilikum"},"content":{"rendered":"\n<div style=\"--media-width: 49\" class=\"wp-block-media-text alignwide has-media-on-the-right is-stacked-on-mobile is-style-hero has-background-image\"><img loading=\"lazy\" decoding=\"async\" class=\"wp-block-media-text__background\" alt=\"\" data-spai-crop=\"true\" src=\"https:\/\/mutti-parma.com\/app\/uploads\/sites\/3\/2019\/09\/texture-banner-mutti-default-gradient.jpg\" \/><figure class=\"wp-block-media-text__media\"><img loading=\"lazy\" decoding=\"async\" width=\"404\" height=\"766\" src=\"https:\/\/mutti-parma.com\/app\/uploads\/sites\/15\/2019\/10\/63095-63088-passata-con-basilico-700g-new.png\" alt=\"passierte italienische tomaten mit Basilikum\" class=\"wp-image-427\" sizes=\"(min-width: 1440px) 470px,33vw\" data-spai-crop=\"false\" srcset=\"https:\/\/mutti-parma.com\/app\/uploads\/sites\/15\/2019\/10\/63095-63088-passata-con-basilico-700g-new.png 404w, https:\/\/mutti-parma.com\/app\/uploads\/sites\/15\/2019\/10\/63095-63088-passata-con-basilico-700g-new-105x200.png 105w, https:\/\/mutti-parma.com\/app\/uploads\/sites\/15\/2019\/10\/63095-63088-passata-con-basilico-700g-new-264x500.png 264w, https:\/\/mutti-parma.com\/app\/uploads\/sites\/15\/2019\/10\/63095-63088-passata-con-basilico-700g-new-150x284.png 150w\" \/><\/figure><div class=\"wp-block-media-text__content\"><div class=\"acf-breadcrumb my-4 md:my-8 text-center md:text-left\">\n  <nav>\n  <ol class=\"list-none text-md\">\n                  <li class=\"inline\">\n                      <a class=\"text-inherit\" href=\"https:\/\/mutti-parma.com\/de\/\">\n              Mutti Parma Deutschland\n            <\/a>\n                                <span aria-hidden=\"true\">\/&nbsp;<\/span>\n                  <\/li>\n                        <li class=\"inline\">\n                      <a class=\"text-inherit\" href=\"https:\/\/mutti-parma.com\/de\/produkte\/\">\n              Products\n            <\/a>\n                            <\/li>\n            <\/ol>\n<\/nav>\n<\/div>\n\n\n\n<h1 class=\"has-primary-color wp-block-heading\">Passierte Tomaten mit Basilikum<\/h1>\n\n\n\n<p class=\"has-xxl-font-size is-style-cursive\">S\u00e4miges Tomatenp\u00fcree<\/p>\n\n\n\n<p>Hergestellt wie die klassischen Passierten Tomaten mit einem frischen Basilikumblatt f\u00fcr einen noch appetitlicheren Geschmack. Besonders geeignet f\u00fcr all die schnellen Gerichte wie die klassische Basilikumsauce f\u00fcr Spaghetti, ein einfaches Gericht mit vollmundigem Geschmack.<\/p>\n\n\n\n\n<\/div><\/div>\n\n\n\n\n\n<div class=\"wp-block-media-text alignwide\" style=\"grid-template-columns:32% auto\"><figure class=\"wp-block-media-text__media\"><video\n  \n  autoplay\n  playsinline\n  muted\n  loop\n  loading=\"lazy\"\n  \n  \n  \n\n  \n      poster=\"https:\/\/mutti-parma.com\/app\/uploads\/sites\/3\/2019\/10\/product-consistency-passata-image.jpg\"\n  >\n            <source src=\"https:\/\/cdn.mutti-parma.com\/app\/uploads\/sites\/3\/2019\/10\/product-consistency-passata.mp4\" type=\"video\/mp4\">\n      <\/video>\n\n<\/figure><div class=\"wp-block-media-text__content\">\n<h2 class=\"wp-block-heading\">ERFAHREN SIE MEHR \u00dcBER PASSATA<\/h2>\n\n\n\n<p class=\"has-xxl-font-size is-style-cursive\">Wenn Sie etwas S\u00fc\u00dfes und Sanftes suchen.<\/p>\n\n\n\n<p>Tomaten in St\u00fccken, Passierte Tomaten, Tomatenmark und Gesch\u00e4lte Tomaten: Das sind die Unentbehrlichen von Mutti. Aufgrund der Unterschiede in Farbe, Geschmack und Konsistenz hat jedes dieser Produkte einen ganz eigenen Charakter. Die Passierte Tomaten zeichnen sich durch eine leuchtend rote Farbe, eine s\u00e4mige Konsistenz und einen au\u00dfergew\u00f6hnlich s\u00fc\u00dfen Geschmack aus.<\/p>\n\n\n<\/div><\/div>\n\n\n\n\n\n\n\n<hr class=\"wp-block-separator alignwide\"\/>\n\n\n<div class=\"acf-comments alignwide my-8\">\n  <div class=\"flex flex-wrap mb-4 items-center text-center sm:text-left px-0 sm:px-2 md:px-0\">\n    <h3 class=\"w-full sm:w-auto is-style-cursive text-primary my-0 leading-none\">Share and review<\/h3>\n    <div class=\"w-full sm:w-auto flex-auto mt-1 sm:ml-8\">\n          <\/div>\n\n          <div class=\"mx-auto sm:ml-0 mt-3 sm:mt-0\">\n                  <div\n  class=\"shariff\"\n  data-button-style=\"icon\"\n  data-mail-body=\"https:\/\/mutti-parma.com\/de\/produkte\/passierte-tomaten-mit-basilikum\/\"\n  data-mail-subject=\"Passierte Tomaten mit Basilikum - Mutti\"\n  data-mail-url=\"mailto:\"\n  data-media-url=\"https:\/\/mutti-parma.com\/app\/uploads\/sites\/15\/2019\/10\/63095-63088-passata-con-basilico-700g-new.png\"\n  data-services=\"[&#039;facebook&#039;, &#039;twitter&#039;, &#039;whatsapp&#039;, &#039;pinterest&#039;, &#039;mail&#039;]\"\n><\/div>\n              <\/div>\n      <\/div>\n\n  <div>\n                <\/div>\n<\/div>\n\n\n\n<hr class=\"wp-block-separator alignwide\"\/>\n\n\n\n<div class=\"wp-block-cover alignwide has-background-dim-80 has-darkred-background-color has-background-dim\" style=\"background-image:url(https:\/\/mutti-parma.com\/app\/uploads\/sites\/3\/2019\/09\/tomatoes.jpg)\"><div class=\"wp-block-cover__inner-container is-layout-flow wp-block-cover-is-layout-flow\">\n<div class=\"wp-block-columns alignwide is-layout-flex wp-container-core-columns-is-layout-9d6595d7 wp-block-columns-is-layout-flex\">\n<div class=\"wp-block-column is-layout-flow wp-block-column-is-layout-flow\">\n<h2 class=\"wp-block-heading\" id=\"sostenibilita\">NACHHALTIGKEIT<\/h2>\n\n\n\n<p class=\"is-style-cursive mb-0\">Nachhaltigkeit bedeutet f\u00fcr uns Respekt vor dem Land<\/p>\n\n\n\n<h4 class=\"wp-block-heading\">KOOPERATION MIT DEM WWF ITALIEN<\/h4>\n\n\n\n<p>Mutti arbeitet eng mit dem WWF in Italien zusammen, um die Landwirte dabei zu unterst\u00fctzen, ihren Wasserverbrauch und ihre CO2-Emissionen nachhaltig zu senken. Der italienische WWF setzt nicht nur Ziele, sondern erm\u00f6glicht den Bauern auch die Analyse und Validierung von verschiedenen Anbau- und Produktionsdaten, um diese zu optimieren. Beispielsweise empfahl die Organisation die Verwendung spezieller Sensoren, die den Feuchtigkeitsgehalt des Bodens erkennen und wertvolle Informationen f\u00fcr die effiziente Wassernutzung liefern. Mutti investierte in die daf\u00fcr notwendige Technologie sowie in die Ausbildung und technische Unterst\u00fctzung der Landwirte und anderer landwirtschaftlicher Organisationen. Auch nach Ablauf dieses f\u00fcnfj\u00e4hrigen Projekts setzen wir uns daf\u00fcr ein, die Umweltbelastung so gering wie m\u00f6glich zu halten und jeden einzelnen Produktionsschritt kontinuierlich zu verbessern.<\/p>\n<\/div>\n\n\n\n<div class=\"wp-block-column is-layout-flow wp-block-column-is-layout-flow\">\n<h2 class=\"has-text-align-center wp-block-heading\">ERGEBNISSE:<\/h2>\n\n\n\n<div class=\"wp-block-columns is-layout-flex wp-container-core-columns-is-layout-9d6595d7 wp-block-columns-is-layout-flex\">\n<div class=\"wp-block-column is-layout-flow wp-block-column-is-layout-flow\">\n<div class=\"wp-block-image\"><figure class=\"aligncenter size-large is-resized\"><img loading=\"lazy\" decoding=\"async\" src=\"https:\/\/mutti-parma.com\/app\/uploads\/sites\/3\/2019\/09\/icon-sustainable-water.svg\" alt=\"\" class=\"wp-image-30000085\" width=\"53\" height=\"91\" \/><\/figure><\/div>\n\n\n\n<h4 class=\"has-text-align-center wp-block-heading\">MEHR ALS 1.000 MILLIONEN LITER WASSER WURDEN EINGESPART *<\/h4>\n\n\n\n<p class=\"has-text-align-center has-sm-font-size\">*zwischen 2012 und 2014 (Quelle: Datenerhebung durch CMCC, WWF und Mediterranean Climate Change Center in Italien)<\/p>\n<\/div>\n\n\n\n<div class=\"wp-block-column is-layout-flow wp-block-column-is-layout-flow\">\n<div class=\"wp-block-image\"><figure class=\"aligncenter size-large is-resized\"><img loading=\"lazy\" decoding=\"async\" src=\"https:\/\/mutti-parma.com\/app\/uploads\/sites\/3\/2019\/09\/icon-sustainable-co2.svg\" alt=\"\" class=\"wp-image-30000086\" width=\"114\" height=\"88\" \/><\/figure><\/div>\n\n\n\n<h4 class=\"has-text-align-center wp-block-heading\"><br>MEHR ALS 31.530 TONNEN CO2 (KOHLENDIOXID) WURDEN NICHT AUSGESTOSSEN* <\/h4>\n\n\n\n<p class=\"has-sm-font-size\">Zwischen 2010 und 2015 im vergleich zu 2009 (quelle: daten des italienischen wwf und der energieeffizienzgruppe officinae verdi)<\/p>\n<\/div>\n<\/div>\n<\/div>\n<\/div>\n<\/div><\/div>\n\n\n\n\n\n\n\n\n\n\n\n\n<div class=\"acf-related-products mb-8 lg:mb-16 \" data-vue-wrapper>\n      <h3 class=\"text-center\">Verwandte Produkte<\/h3>\n  \n      <slideshow :slides-per-view=\"3\" :navigation=\"true\" class=\"mx-8 lg:-mx-12\" name=\"Related Products\">\n              <div class=\"swiper-slide\">\n          <div class=\"text-center hover:lift-img mx-auto max-w-28\">\n      <a href=\"https:\/\/mutti-parma.com\/de\/produkte\/passierte-tomaten\/\" class=\"block\">\n            <div class=\"responsive-embed is-contain\" style=\"padding-bottom: 188.23529411765%;\"><img decoding=\"async\" width=\"404\" height=\"766\" src=\"https:\/\/mutti-parma.com\/app\/uploads\/sites\/15\/2019\/10\/63062-63087-passata-700g-passata.png\" class=\"inline-block mt-2 wp-image-426\" alt=\"Passierte Tomaten\" sizes=\"auto, 126px\" data-spai-crop=\"false\" title=\"Passierte Tomaten\" srcset=\"https:\/\/mutti-parma.com\/app\/uploads\/sites\/15\/2019\/10\/63062-63087-passata-700g-passata.png 404w, https:\/\/mutti-parma.com\/app\/uploads\/sites\/15\/2019\/10\/63062-63087-passata-700g-passata-105x200.png 105w, https:\/\/mutti-parma.com\/app\/uploads\/sites\/15\/2019\/10\/63062-63087-passata-700g-passata-264x500.png 264w, https:\/\/mutti-parma.com\/app\/uploads\/sites\/15\/2019\/10\/63062-63087-passata-700g-passata-150x284.png 150w\" loading=\"lazy\" \/><\/div>\n    <\/a>\n  \n  <a class=\"block underline mb-2 mt-2\" href=\"https:\/\/mutti-parma.com\/de\/produkte\/passierte-tomaten\/\">\n    <h3 class=\"h4\">Passierte Tomaten<\/h3>\n  <\/a>\n\n      <a class=\"block hover:no-underline text-inherit\" href=\"https:\/\/mutti-parma.com\/de\/produkte\/passierte-tomaten\/\">\n      Saftiges Tomatenp\u00fcree\n    <\/a>\n  <\/div>\n        <\/div>\n              <div class=\"swiper-slide\">\n          <div class=\"text-center hover:lift-img mx-auto max-w-28\">\n      <a href=\"https:\/\/mutti-parma.com\/de\/produkte\/passierte-tomaten-tetra-verpackung\/\" class=\"block\">\n            <div class=\"responsive-embed is-contain\" style=\"padding-bottom: 188.23529411765%;\"><img decoding=\"async\" width=\"3971\" height=\"4962\" src=\"https:\/\/mutti-parma.com\/app\/uploads\/sites\/15\/2023\/06\/passata-tetra-500ml-brik-deu-frontale.png\" class=\"inline-block mt-2 wp-image-7243\" alt=\"Passierte Tomaten in 500g Tetra-Verpackung\" sizes=\"auto, 126px\" data-spai-crop=\"false\" title=\"Passierte Tomaten in 500g Tetra-Verpackung\" srcset=\"https:\/\/mutti-parma.com\/app\/uploads\/sites\/15\/2023\/06\/passata-tetra-500ml-brik-deu-frontale.png 3971w, https:\/\/mutti-parma.com\/app\/uploads\/sites\/15\/2023\/06\/passata-tetra-500ml-brik-deu-frontale-400x500.png 400w, https:\/\/mutti-parma.com\/app\/uploads\/sites\/15\/2023\/06\/passata-tetra-500ml-brik-deu-frontale-819x1024.png 819w, https:\/\/mutti-parma.com\/app\/uploads\/sites\/15\/2023\/06\/passata-tetra-500ml-brik-deu-frontale-160x200.png 160w, https:\/\/mutti-parma.com\/app\/uploads\/sites\/15\/2023\/06\/passata-tetra-500ml-brik-deu-frontale-768x960.png 768w, https:\/\/mutti-parma.com\/app\/uploads\/sites\/15\/2023\/06\/passata-tetra-500ml-brik-deu-frontale-150x187.png 150w, https:\/\/mutti-parma.com\/app\/uploads\/sites\/15\/2023\/06\/passata-tetra-500ml-brik-deu-frontale-600x750.png 600w, https:\/\/mutti-parma.com\/app\/uploads\/sites\/15\/2023\/06\/passata-tetra-500ml-brik-deu-frontale-1229x1536.png 1229w, https:\/\/mutti-parma.com\/app\/uploads\/sites\/15\/2023\/06\/passata-tetra-500ml-brik-deu-frontale-1639x2048.png 1639w\" loading=\"lazy\" \/><\/div>\n    <\/a>\n  \n  <a class=\"block underline mb-2 mt-2\" href=\"https:\/\/mutti-parma.com\/de\/produkte\/passierte-tomaten-tetra-verpackung\/\">\n    <h3 class=\"h4\">Passierte Tomaten in 500g Tetra-Verpackung<\/h3>\n  <\/a>\n\n      <a class=\"block hover:no-underline text-inherit\" href=\"https:\/\/mutti-parma.com\/de\/produkte\/passierte-tomaten-tetra-verpackung\/\">\n      Saftiges Tomatenp\u00fcree\n    <\/a>\n  <\/div>\n        <\/div>\n              <div class=\"swiper-slide\">\n          <div class=\"text-center hover:lift-img mx-auto max-w-28\">\n      <a href=\"https:\/\/mutti-parma.com\/de\/produkte\/passierte-tomaten-praktischer-3x-200g-tetra-verpackung\/\" class=\"block\">\n            <div class=\"responsive-embed is-contain\" style=\"padding-bottom: 188.23529411765%;\"><img decoding=\"async\" width=\"4724\" height=\"2689\" src=\"https:\/\/mutti-parma.com\/app\/uploads\/sites\/15\/2023\/06\/passata-tetra-200mlx3-cluster-deu-frontale.png\" class=\"inline-block mt-2 wp-image-7242\" alt=\"Passierte Tomaten in praktischer 3X 200g Tetra-Verpackung\" sizes=\"auto, 126px\" data-spai-crop=\"false\" title=\"Passierte Tomaten in praktischer 3X 200g Tetra-Verpackung\" srcset=\"https:\/\/mutti-parma.com\/app\/uploads\/sites\/15\/2023\/06\/passata-tetra-200mlx3-cluster-deu-frontale.png 4724w, https:\/\/mutti-parma.com\/app\/uploads\/sites\/15\/2023\/06\/passata-tetra-200mlx3-cluster-deu-frontale-500x285.png 500w, https:\/\/mutti-parma.com\/app\/uploads\/sites\/15\/2023\/06\/passata-tetra-200mlx3-cluster-deu-frontale-1024x583.png 1024w, https:\/\/mutti-parma.com\/app\/uploads\/sites\/15\/2023\/06\/passata-tetra-200mlx3-cluster-deu-frontale-200x114.png 200w, https:\/\/mutti-parma.com\/app\/uploads\/sites\/15\/2023\/06\/passata-tetra-200mlx3-cluster-deu-frontale-768x437.png 768w, https:\/\/mutti-parma.com\/app\/uploads\/sites\/15\/2023\/06\/passata-tetra-200mlx3-cluster-deu-frontale-150x85.png 150w, https:\/\/mutti-parma.com\/app\/uploads\/sites\/15\/2023\/06\/passata-tetra-200mlx3-cluster-deu-frontale-600x342.png 600w, https:\/\/mutti-parma.com\/app\/uploads\/sites\/15\/2023\/06\/passata-tetra-200mlx3-cluster-deu-frontale-1536x874.png 1536w, https:\/\/mutti-parma.com\/app\/uploads\/sites\/15\/2023\/06\/passata-tetra-200mlx3-cluster-deu-frontale-2048x1166.png 2048w\" loading=\"lazy\" \/><\/div>\n    <\/a>\n  \n  <a class=\"block underline mb-2 mt-2\" href=\"https:\/\/mutti-parma.com\/de\/produkte\/passierte-tomaten-praktischer-3x-200g-tetra-verpackung\/\">\n    <h3 class=\"h4\">Passierte Tomaten in praktischer 3X 200g Tetra-Verpackung<\/h3>\n  <\/a>\n\n      <a class=\"block hover:no-underline text-inherit\" href=\"https:\/\/mutti-parma.com\/de\/produkte\/passierte-tomaten-praktischer-3x-200g-tetra-verpackung\/\">\n      Saftiges Tomatenp\u00fcree\n    <\/a>\n  <\/div>\n        <\/div>\n          <\/slideshow>\n  <\/div>\n\n\n","protected":false},"excerpt":{"rendered":"","protected":false},"featured_media":427,"comment_status":"open","ping_status":"closed","template":"","product_category":[51],"class_list":["post-181","product","type-product","status-publish","has-post-thumbnail","hentry","product_category-product-category-147"],"acf":[],"_links":{"self":[{"href":"https:\/\/mutti-parma.com\/de\/wp-json\/wp\/v2\/product\/181","targetHints":{"allow":["GET"]}}],"collection":[{"href":"https:\/\/mutti-parma.com\/de\/wp-json\/wp\/v2\/product"}],"about":[{"href":"https:\/\/mutti-parma.com\/de\/wp-json\/wp\/v2\/types\/product"}],"replies":[{"embeddable":true,"href":"https:\/\/mutti-parma.com\/de\/wp-json\/wp\/v2\/comments?post=181"}],"version-history":[{"count":13,"href":"https:\/\/mutti-parma.com\/de\/wp-json\/wp\/v2\/product\/181\/revisions"}],"predecessor-version":[{"id":6514,"href":"https:\/\/mutti-parma.com\/de\/wp-json\/wp\/v2\/product\/181\/revisions\/6514"}],"wp:featuredmedia":[{"embeddable":true,"href":"https:\/\/mutti-parma.com\/de\/wp-json\/wp\/v2\/media\/427"}],"wp:attachment":[{"href":"https:\/\/mutti-parma.com\/de\/wp-json\/wp\/v2\/media?parent=181"}],"wp:term":[{"taxonomy":"product_category","embeddable":true,"href":"https:\/\/mutti-parma.com\/de\/wp-json\/wp\/v2\/product_category?post=181"}],"curies":[{"name":"wp","href":"https:\/\/api.w.org\/{rel}","templated":true}]}}