{"id":208,"date":"2019-10-23T11:02:37","date_gmt":"2019-10-23T11:02:37","guid":{"rendered":"https:\/\/mutti-parma.com\/de\/?post_type=product&#038;p=208"},"modified":"2025-02-18T16:51:25","modified_gmt":"2025-02-18T16:51:25","slug":"san-marzano-tomaten","status":"publish","type":"product","link":"https:\/\/mutti-parma.com\/de\/produkte\/san-marzano-tomaten\/","title":{"rendered":"San Marzano Tomaten"},"content":{"rendered":"\n<div style=\"--media-width: 50\" class=\"wp-block-media-text alignwide has-media-on-the-right is-stacked-on-mobile is-style-hero has-background-image\"><img loading=\"lazy\" decoding=\"async\" class=\"wp-block-media-text__background\" alt=\"\" data-spai-crop=\"true\" src=\"https:\/\/mutti-parma.com\/app\/uploads\/sites\/15\/2019\/10\/san-marzano-texture-1.jpg\" \/><div class=\"wp-block-media-text__content\"><div class=\"acf-breadcrumb my-4 md:my-8 text-center md:text-left\">\n  <nav>\n  <ol class=\"list-none text-md\">\n                  <li class=\"inline\">\n                      <a class=\"text-inherit\" href=\"https:\/\/mutti-parma.com\/de\/\">\n              Mutti Parma Deutschland\n            <\/a>\n                                <span aria-hidden=\"true\">\/&nbsp;<\/span>\n                  <\/li>\n                        <li class=\"inline\">\n                      <a class=\"text-inherit\" href=\"https:\/\/mutti-parma.com\/de\/produkte\/\">\n              Products\n            <\/a>\n                            <\/li>\n            <\/ol>\n<\/nav>\n<\/div>\n\n\n\n<h1 class=\"wp-block-heading has-primary-color has-text-color\">San Marzano Tomaten<\/h1>\n\n\n\n<p class=\"is-style-cursive has-xxl-font-size\">Gesch\u00e4lte Tomaten<\/p>\n\n\n\n<p><strong>San Marzano-Tomaten<\/strong> gedeihen auf dem fruchtbaren, vulkanischen Boden des <strong>Agro Sarnese-Nocerino<\/strong> zwischen Neapel und Salerno. Dank ihres unverwechselbaren Aromas tragen sie die <strong>gesch\u00fctzte Ursprungsbezeichnung<\/strong> (g.U.) <strong>der EU<\/strong>. Unsere 100% sonnengereiften <strong>San Marzano Tomaten<\/strong> \u00fcberzeugen mit <strong>intensiv roter Farbe, fester Textur<\/strong> und au\u00dfergew\u00f6hnlicher Saftigkeit. Sie werden in eine samtige Sauce geh\u00fcllt, die ihre Frische und ihr volles Aroma bewahrt.<\/p>\n\n\n\n\n<\/div><figure class=\"wp-block-media-text__media\"><img loading=\"lazy\" decoding=\"async\" width=\"675\" height=\"1024\" src=\"https:\/\/mutti-parma.com\/app\/uploads\/sites\/15\/2019\/10\/san-marzano-400g-1-675x1024-1.png\" alt=\"\" class=\"wp-image-7676 size-full\" sizes=\"(min-width: 1440px) 528px,37vw\" data-spai-crop=\"false\" srcset=\"https:\/\/mutti-parma.com\/app\/uploads\/sites\/15\/2019\/10\/san-marzano-400g-1-675x1024-1.png 675w, https:\/\/mutti-parma.com\/app\/uploads\/sites\/15\/2019\/10\/san-marzano-400g-1-675x1024-1-330x500.png 330w, https:\/\/mutti-parma.com\/app\/uploads\/sites\/15\/2019\/10\/san-marzano-400g-1-675x1024-1-132x200.png 132w, https:\/\/mutti-parma.com\/app\/uploads\/sites\/15\/2019\/10\/san-marzano-400g-1-675x1024-1-150x228.png 150w, https:\/\/mutti-parma.com\/app\/uploads\/sites\/15\/2019\/10\/san-marzano-400g-1-675x1024-1-600x910.png 600w\" \/><\/figure><\/div>\n\n\n\n\n\n<div class=\"wp-block-media-text alignwide\"><figure class=\"wp-block-media-text__media\"><img loading=\"lazy\" decoding=\"async\" width=\"545\" height=\"493\" src=\"https:\/\/mutti-parma.com\/app\/uploads\/sites\/15\/2019\/10\/san-marzano-map-1.png\" alt=\"\" class=\"wp-image-7678 size-full\" sizes=\"(max-width: 600px) 100vw, (min-width: 1440px) 792px,55vw\" data-spai-crop=\"false\" srcset=\"https:\/\/mutti-parma.com\/app\/uploads\/sites\/15\/2019\/10\/san-marzano-map-1.png 545w, https:\/\/mutti-parma.com\/app\/uploads\/sites\/15\/2019\/10\/san-marzano-map-1-500x452.png 500w, https:\/\/mutti-parma.com\/app\/uploads\/sites\/15\/2019\/10\/san-marzano-map-1-200x181.png 200w, https:\/\/mutti-parma.com\/app\/uploads\/sites\/15\/2019\/10\/san-marzano-map-1-150x136.png 150w\" \/><\/figure><div class=\"wp-block-media-text__content\">\n<h2 class=\"wp-block-heading\">EINZIGARTIGE EIGENSCHAFTEN<\/h2>\n\n\n\n<p class=\"is-style-cursive has-xxl-font-size\">Vulkanische Erde, intensives Aroma \u2013 ein kulinarischer Schatz<\/p>\n\n\n\n<p><strong>San Marzano-Tomaten<\/strong> stammen aus der <strong>reichhaltigen vulkanischen<\/strong> Erde am Fu\u00dfe des <strong>Vesuvs<\/strong> in <strong>Italien<\/strong>.Diese einzigartige Umgebung und die N\u00e4hrstoffe des Vulkanbodens verleihen den Tomaten eine ausgepr\u00e4gte mineralische Note, die zu ihrer <strong>charakteristischen S\u00fc\u00dfe<\/strong> und einer leichten <strong>Rauchigkeit f\u00fchrt<\/strong>. Diese Eigenschaften tragen<strong> zum reichen, vollmundigen Geschmack<\/strong> der Tomaten bei und machen sie zu einer gesch\u00e4tzten Zutat in kulinarischen Traditionen weltweit.<\/p>\n\n\n<\/div><\/div>\n\n\n<div\n  class=\"acf-how-is-it-made alignwide text-center \"\n  data-vue-wrapper\n  >\n      <h2>WIE WERDEN SIE HERGESTELLT?<\/h2>\n  \n  <slideshow :slides-per-view=\"3\" :slides-per-view-sm=\"1\" :slides-per-view-md=\"2\" name=\"How is it made\" class=\"mb-8\">\n          <div class=\"swiper-slide \">\n        <div class=\"max-w-64 mx-auto\">\n          <div class=\"max-w-48 mx-auto\">\n                          <div class=\"responsive-embed aspect-ratio-1-1\">\n\n<video\n  \n  \n  playsinline\n  muted\n  \n  loading=\"lazy\"\n  \n  \n  \n\n      muted\n    data-play-hover\n  \n      poster=\"https:\/\/mutti-parma.com\/app\/themes\/mutti\/dist\/videos\/howisitmade\/tomato_steamed.png?id=20a8297006f6c1af50dc\"\n  >\n            <source src=\"https:\/\/cdn.mutti-parma.com\/app\/themes\/mutti\/dist\/videos\/howisitmade\/tomato_steamed-vp9.webm?id=ac8307a248706fddcf73\" type=\"video\/webm;codec=vp9\">\n                <source src=\"https:\/\/cdn.mutti-parma.com\/app\/themes\/mutti\/dist\/videos\/howisitmade\/tomato_steamed-vp8.webm?id=38abab52ada707ef31d2\" type=\"video\/webm;codec=vp8\">\n      <\/video>\n\n  <\/div>\n                      <\/div>\n          <p>Zun\u00e4chst wird die Haut der Tomaten schonend unter Dampf entfernt. Anschlie\u00dfend werden sie zu einer <strong>samtigen Sauce<\/strong> verarbeitet und direkt in <strong>Dosen<\/strong> abgef\u00fcllt. So bleiben ihre <strong>Frische<\/strong>, ihr <strong>volles Aroma<\/strong> und ihre wertvollen N\u00e4hrstoffe <strong>erhalten<\/strong>.<\/p>\n\n        <\/div>\n      <\/div>\n      <\/slideshow>\n\n      <p class=\"is-style-cursive text-5xl\">M\u00f6chten Sie mehr \u00fcber unsere Produktionsprozesse erfahren?\r\n<\/p>\n  \n      <h3>Bitte lesen sie mehr \u00fbber unsere Tomaten<\/h3>\n  <\/div>\n\n\n\n\n\n<hr class=\"wp-block-separator has-css-opacity alignwide\"\/>\n\n\n<div class=\"acf-comments alignwide my-8\">\n  <div class=\"flex flex-wrap mb-4 items-center text-center sm:text-left px-0 sm:px-2 md:px-0\">\n    <h3 class=\"w-full sm:w-auto is-style-cursive text-primary my-0 leading-none\">Share and review<\/h3>\n    <div class=\"w-full sm:w-auto flex-auto mt-1 sm:ml-8\">\n          <\/div>\n\n          <div class=\"mx-auto sm:ml-0 mt-3 sm:mt-0\">\n                  <div\n  class=\"shariff\"\n  data-button-style=\"icon\"\n  data-mail-body=\"https:\/\/mutti-parma.com\/de\/produkte\/san-marzano-tomaten\/\"\n  data-mail-subject=\"San Marzano Tomaten - Mutti\"\n  data-mail-url=\"mailto:\"\n  data-media-url=\"https:\/\/mutti-parma.com\/app\/uploads\/sites\/15\/2019\/10\/san-marzano-400g-1-675x1024-1.png\"\n  data-services=\"[&#039;facebook&#039;, &#039;twitter&#039;, &#039;whatsapp&#039;, &#039;pinterest&#039;, &#039;mail&#039;]\"\n><\/div>\n              <\/div>\n      <\/div>\n\n  <div>\n                <\/div>\n<\/div>\n\n\n\n<hr class=\"wp-block-separator has-css-opacity alignwide\"\/>\n\n\n\n<div class=\"wp-block-cover alignwide has-background-dim-80 has-darkred-background-color has-background-dim\" style=\"background-image:url(https:\/\/mutti-parma.com\/app\/uploads\/sites\/3\/2019\/09\/tomatoes.jpg)\"><div class=\"wp-block-cover__inner-container is-layout-flow wp-block-cover-is-layout-flow\">\n<div class=\"wp-block-columns alignwide is-layout-flex wp-container-core-columns-is-layout-9d6595d7 wp-block-columns-is-layout-flex\">\n<div class=\"wp-block-column is-layout-flow wp-block-column-is-layout-flow\">\n<h2 class=\"wp-block-heading\" id=\"sostenibilita\">NACHHALTIGKEIT<\/h2>\n\n\n\n<p class=\"is-style-cursive mb-0\">Nachhaltigkeit bedeutet f\u00fcr uns Respekt vor dem Land<\/p>\n\n\n\n<h4 class=\"wp-block-heading\">KOOPERATION MIT DEM WWF ITALIEN<\/h4>\n\n\n\n<p>Mutti arbeitet eng mit dem WWF in Italien zusammen, um die Landwirte dabei zu unterst\u00fctzen, ihren Wasserverbrauch und ihre CO2-Emissionen nachhaltig zu senken. Der italienische WWF setzt nicht nur Ziele, sondern erm\u00f6glicht den Bauern auch die Analyse und Validierung von verschiedenen Anbau- und Produktionsdaten, um diese zu optimieren. Beispielsweise empfahl die Organisation die Verwendung spezieller Sensoren, die den Feuchtigkeitsgehalt des Bodens erkennen und wertvolle Informationen f\u00fcr die effiziente Wassernutzung liefern. Mutti investierte in die daf\u00fcr notwendige Technologie sowie in die Ausbildung und technische Unterst\u00fctzung der Landwirte und anderer landwirtschaftlicher Organisationen. Auch nach Ablauf dieses f\u00fcnfj\u00e4hrigen Projekts setzen wir uns daf\u00fcr ein, die Umweltbelastung so gering wie m\u00f6glich zu halten und jeden einzelnen Produktionsschritt kontinuierlich zu verbessern.<\/p>\n<\/div>\n\n\n\n<div class=\"wp-block-column is-layout-flow wp-block-column-is-layout-flow\">\n<h2 class=\"has-text-align-center wp-block-heading\">ERGEBNISSE:<\/h2>\n\n\n\n<div class=\"wp-block-columns is-layout-flex wp-container-core-columns-is-layout-9d6595d7 wp-block-columns-is-layout-flex\">\n<div class=\"wp-block-column is-layout-flow wp-block-column-is-layout-flow\">\n<div class=\"wp-block-image\"><figure class=\"aligncenter size-large is-resized\"><img loading=\"lazy\" decoding=\"async\" src=\"https:\/\/mutti-parma.com\/app\/uploads\/sites\/3\/2019\/09\/icon-sustainable-water.svg\" alt=\"\" class=\"wp-image-30000085\" width=\"53\" height=\"91\" \/><\/figure><\/div>\n\n\n\n<h4 class=\"has-text-align-center wp-block-heading\">MEHR ALS 1.000 MILLIONEN LITER WASSER WURDEN EINGESPART *<\/h4>\n\n\n\n<p class=\"has-text-align-center has-sm-font-size\">*zwischen 2012 und 2014 (Quelle: Datenerhebung durch CMCC, WWF und Mediterranean Climate Change Center in Italien)<\/p>\n<\/div>\n\n\n\n<div class=\"wp-block-column is-layout-flow wp-block-column-is-layout-flow\">\n<div class=\"wp-block-image\"><figure class=\"aligncenter size-large is-resized\"><img loading=\"lazy\" decoding=\"async\" src=\"https:\/\/mutti-parma.com\/app\/uploads\/sites\/3\/2019\/09\/icon-sustainable-co2.svg\" alt=\"\" class=\"wp-image-30000086\" width=\"114\" height=\"88\" \/><\/figure><\/div>\n\n\n\n<h4 class=\"has-text-align-center wp-block-heading\"><br>MEHR ALS 31.530 TONNEN CO2 (KOHLENDIOXID) WURDEN NICHT AUSGESTOSSEN* <\/h4>\n\n\n\n<p class=\"has-sm-font-size\">Zwischen 2010 und 2015 im vergleich zu 2009 (quelle: daten des italienischen wwf und der energieeffizienzgruppe officinae verdi)<\/p>\n<\/div>\n<\/div>\n<\/div>\n<\/div>\n<\/div><\/div>\n\n\n\n\n\n\n\n\n\n\n\n\n<div class=\"acf-related-products mb-8 lg:mb-16 \" data-vue-wrapper>\n      <h3 class=\"text-center\">Verwandte Produkte<\/h3>\n  \n      <slideshow :slides-per-view=\"3\" :navigation=\"true\" class=\"mx-8 lg:-mx-12\" name=\"Related Products\">\n              <div class=\"swiper-slide\">\n          <div class=\"text-center hover:lift-img mx-auto max-w-28\">\n      <a href=\"https:\/\/mutti-parma.com\/de\/produkte\/geschalte-tomaten\/\" class=\"block\">\n            <div class=\"responsive-embed is-contain\" style=\"padding-bottom: 188.23529411765%;\"><img decoding=\"async\" width=\"404\" height=\"766\" src=\"https:\/\/mutti-parma.com\/app\/uploads\/sites\/15\/2019\/10\/52070-pelati-400g-litografata-2016-frontale-png-2.png\" class=\"inline-block mt-2 wp-image-420\" alt=\"Gesch\u00e4lte Tomaten\" sizes=\"auto, 126px\" data-spai-crop=\"false\" title=\"Gesch\u00e4lte Tomaten\" srcset=\"https:\/\/mutti-parma.com\/app\/uploads\/sites\/15\/2019\/10\/52070-pelati-400g-litografata-2016-frontale-png-2.png 404w, https:\/\/mutti-parma.com\/app\/uploads\/sites\/15\/2019\/10\/52070-pelati-400g-litografata-2016-frontale-png-2-105x200.png 105w, https:\/\/mutti-parma.com\/app\/uploads\/sites\/15\/2019\/10\/52070-pelati-400g-litografata-2016-frontale-png-2-264x500.png 264w, https:\/\/mutti-parma.com\/app\/uploads\/sites\/15\/2019\/10\/52070-pelati-400g-litografata-2016-frontale-png-2-150x284.png 150w\" loading=\"lazy\" \/><\/div>\n    <\/a>\n  \n  <a class=\"block underline mb-2 mt-2\" href=\"https:\/\/mutti-parma.com\/de\/produkte\/geschalte-tomaten\/\">\n    <h3 class=\"h4\">Gesch\u00e4lte Tomaten<\/h3>\n  <\/a>\n\n  <\/div>\n        <\/div>\n          <\/slideshow>\n  <\/div>\n\n\n","protected":false},"excerpt":{"rendered":"","protected":false},"featured_media":7676,"comment_status":"open","ping_status":"closed","template":"","product_category":[54],"class_list":["post-208","product","type-product","status-publish","has-post-thumbnail","hentry","product_category-product-category-152"],"acf":[],"_links":{"self":[{"href":"https:\/\/mutti-parma.com\/de\/wp-json\/wp\/v2\/product\/208","targetHints":{"allow":["GET"]}}],"collection":[{"href":"https:\/\/mutti-parma.com\/de\/wp-json\/wp\/v2\/product"}],"about":[{"href":"https:\/\/mutti-parma.com\/de\/wp-json\/wp\/v2\/types\/product"}],"replies":[{"embeddable":true,"href":"https:\/\/mutti-parma.com\/de\/wp-json\/wp\/v2\/comments?post=208"}],"version-history":[{"count":18,"href":"https:\/\/mutti-parma.com\/de\/wp-json\/wp\/v2\/product\/208\/revisions"}],"predecessor-version":[{"id":7698,"href":"https:\/\/mutti-parma.com\/de\/wp-json\/wp\/v2\/product\/208\/revisions\/7698"}],"wp:featuredmedia":[{"embeddable":true,"href":"https:\/\/mutti-parma.com\/de\/wp-json\/wp\/v2\/media\/7676"}],"wp:attachment":[{"href":"https:\/\/mutti-parma.com\/de\/wp-json\/wp\/v2\/media?parent=208"}],"wp:term":[{"taxonomy":"product_category","embeddable":true,"href":"https:\/\/mutti-parma.com\/de\/wp-json\/wp\/v2\/product_category?post=208"}],"curies":[{"name":"wp","href":"https:\/\/api.w.org\/{rel}","templated":true}]}}