{"id":226,"date":"2019-10-23T11:04:39","date_gmt":"2019-10-23T11:04:39","guid":{"rendered":"https:\/\/mutti-parma.com\/de\/?post_type=product&#038;p=226"},"modified":"2023-03-21T10:24:11","modified_gmt":"2023-03-21T10:24:11","slug":"pizzasauce","status":"publish","type":"product","link":"https:\/\/mutti-parma.com\/de\/produkte\/pizzasauce\/","title":{"rendered":"Italienische Pizzasauce"},"content":{"rendered":"\n<div style=\"--media-width: 50\" class=\"wp-block-media-text alignwide has-media-on-the-right is-stacked-on-mobile is-style-hero has-background-image\"><img loading=\"lazy\" decoding=\"async\" class=\"wp-block-media-text__background\" alt=\"\" data-spai-crop=\"true\" src=\"https:\/\/mutti-parma.com\/app\/uploads\/sites\/3\/2019\/09\/texture-banner-mutti-default-gradient.jpg\" \/><figure class=\"wp-block-media-text__media\"><img loading=\"lazy\" decoding=\"async\" width=\"708\" height=\"1024\" src=\"https:\/\/mutti-parma.com\/app\/uploads\/sites\/15\/2019\/10\/65051-pizzasauce-aromatizzata-400g-senza-tabella-708x1024.png\" alt=\"Pizzasauce Germany\" class=\"wp-image-3427\" sizes=\"(min-width: 1440px) 528px,37vw\" data-spai-crop=\"false\" srcset=\"https:\/\/mutti-parma.com\/app\/uploads\/sites\/15\/2019\/10\/65051-pizzasauce-aromatizzata-400g-senza-tabella-708x1024.png 708w, https:\/\/mutti-parma.com\/app\/uploads\/sites\/15\/2019\/10\/65051-pizzasauce-aromatizzata-400g-senza-tabella-138x200.png 138w, https:\/\/mutti-parma.com\/app\/uploads\/sites\/15\/2019\/10\/65051-pizzasauce-aromatizzata-400g-senza-tabella-346x500.png 346w, https:\/\/mutti-parma.com\/app\/uploads\/sites\/15\/2019\/10\/65051-pizzasauce-aromatizzata-400g-senza-tabella-768x1110.png 768w, https:\/\/mutti-parma.com\/app\/uploads\/sites\/15\/2019\/10\/65051-pizzasauce-aromatizzata-400g-senza-tabella-150x217.png 150w, https:\/\/mutti-parma.com\/app\/uploads\/sites\/15\/2019\/10\/65051-pizzasauce-aromatizzata-400g-senza-tabella-600x867.png 600w, https:\/\/mutti-parma.com\/app\/uploads\/sites\/15\/2019\/10\/65051-pizzasauce-aromatizzata-400g-senza-tabella.png 1181w\" \/><\/figure><div class=\"wp-block-media-text__content\"><div class=\"acf-breadcrumb my-4 md:my-8 text-center md:text-left\">\n  <nav>\n  <ol class=\"list-none text-md\">\n                  <li class=\"inline\">\n                      <a class=\"text-inherit\" href=\"https:\/\/mutti-parma.com\/de\/\">\n              Mutti Parma Deutschland\n            <\/a>\n                                <span aria-hidden=\"true\">\/&nbsp;<\/span>\n                  <\/li>\n                        <li class=\"inline\">\n                      <a class=\"text-inherit\" href=\"https:\/\/mutti-parma.com\/de\/produkte\/\">\n              Products\n            <\/a>\n                            <\/li>\n            <\/ol>\n<\/nav>\n<\/div>\n\n\n\n<h1 class=\"has-primary-color wp-block-heading\">Italienische Pizzasauce<\/h1>\n\n\n\n\n\n<p>Mit Mutti-Pizzasauce aus frischen Tomaten gelingt Ihnen eine echt italienische Pizza. Ihre leicht ungleichm\u00e4\u00dfige, dickfl\u00fcssige Konsistenz verr\u00e4t den urspr\u00fcnglichen Charakter eines handwerklichen Erzeugnisses. Gew\u00fcrzt ist sie mit den typischen italienischen Pizzazutaten Oregano und Basilikum.<\/p>\n\n\n\n\n<\/div><\/div>\n\n\n\n\n\n\n\n\n\n\n\n<hr class=\"wp-block-separator alignwide\"\/>\n\n\n<div class=\"acf-comments alignwide my-8\">\n  <div class=\"flex flex-wrap mb-4 items-center text-center sm:text-left px-0 sm:px-2 md:px-0\">\n    <h3 class=\"w-full sm:w-auto is-style-cursive text-primary my-0 leading-none\">Share and review<\/h3>\n    <div class=\"w-full sm:w-auto flex-auto mt-1 sm:ml-8\">\n          <\/div>\n\n          <div class=\"mx-auto sm:ml-0 mt-3 sm:mt-0\">\n                  <div\n  class=\"shariff\"\n  data-button-style=\"icon\"\n  data-mail-body=\"https:\/\/mutti-parma.com\/de\/produkte\/pizzasauce\/\"\n  data-mail-subject=\"Italienische Pizzasauce - Mutti\"\n  data-mail-url=\"mailto:\"\n  data-media-url=\"https:\/\/mutti-parma.com\/app\/uploads\/sites\/15\/2019\/10\/65051-pizzasauce-aromatizzata-400g-senza-tabella.png\"\n  data-services=\"[&#039;facebook&#039;, &#039;twitter&#039;, &#039;whatsapp&#039;, &#039;pinterest&#039;, &#039;mail&#039;]\"\n><\/div>\n              <\/div>\n      <\/div>\n\n  <div>\n                <\/div>\n<\/div>\n\n\n\n<hr class=\"wp-block-separator alignwide\"\/>\n\n\n\n<div class=\"wp-block-cover alignwide has-background-dim-80 has-darkred-background-color has-background-dim\" style=\"background-image:url(https:\/\/mutti-parma.com\/app\/uploads\/sites\/3\/2019\/09\/tomatoes.jpg)\"><div class=\"wp-block-cover__inner-container is-layout-flow wp-block-cover-is-layout-flow\">\n<div class=\"wp-block-columns alignwide is-layout-flex wp-container-core-columns-is-layout-9d6595d7 wp-block-columns-is-layout-flex\">\n<div class=\"wp-block-column is-layout-flow wp-block-column-is-layout-flow\">\n<h2 class=\"wp-block-heading\" id=\"sostenibilita\">NACHHALTIGKEIT<\/h2>\n\n\n\n<p class=\"is-style-cursive mb-0\">Nachhaltigkeit bedeutet f\u00fcr uns Respekt vor dem Land<\/p>\n\n\n\n<h4 class=\"wp-block-heading\">KOOPERATION MIT DEM WWF ITALIEN<\/h4>\n\n\n\n<p>Mutti arbeitet eng mit dem WWF in Italien zusammen, um die Landwirte dabei zu unterst\u00fctzen, ihren Wasserverbrauch und ihre CO2-Emissionen nachhaltig zu senken. Der italienische WWF setzt nicht nur Ziele, sondern erm\u00f6glicht den Bauern auch die Analyse und Validierung von verschiedenen Anbau- und Produktionsdaten, um diese zu optimieren. Beispielsweise empfahl die Organisation die Verwendung spezieller Sensoren, die den Feuchtigkeitsgehalt des Bodens erkennen und wertvolle Informationen f\u00fcr die effiziente Wassernutzung liefern. Mutti investierte in die daf\u00fcr notwendige Technologie sowie in die Ausbildung und technische Unterst\u00fctzung der Landwirte und anderer landwirtschaftlicher Organisationen. Auch nach Ablauf dieses f\u00fcnfj\u00e4hrigen Projekts setzen wir uns daf\u00fcr ein, die Umweltbelastung so gering wie m\u00f6glich zu halten und jeden einzelnen Produktionsschritt kontinuierlich zu verbessern.<\/p>\n<\/div>\n\n\n\n<div class=\"wp-block-column is-layout-flow wp-block-column-is-layout-flow\">\n<h2 class=\"has-text-align-center wp-block-heading\">ERGEBNISSE:<\/h2>\n\n\n\n<div class=\"wp-block-columns is-layout-flex wp-container-core-columns-is-layout-9d6595d7 wp-block-columns-is-layout-flex\">\n<div class=\"wp-block-column is-layout-flow wp-block-column-is-layout-flow\">\n<div class=\"wp-block-image\"><figure class=\"aligncenter size-large is-resized\"><img loading=\"lazy\" decoding=\"async\" src=\"https:\/\/mutti-parma.com\/app\/uploads\/sites\/3\/2019\/09\/icon-sustainable-water.svg\" alt=\"\" class=\"wp-image-30000085\" width=\"53\" height=\"91\" \/><\/figure><\/div>\n\n\n\n<h4 class=\"has-text-align-center wp-block-heading\">MEHR ALS 1.000 MILLIONEN LITER WASSER WURDEN EINGESPART *<\/h4>\n\n\n\n<p class=\"has-text-align-center has-sm-font-size\">*zwischen 2012 und 2014 (Quelle: Datenerhebung durch CMCC, WWF und Mediterranean Climate Change Center in Italien)<\/p>\n<\/div>\n\n\n\n<div class=\"wp-block-column is-layout-flow wp-block-column-is-layout-flow\">\n<div class=\"wp-block-image\"><figure class=\"aligncenter size-large is-resized\"><img loading=\"lazy\" decoding=\"async\" src=\"https:\/\/mutti-parma.com\/app\/uploads\/sites\/3\/2019\/09\/icon-sustainable-co2.svg\" alt=\"\" class=\"wp-image-30000086\" width=\"114\" height=\"88\" \/><\/figure><\/div>\n\n\n\n<h4 class=\"has-text-align-center wp-block-heading\"><br>MEHR ALS 31.530 TONNEN CO2 (KOHLENDIOXID) WURDEN NICHT AUSGESTOSSEN* <\/h4>\n\n\n\n<p class=\"has-sm-font-size\">Zwischen 2010 und 2015 im vergleich zu 2009 (quelle: daten des italienischen wwf und der energieeffizienzgruppe officinae verdi)<\/p>\n<\/div>\n<\/div>\n<\/div>\n<\/div>\n<\/div><\/div>\n\n\n\n\n\n\n\n\n\n\n<div class=\"acf-related-recipes alignwide pb-8 \" data-vue-wrapper>\n      <slideshow :slides-per-view=\"3\" :navigation=\"true\" name=\"Related Recipes\">\n              <div class=\"swiper-slide\">\n          <div class=\"teaser--recipe text-center hover:zoom-img\">\n      <a href=\"https:\/\/mutti-parma.com\/de\/tomatenrezepte\/mini-pizza-artischocken-und-pecorino\/\" class=\"relative block mb-4 max-w-96 mx-auto\" aria-hidden=\"true\" tabindex=\"-1\">\n      <div class=\"responsive-embed \" style=\"padding-bottom: 108.79765395894%;\">\n                <img decoding=\"async\" width=\"798\" height=\"803\" src=\"https:\/\/mutti-parma.com\/app\/uploads\/sites\/15\/2021\/03\/screenshot-2021-03-23-at-14.24.07.jpg\" class=\"inline-block wp-image-5459\" alt=\"Mini pizza mit artischocken und pecorino\" sizes=\"auto, (max-width: 600px) 72vw, 431px\" data-spai-crop=\"true\" title=\"Mini pizza mit artischocken und pecorino\" srcset=\"https:\/\/mutti-parma.com\/app\/uploads\/sites\/15\/2021\/03\/screenshot-2021-03-23-at-14.24.07.jpg 798w, https:\/\/mutti-parma.com\/app\/uploads\/sites\/15\/2021\/03\/screenshot-2021-03-23-at-14.24.07-200x200.jpg 200w, https:\/\/mutti-parma.com\/app\/uploads\/sites\/15\/2021\/03\/screenshot-2021-03-23-at-14.24.07-497x500.jpg 497w, https:\/\/mutti-parma.com\/app\/uploads\/sites\/15\/2021\/03\/screenshot-2021-03-23-at-14.24.07-768x773.jpg 768w, https:\/\/mutti-parma.com\/app\/uploads\/sites\/15\/2021\/03\/screenshot-2021-03-23-at-14.24.07-150x151.jpg 150w, https:\/\/mutti-parma.com\/app\/uploads\/sites\/15\/2021\/03\/screenshot-2021-03-23-at-14.24.07-600x604.jpg 600w, https:\/\/mutti-parma.com\/app\/uploads\/sites\/15\/2021\/03\/screenshot-2021-03-23-at-14.24.07-50x50.jpg 50w\" loading=\"lazy\" \/>\n      <\/div>\n\n          <\/a>\n  \n  \n      <a class=\"is-style-cursive heading block text-primary leading-none\" href=\"https:\/\/mutti-parma.com\/de\/produkte\/pizzasauce\/\">\n      Italienische Pizzasauce\n    <\/a>\n  \n  <a class=\"block my-4\" href=\"https:\/\/mutti-parma.com\/de\/tomatenrezepte\/mini-pizza-artischocken-und-pecorino\/\">\n          <h3>Mini pizza mit artischocken und pecorino<\/h3>\n      <\/a>\n\n  \n  <div class=\"flex items-center justify-center my-4\">\n    <div class=\"-ml-2 mr-2 pr-4 border-primary  pt-2\">\n    <p class=\"flex flex-wrap items-end font-heavy text-primary leading-none justify-center\">\n      <img decoding=\"async\" alt=\"Total time\" class=\"w-10 md:w-12 mx-3 mb-2\" src=\"https:\/\/mutti-parma.com\/app\/themes\/mutti\/dist\/images\/icons\/mutti-product-icons-reduced-cooking-time.svg?id=dc737ade6befaad1eaaf\" width=\"54\" height=\"26\" loading=\"lazy\">\n      <span class=\"mb-2\">\n        55&nbsp;min\n      <\/span>\n    <\/p>\n  <\/div>\n  <\/div>\n<\/div>\n        <\/div>\n              <div class=\"swiper-slide\">\n          <div class=\"teaser--recipe text-center hover:zoom-img\">\n      <a href=\"https:\/\/mutti-parma.com\/de\/tomatenrezepte\/vegane-pizza\/\" class=\"relative block mb-4 max-w-96 mx-auto\" aria-hidden=\"true\" tabindex=\"-1\">\n      <div class=\"responsive-embed \" style=\"padding-bottom: 108.79765395894%;\">\n                <img decoding=\"async\" width=\"2000\" height=\"3000\" src=\"https:\/\/mutti-parma.com\/app\/uploads\/sites\/15\/2021\/02\/pizza-vegana0470.jpg\" class=\"inline-block wp-image-5323\" alt=\"Veganes pizza rezept mit mutti pizzasauce\" sizes=\"auto, (max-width: 600px) 72vw, 431px\" data-spai-crop=\"true\" title=\"Veganes pizza rezept mit mutti pizzasauce\" srcset=\"https:\/\/mutti-parma.com\/app\/uploads\/sites\/15\/2021\/02\/pizza-vegana0470.jpg 2000w, https:\/\/mutti-parma.com\/app\/uploads\/sites\/15\/2021\/02\/pizza-vegana0470-133x200.jpg 133w, https:\/\/mutti-parma.com\/app\/uploads\/sites\/15\/2021\/02\/pizza-vegana0470-333x500.jpg 333w, https:\/\/mutti-parma.com\/app\/uploads\/sites\/15\/2021\/02\/pizza-vegana0470-768x1152.jpg 768w, https:\/\/mutti-parma.com\/app\/uploads\/sites\/15\/2021\/02\/pizza-vegana0470-683x1024.jpg 683w, https:\/\/mutti-parma.com\/app\/uploads\/sites\/15\/2021\/02\/pizza-vegana0470-150x225.jpg 150w, https:\/\/mutti-parma.com\/app\/uploads\/sites\/15\/2021\/02\/pizza-vegana0470-600x900.jpg 600w\" loading=\"lazy\" \/>\n      <\/div>\n\n          <\/a>\n  \n  \n      <a class=\"is-style-cursive heading block text-primary leading-none\" href=\"https:\/\/mutti-parma.com\/de\/produkte\/pizzasauce\/\">\n      Italienische Pizzasauce\n    <\/a>\n  \n  <a class=\"block my-4\" href=\"https:\/\/mutti-parma.com\/de\/tomatenrezepte\/vegane-pizza\/\">\n          <h3>Veganes pizza rezept mit mutti pizzasauce<\/h3>\n      <\/a>\n\n  \n  <div class=\"flex items-center justify-center my-4\">\n    <div class=\"pt-2\">\n    <p class=\"flex flex-wrap items-end font-heavy uppercase text-primary leading-none justify-center\">\n      <img decoding=\"async\" alt=\"Difficulty\" class=\"w-10 md:w-12 mx-3 mb-2\" src=\"https:\/\/mutti-parma.com\/app\/themes\/mutti\/dist\/images\/icons\/mutti-product-icons-stove-top.svg?id=5f4b0df898a96e10ac63\" width=\"54\" height=\"18\" loading=\"lazy\">\n      <span class=\"mb-2\">\n        Einfach\n      <\/span>\n    <\/p>\n  <\/div>\n  <\/div>\n<\/div>\n        <\/div>\n          <\/slideshow>\n  \n  <hr class=\"alignwide wp-block-separator\">\n\n      <p class=\"text-center\">\n      <a class=\"h3 underline\" href=\"https:\/\/mutti-parma.com\/de\/tomatenrezepte\/\">Entdecken Sie alle unseren k\u00f6stlichen Rezepte<\/a>\n    <\/p>\n  <\/div>\n\n\n\n\n","protected":false},"excerpt":{"rendered":"","protected":false},"featured_media":3427,"comment_status":"open","ping_status":"closed","template":"","product_category":[69],"class_list":["post-226","product","type-product","status-publish","has-post-thumbnail","hentry","product_category-product-category-381"],"acf":[],"_links":{"self":[{"href":"https:\/\/mutti-parma.com\/de\/wp-json\/wp\/v2\/product\/226","targetHints":{"allow":["GET"]}}],"collection":[{"href":"https:\/\/mutti-parma.com\/de\/wp-json\/wp\/v2\/product"}],"about":[{"href":"https:\/\/mutti-parma.com\/de\/wp-json\/wp\/v2\/types\/product"}],"replies":[{"embeddable":true,"href":"https:\/\/mutti-parma.com\/de\/wp-json\/wp\/v2\/comments?post=226"}],"version-history":[{"count":15,"href":"https:\/\/mutti-parma.com\/de\/wp-json\/wp\/v2\/product\/226\/revisions"}],"predecessor-version":[{"id":6515,"href":"https:\/\/mutti-parma.com\/de\/wp-json\/wp\/v2\/product\/226\/revisions\/6515"}],"wp:featuredmedia":[{"embeddable":true,"href":"https:\/\/mutti-parma.com\/de\/wp-json\/wp\/v2\/media\/3427"}],"wp:attachment":[{"href":"https:\/\/mutti-parma.com\/de\/wp-json\/wp\/v2\/media?parent=226"}],"wp:term":[{"taxonomy":"product_category","embeddable":true,"href":"https:\/\/mutti-parma.com\/de\/wp-json\/wp\/v2\/product_category?post=226"}],"curies":[{"name":"wp","href":"https:\/\/api.w.org\/{rel}","templated":true}]}}