{"id":311,"date":"2019-10-29T07:15:23","date_gmt":"2019-10-29T07:15:23","guid":{"rendered":"https:\/\/mutti-parma.com\/de\/?post_type=product&#038;p=311"},"modified":"2023-06-09T07:00:43","modified_gmt":"2023-06-09T07:00:43","slug":"geschaelte-tomaten-bio","status":"publish","type":"product","link":"https:\/\/mutti-parma.com\/de\/produkte\/geschaelte-tomaten-bio\/","title":{"rendered":"Gesch\u00e4lte Bio-Tomaten"},"content":{"rendered":"\n<div style=\"--media-width: 50\" class=\"wp-block-media-text alignwide has-media-on-the-right is-stacked-on-mobile is-style-hero has-background-image\"><img loading=\"lazy\" decoding=\"async\" class=\"wp-block-media-text__background\" alt=\"\" data-spai-crop=\"true\" src=\"https:\/\/mutti-parma.com\/app\/uploads\/sites\/3\/2019\/09\/texture-banner-mutti-default-gradient.jpg\" \/><div class=\"wp-block-media-text__content\"><div class=\"acf-breadcrumb my-4 md:my-8 text-center md:text-left\">\n  <nav>\n  <ol class=\"list-none text-md\">\n                  <li class=\"inline\">\n                      <a class=\"text-inherit\" href=\"https:\/\/mutti-parma.com\/de\/\">\n              Mutti Parma Deutschland\n            <\/a>\n                                <span aria-hidden=\"true\">\/&nbsp;<\/span>\n                  <\/li>\n                        <li class=\"inline\">\n                      <a class=\"text-inherit\" href=\"https:\/\/mutti-parma.com\/de\/produkte\/\">\n              Products\n            <\/a>\n                            <\/li>\n            <\/ol>\n<\/nav>\n<\/div>\n\n\n\n<h1 class=\"wp-block-heading has-primary-color has-text-color\">Gesch\u00e4lte Bio-Tomaten<\/h1>\n\n\n\n<p class=\"is-style-cursive has-xxl-font-size\">BIO-Produkte<\/p>\n\n\n\n<p> Die Gesch\u00e4lte Tomaten BIO von Mutti werden im Hochsommer gepfl\u00fcckt und schonend unter Dampf gesch\u00e4lt, damit der Geschmack und das Aroma der frisch geernteten Tomaten erhalten bleiben. Fleischig und fest werden sie in eine cremige Sauce eingelegt. Die Gesch\u00e4lten Tomaten lassen sich beim Kochen besonders vielseitig einsetzen: sie eignen sich in ihrer Sauce, ganz, in St\u00fccke oder in Scheiben geschnitten f\u00fcr Rezepte mit langen und kurzen Kochzeiten. Traditionelle mediterrane Gerichte werden so von ihrer besten Seite pr\u00e4sentiert und zur Kr\u00f6nung eines jeden Sonntagsessens. Bei der Herstellung dieser Produkte verwendet Mutti italienische Tomaten, die aus 100%ig biologischem Anbau stammen. &nbsp;<\/p>\n\n\n\n\n<\/div><figure class=\"wp-block-media-text__media\"><img loading=\"lazy\" decoding=\"async\" width=\"757\" height=\"1024\" src=\"https:\/\/mutti-parma.com\/app\/uploads\/sites\/15\/2019\/10\/52072-pelati-bio-400g-germania-2023-5-757x1024.png\" alt=\"\" class=\"wp-image-6768 size-full\" sizes=\"(min-width: 1440px) 528px,37vw\" data-spai-crop=\"false\" srcset=\"https:\/\/mutti-parma.com\/app\/uploads\/sites\/15\/2019\/10\/52072-pelati-bio-400g-germania-2023-5-757x1024.png 757w, https:\/\/mutti-parma.com\/app\/uploads\/sites\/15\/2019\/10\/52072-pelati-bio-400g-germania-2023-5-370x500.png 370w, https:\/\/mutti-parma.com\/app\/uploads\/sites\/15\/2019\/10\/52072-pelati-bio-400g-germania-2023-5-148x200.png 148w, https:\/\/mutti-parma.com\/app\/uploads\/sites\/15\/2019\/10\/52072-pelati-bio-400g-germania-2023-5-768x1039.png 768w, https:\/\/mutti-parma.com\/app\/uploads\/sites\/15\/2019\/10\/52072-pelati-bio-400g-germania-2023-5-150x203.png 150w, https:\/\/mutti-parma.com\/app\/uploads\/sites\/15\/2019\/10\/52072-pelati-bio-400g-germania-2023-5-600x812.png 600w, https:\/\/mutti-parma.com\/app\/uploads\/sites\/15\/2019\/10\/52072-pelati-bio-400g-germania-2023-5.png 980w\" \/><\/figure><\/div>\n\n\n\n\n\n\n\n\n\n\n\n<hr class=\"wp-block-separator has-css-opacity alignwide\"\/>\n\n\n<div class=\"acf-comments alignwide my-8\">\n  <div class=\"flex flex-wrap mb-4 items-center text-center sm:text-left px-0 sm:px-2 md:px-0\">\n    <h3 class=\"w-full sm:w-auto is-style-cursive text-primary my-0 leading-none\">Share and review<\/h3>\n    <div class=\"w-full sm:w-auto flex-auto mt-1 sm:ml-8\">\n          <\/div>\n\n          <div class=\"mx-auto sm:ml-0 mt-3 sm:mt-0\">\n                  <div\n  class=\"shariff\"\n  data-button-style=\"icon\"\n  data-mail-body=\"https:\/\/mutti-parma.com\/de\/produkte\/geschaelte-tomaten-bio\/\"\n  data-mail-subject=\"Gesch\u00e4lte Bio-Tomaten - Mutti\"\n  data-mail-url=\"mailto:\"\n  data-media-url=\"https:\/\/mutti-parma.com\/app\/uploads\/sites\/15\/2019\/10\/52072-pelati-bio-400g-germania-2023-5.png\"\n  data-services=\"[&#039;facebook&#039;, &#039;twitter&#039;, &#039;whatsapp&#039;, &#039;pinterest&#039;, &#039;mail&#039;]\"\n><\/div>\n              <\/div>\n      <\/div>\n\n  <div>\n                <\/div>\n<\/div>\n\n\n\n<hr class=\"wp-block-separator has-css-opacity alignwide\"\/>\n\n\n\n<div class=\"wp-block-cover alignwide has-background-dim-80 has-darkred-background-color has-background-dim\" style=\"background-image:url(https:\/\/mutti-parma.com\/app\/uploads\/sites\/3\/2019\/09\/tomatoes.jpg)\"><div class=\"wp-block-cover__inner-container is-layout-flow wp-block-cover-is-layout-flow\">\n<div class=\"wp-block-columns alignwide is-layout-flex wp-container-core-columns-is-layout-9d6595d7 wp-block-columns-is-layout-flex\">\n<div class=\"wp-block-column is-layout-flow wp-block-column-is-layout-flow\">\n<h2 class=\"wp-block-heading\" id=\"sostenibilita\">NACHHALTIGKEIT<\/h2>\n\n\n\n<p class=\"is-style-cursive mb-0\">Nachhaltigkeit bedeutet f\u00fcr uns Respekt vor dem Land<\/p>\n\n\n\n<h4 class=\"wp-block-heading\">KOOPERATION MIT DEM WWF ITALIEN<\/h4>\n\n\n\n<p>Mutti arbeitet eng mit dem WWF in Italien zusammen, um die Landwirte dabei zu unterst\u00fctzen, ihren Wasserverbrauch und ihre CO2-Emissionen nachhaltig zu senken. Der italienische WWF setzt nicht nur Ziele, sondern erm\u00f6glicht den Bauern auch die Analyse und Validierung von verschiedenen Anbau- und Produktionsdaten, um diese zu optimieren. Beispielsweise empfahl die Organisation die Verwendung spezieller Sensoren, die den Feuchtigkeitsgehalt des Bodens erkennen und wertvolle Informationen f\u00fcr die effiziente Wassernutzung liefern. Mutti investierte in die daf\u00fcr notwendige Technologie sowie in die Ausbildung und technische Unterst\u00fctzung der Landwirte und anderer landwirtschaftlicher Organisationen. Auch nach Ablauf dieses f\u00fcnfj\u00e4hrigen Projekts setzen wir uns daf\u00fcr ein, die Umweltbelastung so gering wie m\u00f6glich zu halten und jeden einzelnen Produktionsschritt kontinuierlich zu verbessern.<\/p>\n<\/div>\n\n\n\n<div class=\"wp-block-column is-layout-flow wp-block-column-is-layout-flow\">\n<h2 class=\"has-text-align-center wp-block-heading\">ERGEBNISSE:<\/h2>\n\n\n\n<div class=\"wp-block-columns is-layout-flex wp-container-core-columns-is-layout-9d6595d7 wp-block-columns-is-layout-flex\">\n<div class=\"wp-block-column is-layout-flow wp-block-column-is-layout-flow\">\n<div class=\"wp-block-image\"><figure class=\"aligncenter size-large is-resized\"><img loading=\"lazy\" decoding=\"async\" src=\"https:\/\/mutti-parma.com\/app\/uploads\/sites\/3\/2019\/09\/icon-sustainable-water.svg\" alt=\"\" class=\"wp-image-30000085\" width=\"53\" height=\"91\" \/><\/figure><\/div>\n\n\n\n<h4 class=\"has-text-align-center wp-block-heading\">MEHR ALS 1.000 MILLIONEN LITER WASSER WURDEN EINGESPART *<\/h4>\n\n\n\n<p class=\"has-text-align-center has-sm-font-size\">*zwischen 2012 und 2014 (Quelle: Datenerhebung durch CMCC, WWF und Mediterranean Climate Change Center in Italien)<\/p>\n<\/div>\n\n\n\n<div class=\"wp-block-column is-layout-flow wp-block-column-is-layout-flow\">\n<div class=\"wp-block-image\"><figure class=\"aligncenter size-large is-resized\"><img loading=\"lazy\" decoding=\"async\" src=\"https:\/\/mutti-parma.com\/app\/uploads\/sites\/3\/2019\/09\/icon-sustainable-co2.svg\" alt=\"\" class=\"wp-image-30000086\" width=\"114\" height=\"88\" \/><\/figure><\/div>\n\n\n\n<h4 class=\"has-text-align-center wp-block-heading\"><br>MEHR ALS 31.530 TONNEN CO2 (KOHLENDIOXID) WURDEN NICHT AUSGESTOSSEN* <\/h4>\n\n\n\n<p class=\"has-sm-font-size\">Zwischen 2010 und 2015 im vergleich zu 2009 (quelle: daten des italienischen wwf und der energieeffizienzgruppe officinae verdi)<\/p>\n<\/div>\n<\/div>\n<\/div>\n<\/div>\n<\/div><\/div>\n\n\n\n\n\n\n\n\n\n\n\n\n<div class=\"acf-related-products mb-8 lg:mb-16 \" data-vue-wrapper>\n      <h3 class=\"text-center\">Verwandte Produkte<\/h3>\n  \n      <slideshow :slides-per-view=\"3\" :navigation=\"true\" class=\"mx-8 lg:-mx-12\" name=\"Related Products\">\n              <div class=\"swiper-slide\">\n          <div class=\"text-center hover:lift-img mx-auto max-w-28\">\n      <a href=\"https:\/\/mutti-parma.com\/de\/produkte\/tomaten-in-stuecken-bio\/\" class=\"block\">\n            <div class=\"responsive-embed is-contain\" style=\"padding-bottom: 188.23529411765%;\"><img decoding=\"async\" width=\"1007\" height=\"1310\" src=\"https:\/\/mutti-parma.com\/app\/uploads\/sites\/15\/2020\/01\/41082-polpapezzi-bio-400g-germania-2023.png\" class=\"inline-block mt-2 wp-image-6759\" alt=\"Bio-Tomaten in St\u00fccken\" sizes=\"auto, 126px\" data-spai-crop=\"false\" title=\"Bio-Tomaten in St\u00fccken\" srcset=\"https:\/\/mutti-parma.com\/app\/uploads\/sites\/15\/2020\/01\/41082-polpapezzi-bio-400g-germania-2023.png 1007w, https:\/\/mutti-parma.com\/app\/uploads\/sites\/15\/2020\/01\/41082-polpapezzi-bio-400g-germania-2023-384x500.png 384w, https:\/\/mutti-parma.com\/app\/uploads\/sites\/15\/2020\/01\/41082-polpapezzi-bio-400g-germania-2023-787x1024.png 787w, https:\/\/mutti-parma.com\/app\/uploads\/sites\/15\/2020\/01\/41082-polpapezzi-bio-400g-germania-2023-154x200.png 154w, https:\/\/mutti-parma.com\/app\/uploads\/sites\/15\/2020\/01\/41082-polpapezzi-bio-400g-germania-2023-768x999.png 768w, https:\/\/mutti-parma.com\/app\/uploads\/sites\/15\/2020\/01\/41082-polpapezzi-bio-400g-germania-2023-150x195.png 150w, https:\/\/mutti-parma.com\/app\/uploads\/sites\/15\/2020\/01\/41082-polpapezzi-bio-400g-germania-2023-600x781.png 600w\" loading=\"lazy\" \/><\/div>\n    <\/a>\n  \n  <a class=\"block underline mb-2 mt-2\" href=\"https:\/\/mutti-parma.com\/de\/produkte\/tomaten-in-stuecken-bio\/\">\n    <h3 class=\"h4\">Bio-Tomaten in St\u00fccken<\/h3>\n  <\/a>\n\n      <a class=\"block hover:no-underline text-inherit\" href=\"https:\/\/mutti-parma.com\/de\/produkte\/tomaten-in-stuecken-bio\/\">\n      BIO-Produkte\n    <\/a>\n  <\/div>\n        <\/div>\n              <div class=\"swiper-slide\">\n          <div class=\"text-center hover:lift-img mx-auto max-w-28\">\n      <a href=\"https:\/\/mutti-parma.com\/de\/produkte\/passierte-tomaten-bio\/\" class=\"block\">\n            <div class=\"responsive-embed is-contain\" style=\"padding-bottom: 188.23529411765%;\"><img decoding=\"async\" width=\"626\" height=\"1762\" src=\"https:\/\/mutti-parma.com\/app\/uploads\/sites\/15\/2020\/02\/63051-passata-bio-ger.png\" class=\"inline-block mt-2 wp-image-6770\" alt=\"Passierte Bio-Tomaten\" sizes=\"auto, 126px\" data-spai-crop=\"false\" title=\"Passierte Bio-Tomaten\" srcset=\"https:\/\/mutti-parma.com\/app\/uploads\/sites\/15\/2020\/02\/63051-passata-bio-ger.png 626w, https:\/\/mutti-parma.com\/app\/uploads\/sites\/15\/2020\/02\/63051-passata-bio-ger-178x500.png 178w, https:\/\/mutti-parma.com\/app\/uploads\/sites\/15\/2020\/02\/63051-passata-bio-ger-364x1024.png 364w, https:\/\/mutti-parma.com\/app\/uploads\/sites\/15\/2020\/02\/63051-passata-bio-ger-71x200.png 71w, https:\/\/mutti-parma.com\/app\/uploads\/sites\/15\/2020\/02\/63051-passata-bio-ger-150x422.png 150w, https:\/\/mutti-parma.com\/app\/uploads\/sites\/15\/2020\/02\/63051-passata-bio-ger-600x1689.png 600w, https:\/\/mutti-parma.com\/app\/uploads\/sites\/15\/2020\/02\/63051-passata-bio-ger-546x1536.png 546w\" loading=\"lazy\" \/><\/div>\n    <\/a>\n  \n  <a class=\"block underline mb-2 mt-2\" href=\"https:\/\/mutti-parma.com\/de\/produkte\/passierte-tomaten-bio\/\">\n    <h3 class=\"h4\">Passierte Bio-Tomaten<\/h3>\n  <\/a>\n\n      <a class=\"block hover:no-underline text-inherit\" href=\"https:\/\/mutti-parma.com\/de\/produkte\/passierte-tomaten-bio\/\">\n      BIO-Produkte\n    <\/a>\n  <\/div>\n        <\/div>\n          <\/slideshow>\n  <\/div>\n\n\n","protected":false},"excerpt":{"rendered":"","protected":false},"featured_media":6768,"comment_status":"open","ping_status":"closed","template":"","product_category":[779],"class_list":["post-311","product","type-product","status-publish","has-post-thumbnail","hentry","product_category-product-category-1559"],"acf":[],"_links":{"self":[{"href":"https:\/\/mutti-parma.com\/de\/wp-json\/wp\/v2\/product\/311","targetHints":{"allow":["GET"]}}],"collection":[{"href":"https:\/\/mutti-parma.com\/de\/wp-json\/wp\/v2\/product"}],"about":[{"href":"https:\/\/mutti-parma.com\/de\/wp-json\/wp\/v2\/types\/product"}],"replies":[{"embeddable":true,"href":"https:\/\/mutti-parma.com\/de\/wp-json\/wp\/v2\/comments?post=311"}],"version-history":[{"count":19,"href":"https:\/\/mutti-parma.com\/de\/wp-json\/wp\/v2\/product\/311\/revisions"}],"predecessor-version":[{"id":6769,"href":"https:\/\/mutti-parma.com\/de\/wp-json\/wp\/v2\/product\/311\/revisions\/6769"}],"wp:featuredmedia":[{"embeddable":true,"href":"https:\/\/mutti-parma.com\/de\/wp-json\/wp\/v2\/media\/6768"}],"wp:attachment":[{"href":"https:\/\/mutti-parma.com\/de\/wp-json\/wp\/v2\/media?parent=311"}],"wp:term":[{"taxonomy":"product_category","embeddable":true,"href":"https:\/\/mutti-parma.com\/de\/wp-json\/wp\/v2\/product_category?post=311"}],"curies":[{"name":"wp","href":"https:\/\/api.w.org\/{rel}","templated":true}]}}