{"id":3293,"date":"2020-07-08T07:56:37","date_gmt":"2020-07-08T07:56:37","guid":{"rendered":"https:\/\/mutti-parma.com\/de\/?post_type=product&#038;p=3293"},"modified":"2023-03-21T10:24:09","modified_gmt":"2023-03-21T10:24:09","slug":"passata-di-puglia","status":"publish","type":"product","link":"https:\/\/mutti-parma.com\/de\/produkte\/passata-di-puglia\/","title":{"rendered":"Apulisches Tomatenpassata"},"content":{"rendered":"\n<div style=\"--media-width: 50\" class=\"wp-block-media-text alignwide has-media-on-the-right is-stacked-on-mobile is-style-hero has-background-image\"><img loading=\"lazy\" decoding=\"async\" class=\"wp-block-media-text__background\" alt=\"\" data-spai-crop=\"true\" src=\"https:\/\/mutti-parma.com\/app\/uploads\/sites\/3\/2019\/09\/texture-banner-mutti-passata.jpg\" \/><figure class=\"wp-block-media-text__media\"><img loading=\"lazy\" decoding=\"async\" width=\"411\" height=\"1024\" src=\"https:\/\/mutti-parma.com\/app\/uploads\/sites\/15\/2020\/07\/passata-puglia-400-g-411x1024-1-411x1024.png\" alt=\"passierte tomaten roma tomaten passata di puglia\" class=\"wp-image-3357\" sizes=\"(min-width: 1440px) 528px,37vw\" data-spai-crop=\"false\" srcset=\"https:\/\/mutti-parma.com\/app\/uploads\/sites\/15\/2020\/07\/passata-puglia-400-g-411x1024-1.png 411w, https:\/\/mutti-parma.com\/app\/uploads\/sites\/15\/2020\/07\/passata-puglia-400-g-411x1024-1-80x200.png 80w, https:\/\/mutti-parma.com\/app\/uploads\/sites\/15\/2020\/07\/passata-puglia-400-g-411x1024-1-201x500.png 201w, https:\/\/mutti-parma.com\/app\/uploads\/sites\/15\/2020\/07\/passata-puglia-400-g-411x1024-1-150x374.png 150w\" \/><\/figure><div class=\"wp-block-media-text__content\"><div class=\"acf-breadcrumb my-4 md:my-8 text-center md:text-left\">\n  <nav>\n  <ol class=\"list-none text-md\">\n                  <li class=\"inline\">\n                      <a class=\"text-inherit\" href=\"https:\/\/mutti-parma.com\/de\/\">\n              Mutti Parma Deutschland\n            <\/a>\n                                <span aria-hidden=\"true\">\/&nbsp;<\/span>\n                  <\/li>\n                        <li class=\"inline\">\n                      <a class=\"text-inherit\" href=\"https:\/\/mutti-parma.com\/de\/produkte\/\">\n              Products\n            <\/a>\n                            <\/li>\n            <\/ol>\n<\/nav>\n<\/div>\n\n\n\n<h1 class=\"has-primary-color wp-block-heading\">Apulisches Tomatenpassata<\/h1>\n\n\n\n<p class=\"has-xxl-font-size is-style-cursive\">Die regionale Passata<\/p>\n\n\n\n<p> Die hervorragenden Qualit\u00e4tsmerkmale der \u201ePassata di Puglia\u201c sind auf die verwendete Tomatensorte zur\u00fcckzuf\u00fchren: Die Roma-Tomaten mit der typisch l\u00e4nglichen Form wachsen im S\u00fcden Italiens, in der weiten Ebene n\u00f6rdlich der Region Apulien. <br>Die Passata di Puglia Mutti hat einen reichen Geschmack, eine fleischige Konsistenz und eine intensive rote Farbe. Sie besteht aus den rotesten und reifsten Tomaten, die im Hochsommer geerntet werden.<br><\/p>\n\n\n\n\n<div class=\"acf-characteristics\">\n  <div class=\"flex flex-wrap -m-2 justify-center sm:justify-between\">\n          <div class=\"m-2 w-24 text-center\">\n        <div style=\"height: 41px; width: 80px;\" class=\"mx-auto flex items-end justify-center mx-auto\">\n                      <img decoding=\"async\" width=\"295\" height=\"80\" src=\"https:\/\/mutti-parma.com\/app\/uploads\/sites\/3\/2019\/09\/icon-characteristics-color-intense-red.svg\" class=\"w-full wp-image-300000114 attachment-full size-full\" alt=\"cooking sketch\" style=\"max-height: 43px; max-width: 80px;\" loading=\"lazy\" \/>\n                  <\/div>\n        <p class=\"h6 text-inherit mt-3\">Intensiv rote farbe<\/p>\n      <\/div>\n          <div class=\"m-2 w-24 text-center\">\n        <div style=\"height: 41px; width: 80px;\" class=\"mx-auto flex items-end justify-center mx-auto\">\n                      <img decoding=\"async\" width=\"386\" height=\"195\" src=\"https:\/\/mutti-parma.com\/app\/uploads\/sites\/15\/2020\/07\/corr-mutti-icone-passate-regionali-tr-reich.svg\" class=\"w-full wp-image-3494\" alt=\"reich\" style=\"max-height: 43px; max-width: 80px;\" loading=\"lazy\" \/>\n                  <\/div>\n        <p class=\"h6 text-inherit mt-3\">Reicher Geschmack<\/p>\n      <\/div>\n          <div class=\"m-2 w-24 text-center\">\n        <div style=\"height: 41px; width: 80px;\" class=\"mx-auto flex items-end justify-center mx-auto\">\n                      <img decoding=\"async\" width=\"422\" height=\"327\" src=\"https:\/\/mutti-parma.com\/app\/uploads\/sites\/15\/2020\/07\/corr-mutti-icone-passate-regionali-tr-bowl.svg\" class=\"w-full wp-image-3492\" alt=\"Symbol f\u00fcr Tomaten\" style=\"max-height: 43px; max-width: 80px;\" loading=\"lazy\" \/>\n                  <\/div>\n        <p class=\"h6 text-inherit mt-3\">Rustikale textur<\/p>\n      <\/div>\n      <\/div>\n<\/div>\n<\/div><\/div>\n\n\n\n\n\n<div class=\"wp-block-media-text alignwide\" style=\"grid-template-columns:32% auto\"><figure class=\"wp-block-media-text__media\"><video\n  \n  autoplay\n  playsinline\n  muted\n  loop\n  loading=\"lazy\"\n  \n  \n  \n\n  \n      poster=\"https:\/\/mutti-parma.com\/app\/uploads\/sites\/3\/2019\/10\/product-consistency-passata-image.jpg\"\n  >\n            <source src=\"https:\/\/cdn.mutti-parma.com\/app\/uploads\/sites\/3\/2019\/10\/product-consistency-passata.mp4\" type=\"video\/mp4\">\n      <\/video>\n\n<\/figure><div class=\"wp-block-media-text__content\">\n<h2 class=\"wp-block-heading\">ERFAHREN SIE MEHR \u00dcBER PASSATA<\/h2>\n\n\n\n<p class=\"has-xxl-font-size is-style-cursive\">Wenn Sie etwas S\u00fc\u00dfes und Sanftes suchen.<\/p>\n\n\n\n<p>Tomaten in St\u00fccken, Passierte Tomaten, Tomatenmark und Gesch\u00e4lte Tomaten: Das sind die Unentbehrlichen von Mutti. Aufgrund der Unterschiede in Farbe, Geschmack und Konsistenz hat jedes dieser Produkte einen ganz eigenen Charakter. Die Passierte Tomaten zeichnen sich durch eine leuchtend rote Farbe, eine s\u00e4mige Konsistenz und einen au\u00dfergew\u00f6hnlich s\u00fc\u00dfen Geschmack aus.<\/p>\n\n\n<\/div><\/div>\n\n\n<div\n  class=\"acf-how-is-it-made alignwide text-center \"\n  data-vue-wrapper\n  >\n      <h2>Wie wird es hergestellt?<\/h2>\n  \n  <slideshow :slides-per-view=\"3\" :slides-per-view-sm=\"1\" :slides-per-view-md=\"2\" name=\"How is it made\" class=\"mb-8\">\n      <\/slideshow>\n\n      <p class=\"is-style-cursive text-5xl\">M\u00f6chten Sie mehr \u00fcber unsere Produktionsprozesse erfahren?\r\n<\/p>\n  \n      <h3>Bitte lesen sie mehr \u00fbber unsere Tomaten<\/h3>\n  <\/div>\n\n\n\n\n\n\n\n<hr class=\"wp-block-separator alignwide\"\/>\n\n\n<div class=\"acf-comments alignwide my-8\">\n  <div class=\"flex flex-wrap mb-4 items-center text-center sm:text-left px-0 sm:px-2 md:px-0\">\n    <h3 class=\"w-full sm:w-auto is-style-cursive text-primary my-0 leading-none\">Share and review<\/h3>\n    <div class=\"w-full sm:w-auto flex-auto mt-1 sm:ml-8\">\n          <\/div>\n\n          <div class=\"mx-auto sm:ml-0 mt-3 sm:mt-0\">\n                  <div\n  class=\"shariff\"\n  data-button-style=\"icon\"\n  data-mail-body=\"https:\/\/mutti-parma.com\/de\/produkte\/passata-di-puglia\/\"\n  data-mail-subject=\"Apulisches Tomatenpassata - Mutti\"\n  data-mail-url=\"mailto:\"\n  data-media-url=\"https:\/\/mutti-parma.com\/app\/uploads\/sites\/15\/2020\/07\/passata-puglia-400-g-411x1024-1.png\"\n  data-services=\"[&#039;facebook&#039;, &#039;twitter&#039;, &#039;whatsapp&#039;, &#039;pinterest&#039;, &#039;mail&#039;]\"\n><\/div>\n              <\/div>\n      <\/div>\n\n  <div>\n                <\/div>\n<\/div>\n\n\n\n<hr class=\"wp-block-separator alignwide\"\/>\n\n\n\n<div class=\"wp-block-cover alignwide has-background-dim-80 has-darkred-background-color has-background-dim\" style=\"background-image:url(https:\/\/mutti-parma.com\/app\/uploads\/sites\/3\/2019\/09\/tomatoes.jpg)\"><div class=\"wp-block-cover__inner-container is-layout-flow wp-block-cover-is-layout-flow\">\n<div class=\"wp-block-columns alignwide is-layout-flex wp-container-core-columns-is-layout-9d6595d7 wp-block-columns-is-layout-flex\">\n<div class=\"wp-block-column is-layout-flow wp-block-column-is-layout-flow\">\n<h2 class=\"wp-block-heading\" id=\"sostenibilita\">NACHHALTIGKEIT<\/h2>\n\n\n\n<p class=\"is-style-cursive mb-0\">Nachhaltigkeit bedeutet f\u00fcr uns Respekt vor dem Land<\/p>\n\n\n\n<h4 class=\"wp-block-heading\">KOOPERATION MIT DEM WWF ITALIEN<\/h4>\n\n\n\n<p>Mutti arbeitet eng mit dem WWF in Italien zusammen, um die Landwirte dabei zu unterst\u00fctzen, ihren Wasserverbrauch und ihre CO2-Emissionen nachhaltig zu senken. Der italienische WWF setzt nicht nur Ziele, sondern erm\u00f6glicht den Bauern auch die Analyse und Validierung von verschiedenen Anbau- und Produktionsdaten, um diese zu optimieren. Beispielsweise empfahl die Organisation die Verwendung spezieller Sensoren, die den Feuchtigkeitsgehalt des Bodens erkennen und wertvolle Informationen f\u00fcr die effiziente Wassernutzung liefern. Mutti investierte in die daf\u00fcr notwendige Technologie sowie in die Ausbildung und technische Unterst\u00fctzung der Landwirte und anderer landwirtschaftlicher Organisationen. Auch nach Ablauf dieses f\u00fcnfj\u00e4hrigen Projekts setzen wir uns daf\u00fcr ein, die Umweltbelastung so gering wie m\u00f6glich zu halten und jeden einzelnen Produktionsschritt kontinuierlich zu verbessern.<\/p>\n<\/div>\n\n\n\n<div class=\"wp-block-column is-layout-flow wp-block-column-is-layout-flow\">\n<h2 class=\"has-text-align-center wp-block-heading\">ERGEBNISSE:<\/h2>\n\n\n\n<div class=\"wp-block-columns is-layout-flex wp-container-core-columns-is-layout-9d6595d7 wp-block-columns-is-layout-flex\">\n<div class=\"wp-block-column is-layout-flow wp-block-column-is-layout-flow\">\n<div class=\"wp-block-image\"><figure class=\"aligncenter size-large is-resized\"><img loading=\"lazy\" decoding=\"async\" src=\"https:\/\/mutti-parma.com\/app\/uploads\/sites\/3\/2019\/09\/icon-sustainable-water.svg\" alt=\"\" class=\"wp-image-30000085\" width=\"53\" height=\"91\" \/><\/figure><\/div>\n\n\n\n<h4 class=\"has-text-align-center wp-block-heading\">MEHR ALS 1.000 MILLIONEN LITER WASSER WURDEN EINGESPART *<\/h4>\n\n\n\n<p class=\"has-text-align-center has-sm-font-size\">*zwischen 2012 und 2014 (Quelle: Datenerhebung durch CMCC, WWF und Mediterranean Climate Change Center in Italien)<\/p>\n<\/div>\n\n\n\n<div class=\"wp-block-column is-layout-flow wp-block-column-is-layout-flow\">\n<div class=\"wp-block-image\"><figure class=\"aligncenter size-large is-resized\"><img loading=\"lazy\" decoding=\"async\" src=\"https:\/\/mutti-parma.com\/app\/uploads\/sites\/3\/2019\/09\/icon-sustainable-co2.svg\" alt=\"\" class=\"wp-image-30000086\" width=\"114\" height=\"88\" \/><\/figure><\/div>\n\n\n\n<h4 class=\"has-text-align-center wp-block-heading\"><br>MEHR ALS 31.530 TONNEN CO2 (KOHLENDIOXID) WURDEN NICHT AUSGESTOSSEN* <\/h4>\n\n\n\n<p class=\"has-sm-font-size\">Zwischen 2010 und 2015 im vergleich zu 2009 (quelle: daten des italienischen wwf und der energieeffizienzgruppe officinae verdi)<\/p>\n<\/div>\n<\/div>\n<\/div>\n<\/div>\n<\/div><\/div>\n\n\n\n\n\n\n\n\n\n\n<div class=\"acf-related-recipes alignwide pb-8 \" data-vue-wrapper>\n      <slideshow :slides-per-view=\"3\" :navigation=\"true\" name=\"Related Recipes\">\n              <div class=\"swiper-slide\">\n          <div class=\"teaser--recipe text-center hover:zoom-img\">\n      <a href=\"https:\/\/mutti-parma.com\/de\/tomatenrezepte\/fleischbaellchen-in-tomatensauce\/\" class=\"relative block mb-4 max-w-96 mx-auto\" aria-hidden=\"true\" tabindex=\"-1\">\n      <div class=\"responsive-embed \" style=\"padding-bottom: 108.79765395894%;\">\n                <img decoding=\"async\" width=\"1206\" height=\"803\" src=\"https:\/\/mutti-parma.com\/app\/uploads\/sites\/15\/2021\/03\/screenshot-2021-03-23-at-14.26.26.jpg\" class=\"inline-block wp-image-5463\" alt=\"Fleischb\u00e4llchen in tomatensauce\" sizes=\"auto, (max-width: 600px) 72vw, 431px\" data-spai-crop=\"true\" title=\"Fleischb\u00e4llchen in tomatensauce\" srcset=\"https:\/\/mutti-parma.com\/app\/uploads\/sites\/15\/2021\/03\/screenshot-2021-03-23-at-14.26.26.jpg 1206w, https:\/\/mutti-parma.com\/app\/uploads\/sites\/15\/2021\/03\/screenshot-2021-03-23-at-14.26.26-200x133.jpg 200w, https:\/\/mutti-parma.com\/app\/uploads\/sites\/15\/2021\/03\/screenshot-2021-03-23-at-14.26.26-500x333.jpg 500w, https:\/\/mutti-parma.com\/app\/uploads\/sites\/15\/2021\/03\/screenshot-2021-03-23-at-14.26.26-768x511.jpg 768w, https:\/\/mutti-parma.com\/app\/uploads\/sites\/15\/2021\/03\/screenshot-2021-03-23-at-14.26.26-1024x682.jpg 1024w, https:\/\/mutti-parma.com\/app\/uploads\/sites\/15\/2021\/03\/screenshot-2021-03-23-at-14.26.26-150x100.jpg 150w, https:\/\/mutti-parma.com\/app\/uploads\/sites\/15\/2021\/03\/screenshot-2021-03-23-at-14.26.26-600x400.jpg 600w\" loading=\"lazy\" \/>\n      <\/div>\n\n          <\/a>\n  \n  \n      <a class=\"is-style-cursive heading block text-primary leading-none\" href=\"https:\/\/mutti-parma.com\/de\/produkte\/passata-di-puglia\/\">\n      Apulisches Tomatenpassata\n    <\/a>\n  \n  <a class=\"block my-4\" href=\"https:\/\/mutti-parma.com\/de\/tomatenrezepte\/fleischbaellchen-in-tomatensauce\/\">\n          <h3>Fleischb\u00e4llchen in tomatensauce<\/h3>\n      <\/a>\n\n      <a class=\"block hover:no-underline text-black\" href=\"https:\/\/mutti-parma.com\/de\/tomatenrezepte\/fleischbaellchen-in-tomatensauce\/\">\n      Ein typisches Rezept Apuliens, das von Generation zu Generation weitergegeben wird, sind Fleischb\u00e4llchen mit Tomatensauce! Dank unserer Passata Regionale di Puglia kannst du sie jetzt wie die Italiener zubereiten.\n    <\/a>\n  \n  <div class=\"flex items-center justify-center my-4\">\n    <div class=\"-ml-2 mr-2 pr-4 border-primary border-r-2 pt-2\">\n    <p class=\"flex flex-wrap items-end font-heavy text-primary leading-none justify-center\">\n      <img decoding=\"async\" alt=\"Total time\" class=\"w-10 md:w-12 mx-3 mb-2\" src=\"https:\/\/mutti-parma.com\/app\/themes\/mutti\/dist\/images\/icons\/mutti-product-icons-reduced-cooking-time.svg?id=dc737ade6befaad1eaaf\" width=\"54\" height=\"26\" loading=\"lazy\">\n      <span class=\"mb-2\">\n        55&nbsp;min\n      <\/span>\n    <\/p>\n  <\/div>\n  <div class=\"pt-2\">\n    <p class=\"flex flex-wrap items-end font-heavy uppercase text-primary leading-none justify-center\">\n      <img decoding=\"async\" alt=\"Difficulty\" class=\"w-10 md:w-12 mx-3 mb-2\" src=\"https:\/\/mutti-parma.com\/app\/themes\/mutti\/dist\/images\/icons\/mutti-product-icons-stove-top.svg?id=5f4b0df898a96e10ac63\" width=\"54\" height=\"18\" loading=\"lazy\">\n      <span class=\"mb-2\">\n        Einfach\n      <\/span>\n    <\/p>\n  <\/div>\n  <\/div>\n<\/div>\n        <\/div>\n          <\/slideshow>\n  \n  <hr class=\"alignwide wp-block-separator\">\n\n      <p class=\"text-center\">\n      <a class=\"h3 underline\" href=\"https:\/\/mutti-parma.com\/de\/tomatenrezepte\/\">Entdecken Sie alle unseren k\u00f6stlichen Rezepte<\/a>\n    <\/p>\n  <\/div>\n\n\n<div class=\"acf-related-products mb-8 lg:mb-16 \" data-vue-wrapper>\n      <h3 class=\"text-center\">Verwandte Produkte<\/h3>\n  \n      <slideshow :slides-per-view=\"3\" :navigation=\"true\" class=\"mx-8 lg:-mx-12\" name=\"Related Products\">\n              <div class=\"swiper-slide\">\n          <div class=\"text-center hover:lift-img mx-auto max-w-28\">\n      <a href=\"https:\/\/mutti-parma.com\/de\/produkte\/passata-di-toscana\/\" class=\"block\">\n            <div class=\"responsive-embed is-contain\" style=\"padding-bottom: 188.23529411765%;\"><img decoding=\"async\" width=\"411\" height=\"1024\" src=\"https:\/\/mutti-parma.com\/app\/uploads\/sites\/15\/2020\/07\/63966-passata-toscana-400-g-deu-411x1024.png\" class=\"inline-block mt-2 wp-image-3353\" alt=\"Toskanische Tomatenpassata\" sizes=\"auto, 126px\" data-spai-crop=\"false\" title=\"Toskanische Tomatenpassata\" srcset=\"https:\/\/mutti-parma.com\/app\/uploads\/sites\/15\/2020\/07\/63966-passata-toscana-400-g-deu-411x1024.png 411w, https:\/\/mutti-parma.com\/app\/uploads\/sites\/15\/2020\/07\/63966-passata-toscana-400-g-deu-411x1024-80x200.png 80w, https:\/\/mutti-parma.com\/app\/uploads\/sites\/15\/2020\/07\/63966-passata-toscana-400-g-deu-411x1024-201x500.png 201w, https:\/\/mutti-parma.com\/app\/uploads\/sites\/15\/2020\/07\/63966-passata-toscana-400-g-deu-411x1024-150x374.png 150w\" loading=\"lazy\" \/><\/div>\n    <\/a>\n  \n  <a class=\"block underline mb-2 mt-2\" href=\"https:\/\/mutti-parma.com\/de\/produkte\/passata-di-toscana\/\">\n    <h3 class=\"h4\">Toskanische Tomatenpassata<\/h3>\n  <\/a>\n\n      <a class=\"block hover:no-underline text-inherit\" href=\"https:\/\/mutti-parma.com\/de\/produkte\/passata-di-toscana\/\">\n      Die regionale Passata\n    <\/a>\n  <\/div>\n        <\/div>\n              <div class=\"swiper-slide\">\n          <div class=\"text-center hover:lift-img mx-auto max-w-28\">\n      <a href=\"https:\/\/mutti-parma.com\/de\/produkte\/passata-di-emilia\/\" class=\"block\">\n            <div class=\"responsive-embed is-contain\" style=\"padding-bottom: 188.23529411765%;\"><img decoding=\"async\" width=\"411\" height=\"1024\" src=\"https:\/\/mutti-parma.com\/app\/uploads\/sites\/15\/2020\/07\/passata-emilia-400-g-411x1024.png\" class=\"inline-block mt-2 wp-image-3355\" alt=\"Emilianische Tomatenpassata\" sizes=\"auto, 126px\" data-spai-crop=\"false\" title=\"Emilianische Tomatenpassata\" srcset=\"https:\/\/mutti-parma.com\/app\/uploads\/sites\/15\/2020\/07\/passata-emilia-400-g-411x1024.png 411w, https:\/\/mutti-parma.com\/app\/uploads\/sites\/15\/2020\/07\/passata-emilia-400-g-411x1024-80x200.png 80w, https:\/\/mutti-parma.com\/app\/uploads\/sites\/15\/2020\/07\/passata-emilia-400-g-411x1024-201x500.png 201w, https:\/\/mutti-parma.com\/app\/uploads\/sites\/15\/2020\/07\/passata-emilia-400-g-411x1024-150x374.png 150w\" loading=\"lazy\" \/><\/div>\n    <\/a>\n  \n  <a class=\"block underline mb-2 mt-2\" href=\"https:\/\/mutti-parma.com\/de\/produkte\/passata-di-emilia\/\">\n    <h3 class=\"h4\">Emilianische Tomatenpassata<\/h3>\n  <\/a>\n\n      <a class=\"block hover:no-underline text-inherit\" href=\"https:\/\/mutti-parma.com\/de\/produkte\/passata-di-emilia\/\">\n      Die regionale Passata\n    <\/a>\n  <\/div>\n        <\/div>\n          <\/slideshow>\n  <\/div>\n\n\n","protected":false},"excerpt":{"rendered":"","protected":false},"featured_media":3357,"comment_status":"open","ping_status":"closed","template":"","product_category":[886],"class_list":["post-3293","product","type-product","status-publish","has-post-thumbnail","hentry","product_category-product-category-3281"],"acf":[],"_links":{"self":[{"href":"https:\/\/mutti-parma.com\/de\/wp-json\/wp\/v2\/product\/3293","targetHints":{"allow":["GET"]}}],"collection":[{"href":"https:\/\/mutti-parma.com\/de\/wp-json\/wp\/v2\/product"}],"about":[{"href":"https:\/\/mutti-parma.com\/de\/wp-json\/wp\/v2\/types\/product"}],"replies":[{"embeddable":true,"href":"https:\/\/mutti-parma.com\/de\/wp-json\/wp\/v2\/comments?post=3293"}],"version-history":[{"count":24,"href":"https:\/\/mutti-parma.com\/de\/wp-json\/wp\/v2\/product\/3293\/revisions"}],"predecessor-version":[{"id":6510,"href":"https:\/\/mutti-parma.com\/de\/wp-json\/wp\/v2\/product\/3293\/revisions\/6510"}],"wp:featuredmedia":[{"embeddable":true,"href":"https:\/\/mutti-parma.com\/de\/wp-json\/wp\/v2\/media\/3357"}],"wp:attachment":[{"href":"https:\/\/mutti-parma.com\/de\/wp-json\/wp\/v2\/media?parent=3293"}],"wp:term":[{"taxonomy":"product_category","embeddable":true,"href":"https:\/\/mutti-parma.com\/de\/wp-json\/wp\/v2\/product_category?post=3293"}],"curies":[{"name":"wp","href":"https:\/\/api.w.org\/{rel}","templated":true}]}}