{"id":6783,"date":"2023-06-14T12:57:49","date_gmt":"2023-06-14T12:57:49","guid":{"rendered":"https:\/\/mutti-parma.com\/de\/?post_type=product&#038;p=6783"},"modified":"2024-10-23T08:36:37","modified_gmt":"2024-10-23T08:36:37","slug":"vegane-bolognese","status":"publish","type":"product","link":"https:\/\/mutti-parma.com\/de\/produkte\/vegane-bolognese\/","title":{"rendered":"Vegane Bolognese"},"content":{"rendered":"\n<div style=\"--media-width: 50\" class=\"wp-block-media-text alignwide has-media-on-the-right is-stacked-on-mobile is-style-hero has-background-image\"><img loading=\"lazy\" decoding=\"async\" class=\"wp-block-media-text__background\" alt=\"\" data-spai-crop=\"true\" src=\"https:\/\/mutti-parma.com\/app\/uploads\/sites\/3\/2019\/09\/texture-banner-mutti-default-gradient.jpg\" \/><div class=\"wp-block-media-text__content\"><div class=\"acf-breadcrumb my-4 md:my-8 text-center md:text-left\">\n  <nav>\n  <ol class=\"list-none text-md\">\n                  <li class=\"inline\">\n                      <a class=\"text-inherit\" href=\"https:\/\/mutti-parma.com\/de\/\">\n              Mutti Parma Deutschland\n            <\/a>\n                                <span aria-hidden=\"true\">\/&nbsp;<\/span>\n                  <\/li>\n                        <li class=\"inline\">\n                      <a class=\"text-inherit\" href=\"https:\/\/mutti-parma.com\/de\/produkte\/\">\n              Products\n            <\/a>\n                            <\/li>\n            <\/ol>\n<\/nav>\n<\/div>\n\n\n\n<h1 class=\"wp-block-heading has-primary-color has-text-color\">Vegane Bolognese<\/h1>\n\n\n\n<p class=\"is-style-cursive has-xxl-font-size\">Pasta Saucen<\/p>\n\n\n\n<p class=\"has-text-align-left\">Mutti Vegane Bolognese bietet das gleiche Geschmackserlebnis<br>und die gleiche Konsistenz wie Rag\u00f9, jedoch mit 100 % pflanzlichen<br>Zutaten: sautierte Karotten und Zwiebeln, gelbe Erbsen, die<br>reichhaltig an Eiwei\u00df sind und das ganze Aroma der frischen<br>Mutti-Tomaten. Eine neue Art, Bolognese zu genie\u00dfen: 100%<br>pflanzlich, schmackhaft, vollmundig und eine Proteinquelle.<\/p>\n\n\n\n\n\n\n<div class=\"acf-product-find-store\">\n  <\/div>\n<\/div><figure class=\"wp-block-media-text__media\"><img loading=\"lazy\" decoding=\"async\" width=\"681\" height=\"1024\" src=\"https:\/\/mutti-parma.com\/app\/uploads\/sites\/15\/2023\/06\/64399-mutti-veganbolognes-fop-400g-deu-9699-100-no-sfondo-681x1024.png\" alt=\"\" class=\"wp-image-6837 size-full\" sizes=\"(min-width: 1440px) 528px,37vw\" data-spai-crop=\"false\" srcset=\"https:\/\/mutti-parma.com\/app\/uploads\/sites\/15\/2023\/06\/64399-mutti-veganbolognes-fop-400g-deu-9699-100-no-sfondo-681x1024.png 681w, https:\/\/mutti-parma.com\/app\/uploads\/sites\/15\/2023\/06\/64399-mutti-veganbolognes-fop-400g-deu-9699-100-no-sfondo-332x500.png 332w, https:\/\/mutti-parma.com\/app\/uploads\/sites\/15\/2023\/06\/64399-mutti-veganbolognes-fop-400g-deu-9699-100-no-sfondo-133x200.png 133w, https:\/\/mutti-parma.com\/app\/uploads\/sites\/15\/2023\/06\/64399-mutti-veganbolognes-fop-400g-deu-9699-100-no-sfondo-768x1155.png 768w, https:\/\/mutti-parma.com\/app\/uploads\/sites\/15\/2023\/06\/64399-mutti-veganbolognes-fop-400g-deu-9699-100-no-sfondo-150x226.png 150w, https:\/\/mutti-parma.com\/app\/uploads\/sites\/15\/2023\/06\/64399-mutti-veganbolognes-fop-400g-deu-9699-100-no-sfondo-600x902.png 600w, https:\/\/mutti-parma.com\/app\/uploads\/sites\/15\/2023\/06\/64399-mutti-veganbolognes-fop-400g-deu-9699-100-no-sfondo-1021x1536.png 1021w, https:\/\/mutti-parma.com\/app\/uploads\/sites\/15\/2023\/06\/64399-mutti-veganbolognes-fop-400g-deu-9699-100-no-sfondo.png 1254w\" \/><\/figure><\/div>\n\n\n\n\n\n\n<div\n  class=\"acf-how-is-it-made alignwide text-center \"\n  data-vue-wrapper\n  >\n      <h2>WIE WIRD ES HERGESTELLT?<\/h2>\n  \n  <slideshow :slides-per-view=\"3\" :slides-per-view-sm=\"1\" :slides-per-view-md=\"2\" name=\"How is it made\" class=\"mb-8\">\n      <\/slideshow>\n\n      <p class=\"is-style-cursive text-5xl\">M\u00f6chten Sie mehr \u00fcber unsere Produktionsprozesse erfahren?<\/p>\n  \n      <h3>\n      <a href=\"https:\/\/mutti-parma.com\/de\/qualitat-mutti\/\" target=\"\">BITTE LESEN SIE MEHR \u00dbBER UNSERE TOMATEN<\/a>\n    <\/h3>\n  <\/div>\n\n\n\n\n\n\n\n<hr class=\"wp-block-separator has-alpha-channel-opacity alignwide\"\/>\n\n\n<div class=\"acf-comments alignwide my-8\">\n  <div class=\"flex flex-wrap mb-4 items-center text-center sm:text-left px-0 sm:px-2 md:px-0\">\n    <h3 class=\"w-full sm:w-auto is-style-cursive text-primary my-0 leading-none\">Share and review<\/h3>\n    <div class=\"w-full sm:w-auto flex-auto mt-1 sm:ml-8\">\n          <\/div>\n\n          <div class=\"mx-auto sm:ml-0 mt-3 sm:mt-0\">\n                  <div\n  class=\"shariff\"\n  data-button-style=\"icon\"\n  data-mail-body=\"https:\/\/mutti-parma.com\/de\/produkte\/vegane-bolognese\/\"\n  data-mail-subject=\"Vegane Bolognese - Mutti\"\n  data-mail-url=\"mailto:\"\n  data-media-url=\"https:\/\/mutti-parma.com\/app\/uploads\/sites\/15\/2023\/06\/64399-mutti-veganbolognes-fop-400g-deu-9699-100-no-sfondo.png\"\n  data-services=\"[&#039;facebook&#039;, &#039;twitter&#039;, &#039;whatsapp&#039;, &#039;pinterest&#039;, &#039;mail&#039;]\"\n><\/div>\n              <\/div>\n      <\/div>\n\n  <div>\n                <\/div>\n<\/div>\n\n\n\n<hr class=\"wp-block-separator has-alpha-channel-opacity alignwide\"\/>\n\n\n\n<div class=\"wp-block-cover alignwide has-background-dim-80 has-darkred-background-color has-background-dim\" style=\"background-image:url(https:\/\/mutti-parma.com\/app\/uploads\/sites\/3\/2019\/09\/tomatoes.jpg)\"><div class=\"wp-block-cover__inner-container is-layout-flow wp-block-cover-is-layout-flow\">\n<div class=\"wp-block-columns alignwide is-layout-flex wp-container-core-columns-is-layout-9d6595d7 wp-block-columns-is-layout-flex\">\n<div class=\"wp-block-column is-layout-flow wp-block-column-is-layout-flow\">\n<h2 class=\"wp-block-heading\" id=\"sostenibilita\">NACHHALTIGKEIT<\/h2>\n\n\n\n<p class=\"is-style-cursive mb-0\">Nachhaltigkeit bedeutet f\u00fcr uns Respekt vor dem Land<\/p>\n\n\n\n<h4 class=\"wp-block-heading\">KOOPERATION MIT DEM WWF ITALIEN<\/h4>\n\n\n\n<p>Mutti arbeitet eng mit dem WWF in Italien zusammen, um die Landwirte dabei zu unterst\u00fctzen, ihren Wasserverbrauch und ihre CO2-Emissionen nachhaltig zu senken. Der italienische WWF setzt nicht nur Ziele, sondern erm\u00f6glicht den Bauern auch die Analyse und Validierung von verschiedenen Anbau- und Produktionsdaten, um diese zu optimieren. Beispielsweise empfahl die Organisation die Verwendung spezieller Sensoren, die den Feuchtigkeitsgehalt des Bodens erkennen und wertvolle Informationen f\u00fcr die effiziente Wassernutzung liefern. Mutti investierte in die daf\u00fcr notwendige Technologie sowie in die Ausbildung und technische Unterst\u00fctzung der Landwirte und anderer landwirtschaftlicher Organisationen. Auch nach Ablauf dieses f\u00fcnfj\u00e4hrigen Projekts setzen wir uns daf\u00fcr ein, die Umweltbelastung so gering wie m\u00f6glich zu halten und jeden einzelnen Produktionsschritt kontinuierlich zu verbessern.<\/p>\n<\/div>\n\n\n\n<div class=\"wp-block-column is-layout-flow wp-block-column-is-layout-flow\">\n<h2 class=\"has-text-align-center wp-block-heading\">ERGEBNISSE:<\/h2>\n\n\n\n<div class=\"wp-block-columns is-layout-flex wp-container-core-columns-is-layout-9d6595d7 wp-block-columns-is-layout-flex\">\n<div class=\"wp-block-column is-layout-flow wp-block-column-is-layout-flow\">\n<div class=\"wp-block-image\"><figure class=\"aligncenter size-large is-resized\"><img loading=\"lazy\" decoding=\"async\" src=\"https:\/\/mutti-parma.com\/app\/uploads\/sites\/3\/2019\/09\/icon-sustainable-water.svg\" alt=\"\" class=\"wp-image-30000085\" width=\"53\" height=\"91\" \/><\/figure><\/div>\n\n\n\n<h4 class=\"has-text-align-center wp-block-heading\">MEHR ALS 1.000 MILLIONEN LITER WASSER WURDEN EINGESPART *<\/h4>\n\n\n\n<p class=\"has-text-align-center has-sm-font-size\">*zwischen 2012 und 2014 (Quelle: Datenerhebung durch CMCC, WWF und Mediterranean Climate Change Center in Italien)<\/p>\n<\/div>\n\n\n\n<div class=\"wp-block-column is-layout-flow wp-block-column-is-layout-flow\">\n<div class=\"wp-block-image\"><figure class=\"aligncenter size-large is-resized\"><img loading=\"lazy\" decoding=\"async\" src=\"https:\/\/mutti-parma.com\/app\/uploads\/sites\/3\/2019\/09\/icon-sustainable-co2.svg\" alt=\"\" class=\"wp-image-30000086\" width=\"114\" height=\"88\" \/><\/figure><\/div>\n\n\n\n<h4 class=\"has-text-align-center wp-block-heading\"><br>MEHR ALS 31.530 TONNEN CO2 (KOHLENDIOXID) WURDEN NICHT AUSGESTOSSEN* <\/h4>\n\n\n\n<p class=\"has-sm-font-size\">Zwischen 2010 und 2015 im vergleich zu 2009 (quelle: daten des italienischen wwf und der energieeffizienzgruppe officinae verdi)<\/p>\n<\/div>\n<\/div>\n<\/div>\n<\/div>\n<\/div><\/div>\n\n\n\n\n\n\n\n\n\n\n<div class=\"acf-related-recipes alignwide pb-8 \" data-vue-wrapper>\n      <slideshow :slides-per-view=\"3\" :navigation=\"true\" name=\"Related Recipes\">\n              <div class=\"swiper-slide\">\n          <div class=\"teaser--recipe text-center hover:zoom-img\">\n      <a href=\"https:\/\/mutti-parma.com\/de\/tomatenrezepte\/gefuellte-auberginen-schiffchen\/\" class=\"relative block mb-4 max-w-96 mx-auto\" aria-hidden=\"true\" tabindex=\"-1\">\n      <div class=\"responsive-embed \" style=\"padding-bottom: 108.79765395894%;\">\n                <img decoding=\"async\" width=\"1707\" height=\"2560\" src=\"https:\/\/mutti-parma.com\/app\/uploads\/sites\/15\/2025\/08\/barchette-di-melanzane-al-ragu-6-scaled.jpg\" class=\"inline-block wp-image-7987\" alt=\"Gef\u00fcllte Auberginen Schiffchen\" sizes=\"auto, (max-width: 600px) 72vw, 431px\" data-spai-crop=\"true\" title=\"Gef\u00fcllte Auberginen Schiffchen\" srcset=\"https:\/\/mutti-parma.com\/app\/uploads\/sites\/15\/2025\/08\/barchette-di-melanzane-al-ragu-6-scaled.jpg 1707w, https:\/\/mutti-parma.com\/app\/uploads\/sites\/15\/2025\/08\/barchette-di-melanzane-al-ragu-6-333x500.jpg 333w, https:\/\/mutti-parma.com\/app\/uploads\/sites\/15\/2025\/08\/barchette-di-melanzane-al-ragu-6-683x1024.jpg 683w, https:\/\/mutti-parma.com\/app\/uploads\/sites\/15\/2025\/08\/barchette-di-melanzane-al-ragu-6-133x200.jpg 133w, https:\/\/mutti-parma.com\/app\/uploads\/sites\/15\/2025\/08\/barchette-di-melanzane-al-ragu-6-768x1152.jpg 768w, https:\/\/mutti-parma.com\/app\/uploads\/sites\/15\/2025\/08\/barchette-di-melanzane-al-ragu-6-150x225.jpg 150w, https:\/\/mutti-parma.com\/app\/uploads\/sites\/15\/2025\/08\/barchette-di-melanzane-al-ragu-6-600x900.jpg 600w, https:\/\/mutti-parma.com\/app\/uploads\/sites\/15\/2025\/08\/barchette-di-melanzane-al-ragu-6-1024x1536.jpg 1024w, https:\/\/mutti-parma.com\/app\/uploads\/sites\/15\/2025\/08\/barchette-di-melanzane-al-ragu-6-1365x2048.jpg 1365w\" loading=\"lazy\" \/>\n      <\/div>\n\n          <\/a>\n  \n  \n      <a class=\"is-style-cursive heading block text-primary leading-none\" href=\"https:\/\/mutti-parma.com\/de\/produkte\/vegane-bolognese\/\">\n      Vegane Bolognese\n    <\/a>\n  \n  <a class=\"block my-4\" href=\"https:\/\/mutti-parma.com\/de\/tomatenrezepte\/gefuellte-auberginen-schiffchen\/\">\n          <h3>Gef\u00fcllte Auberginen Schiffchen<\/h3>\n      <\/a>\n\n      <a class=\"block hover:no-underline text-black\" href=\"https:\/\/mutti-parma.com\/de\/tomatenrezepte\/gefuellte-auberginen-schiffchen\/\">\n      Herzhaft gef\u00fcllte Auberginen mit veganer Bolognese. Aromatisch, mediterran &amp; vegan. Perfekt f\u00fcr Gem\u00fcsefans. Mediterranes Flair direkt aus dem Ofen auf den Teller: Zart gegarte Auberginenh\u00e4lften werden mit einer aromatischen veganen Bolognese aus Tomaten, Zwiebeln und frischen Kr\u00e4utern gef\u00fcllt. Die herzhafte Sauce macht das Gericht wunderbar saftig, w\u00e4hrend der Ofen die Auberginen leicht karamellisiert und ihnen\n    <\/a>\n  \n  <div class=\"flex items-center justify-center my-4\">\n    <div class=\"-ml-2 mr-2 pr-4 border-primary border-r-2 pt-2\">\n    <p class=\"flex flex-wrap items-end font-heavy text-primary leading-none justify-center\">\n      <img decoding=\"async\" alt=\"Total time\" class=\"w-10 md:w-12 mx-3 mb-2\" src=\"https:\/\/mutti-parma.com\/app\/themes\/mutti\/dist\/images\/icons\/mutti-product-icons-reduced-cooking-time.svg?id=dc737ade6befaad1eaaf\" width=\"54\" height=\"26\" loading=\"lazy\">\n      <span class=\"mb-2\">\n        50&nbsp;min\n      <\/span>\n    <\/p>\n  <\/div>\n  <div class=\"pt-2\">\n    <p class=\"flex flex-wrap items-end font-heavy uppercase text-primary leading-none justify-center\">\n      <img decoding=\"async\" alt=\"Difficulty\" class=\"w-10 md:w-12 mx-3 mb-2\" src=\"https:\/\/mutti-parma.com\/app\/themes\/mutti\/dist\/images\/icons\/mutti-product-icons-stove-top.svg?id=5f4b0df898a96e10ac63\" width=\"54\" height=\"18\" loading=\"lazy\">\n      <span class=\"mb-2\">\n        Mittel\n      <\/span>\n    <\/p>\n  <\/div>\n  <\/div>\n<\/div>\n        <\/div>\n              <div class=\"swiper-slide\">\n          <div class=\"teaser--recipe text-center hover:zoom-img\">\n      <a href=\"https:\/\/mutti-parma.com\/de\/tomatenrezepte\/tagliatelle-mit-veganer-bolognese-von-mutti\/\" class=\"relative block mb-4 max-w-96 mx-auto\" aria-hidden=\"true\" tabindex=\"-1\">\n      <div class=\"responsive-embed \" style=\"padding-bottom: 108.79765395894%;\">\n                <img decoding=\"async\" width=\"2560\" height=\"1707\" src=\"https:\/\/mutti-parma.com\/app\/uploads\/sites\/15\/2024\/10\/tagliatelle-vegan-bolognese3159-scaled.jpg\" class=\"inline-block wp-image-7329\" alt=\"Tagliatelle mit Veganer Bolognese von MUTTI\" sizes=\"auto, (max-width: 600px) 72vw, 431px\" data-spai-crop=\"true\" title=\"Tagliatelle mit Veganer Bolognese von MUTTI\" srcset=\"https:\/\/mutti-parma.com\/app\/uploads\/sites\/15\/2024\/10\/tagliatelle-vegan-bolognese3159-scaled.jpg 2560w, https:\/\/mutti-parma.com\/app\/uploads\/sites\/15\/2024\/10\/tagliatelle-vegan-bolognese3159-500x333.jpg 500w, https:\/\/mutti-parma.com\/app\/uploads\/sites\/15\/2024\/10\/tagliatelle-vegan-bolognese3159-1024x683.jpg 1024w, https:\/\/mutti-parma.com\/app\/uploads\/sites\/15\/2024\/10\/tagliatelle-vegan-bolognese3159-200x133.jpg 200w, https:\/\/mutti-parma.com\/app\/uploads\/sites\/15\/2024\/10\/tagliatelle-vegan-bolognese3159-768x512.jpg 768w, https:\/\/mutti-parma.com\/app\/uploads\/sites\/15\/2024\/10\/tagliatelle-vegan-bolognese3159-150x100.jpg 150w, https:\/\/mutti-parma.com\/app\/uploads\/sites\/15\/2024\/10\/tagliatelle-vegan-bolognese3159-600x400.jpg 600w, https:\/\/mutti-parma.com\/app\/uploads\/sites\/15\/2024\/10\/tagliatelle-vegan-bolognese3159-1536x1024.jpg 1536w, https:\/\/mutti-parma.com\/app\/uploads\/sites\/15\/2024\/10\/tagliatelle-vegan-bolognese3159-2048x1365.jpg 2048w\" loading=\"lazy\" \/>\n      <\/div>\n\n              <i class=\"fa-regular fa-circle-play text-white absolute bottom-0 right-0 mx-4 my-4 text-6xl svg-shadow\" title=\"Has video\"><\/i>\n          <\/a>\n  \n  \n      <a class=\"is-style-cursive heading block text-primary leading-none\" href=\"https:\/\/mutti-parma.com\/de\/produkte\/vegane-bolognese\/\">\n      Vegane Bolognese\n    <\/a>\n  \n  <a class=\"block my-4\" href=\"https:\/\/mutti-parma.com\/de\/tomatenrezepte\/tagliatelle-mit-veganer-bolognese-von-mutti\/\">\n          <h3>Tagliatelle mit Veganer Bolognese von MUTTI<\/h3>\n      <\/a>\n\n      <a class=\"block hover:no-underline text-black\" href=\"https:\/\/mutti-parma.com\/de\/tomatenrezepte\/tagliatelle-mit-veganer-bolognese-von-mutti\/\">\n      Unsere vegane Bolognese ist eine pflanzliche Variante des klassischen italienischen Gerichts, die genauso herzhaft und aromatisch schmeckt wie das Original.\n    <\/a>\n  \n  <div class=\"flex items-center justify-center my-4\">\n    <div class=\"-ml-2 mr-2 pr-4 border-primary border-r-2 pt-2\">\n    <p class=\"flex flex-wrap items-end font-heavy text-primary leading-none justify-center\">\n      <img decoding=\"async\" alt=\"Total time\" class=\"w-10 md:w-12 mx-3 mb-2\" src=\"https:\/\/mutti-parma.com\/app\/themes\/mutti\/dist\/images\/icons\/mutti-product-icons-reduced-cooking-time.svg?id=dc737ade6befaad1eaaf\" width=\"54\" height=\"26\" loading=\"lazy\">\n      <span class=\"mb-2\">\n        1h 45&nbsp;min\n      <\/span>\n    <\/p>\n  <\/div>\n  <div class=\"pt-2\">\n    <p class=\"flex flex-wrap items-end font-heavy uppercase text-primary leading-none justify-center\">\n      <img decoding=\"async\" alt=\"Difficulty\" class=\"w-10 md:w-12 mx-3 mb-2\" src=\"https:\/\/mutti-parma.com\/app\/themes\/mutti\/dist\/images\/icons\/mutti-product-icons-stove-top.svg?id=5f4b0df898a96e10ac63\" width=\"54\" height=\"18\" loading=\"lazy\">\n      <span class=\"mb-2\">\n        Mittel\n      <\/span>\n    <\/p>\n  <\/div>\n  <\/div>\n<\/div>\n        <\/div>\n          <\/slideshow>\n  \n  <hr class=\"alignwide wp-block-separator\">\n\n      <p class=\"text-center\">\n      <a class=\"h3 underline\" href=\"https:\/\/mutti-parma.com\/de\/tomatenrezepte\/\">Entdecken Sie alle unseren k\u00f6stlichen Rezepte<\/a>\n    <\/p>\n  <\/div>\n\n\n<div class=\"acf-related-products mb-8 lg:mb-16 \" data-vue-wrapper>\n      <h3 class=\"text-center\">Verwandte Produkte<\/h3>\n  \n      <slideshow :slides-per-view=\"3\" :navigation=\"true\" class=\"mx-8 lg:-mx-12\" name=\"Related Products\">\n              <div class=\"swiper-slide\">\n          <div class=\"text-center hover:lift-img mx-auto max-w-28\">\n      <a href=\"https:\/\/mutti-parma.com\/de\/produkte\/pasta-sauce-mit-pizzutello-tomaten-mit-kalabrischem-chili\/\" class=\"block\">\n            <div class=\"responsive-embed is-contain\" style=\"padding-bottom: 188.23529411765%;\"><img decoding=\"async\" width=\"830\" height=\"1261\" src=\"https:\/\/mutti-parma.com\/app\/uploads\/sites\/15\/2023\/06\/arrabbiata-cropped.png\" class=\"inline-block mt-2 wp-image-7755\" alt=\"Pasta Sauce mit Pizzutello Tomaten mit Kalabrischem Chili\" sizes=\"auto, 126px\" data-spai-crop=\"false\" title=\"Pasta Sauce mit Pizzutello Tomaten mit Kalabrischem Chili\" srcset=\"https:\/\/mutti-parma.com\/app\/uploads\/sites\/15\/2023\/06\/arrabbiata-cropped.png 830w, https:\/\/mutti-parma.com\/app\/uploads\/sites\/15\/2023\/06\/arrabbiata-cropped-329x500.png 329w, https:\/\/mutti-parma.com\/app\/uploads\/sites\/15\/2023\/06\/arrabbiata-cropped-674x1024.png 674w, https:\/\/mutti-parma.com\/app\/uploads\/sites\/15\/2023\/06\/arrabbiata-cropped-132x200.png 132w, https:\/\/mutti-parma.com\/app\/uploads\/sites\/15\/2023\/06\/arrabbiata-cropped-768x1167.png 768w, https:\/\/mutti-parma.com\/app\/uploads\/sites\/15\/2023\/06\/arrabbiata-cropped-150x228.png 150w, https:\/\/mutti-parma.com\/app\/uploads\/sites\/15\/2023\/06\/arrabbiata-cropped-600x912.png 600w\" loading=\"lazy\" \/><\/div>\n    <\/a>\n  \n  <a class=\"block underline mb-2 mt-2\" href=\"https:\/\/mutti-parma.com\/de\/produkte\/pasta-sauce-mit-pizzutello-tomaten-mit-kalabrischem-chili\/\">\n    <h3 class=\"h4\">Pasta Sauce mit Pizzutello Tomaten mit Kalabrischem Chili<\/h3>\n  <\/a>\n\n      <a class=\"block hover:no-underline text-inherit\" href=\"https:\/\/mutti-parma.com\/de\/produkte\/pasta-sauce-mit-pizzutello-tomaten-mit-kalabrischem-chili\/\">\n      Pasta Saucen\n    <\/a>\n  <\/div>\n        <\/div>\n              <div class=\"swiper-slide\">\n          <div class=\"text-center hover:lift-img mx-auto max-w-28\">\n      <a href=\"https:\/\/mutti-parma.com\/de\/produkte\/pasta-sauce-mit-rossoro-tomaten-mit-basilikum-genovese-dop\/\" class=\"block\">\n            <div class=\"responsive-embed is-contain\" style=\"padding-bottom: 188.23529411765%;\"><img decoding=\"async\" width=\"830\" height=\"1261\" src=\"https:\/\/mutti-parma.com\/app\/uploads\/sites\/15\/2023\/06\/basilico-cropped.png\" class=\"inline-block mt-2 wp-image-7754\" alt=\"Pasta Sauce mit Rossoro Tomaten mit Basilikum Genovese DOP\" sizes=\"auto, 126px\" data-spai-crop=\"false\" title=\"Pasta Sauce mit Rossoro Tomaten mit Basilikum Genovese DOP\" srcset=\"https:\/\/mutti-parma.com\/app\/uploads\/sites\/15\/2023\/06\/basilico-cropped.png 830w, https:\/\/mutti-parma.com\/app\/uploads\/sites\/15\/2023\/06\/basilico-cropped-329x500.png 329w, https:\/\/mutti-parma.com\/app\/uploads\/sites\/15\/2023\/06\/basilico-cropped-674x1024.png 674w, https:\/\/mutti-parma.com\/app\/uploads\/sites\/15\/2023\/06\/basilico-cropped-132x200.png 132w, https:\/\/mutti-parma.com\/app\/uploads\/sites\/15\/2023\/06\/basilico-cropped-768x1167.png 768w, https:\/\/mutti-parma.com\/app\/uploads\/sites\/15\/2023\/06\/basilico-cropped-150x228.png 150w, https:\/\/mutti-parma.com\/app\/uploads\/sites\/15\/2023\/06\/basilico-cropped-600x912.png 600w\" loading=\"lazy\" \/><\/div>\n    <\/a>\n  \n  <a class=\"block underline mb-2 mt-2\" href=\"https:\/\/mutti-parma.com\/de\/produkte\/pasta-sauce-mit-rossoro-tomaten-mit-basilikum-genovese-dop\/\">\n    <h3 class=\"h4\">Pasta Sauce mit Rossoro Tomaten mit Basilikum Genovese DOP<\/h3>\n  <\/a>\n\n      <a class=\"block hover:no-underline text-inherit\" href=\"https:\/\/mutti-parma.com\/de\/produkte\/pasta-sauce-mit-rossoro-tomaten-mit-basilikum-genovese-dop\/\">\n      Pasta Saucen\n    <\/a>\n  <\/div>\n        <\/div>\n              <div class=\"swiper-slide\">\n          <div class=\"text-center hover:lift-img mx-auto max-w-28\">\n      <a href=\"https:\/\/mutti-parma.com\/de\/produkte\/pasta-sauce-mit-datterini-tomaten-mit-gegrilltem-gemuese\/\" class=\"block\">\n            <div class=\"responsive-embed is-contain\" style=\"padding-bottom: 188.23529411765%;\"><img decoding=\"async\" width=\"830\" height=\"1261\" src=\"https:\/\/mutti-parma.com\/app\/uploads\/sites\/15\/2023\/06\/grill-cropped.png\" class=\"inline-block mt-2 wp-image-7753\" alt=\"Pasta Sauce mit Datterini Tomaten mit Gegrilltem Gem\u00fcse\" sizes=\"auto, 126px\" data-spai-crop=\"false\" title=\"Pasta Sauce mit Datterini Tomaten mit Gegrilltem Gem\u00fcse\" srcset=\"https:\/\/mutti-parma.com\/app\/uploads\/sites\/15\/2023\/06\/grill-cropped.png 830w, https:\/\/mutti-parma.com\/app\/uploads\/sites\/15\/2023\/06\/grill-cropped-329x500.png 329w, https:\/\/mutti-parma.com\/app\/uploads\/sites\/15\/2023\/06\/grill-cropped-674x1024.png 674w, https:\/\/mutti-parma.com\/app\/uploads\/sites\/15\/2023\/06\/grill-cropped-132x200.png 132w, https:\/\/mutti-parma.com\/app\/uploads\/sites\/15\/2023\/06\/grill-cropped-768x1167.png 768w, https:\/\/mutti-parma.com\/app\/uploads\/sites\/15\/2023\/06\/grill-cropped-150x228.png 150w, https:\/\/mutti-parma.com\/app\/uploads\/sites\/15\/2023\/06\/grill-cropped-600x912.png 600w\" loading=\"lazy\" \/><\/div>\n    <\/a>\n  \n  <a class=\"block underline mb-2 mt-2\" href=\"https:\/\/mutti-parma.com\/de\/produkte\/pasta-sauce-mit-datterini-tomaten-mit-gegrilltem-gemuese\/\">\n    <h3 class=\"h4\">Pasta Sauce mit Datterini Tomaten mit Gegrilltem Gem\u00fcse<\/h3>\n  <\/a>\n\n      <a class=\"block hover:no-underline text-inherit\" href=\"https:\/\/mutti-parma.com\/de\/produkte\/pasta-sauce-mit-datterini-tomaten-mit-gegrilltem-gemuese\/\">\n      Pasta Saucen\n    <\/a>\n  <\/div>\n        <\/div>\n              <div class=\"swiper-slide\">\n          <div class=\"text-center hover:lift-img mx-auto max-w-28\">\n      <a href=\"https:\/\/mutti-parma.com\/de\/produkte\/pasta-sauce-mit-rossoro-tomaten-mit-parmigiano-reggiano\/\" class=\"block\">\n            <div class=\"responsive-embed is-contain\" style=\"padding-bottom: 188.23529411765%;\"><img decoding=\"async\" width=\"830\" height=\"1261\" src=\"https:\/\/mutti-parma.com\/app\/uploads\/sites\/15\/2023\/06\/parmigiano-cropped.png\" class=\"inline-block mt-2 wp-image-7751\" alt=\"Pasta Sauce mit Rossoro Tomaten mit Parmigiano Reggiano\" sizes=\"auto, 126px\" data-spai-crop=\"false\" title=\"Pasta Sauce mit Rossoro Tomaten mit Parmigiano Reggiano\" srcset=\"https:\/\/mutti-parma.com\/app\/uploads\/sites\/15\/2023\/06\/parmigiano-cropped.png 830w, https:\/\/mutti-parma.com\/app\/uploads\/sites\/15\/2023\/06\/parmigiano-cropped-329x500.png 329w, https:\/\/mutti-parma.com\/app\/uploads\/sites\/15\/2023\/06\/parmigiano-cropped-674x1024.png 674w, https:\/\/mutti-parma.com\/app\/uploads\/sites\/15\/2023\/06\/parmigiano-cropped-132x200.png 132w, https:\/\/mutti-parma.com\/app\/uploads\/sites\/15\/2023\/06\/parmigiano-cropped-768x1167.png 768w, https:\/\/mutti-parma.com\/app\/uploads\/sites\/15\/2023\/06\/parmigiano-cropped-150x228.png 150w, https:\/\/mutti-parma.com\/app\/uploads\/sites\/15\/2023\/06\/parmigiano-cropped-600x912.png 600w\" loading=\"lazy\" \/><\/div>\n    <\/a>\n  \n  <a class=\"block underline mb-2 mt-2\" href=\"https:\/\/mutti-parma.com\/de\/produkte\/pasta-sauce-mit-rossoro-tomaten-mit-parmigiano-reggiano\/\">\n    <h3 class=\"h4\">Pasta Sauce mit Rossoro Tomaten mit Parmigiano Reggiano<\/h3>\n  <\/a>\n\n      <a class=\"block hover:no-underline text-inherit\" href=\"https:\/\/mutti-parma.com\/de\/produkte\/pasta-sauce-mit-rossoro-tomaten-mit-parmigiano-reggiano\/\">\n      Pasta Saucen\n    <\/a>\n  <\/div>\n        <\/div>\n          <\/slideshow>\n  <\/div>\n\n\n","protected":false},"excerpt":{"rendered":"<p>Mutti Vegane Bolognese bietet das gleiche Geschmackserlebnis<br \/>\nund die gleiche Konsistenz wie Rag\u00f9, jedoch mit 100 % pflanzlichen<br \/>\nZutaten: sautierte Karotten und Zwiebeln, gelbe Erbsen, die<br \/>\nreichhaltig an Eiwei\u00df sind und das ganze Aroma der frischen<br \/>\nMutti-Tomaten. Eine neue Art, Bolognese zu genie\u00dfen: 100%<br \/>\npflanzlich, schmackhaft, vollmundig und eine Proteinquelle.<\/p>\n","protected":false},"featured_media":6837,"comment_status":"open","ping_status":"closed","template":"","product_category":[1415],"class_list":["post-6783","product","type-product","status-publish","has-post-thumbnail","hentry","product_category-product-category-6774"],"acf":[],"_links":{"self":[{"href":"https:\/\/mutti-parma.com\/de\/wp-json\/wp\/v2\/product\/6783","targetHints":{"allow":["GET"]}}],"collection":[{"href":"https:\/\/mutti-parma.com\/de\/wp-json\/wp\/v2\/product"}],"about":[{"href":"https:\/\/mutti-parma.com\/de\/wp-json\/wp\/v2\/types\/product"}],"replies":[{"embeddable":true,"href":"https:\/\/mutti-parma.com\/de\/wp-json\/wp\/v2\/comments?post=6783"}],"version-history":[{"count":18,"href":"https:\/\/mutti-parma.com\/de\/wp-json\/wp\/v2\/product\/6783\/revisions"}],"predecessor-version":[{"id":7424,"href":"https:\/\/mutti-parma.com\/de\/wp-json\/wp\/v2\/product\/6783\/revisions\/7424"}],"wp:featuredmedia":[{"embeddable":true,"href":"https:\/\/mutti-parma.com\/de\/wp-json\/wp\/v2\/media\/6837"}],"wp:attachment":[{"href":"https:\/\/mutti-parma.com\/de\/wp-json\/wp\/v2\/media?parent=6783"}],"wp:term":[{"taxonomy":"product_category","embeddable":true,"href":"https:\/\/mutti-parma.com\/de\/wp-json\/wp\/v2\/product_category?post=6783"}],"curies":[{"name":"wp","href":"https:\/\/api.w.org\/{rel}","templated":true}]}}