{"id":7545,"date":"2024-12-08T16:26:40","date_gmt":"2024-12-08T16:26:40","guid":{"rendered":"https:\/\/mutti-parma.com\/de\/?post_type=product&#038;p=7545"},"modified":"2026-01-08T15:00:47","modified_gmt":"2026-01-08T15:00:47","slug":"pesto-verde","status":"publish","type":"product","link":"https:\/\/mutti-parma.com\/de\/produkte\/pesto-verde\/","title":{"rendered":"Pesto Verde"},"content":{"rendered":"\n<div style=\"--media-width: 50\" class=\"wp-block-media-text alignwide has-media-on-the-right is-stacked-on-mobile is-style-hero has-background-image\"><img loading=\"lazy\" decoding=\"async\" class=\"wp-block-media-text__background\" alt=\"\" data-spai-crop=\"true\" src=\"https:\/\/mutti-parma.com\/app\/uploads\/sites\/3\/2019\/09\/texture-banner-mutti-default-gradient.jpg\" \/><div class=\"wp-block-media-text__content\"><div class=\"acf-breadcrumb my-4 md:my-8 text-center md:text-left\">\n  <nav>\n  <ol class=\"list-none text-md\">\n                  <li class=\"inline\">\n                      <a class=\"text-inherit\" href=\"https:\/\/mutti-parma.com\/de\/\">\n              Mutti Parma Deutschland\n            <\/a>\n                                <span aria-hidden=\"true\">\/&nbsp;<\/span>\n                  <\/li>\n                        <li class=\"inline\">\n                      <a class=\"text-inherit\" href=\"https:\/\/mutti-parma.com\/de\/produkte\/\">\n              Products\n            <\/a>\n                            <\/li>\n            <\/ol>\n<\/nav>\n<\/div>\n\n\n\n<h1 class=\"wp-block-heading has-primary-color has-text-color\">Pesto Verde<\/h1>\n\n\n\n<p class=\"is-style-cursive has-xxl-font-size\">Tomatenpesto<\/p>\n\n\n\n<p>Im Pesto Verde treffen vollreife gr\u00fcne Tomaten auf frischen Basilikum, leckeren Parmigiano Reggiano K\u00e4se und einen Hauch Cashewn\u00fcsse &#8211; f\u00fcr ein authentisch italienisches Geschmackserlebnis. Unsere Pestos enthalten ausschlie\u00dflich 100% sonnengereifte italienische Tomaten, sind eine Quelle f\u00fcr Ballaststoffe und enthalten weniger Salz und Fett als vergleichbare Pestos.<\/p>\n\n\n\n\n\n\n<div class=\"acf-product-find-store\">\n  <\/div>\n<\/div><figure class=\"wp-block-media-text__media\"><img loading=\"lazy\" decoding=\"async\" width=\"683\" height=\"1024\" src=\"https:\/\/mutti-parma.com\/app\/uploads\/sites\/15\/2023\/06\/pesto-verde-ger-683x1024.png\" alt=\"\" class=\"wp-image-8723 size-full\" sizes=\"(min-width: 1440px) 528px,37vw\" data-spai-crop=\"false\" srcset=\"https:\/\/mutti-parma.com\/app\/uploads\/sites\/15\/2023\/06\/pesto-verde-ger-683x1024.png 683w, https:\/\/mutti-parma.com\/app\/uploads\/sites\/15\/2023\/06\/pesto-verde-ger-333x500.png 333w, https:\/\/mutti-parma.com\/app\/uploads\/sites\/15\/2023\/06\/pesto-verde-ger-133x200.png 133w, https:\/\/mutti-parma.com\/app\/uploads\/sites\/15\/2023\/06\/pesto-verde-ger-768x1152.png 768w, https:\/\/mutti-parma.com\/app\/uploads\/sites\/15\/2023\/06\/pesto-verde-ger-150x225.png 150w, https:\/\/mutti-parma.com\/app\/uploads\/sites\/15\/2023\/06\/pesto-verde-ger-600x900.png 600w, https:\/\/mutti-parma.com\/app\/uploads\/sites\/15\/2023\/06\/pesto-verde-ger-1024x1536.png 1024w, https:\/\/mutti-parma.com\/app\/uploads\/sites\/15\/2023\/06\/pesto-verde-ger-1365x2048.png 1365w, https:\/\/mutti-parma.com\/app\/uploads\/sites\/15\/2023\/06\/pesto-verde-ger-scaled.png 1707w\" \/><\/figure><\/div>\n\n\n\n\n\n\n<div\n  class=\"acf-how-is-it-made alignwide text-center \"\n  data-vue-wrapper\n  >\n      <h2>Wie wird es hergestellt?<\/h2>\n  \n  <slideshow :slides-per-view=\"3\" :slides-per-view-sm=\"1\" :slides-per-view-md=\"2\" name=\"How is it made\" class=\"mb-8\">\n      <\/slideshow>\n\n      <p class=\"is-style-cursive text-5xl\">M\u00f6chten Sie mehr \u00fcber unsere Produktionsprozesse erfahren?\r\n<\/p>\n  \n      <h3>Bitte lesen sie mehr \u00fbber unsere Tomaten<\/h3>\n  <\/div>\n\n\n\n\n\n\n\n<hr class=\"wp-block-separator has-alpha-channel-opacity alignwide\"\/>\n\n\n<div class=\"acf-comments alignwide my-8\">\n  <div class=\"flex flex-wrap mb-4 items-center text-center sm:text-left px-0 sm:px-2 md:px-0\">\n    <h3 class=\"w-full sm:w-auto is-style-cursive text-primary my-0 leading-none\">Share and review<\/h3>\n    <div class=\"w-full sm:w-auto flex-auto mt-1 sm:ml-8\">\n          <\/div>\n\n          <div class=\"mx-auto sm:ml-0 mt-3 sm:mt-0\">\n                  <div\n  class=\"shariff\"\n  data-button-style=\"icon\"\n  data-mail-body=\"https:\/\/mutti-parma.com\/de\/produkte\/pesto-verde\/\"\n  data-mail-subject=\"Pesto Verde - Mutti\"\n  data-mail-url=\"mailto:\"\n  data-media-url=\"https:\/\/mutti-parma.com\/app\/uploads\/sites\/15\/2023\/06\/pesto-verde-ger-scaled.png\"\n  data-services=\"[&#039;facebook&#039;, &#039;twitter&#039;, &#039;whatsapp&#039;, &#039;pinterest&#039;, &#039;mail&#039;]\"\n><\/div>\n              <\/div>\n      <\/div>\n\n  <div>\n                <\/div>\n<\/div>\n\n\n\n<hr class=\"wp-block-separator has-alpha-channel-opacity alignwide\"\/>\n\n\n\n<div class=\"wp-block-cover alignwide has-background-dim-80 has-darkred-background-color has-background-dim\" style=\"background-image:url(https:\/\/mutti-parma.com\/app\/uploads\/sites\/3\/2019\/09\/tomatoes.jpg)\"><div class=\"wp-block-cover__inner-container is-layout-flow wp-block-cover-is-layout-flow\">\n<div class=\"wp-block-columns alignwide is-layout-flex wp-container-core-columns-is-layout-9d6595d7 wp-block-columns-is-layout-flex\">\n<div class=\"wp-block-column is-layout-flow wp-block-column-is-layout-flow\">\n<h2 class=\"wp-block-heading\" id=\"sostenibilita\">NACHHALTIGKEIT<\/h2>\n\n\n\n<p class=\"is-style-cursive mb-0\">Nachhaltigkeit bedeutet f\u00fcr uns Respekt vor dem Land<\/p>\n\n\n\n<h4 class=\"wp-block-heading\">KOOPERATION MIT DEM WWF ITALIEN<\/h4>\n\n\n\n<p>Mutti arbeitet eng mit dem WWF in Italien zusammen, um die Landwirte dabei zu unterst\u00fctzen, ihren Wasserverbrauch und ihre CO2-Emissionen nachhaltig zu senken. Der italienische WWF setzt nicht nur Ziele, sondern erm\u00f6glicht den Bauern auch die Analyse und Validierung von verschiedenen Anbau- und Produktionsdaten, um diese zu optimieren. Beispielsweise empfahl die Organisation die Verwendung spezieller Sensoren, die den Feuchtigkeitsgehalt des Bodens erkennen und wertvolle Informationen f\u00fcr die effiziente Wassernutzung liefern. Mutti investierte in die daf\u00fcr notwendige Technologie sowie in die Ausbildung und technische Unterst\u00fctzung der Landwirte und anderer landwirtschaftlicher Organisationen. Auch nach Ablauf dieses f\u00fcnfj\u00e4hrigen Projekts setzen wir uns daf\u00fcr ein, die Umweltbelastung so gering wie m\u00f6glich zu halten und jeden einzelnen Produktionsschritt kontinuierlich zu verbessern.<\/p>\n<\/div>\n\n\n\n<div class=\"wp-block-column is-layout-flow wp-block-column-is-layout-flow\">\n<h2 class=\"has-text-align-center wp-block-heading\">ERGEBNISSE:<\/h2>\n\n\n\n<div class=\"wp-block-columns is-layout-flex wp-container-core-columns-is-layout-9d6595d7 wp-block-columns-is-layout-flex\">\n<div class=\"wp-block-column is-layout-flow wp-block-column-is-layout-flow\">\n<div class=\"wp-block-image\"><figure class=\"aligncenter size-large is-resized\"><img loading=\"lazy\" decoding=\"async\" src=\"https:\/\/mutti-parma.com\/app\/uploads\/sites\/3\/2019\/09\/icon-sustainable-water.svg\" alt=\"\" class=\"wp-image-30000085\" width=\"53\" height=\"91\" \/><\/figure><\/div>\n\n\n\n<h4 class=\"has-text-align-center wp-block-heading\">MEHR ALS 1.000 MILLIONEN LITER WASSER WURDEN EINGESPART *<\/h4>\n\n\n\n<p class=\"has-text-align-center has-sm-font-size\">*zwischen 2012 und 2014 (Quelle: Datenerhebung durch CMCC, WWF und Mediterranean Climate Change Center in Italien)<\/p>\n<\/div>\n\n\n\n<div class=\"wp-block-column is-layout-flow wp-block-column-is-layout-flow\">\n<div class=\"wp-block-image\"><figure class=\"aligncenter size-large is-resized\"><img loading=\"lazy\" decoding=\"async\" src=\"https:\/\/mutti-parma.com\/app\/uploads\/sites\/3\/2019\/09\/icon-sustainable-co2.svg\" alt=\"\" class=\"wp-image-30000086\" width=\"114\" height=\"88\" \/><\/figure><\/div>\n\n\n\n<h4 class=\"has-text-align-center wp-block-heading\"><br>MEHR ALS 31.530 TONNEN CO2 (KOHLENDIOXID) WURDEN NICHT AUSGESTOSSEN* <\/h4>\n\n\n\n<p class=\"has-sm-font-size\">Zwischen 2010 und 2015 im vergleich zu 2009 (quelle: daten des italienischen wwf und der energieeffizienzgruppe officinae verdi)<\/p>\n<\/div>\n<\/div>\n<\/div>\n<\/div>\n<\/div><\/div>\n\n\n\n\n\n\n\n\n\n\n<div class=\"acf-related-recipes alignwide pb-8 \" data-vue-wrapper>\n      <slideshow :slides-per-view=\"3\" :navigation=\"true\" name=\"Related Recipes\">\n              <div class=\"swiper-slide\">\n          <div class=\"teaser--recipe text-center hover:zoom-img\">\n      <a href=\"https:\/\/mutti-parma.com\/de\/tomatenrezepte\/bruschetta-mit-tomatenpesto\/\" class=\"relative block mb-4 max-w-96 mx-auto\" aria-hidden=\"true\" tabindex=\"-1\">\n      <div class=\"responsive-embed \" style=\"padding-bottom: 108.79765395894%;\">\n                <img decoding=\"async\" width=\"1707\" height=\"2560\" src=\"https:\/\/mutti-parma.com\/app\/uploads\/sites\/15\/2025\/08\/bruschette-pesto-mutti-5-scaled.jpg\" class=\"inline-block wp-image-7988\" alt=\"Bruschetta mit Tomatenpesto\" sizes=\"auto, (max-width: 600px) 72vw, 431px\" data-spai-crop=\"true\" title=\"Bruschetta mit Tomatenpesto\" srcset=\"https:\/\/mutti-parma.com\/app\/uploads\/sites\/15\/2025\/08\/bruschette-pesto-mutti-5-scaled.jpg 1707w, https:\/\/mutti-parma.com\/app\/uploads\/sites\/15\/2025\/08\/bruschette-pesto-mutti-5-333x500.jpg 333w, https:\/\/mutti-parma.com\/app\/uploads\/sites\/15\/2025\/08\/bruschette-pesto-mutti-5-683x1024.jpg 683w, https:\/\/mutti-parma.com\/app\/uploads\/sites\/15\/2025\/08\/bruschette-pesto-mutti-5-133x200.jpg 133w, https:\/\/mutti-parma.com\/app\/uploads\/sites\/15\/2025\/08\/bruschette-pesto-mutti-5-768x1152.jpg 768w, https:\/\/mutti-parma.com\/app\/uploads\/sites\/15\/2025\/08\/bruschette-pesto-mutti-5-150x225.jpg 150w, https:\/\/mutti-parma.com\/app\/uploads\/sites\/15\/2025\/08\/bruschette-pesto-mutti-5-600x900.jpg 600w, https:\/\/mutti-parma.com\/app\/uploads\/sites\/15\/2025\/08\/bruschette-pesto-mutti-5-1024x1536.jpg 1024w, https:\/\/mutti-parma.com\/app\/uploads\/sites\/15\/2025\/08\/bruschette-pesto-mutti-5-1365x2048.jpg 1365w\" loading=\"lazy\" \/>\n      <\/div>\n\n          <\/a>\n  \n  \n      <a class=\"is-style-cursive heading block text-primary leading-none\" href=\"https:\/\/mutti-parma.com\/de\/produkte\/pesto-giallo\/\">\n      Pesto Giallo\n    <\/a>\n  \n  <a class=\"block my-4\" href=\"https:\/\/mutti-parma.com\/de\/tomatenrezepte\/bruschetta-mit-tomatenpesto\/\">\n          <h3>Bruschetta mit Tomatenpesto<\/h3>\n      <\/a>\n\n      <a class=\"block hover:no-underline text-black\" href=\"https:\/\/mutti-parma.com\/de\/tomatenrezepte\/bruschetta-mit-tomatenpesto\/\">\n      Bunte Bruschetta mit verschiedenen Tomatenpesti. Mediterran, aromatisch &amp; perfekt als Snack oder Vorspeise. Knuspriges Brot wird mit verschiedenen aromatischen Tomatenpesti bestrichen und nach Belieben mit frischen Kr\u00e4utern, Oliven oder Burrata verfeinert. Ob als leichter Snack, elegante Vorspeise oder Teil eines sommerlichen Buffets \u2013 Bruschetta ist vielseitig, unkompliziert und einfach k\u00f6stlich. Durch die Kombination unterschiedlicher Pesti\n    <\/a>\n  \n  <div class=\"flex items-center justify-center my-4\">\n    <div class=\"-ml-2 mr-2 pr-4 border-primary border-r-2 pt-2\">\n    <p class=\"flex flex-wrap items-end font-heavy text-primary leading-none justify-center\">\n      <img decoding=\"async\" alt=\"Total time\" class=\"w-10 md:w-12 mx-3 mb-2\" src=\"https:\/\/mutti-parma.com\/app\/themes\/mutti\/dist\/images\/icons\/mutti-product-icons-reduced-cooking-time.svg?id=dc737ade6befaad1eaaf\" width=\"54\" height=\"26\" loading=\"lazy\">\n      <span class=\"mb-2\">\n        40&nbsp;min\n      <\/span>\n    <\/p>\n  <\/div>\n  <div class=\"pt-2\">\n    <p class=\"flex flex-wrap items-end font-heavy uppercase text-primary leading-none justify-center\">\n      <img decoding=\"async\" alt=\"Difficulty\" class=\"w-10 md:w-12 mx-3 mb-2\" src=\"https:\/\/mutti-parma.com\/app\/themes\/mutti\/dist\/images\/icons\/mutti-product-icons-stove-top.svg?id=5f4b0df898a96e10ac63\" width=\"54\" height=\"18\" loading=\"lazy\">\n      <span class=\"mb-2\">\n        Einfach\n      <\/span>\n    <\/p>\n  <\/div>\n  <\/div>\n<\/div>\n        <\/div>\n          <\/slideshow>\n  \n  <hr class=\"alignwide wp-block-separator\">\n\n      <p class=\"text-center\">\n      <a class=\"h3 underline\" href=\"https:\/\/mutti-parma.com\/de\/tomatenrezepte\/\">Entdecken Sie alle unseren k\u00f6stlichen Rezepte<\/a>\n    <\/p>\n  <\/div>\n\n\n<div class=\"acf-related-products mb-8 lg:mb-16 \" data-vue-wrapper>\n      <h3 class=\"text-center\">Verwandte Produkte<\/h3>\n  \n      <slideshow :slides-per-view=\"3\" :navigation=\"true\" class=\"mx-8 lg:-mx-12\" name=\"Related Products\">\n              <div class=\"swiper-slide\">\n          <div class=\"text-center hover:lift-img mx-auto max-w-28\">\n      <a href=\"https:\/\/mutti-parma.com\/de\/produkte\/pesto-arancione\/\" class=\"block\">\n            <div class=\"responsive-embed is-contain\" style=\"padding-bottom: 188.23529411765%;\"><img decoding=\"async\" width=\"1707\" height=\"2560\" src=\"https:\/\/mutti-parma.com\/app\/uploads\/sites\/15\/2023\/06\/pesto-arancione-ger-scaled.png\" class=\"inline-block mt-2 wp-image-8722\" alt=\"Pesto Arancione\" sizes=\"auto, 126px\" data-spai-crop=\"false\" title=\"Pesto Arancione\" srcset=\"https:\/\/mutti-parma.com\/app\/uploads\/sites\/15\/2023\/06\/pesto-arancione-ger-scaled.png 1707w, https:\/\/mutti-parma.com\/app\/uploads\/sites\/15\/2023\/06\/pesto-arancione-ger-333x500.png 333w, https:\/\/mutti-parma.com\/app\/uploads\/sites\/15\/2023\/06\/pesto-arancione-ger-683x1024.png 683w, https:\/\/mutti-parma.com\/app\/uploads\/sites\/15\/2023\/06\/pesto-arancione-ger-133x200.png 133w, https:\/\/mutti-parma.com\/app\/uploads\/sites\/15\/2023\/06\/pesto-arancione-ger-768x1152.png 768w, https:\/\/mutti-parma.com\/app\/uploads\/sites\/15\/2023\/06\/pesto-arancione-ger-150x225.png 150w, https:\/\/mutti-parma.com\/app\/uploads\/sites\/15\/2023\/06\/pesto-arancione-ger-600x900.png 600w, https:\/\/mutti-parma.com\/app\/uploads\/sites\/15\/2023\/06\/pesto-arancione-ger-1024x1536.png 1024w, https:\/\/mutti-parma.com\/app\/uploads\/sites\/15\/2023\/06\/pesto-arancione-ger-1365x2048.png 1365w\" loading=\"lazy\" \/><\/div>\n    <\/a>\n  \n  <a class=\"block underline mb-2 mt-2\" href=\"https:\/\/mutti-parma.com\/de\/produkte\/pesto-arancione\/\">\n    <h3 class=\"h4\">Pesto Arancione<\/h3>\n  <\/a>\n\n      <a class=\"block hover:no-underline text-inherit\" href=\"https:\/\/mutti-parma.com\/de\/produkte\/pesto-arancione\/\">\n      Tomatenpesto\n    <\/a>\n  <\/div>\n        <\/div>\n              <div class=\"swiper-slide\">\n          <div class=\"text-center hover:lift-img mx-auto max-w-28\">\n      <a href=\"https:\/\/mutti-parma.com\/de\/produkte\/pesto-giallo\/\" class=\"block\">\n            <div class=\"responsive-embed is-contain\" style=\"padding-bottom: 188.23529411765%;\"><img decoding=\"async\" width=\"1707\" height=\"2560\" src=\"https:\/\/mutti-parma.com\/app\/uploads\/sites\/15\/2023\/06\/pesto-giallo-ger-scaled.png\" class=\"inline-block mt-2 wp-image-8720\" alt=\"Pesto Giallo\" sizes=\"auto, 126px\" data-spai-crop=\"false\" title=\"Pesto Giallo\" srcset=\"https:\/\/mutti-parma.com\/app\/uploads\/sites\/15\/2023\/06\/pesto-giallo-ger-scaled.png 1707w, https:\/\/mutti-parma.com\/app\/uploads\/sites\/15\/2023\/06\/pesto-giallo-ger-333x500.png 333w, https:\/\/mutti-parma.com\/app\/uploads\/sites\/15\/2023\/06\/pesto-giallo-ger-683x1024.png 683w, https:\/\/mutti-parma.com\/app\/uploads\/sites\/15\/2023\/06\/pesto-giallo-ger-133x200.png 133w, https:\/\/mutti-parma.com\/app\/uploads\/sites\/15\/2023\/06\/pesto-giallo-ger-768x1152.png 768w, https:\/\/mutti-parma.com\/app\/uploads\/sites\/15\/2023\/06\/pesto-giallo-ger-150x225.png 150w, https:\/\/mutti-parma.com\/app\/uploads\/sites\/15\/2023\/06\/pesto-giallo-ger-600x900.png 600w, https:\/\/mutti-parma.com\/app\/uploads\/sites\/15\/2023\/06\/pesto-giallo-ger-1024x1536.png 1024w, https:\/\/mutti-parma.com\/app\/uploads\/sites\/15\/2023\/06\/pesto-giallo-ger-1365x2048.png 1365w\" loading=\"lazy\" \/><\/div>\n    <\/a>\n  \n  <a class=\"block underline mb-2 mt-2\" href=\"https:\/\/mutti-parma.com\/de\/produkte\/pesto-giallo\/\">\n    <h3 class=\"h4\">Pesto Giallo<\/h3>\n  <\/a>\n\n      <a class=\"block hover:no-underline text-inherit\" href=\"https:\/\/mutti-parma.com\/de\/produkte\/pesto-giallo\/\">\n      Tomatenpesto\n    <\/a>\n  <\/div>\n        <\/div>\n              <div class=\"swiper-slide\">\n          <div class=\"text-center hover:lift-img mx-auto max-w-28\">\n      <a href=\"https:\/\/mutti-parma.com\/de\/produkte\/pesto-rosso\/\" class=\"block\">\n            <div class=\"responsive-embed is-contain\" style=\"padding-bottom: 188.23529411765%;\"><img decoding=\"async\" width=\"1707\" height=\"2560\" src=\"https:\/\/mutti-parma.com\/app\/uploads\/sites\/15\/2023\/06\/pesto-rosso-ger-scaled.png\" class=\"inline-block mt-2 wp-image-8721\" alt=\"Pesto Rosso\" sizes=\"auto, 126px\" data-spai-crop=\"false\" title=\"Pesto Rosso\" srcset=\"https:\/\/mutti-parma.com\/app\/uploads\/sites\/15\/2023\/06\/pesto-rosso-ger-scaled.png 1707w, https:\/\/mutti-parma.com\/app\/uploads\/sites\/15\/2023\/06\/pesto-rosso-ger-333x500.png 333w, https:\/\/mutti-parma.com\/app\/uploads\/sites\/15\/2023\/06\/pesto-rosso-ger-683x1024.png 683w, https:\/\/mutti-parma.com\/app\/uploads\/sites\/15\/2023\/06\/pesto-rosso-ger-133x200.png 133w, https:\/\/mutti-parma.com\/app\/uploads\/sites\/15\/2023\/06\/pesto-rosso-ger-768x1152.png 768w, https:\/\/mutti-parma.com\/app\/uploads\/sites\/15\/2023\/06\/pesto-rosso-ger-150x225.png 150w, https:\/\/mutti-parma.com\/app\/uploads\/sites\/15\/2023\/06\/pesto-rosso-ger-600x900.png 600w, https:\/\/mutti-parma.com\/app\/uploads\/sites\/15\/2023\/06\/pesto-rosso-ger-1024x1536.png 1024w, https:\/\/mutti-parma.com\/app\/uploads\/sites\/15\/2023\/06\/pesto-rosso-ger-1365x2048.png 1365w\" loading=\"lazy\" \/><\/div>\n    <\/a>\n  \n  <a class=\"block underline mb-2 mt-2\" href=\"https:\/\/mutti-parma.com\/de\/produkte\/pesto-rosso\/\">\n    <h3 class=\"h4\">Pesto Rosso<\/h3>\n  <\/a>\n\n      <a class=\"block hover:no-underline text-inherit\" href=\"https:\/\/mutti-parma.com\/de\/produkte\/pesto-rosso\/\">\n      Tomatenpesto\n    <\/a>\n  <\/div>\n        <\/div>\n          <\/slideshow>\n  <\/div>\n\n\n","protected":false},"excerpt":{"rendered":"<p>Im Pesto Verde treffen vollreife gr\u00fcne Tomaten auf frischen Basilikum, leckeren Parmigiano Reggiano K\u00e4se und einen Hauch Cashewn\u00fcsse &#8211; f\u00fcr ein authentisch italienisches Geschmackserlebnis. Unsere Pestos enthalten ausschlie\u00dflich 100% sonnengereifte italienische Tomaten, sind eine Quelle f\u00fcr Ballaststoffe und enthalten<br \/>\nweniger Salz und Fett als vergleichbare Pestos.<\/p>\n","protected":false},"featured_media":8723,"comment_status":"open","ping_status":"closed","template":"","product_category":[1417],"class_list":["post-7545","product","type-product","status-publish","has-post-thumbnail","hentry","product_category-product-category-6781"],"acf":[],"_links":{"self":[{"href":"https:\/\/mutti-parma.com\/de\/wp-json\/wp\/v2\/product\/7545","targetHints":{"allow":["GET"]}}],"collection":[{"href":"https:\/\/mutti-parma.com\/de\/wp-json\/wp\/v2\/product"}],"about":[{"href":"https:\/\/mutti-parma.com\/de\/wp-json\/wp\/v2\/types\/product"}],"replies":[{"embeddable":true,"href":"https:\/\/mutti-parma.com\/de\/wp-json\/wp\/v2\/comments?post=7545"}],"version-history":[{"count":2,"href":"https:\/\/mutti-parma.com\/de\/wp-json\/wp\/v2\/product\/7545\/revisions"}],"predecessor-version":[{"id":8727,"href":"https:\/\/mutti-parma.com\/de\/wp-json\/wp\/v2\/product\/7545\/revisions\/8727"}],"wp:featuredmedia":[{"embeddable":true,"href":"https:\/\/mutti-parma.com\/de\/wp-json\/wp\/v2\/media\/8723"}],"wp:attachment":[{"href":"https:\/\/mutti-parma.com\/de\/wp-json\/wp\/v2\/media?parent=7545"}],"wp:term":[{"taxonomy":"product_category","embeddable":true,"href":"https:\/\/mutti-parma.com\/de\/wp-json\/wp\/v2\/product_category?post=7545"}],"curies":[{"name":"wp","href":"https:\/\/api.w.org\/{rel}","templated":true}]}}