{"id":16,"date":"2019-10-08T07:37:55","date_gmt":"2019-10-08T07:37:55","guid":{"rendered":"https:\/\/mutti-parma.com\/dk\/?page_id=16"},"modified":"2024-02-27T07:43:13","modified_gmt":"2024-02-27T07:43:13","slug":"privatlivspolitik","status":"publish","type":"page","link":"https:\/\/mutti-parma.com\/dk\/privatlivspolitik\/","title":{"rendered":"Privatlivspolitik"},"content":{"rendered":"\n<h1 class=\"wp-block-heading\"><strong>PRIVATLIVSPOLITIK I HENHOLD TIL DEN GENERELLE FORORDNING OM DATABESKYTTELSE (GDPR) (EU) 2016\/679<\/strong><\/h1>\n\n\n\n<p>I overensstemmelse med EU-forordning 679\/2016 (i det f\u00f8lgende \u201d<strong>GDPR<\/strong>\u201d) og den g\u00e6ldende lovgivning, herunder national lovgivning, om beskyttelse af personoplysninger (i det f\u00f8lgende \u201d<strong>Privatlivspolitik<\/strong>\u201d) informerer vi dig hermed om, at personoplysninger (i det f\u00f8lgende \u201d<strong>Data<\/strong>\u201d) vedr\u00f8rende brugere af denne Hjemmeside (i det f\u00f8lgende \u201d<strong>Registrerede<\/strong>\u201d) vil blive behandlet p\u00e5 f\u00f8lgende m\u00e5der og til f\u00f8lgende form\u00e5l.<\/p>\n\n\n\n<p>Ved behandling af personoplysninger forst\u00e5s enhver behandling eller r\u00e6kke af behandlinger af personoplysninger eller grupper af personoplysninger, uanset om de er lagret i en database eller ej, uanset om det sker automatisk eller ej, s\u00e5som indsamling, registrering, organisering, strukturering, opbevaring, tilpasning eller \u00e6ndring, genfinding, s\u00f8gning, brug, videregivelse ved overf\u00f8rsel, formidling eller enhver anden form for offentligg\u00f8relse, sammenstilling eller samk\u00f8ring, begr\u00e6nsning, sletning eller tilintetg\u00f8relse.<\/p>\n\n\n\n<p>I overensstemmelse med reglerne i GDPR vil behandling, der udf\u00f8res af Dataansvarlige, v\u00e6re baseret p\u00e5 principperne om lovlighed, retf\u00e6rdighed, gennemsigtighed og beskyttelse af fortrolighed.<\/p>\n\n\n\n<h4 class=\"wp-block-heading\"><strong>1. DATAANSVARLIGE<\/strong><\/h4>\n\n\n\n<ul class=\"wp-block-list\">\n<li>Mutti S.p.A.\u00a0 (med hovedkontor i Montechiarugolo, Via Traversetolo 28 (PR &#8211; 43022), momsnummer 02758310342, telefon +39 (0521) 652511, fax +39 (0521) 652596, E-mail\u00a0<a href=\"mailto:muttispa@muttispa.it\">muttispa@muttispa.it<\/a> og \u201dMutti Nordics\u201d med hovedkontor i STOCKHOLM, CONVENDUM VASAGATAN 16 (111 20 ), Momsnummer SE559188233601 telefon +46730789969, er selvst\u00e6ndige dataansvarlige for de Data, der indsamles p\u00e5 denne Hjemmeside;<\/li>\n\n\n\n<li> Udelukkende i forbindelse med Facebook Business Tools (f.eks. knappen \u201dDel\u201d eller Facebook Insight til omdirigering til Facebook-siden fra Muttis hjemmeside) og Facebook Pixels fungerer Mutti S.p.a., Mutti Nordics og Meta Platforms Ireland Ltd. med hovedkontor p\u00e5 4 Grand Canal Square Grand Canal Harbour , Dublin 2 , Ireland som uafh\u00e6ngige dataansvarlige for at m\u00e5le interaktionsniveauet mellem de bes\u00f8gte websteder baseret p\u00e5 de Registreredes pr\u00e6ferencer og levere m\u00e5lrettet reklame inden for det sociale netv\u00e6rk. Du kan finde yderligere oplysninger p\u00e5 nedenst\u00e5ende links om, hvordan data behandles af Facebook, Instagram, Messenger og andre produkter og funktioner, der tilbydes af Meta Platforms Ireland Limited (<a href=\"https:\/\/www.facebook.com\/help\/1561485474074139?ref=dp\">Meta-produkter<\/a>\u00a0eller Produkter). Brugeren kan finde yderligere v\u00e6rkt\u00f8jer og oplysninger i\u00a0<a href=\"https:\/\/www.facebook.com\/settings\">Facebook-indstillingerne<\/a>\u00a0og i\u00a0<a href=\"https:\/\/www.instagram.com\/accounts\/privacy_and_security\/\">Instagram-indstillingerne<\/a>, \u00a0herunder det juridiske grundlag, som Meta Platforms Ireland Ltd. med hovedkontor p\u00e5 4 Grand Canal Square Grand Canal Harbour Dublin 2 Ireland henviser til, og hvordan du ud\u00f8ver dine rettigheder.<\/li>\n<\/ul>\n\n\n\n<h4 class=\"wp-block-heading\"><strong>2. TYPER AF DATA, DER BEHANDLES<\/strong><\/h4>\n\n\n\n<p>F\u00f8lgende Data behandles:<\/p>\n\n\n\n<ul class=\"wp-block-list\">\n<li><strong>Browsingdata<\/strong>: s\u00e5som IP-adresser eller dom\u00e6nenavne p\u00e5 computere, der bruges af brugere, der opretter forbindelse til Hjemmesiden, URI (Uniform Resource Identifier) notationsadresser p\u00e5 anmodede ressourcer, hvis transmission er implicit i brugen af internetkommunikationsprotokoller. Disse oplysninger indsamles ikke med henblik p\u00e5 at blive forbundet med identificerede registrerede, men kan i kraft af deres natur, gennem behandling og forbindelse med data, der opbevares af tredjeparter, g\u00f8re det muligt at identificere brugerne. Disse Data bruges udelukkende til at indhente anonyme statistiske oplysninger om brugen af hjemmesiden og til at kontrollere, at den fungerer korrekt, og de slettes straks efter behandlingen. Dataene kan bruges til at fastsl\u00e5 ansvar i tilf\u00e6lde af hypotetiske computerforbrydelser mod hjemmesiden: I den forbindelse kan oplysninger om webkontakter opbevares i overensstemmelse med og begr\u00e6nset til dette form\u00e5l. Fra IP-adressen og dom\u00e6nenavnet p\u00e5 de anvendte computere vil det v\u00e6re muligt, begr\u00e6nset til form\u00e5let med at fastsl\u00e5 ansvar, at spore yderligere identifikationsdata for brugeren (is\u00e6r navn, efternavn, e-mail-adresse osv.);<\/li>\n\n\n\n<li><strong>Data, som brugeren giver frivilligt<\/strong>: f.eks. identifikationsdata, s\u00e5som navn, efternavn, e-mail, telefonnummer, bop\u00e6lsadresse osv.; alle andre data, der gives, f.eks. n\u00e5r man registrerer sig p\u00e5 Hjemmesiden i det relevante afsnit, eller n\u00e5r man udfylder mulige dataindsamlingsformularer p\u00e5 Hjemmesiden, eller n\u00e5r man k\u00f8ber Mutti-produkter eller abonnerer p\u00e5 specifikke tjenester, s\u00e5som nyhedsbreve eller til udstedelse af rabatkuponer p\u00e5 Mutti-produkter eller kontakt til kundeservice. For afsnittet &#8220;Arbejd med os&#8221; p\u00e5 hjemmesiden inviterer Mutti dig til at konsultere de specifikke oplysninger om behandlingen af s\u00e5danne data;<\/li>\n\n\n\n<li><strong>Data indsamlet via cookies<\/strong>: For information om cookies p\u00e5 Muttis Hjemmeside og andre sporingsv\u00e6rkt\u00f8jer, se venligst Cookiepolitikken [link til Cookiepolitik]. Interaktioner med hjemmesider, der bes\u00f8ges af de Registrerede gennem brug af Facebook Business Tools, indeb\u00e6rer, at data vedr\u00f8rende surfing ogs\u00e5 behandles af Facebook, der fungerer som en selvst\u00e6ndig ejer ligesom Mutti.<\/li>\n<\/ul>\n\n\n\n<h4 class=\"wp-block-heading\"><strong>3. MINDRE\u00c5RIGE<\/strong><\/h4>\n\n\n\n<p>Denne Hjemmeside og de Dataansvarliges tjenester er ikke beregnet til b\u00f8rn under 16 \u00e5r, og de dataansvarlige indsamler ikke bevidst personlige oplysninger fra mindre\u00e5rige. I tilf\u00e6lde af at oplysninger om mindre\u00e5rige registreres utilsigtet, vil de Dataansvarlige straks slette dem efter anmodning fra brugerne. Det er meget vigtigt for os at beskytte mindre\u00e5riges sikkerhed og privatliv. Ved at registrere sig p\u00e5 Hjemmesiden i det relevante afsnit samt ved at udfylde eventuelle dataindsamlingsformularer p\u00e5 Hjemmesiden eller ved at anmode om at f\u00e5 sendt\/tilmelde sig nyhedsbrevet bekr\u00e6fter og erkl\u00e6rer den Registrerede, at han\/hun er mindst 16 \u00e5r gammel eller under alle omst\u00e6ndigheder, at han\/hun ikke er yngre end den alder, der er angivet i lovgivningen i hans\/hendes bop\u00e6lsland.<\/p>\n\n\n\n<h4 class=\"wp-block-heading\"><strong>4. FORM\u00c5L MED BEHANDLINGEN<\/strong><\/h4>\n\n\n\n<p>Personoplysninger, der leveres af de Registrerede via Hjemmesiden, indsamles og behandles af de Dataansvarlige til f\u00f8lgende form\u00e5l og retsgrundlag:<\/p>\n\n\n\n<p><strong>A. Uden forudg\u00e5ende samtykke til serviceform\u00e5l og i s\u00e6rdeleshed til:<\/strong><\/p>\n\n\n\n<p>1. opfyldelse af kontrakten og\/eller forpligtelser forud for kontraktindg\u00e5else, is\u00e6r:<\/p>\n\n\n\n<ul class=\"wp-block-list\">\n<li>deltagelse i arrangementer\/konkurrencer, der er underlagt specifikke regler eller generelle vilk\u00e5r og betingelser, som vil blive forelagt til accept;<\/li>\n\n\n\n<li>enhver teknisk telefonservice, der ydes til den p\u00e5g\u00e6ldende person i forbindelse med kritiske problemer, der opst\u00e5r ved brug af hjemmesiden (f.eks. visning af indhold, brug af hjemmesiden og nogle af dens funktioner);\u00a0<\/li>\n\n\n\n<li>h\u00e5ndtering af en kontaktanmodning fra den registrerede;<\/li>\n<\/ul>\n\n\n\n<p>2. de Dataansvarliges opfyldelse af juridiske forpligtelser, som f.eks:<\/p>\n\n\n\n<ul class=\"wp-block-list\">\n<li>overholdelse af forpligtelser, der er fastlagt i love, forordninger eller national lovgivning og EU-lovgivning eller p\u00e5lagt af de kompetente myndigheder;<\/li>\n<\/ul>\n\n\n\n<p>3. forf\u00f8lgelse af de Dataansvarliges legitime interesser, f.eks:<\/p>\n\n\n\n<ul class=\"wp-block-list\">\n<li>administration og vedligeholdelse af Hjemmesiden: de Dataansvarliges interesse ligger i en virksomheds generelle interesse i at sikre virksomhedens drift, herunder ved hj\u00e6lp af driften af Hjemmesiden og vedtagelsen af mulige effektiviseringer i den tilbudte service;<\/li>\n\n\n\n<li>forebyggelse eller afsl\u00f8ring af svigagtige aktiviteter eller misbrug, der skader Hjemmesiden, samt ud\u00f8velse og beskyttelse af de Dataansvarliges rettigheder i retssager og h\u00e5ndtering af retssager: de Dataansvarliges interesse er den generelle, reelle og aktuelle interesse i ikke at lide skade som f\u00f8lge af andres ulovlige adf\u00e6rd, som s\u00e5dan overordnet med hensyn til den ber\u00f8rte persons interesser.<\/li>\n<\/ul>\n\n\n\n<p><strong>B. kun med forudg\u00e5ende tilladelse til:<\/strong><\/p>\n\n\n\n<p>1. Markedsf\u00f8ringsform\u00e5l, is\u00e6r til:<\/p>\n\n\n\n<ul class=\"wp-block-list\">\n<li>at sende kommerciel og salgsfremmende kommunikation vedr\u00f8rende produkter, tjenester, s\u00e6rlige initiativer og invitationer til begivenheder via nyhedsbreve og\/eller automatiserede v\u00e6rkt\u00f8jer (e-mail, sociale medier, social chat osv.);<\/li>\n\n\n\n<li>registrering til tjenester og funktionaliteter, der tilbydes den enkelte bruger af hjemmesiden;<\/li>\n<\/ul>\n\n\n\n<p>2. Form\u00e5l med at bruge Facebook-v\u00e6rkt\u00f8jer til at m\u00e5le og analysere interaktioner med websider, som de Registrerede har bes\u00f8gt, og til at levere m\u00e5lrettet annoncering p\u00e5 is\u00e6r Facebooks sociale netv\u00e6rk:<\/p>\n\n\n\n<ul class=\"wp-block-list\">\n<li>de Dataansvarlige og Facebook Ireland Limited behandler, som selvst\u00e6ndige dataansvarlige som beskrevet i afsnit 1), data vedr\u00f8rende interaktioner med hjemmesider, som de Registrerede har bes\u00f8gt, ved brug af Facebook Business Tools (f.eks. Facebook Cookies, Insight og Pixel). Mere information om, hvordan Meta Platforms Ireland Ltd. behandler Dataene, herunder det juridiske grundlag, hvorp\u00e5 Meta Platforms Ireland Ltd. henviser til, og om hvordan du ud\u00f8ver dine rettigheder over for Meta Platforms Ireland Ltd.kan findes i Facebook Irelands datapolitik p\u00e5 https:\/\/www.facebook.com\/privacy\/explanation;<\/li>\n\n\n\n<li>De Dataansvarliges Hjemmeside bruger is\u00e6r s\u00e5kaldte social plug-ins. Social Plug-ins er specialv\u00e6rkt\u00f8jer, der g\u00f8r det muligt at inkorporere sociale netv\u00e6rksfunktioner direkte p\u00e5 Hjemmesiden (f.eks. knappen &#8220;Del&#8221; eller Facebook-ikonet til at omdirigere til Facebook-siden fra Muttis hjemmeside). Alle social plug-ins p\u00e5 hjemmesiden er markeret med det respektive logo, der ejes af det sociale netv\u00e6rks platform. Indsamling og brug af oplysninger, der er indhentet ved hj\u00e6lp af plugin, er underlagt de respektive privatlivspolitikker for de sociale netv\u00e6rk, som der henvises til.<\/li>\n<\/ul>\n\n\n\n<p>N\u00e5r du bes\u00f8ger en side p\u00e5 vores hjemmeside og interagerer med plug-in&#8217;et (f.eks. ved at klikke p\u00e5 knappen &#8220;Del&#8221; eller Facebook-ikonet for at omdirigere til Facebook-siden fra Muttis hjemmeside) eller beslutter dig for at efterlade en kommentar, overf\u00f8res de tilsvarende oplysninger fra din browser direkte til den sociale netv\u00e6rksplatform (i dette tilf\u00e6lde Facebook) og gemmes der. Mere information om, hvordan Meta Platforms Ireland Ltd. behandler Dataene, herunder det juridiske grundlag, hvorp\u00e5 Meta Platforms Ireland Ltd. henviser til, og om hvordan du ud\u00f8ver dine rettigheder over for Meta Platforms Ireland Ltd. kan findes i datapolitikken for Meta Platforms Ireland Ltd. p\u00e5 https:\/\/www.facebook.com\/privacy\/explanation<\/p>\n\n\n\n<h4 class=\"wp-block-heading\"><strong>5. ARTEN AF TILDELING<\/strong><\/h4>\n\n\n\n<p>Levering af data i forbindelse med de form\u00e5l, der er angivet i punkt A), er obligatorisk, og ethvert afslag p\u00e5 at levere s\u00e5danne data vil g\u00f8re det umuligt for den Dataansvarlige at opfylde de kontraktlige forpligtelser, der er indg\u00e5et, eller at im\u00f8dekomme anmodninger fra den Registrerede eller at opfylde sine juridiske forpligtelser. Med hensyn til de form\u00e5l, der henvises til i punkt B.1), er levering af personoplysninger valgfri, og brugen heraf er betinget af den Registreredes udtrykkelige samtykke. Enhver afvisning af at give samtykke har ingen anden virkning end den, at det ikke er muligt at informere de Registrerede beh\u00f8rigt om initiativer fra Virksomheden, der kan v\u00e6re af interesse for dem. Med hensyn til de form\u00e5l, der henvises til i punkt B.2), er levering af personoplysninger valgfri, og brugen heraf er betinget den Registreredes frivillige interaktion med det sociale plug-in. Manglende interaktion har ingen konsekvenser, og den Registrerede kan forts\u00e6tte med at surfe p\u00e5 Hjemmesiden uden at interagere direkte med den sociale netv\u00e6rksplatform.<\/p>\n\n\n\n<h4 class=\"wp-block-heading\"><strong>6. BEHANDLINGSMETODER<\/strong><\/h4>\n\n\n\n<p>Behandlingen af de Registreredes data udf\u00f8res &#8211; med elektroniske midler &#8211; ved hj\u00e6lp af indsamling, registrering, opdatering, organisering, opbevaring, konsultation, behandling, udv\u00e6lgelse, uddragning, sammenligning, brug, sammenkobling, blokering, sletning og destruktion af Dataene. Dataene skal behandles af Virksomheden og dens medarbejdere ved hj\u00e6lp af edb-systemer (og manuelle systemer) i overensstemmelse med principperne om retf\u00e6rdighed, loyalitet og gennemsigtighed, der er fastsat i den g\u00e6ldende databeskyttelseslovgivning, og beskytte den Registreredes fortrolighed og hans\/hendes rettigheder ved at vedtage passende tekniske og organisatoriske foranstaltninger for at sikre et sikkerhedsniveau, der passer til risikoen. Specifikke sikkerhedsforanstaltninger overholdes for at forhindre tab af data, ulovlig eller forkert brug og uautoriseret adgang.&nbsp;<\/p>\n\n\n\n<h4 class=\"wp-block-heading\"><strong>7. OPBEVARING AF DATA<\/strong><\/h4>\n\n\n\n<p>Med henvisning til de form\u00e5l, der er anf\u00f8rt i punkt A) i afsnit 4 (Form\u00e5l med behandlingen), vil Data blive behandlet i hele forholdets varighed for at opn\u00e5 de f\u00f8rn\u00e6vnte form\u00e5l og under alle omst\u00e6ndigheder ikke l\u00e6ngere end 10 \u00e5r fra udf\u00f8relsen af kontrakten, hvis der er indg\u00e5et en kontrakt. Navigationsdata vil blive behandlet og gemt i 7 dage. De Data, der er n\u00f8dvendige for at opfylde eventuelle juridiske forpligtelser, vil ogs\u00e5 blive opbevaret p\u00e5 et senere tidspunkt i overensstemmelse med disse forpligtelser og i overensstemmelse med de opbevaringsperioder, der er fastsat i de til enhver tid g\u00e6ldende regler.&nbsp;<\/p>\n\n\n\n<p>For de Data, der overdrages til de form\u00e5l, der er angivet i punkt B, nr. 1. (markedsf\u00f8ring), der henvises til i afsnit 4 (Form\u00e5l med behandlingen), vil Dataene blive opbevaret i 24 m\u00e5neder efter indsamling til behandling til markedsf\u00f8ringsform\u00e5l. Efter udl\u00f8bet af denne periode vil Dataene blive slettet eller anonymiseret, og de Registrerede kan til enhver tid \u00e6ndre eller tilbagekalde deres samtykke til de Dataansvarliges behandling af deres oplysninger til markedsf\u00f8ringsform\u00e5l.&nbsp;<\/p>\n\n\n\n<p>For de Data, der overdrages til de form\u00e5l, der er angivet i punkt B, nr. 2. (brug af Facebook Business Tools) i afsnit 4 (Form\u00e5l med behandlingen), vil Dataene blive behandlet som angivet af Meta Platforms Ireland Ltd. &nbsp;i Facebooks datapolitik, som kan findes p\u00e5 https:\/\/www.facebook.com\/privacy\/explanation.&nbsp;<\/p>\n\n\n\n<h4 class=\"wp-block-heading\"><strong>8. OMFANG AF BEHANDLING, KOMMUNIKATION, FORMIDLING&nbsp;<\/strong><\/h4>\n\n\n\n<p>De Registreredes data vil blive gjort tilg\u00e6ngelige og behandlet til de form\u00e5l, der er beskrevet i punkt 4 i dette dokument:<\/p>\n\n\n\n<ul class=\"wp-block-list\">\n<li>for internt personale og<strong>&nbsp;<\/strong>samarbejdspartnere hos de Dataansvarlige Mutti S.p.a. og Mutti Nordics (i deres egenskab af ansvarlige og\/eller interne databehandlere og\/eller systemadministratorer);<\/li>\n\n\n\n<li>for virksomheder, der tilh\u00f8rer Mutti koncernen;<\/li>\n\n\n\n<li>for tredjeparter, der udf\u00f8rer aktiviteter i outsourcing p\u00e5 vegne af de Dataansvarlige Mutti S.p.a og Mutti Nordics (som f.eks. udbydere af administration og vedligeholdelse af Hjemmesiden, leverand\u00f8rer, virksomheder, der udsteder reklamekuponer, virksomheder, der administrerer de Dataansvarliges konkurrencer og kampagner osv.), underlagt deres udn\u00e6vnelse som databehandlere, begr\u00e6nset til de form\u00e5l, der er planlagt i denne informationsmeddelelse og i overensstemmelse med GDPR-reglerne.<\/li>\n<\/ul>\n\n\n\n<p>De indsamlede Data vil ikke blive formidlet og vil ikke blive videregivet uden udtrykkeligt samtykke fra den Registrerede.<\/p>\n\n\n\n<p>Tv\u00e6rtimod kan den Dataansvarlige uden behov for udtrykkeligt samtykke (i henhold til artikel 6 i GDPR) videregive dine oplysninger til tilsynsorganer, offentlige organer, kontrolmyndigheder, politi og retslige myndigheder samt til alle de personer, som det er lovpligtigt at videregive oplysninger til, for at opfylde de f\u00f8rn\u00e6vnte form\u00e5l. Disse parter vil behandle oplysningerne i deres egenskab af uafh\u00e6ngige dataansvarlige.<\/p>\n\n\n\n<p>Den komplette og opdaterede liste over de personer, der behandler Dataene som Databehandlere og uafh\u00e6ngige Dataansvarlige, kan f\u00e5s ved henvendelse til Mutti S.p.A. med hovedkontor i Montechiarugolo, Via Traversetolo 28 (PR &#8211; 43022) og til Mutti Nordics STOCKHOLM, CONVENDUM VASAGATAN 16 (111 20 ).<\/p>\n\n\n\n<h4 class=\"wp-block-heading\"><strong>9. OVERF\u00d8RSEL UDEN FOR EU&nbsp;<\/strong><\/h4>\n\n\n\n<p>Dataansvarlige kan overf\u00f8re Dataene uden for EU, nemlig til USA for den tekniske administration af visse behandlingsoperationer (f.eks. administration af mailinglister og registrerede konti).&nbsp; Til dette form\u00e5l vurderer de Dataansvarlige Mutti S.p.a. og Mutti Nordics virkningen af dataoverf\u00f8rsler og vedtager derfor de mest hensigtsm\u00e6ssige sikkerhedsforanstaltninger (f.eks. anvendelse af afg\u00f8relser om tilstr\u00e6kkeligheden af beskyttelsesniveauet, hvor s\u00e5danne findes, eller standardkontraktbestemmelser og, i nogle begr\u00e6nsede tilf\u00e6lde, undtagelser tilladt ved lov).&nbsp;<\/p>\n\n\n\n<p>For oplysninger om overf\u00f8rsel af personoplysninger indsamlet ved hj\u00e6lp af cookies, herunder tredjeparters, henvises til Muttis Cookiepolitik og til de enkelte tredjeparters privatlivspolitikker, der er tilg\u00e6ngelige p\u00e5 deres hjemmesider og kan findes i tabellerne i Cookiepolitikken. Is\u00e6r til disse form\u00e5l vil sociale netv\u00e6rk behandle de Registreredes Data som uafh\u00e6ngige dataansvarlige. For yderligere oplysninger om den databehandling, der udf\u00f8res af disse sociale netv\u00e6rk (f.eks. Facebook, Instagram, Twitter og Youtube), inviterer vi dig til at l\u00e6se de privatlivspolitikker, der er vedtaget af de sociale netv\u00e6rk p\u00e5 f\u00f8lgende links:<\/p>\n\n\n\n<ul class=\"wp-block-list\">\n<li><a href=\"https:\/\/www.facebook.com\/privacy\/explanation\">https:\/\/www.facebook.com\/privacy\/explanation<\/a>;<\/li>\n\n\n\n<li><a href=\"https:\/\/help.instagram.com\/519522125107875\">https:\/\/help.instagram.com\/519522125107875<\/a>;<\/li>\n\n\n\n<li><a href=\"https:\/\/twitter.com\/en\/privacy\">https:\/\/twitter.com\/en\/privacy<\/a>;<\/li>\n\n\n\n<li><a href=\"https:\/\/policies.google.com\/privacy?hl=ita\">https:\/\/policies.google.com\/privacy?hl=ita<\/a>.&nbsp;<\/li>\n<\/ul>\n\n\n\n<h4 class=\"wp-block-heading\"><strong>10. DEN REGISTREREDES RETTIGHEDER<\/strong><\/h4>\n\n\n\n<p>De Registrerede kan i forbindelse med den databehandling, der er beskrevet heri, ud\u00f8ve de rettigheder, der er fastsat i artikel 15-22 i GDPR, og mere specifikt:<\/p>\n\n\n\n<ul class=\"wp-block-list\">\n<li>ret til at f\u00e5 bekr\u00e6ftet eksistensen af personoplysninger om dem, selv om de endnu ikke er registreret, og adgang til deres indhold (ret til adgang);<\/li>\n\n\n\n<li>ret til at f\u00e5 opdateret, \u00e6ndret og\/eller korrigeret personoplysninger (ret til berigtigelse);<\/li>\n\n\n\n<li>ret til at anmode om sletning af personoplysninger eller begr\u00e6nsning af behandlingen af ulovligt behandlede oplysninger, herunder oplysninger, hvis opbevaring er un\u00f8dvendig af hensyn til de form\u00e5l, hvortil oplysningerne blev indsamlet eller p\u00e5 anden m\u00e5de behandlet (ret til at blive glemt og ret til begr\u00e6nsning);<\/li>\n\n\n\n<li>ret til at indgive en klage til den kompetente tilsynsmyndighed i tilf\u00e6lde af en overtr\u00e6delse af databeskyttelsesreglerne;<\/li>\n\n\n\n<li>ret til at g\u00f8re indsigelse mod behandlingen (ret til indsigelse);<\/li>\n\n\n\n<li>ret til at tilbagekalde samtykke, hvor det er givet, uden at det ber\u00f8rer lovligheden af behandlingen baseret p\u00e5 det samtykke, der blev givet f\u00f8r tilbagekaldelsen;<\/li>\n\n\n\n<li>ret til helt eller delvist at g\u00f8re indsigelse mod en automatiseret indsamlingsproces, herunder profilering;<\/li>\n\n\n\n<li>ret til at modtage en kopi af de personoplysninger, der er givet til den Dataansvarlige, i et struktureret, almindeligt anvendt og maskinl\u00e6sbart format, og til at anmode om, at s\u00e5danne oplysninger overf\u00f8res til en anden dataansvarlig, hvor det er teknisk muligt (ret til dataportabilitet).<\/li>\n<\/ul>\n\n\n\n<h4 class=\"wp-block-heading\"><strong>11. S\u00c5DAN KAN DU UD\u00d8VE DINE RETTIGHEDER<\/strong><\/h4>\n\n\n\n<p>Du kan til enhver tid ud\u00f8ve dine rettigheder ved at sende en meddelelse pr. anbefalet post til de uafh\u00e6ngige Dataansvarlige p\u00e5 adressen Mutti S.p.A., Via Traversetolo n. 28, Montechiarugolo (PR &#8211; 43022), eller pr. e-mail til adressen <a href=\"mailto:muttispa@muttispa.it\">muttispa@muttispa.it<\/a>. eller til Mutti Nordics, STOCKHOLM, at CONVENDUM VASAGATAN 16 (111 20 ).&nbsp;<\/p>\n\n\n\n<h4 class=\"wp-block-heading\"><strong>12. \u00c6NDRINGER TIL DENNE PRIVATLIVSPOLITIK<\/strong><\/h4>\n\n\n\n<p>Denne informationsmeddelelse kan blive \u00e6ndret over tid i forbindelse med implementering af lovbestemmelser, der er vedtaget inden for privatlivets fred. Du opfordres derfor til at tjekke denne side regelm\u00e6ssigt. Til dette form\u00e5l fremh\u00e6ves datoen for opdateringen.<\/p>\n\n\n\n<p><em>Sidste revision oktober 2023<\/em><\/p>\n","protected":false},"excerpt":{"rendered":"<p>PRIVATLIVSPOLITIK I HENHOLD TIL DEN GENERELLE FORORDNING OM DATABESKYTTELSE (GDPR) (EU) 2016\/679 I overensstemmelse med EU-forordning 679\/2016 (i det f\u00f8lgende \u201dGDPR\u201d) og den g\u00e6ldende lovgivning, herunder national lovgivning, om beskyttelse af personoplysninger (i det f\u00f8lgende \u201dPrivatlivspolitik\u201d) informerer vi dig hermed om, at personoplysninger (i det f\u00f8lgende \u201dData\u201d) vedr\u00f8rende brugere af denne Hjemmeside (i det f\u00f8lgende<\/p>\n","protected":false},"author":1,"featured_media":0,"parent":0,"menu_order":36,"comment_status":"closed","ping_status":"closed","template":"template-privacy-policy.php","meta":{"_acf_changed":false,"_relevanssi_hide_post":"","_relevanssi_hide_content":"","_relevanssi_pin_for_all":"","_relevanssi_pin_keywords":"","_relevanssi_unpin_keywords":"","_relevanssi_related_keywords":"","_relevanssi_related_include_ids":"","_relevanssi_related_exclude_ids":"","_relevanssi_related_no_append":"","_relevanssi_related_not_related":"","_relevanssi_related_posts":"","_relevanssi_noindex_reason":"","footnotes":""},"class_list":["post-16","page","type-page","status-publish","hentry"],"acf":[],"_links":{"self":[{"href":"https:\/\/mutti-parma.com\/dk\/wp-json\/wp\/v2\/pages\/16","targetHints":{"allow":["GET"]}}],"collection":[{"href":"https:\/\/mutti-parma.com\/dk\/wp-json\/wp\/v2\/pages"}],"about":[{"href":"https:\/\/mutti-parma.com\/dk\/wp-json\/wp\/v2\/types\/page"}],"author":[{"embeddable":true,"href":"https:\/\/mutti-parma.com\/dk\/wp-json\/wp\/v2\/users\/1"}],"replies":[{"embeddable":true,"href":"https:\/\/mutti-parma.com\/dk\/wp-json\/wp\/v2\/comments?post=16"}],"version-history":[{"count":10,"href":"https:\/\/mutti-parma.com\/dk\/wp-json\/wp\/v2\/pages\/16\/revisions"}],"predecessor-version":[{"id":6958,"href":"https:\/\/mutti-parma.com\/dk\/wp-json\/wp\/v2\/pages\/16\/revisions\/6958"}],"wp:attachment":[{"href":"https:\/\/mutti-parma.com\/dk\/wp-json\/wp\/v2\/media?parent=16"}],"curies":[{"name":"wp","href":"https:\/\/api.w.org\/{rel}","templated":true}]}}