{"id":3222,"date":"2021-08-30T15:40:58","date_gmt":"2021-08-30T15:40:58","guid":{"rendered":"https:\/\/mutti-parma.com\/dk\/?page_id=3222"},"modified":"2023-02-23T17:20:43","modified_gmt":"2023-02-23T17:20:43","slug":"baeredygtighed","status":"publish","type":"page","link":"https:\/\/mutti-parma.com\/dk\/baeredygtighed\/","title":{"rendered":"B\u00e6redygtighed og tomatdyrkning"},"content":{"rendered":"\n<h1 class=\"has-text-align-center wp-block-heading\">B\u00e6redygtighed og tomatdyrkning<\/h1>\n\n\n<div class=\"acf-article-listing alignwide \">\n  \n      <div class=\"flex flex-wrap justify-center -mx-8\">\n              <div class=\"w-1\/3 my-4 px-8\">\n          <div class=\"max-w-96 mx-auto\">\n      <a href=\"https:\/\/mutti-parma.com\/dk\/all-articles\/hvordan-paavirkes-tomatdyrkningen-af-klimaforandringer\/\" class=\"block\">\n      <div class=\"responsive-embed \" style=\"padding-bottom: 67.567567567568%;\"><img decoding=\"async\" width=\"2400\" height=\"1602\" src=\"https:\/\/mutti-parma.com\/app\/uploads\/sites\/3\/2019\/09\/feeling-image-farm-lands.jpg\" class=\"inline-block wp-image-300000152\" alt=\"tomater lander\" data-spai-crop=\"true\" srcset=\"https:\/\/mutti-parma.com\/app\/uploads\/sites\/3\/2019\/09\/feeling-image-farm-lands.jpg 2400w, https:\/\/mutti-parma.com\/app\/uploads\/sites\/3\/2019\/09\/feeling-image-farm-lands-200x133.jpg 200w, https:\/\/mutti-parma.com\/app\/uploads\/sites\/3\/2019\/09\/feeling-image-farm-lands-500x334.jpg 500w, https:\/\/mutti-parma.com\/app\/uploads\/sites\/3\/2019\/09\/feeling-image-farm-lands-768x513.jpg 768w, https:\/\/mutti-parma.com\/app\/uploads\/sites\/3\/2019\/09\/feeling-image-farm-lands-1024x683.jpg 1024w, https:\/\/mutti-parma.com\/app\/uploads\/sites\/3\/2019\/09\/feeling-image-farm-lands-150x100.jpg 150w, https:\/\/mutti-parma.com\/app\/uploads\/sites\/3\/2019\/09\/feeling-image-farm-lands-600x400.jpg 600w\" sizes=\"auto, (max-width: 2400px) 100vw, 2400px\" loading=\"lazy\" \/><\/div>\n    <\/a>\n  \n  <div class=\"flex h5\">\n    <div>\n      August 22, 2021\n    <\/div>\n          <div class=\"border-r border-primary pr-3 mr-3 mb-1\"><\/div>\n      <div class=\"\">\n                  <a href=\"https:\/\/mutti-parma.com\/dk\/tag\/baeredygtighed\/\">#b\u00e6redygtighed<\/a>\n              <\/div>\n      <\/div>\n\n  <a class=\"block no-underline mb-2 hover:underline\" href=\"https:\/\/mutti-parma.com\/dk\/all-articles\/hvordan-paavirkes-tomatdyrkningen-af-klimaforandringer\/\">\n    <h3>Hvordan p\u00e5virkes tomater af klimaforandringer?<\/h3>\n  <\/a>\n\n  <a class=\"block h5 underline\" href=\"https:\/\/mutti-parma.com\/dk\/all-articles\/hvordan-paavirkes-tomatdyrkningen-af-klimaforandringer\/\">\n    L\u00e6s mere\r\n\n  <\/a>\n<\/div>\n        <\/div>\n              <div class=\"w-1\/3 my-4 px-8\">\n          <div class=\"max-w-96 mx-auto\">\n      <a href=\"https:\/\/mutti-parma.com\/dk\/all-articles\/respekten-for-biologisk-mangfoldighed-beskytter-livet\/\" class=\"block\">\n      <div class=\"responsive-embed \" style=\"padding-bottom: 67.567567567568%;\"><img decoding=\"async\" width=\"2400\" height=\"1800\" src=\"https:\/\/mutti-parma.com\/app\/uploads\/sites\/3\/2019\/09\/banner-process.jpg\" class=\"inline-block wp-image-300000159\" alt=\"produktion af tomater\" data-spai-crop=\"true\" srcset=\"https:\/\/mutti-parma.com\/app\/uploads\/sites\/3\/2019\/09\/banner-process.jpg 2400w, https:\/\/mutti-parma.com\/app\/uploads\/sites\/3\/2019\/09\/banner-process-200x150.jpg 200w, https:\/\/mutti-parma.com\/app\/uploads\/sites\/3\/2019\/09\/banner-process-500x375.jpg 500w, https:\/\/mutti-parma.com\/app\/uploads\/sites\/3\/2019\/09\/banner-process-768x576.jpg 768w, https:\/\/mutti-parma.com\/app\/uploads\/sites\/3\/2019\/09\/banner-process-1024x768.jpg 1024w, https:\/\/mutti-parma.com\/app\/uploads\/sites\/3\/2019\/09\/banner-process-150x113.jpg 150w, https:\/\/mutti-parma.com\/app\/uploads\/sites\/3\/2019\/09\/banner-process-600x450.jpg 600w, https:\/\/mutti-parma.com\/app\/uploads\/sites\/3\/2019\/09\/banner-process-800x600.jpg 800w\" sizes=\"auto, (max-width: 2400px) 100vw, 2400px\" loading=\"lazy\" \/><\/div>\n    <\/a>\n  \n  <div class=\"flex h5\">\n    <div>\n      August 22, 2021\n    <\/div>\n          <div class=\"border-r border-primary pr-3 mr-3 mb-1\"><\/div>\n      <div class=\"\">\n                  <a href=\"https:\/\/mutti-parma.com\/dk\/tag\/baeredygtighed\/\">#b\u00e6redygtighed<\/a>\n              <\/div>\n      <\/div>\n\n  <a class=\"block no-underline mb-2 hover:underline\" href=\"https:\/\/mutti-parma.com\/dk\/all-articles\/respekten-for-biologisk-mangfoldighed-beskytter-livet\/\">\n    <h3>Beskyttelse af den biologiske mangfoldighed<\/h3>\n  <\/a>\n\n  <a class=\"block h5 underline\" href=\"https:\/\/mutti-parma.com\/dk\/all-articles\/respekten-for-biologisk-mangfoldighed-beskytter-livet\/\">\n    L\u00e6s mere\r\n\n  <\/a>\n<\/div>\n        <\/div>\n              <div class=\"w-1\/3 my-4 px-8\">\n          <div class=\"max-w-96 mx-auto\">\n      <a href=\"https:\/\/mutti-parma.com\/dk\/all-articles\/tomater-af-baeredygtig-kvalitet-smager-bedre\/\" class=\"block\">\n      <div class=\"responsive-embed \" style=\"padding-bottom: 67.567567567568%;\"><img decoding=\"async\" width=\"1472\" height=\"1472\" src=\"https:\/\/mutti-parma.com\/app\/uploads\/sites\/3\/2019\/09\/section-golden-tomato-winners-growing-cycle.jpg\" class=\"inline-block wp-image-30000041\" alt=\"tomatoes\" data-spai-crop=\"true\" srcset=\"https:\/\/mutti-parma.com\/app\/uploads\/sites\/3\/2019\/09\/section-golden-tomato-winners-growing-cycle.jpg 1472w, https:\/\/mutti-parma.com\/app\/uploads\/sites\/3\/2019\/09\/section-golden-tomato-winners-growing-cycle-200x200.jpg 200w, https:\/\/mutti-parma.com\/app\/uploads\/sites\/3\/2019\/09\/section-golden-tomato-winners-growing-cycle-500x500.jpg 500w, https:\/\/mutti-parma.com\/app\/uploads\/sites\/3\/2019\/09\/section-golden-tomato-winners-growing-cycle-768x768.jpg 768w, https:\/\/mutti-parma.com\/app\/uploads\/sites\/3\/2019\/09\/section-golden-tomato-winners-growing-cycle-1024x1024.jpg 1024w, https:\/\/mutti-parma.com\/app\/uploads\/sites\/3\/2019\/09\/section-golden-tomato-winners-growing-cycle-150x150.jpg 150w, https:\/\/mutti-parma.com\/app\/uploads\/sites\/3\/2019\/09\/section-golden-tomato-winners-growing-cycle-600x600.jpg 600w, https:\/\/mutti-parma.com\/app\/uploads\/sites\/3\/2019\/09\/section-golden-tomato-winners-growing-cycle-50x50.jpg 50w, https:\/\/mutti-parma.com\/app\/uploads\/sites\/3\/2019\/09\/section-golden-tomato-winners-growing-cycle-60x60.jpg 60w\" sizes=\"auto, (max-width: 1472px) 100vw, 1472px\" loading=\"lazy\" \/><\/div>\n    <\/a>\n  \n  <div class=\"flex h5\">\n    <div>\n      August 22, 2021\n    <\/div>\n          <div class=\"border-r border-primary pr-3 mr-3 mb-1\"><\/div>\n      <div class=\"\">\n                  <a href=\"https:\/\/mutti-parma.com\/dk\/tag\/baeredygtighed\/\">#b\u00e6redygtighed<\/a>\n              <\/div>\n      <\/div>\n\n  <a class=\"block no-underline mb-2 hover:underline\" href=\"https:\/\/mutti-parma.com\/dk\/all-articles\/tomater-af-baeredygtig-kvalitet-smager-bedre\/\">\n    <h3>B\u00e6redygtige tomater smager bedre<\/h3>\n  <\/a>\n\n  <a class=\"block h5 underline\" href=\"https:\/\/mutti-parma.com\/dk\/all-articles\/tomater-af-baeredygtig-kvalitet-smager-bedre\/\">\n    L\u00e6s mere\r\n\n  <\/a>\n<\/div>\n        <\/div>\n          <\/div>\n  \n  <\/div>\n\n\n\n<div style=\"height:20px\" aria-hidden=\"true\" class=\"wp-block-spacer\"><\/div>\n\n\n\n<h3 class=\"has-text-align-center wp-block-heading\"><a href=\"https:\/\/mutti-parma.com\/dk\/vores-vaerdier\/\" data-type=\"URL\" data-id=\"https:\/\/mutti-parma.com\/dk\/vores-vaerdier\/\">L\u00e6s om vores v\u00e6rdier<\/a><\/h3>\n","protected":false},"excerpt":{"rendered":"<p>B\u00e6redygtighed og tomatdyrkning L\u00e6s om vores v\u00e6rdier<\/p>\n","protected":false},"author":1,"featured_media":0,"parent":0,"menu_order":18,"comment_status":"closed","ping_status":"closed","template":"","meta":{"_acf_changed":false,"_relevanssi_hide_post":"","_relevanssi_hide_content":"","_relevanssi_pin_for_all":"","_relevanssi_pin_keywords":"","_relevanssi_unpin_keywords":"","_relevanssi_related_keywords":"","_relevanssi_related_include_ids":"","_relevanssi_related_exclude_ids":"","_relevanssi_related_no_append":"","_relevanssi_related_not_related":"","_relevanssi_related_posts":"","_relevanssi_noindex_reason":"","footnotes":""},"class_list":["post-3222","page","type-page","status-publish","hentry"],"acf":[],"_links":{"self":[{"href":"https:\/\/mutti-parma.com\/dk\/wp-json\/wp\/v2\/pages\/3222","targetHints":{"allow":["GET"]}}],"collection":[{"href":"https:\/\/mutti-parma.com\/dk\/wp-json\/wp\/v2\/pages"}],"about":[{"href":"https:\/\/mutti-parma.com\/dk\/wp-json\/wp\/v2\/types\/page"}],"author":[{"embeddable":true,"href":"https:\/\/mutti-parma.com\/dk\/wp-json\/wp\/v2\/users\/1"}],"replies":[{"embeddable":true,"href":"https:\/\/mutti-parma.com\/dk\/wp-json\/wp\/v2\/comments?post=3222"}],"version-history":[{"count":4,"href":"https:\/\/mutti-parma.com\/dk\/wp-json\/wp\/v2\/pages\/3222\/revisions"}],"predecessor-version":[{"id":3923,"href":"https:\/\/mutti-parma.com\/dk\/wp-json\/wp\/v2\/pages\/3222\/revisions\/3923"}],"wp:attachment":[{"href":"https:\/\/mutti-parma.com\/dk\/wp-json\/wp\/v2\/media?parent=3222"}],"curies":[{"name":"wp","href":"https:\/\/api.w.org\/{rel}","templated":true}]}}