{"id":3228,"date":"2021-08-30T15:49:38","date_gmt":"2021-08-30T15:49:38","guid":{"rendered":"https:\/\/mutti-parma.com\/dk\/?page_id=3228"},"modified":"2023-02-23T17:20:47","modified_gmt":"2023-02-23T17:20:47","slug":"respekt","status":"publish","type":"page","link":"https:\/\/mutti-parma.com\/dk\/respekt\/","title":{"rendered":"Respekt og samarbejde med vores landm\u00e6nd"},"content":{"rendered":"\n<h1 class=\"has-text-align-center wp-block-heading\">Respekt og samarbejde med vores landm\u00e6nd<\/h1>\n\n\n<div class=\"acf-article-listing alignwide \">\n  \n      <div class=\"flex flex-wrap justify-center -mx-8\">\n              <div class=\"w-1\/3 my-4 px-8\">\n          <div class=\"max-w-96 mx-auto\">\n      <a href=\"https:\/\/mutti-parma.com\/dk\/all-articles\/muttis-kvalitetshaedersbevisning-pomodorino-doro\/\" class=\"block\">\n      <div class=\"responsive-embed \" style=\"padding-bottom: 67.567567567568%;\"><img decoding=\"async\" width=\"2400\" height=\"1600\" src=\"https:\/\/mutti-parma.com\/app\/uploads\/sites\/3\/2019\/09\/banner-golden-tomato.jpg\" class=\"inline-block wp-image-300000162\" alt=\"goldener tomatenkoch\" data-spai-crop=\"true\" srcset=\"https:\/\/mutti-parma.com\/app\/uploads\/sites\/3\/2019\/09\/banner-golden-tomato.jpg 2400w, https:\/\/mutti-parma.com\/app\/uploads\/sites\/3\/2019\/09\/banner-golden-tomato-200x133.jpg 200w, https:\/\/mutti-parma.com\/app\/uploads\/sites\/3\/2019\/09\/banner-golden-tomato-500x333.jpg 500w, https:\/\/mutti-parma.com\/app\/uploads\/sites\/3\/2019\/09\/banner-golden-tomato-768x512.jpg 768w, https:\/\/mutti-parma.com\/app\/uploads\/sites\/3\/2019\/09\/banner-golden-tomato-1024x683.jpg 1024w, https:\/\/mutti-parma.com\/app\/uploads\/sites\/3\/2019\/09\/banner-golden-tomato-150x100.jpg 150w, https:\/\/mutti-parma.com\/app\/uploads\/sites\/3\/2019\/09\/banner-golden-tomato-600x400.jpg 600w\" sizes=\"auto, (max-width: 2400px) 100vw, 2400px\" loading=\"lazy\" \/><\/div>\n    <\/a>\n  \n  <div class=\"flex h5\">\n    <div>\n      August 22, 2021\n    <\/div>\n          <div class=\"border-r border-primary pr-3 mr-3 mb-1\"><\/div>\n      <div class=\"\">\n                  <a href=\"https:\/\/mutti-parma.com\/dk\/tag\/kvalitet\/\">#kvalitet<\/a>, \n                  <a href=\"https:\/\/mutti-parma.com\/dk\/tag\/respekt\/\">#respekt<\/a>\n              <\/div>\n      <\/div>\n\n  <a class=\"block no-underline mb-2 hover:underline\" href=\"https:\/\/mutti-parma.com\/dk\/all-articles\/muttis-kvalitetshaedersbevisning-pomodorino-doro\/\">\n    <h3>Pomodorino d\u2019Oro<\/h3>\n  <\/a>\n\n  <a class=\"block h5 underline\" href=\"https:\/\/mutti-parma.com\/dk\/all-articles\/muttis-kvalitetshaedersbevisning-pomodorino-doro\/\">\n    L\u00e6s mere\r\n\n  <\/a>\n<\/div>\n        <\/div>\n              <div class=\"w-1\/3 my-4 px-8\">\n          <div class=\"max-w-96 mx-auto\">\n      <a href=\"https:\/\/mutti-parma.com\/dk\/all-articles\/vitsen-om-mekanisk-hoest\/\" class=\"block\">\n      <div class=\"responsive-embed \" style=\"padding-bottom: 67.567567567568%;\"><img decoding=\"async\" width=\"2400\" height=\"1602\" src=\"https:\/\/mutti-parma.com\/app\/uploads\/sites\/3\/2019\/09\/banner-farmers.jpg\" class=\"inline-block wp-image-300000163\" alt=\"landm\u00e6nd\" data-spai-crop=\"true\" srcset=\"https:\/\/mutti-parma.com\/app\/uploads\/sites\/3\/2019\/09\/banner-farmers.jpg 2400w, https:\/\/mutti-parma.com\/app\/uploads\/sites\/3\/2019\/09\/banner-farmers-200x134.jpg 200w, https:\/\/mutti-parma.com\/app\/uploads\/sites\/3\/2019\/09\/banner-farmers-500x334.jpg 500w, https:\/\/mutti-parma.com\/app\/uploads\/sites\/3\/2019\/09\/banner-farmers-768x513.jpg 768w, https:\/\/mutti-parma.com\/app\/uploads\/sites\/3\/2019\/09\/banner-farmers-1024x684.jpg 1024w, https:\/\/mutti-parma.com\/app\/uploads\/sites\/3\/2019\/09\/banner-farmers-150x100.jpg 150w, https:\/\/mutti-parma.com\/app\/uploads\/sites\/3\/2019\/09\/banner-farmers-600x401.jpg 600w\" sizes=\"auto, (max-width: 2400px) 100vw, 2400px\" loading=\"lazy\" \/><\/div>\n    <\/a>\n  \n  <div class=\"flex h5\">\n    <div>\n      August 22, 2021\n    <\/div>\n          <div class=\"border-r border-primary pr-3 mr-3 mb-1\"><\/div>\n      <div class=\"\">\n                  <a href=\"https:\/\/mutti-parma.com\/dk\/tag\/respekt\/\">#respekt<\/a>\n              <\/div>\n      <\/div>\n\n  <a class=\"block no-underline mb-2 hover:underline\" href=\"https:\/\/mutti-parma.com\/dk\/all-articles\/vitsen-om-mekanisk-hoest\/\">\n    <h3>Mekanisk h\u00f8st og b\u00e6redygtighed<\/h3>\n  <\/a>\n\n  <a class=\"block h5 underline\" href=\"https:\/\/mutti-parma.com\/dk\/all-articles\/vitsen-om-mekanisk-hoest\/\">\n    L\u00e6s mere\r\n\n  <\/a>\n<\/div>\n        <\/div>\n              <div class=\"w-1\/3 my-4 px-8\">\n          <div class=\"max-w-96 mx-auto\">\n      <a href=\"https:\/\/mutti-parma.com\/dk\/all-articles\/en-produktionskaede-som-kan-taale-at-blive-kontrolleret\/\" class=\"block\">\n      <div class=\"responsive-embed \" style=\"padding-bottom: 67.567567567568%;\"><img decoding=\"async\" width=\"600\" height=\"500\" src=\"https:\/\/mutti-parma.com\/app\/uploads\/sites\/3\/2019\/09\/section-process-harvest.jpg\" class=\"inline-block wp-image-30000032\" alt=\"h\u00f8st af tomater\" data-spai-crop=\"true\" srcset=\"https:\/\/mutti-parma.com\/app\/uploads\/sites\/3\/2019\/09\/section-process-harvest.jpg 600w, https:\/\/mutti-parma.com\/app\/uploads\/sites\/3\/2019\/09\/section-process-harvest-200x167.jpg 200w, https:\/\/mutti-parma.com\/app\/uploads\/sites\/3\/2019\/09\/section-process-harvest-500x417.jpg 500w, https:\/\/mutti-parma.com\/app\/uploads\/sites\/3\/2019\/09\/section-process-harvest-150x125.jpg 150w\" sizes=\"auto, (max-width: 600px) 100vw, 600px\" loading=\"lazy\" \/><\/div>\n    <\/a>\n  \n  <div class=\"flex h5\">\n    <div>\n      August 22, 2021\n    <\/div>\n          <div class=\"border-r border-primary pr-3 mr-3 mb-1\"><\/div>\n      <div class=\"\">\n                  <a href=\"https:\/\/mutti-parma.com\/dk\/tag\/kvalitet\/\">#kvalitet<\/a>, \n                  <a href=\"https:\/\/mutti-parma.com\/dk\/tag\/respekt\/\">#respekt<\/a>\n              <\/div>\n      <\/div>\n\n  <a class=\"block no-underline mb-2 hover:underline\" href=\"https:\/\/mutti-parma.com\/dk\/all-articles\/en-produktionskaede-som-kan-taale-at-blive-kontrolleret\/\">\n    <h3>Muttis produktionsk\u00e6de<\/h3>\n  <\/a>\n\n  <a class=\"block h5 underline\" href=\"https:\/\/mutti-parma.com\/dk\/all-articles\/en-produktionskaede-som-kan-taale-at-blive-kontrolleret\/\">\n    L\u00e6s mere\r\n\n  <\/a>\n<\/div>\n        <\/div>\n          <\/div>\n  \n  <\/div>\n\n\n\n<div style=\"height:20px\" aria-hidden=\"true\" class=\"wp-block-spacer\"><\/div>\n\n\n\n<h3 class=\"has-text-align-center wp-block-heading\"><a href=\"https:\/\/mutti-parma.com\/dk\/vores-vaerdier\/\" data-type=\"URL\" data-id=\"https:\/\/mutti-parma.com\/dk\/vores-vaerdier\/\">L\u00e6s om vores v\u00e6rdier<\/a><\/h3>\n","protected":false},"excerpt":{"rendered":"<p>Respekt og samarbejde med vores landm\u00e6nd L\u00e6s om vores v\u00e6rdier<\/p>\n","protected":false},"author":1,"featured_media":0,"parent":0,"menu_order":20,"comment_status":"closed","ping_status":"closed","template":"","meta":{"_acf_changed":false,"_relevanssi_hide_post":"","_relevanssi_hide_content":"","_relevanssi_pin_for_all":"","_relevanssi_pin_keywords":"","_relevanssi_unpin_keywords":"","_relevanssi_related_keywords":"","_relevanssi_related_include_ids":"","_relevanssi_related_exclude_ids":"","_relevanssi_related_no_append":"","_relevanssi_related_not_related":"","_relevanssi_related_posts":"","_relevanssi_noindex_reason":"","footnotes":""},"class_list":["post-3228","page","type-page","status-publish","hentry"],"acf":[],"_links":{"self":[{"href":"https:\/\/mutti-parma.com\/dk\/wp-json\/wp\/v2\/pages\/3228","targetHints":{"allow":["GET"]}}],"collection":[{"href":"https:\/\/mutti-parma.com\/dk\/wp-json\/wp\/v2\/pages"}],"about":[{"href":"https:\/\/mutti-parma.com\/dk\/wp-json\/wp\/v2\/types\/page"}],"author":[{"embeddable":true,"href":"https:\/\/mutti-parma.com\/dk\/wp-json\/wp\/v2\/users\/1"}],"replies":[{"embeddable":true,"href":"https:\/\/mutti-parma.com\/dk\/wp-json\/wp\/v2\/comments?post=3228"}],"version-history":[{"count":4,"href":"https:\/\/mutti-parma.com\/dk\/wp-json\/wp\/v2\/pages\/3228\/revisions"}],"predecessor-version":[{"id":3938,"href":"https:\/\/mutti-parma.com\/dk\/wp-json\/wp\/v2\/pages\/3228\/revisions\/3938"}],"wp:attachment":[{"href":"https:\/\/mutti-parma.com\/dk\/wp-json\/wp\/v2\/media?parent=3228"}],"curies":[{"name":"wp","href":"https:\/\/api.w.org\/{rel}","templated":true}]}}