{"id":3561,"date":"2022-10-26T07:58:46","date_gmt":"2022-10-26T07:58:46","guid":{"rendered":"https:\/\/mutti-parma.com\/dk\/?page_id=3561"},"modified":"2025-10-20T11:44:07","modified_gmt":"2025-10-20T11:44:07","slug":"vores-vaerdier","status":"publish","type":"page","link":"https:\/\/mutti-parma.com\/dk\/vores-vaerdier\/","title":{"rendered":"Vores v\u00e6rdier"},"content":{"rendered":"\n<div class=\"wp-block-cover alignfull is-light is-style-full-height\" style=\"min-height:950px;aspect-ratio:unset;\"><img loading=\"lazy\" decoding=\"async\" class=\"wp-block-cover__image-background wp-image-8305\" alt=\"\" src=\"https:\/\/mutti-parma.com\/app\/uploads\/sites\/8\/2022\/05\/1st-slide.jpg\" data-object-fit=\"cover\" \/><span aria-hidden=\"true\" class=\"wp-block-cover__background has-background-dim-0 has-background-dim\"><\/span><div class=\"wp-block-cover__inner-container is-layout-flow wp-block-cover-is-layout-flow\">\n<h1 class=\"wp-block-heading has-text-align-center\">Vores v\u00e6rdier<\/h1>\n\n\n\n<p class=\"is-style-cursive has-xxl-font-size\">Disse principper ligger til grund for alt<\/p>\n\n\n\n<p class=\"has-text-align-center has-base-font-size\">Vores v\u00e6rdier udg\u00f8r virksomhedens sj\u00e6l og afspejler sig i alt, hvad vi laver. Selvom vores omverden forandrer sig med tiden, g\u00e5r vi ikke p\u00e5 kompromis med dem.<\/p>\n\n\n\n<div class=\"wp-block-columns alignwide is-layout-flex wp-container-core-columns-is-layout-9d6595d7 wp-block-columns-is-layout-flex\">\n<div class=\"wp-block-column is-layout-flow wp-block-column-is-layout-flow\">\n<div class=\"wp-block-group is-layout-flow wp-block-group-is-layout-flow\">\n<figure class=\"wp-block-image aligncenter size-large is-resized my-0\"><img loading=\"lazy\" decoding=\"async\" src=\"https:\/\/mutti-parma.com\/app\/uploads\/sites\/3\/2019\/09\/icon-high-quality.svg\" alt=\"\" class=\"wp-image-300000100\" style=\"width:77px;height:103px\" \/><\/figure>\n\n\n\n<h3 class=\"wp-block-heading has-text-align-center\"><a href=\"#kvalitet\">KVALITET<\/a><\/h3>\n\n\n\n<p class=\"has-text-align-center\">Da vi udelukkende fremstiller tomatprodukter, har vi kunnet fokusere p\u00e5 en eneste frugt, og det har givet os 120 \u00e5rs erfaring i at v\u00e6lge de bedste tomater og bevare deres smag og friskhed p\u00e5 bedste vis. P\u00e5 den m\u00e5de sikrer vi h\u00f8jeste kvalitet i hele leverand\u00f8rk\u00e6den.<\/p>\n<\/div>\n<\/div>\n\n\n\n<div class=\"wp-block-column is-layout-flow wp-block-column-is-layout-flow\">\n<div class=\"wp-block-group is-layout-flow wp-block-group-is-layout-flow\">\n<figure class=\"wp-block-image aligncenter size-large is-resized\"><img loading=\"lazy\" decoding=\"async\" src=\"https:\/\/mutti-parma.com\/app\/uploads\/sites\/3\/2019\/09\/icon-sustainability.svg\" alt=\"\" class=\"wp-image-30000087\" style=\"width:134px;height:99px\" \/><\/figure>\n\n\n\n<h3 class=\"wp-block-heading has-text-align-center\"><a href=\"#b\u00e6redygtighed\">B\u00c6REDYGTIGHED<\/a><\/h3>\n\n\n\n<p class=\"has-text-align-center\">Oprindeligt var vi et familielandbrug, og jorden i vores omgivelser er ogs\u00e5 vores fremtid. Vores v\u00e6rdier og vores identitet er direkte knyttet til naturen. At v\u00e6rne om dens mangfoldighed og livskraft er noget, vi prioriterer h\u00f8jt.<\/p>\n<\/div>\n<\/div>\n\n\n\n<div class=\"wp-block-column is-layout-flow wp-block-column-is-layout-flow\">\n<div class=\"wp-block-group is-layout-flow wp-block-group-is-layout-flow\">\n<figure class=\"wp-block-image aligncenter size-large is-resized\"><img loading=\"lazy\" decoding=\"async\" src=\"https:\/\/mutti-parma.com\/app\/uploads\/sites\/3\/2019\/09\/icon-respecting-and-developing-our-staff.svg\" alt=\"\" class=\"wp-image-30000092\" style=\"width:125px;height:101px\" \/><\/figure>\n\n\n\n<h3 class=\"wp-block-heading has-text-align-center\"><a href=\"#respekt\">RESPEKT<\/a><\/h3>\n\n\n\n<p class=\"has-text-align-center\">Relationerne til vores medarbejdere bygger p\u00e5 loyalitet og gennemsigtige kontraktforhold, der ofte varer i generationer, hvor man str\u00e6ber efter at skabe gensidige muligheder og fordele for alle.<\/p>\n<\/div>\n<\/div>\n<\/div>\n<\/div><\/div>\n\n\n\n<div class=\"wp-block-media-text alignwide has-media-on-the-right is-stacked-on-mobile\"><div class=\"wp-block-media-text__content\">\n<h2 class=\"wp-block-heading has-text-align-left\"><strong>VORES M\u00c5DE AT ARBEJDE P\u00c5<\/strong><\/h2>\n\n\n\n<h3 class=\"wp-block-heading is-style-cursive\">Mutti har v\u00e6ret en familievirksomhed i fire generationer<\/h3>\n\n\n\n<p class=\"has-primary-color has-text-color\">Vi bruger uds\u00f8gte r\u00e5varer \u2013 l\u00e6kre og sunde tomater \u2013 til vores kvalitetsprodukter. Det betyder, at vi ikke bare har normer for kvaliteten; vi tager ogs\u00e5 hensyn til milj\u00f8et og hele produktionsk\u00e6den. En respektfuld og b\u00e6redygtig indstilling til natur og mennesker er lige s\u00e5 vigtig som r\u00e5varernes kvalitet. Kvalitet, b\u00e6redygtighed og respekt er de tre principper, som ligger til grund for hele vores virksomhed. Verden er i konstant for forandring, men vores v\u00e6rdier vil fortsat v\u00e6re vores ledetr\u00e5d i alt, hvad vi laver, inspirere os til at s\u00e6tte stadigt h\u00f8jere standarder og udfordre os selv.<\/p>\n<\/div><figure class=\"wp-block-media-text__media\"><img loading=\"lazy\" decoding=\"async\" width=\"1024\" height=\"1024\" src=\"https:\/\/mutti-parma.com\/app\/uploads\/sites\/11\/2025\/10\/denmark-1024x1024.png\" alt=\"\" class=\"wp-image-7128 size-full\" sizes=\"(max-width: 600px) 100vw, (min-width: 1440px) 792px,55vw\" data-spai-crop=\"false\" srcset=\"https:\/\/mutti-parma.com\/app\/uploads\/sites\/11\/2025\/10\/denmark-1024x1024.png 1024w, https:\/\/mutti-parma.com\/app\/uploads\/sites\/11\/2025\/10\/denmark-500x500.png 500w, https:\/\/mutti-parma.com\/app\/uploads\/sites\/11\/2025\/10\/denmark-200x200.png 200w, https:\/\/mutti-parma.com\/app\/uploads\/sites\/11\/2025\/10\/denmark-768x768.png 768w, https:\/\/mutti-parma.com\/app\/uploads\/sites\/11\/2025\/10\/denmark-150x150.png 150w, https:\/\/mutti-parma.com\/app\/uploads\/sites\/11\/2025\/10\/denmark-600x600.png 600w, https:\/\/mutti-parma.com\/app\/uploads\/sites\/11\/2025\/10\/denmark-50x50.png 50w, https:\/\/mutti-parma.com\/app\/uploads\/sites\/11\/2025\/10\/denmark.png 1080w\" \/><\/figure><\/div>\n\n\n\n<div class=\"wp-block-cover alignfull my-0 is-style-full-height\"><img loading=\"lazy\" decoding=\"async\" class=\"wp-block-cover__image-background wp-image-8302\" alt=\"\" src=\"https:\/\/mutti-parma.com\/app\/uploads\/sites\/8\/2022\/05\/bgimagevalue-01.jpg\" data-object-fit=\"cover\" \/><span aria-hidden=\"true\" class=\"wp-block-cover__background has-background-dim-0 has-background-dim\"><\/span><div class=\"wp-block-cover__inner-container is-layout-flow wp-block-cover-is-layout-flow\">\n<figure class=\"wp-block-image aligncenter size-large is-resized\"><img loading=\"lazy\" decoding=\"async\" src=\"https:\/\/mutti-parma.com\/app\/uploads\/sites\/3\/2019\/09\/icon-high-quality.svg\" alt=\"\" class=\"wp-image-300000100\" style=\"width:82px;height:108px\" \/><\/figure>\n\n\n\n<h2 class=\"wp-block-heading has-xxl-font-size\" id=\"kvalitet\"><strong>KVALITET<\/strong><\/h2>\n\n\n\n<p class=\"is-style-cursive has-xxl-font-size\">Mutti har v\u00e6ret en familievirksomhed i fire generationer<\/p>\n\n\n\n<p class=\"has-text-align-center\">En perfekt tomat skal v\u00e6re smukt r\u00f8d, moden, s\u00f8d, ikke besk og tilpas fast i konsistensen. Den perfekte tomatsmag har den rette balance mellem s\u00f8dme og syrlighed. Den er ogs\u00e5 et m\u00e5l for, hvorn\u00e5r tomaten er klar til at blive plukket.<\/p>\n\n\n\n<p class=\"has-text-align-center\">Mutti har v\u00e6ret en familievirksomhed i fire generationer, og vi har altid kun satset p\u00e5 at producere tomater af h\u00f8j kvalitet. Vores logo, der blev registreret i 1911, og som vi fortsat bruger, best\u00e5r af to l\u00f8ver, som beskytter Muttis f\u00f8rste kvalitetsh\u00e6dersbevisning. Denne h\u00e6dersbevisning symboliserer den m\u00e5ls\u00e6tning, som virksomheden har den dag i dag, hvilket kommer til udtryk i forbindelse med, at vi bel\u00f8nner vores 40 bedste landm\u00e6nd ved den \u00e5rlige uddeling af guldtomaten, Pomodorino d&#8217;Oro, og med den h\u00f8jere gennemsnitspris, vi betaler for at f\u00e5 tomater af h\u00f8j kvalitet.<\/p>\n\n\n\n<p class=\"has-text-align-center\">Da vi udelukkende fremstiller tomatprodukter, har vi kunnet fokusere p\u00e5 en eneste frugt, og det har givet os 120 \u00e5rs erfaring i at v\u00e6lge de bedste tomater og bevare deres smag og friskhed p\u00e5 bedste vis. P\u00e5 den m\u00e5de sikrer vi h\u00f8jeste kvalitet i hele leverand\u00f8rk\u00e6den. <\/p>\n\n\n\n<p class=\"has-text-align-center\">I vores str\u00e6ben efter det bedste samarbejder vi med landm\u00e6nd, som har samme k\u00e6rlighed til kvalitetstomater som os, og som i aftalen med os forpligter sig til at leve op til de strenge kvalitetsnormer, vi har fastsat for vores tomater, fra s\u00f8dme til farve og naturligt sukkerindhold. Endelig gennemf\u00f8rer vi over 600.000 kvalitetstests om \u00e5ret for at sikre, at vores produkter svarer til forventningerne.<\/p>\n\n\n\n<div class=\"wp-block-buttons is-horizontal is-content-justification-center is-layout-flex wp-container-core-buttons-is-layout-499968f5 wp-block-buttons-is-layout-flex\">\n<div class=\"wp-block-button is-style-button\"><a class=\"wp-block-button__link wp-element-button\" href=\"https:\/\/mutti-parma.com\/dk\/tag\/kvalitet\/\">L\u00c6S ALLE ARTIKLER OM #KVALITET<\/a><\/div>\n<\/div>\n\n\n\n<div class=\"wp-block-columns my-0 is-layout-flex wp-container-core-columns-is-layout-9d6595d7 wp-block-columns-is-layout-flex\">\n<div class=\"wp-block-column is-layout-flow wp-block-column-is-layout-flow\">\n<figure class=\"wp-block-image aligncenter size-large is-resized my-0\"><img loading=\"lazy\" decoding=\"async\" src=\"https:\/\/mutti-parma.com\/app\/uploads\/sites\/8\/2022\/05\/ikoner-03.svg\" alt=\"\" class=\"wp-image-8311\" style=\"width:96px;height:113px\" \/><\/figure>\n\n\n\n<div class=\"wp-block-buttons is-horizontal is-content-justification-center is-layout-flex wp-container-core-buttons-is-layout-499968f5 wp-block-buttons-is-layout-flex\">\n<div class=\"wp-block-button is-style-link\"><a class=\"wp-block-button__link wp-element-button\" href=\"https:\/\/mutti-parma.com\/dk\/all-articles\/muttis-kvalitetshaedersbevisning-pomodorino-doro\/\">POMODORINO <br>D\u00b4ORO<\/a><\/div>\n<\/div>\n<\/div>\n\n\n\n<div class=\"wp-block-column is-layout-flow wp-block-column-is-layout-flow\">\n<figure class=\"wp-block-image aligncenter size-large is-resized my-0\"><img loading=\"lazy\" decoding=\"async\" src=\"https:\/\/mutti-parma.com\/app\/uploads\/sites\/8\/2022\/05\/icon.png\" alt=\"\" class=\"wp-image-8310\" style=\"width:95px;height:95px\" \/><\/figure>\n\n\n\n<div class=\"wp-block-buttons is-horizontal is-content-justification-center is-layout-flex wp-container-core-buttons-is-layout-499968f5 wp-block-buttons-is-layout-flex\">\n<div class=\"wp-block-button\"><a class=\"wp-block-button__link wp-element-button\" href=\"https:\/\/mutti-parma.com\/dk\/all-articles\/den-100-italienske-tomat-er-et-resultat-af-viden-og-haardt-arbejde\/\">100 % ITALIENSKE TOMATER<\/a><\/div>\n<\/div>\n<\/div>\n\n\n\n<div class=\"wp-block-column is-layout-flow wp-block-column-is-layout-flow\">\n<figure class=\"wp-block-image aligncenter size-large is-resized my-0\"><img loading=\"lazy\" decoding=\"async\" src=\"https:\/\/mutti-parma.com\/app\/uploads\/sites\/8\/2022\/05\/ikoner-01.svg\" alt=\"\" class=\"wp-image-8308\" style=\"width:96px;height:96px\" \/><\/figure>\n\n\n\n<div class=\"wp-block-buttons is-horizontal is-content-justification-center is-layout-flex wp-container-core-buttons-is-layout-499968f5 wp-block-buttons-is-layout-flex\">\n<div class=\"wp-block-button\"><a class=\"wp-block-button__link wp-element-button\" href=\"https:\/\/mutti-parma.com\/dk\/all-articles\/en-produktionskaede-som-kan-taale-at-blive-kontrolleret\/\">PRODUKTION<br>SK\u00c6DEN<\/a><\/div>\n<\/div>\n<\/div>\n<\/div>\n<\/div><\/div>\n\n\n\n<div class=\"wp-block-cover alignfull my-0 is-style-full-height\"><img loading=\"lazy\" decoding=\"async\" class=\"wp-block-cover__image-background wp-image-8303\" alt=\"\" src=\"https:\/\/mutti-parma.com\/app\/uploads\/sites\/8\/2022\/05\/bgimagevalue-02.jpg\" data-object-fit=\"cover\" \/><span aria-hidden=\"true\" class=\"wp-block-cover__background has-background-dim-0 has-background-dim\"><\/span><div class=\"wp-block-cover__inner-container is-layout-flow wp-block-cover-is-layout-flow\">\n<figure class=\"wp-block-image aligncenter size-large is-resized\"><img loading=\"lazy\" decoding=\"async\" src=\"https:\/\/mutti-parma.com\/app\/uploads\/sites\/3\/2019\/09\/icon-sustainability.svg\" alt=\"\" class=\"wp-image-30000087\" style=\"width:129px;height:94px\" \/><\/figure>\n\n\n\n<h2 class=\"wp-block-heading has-xxl-font-size\" id=\"b\u00e6redygtighed\"><strong>B\u00c6REDYGTIGHED<\/strong><\/h2>\n\n\n\n<p class=\"is-style-cursive has-xxl-font-size\">Vi har altid haft et specielt b\u00e5nd til den jord<\/p>\n\n\n\n<p class=\"has-text-align-center has-base-font-size\">Vi bruger uds\u00f8gte r\u00e5varer \u2013 l\u00e6kre og sunde tomater \u2013 til vores kvalitetsprodukter. Det betyder, at vi ikke kun har normer for kvaliteten; vi skal ogs\u00e5 tage hensyn til milj\u00f8et.<\/p>\n\n\n\n<p class=\"has-text-align-center has-base-font-size\"> Mutti blev grundlagt i det lille Basilicanova, i hjertet af den italienske &#8220;levnedsmiddeldal&#8221;, og har altid haft et specielt b\u00e5nd til den jord, som giver os mulighed for at dyrke og h\u00f8ste vores uds\u00f8gte tomater. Lige fra begyndelsen har vi gjort vores bedste for at finde og bruge de mest milj\u00f8venlige metoder til dyrkning af vores tomater, som altid gror i kort afstand fra vores anl\u00e6g. I \u00e5renes l\u00f8b har vi kombineret den traditionelle fremgangsm\u00e5de med nyskabelser og incitamenter, s\u00e5 vi fortsat kan elske, respektere og dyrke vores jord ogs\u00e5 i fremtiden.<\/p>\n\n\n\n<p class=\"has-text-align-center has-base-font-size\">Alle beslutninger, som tr\u00e6ffes hos Mutti, har rod i b\u00e6redygtighed. I 2010 indledte vi et samarbejde med den italienske WWF med henblik p\u00e5 at begr\u00e6nse forbruget af vand og CO2 i hele leveringsk\u00e6den, hvilket f\u00f8rte til, at vandforbruget blev reduceret med 1.000 millioner liter og CO2-udslippet med 20.000 tons p\u00e5 fire \u00e5r. Vi s\u00f8ger konstant efter nye forbedringsmuligheder, og i dag gennemf\u00f8rer vi et projekt, som har til form\u00e5l at fremme og st\u00f8tte god praksis, hvad ang\u00e5r at v\u00e6rne om den naturlige biologiske mangfoldighed i leveringsk\u00e6den for tomater.<\/p>\n\n\n\n<div class=\"wp-block-buttons is-horizontal is-content-justification-center is-layout-flex wp-container-core-buttons-is-layout-499968f5 wp-block-buttons-is-layout-flex\">\n<div class=\"wp-block-button is-style-button\"><a class=\"wp-block-button__link wp-element-button\" href=\"https:\/\/mutti-parma.com\/dk\/tag\/baeredygtighed\/\">L\u00c6S ALLE ARTIKLER OM #B\u00c6REDYGTIGHED<\/a><\/div>\n<\/div>\n\n\n\n<div class=\"wp-block-buttons is-content-justification-center is-layout-flex wp-container-core-buttons-is-layout-16018d1d wp-block-buttons-is-layout-flex\">\n<div class=\"wp-block-button is-style-button\"><a class=\"wp-block-button__link wp-element-button\" href=\"https:\/\/mutti-parma.com\/app\/uploads\/2025\/07\/mutti-sustainability-report-2024.pdf\" target=\"_blank\" rel=\"noreferrer noopener\">B\u00c6REDYGTIGHEDSRAPPORT 2024<\/a><\/div>\n<\/div>\n\n\n\n<details class=\"wp-block-details aligncenter is-style-button is-layout-flow wp-block-details-is-layout-flow\"><summary>Arkiv<\/summary>\n<p class=\"has-text-align-center\"><a href=\"https:\/\/mutti-parma.com\/app\/uploads\/2024\/08\/sustainability-report-2023-v4.pdf\" data-type=\"link\" data-id=\"sustainability-report-2023-v4.pdf\" target=\"_blank\" rel=\"noreferrer noopener\">2023<\/a><\/p>\n\n\n\n<p class=\"has-text-align-center\"><a href=\"https:\/\/mutti-parma.com\/app\/uploads\/2023\/11\/environmental-report-2022.pdf\" data-type=\"link\" data-id=\"environmental-report-2022.pdf\" target=\"_blank\" rel=\"noreferrer noopener\">2022<\/a><\/p>\n\n\n\n<p class=\"has-text-align-center\"><a href=\"https:\/\/mutti-parma.com\/app\/uploads\/2022\/11\/environmental-sustainability-report-2021-eng-def-4mb-1.pdf\" target=\"_blank\" rel=\"noreferrer noopener\">2021<\/a><\/p>\n\n\n\n<p class=\"has-text-align-center\"><a href=\"https:\/\/mutti-parma.com\/app\/uploads\/2021\/10\/mutti-environmental-report-2020-0710-lowres.pdf\" data-type=\"link\" data-id=\"mutti-environmental-report-2020-0710-lowres.pdf\" target=\"_blank\" rel=\"noreferrer noopener\">2020<\/a><\/p>\n<\/details>\n\n\n\n<div class=\"wp-block-columns my-0 is-layout-flex wp-container-core-columns-is-layout-9d6595d7 wp-block-columns-is-layout-flex\">\n<div class=\"wp-block-column is-layout-flow wp-block-column-is-layout-flow\">\n<figure class=\"wp-block-image aligncenter size-large is-resized my-0\"><img loading=\"lazy\" decoding=\"async\" src=\"https:\/\/mutti-parma.com\/app\/uploads\/sites\/8\/2022\/05\/ikoner-05.svg\" alt=\"\" class=\"wp-image-8316\" style=\"width:96px;height:96px\" \/><\/figure>\n\n\n\n<div class=\"wp-block-buttons is-horizontal is-content-justification-center is-layout-flex wp-container-core-buttons-is-layout-499968f5 wp-block-buttons-is-layout-flex\">\n<div class=\"wp-block-button is-style-link\"><a class=\"wp-block-button__link wp-element-button\" href=\"https:\/\/mutti-parma.com\/dk\/all-articles\/hvordan-paavirkes-tomatdyrkningen-af-klimaforandringer\/\">KLIMAFORANDRINGER OG TOMATDYRKNING<\/a><\/div>\n<\/div>\n<\/div>\n\n\n\n<div class=\"wp-block-column is-layout-flow wp-block-column-is-layout-flow\">\n<figure class=\"wp-block-image aligncenter size-large is-resized my-0\"><img loading=\"lazy\" decoding=\"async\" src=\"https:\/\/mutti-parma.com\/app\/uploads\/sites\/8\/2022\/05\/ikoner-04.svg\" alt=\"\" class=\"wp-image-8313\" style=\"width:96px;height:113px\" \/><\/figure>\n\n\n\n<div class=\"wp-block-buttons is-horizontal is-content-justification-center is-layout-flex wp-container-core-buttons-is-layout-499968f5 wp-block-buttons-is-layout-flex\">\n<div class=\"wp-block-button\"><a class=\"wp-block-button__link wp-element-button\" href=\"https:\/\/mutti-parma.com\/dk\/all-articles\/respekten-for-biologisk-mangfoldighed-beskytter-livet\/\">NATURENS MANGFOLDIGHED<\/a><\/div>\n<\/div>\n<\/div>\n\n\n\n<div class=\"wp-block-column is-layout-flow wp-block-column-is-layout-flow\">\n<figure class=\"wp-block-image aligncenter size-large is-resized my-0\"><img loading=\"lazy\" decoding=\"async\" src=\"https:\/\/mutti-parma.com\/app\/uploads\/sites\/8\/2022\/05\/ikoner-12.svg\" alt=\"\" class=\"wp-image-8312\" style=\"width:96px;height:96px\" \/><\/figure>\n\n\n\n<div class=\"wp-block-buttons is-horizontal is-content-justification-center is-layout-flex wp-container-core-buttons-is-layout-499968f5 wp-block-buttons-is-layout-flex\">\n<div class=\"wp-block-button\"><a class=\"wp-block-button__link wp-element-button\" href=\"https:\/\/mutti-parma.com\/dk\/all-articles\/tomater-af-baeredygtig-kvalitet-smager-bedre\/\">B\u00c6REDYGTIG TOMAT<\/a><\/div>\n<\/div>\n<\/div>\n<\/div>\n<\/div><\/div>\n\n\n\n<div class=\"wp-block-cover alignfull my-0 is-style-full-height\"><img loading=\"lazy\" decoding=\"async\" class=\"wp-block-cover__image-background wp-image-8304\" alt=\"\" src=\"https:\/\/mutti-parma.com\/app\/uploads\/sites\/8\/2022\/05\/bgimagevalue-03.jpg\" data-object-fit=\"cover\" \/><span aria-hidden=\"true\" class=\"wp-block-cover__background has-background-dim-0 has-background-dim\"><\/span><div class=\"wp-block-cover__inner-container is-layout-flow wp-block-cover-is-layout-flow\">\n<figure class=\"wp-block-image aligncenter size-large is-resized my-0\"><img loading=\"lazy\" decoding=\"async\" src=\"https:\/\/mutti-parma.com\/app\/uploads\/sites\/3\/2019\/09\/icon-respecting-and-developing-our-staff.svg\" alt=\"\" class=\"wp-image-30000092\" style=\"width:125px;height:101px\" \/><\/figure>\n\n\n\n<h2 class=\"wp-block-heading has-xxl-font-size\" id=\"respekt\"><strong>RESPEKT<\/strong><\/h2>\n\n\n\n<p class=\"is-style-cursive has-xxl-font-size\">Mutti har v\u00e6ret en familievirksomhed i fire generationer<\/p>\n\n\n\n<p class=\"has-text-align-center\">En produktionsk\u00e6de, som er kendetegnet ved b\u00e6redygtighed og ansvarlighed, er en foruds\u00e6tning for produktion af kvalitetstomater. Derfor er sunde og b\u00e6redygtige relationer lige s\u00e5 vigtige som r\u00e5varernes kvalitet.<\/p>\n\n\n\n<p class=\"has-text-align-center\">Mutti str\u00e6ber efter at v\u00e6re en tydelig og anerkendt akt\u00f8r, der arbejder for at fremh\u00e6ve ethvert dyrkningsmilj\u00f8s s\u00e6rpr\u00e6g. De, som samarbejder med os, har i kontrakten forpligtet sig til at opfylde strenge, men retf\u00e6rdige og gennemsigtige krav, som hj\u00e6lper os med at fors\u00f8ge at opn\u00e5 den h\u00f8jest mulige tomatkvalitet og beskytte vores leveringsk\u00e6de. Den vigtigste form for selvregulering for vores landm\u00e6nd \u2013 og et vilk\u00e5r for at samarbejde med os \u2013 er, at tomaterne h\u00f8stes 100&nbsp;% mekanisk.&nbsp;<\/p>\n\n\n\n<p class=\"has-text-align-center\">Vi fasts\u00e6tter ikke kun standarder, vi investerer ogs\u00e5 i de mennesker, vi samarbejder med. Et af vores vigtigste incitamenter bygger p\u00e5 at skabe f\u00e6lles v\u00e6rdi gennem vores kvalitetsbaserede priss\u00e6tning. Det betyder, at vi betaler en h\u00f8jere pris for kvalitetstomater, 11 % h\u00f8jere end gennemsnittet p\u00e5 markedet over en ti\u00e5rsperiode. Da vi betaler en h\u00f8jere pris, kan landm\u00e6ndene investere i innovationer, deres g\u00e5rde, deres ansatte og milj\u00f8et.<\/p>\n\n\n\n<p class=\"has-text-align-center\">Ved siden af de \u00f8konomiske incitamenter investerer vi i vores landm\u00e6nd ved at hj\u00e6lpe dem med at indf\u00f8re de bedste dyrkningsmetoder. I de senere \u00e5r har vi forsynet vores landm\u00e6nd med for eksempel vejrstationer og drypvandingssystemer. Med drypvanding minimeres landbrugets vandforbrug.<\/p>\n\n\n\n<div class=\"wp-block-buttons is-horizontal is-content-justification-center is-layout-flex wp-container-core-buttons-is-layout-499968f5 wp-block-buttons-is-layout-flex\">\n<div class=\"wp-block-button is-style-button\"><a class=\"wp-block-button__link wp-element-button\" href=\"https:\/\/mutti-parma.com\/dk\/tag\/respekt\/\">L\u00c6S ALLE ARTIKLER OM #RESPEKT<\/a><\/div>\n<\/div>\n\n\n\n<div class=\"wp-block-columns is-style-default my-0 is-layout-flex wp-container-core-columns-is-layout-9d6595d7 wp-block-columns-is-layout-flex\">\n<div class=\"wp-block-column is-style-default is-layout-flow wp-block-column-is-layout-flow\">\n<figure class=\"wp-block-image aligncenter size-large is-resized my-0\"><img loading=\"lazy\" decoding=\"async\" src=\"https:\/\/mutti-parma.com\/app\/uploads\/sites\/8\/2022\/05\/ikoner-06.svg\" alt=\"\" class=\"wp-image-8315\" style=\"width:96px;height:96px\" \/><\/figure>\n\n\n\n<div class=\"wp-block-buttons mx-0 is-horizontal is-content-justification-center is-layout-flex wp-container-core-buttons-is-layout-499968f5 wp-block-buttons-is-layout-flex\">\n<div class=\"wp-block-button has-custom-width wp-block-button__width-100 is-style-link\"><a class=\"wp-block-button__link wp-element-button\" href=\"https:\/\/mutti-parma.com\/dk\/all-articles\/vitsen-om-mekanisk-hoest\/\">MEKANISK H\u00d8ST<\/a><\/div>\n<\/div>\n<\/div>\n\n\n\n<div class=\"wp-block-column is-layout-flow wp-block-column-is-layout-flow\">\n<figure class=\"wp-block-image aligncenter size-large is-resized my-0\"><img loading=\"lazy\" decoding=\"async\" src=\"https:\/\/mutti-parma.com\/app\/uploads\/sites\/8\/2022\/05\/ikoner-01.svg\" alt=\"\" class=\"wp-image-8308\" style=\"width:96px;height:96px\" \/><\/figure>\n\n\n\n<div class=\"wp-block-buttons is-horizontal is-content-justification-center is-layout-flex wp-container-core-buttons-is-layout-499968f5 wp-block-buttons-is-layout-flex\">\n<div class=\"wp-block-button\"><a class=\"wp-block-button__link wp-element-button\" href=\"https:\/\/mutti-parma.com\/dk\/all-articles\/en-produktionskaede-som-kan-taale-at-blive-kontrolleret\/\">PRODUKTION<br>SK\u00c6DEN<\/a><\/div>\n<\/div>\n<\/div>\n\n\n\n<div class=\"wp-block-column is-layout-flow wp-block-column-is-layout-flow\">\n<figure class=\"wp-block-image aligncenter size-large is-resized my-0\"><img loading=\"lazy\" decoding=\"async\" src=\"https:\/\/mutti-parma.com\/app\/uploads\/sites\/8\/2022\/05\/ikoner-03.svg\" alt=\"\" class=\"wp-image-8311\" style=\"width:96px;height:96px\" \/><\/figure>\n\n\n\n<div class=\"wp-block-buttons is-horizontal is-content-justification-center is-layout-flex wp-container-core-buttons-is-layout-499968f5 wp-block-buttons-is-layout-flex\">\n<div class=\"wp-block-button\"><a class=\"wp-block-button__link wp-element-button\" href=\"https:\/\/mutti-parma.com\/dk\/all-articles\/muttis-kvalitetshaedersbevisning-pomodorino-doro\/\">POMODORINO <br>D\u00b4ORO<\/a><\/div>\n<\/div>\n<\/div>\n<\/div>\n<\/div><\/div>\n\n\n","protected":false},"excerpt":{"rendered":"<p>VORES M\u00c5DE AT ARBEJDE P\u00c5 Mutti har v\u00e6ret en familievirksomhed i fire generationer Vi bruger uds\u00f8gte r\u00e5varer \u2013 l\u00e6kre og sunde tomater \u2013 til vores kvalitetsprodukter. Det betyder, at vi ikke bare har normer for kvaliteten; vi tager ogs\u00e5 hensyn til milj\u00f8et og hele produktionsk\u00e6den. En respektfuld og b\u00e6redygtig indstilling til natur og mennesker er<\/p>\n","protected":false},"author":1,"featured_media":0,"parent":0,"menu_order":14,"comment_status":"closed","ping_status":"closed","template":"template-our-values.blade.php","meta":{"_acf_changed":false,"_relevanssi_hide_post":"","_relevanssi_hide_content":"","_relevanssi_pin_for_all":"","_relevanssi_pin_keywords":"","_relevanssi_unpin_keywords":"","_relevanssi_related_keywords":"","_relevanssi_related_include_ids":"","_relevanssi_related_exclude_ids":"","_relevanssi_related_no_append":"","_relevanssi_related_not_related":"","_relevanssi_related_posts":"3691,3112,5381,4305,3841,1839","_relevanssi_noindex_reason":"","footnotes":""},"class_list":["post-3561","page","type-page","status-publish","hentry"],"acf":[],"_links":{"self":[{"href":"https:\/\/mutti-parma.com\/dk\/wp-json\/wp\/v2\/pages\/3561","targetHints":{"allow":["GET"]}}],"collection":[{"href":"https:\/\/mutti-parma.com\/dk\/wp-json\/wp\/v2\/pages"}],"about":[{"href":"https:\/\/mutti-parma.com\/dk\/wp-json\/wp\/v2\/types\/page"}],"author":[{"embeddable":true,"href":"https:\/\/mutti-parma.com\/dk\/wp-json\/wp\/v2\/users\/1"}],"replies":[{"embeddable":true,"href":"https:\/\/mutti-parma.com\/dk\/wp-json\/wp\/v2\/comments?post=3561"}],"version-history":[{"count":23,"href":"https:\/\/mutti-parma.com\/dk\/wp-json\/wp\/v2\/pages\/3561\/revisions"}],"predecessor-version":[{"id":7129,"href":"https:\/\/mutti-parma.com\/dk\/wp-json\/wp\/v2\/pages\/3561\/revisions\/7129"}],"wp:attachment":[{"href":"https:\/\/mutti-parma.com\/dk\/wp-json\/wp\/v2\/media?parent=3561"}],"curies":[{"name":"wp","href":"https:\/\/api.w.org\/{rel}","templated":true}]}}