{"id":5466,"date":"2024-05-30T09:44:05","date_gmt":"2024-05-30T09:44:05","guid":{"rendered":"https:\/\/mutti-parma.com\/dk\/?page_id=5466"},"modified":"2024-05-30T09:44:06","modified_gmt":"2024-05-30T09:44:06","slug":"upcycle-med-mutti","status":"publish","type":"page","link":"https:\/\/mutti-parma.com\/dk\/upcycle-med-mutti\/","title":{"rendered":"Upcycle med Mutti"},"content":{"rendered":"\n<div class=\"wp-block-cover alignfull is-style-full-height\" style=\"margin-top:0;margin-bottom:0;min-height:736px;aspect-ratio:unset;\" data-hide-on=\"tablet desktop\"><span aria-hidden=\"true\" class=\"wp-block-cover__background has-background-dim-0 has-background-dim\"><\/span><img loading=\"lazy\" decoding=\"async\" class=\"wp-block-cover__image-background wp-image-9040\" alt=\"\" src=\"https:\/\/mutti-parma.com\/app\/uploads\/2023\/07\/1-hero-mobile.jpg\" data-object-fit=\"cover\" \/><div class=\"wp-block-cover__inner-container is-layout-flow wp-block-cover-is-layout-flow\">\n<h1 class=\"wp-block-heading has-text-align-center is-style-cursive has-xxl-heading-font-size\">Lav seljv kunst<\/h1>\n\n\n\n<h2 class=\"wp-block-heading is-style-default\" style=\"text-transform:none\">Upcycle med Mutti<\/h2>\n\n\n\n<p class=\"has-text-align-center\">Velkommen til vores Lav-Selv-Kunst-sektion, hvor vi udforsker de ubegr\u00e6nsede muligheder for upcycling af Muttis produkter. Vi mener, at b\u00e6redygtighed er en livsstil, og hvilken bedre m\u00e5de at genbruge p\u00e5 end ved at puste nyt liv i vores elskede produkter?<\/p>\n\n\n\n<p class=\"has-text-align-center\">Her finder du en skattekiste af geniale ideer og smarte projekter, der forvandler vores emballage til funktionelle og \u00e6stetiske genstande. Fra stilfuld boligindretning til praktiske opbevaringsl\u00f8sninger &#8211; vores DIY-kreationer udnytter sk\u00f8nheden og holdbarheden af Muttis emballage til at l\u00f8fte dit hjem til h\u00f8jere niveauer.<\/p>\n\n\n\n<div class=\"wp-block-buttons is-content-justification-center is-layout-flex wp-container-core-buttons-is-layout-16018d1d wp-block-buttons-is-layout-flex\">\n<div class=\"wp-block-button\"><a class=\"wp-block-button__link wp-element-button\" href=\"#listing\">OPDAG PROJEKTERNE<\/a><\/div>\n<\/div>\n<\/div><\/div>\n\n\n\n<div class=\"wp-block-cover alignfull is-style-full-height\" style=\"margin-top:0;margin-bottom:0;min-height:736px;aspect-ratio:unset;\" data-hide-on=\"mobile\"><span aria-hidden=\"true\" class=\"wp-block-cover__background has-background-dim-0 has-background-dim\"><\/span><img loading=\"lazy\" decoding=\"async\" class=\"wp-block-cover__image-background wp-image-9039\" alt=\"\" src=\"https:\/\/mutti-parma.com\/app\/uploads\/2023\/07\/1-hero-desktop.jpg\" data-object-fit=\"cover\" \/><div class=\"wp-block-cover__inner-container is-layout-flow wp-block-cover-is-layout-flow\">\n<h1 class=\"wp-block-heading has-text-align-center is-style-cursive has-xxl-heading-font-size\">Lav seljv kunst<\/h1>\n\n\n\n<h2 class=\"wp-block-heading\" style=\"text-transform:none\">Upcycle med Mutti<\/h2>\n\n\n\n<p class=\"has-text-align-center\">Velkommen til vores Lav-Selv-Kunst-sektion, hvor vi udforsker de ubegr\u00e6nsede muligheder for upcycling af Muttis produkter. Vi mener, at b\u00e6redygtighed er en livsstil, og hvilken bedre m\u00e5de at genbruge p\u00e5 end ved at puste nyt liv i vores elskede produkter?<\/p>\n\n\n\n<p class=\"has-text-align-center\">Her finder du en skattekiste af geniale ideer og smarte projekter, der forvandler vores emballage til funktionelle og \u00e6stetiske genstande. Fra stilfuld boligindretning til praktiske opbevaringsl\u00f8sninger &#8211; vores DIY-kreationer udnytter sk\u00f8nheden og holdbarheden af Muttis emballage til at l\u00f8fte dit hjem til h\u00f8jere niveauer.<\/p>\n\n\n\n<div class=\"wp-block-buttons is-content-justification-center is-layout-flex wp-container-core-buttons-is-layout-16018d1d wp-block-buttons-is-layout-flex\">\n<div class=\"wp-block-button\"><a class=\"wp-block-button__link wp-element-button\" href=\"#listing\">OPDAG PROJEKTERNE<\/a><\/div>\n<\/div>\n<\/div><\/div>\n\n\n\n<div class=\"wp-block-group alignfull has-background is-layout-constrained wp-block-group-is-layout-constrained\" style=\"background-color:#f0e9d7\"><div class=\"facetwp-facet facetwp-facet-project_category facetwp-type-radio\" data-name=\"project_category\" data-type=\"radio\"><\/div>\n<\/div>\n\n\n<div\n  class=\"acf-content-listing is-style-filtered alignwide\"\n   id=\"listing\" >\n  <div class=\"facetwp-template\">\n    <div class=\"flex -mx-6 -mt-5 md:-mt-6 flex-wrap\">\n               <div class=\"w-1\/1 sm:w-1\/2 md:w-1\/3 px-6 py-5 md:py-6\">\n          <div class=\"text-center\" data-vue-wrapper>\n      <a href=\"https:\/\/mutti-parma.com\/dk\/project\/dorkrans\/\" class=\"relative block mb-4 max-w-96 mx-auto\">\n      <div class=\"responsive-embed \" style=\"padding-bottom: 108.79765395894%;\">\n        <img decoding=\"async\" width=\"2560\" height=\"1707\" src=\"https:\/\/mutti-parma.com\/app\/uploads\/sites\/11\/2025\/11\/ghirlanda-latta-06-scaled.jpg\" class=\"inline-block wp-image-7169\" alt=\"D\u00f8rkrans\" sizes=\"auto, (max-width: 600px) 72vw, 431px\" data-spai-crop=\"true\" title=\"D\u00f8rkrans\" srcset=\"https:\/\/mutti-parma.com\/app\/uploads\/sites\/11\/2025\/11\/ghirlanda-latta-06-scaled.jpg 2560w, https:\/\/mutti-parma.com\/app\/uploads\/sites\/11\/2025\/11\/ghirlanda-latta-06-500x333.jpg 500w, https:\/\/mutti-parma.com\/app\/uploads\/sites\/11\/2025\/11\/ghirlanda-latta-06-1024x683.jpg 1024w, https:\/\/mutti-parma.com\/app\/uploads\/sites\/11\/2025\/11\/ghirlanda-latta-06-200x133.jpg 200w, https:\/\/mutti-parma.com\/app\/uploads\/sites\/11\/2025\/11\/ghirlanda-latta-06-768x512.jpg 768w, https:\/\/mutti-parma.com\/app\/uploads\/sites\/11\/2025\/11\/ghirlanda-latta-06-150x100.jpg 150w, https:\/\/mutti-parma.com\/app\/uploads\/sites\/11\/2025\/11\/ghirlanda-latta-06-600x400.jpg 600w, https:\/\/mutti-parma.com\/app\/uploads\/sites\/11\/2025\/11\/ghirlanda-latta-06-1536x1024.jpg 1536w, https:\/\/mutti-parma.com\/app\/uploads\/sites\/11\/2025\/11\/ghirlanda-latta-06-2048x1365.jpg 2048w\" loading=\"lazy\" \/>\n      <\/div>\n    <\/a>\n  \n  <a class=\"block mb-4\" href=\"https:\/\/mutti-parma.com\/dk\/project\/dorkrans\/\">\n    <h3>D\u00f8rkrans<\/h3>\n  <\/a>\n\n  <rate-post\n    namespace=\"mutti\/v1\"\n    :votes=\"0\"\n    :post-id=\"7142\"\n  ><\/rate-post>\n<\/div>\n        <\/div>\n               <div class=\"w-1\/1 sm:w-1\/2 md:w-1\/3 px-6 py-5 md:py-6\">\n          <div class=\"text-center\" data-vue-wrapper>\n      <a href=\"https:\/\/mutti-parma.com\/dk\/project\/vintersnekugle\/\" class=\"relative block mb-4 max-w-96 mx-auto\">\n      <div class=\"responsive-embed \" style=\"padding-bottom: 108.79765395894%;\">\n        <img decoding=\"async\" width=\"2000\" height=\"1333\" src=\"https:\/\/mutti-parma.com\/app\/uploads\/sites\/11\/2025\/11\/palla-di-neve-vasetto-07.jpg\" class=\"inline-block wp-image-7183\" alt=\"Vintersnekugle\" sizes=\"auto, (max-width: 600px) 72vw, 431px\" data-spai-crop=\"true\" title=\"Vintersnekugle\" srcset=\"https:\/\/mutti-parma.com\/app\/uploads\/sites\/11\/2025\/11\/palla-di-neve-vasetto-07.jpg 2000w, https:\/\/mutti-parma.com\/app\/uploads\/sites\/11\/2025\/11\/palla-di-neve-vasetto-07-500x333.jpg 500w, https:\/\/mutti-parma.com\/app\/uploads\/sites\/11\/2025\/11\/palla-di-neve-vasetto-07-1024x682.jpg 1024w, https:\/\/mutti-parma.com\/app\/uploads\/sites\/11\/2025\/11\/palla-di-neve-vasetto-07-200x133.jpg 200w, https:\/\/mutti-parma.com\/app\/uploads\/sites\/11\/2025\/11\/palla-di-neve-vasetto-07-768x512.jpg 768w, https:\/\/mutti-parma.com\/app\/uploads\/sites\/11\/2025\/11\/palla-di-neve-vasetto-07-150x100.jpg 150w, https:\/\/mutti-parma.com\/app\/uploads\/sites\/11\/2025\/11\/palla-di-neve-vasetto-07-600x400.jpg 600w, https:\/\/mutti-parma.com\/app\/uploads\/sites\/11\/2025\/11\/palla-di-neve-vasetto-07-1536x1024.jpg 1536w\" loading=\"lazy\" \/>\n      <\/div>\n    <\/a>\n  \n  <a class=\"block mb-4\" href=\"https:\/\/mutti-parma.com\/dk\/project\/vintersnekugle\/\">\n    <h3>Vintersnekugle<\/h3>\n  <\/a>\n\n  <rate-post\n    namespace=\"mutti\/v1\"\n    :votes=\"0\"\n    :post-id=\"7144\"\n  ><\/rate-post>\n<\/div>\n        <\/div>\n               <div class=\"w-1\/1 sm:w-1\/2 md:w-1\/3 px-6 py-5 md:py-6\">\n          <div class=\"text-center\" data-vue-wrapper>\n      <a href=\"https:\/\/mutti-parma.com\/dk\/project\/glasmarkorer-til-vinterens-fester\/\" class=\"relative block mb-4 max-w-96 mx-auto\">\n      <div class=\"responsive-embed \" style=\"padding-bottom: 108.79765395894%;\">\n        <img decoding=\"async\" width=\"2000\" height=\"1333\" src=\"https:\/\/mutti-parma.com\/app\/uploads\/sites\/11\/2025\/11\/segnaposto-tubetto-06.jpg\" class=\"inline-block wp-image-7191\" alt=\"Glasmark\u00f8rer til vinterens fester\" sizes=\"auto, (max-width: 600px) 72vw, 431px\" data-spai-crop=\"true\" title=\"Glasmark\u00f8rer til vinterens fester\" srcset=\"https:\/\/mutti-parma.com\/app\/uploads\/sites\/11\/2025\/11\/segnaposto-tubetto-06.jpg 2000w, https:\/\/mutti-parma.com\/app\/uploads\/sites\/11\/2025\/11\/segnaposto-tubetto-06-500x333.jpg 500w, https:\/\/mutti-parma.com\/app\/uploads\/sites\/11\/2025\/11\/segnaposto-tubetto-06-1024x682.jpg 1024w, https:\/\/mutti-parma.com\/app\/uploads\/sites\/11\/2025\/11\/segnaposto-tubetto-06-200x133.jpg 200w, https:\/\/mutti-parma.com\/app\/uploads\/sites\/11\/2025\/11\/segnaposto-tubetto-06-768x512.jpg 768w, https:\/\/mutti-parma.com\/app\/uploads\/sites\/11\/2025\/11\/segnaposto-tubetto-06-150x100.jpg 150w, https:\/\/mutti-parma.com\/app\/uploads\/sites\/11\/2025\/11\/segnaposto-tubetto-06-600x400.jpg 600w, https:\/\/mutti-parma.com\/app\/uploads\/sites\/11\/2025\/11\/segnaposto-tubetto-06-1536x1024.jpg 1536w\" loading=\"lazy\" \/>\n      <\/div>\n    <\/a>\n  \n  <a class=\"block mb-4\" href=\"https:\/\/mutti-parma.com\/dk\/project\/glasmarkorer-til-vinterens-fester\/\">\n    <h3>Glasmark\u00f8rer til vinterens fester<\/h3>\n  <\/a>\n\n  <rate-post\n    namespace=\"mutti\/v1\"\n    :votes=\"0\"\n    :post-id=\"7146\"\n  ><\/rate-post>\n<\/div>\n        <\/div>\n               <div class=\"w-1\/1 sm:w-1\/2 md:w-1\/3 px-6 py-5 md:py-6\">\n          <div class=\"text-center\" data-vue-wrapper>\n      <a href=\"https:\/\/mutti-parma.com\/dk\/project\/opskrift-i-tomatflaske\/\" class=\"relative block mb-4 max-w-96 mx-auto\">\n      <div class=\"responsive-embed \" style=\"padding-bottom: 108.79765395894%;\">\n        <img decoding=\"async\" width=\"200\" height=\"200\" src=\"https:\/\/mutti-parma.com\/app\/uploads\/sites\/11\/2024\/12\/4-bottiglia-porta-ricetta-4-1-200x200-1.jpg\" class=\"inline-block wp-image-6347\" alt=\"Opskrift i Tomatflaske\" sizes=\"auto, (max-width: 600px) 72vw, 431px\" data-spai-crop=\"true\" title=\"Opskrift i Tomatflaske\" srcset=\"https:\/\/mutti-parma.com\/app\/uploads\/sites\/11\/2024\/12\/4-bottiglia-porta-ricetta-4-1-200x200-1.jpg 200w, https:\/\/mutti-parma.com\/app\/uploads\/sites\/11\/2024\/12\/4-bottiglia-porta-ricetta-4-1-200x200-1-150x150.jpg 150w, https:\/\/mutti-parma.com\/app\/uploads\/sites\/11\/2024\/12\/4-bottiglia-porta-ricetta-4-1-200x200-1-50x50.jpg 50w\" loading=\"lazy\" \/>\n      <\/div>\n    <\/a>\n  \n  <a class=\"block mb-4\" href=\"https:\/\/mutti-parma.com\/dk\/project\/opskrift-i-tomatflaske\/\">\n    <h3>Opskrift i Tomatflaske<\/h3>\n  <\/a>\n\n  <rate-post\n    namespace=\"mutti\/v1\"\n    :votes=\"1\"\n    :post-id=\"6346\"\n  ><\/rate-post>\n<\/div>\n        <\/div>\n               <div class=\"w-1\/1 sm:w-1\/2 md:w-1\/3 px-6 py-5 md:py-6\">\n          <div class=\"text-center\" data-vue-wrapper>\n      <a href=\"https:\/\/mutti-parma.com\/dk\/project\/festlige-dekorationer\/\" class=\"relative block mb-4 max-w-96 mx-auto\">\n      <div class=\"responsive-embed \" style=\"padding-bottom: 108.79765395894%;\">\n        <img decoding=\"async\" width=\"500\" height=\"500\" src=\"https:\/\/mutti-parma.com\/app\/uploads\/sites\/11\/2024\/12\/5-tubetto-decorazioni-10a-1-500x500-1.jpg\" class=\"inline-block wp-image-6343\" alt=\"Festlige Dekorationer\" sizes=\"auto, (max-width: 600px) 72vw, 431px\" data-spai-crop=\"true\" title=\"Festlige Dekorationer\" srcset=\"https:\/\/mutti-parma.com\/app\/uploads\/sites\/11\/2024\/12\/5-tubetto-decorazioni-10a-1-500x500-1.jpg 500w, https:\/\/mutti-parma.com\/app\/uploads\/sites\/11\/2024\/12\/5-tubetto-decorazioni-10a-1-500x500-1-200x200.jpg 200w, https:\/\/mutti-parma.com\/app\/uploads\/sites\/11\/2024\/12\/5-tubetto-decorazioni-10a-1-500x500-1-150x150.jpg 150w, https:\/\/mutti-parma.com\/app\/uploads\/sites\/11\/2024\/12\/5-tubetto-decorazioni-10a-1-500x500-1-50x50.jpg 50w\" loading=\"lazy\" \/>\n      <\/div>\n    <\/a>\n  \n  <a class=\"block mb-4\" href=\"https:\/\/mutti-parma.com\/dk\/project\/festlige-dekorationer\/\">\n    <h3>Festlige Dekorationer<\/h3>\n  <\/a>\n\n  <rate-post\n    namespace=\"mutti\/v1\"\n    :votes=\"2\"\n    :post-id=\"6342\"\n  ><\/rate-post>\n<\/div>\n        <\/div>\n               <div class=\"w-1\/1 sm:w-1\/2 md:w-1\/3 px-6 py-5 md:py-6\">\n          <div class=\"text-center\" data-vue-wrapper>\n      <a href=\"https:\/\/mutti-parma.com\/dk\/project\/mutti-krukke-til-sukkulenter\/\" class=\"relative block mb-4 max-w-96 mx-auto\">\n      <div class=\"responsive-embed \" style=\"padding-bottom: 108.79765395894%;\">\n        <img decoding=\"async\" width=\"1024\" height=\"1024\" src=\"https:\/\/mutti-parma.com\/app\/uploads\/sites\/11\/2024\/03\/ww-socialped-2021-09-doartyourself-01-fb-ig-1024x1024-2.jpg\" class=\"inline-block wp-image-5473\" alt=\"Mutti-krukke til sukkulenter\" sizes=\"auto, (max-width: 600px) 72vw, 431px\" data-spai-crop=\"true\" title=\"Mutti-krukke til sukkulenter\" srcset=\"https:\/\/mutti-parma.com\/app\/uploads\/sites\/11\/2024\/03\/ww-socialped-2021-09-doartyourself-01-fb-ig-1024x1024-2.jpg 1024w, https:\/\/mutti-parma.com\/app\/uploads\/sites\/11\/2024\/03\/ww-socialped-2021-09-doartyourself-01-fb-ig-1024x1024-2-500x500.jpg 500w, https:\/\/mutti-parma.com\/app\/uploads\/sites\/11\/2024\/03\/ww-socialped-2021-09-doartyourself-01-fb-ig-1024x1024-2-200x200.jpg 200w, https:\/\/mutti-parma.com\/app\/uploads\/sites\/11\/2024\/03\/ww-socialped-2021-09-doartyourself-01-fb-ig-1024x1024-2-768x768.jpg 768w, https:\/\/mutti-parma.com\/app\/uploads\/sites\/11\/2024\/03\/ww-socialped-2021-09-doartyourself-01-fb-ig-1024x1024-2-150x150.jpg 150w, https:\/\/mutti-parma.com\/app\/uploads\/sites\/11\/2024\/03\/ww-socialped-2021-09-doartyourself-01-fb-ig-1024x1024-2-600x600.jpg 600w, https:\/\/mutti-parma.com\/app\/uploads\/sites\/11\/2024\/03\/ww-socialped-2021-09-doartyourself-01-fb-ig-1024x1024-2-50x50.jpg 50w\" loading=\"lazy\" \/>\n      <\/div>\n    <\/a>\n  \n  <a class=\"block mb-4\" href=\"https:\/\/mutti-parma.com\/dk\/project\/mutti-krukke-til-sukkulenter\/\">\n    <h3>Mutti-krukke til sukkulenter<\/h3>\n  <\/a>\n\n  <rate-post\n    namespace=\"mutti\/v1\"\n    :votes=\"2\"\n    :post-id=\"5472\"\n  ><\/rate-post>\n<\/div>\n        <\/div>\n               <div class=\"w-1\/1 sm:w-1\/2 md:w-1\/3 px-6 py-5 md:py-6\">\n          <div class=\"text-center\" data-vue-wrapper>\n      <a href=\"https:\/\/mutti-parma.com\/dk\/project\/mutti-kapselbordskaaner\/\" class=\"relative block mb-4 max-w-96 mx-auto\">\n      <div class=\"responsive-embed \" style=\"padding-bottom: 108.79765395894%;\">\n        <img decoding=\"async\" width=\"1024\" height=\"1024\" src=\"https:\/\/mutti-parma.com\/app\/uploads\/sites\/11\/2024\/03\/ww-socialped-2021-10-doartyourself-01-1024x1024-2.jpg\" class=\"inline-block wp-image-5476\" alt=\"Mutti-kapselbordsk\u00e5ner\" sizes=\"auto, (max-width: 600px) 72vw, 431px\" data-spai-crop=\"true\" title=\"Mutti-kapselbordsk\u00e5ner\" srcset=\"https:\/\/mutti-parma.com\/app\/uploads\/sites\/11\/2024\/03\/ww-socialped-2021-10-doartyourself-01-1024x1024-2.jpg 1024w, https:\/\/mutti-parma.com\/app\/uploads\/sites\/11\/2024\/03\/ww-socialped-2021-10-doartyourself-01-1024x1024-2-500x500.jpg 500w, https:\/\/mutti-parma.com\/app\/uploads\/sites\/11\/2024\/03\/ww-socialped-2021-10-doartyourself-01-1024x1024-2-200x200.jpg 200w, https:\/\/mutti-parma.com\/app\/uploads\/sites\/11\/2024\/03\/ww-socialped-2021-10-doartyourself-01-1024x1024-2-768x768.jpg 768w, https:\/\/mutti-parma.com\/app\/uploads\/sites\/11\/2024\/03\/ww-socialped-2021-10-doartyourself-01-1024x1024-2-150x150.jpg 150w, https:\/\/mutti-parma.com\/app\/uploads\/sites\/11\/2024\/03\/ww-socialped-2021-10-doartyourself-01-1024x1024-2-600x600.jpg 600w, https:\/\/mutti-parma.com\/app\/uploads\/sites\/11\/2024\/03\/ww-socialped-2021-10-doartyourself-01-1024x1024-2-50x50.jpg 50w\" loading=\"lazy\" \/>\n      <\/div>\n    <\/a>\n  \n  <a class=\"block mb-4\" href=\"https:\/\/mutti-parma.com\/dk\/project\/mutti-kapselbordskaaner\/\">\n    <h3>Mutti-kapselbordsk\u00e5ner<\/h3>\n  <\/a>\n\n  <rate-post\n    namespace=\"mutti\/v1\"\n    :votes=\"2\"\n    :post-id=\"5475\"\n  ><\/rate-post>\n<\/div>\n        <\/div>\n               <div class=\"w-1\/1 sm:w-1\/2 md:w-1\/3 px-6 py-5 md:py-6\">\n          <div class=\"text-center\" data-vue-wrapper>\n      <a href=\"https:\/\/mutti-parma.com\/dk\/project\/mutti-koekkendaaser\/\" class=\"relative block mb-4 max-w-96 mx-auto\">\n      <div class=\"responsive-embed \" style=\"padding-bottom: 108.79765395894%;\">\n        <img decoding=\"async\" width=\"1024\" height=\"1024\" src=\"https:\/\/mutti-parma.com\/app\/uploads\/sites\/11\/2024\/03\/ww-socialped-2021-11-doartyourself-07-1024x1024-2-1.jpg\" class=\"inline-block wp-image-5479\" alt=\"Mutti-k\u00f8kkend\u00e5ser\" sizes=\"auto, (max-width: 600px) 72vw, 431px\" data-spai-crop=\"true\" title=\"Mutti-k\u00f8kkend\u00e5ser\" srcset=\"https:\/\/mutti-parma.com\/app\/uploads\/sites\/11\/2024\/03\/ww-socialped-2021-11-doartyourself-07-1024x1024-2-1.jpg 1024w, https:\/\/mutti-parma.com\/app\/uploads\/sites\/11\/2024\/03\/ww-socialped-2021-11-doartyourself-07-1024x1024-2-1-500x500.jpg 500w, https:\/\/mutti-parma.com\/app\/uploads\/sites\/11\/2024\/03\/ww-socialped-2021-11-doartyourself-07-1024x1024-2-1-200x200.jpg 200w, https:\/\/mutti-parma.com\/app\/uploads\/sites\/11\/2024\/03\/ww-socialped-2021-11-doartyourself-07-1024x1024-2-1-768x768.jpg 768w, https:\/\/mutti-parma.com\/app\/uploads\/sites\/11\/2024\/03\/ww-socialped-2021-11-doartyourself-07-1024x1024-2-1-150x150.jpg 150w, https:\/\/mutti-parma.com\/app\/uploads\/sites\/11\/2024\/03\/ww-socialped-2021-11-doartyourself-07-1024x1024-2-1-600x600.jpg 600w, https:\/\/mutti-parma.com\/app\/uploads\/sites\/11\/2024\/03\/ww-socialped-2021-11-doartyourself-07-1024x1024-2-1-50x50.jpg 50w\" loading=\"lazy\" \/>\n      <\/div>\n    <\/a>\n  \n  <a class=\"block mb-4\" href=\"https:\/\/mutti-parma.com\/dk\/project\/mutti-koekkendaaser\/\">\n    <h3>Mutti-k\u00f8kkend\u00e5ser<\/h3>\n  <\/a>\n\n  <rate-post\n    namespace=\"mutti\/v1\"\n    :votes=\"2\"\n    :post-id=\"5478\"\n  ><\/rate-post>\n<\/div>\n        <\/div>\n               <div class=\"w-1\/1 sm:w-1\/2 md:w-1\/3 px-6 py-5 md:py-6\">\n          <div class=\"text-center\" data-vue-wrapper>\n      <a href=\"https:\/\/mutti-parma.com\/dk\/project\/mutti-holder-til-vandflaske\/\" class=\"relative block mb-4 max-w-96 mx-auto\">\n      <div class=\"responsive-embed \" style=\"padding-bottom: 108.79765395894%;\">\n        <img decoding=\"async\" width=\"539\" height=\"1024\" src=\"https:\/\/mutti-parma.com\/app\/uploads\/sites\/11\/2024\/03\/borraccia-vert-04-lr-539x1024-2.jpg\" class=\"inline-block wp-image-5483\" alt=\"Mutti-holder til vandflaske\" sizes=\"auto, (max-width: 600px) 72vw, 431px\" data-spai-crop=\"true\" title=\"Mutti-holder til vandflaske\" srcset=\"https:\/\/mutti-parma.com\/app\/uploads\/sites\/11\/2024\/03\/borraccia-vert-04-lr-539x1024-2.jpg 539w, https:\/\/mutti-parma.com\/app\/uploads\/sites\/11\/2024\/03\/borraccia-vert-04-lr-539x1024-2-263x500.jpg 263w, https:\/\/mutti-parma.com\/app\/uploads\/sites\/11\/2024\/03\/borraccia-vert-04-lr-539x1024-2-105x200.jpg 105w, https:\/\/mutti-parma.com\/app\/uploads\/sites\/11\/2024\/03\/borraccia-vert-04-lr-539x1024-2-150x285.jpg 150w\" loading=\"lazy\" \/>\n      <\/div>\n    <\/a>\n  \n  <a class=\"block mb-4\" href=\"https:\/\/mutti-parma.com\/dk\/project\/mutti-holder-til-vandflaske\/\">\n    <h3>Mutti-holder til vandflaske<\/h3>\n  <\/a>\n\n  <rate-post\n    namespace=\"mutti\/v1\"\n    :votes=\"2\"\n    :post-id=\"5481\"\n  ><\/rate-post>\n<\/div>\n        <\/div>\n                <\/div>\n  <\/div>\n\n      <div class=\"text-center\">\n      <div class=\"facetwp-pager\"><\/div>\n    <\/div>\n  <\/div>\n","protected":false},"excerpt":{"rendered":"","protected":false},"author":1,"featured_media":0,"parent":0,"menu_order":9,"comment_status":"closed","ping_status":"closed","template":"","meta":{"_acf_changed":false,"_relevanssi_hide_post":"","_relevanssi_hide_content":"","_relevanssi_pin_for_all":"","_relevanssi_pin_keywords":"","_relevanssi_unpin_keywords":"","_relevanssi_related_keywords":"","_relevanssi_related_include_ids":"","_relevanssi_related_exclude_ids":"","_relevanssi_related_no_append":"","_relevanssi_related_not_related":"","_relevanssi_related_posts":"","_relevanssi_noindex_reason":"","footnotes":""},"class_list":["post-5466","page","type-page","status-publish","hentry"],"acf":[],"_links":{"self":[{"href":"https:\/\/mutti-parma.com\/dk\/wp-json\/wp\/v2\/pages\/5466","targetHints":{"allow":["GET"]}}],"collection":[{"href":"https:\/\/mutti-parma.com\/dk\/wp-json\/wp\/v2\/pages"}],"about":[{"href":"https:\/\/mutti-parma.com\/dk\/wp-json\/wp\/v2\/types\/page"}],"author":[{"embeddable":true,"href":"https:\/\/mutti-parma.com\/dk\/wp-json\/wp\/v2\/users\/1"}],"replies":[{"embeddable":true,"href":"https:\/\/mutti-parma.com\/dk\/wp-json\/wp\/v2\/comments?post=5466"}],"version-history":[{"count":2,"href":"https:\/\/mutti-parma.com\/dk\/wp-json\/wp\/v2\/pages\/5466\/revisions"}],"predecessor-version":[{"id":5468,"href":"https:\/\/mutti-parma.com\/dk\/wp-json\/wp\/v2\/pages\/5466\/revisions\/5468"}],"wp:attachment":[{"href":"https:\/\/mutti-parma.com\/dk\/wp-json\/wp\/v2\/media?parent=5466"}],"curies":[{"name":"wp","href":"https:\/\/api.w.org\/{rel}","templated":true}]}}