{"id":269,"date":"2019-10-08T09:43:46","date_gmt":"2019-10-08T09:43:46","guid":{"rendered":"https:\/\/mutti-parma.com\/dk\/?post_type=product&#038;p=269"},"modified":"2023-03-02T14:24:43","modified_gmt":"2023-03-02T14:24:43","slug":"finthakkede-tomater-med-hvidloeg","status":"publish","type":"product","link":"https:\/\/mutti-parma.com\/dk\/mutti-produkter\/finthakkede-tomater-med-hvidloeg\/","title":{"rendered":"Hakkede tomater med hvidl\u00f8g"},"content":{"rendered":"\n<div style=\"--media-width: 50\" class=\"wp-block-media-text alignwide has-media-on-the-right is-stacked-on-mobile is-style-hero has-background-image\"><img loading=\"lazy\" decoding=\"async\" class=\"wp-block-media-text__background\" alt=\"\" data-spai-crop=\"true\" src=\"https:\/\/mutti-parma.com\/app\/uploads\/sites\/3\/2019\/09\/texture-banner-mutti-default-gradient.jpg\" \/><figure class=\"wp-block-media-text__media\"><img loading=\"lazy\" decoding=\"async\" width=\"675\" height=\"1024\" src=\"https:\/\/mutti-parma.com\/app\/uploads\/sites\/11\/2019\/10\/polpa-aglio-400g-hires-nodk-675x1024.png\" alt=\"finthakkede tomater med hvidloeg\" class=\"wp-image-300\" sizes=\"(min-width: 1440px) 528px,37vw\" data-spai-crop=\"false\" srcset=\"https:\/\/mutti-parma.com\/app\/uploads\/sites\/11\/2019\/10\/polpa-aglio-400g-hires-nodk-675x1024.png 675w, https:\/\/mutti-parma.com\/app\/uploads\/sites\/11\/2019\/10\/polpa-aglio-400g-hires-nodk-132x200.png 132w, https:\/\/mutti-parma.com\/app\/uploads\/sites\/11\/2019\/10\/polpa-aglio-400g-hires-nodk-330x500.png 330w, https:\/\/mutti-parma.com\/app\/uploads\/sites\/11\/2019\/10\/polpa-aglio-400g-hires-nodk-768x1165.png 768w, https:\/\/mutti-parma.com\/app\/uploads\/sites\/11\/2019\/10\/polpa-aglio-400g-hires-nodk-150x228.png 150w, https:\/\/mutti-parma.com\/app\/uploads\/sites\/11\/2019\/10\/polpa-aglio-400g-hires-nodk-600x910.png 600w, https:\/\/mutti-parma.com\/app\/uploads\/sites\/11\/2019\/10\/polpa-aglio-400g-hires-nodk.png 1200w\" \/><\/figure><div class=\"wp-block-media-text__content\"><div class=\"acf-breadcrumb my-4 md:my-8 text-center md:text-left\">\n  <nav>\n  <ol class=\"list-none text-md\">\n                  <li class=\"inline\">\n                      <a class=\"text-inherit\" href=\"https:\/\/mutti-parma.com\/dk\/\">\n              Mutti Parma Danmark\n            <\/a>\n                                <span aria-hidden=\"true\">\/&nbsp;<\/span>\n                  <\/li>\n                        <li class=\"inline\">\n                      <a class=\"text-inherit\" href=\"https:\/\/mutti-parma.com\/dk\/mutti-produkter\/\">\n              Products\n            <\/a>\n                            <\/li>\n            <\/ol>\n<\/nav>\n<\/div>\n\n\n\n<h1 class=\"has-primary-color wp-block-heading\">Hakkede tomater med hvidl\u00f8g<\/h1>\n\n\n\n<p class=\"has-xxl-font-size is-style-cursive\">Finhakkede Tomater<\/p>\n\n\n\n<p>Mutti finthakkede tomater med hvidl\u00f8g beholder al friskheden af \u200b\u200bfriskplukkede tomater og tilf\u00f8jer en glat smag af hvidl\u00f8g. Det er et unikt produkt, fordi det kombinerer frugtk\u00f8det med tomatsaft, sk\u00e5ret i meget fine stykker.<\/p>\n\n\n\n\n<div class=\"acf-characteristics\">\n  <div class=\"flex flex-wrap -m-2 justify-center sm:justify-between\">\n          <div class=\"m-2 w-24 text-center\">\n        <div style=\"height: 41px; width: 80px;\" class=\"mx-auto flex items-end justify-center mx-auto\">\n                      <img decoding=\"async\" width=\"90\" height=\"24\" src=\"https:\/\/mutti-parma.com\/app\/uploads\/sites\/3\/2021\/04\/icon-characteristics-color-vibrant-red-v2.svg\" class=\"w-full wp-image-300000416 attachment-full size-full\" alt=\"cooking symbol\" style=\"max-height: 43px; max-width: 80px;\" loading=\"lazy\" \/>\n                  <\/div>\n        <p class=\"h6 text-inherit mt-3\">Klar r\u00f8d farve<\/p>\n      <\/div>\n          <div class=\"m-2 w-24 text-center\">\n        <div style=\"height: 41px; width: 80px;\" class=\"mx-auto flex items-end justify-center mx-auto\">\n                      <img decoding=\"async\" width=\"300\" height=\"154\" src=\"https:\/\/mutti-parma.com\/app\/uploads\/sites\/3\/2019\/09\/icon-characteristics-cooking-time-long.svg\" class=\"w-full wp-image-300000112 attachment-full size-full\" alt=\"\" style=\"max-height: 43px; max-width: 80px;\" loading=\"lazy\" \/>\n                  <\/div>\n        <p class=\"h6 text-inherit mt-3\">Ogs\u00e5 egnet til lang tilberedningstid<\/p>\n      <\/div>\n          <div class=\"m-2 w-24 text-center\">\n        <div style=\"height: 41px; width: 80px;\" class=\"mx-auto flex items-end justify-center mx-auto\">\n                      <img decoding=\"async\" width=\"220\" height=\"168\" src=\"https:\/\/mutti-parma.com\/app\/uploads\/sites\/3\/2019\/09\/icon-characteristics-texture-rich.svg\" class=\"w-full wp-image-300000104 attachment-full size-full\" alt=\"cooking symbol\" style=\"max-height: 43px; max-width: 80px;\" loading=\"lazy\" \/>\n                  <\/div>\n        <p class=\"h6 text-inherit mt-3\">Fyldig konsistens<\/p>\n      <\/div>\n          <div class=\"m-2 w-24 text-center\">\n        <div style=\"height: 41px; width: 80px;\" class=\"mx-auto flex items-end justify-center mx-auto\">\n                      <img decoding=\"async\" width=\"210\" height=\"114\" src=\"https:\/\/mutti-parma.com\/app\/uploads\/sites\/11\/2020\/02\/mutti-product-icons-nordic-frisk.svg\" class=\"w-full wp-image-1503\" alt=\"frisk\" style=\"max-height: 43px; max-width: 80px;\" loading=\"lazy\" \/>\n                  <\/div>\n        <p class=\"h6 text-inherit mt-3\">Frisk smag<\/p>\n      <\/div>\n      <\/div>\n<\/div>\n<\/div><\/div>\n\n\n\n\n\n<div class=\"wp-block-media-text alignwide\" style=\"grid-template-columns:32% auto\"><figure class=\"wp-block-media-text__media\"><video\n  \n  autoplay\n  playsinline\n  muted\n  loop\n  loading=\"lazy\"\n  \n  \n  \n\n  \n      poster=\"https:\/\/mutti-parma.com\/app\/uploads\/sites\/3\/2019\/10\/product-consistency-polpa-image.jpg\"\n  >\n            <source src=\"https:\/\/cdn.mutti-parma.com\/app\/uploads\/sites\/3\/2019\/10\/product-consistency-polpa.mp4\" type=\"video\/mp4\">\n      <\/video>\n\n<\/figure><div class=\"wp-block-media-text__content\">\n<h2 class=\"wp-block-heading\">L\u00c6S MERE OM POLPA<\/h2>\n\n\n\n<p class=\"has-xxl-font-size is-style-cursive\">Hvor som helst du \u00f8nsker smagen af \u200b\u200bfriske tomater.<\/p>\n\n\n\n<p>Hakket, pureret, koncentreret til pasta og fl\u00e5et er grundlaget for Muttis tomatprodukter. Produkterne er forskellige, hvad ang\u00e5r farve, smag og tekstur, og alle har deres egen personlighed. De finthakkede tomater har en klar r\u00f8d farve og en fyldig tekstur med sm\u00e5 tomatstykker og en helt ekstraordin\u00e6rt frisk tomatsmag.<\/p>\n<\/div><\/div>\n\n\n\n\n\n\n\n<hr class=\"wp-block-separator alignwide\"\/>\n\n\n<div class=\"acf-comments alignwide my-8\">\n  <div class=\"flex flex-wrap mb-4 items-center text-center sm:text-left px-0 sm:px-2 md:px-0\">\n    <h3 class=\"w-full sm:w-auto is-style-cursive text-primary my-0 leading-none\">Share and review<\/h3>\n    <div class=\"w-full sm:w-auto flex-auto mt-1 sm:ml-8\">\n          <\/div>\n\n          <div class=\"mx-auto sm:ml-0 mt-3 sm:mt-0\">\n                  <div\n  class=\"shariff\"\n  data-button-style=\"icon\"\n  data-mail-body=\"https:\/\/mutti-parma.com\/dk\/mutti-produkter\/finthakkede-tomater-med-hvidloeg\/\"\n  data-mail-subject=\"Hakkede tomater med hvidl\u00f8g - Mutti\"\n  data-mail-url=\"mailto:\"\n  data-media-url=\"https:\/\/mutti-parma.com\/app\/uploads\/sites\/11\/2019\/10\/polpa-aglio-400g-hires-nodk.png\"\n  data-services=\"[&#039;facebook&#039;, &#039;twitter&#039;, &#039;whatsapp&#039;, &#039;pinterest&#039;, &#039;mail&#039;]\"\n><\/div>\n              <\/div>\n      <\/div>\n\n  <div>\n                <\/div>\n<\/div>\n\n\n\n<hr class=\"wp-block-separator alignwide\"\/>\n\n\n\n<div class=\"wp-block-cover alignwide has-background-dim-80 has-darkred-background-color has-background-dim\" style=\"background-image:url(https:\/\/mutti-parma.com\/app\/uploads\/sites\/3\/2019\/09\/tomatoes.jpg)\"><div class=\"wp-block-cover__inner-container is-layout-flow wp-block-cover-is-layout-flow\">\n<div class=\"wp-block-columns alignwide is-layout-flex wp-container-core-columns-is-layout-9d6595d7 wp-block-columns-is-layout-flex\">\n<div class=\"wp-block-column is-layout-flow wp-block-column-is-layout-flow\">\n<h2 class=\"wp-block-heading\" id=\"sustainability\"><strong>B\u00c6REDYGTIGHED<\/strong><\/h2>\n\n\n\n<p class=\"is-style-cursive mb-0\">For os betyder b\u00e6redygtighed respekt for landet<\/p>\n\n\n\n<h4 class=\"wp-block-heading\">SAMARBEJDE MED WWF ITALIEN<\/h4>\n\n\n\n<p>Mutti har arbejdet t\u00e6t sammen med WWF Italien for at hj\u00e6lpe landm\u00e6nd med at finde b\u00e6redygtige m\u00e5der til at reducere vandforbrug og CO2-emissioner. WWF Italien satte ikke kun m\u00e5l, men gjorde det ogs\u00e5 muligt for landm\u00e6nd at analysere og gennemg\u00e5 data for at klarl\u00e6gge, hvad de kan g\u00f8re. For eksempel anbefalede organisationen brug af specielle sensorer, der m\u00e5ler jordens fugtighedsindhold og giver nyttige oplysninger til st\u00f8tte for effektiv vandanvendelse. Mutti investerede i teknologi, uddannelse og teknisk support til landm\u00e6nd og landbrugsorganisationer. Selv efter at vores fem\u00e5rige projekt sluttede, er vi stadig lige s\u00e5 engagerede som nogensinde i at minimere vores milj\u00f8p\u00e5virkning og forbedre hvert trin i vores produktion.<\/p>\n<\/div>\n\n\n\n<div class=\"wp-block-column is-layout-flow wp-block-column-is-layout-flow\">\n<h2 class=\"has-text-align-center wp-block-heading\">RESULTATER:<\/h2>\n\n\n\n<div class=\"wp-block-columns is-layout-flex wp-container-core-columns-is-layout-9d6595d7 wp-block-columns-is-layout-flex\">\n<div class=\"wp-block-column is-layout-flow wp-block-column-is-layout-flow\">\n<div class=\"wp-block-image\"><figure class=\"aligncenter size-large is-resized\"><img loading=\"lazy\" decoding=\"async\" src=\"https:\/\/mutti-parma.com\/app\/uploads\/sites\/3\/2019\/09\/icon-sustainable-water.svg\" alt=\"\" class=\"wp-image-30000085\" width=\"53\" height=\"91\" \/><\/figure><\/div>\n\n\n\n<h4 class=\"has-text-align-center wp-block-heading\">+1000 MILLIONER LITER VAND SPARET*<\/h4>\n\n\n\n<p class=\"has-text-align-center has-sm-font-size\">* mellem 2012 og 2014 (Kilde: Data indsamlet af CMCC, WWF og Middelhavets Center for Klima\u00e6ndringer, i Italien)<\/p>\n<\/div>\n\n\n\n<div class=\"wp-block-column is-layout-flow wp-block-column-is-layout-flow\">\n<div class=\"wp-block-image\"><figure class=\"aligncenter size-large is-resized\"><img loading=\"lazy\" decoding=\"async\" src=\"https:\/\/mutti-parma.com\/app\/uploads\/sites\/3\/2019\/09\/icon-sustainable-co2.svg\" alt=\"\" class=\"wp-image-30000086\" width=\"114\" height=\"88\" \/><\/figure><\/div>\n\n\n\n<h4 class=\"has-text-align-center wp-block-heading\">+ 31 530 TONS CO2 (CARBONDIOXID) UNDG\u00c5ET.<\/h4>\n\n\n\n<p class=\"has-text-align-center has-sm-font-size\">* mellem 2010 og 2015 sammenlignet med 2009-niveauer (Kilde: Data indsamlet af den italienske WWF og gruppen for energieffektivitet Officinae Verdi)<\/p>\n<\/div>\n<\/div>\n<\/div>\n<\/div>\n<\/div><\/div>\n\n\n\n\n\n\n\n\n\n\n\n\n<div class=\"acf-related-products mb-8 lg:mb-16 \" data-vue-wrapper>\n      <h3 class=\"text-center\">Andre produkter i produktlinjen<\/h3>\n  \n      <slideshow :slides-per-view=\"3\" :navigation=\"true\" class=\"mx-8 lg:-mx-12\" name=\"Related Products\">\n              <div class=\"swiper-slide\">\n          <div class=\"text-center hover:lift-img mx-auto max-w-28\">\n      <a href=\"https:\/\/mutti-parma.com\/dk\/mutti-produkter\/polpa\/\" class=\"block\">\n            <div class=\"responsive-embed is-contain\" style=\"padding-bottom: 188.23529411765%;\"><img decoding=\"async\" width=\"1200\" height=\"1820\" src=\"https:\/\/mutti-parma.com\/app\/uploads\/sites\/11\/2019\/10\/polpa-400g-hires-nodk-1.png\" class=\"inline-block mt-2 wp-image-302\" alt=\"Hakkede tomater\" sizes=\"auto, 126px\" data-spai-crop=\"false\" title=\"Hakkede tomater\" srcset=\"https:\/\/mutti-parma.com\/app\/uploads\/sites\/11\/2019\/10\/polpa-400g-hires-nodk-1.png 1200w, https:\/\/mutti-parma.com\/app\/uploads\/sites\/11\/2019\/10\/polpa-400g-hires-nodk-1-132x200.png 132w, https:\/\/mutti-parma.com\/app\/uploads\/sites\/11\/2019\/10\/polpa-400g-hires-nodk-1-330x500.png 330w, https:\/\/mutti-parma.com\/app\/uploads\/sites\/11\/2019\/10\/polpa-400g-hires-nodk-1-768x1165.png 768w, https:\/\/mutti-parma.com\/app\/uploads\/sites\/11\/2019\/10\/polpa-400g-hires-nodk-1-675x1024.png 675w, https:\/\/mutti-parma.com\/app\/uploads\/sites\/11\/2019\/10\/polpa-400g-hires-nodk-1-150x228.png 150w, https:\/\/mutti-parma.com\/app\/uploads\/sites\/11\/2019\/10\/polpa-400g-hires-nodk-1-600x910.png 600w\" loading=\"lazy\" \/><\/div>\n    <\/a>\n  \n  <a class=\"block underline mb-2 mt-2\" href=\"https:\/\/mutti-parma.com\/dk\/mutti-produkter\/polpa\/\">\n    <h3 class=\"h4\">Hakkede tomater<\/h3>\n  <\/a>\n\n      <a class=\"block hover:no-underline text-inherit\" href=\"https:\/\/mutti-parma.com\/dk\/mutti-produkter\/polpa\/\">\n      Finhakkede tomater\n    <\/a>\n  <\/div>\n        <\/div>\n              <div class=\"swiper-slide\">\n          <div class=\"text-center hover:lift-img mx-auto max-w-28\">\n      <a href=\"https:\/\/mutti-parma.com\/dk\/mutti-produkter\/finthakkede-tomater-med-basilikum\/\" class=\"block\">\n            <div class=\"responsive-embed is-contain\" style=\"padding-bottom: 188.23529411765%;\"><img decoding=\"async\" width=\"1200\" height=\"1820\" src=\"https:\/\/mutti-parma.com\/app\/uploads\/sites\/11\/2019\/10\/polpa-basilico-400g-hires-nodk-4.png\" class=\"inline-block mt-2 wp-image-1685\" alt=\"Hakkede tomater med basilikum\" sizes=\"auto, 126px\" data-spai-crop=\"false\" title=\"Hakkede tomater med basilikum\" srcset=\"https:\/\/mutti-parma.com\/app\/uploads\/sites\/11\/2019\/10\/polpa-basilico-400g-hires-nodk-4.png 1200w, https:\/\/mutti-parma.com\/app\/uploads\/sites\/11\/2019\/10\/polpa-basilico-400g-hires-nodk-4-132x200.png 132w, https:\/\/mutti-parma.com\/app\/uploads\/sites\/11\/2019\/10\/polpa-basilico-400g-hires-nodk-4-330x500.png 330w, https:\/\/mutti-parma.com\/app\/uploads\/sites\/11\/2019\/10\/polpa-basilico-400g-hires-nodk-4-768x1165.png 768w, https:\/\/mutti-parma.com\/app\/uploads\/sites\/11\/2019\/10\/polpa-basilico-400g-hires-nodk-4-675x1024.png 675w, https:\/\/mutti-parma.com\/app\/uploads\/sites\/11\/2019\/10\/polpa-basilico-400g-hires-nodk-4-150x228.png 150w, https:\/\/mutti-parma.com\/app\/uploads\/sites\/11\/2019\/10\/polpa-basilico-400g-hires-nodk-4-600x910.png 600w\" loading=\"lazy\" \/><\/div>\n    <\/a>\n  \n  <a class=\"block underline mb-2 mt-2\" href=\"https:\/\/mutti-parma.com\/dk\/mutti-produkter\/finthakkede-tomater-med-basilikum\/\">\n    <h3 class=\"h4\">Hakkede tomater med basilikum<\/h3>\n  <\/a>\n\n      <a class=\"block hover:no-underline text-inherit\" href=\"https:\/\/mutti-parma.com\/dk\/mutti-produkter\/finthakkede-tomater-med-basilikum\/\">\n      Finhakke Tomater\n    <\/a>\n  <\/div>\n        <\/div>\n              <div class=\"swiper-slide\">\n          <div class=\"text-center hover:lift-img mx-auto max-w-28\">\n      <a href=\"https:\/\/mutti-parma.com\/dk\/mutti-produkter\/polpa-datterini\/\" class=\"block\">\n            <div class=\"responsive-embed is-contain\" style=\"padding-bottom: 188.23529411765%;\"><img decoding=\"async\" width=\"493\" height=\"643\" src=\"https:\/\/mutti-parma.com\/app\/uploads\/sites\/11\/2024\/01\/polpa-datterini-300g-highres-nordic.png\" class=\"inline-block mt-2 wp-image-5157\" alt=\"Polpa datterini\" sizes=\"auto, 126px\" data-spai-crop=\"false\" title=\"Polpa datterini\" srcset=\"https:\/\/mutti-parma.com\/app\/uploads\/sites\/11\/2024\/01\/polpa-datterini-300g-highres-nordic.png 493w, https:\/\/mutti-parma.com\/app\/uploads\/sites\/11\/2024\/01\/polpa-datterini-300g-highres-nordic-383x500.png 383w, https:\/\/mutti-parma.com\/app\/uploads\/sites\/11\/2024\/01\/polpa-datterini-300g-highres-nordic-153x200.png 153w, https:\/\/mutti-parma.com\/app\/uploads\/sites\/11\/2024\/01\/polpa-datterini-300g-highres-nordic-150x196.png 150w\" loading=\"lazy\" \/><\/div>\n    <\/a>\n  \n  <a class=\"block underline mb-2 mt-2\" href=\"https:\/\/mutti-parma.com\/dk\/mutti-produkter\/polpa-datterini\/\">\n    <h3 class=\"h4\">Polpa datterini<\/h3>\n  <\/a>\n\n      <a class=\"block hover:no-underline text-inherit\" href=\"https:\/\/mutti-parma.com\/dk\/mutti-produkter\/polpa-datterini\/\">\n      Finthakkede tomater\n    <\/a>\n  <\/div>\n        <\/div>\n          <\/slideshow>\n  <\/div>\n\n\n\n<div class=\"wp-block-cover alignwide has-background-dim-20 has-background-dim\" style=\"background-image:url(https:\/\/mutti-parma.com\/app\/uploads\/sites\/3\/2020\/12\/table.jpg)\"><div class=\"wp-block-cover__inner-container is-layout-flow wp-block-cover-is-layout-flow\">\n<div class=\"wp-block-media-text alignwide is-stacked-on-mobile is-style-default\" style=\"grid-template-columns:32% auto\"><figure class=\"wp-block-media-text__media\"><img loading=\"lazy\" decoding=\"async\" src=\"https:\/\/mutti-parma.com\/app\/uploads\/sites\/3\/2020\/02\/products-essentials-e1582204403666.png\" alt=\"\" class=\"wp-image-300000352\" sizes=\"(max-width: 600px) 100vw, (min-width: 1440px) 461px,32vw\" data-spai-crop=\"false\" srcset=\"https:\/\/mutti-parma.com\/app\/uploads\/sites\/3\/2020\/02\/products-essentials-e1582204403666.png 565w, https:\/\/mutti-parma.com\/app\/uploads\/sites\/3\/2020\/02\/products-essentials-e1582204403666-200x173.png 200w, https:\/\/mutti-parma.com\/app\/uploads\/sites\/3\/2020\/02\/products-essentials-e1582204403666-500x432.png 500w, https:\/\/mutti-parma.com\/app\/uploads\/sites\/3\/2020\/02\/products-essentials-e1582204403666-150x130.png 150w\" \/><\/figure><div class=\"wp-block-media-text__content\">\n<h2 class=\"wp-block-heading\">Tjek vores klassiske produkter<\/h2>\n\n\n\n<p class=\"is-style-cursive\">Oplev Polpa, Concentrato, Passata og Pelati<\/p>\n\n\n\n<div class=\"wp-block-button\"><a class=\"wp-block-button__link\" href=\"https:\/\/mutti-parma.com\/dk\/muttis-klassikere\/\">Sammenlign vores klassiske produkter<\/a><\/div>\n<\/div><\/div>\n<\/div><\/div>\n","protected":false},"excerpt":{"rendered":"<p>L\u00c6S MERE OM POLPA Hvor som helst du \u00f8nsker smagen af \u200b\u200bfriske tomater. Hakket, pureret, koncentreret til pasta og fl\u00e5et er grundlaget for Muttis tomatprodukter. Produkterne er forskellige, hvad ang\u00e5r farve, smag og tekstur, og alle har deres egen personlighed. De finthakkede tomater har en klar r\u00f8d farve og en fyldig tekstur med sm\u00e5 tomatstykker<\/p>\n","protected":false},"featured_media":300,"comment_status":"open","ping_status":"closed","template":"","product_category":[50],"class_list":["post-269","product","type-product","status-publish","has-post-thumbnail","hentry","product_category-product-category-115"],"acf":[],"_links":{"self":[{"href":"https:\/\/mutti-parma.com\/dk\/wp-json\/wp\/v2\/product\/269","targetHints":{"allow":["GET"]}}],"collection":[{"href":"https:\/\/mutti-parma.com\/dk\/wp-json\/wp\/v2\/product"}],"about":[{"href":"https:\/\/mutti-parma.com\/dk\/wp-json\/wp\/v2\/types\/product"}],"replies":[{"embeddable":true,"href":"https:\/\/mutti-parma.com\/dk\/wp-json\/wp\/v2\/comments?post=269"}],"version-history":[{"count":15,"href":"https:\/\/mutti-parma.com\/dk\/wp-json\/wp\/v2\/product\/269\/revisions"}],"predecessor-version":[{"id":4333,"href":"https:\/\/mutti-parma.com\/dk\/wp-json\/wp\/v2\/product\/269\/revisions\/4333"}],"wp:featuredmedia":[{"embeddable":true,"href":"https:\/\/mutti-parma.com\/dk\/wp-json\/wp\/v2\/media\/300"}],"wp:attachment":[{"href":"https:\/\/mutti-parma.com\/dk\/wp-json\/wp\/v2\/media?parent=269"}],"wp:term":[{"taxonomy":"product_category","embeddable":true,"href":"https:\/\/mutti-parma.com\/dk\/wp-json\/wp\/v2\/product_category?post=269"}],"curies":[{"name":"wp","href":"https:\/\/api.w.org\/{rel}","templated":true}]}}