{"id":4436,"date":"2023-06-13T06:53:56","date_gmt":"2023-06-13T06:53:56","guid":{"rendered":"https:\/\/mutti-parma.com\/dk\/?post_type=product&#038;p=4436"},"modified":"2023-06-13T06:53:57","modified_gmt":"2023-06-13T06:53:57","slug":"pesto-af-orange-tomater","status":"publish","type":"product","link":"https:\/\/mutti-parma.com\/dk\/mutti-produkter\/pesto-af-orange-tomater\/","title":{"rendered":"Pesto af orange tomater"},"content":{"rendered":"\n<div style=\"--media-width: 50\" class=\"wp-block-media-text alignwide has-media-on-the-right is-stacked-on-mobile is-style-hero has-background-image\"><img loading=\"lazy\" decoding=\"async\" class=\"wp-block-media-text__background\" alt=\"\" data-spai-crop=\"true\" src=\"https:\/\/mutti-parma.com\/app\/uploads\/sites\/11\/2023\/06\/10-pesto-arancione-1.png\" \/><div class=\"wp-block-media-text__content\"><div class=\"acf-breadcrumb my-4 md:my-8 text-center md:text-left\">\n  <nav>\n  <ol class=\"list-none text-md\">\n                  <li class=\"inline\">\n                      <a class=\"text-inherit\" href=\"https:\/\/mutti-parma.com\/dk\/\">\n              Mutti Parma Danmark\n            <\/a>\n                                <span aria-hidden=\"true\">\/&nbsp;<\/span>\n                  <\/li>\n                        <li class=\"inline\">\n                      <a class=\"text-inherit\" href=\"https:\/\/mutti-parma.com\/dk\/mutti-produkter\/\">\n              Products\n            <\/a>\n                            <\/li>\n            <\/ol>\n<\/nav>\n<\/div>\n\n\n\n<h1 class=\"wp-block-heading has-primary-color has-text-color\"><strong>Pesto af<\/strong> <strong><strong>orange tomater<\/strong><\/strong><\/h1>\n\n\n\n<p class=\"is-style-cursive has-xxl-font-size\">Tomatpesto<\/p>\n\n\n\n<p>Muttis pestosovse fremstillet af tomater er en ukompliceret og velsmagende nyhed. De har lige s\u00e5 meget smag som traditionelle pestosovse, men 45 % mindre fedt og salt end andre popul\u00e6re alternativer*. <br><br>Dette opn\u00e5s ved at man tils\u00e6tter solmodne orange tomater i pestoen. Nyd Muttis tomatpesto til pasta og ris, eller til og med som en l\u00e6kker topping p\u00e5 br\u00f8d.<br><br>*Nielsen 2021<\/p>\n\n\n\n\n\n\n<div class=\"acf-product-find-store\">\n  <\/div>\n<\/div><figure class=\"wp-block-media-text__media\"><img loading=\"lazy\" decoding=\"async\" width=\"678\" height=\"1024\" src=\"https:\/\/mutti-parma.com\/app\/uploads\/sites\/11\/2023\/06\/66458-pesto-arancione-se-fi-9310-102-07-678x1024-1.png\" alt=\"\" class=\"wp-image-4447 size-full\" sizes=\"(min-width: 1440px) 528px,37vw\" data-spai-crop=\"false\" srcset=\"https:\/\/mutti-parma.com\/app\/uploads\/sites\/11\/2023\/06\/66458-pesto-arancione-se-fi-9310-102-07-678x1024-1.png 678w, https:\/\/mutti-parma.com\/app\/uploads\/sites\/11\/2023\/06\/66458-pesto-arancione-se-fi-9310-102-07-678x1024-1-331x500.png 331w, https:\/\/mutti-parma.com\/app\/uploads\/sites\/11\/2023\/06\/66458-pesto-arancione-se-fi-9310-102-07-678x1024-1-132x200.png 132w, https:\/\/mutti-parma.com\/app\/uploads\/sites\/11\/2023\/06\/66458-pesto-arancione-se-fi-9310-102-07-678x1024-1-150x227.png 150w, https:\/\/mutti-parma.com\/app\/uploads\/sites\/11\/2023\/06\/66458-pesto-arancione-se-fi-9310-102-07-678x1024-1-600x906.png 600w\" \/><\/figure><\/div>\n\n\n\n\n\n\n<div\n  class=\"acf-how-is-it-made alignwide text-center \"\n  data-vue-wrapper\n  >\n      <h2>How is it made?<\/h2>\n  \n  <slideshow :slides-per-view=\"3\" :slides-per-view-sm=\"1\" :slides-per-view-md=\"2\" name=\"How is it made\" class=\"mb-8\">\n      <\/slideshow>\n\n      <p class=\"is-style-cursive text-5xl\">To learn more about how we make our products<\/p>\n  \n      <h3>Visit the <a href=\"https:\/\/mutti-parma.com\/dk\/fra-mark-til-bord\/\">Field to Table<\/a><\/h3>\n  <\/div>\n\n\n\n\n\n\n\n<hr class=\"wp-block-separator has-alpha-channel-opacity alignwide\"\/>\n\n\n<div class=\"acf-comments alignwide my-8\">\n  <div class=\"flex flex-wrap mb-4 items-center text-center sm:text-left px-0 sm:px-2 md:px-0\">\n    <h3 class=\"w-full sm:w-auto is-style-cursive text-primary my-0 leading-none\">Share and review<\/h3>\n    <div class=\"w-full sm:w-auto flex-auto mt-1 sm:ml-8\">\n          <\/div>\n\n          <div class=\"mx-auto sm:ml-0 mt-3 sm:mt-0\">\n                  <div\n  class=\"shariff\"\n  data-button-style=\"icon\"\n  data-mail-body=\"https:\/\/mutti-parma.com\/dk\/mutti-produkter\/pesto-af-orange-tomater\/\"\n  data-mail-subject=\"Pesto af orange tomater - Mutti\"\n  data-mail-url=\"mailto:\"\n  data-media-url=\"https:\/\/mutti-parma.com\/app\/uploads\/sites\/11\/2023\/06\/66458-pesto-arancione-se-fi-9310-102-07-678x1024-1.png\"\n  data-services=\"[&#039;facebook&#039;, &#039;twitter&#039;, &#039;whatsapp&#039;, &#039;pinterest&#039;, &#039;mail&#039;]\"\n><\/div>\n              <\/div>\n      <\/div>\n\n  <div>\n                <\/div>\n<\/div>\n\n\n\n<hr class=\"wp-block-separator has-alpha-channel-opacity alignwide\"\/>\n\n\n\n<div class=\"wp-block-cover alignwide has-background-dim-80 has-darkred-background-color has-background-dim\" style=\"background-image:url(https:\/\/mutti-parma.com\/app\/uploads\/sites\/3\/2019\/09\/tomatoes.jpg)\"><div class=\"wp-block-cover__inner-container is-layout-flow wp-block-cover-is-layout-flow\">\n<div class=\"wp-block-columns alignwide is-layout-flex wp-container-core-columns-is-layout-9d6595d7 wp-block-columns-is-layout-flex\">\n<div class=\"wp-block-column is-layout-flow wp-block-column-is-layout-flow\">\n<h2 class=\"wp-block-heading\" id=\"sustainability\"><strong>B\u00c6REDYGTIGHED<\/strong><\/h2>\n\n\n\n<p class=\"is-style-cursive mb-0\">For os betyder b\u00e6redygtighed respekt for landet<\/p>\n\n\n\n<h4 class=\"wp-block-heading\">SAMARBEJDE MED WWF ITALIEN<\/h4>\n\n\n\n<p>Mutti har arbejdet t\u00e6t sammen med WWF Italien for at hj\u00e6lpe landm\u00e6nd med at finde b\u00e6redygtige m\u00e5der til at reducere vandforbrug og CO2-emissioner. WWF Italien satte ikke kun m\u00e5l, men gjorde det ogs\u00e5 muligt for landm\u00e6nd at analysere og gennemg\u00e5 data for at klarl\u00e6gge, hvad de kan g\u00f8re. For eksempel anbefalede organisationen brug af specielle sensorer, der m\u00e5ler jordens fugtighedsindhold og giver nyttige oplysninger til st\u00f8tte for effektiv vandanvendelse. Mutti investerede i teknologi, uddannelse og teknisk support til landm\u00e6nd og landbrugsorganisationer. Selv efter at vores fem\u00e5rige projekt sluttede, er vi stadig lige s\u00e5 engagerede som nogensinde i at minimere vores milj\u00f8p\u00e5virkning og forbedre hvert trin i vores produktion.<\/p>\n<\/div>\n\n\n\n<div class=\"wp-block-column is-layout-flow wp-block-column-is-layout-flow\">\n<h2 class=\"has-text-align-center wp-block-heading\">RESULTATER:<\/h2>\n\n\n\n<div class=\"wp-block-columns is-layout-flex wp-container-core-columns-is-layout-9d6595d7 wp-block-columns-is-layout-flex\">\n<div class=\"wp-block-column is-layout-flow wp-block-column-is-layout-flow\">\n<div class=\"wp-block-image\"><figure class=\"aligncenter size-large is-resized\"><img loading=\"lazy\" decoding=\"async\" src=\"https:\/\/mutti-parma.com\/app\/uploads\/sites\/3\/2019\/09\/icon-sustainable-water.svg\" alt=\"\" class=\"wp-image-30000085\" width=\"53\" height=\"91\" \/><\/figure><\/div>\n\n\n\n<h4 class=\"has-text-align-center wp-block-heading\">+1000 MILLIONER LITER VAND SPARET*<\/h4>\n\n\n\n<p class=\"has-text-align-center has-sm-font-size\">* mellem 2012 og 2014 (Kilde: Data indsamlet af CMCC, WWF og Middelhavets Center for Klima\u00e6ndringer, i Italien)<\/p>\n<\/div>\n\n\n\n<div class=\"wp-block-column is-layout-flow wp-block-column-is-layout-flow\">\n<div class=\"wp-block-image\"><figure class=\"aligncenter size-large is-resized\"><img loading=\"lazy\" decoding=\"async\" src=\"https:\/\/mutti-parma.com\/app\/uploads\/sites\/3\/2019\/09\/icon-sustainable-co2.svg\" alt=\"\" class=\"wp-image-30000086\" width=\"114\" height=\"88\" \/><\/figure><\/div>\n\n\n\n<h4 class=\"has-text-align-center wp-block-heading\">+ 31 530 TONS CO2 (CARBONDIOXID) UNDG\u00c5ET.<\/h4>\n\n\n\n<p class=\"has-text-align-center has-sm-font-size\">* mellem 2010 og 2015 sammenlignet med 2009-niveauer (Kilde: Data indsamlet af den italienske WWF og gruppen for energieffektivitet Officinae Verdi)<\/p>\n<\/div>\n<\/div>\n<\/div>\n<\/div>\n<\/div><\/div>\n\n\n\n\n\n\n\n\n\n\n<div class=\"acf-related-recipes alignwide pb-8 \" data-vue-wrapper>\n      <slideshow :slides-per-view=\"3\" :navigation=\"true\" name=\"Related Recipes\">\n              <div class=\"swiper-slide\">\n          <div class=\"teaser--recipe text-center hover:zoom-img\">\n      <a href=\"https:\/\/mutti-parma.com\/dk\/tomatopskrifter\/presset-italiesnk-sandwich\/\" class=\"relative block mb-4 max-w-96 mx-auto\" aria-hidden=\"true\" tabindex=\"-1\">\n      <div class=\"responsive-embed \" style=\"padding-bottom: 108.79765395894%;\">\n                <img decoding=\"async\" width=\"2560\" height=\"1920\" src=\"https:\/\/mutti-parma.com\/app\/uploads\/sites\/11\/2025\/06\/italian-pressed-sandwich-landscape-fullres-scaled.jpg\" class=\"inline-block wp-image-6912\" alt=\"presset italiesnk sandwich\" sizes=\"auto, (max-width: 600px) 72vw, 431px\" data-spai-crop=\"true\" title=\"presset italiesnk sandwich\" srcset=\"https:\/\/mutti-parma.com\/app\/uploads\/sites\/11\/2025\/06\/italian-pressed-sandwich-landscape-fullres-scaled.jpg 2560w, https:\/\/mutti-parma.com\/app\/uploads\/sites\/11\/2025\/06\/italian-pressed-sandwich-landscape-fullres-500x375.jpg 500w, https:\/\/mutti-parma.com\/app\/uploads\/sites\/11\/2025\/06\/italian-pressed-sandwich-landscape-fullres-1024x768.jpg 1024w, https:\/\/mutti-parma.com\/app\/uploads\/sites\/11\/2025\/06\/italian-pressed-sandwich-landscape-fullres-200x150.jpg 200w, https:\/\/mutti-parma.com\/app\/uploads\/sites\/11\/2025\/06\/italian-pressed-sandwich-landscape-fullres-768x576.jpg 768w, https:\/\/mutti-parma.com\/app\/uploads\/sites\/11\/2025\/06\/italian-pressed-sandwich-landscape-fullres-150x113.jpg 150w, https:\/\/mutti-parma.com\/app\/uploads\/sites\/11\/2025\/06\/italian-pressed-sandwich-landscape-fullres-600x450.jpg 600w, https:\/\/mutti-parma.com\/app\/uploads\/sites\/11\/2025\/06\/italian-pressed-sandwich-landscape-fullres-1536x1152.jpg 1536w, https:\/\/mutti-parma.com\/app\/uploads\/sites\/11\/2025\/06\/italian-pressed-sandwich-landscape-fullres-2048x1536.jpg 2048w, https:\/\/mutti-parma.com\/app\/uploads\/sites\/11\/2025\/06\/italian-pressed-sandwich-landscape-fullres-800x600.jpg 800w\" loading=\"lazy\" \/>\n      <\/div>\n\n          <\/a>\n  \n  \n      <a class=\"is-style-cursive heading block text-primary leading-none\" href=\"https:\/\/mutti-parma.com\/dk\/mutti-produkter\/pelati\/\">\n      Hele fl\u00e5ede tomater\n    <\/a>\n  \n  <a class=\"block my-4\" href=\"https:\/\/mutti-parma.com\/dk\/tomatopskrifter\/presset-italiesnk-sandwich\/\">\n          <h3>presset italiesnk sandwich<\/h3>\n      <\/a>\n\n  \n  <div class=\"flex items-center justify-center my-4\">\n      <\/div>\n<\/div>\n        <\/div>\n              <div class=\"swiper-slide\">\n          <div class=\"teaser--recipe text-center hover:zoom-img\">\n      <a href=\"https:\/\/mutti-parma.com\/dk\/tomatopskrifter\/pasta-med-pesto\/\" class=\"relative block mb-4 max-w-96 mx-auto\" aria-hidden=\"true\" tabindex=\"-1\">\n      <div class=\"responsive-embed \" style=\"padding-bottom: 108.79765395894%;\">\n                <img decoding=\"async\" width=\"1080\" height=\"1350\" src=\"https:\/\/mutti-parma.com\/app\/uploads\/sites\/11\/2023\/11\/muttipestopastaweb-8414.jpg\" class=\"inline-block wp-image-5093\" alt=\"Pasta med pesto\" sizes=\"auto, (max-width: 600px) 72vw, 431px\" data-spai-crop=\"true\" title=\"Pasta med pesto\" srcset=\"https:\/\/mutti-parma.com\/app\/uploads\/sites\/11\/2023\/11\/muttipestopastaweb-8414.jpg 1080w, https:\/\/mutti-parma.com\/app\/uploads\/sites\/11\/2023\/11\/muttipestopastaweb-8414-400x500.jpg 400w, https:\/\/mutti-parma.com\/app\/uploads\/sites\/11\/2023\/11\/muttipestopastaweb-8414-819x1024.jpg 819w, https:\/\/mutti-parma.com\/app\/uploads\/sites\/11\/2023\/11\/muttipestopastaweb-8414-160x200.jpg 160w, https:\/\/mutti-parma.com\/app\/uploads\/sites\/11\/2023\/11\/muttipestopastaweb-8414-768x960.jpg 768w, https:\/\/mutti-parma.com\/app\/uploads\/sites\/11\/2023\/11\/muttipestopastaweb-8414-150x188.jpg 150w, https:\/\/mutti-parma.com\/app\/uploads\/sites\/11\/2023\/11\/muttipestopastaweb-8414-600x750.jpg 600w\" loading=\"lazy\" \/>\n      <\/div>\n\n          <\/a>\n  \n  \n      <a class=\"is-style-cursive heading block text-primary leading-none\" href=\"https:\/\/mutti-parma.com\/dk\/mutti-produkter\/pesto-af-orange-tomater\/\">\n      Pesto af orange tomater\n    <\/a>\n  \n  <a class=\"block my-4\" href=\"https:\/\/mutti-parma.com\/dk\/tomatopskrifter\/pasta-med-pesto\/\">\n          <h3>Pasta med pesto<\/h3>\n      <\/a>\n\n  \n  <div class=\"flex items-center justify-center my-4\">\n    <div class=\"-ml-2 mr-2 pr-4 border-primary border-r-2 pt-2\">\n    <p class=\"flex flex-wrap items-end font-heavy text-primary leading-none justify-center\">\n      <img decoding=\"async\" alt=\"Total time\" class=\"w-10 md:w-12 mx-3 mb-2\" src=\"https:\/\/mutti-parma.com\/app\/themes\/mutti\/dist\/images\/icons\/mutti-product-icons-reduced-cooking-time.svg?id=dc737ade6befaad1eaaf\" width=\"54\" height=\"26\" loading=\"lazy\">\n      <span class=\"mb-2\">\n        15&nbsp;min\n      <\/span>\n    <\/p>\n  <\/div>\n  <div class=\"pt-2\">\n    <p class=\"flex flex-wrap items-end font-heavy uppercase text-primary leading-none justify-center\">\n      <img decoding=\"async\" alt=\"Difficulty\" class=\"w-10 md:w-12 mx-3 mb-2\" src=\"https:\/\/mutti-parma.com\/app\/themes\/mutti\/dist\/images\/icons\/mutti-product-icons-stove-top.svg?id=5f4b0df898a96e10ac63\" width=\"54\" height=\"18\" loading=\"lazy\">\n      <span class=\"mb-2\">\n        Nem\n      <\/span>\n    <\/p>\n  <\/div>\n  <\/div>\n<\/div>\n        <\/div>\n          <\/slideshow>\n  \n  <hr class=\"alignwide wp-block-separator\">\n\n      <p class=\"text-center\">\n      <a class=\"h3 underline\" href=\"https:\/\/mutti-parma.com\/dk\/tomatopskrifter\/\">Se alle vores gode opskrifter\r\n<\/a>\n    <\/p>\n  <\/div>\n\n\n<div class=\"acf-related-products mb-8 lg:mb-16 \" data-vue-wrapper>\n      <h3 class=\"text-center\">Andre produkter i produktlinjen<\/h3>\n  \n      <slideshow :slides-per-view=\"3\" :navigation=\"true\" class=\"mx-8 lg:-mx-12\" name=\"Related Products\">\n              <div class=\"swiper-slide\">\n          <div class=\"text-center hover:lift-img mx-auto max-w-28\">\n      <a href=\"https:\/\/mutti-parma.com\/dk\/mutti-produkter\/pesto-af-roede-tomater\/\" class=\"block\">\n            <div class=\"responsive-embed is-contain\" style=\"padding-bottom: 188.23529411765%;\"><img decoding=\"async\" width=\"1372\" height=\"2072\" src=\"https:\/\/mutti-parma.com\/app\/uploads\/sites\/11\/2023\/06\/66456-pesto-rosso-se-fi-9867-100-01.png\" class=\"inline-block mt-2 wp-image-4434\" alt=\"Pesto af r\u00f8de tomater\" sizes=\"auto, 126px\" data-spai-crop=\"false\" title=\"Pesto af r\u00f8de tomater\" srcset=\"https:\/\/mutti-parma.com\/app\/uploads\/sites\/11\/2023\/06\/66456-pesto-rosso-se-fi-9867-100-01.png 1372w, https:\/\/mutti-parma.com\/app\/uploads\/sites\/11\/2023\/06\/66456-pesto-rosso-se-fi-9867-100-01-331x500.png 331w, https:\/\/mutti-parma.com\/app\/uploads\/sites\/11\/2023\/06\/66456-pesto-rosso-se-fi-9867-100-01-678x1024.png 678w, https:\/\/mutti-parma.com\/app\/uploads\/sites\/11\/2023\/06\/66456-pesto-rosso-se-fi-9867-100-01-132x200.png 132w, https:\/\/mutti-parma.com\/app\/uploads\/sites\/11\/2023\/06\/66456-pesto-rosso-se-fi-9867-100-01-768x1160.png 768w, https:\/\/mutti-parma.com\/app\/uploads\/sites\/11\/2023\/06\/66456-pesto-rosso-se-fi-9867-100-01-150x227.png 150w, https:\/\/mutti-parma.com\/app\/uploads\/sites\/11\/2023\/06\/66456-pesto-rosso-se-fi-9867-100-01-600x906.png 600w, https:\/\/mutti-parma.com\/app\/uploads\/sites\/11\/2023\/06\/66456-pesto-rosso-se-fi-9867-100-01-1017x1536.png 1017w, https:\/\/mutti-parma.com\/app\/uploads\/sites\/11\/2023\/06\/66456-pesto-rosso-se-fi-9867-100-01-1356x2048.png 1356w\" loading=\"lazy\" \/><\/div>\n    <\/a>\n  \n  <a class=\"block underline mb-2 mt-2\" href=\"https:\/\/mutti-parma.com\/dk\/mutti-produkter\/pesto-af-roede-tomater\/\">\n    <h3 class=\"h4\">Pesto af r\u00f8de tomater<\/h3>\n  <\/a>\n\n      <a class=\"block hover:no-underline text-inherit\" href=\"https:\/\/mutti-parma.com\/dk\/mutti-produkter\/pesto-af-roede-tomater\/\">\n      Tomatpesto\n    <\/a>\n  <\/div>\n        <\/div>\n              <div class=\"swiper-slide\">\n          <div class=\"text-center hover:lift-img mx-auto max-w-28\">\n      <a href=\"https:\/\/mutti-parma.com\/dk\/mutti-produkter\/pesto-af-groenne-tomater\/\" class=\"block\">\n            <div class=\"responsive-embed is-contain\" style=\"padding-bottom: 188.23529411765%;\"><img decoding=\"async\" width=\"678\" height=\"1024\" src=\"https:\/\/mutti-parma.com\/app\/uploads\/sites\/11\/2023\/06\/66457-pesto-verde-se-fi-9309-102-07-01-678x1024-1.png\" class=\"inline-block mt-2 wp-image-4449\" alt=\"Pesto af gr\u00f8nne tomater\" sizes=\"auto, 126px\" data-spai-crop=\"false\" title=\"Pesto af gr\u00f8nne tomater\" srcset=\"https:\/\/mutti-parma.com\/app\/uploads\/sites\/11\/2023\/06\/66457-pesto-verde-se-fi-9309-102-07-01-678x1024-1.png 678w, https:\/\/mutti-parma.com\/app\/uploads\/sites\/11\/2023\/06\/66457-pesto-verde-se-fi-9309-102-07-01-678x1024-1-331x500.png 331w, https:\/\/mutti-parma.com\/app\/uploads\/sites\/11\/2023\/06\/66457-pesto-verde-se-fi-9309-102-07-01-678x1024-1-132x200.png 132w, https:\/\/mutti-parma.com\/app\/uploads\/sites\/11\/2023\/06\/66457-pesto-verde-se-fi-9309-102-07-01-678x1024-1-150x227.png 150w, https:\/\/mutti-parma.com\/app\/uploads\/sites\/11\/2023\/06\/66457-pesto-verde-se-fi-9309-102-07-01-678x1024-1-600x906.png 600w\" loading=\"lazy\" \/><\/div>\n    <\/a>\n  \n  <a class=\"block underline mb-2 mt-2\" href=\"https:\/\/mutti-parma.com\/dk\/mutti-produkter\/pesto-af-groenne-tomater\/\">\n    <h3 class=\"h4\">Pesto af gr\u00f8nne tomater<\/h3>\n  <\/a>\n\n      <a class=\"block hover:no-underline text-inherit\" href=\"https:\/\/mutti-parma.com\/dk\/mutti-produkter\/pesto-af-groenne-tomater\/\">\n      Tomatpesto\n    <\/a>\n  <\/div>\n        <\/div>\n          <\/slideshow>\n  <\/div>\n\n\n\n<div class=\"wp-block-cover alignwide has-background-dim-20 has-background-dim\" style=\"background-image:url(https:\/\/mutti-parma.com\/app\/uploads\/sites\/3\/2020\/12\/table.jpg)\"><div class=\"wp-block-cover__inner-container is-layout-flow wp-block-cover-is-layout-flow\">\n<div class=\"wp-block-media-text alignwide is-stacked-on-mobile is-style-default\" style=\"grid-template-columns:32% auto\"><figure class=\"wp-block-media-text__media\"><img loading=\"lazy\" decoding=\"async\" src=\"https:\/\/mutti-parma.com\/app\/uploads\/sites\/3\/2020\/02\/products-essentials-e1582204403666.png\" alt=\"\" class=\"wp-image-300000352\" sizes=\"(max-width: 600px) 100vw, (min-width: 1440px) 461px,32vw\" data-spai-crop=\"false\" srcset=\"https:\/\/mutti-parma.com\/app\/uploads\/sites\/3\/2020\/02\/products-essentials-e1582204403666.png 565w, https:\/\/mutti-parma.com\/app\/uploads\/sites\/3\/2020\/02\/products-essentials-e1582204403666-200x173.png 200w, https:\/\/mutti-parma.com\/app\/uploads\/sites\/3\/2020\/02\/products-essentials-e1582204403666-500x432.png 500w, https:\/\/mutti-parma.com\/app\/uploads\/sites\/3\/2020\/02\/products-essentials-e1582204403666-150x130.png 150w\" \/><\/figure><div class=\"wp-block-media-text__content\">\n<h2 class=\"wp-block-heading\">Tjek vores klassiske produkter<\/h2>\n\n\n\n<p class=\"is-style-cursive\">Oplev Polpa, Concentrato, Passata og Pelati<\/p>\n\n\n\n<div class=\"wp-block-button\"><a class=\"wp-block-button__link\" href=\"https:\/\/mutti-parma.com\/dk\/muttis-klassikere\/\">Sammenlign vores klassiske produkter<\/a><\/div>\n<\/div><\/div>\n<\/div><\/div>\n","protected":false},"excerpt":{"rendered":"","protected":false},"featured_media":4447,"comment_status":"open","ping_status":"closed","template":"","product_category":[1047],"class_list":["post-4436","product","type-product","status-publish","has-post-thumbnail","hentry","product_category-product-category-4433"],"acf":[],"_links":{"self":[{"href":"https:\/\/mutti-parma.com\/dk\/wp-json\/wp\/v2\/product\/4436","targetHints":{"allow":["GET"]}}],"collection":[{"href":"https:\/\/mutti-parma.com\/dk\/wp-json\/wp\/v2\/product"}],"about":[{"href":"https:\/\/mutti-parma.com\/dk\/wp-json\/wp\/v2\/types\/product"}],"replies":[{"embeddable":true,"href":"https:\/\/mutti-parma.com\/dk\/wp-json\/wp\/v2\/comments?post=4436"}],"version-history":[{"count":7,"href":"https:\/\/mutti-parma.com\/dk\/wp-json\/wp\/v2\/product\/4436\/revisions"}],"predecessor-version":[{"id":4492,"href":"https:\/\/mutti-parma.com\/dk\/wp-json\/wp\/v2\/product\/4436\/revisions\/4492"}],"wp:featuredmedia":[{"embeddable":true,"href":"https:\/\/mutti-parma.com\/dk\/wp-json\/wp\/v2\/media\/4447"}],"wp:attachment":[{"href":"https:\/\/mutti-parma.com\/dk\/wp-json\/wp\/v2\/media?parent=4436"}],"wp:term":[{"taxonomy":"product_category","embeddable":true,"href":"https:\/\/mutti-parma.com\/dk\/wp-json\/wp\/v2\/product_category?post=4436"}],"curies":[{"name":"wp","href":"https:\/\/api.w.org\/{rel}","templated":true}]}}