{"id":4471,"date":"2024-04-25T06:06:38","date_gmt":"2024-04-25T06:06:38","guid":{"rendered":"https:\/\/mutti-parma.com\/dk\/?post_type=product&#038;p=4471"},"modified":"2024-04-25T06:06:39","modified_gmt":"2024-04-25T06:06:39","slug":"datterini-ketchup","status":"publish","type":"product","link":"https:\/\/mutti-parma.com\/dk\/mutti-produkter\/datterini-ketchup\/","title":{"rendered":"Datterini ketchup"},"content":{"rendered":"\n<div style=\"--media-width: 50\" class=\"wp-block-media-text alignwide has-media-on-the-right is-stacked-on-mobile is-style-hero has-background-image\"><img loading=\"lazy\" decoding=\"async\" class=\"wp-block-media-text__background\" alt=\"\" data-spai-crop=\"true\" src=\"https:\/\/mutti-parma.com\/app\/uploads\/sites\/11\/2020\/02\/ketchupdatterini-050.jpg\" \/><div class=\"wp-block-media-text__content\"><div class=\"acf-breadcrumb my-4 md:my-8 text-center md:text-left\">\n  <nav>\n  <ol class=\"list-none text-md\">\n                  <li class=\"inline\">\n                      <a class=\"text-inherit\" href=\"https:\/\/mutti-parma.com\/dk\/\">\n              Mutti Parma Danmark\n            <\/a>\n                                <span aria-hidden=\"true\">\/&nbsp;<\/span>\n                  <\/li>\n                        <li class=\"inline\">\n                      <a class=\"text-inherit\" href=\"https:\/\/mutti-parma.com\/dk\/mutti-produkter\/\">\n              Products\n            <\/a>\n                            <\/li>\n            <\/ol>\n<\/nav>\n<\/div>\n\n\n\n<h1 class=\"wp-block-heading has-primary-color has-text-color\">Datterini ketchup<\/h1>\n\n\n\n\n\n<p>Mutti Datterini Ketchup er fremstillet af 100% italienske tomater. Takket v\u00e6re den s\u00e6rlige s\u00f8de aroma i Datterini tomaterne er denne ketchup den perfekte match til salte, cremede og ogs\u00e5 krydrede retter!<br><\/p>\n\n\n\n\n<div class=\"acf-characteristics\">\n  <div class=\"flex flex-wrap -m-2 justify-center sm:justify-between\">\n          <div class=\"m-2 w-24 text-center\">\n        <div style=\"height: 41px; width: 80px;\" class=\"mx-auto flex items-end justify-center mx-auto\">\n                      <img decoding=\"async\" width=\"32\" height=\"58\" src=\"https:\/\/mutti-parma.com\/app\/uploads\/sites\/11\/2023\/08\/mutti-icone-dan-datterini-ketchup-4.svg\" class=\"w-full wp-image-4910\" alt=\"\" style=\"max-height: 43px; max-width: 80px;\" loading=\"lazy\" \/>\n                  <\/div>\n        <p class=\"h6 text-inherit mt-3\">Str\u00e5lender\u00f8d r\u00f8d farve<\/p>\n      <\/div>\n          <div class=\"m-2 w-24 text-center\">\n        <div style=\"height: 41px; width: 80px;\" class=\"mx-auto flex items-end justify-center mx-auto\">\n                      <img decoding=\"async\" width=\"53\" height=\"45\" src=\"https:\/\/mutti-parma.com\/app\/uploads\/sites\/11\/2023\/08\/mutti-icone-dan-datterini-ketchup-1.svg\" class=\"w-full wp-image-4908\" alt=\"\" style=\"max-height: 43px; max-width: 80px;\" loading=\"lazy\" \/>\n                  <\/div>\n        <p class=\"h6 text-inherit mt-3\">Silkebl\u00f8d tekstur<\/p>\n      <\/div>\n          <div class=\"m-2 w-24 text-center\">\n        <div style=\"height: 41px; width: 80px;\" class=\"mx-auto flex items-end justify-center mx-auto\">\n                      <img decoding=\"async\" width=\"87\" height=\"51\" src=\"https:\/\/mutti-parma.com\/app\/uploads\/sites\/11\/2023\/09\/dk-sot-1.svg\" class=\"w-full wp-image-4939\" alt=\"\" style=\"max-height: 43px; max-width: 80px;\" loading=\"lazy\" \/>\n                  <\/div>\n        <p class=\"h6 text-inherit mt-3\">s\u00f8d og intens smag<\/p>\n      <\/div>\n          <div class=\"m-2 w-24 text-center\">\n        <div style=\"height: 41px; width: 80px;\" class=\"mx-auto flex items-end justify-center mx-auto\">\n                      <img decoding=\"async\" width=\"41\" height=\"50\" src=\"https:\/\/mutti-parma.com\/app\/uploads\/sites\/11\/2023\/08\/mutti-icone-dan-datterini-ketchup-3.svg\" class=\"w-full wp-image-4909\" alt=\"\" style=\"max-height: 43px; max-width: 80px;\" loading=\"lazy\" \/>\n                  <\/div>\n        <p class=\"h6 text-inherit mt-3\">Bedst til saltholdige retter<\/p>\n      <\/div>\n      <\/div>\n<\/div>\n\n\n<div class=\"acf-product-find-store\">\n  <\/div>\n<\/div><figure class=\"wp-block-media-text__media\"><img loading=\"lazy\" decoding=\"async\" width=\"324\" height=\"1024\" src=\"https:\/\/mutti-parma.com\/app\/uploads\/sites\/11\/2023\/06\/mutti-9756-100-datteriniketch-babyroma-no-dk-v5-1-324x1024.png\" alt=\"\" class=\"wp-image-4484 size-full\" sizes=\"(min-width: 1440px) 528px,37vw\" data-spai-crop=\"false\" srcset=\"https:\/\/mutti-parma.com\/app\/uploads\/sites\/11\/2023\/06\/mutti-9756-100-datteriniketch-babyroma-no-dk-v5-1-324x1024.png 324w, https:\/\/mutti-parma.com\/app\/uploads\/sites\/11\/2023\/06\/mutti-9756-100-datteriniketch-babyroma-no-dk-v5-1-158x500.png 158w, https:\/\/mutti-parma.com\/app\/uploads\/sites\/11\/2023\/06\/mutti-9756-100-datteriniketch-babyroma-no-dk-v5-1-63x200.png 63w, https:\/\/mutti-parma.com\/app\/uploads\/sites\/11\/2023\/06\/mutti-9756-100-datteriniketch-babyroma-no-dk-v5-1-768x2426.png 768w, https:\/\/mutti-parma.com\/app\/uploads\/sites\/11\/2023\/06\/mutti-9756-100-datteriniketch-babyroma-no-dk-v5-1-150x474.png 150w, https:\/\/mutti-parma.com\/app\/uploads\/sites\/11\/2023\/06\/mutti-9756-100-datteriniketch-babyroma-no-dk-v5-1-600x1895.png 600w, https:\/\/mutti-parma.com\/app\/uploads\/sites\/11\/2023\/06\/mutti-9756-100-datteriniketch-babyroma-no-dk-v5-1-486x1536.png 486w, https:\/\/mutti-parma.com\/app\/uploads\/sites\/11\/2023\/06\/mutti-9756-100-datteriniketch-babyroma-no-dk-v5-1-648x2048.png 648w, https:\/\/mutti-parma.com\/app\/uploads\/sites\/11\/2023\/06\/mutti-9756-100-datteriniketch-babyroma-no-dk-v5-1.png 842w\" \/><\/figure><\/div>\n\n\n\n\n\n\n<div\n  class=\"acf-how-is-it-made alignwide text-center \"\n  data-vue-wrapper\n  >\n      <h2>HVORDAN LAVES DET?<\/h2>\n  \n  <slideshow :slides-per-view=\"3\" :slides-per-view-sm=\"1\" :slides-per-view-md=\"2\" name=\"How is it made\" class=\"mb-8\">\n      <\/slideshow>\n\n      <p class=\"is-style-cursive text-5xl\">For at l\u00e6se mere om hvordan vi fremstiller vores produkter<\/p>\n  \n      <h3>\n      <a href=\"https:\/\/mutti-parma.com\/dk\/fra-mark-til-bord\/\" target=\"\">BES\u00d8G SIDEN FOR FREMSTILLING<\/a>\n    <\/h3>\n  <\/div>\n\n\n\n\n\n\n\n<hr class=\"wp-block-separator has-alpha-channel-opacity alignwide\"\/>\n\n\n<div class=\"acf-comments alignwide my-8\">\n  <div class=\"flex flex-wrap mb-4 items-center text-center sm:text-left px-0 sm:px-2 md:px-0\">\n    <h3 class=\"w-full sm:w-auto is-style-cursive text-primary my-0 leading-none\">Share and review<\/h3>\n    <div class=\"w-full sm:w-auto flex-auto mt-1 sm:ml-8\">\n          <\/div>\n\n          <div class=\"mx-auto sm:ml-0 mt-3 sm:mt-0\">\n                  <div\n  class=\"shariff\"\n  data-button-style=\"icon\"\n  data-mail-body=\"https:\/\/mutti-parma.com\/dk\/mutti-produkter\/datterini-ketchup\/\"\n  data-mail-subject=\"Datterini ketchup - Mutti\"\n  data-mail-url=\"mailto:\"\n  data-media-url=\"https:\/\/mutti-parma.com\/app\/uploads\/sites\/11\/2023\/06\/mutti-9756-100-datteriniketch-babyroma-no-dk-v5-1.png\"\n  data-services=\"[&#039;facebook&#039;, &#039;twitter&#039;, &#039;whatsapp&#039;, &#039;pinterest&#039;, &#039;mail&#039;]\"\n><\/div>\n              <\/div>\n      <\/div>\n\n  <div>\n                <\/div>\n<\/div>\n\n\n\n<hr class=\"wp-block-separator has-alpha-channel-opacity alignwide\"\/>\n\n\n\n<div class=\"wp-block-cover alignwide has-background-dim-80 has-darkred-background-color has-background-dim\" style=\"background-image:url(https:\/\/mutti-parma.com\/app\/uploads\/sites\/3\/2019\/09\/tomatoes.jpg)\"><div class=\"wp-block-cover__inner-container is-layout-flow wp-block-cover-is-layout-flow\">\n<div class=\"wp-block-columns alignwide is-layout-flex wp-container-core-columns-is-layout-9d6595d7 wp-block-columns-is-layout-flex\">\n<div class=\"wp-block-column is-layout-flow wp-block-column-is-layout-flow\">\n<h2 class=\"wp-block-heading\" id=\"sustainability\"><strong>B\u00c6REDYGTIGHED<\/strong><\/h2>\n\n\n\n<p class=\"is-style-cursive mb-0\">For os betyder b\u00e6redygtighed respekt for landet<\/p>\n\n\n\n<h4 class=\"wp-block-heading\">SAMARBEJDE MED WWF ITALIEN<\/h4>\n\n\n\n<p>Mutti har arbejdet t\u00e6t sammen med WWF Italien for at hj\u00e6lpe landm\u00e6nd med at finde b\u00e6redygtige m\u00e5der til at reducere vandforbrug og CO2-emissioner. WWF Italien satte ikke kun m\u00e5l, men gjorde det ogs\u00e5 muligt for landm\u00e6nd at analysere og gennemg\u00e5 data for at klarl\u00e6gge, hvad de kan g\u00f8re. For eksempel anbefalede organisationen brug af specielle sensorer, der m\u00e5ler jordens fugtighedsindhold og giver nyttige oplysninger til st\u00f8tte for effektiv vandanvendelse. Mutti investerede i teknologi, uddannelse og teknisk support til landm\u00e6nd og landbrugsorganisationer. Selv efter at vores fem\u00e5rige projekt sluttede, er vi stadig lige s\u00e5 engagerede som nogensinde i at minimere vores milj\u00f8p\u00e5virkning og forbedre hvert trin i vores produktion.<\/p>\n<\/div>\n\n\n\n<div class=\"wp-block-column is-layout-flow wp-block-column-is-layout-flow\">\n<h2 class=\"has-text-align-center wp-block-heading\">RESULTATER:<\/h2>\n\n\n\n<div class=\"wp-block-columns is-layout-flex wp-container-core-columns-is-layout-9d6595d7 wp-block-columns-is-layout-flex\">\n<div class=\"wp-block-column is-layout-flow wp-block-column-is-layout-flow\">\n<div class=\"wp-block-image\"><figure class=\"aligncenter size-large is-resized\"><img loading=\"lazy\" decoding=\"async\" src=\"https:\/\/mutti-parma.com\/app\/uploads\/sites\/3\/2019\/09\/icon-sustainable-water.svg\" alt=\"\" class=\"wp-image-30000085\" width=\"53\" height=\"91\" \/><\/figure><\/div>\n\n\n\n<h4 class=\"has-text-align-center wp-block-heading\">+1000 MILLIONER LITER VAND SPARET*<\/h4>\n\n\n\n<p class=\"has-text-align-center has-sm-font-size\">* mellem 2012 og 2014 (Kilde: Data indsamlet af CMCC, WWF og Middelhavets Center for Klima\u00e6ndringer, i Italien)<\/p>\n<\/div>\n\n\n\n<div class=\"wp-block-column is-layout-flow wp-block-column-is-layout-flow\">\n<div class=\"wp-block-image\"><figure class=\"aligncenter size-large is-resized\"><img loading=\"lazy\" decoding=\"async\" src=\"https:\/\/mutti-parma.com\/app\/uploads\/sites\/3\/2019\/09\/icon-sustainable-co2.svg\" alt=\"\" class=\"wp-image-30000086\" width=\"114\" height=\"88\" \/><\/figure><\/div>\n\n\n\n<h4 class=\"has-text-align-center wp-block-heading\">+ 31 530 TONS CO2 (CARBONDIOXID) UNDG\u00c5ET.<\/h4>\n\n\n\n<p class=\"has-text-align-center has-sm-font-size\">* mellem 2010 og 2015 sammenlignet med 2009-niveauer (Kilde: Data indsamlet af den italienske WWF og gruppen for energieffektivitet Officinae Verdi)<\/p>\n<\/div>\n<\/div>\n<\/div>\n<\/div>\n<\/div><\/div>\n\n\n\n\n\n\n\n\n\n\n<div class=\"acf-related-recipes alignwide pb-8 \" data-vue-wrapper>\n      <slideshow :slides-per-view=\"3\" :navigation=\"true\" name=\"Related Recipes\">\n              <div class=\"swiper-slide\">\n          <div class=\"teaser--recipe text-center hover:zoom-img\">\n      <a href=\"https:\/\/mutti-parma.com\/dk\/tomatopskrifter\/pommes-frites-2\/\" class=\"relative block mb-4 max-w-96 mx-auto\" aria-hidden=\"true\" tabindex=\"-1\">\n      <div class=\"responsive-embed \" style=\"padding-bottom: 108.79765395894%;\">\n                <img decoding=\"async\" width=\"2048\" height=\"2560\" src=\"https:\/\/mutti-parma.com\/app\/uploads\/sites\/11\/2024\/05\/muttiranskalaiset-9704-scaled-1.jpg\" class=\"inline-block wp-image-5618 wpsmartcrop-image wpsmartcrop-image\" alt=\"Pommes frites\" sizes=\"auto, (max-width: 600px) 72vw, 431px\" data-spai-crop=\"false\" title=\"Pommes frites\" srcset=\"https:\/\/mutti-parma.com\/app\/uploads\/sites\/11\/2024\/05\/muttiranskalaiset-9704-scaled-1.jpg 2048w, https:\/\/mutti-parma.com\/app\/uploads\/sites\/11\/2024\/05\/muttiranskalaiset-9704-scaled-1-400x500.jpg 400w, https:\/\/mutti-parma.com\/app\/uploads\/sites\/11\/2024\/05\/muttiranskalaiset-9704-scaled-1-819x1024.jpg 819w, https:\/\/mutti-parma.com\/app\/uploads\/sites\/11\/2024\/05\/muttiranskalaiset-9704-scaled-1-160x200.jpg 160w, https:\/\/mutti-parma.com\/app\/uploads\/sites\/11\/2024\/05\/muttiranskalaiset-9704-scaled-1-768x960.jpg 768w, https:\/\/mutti-parma.com\/app\/uploads\/sites\/11\/2024\/05\/muttiranskalaiset-9704-scaled-1-150x188.jpg 150w, https:\/\/mutti-parma.com\/app\/uploads\/sites\/11\/2024\/05\/muttiranskalaiset-9704-scaled-1-600x750.jpg 600w, https:\/\/mutti-parma.com\/app\/uploads\/sites\/11\/2024\/05\/muttiranskalaiset-9704-scaled-1-1229x1536.jpg 1229w, https:\/\/mutti-parma.com\/app\/uploads\/sites\/11\/2024\/05\/muttiranskalaiset-9704-scaled-1-1638x2048.jpg 1638w\" data-smartcrop-focus=\"[34,74]\" loading=\"lazy\" style=\"object-position: 34% 74%;\" \/>\n      <\/div>\n\n          <\/a>\n  \n  \n      <a class=\"is-style-cursive heading block text-primary leading-none\" href=\"https:\/\/mutti-parma.com\/dk\/mutti-produkter\/datterini-ketchup\/\">\n      Datterini ketchup\n    <\/a>\n  \n  <a class=\"block my-4\" href=\"https:\/\/mutti-parma.com\/dk\/tomatopskrifter\/pommes-frites-2\/\">\n          <h3>Pommes frites<\/h3>\n      <\/a>\n\n  \n  <div class=\"flex items-center justify-center my-4\">\n    <div class=\"-ml-2 mr-2 pr-4 border-primary border-r-2 pt-2\">\n    <p class=\"flex flex-wrap items-end font-heavy text-primary leading-none justify-center\">\n      <img decoding=\"async\" alt=\"Total time\" class=\"w-10 md:w-12 mx-3 mb-2\" src=\"https:\/\/mutti-parma.com\/app\/themes\/mutti\/dist\/images\/icons\/mutti-product-icons-reduced-cooking-time.svg?id=dc737ade6befaad1eaaf\" width=\"54\" height=\"26\" loading=\"lazy\">\n      <span class=\"mb-2\">\n        1h\n      <\/span>\n    <\/p>\n  <\/div>\n  <div class=\"pt-2\">\n    <p class=\"flex flex-wrap items-end font-heavy uppercase text-primary leading-none justify-center\">\n      <img decoding=\"async\" alt=\"Difficulty\" class=\"w-10 md:w-12 mx-3 mb-2\" src=\"https:\/\/mutti-parma.com\/app\/themes\/mutti\/dist\/images\/icons\/mutti-product-icons-stove-top.svg?id=5f4b0df898a96e10ac63\" width=\"54\" height=\"18\" loading=\"lazy\">\n      <span class=\"mb-2\">\n        Middelsv\u00e6r\n      <\/span>\n    <\/p>\n  <\/div>\n  <\/div>\n<\/div>\n        <\/div>\n              <div class=\"swiper-slide\">\n          <div class=\"teaser--recipe text-center hover:zoom-img\">\n      <a href=\"https:\/\/mutti-parma.com\/dk\/tomatopskrifter\/vegetariske-hamburgere-2\/\" class=\"relative block mb-4 max-w-96 mx-auto\" aria-hidden=\"true\" tabindex=\"-1\">\n      <div class=\"responsive-embed \" style=\"padding-bottom: 108.79765395894%;\">\n                <img decoding=\"async\" width=\"2048\" height=\"2560\" src=\"https:\/\/mutti-parma.com\/app\/uploads\/sites\/11\/2024\/05\/muttihampurilainen-9598-scaled-1.jpg\" class=\"inline-block wp-image-5600 wpsmartcrop-image wpsmartcrop-image\" alt=\"Vegetariske\u00a0hamburgere\" sizes=\"auto, (max-width: 600px) 72vw, 431px\" data-spai-crop=\"false\" title=\"Vegetariske\u00a0hamburgere\" srcset=\"https:\/\/mutti-parma.com\/app\/uploads\/sites\/11\/2024\/05\/muttihampurilainen-9598-scaled-1.jpg 2048w, https:\/\/mutti-parma.com\/app\/uploads\/sites\/11\/2024\/05\/muttihampurilainen-9598-scaled-1-400x500.jpg 400w, https:\/\/mutti-parma.com\/app\/uploads\/sites\/11\/2024\/05\/muttihampurilainen-9598-scaled-1-819x1024.jpg 819w, https:\/\/mutti-parma.com\/app\/uploads\/sites\/11\/2024\/05\/muttihampurilainen-9598-scaled-1-160x200.jpg 160w, https:\/\/mutti-parma.com\/app\/uploads\/sites\/11\/2024\/05\/muttihampurilainen-9598-scaled-1-768x960.jpg 768w, https:\/\/mutti-parma.com\/app\/uploads\/sites\/11\/2024\/05\/muttihampurilainen-9598-scaled-1-150x188.jpg 150w, https:\/\/mutti-parma.com\/app\/uploads\/sites\/11\/2024\/05\/muttihampurilainen-9598-scaled-1-600x750.jpg 600w, https:\/\/mutti-parma.com\/app\/uploads\/sites\/11\/2024\/05\/muttihampurilainen-9598-scaled-1-1229x1536.jpg 1229w, https:\/\/mutti-parma.com\/app\/uploads\/sites\/11\/2024\/05\/muttihampurilainen-9598-scaled-1-1638x2048.jpg 1638w\" data-smartcrop-focus=\"[43,62]\" loading=\"lazy\" style=\"object-position: 43% 62%;\" \/>\n      <\/div>\n\n          <\/a>\n  \n  \n      <a class=\"is-style-cursive heading block text-primary leading-none\" href=\"https:\/\/mutti-parma.com\/dk\/mutti-produkter\/datterini-ketchup\/\">\n      Datterini ketchup\n    <\/a>\n  \n  <a class=\"block my-4\" href=\"https:\/\/mutti-parma.com\/dk\/tomatopskrifter\/vegetariske-hamburgere-2\/\">\n          <h3>Vegetariske\u00a0hamburgere<\/h3>\n      <\/a>\n\n  \n  <div class=\"flex items-center justify-center my-4\">\n    <div class=\"-ml-2 mr-2 pr-4 border-primary border-r-2 pt-2\">\n    <p class=\"flex flex-wrap items-end font-heavy text-primary leading-none justify-center\">\n      <img decoding=\"async\" alt=\"Total time\" class=\"w-10 md:w-12 mx-3 mb-2\" src=\"https:\/\/mutti-parma.com\/app\/themes\/mutti\/dist\/images\/icons\/mutti-product-icons-reduced-cooking-time.svg?id=dc737ade6befaad1eaaf\" width=\"54\" height=\"26\" loading=\"lazy\">\n      <span class=\"mb-2\">\n        30&nbsp;min\n      <\/span>\n    <\/p>\n  <\/div>\n  <div class=\"pt-2\">\n    <p class=\"flex flex-wrap items-end font-heavy uppercase text-primary leading-none justify-center\">\n      <img decoding=\"async\" alt=\"Difficulty\" class=\"w-10 md:w-12 mx-3 mb-2\" src=\"https:\/\/mutti-parma.com\/app\/themes\/mutti\/dist\/images\/icons\/mutti-product-icons-stove-top.svg?id=5f4b0df898a96e10ac63\" width=\"54\" height=\"18\" loading=\"lazy\">\n      <span class=\"mb-2\">\n        Nem\n      <\/span>\n    <\/p>\n  <\/div>\n  <\/div>\n<\/div>\n        <\/div>\n          <\/slideshow>\n  \n  <hr class=\"alignwide wp-block-separator\">\n\n      <p class=\"text-center\">\n      <a class=\"h3 underline\" href=\"https:\/\/mutti-parma.com\/dk\/tomatopskrifter\/\">Se alle vores gode opskrifter\r\n<\/a>\n    <\/p>\n  <\/div>\n\n\n<div class=\"acf-related-products mb-8 lg:mb-16 \" data-vue-wrapper>\n      <h3 class=\"text-center\">Andre produkter i produktlinjen<\/h3>\n  \n      <slideshow :slides-per-view=\"3\" :navigation=\"true\" class=\"mx-8 lg:-mx-12\" name=\"Related Products\">\n              <div class=\"swiper-slide\">\n          <div class=\"text-center hover:lift-img mx-auto max-w-28\">\n      <a href=\"https:\/\/mutti-parma.com\/dk\/mutti-produkter\/original-ketchup\/\" class=\"block\">\n            <div class=\"responsive-embed is-contain\" style=\"padding-bottom: 188.23529411765%;\"><img decoding=\"async\" width=\"825\" height=\"2707\" src=\"https:\/\/mutti-parma.com\/app\/uploads\/sites\/11\/2020\/02\/mutti-9762-100-origketch-roundtom-no-dk-v6-1.png\" class=\"inline-block mt-2 wp-image-4481\" alt=\"Original ketchup\" sizes=\"auto, 126px\" data-spai-crop=\"false\" title=\"Original ketchup\" srcset=\"https:\/\/mutti-parma.com\/app\/uploads\/sites\/11\/2020\/02\/mutti-9762-100-origketch-roundtom-no-dk-v6-1.png 825w, https:\/\/mutti-parma.com\/app\/uploads\/sites\/11\/2020\/02\/mutti-9762-100-origketch-roundtom-no-dk-v6-1-152x500.png 152w, https:\/\/mutti-parma.com\/app\/uploads\/sites\/11\/2020\/02\/mutti-9762-100-origketch-roundtom-no-dk-v6-1-312x1024.png 312w, https:\/\/mutti-parma.com\/app\/uploads\/sites\/11\/2020\/02\/mutti-9762-100-origketch-roundtom-no-dk-v6-1-61x200.png 61w, https:\/\/mutti-parma.com\/app\/uploads\/sites\/11\/2020\/02\/mutti-9762-100-origketch-roundtom-no-dk-v6-1-768x2520.png 768w, https:\/\/mutti-parma.com\/app\/uploads\/sites\/11\/2020\/02\/mutti-9762-100-origketch-roundtom-no-dk-v6-1-150x492.png 150w, https:\/\/mutti-parma.com\/app\/uploads\/sites\/11\/2020\/02\/mutti-9762-100-origketch-roundtom-no-dk-v6-1-600x1969.png 600w, https:\/\/mutti-parma.com\/app\/uploads\/sites\/11\/2020\/02\/mutti-9762-100-origketch-roundtom-no-dk-v6-1-468x1536.png 468w, https:\/\/mutti-parma.com\/app\/uploads\/sites\/11\/2020\/02\/mutti-9762-100-origketch-roundtom-no-dk-v6-1-624x2048.png 624w\" loading=\"lazy\" \/><\/div>\n    <\/a>\n  \n  <a class=\"block underline mb-2 mt-2\" href=\"https:\/\/mutti-parma.com\/dk\/mutti-produkter\/original-ketchup\/\">\n    <h3 class=\"h4\">Original ketchup<\/h3>\n  <\/a>\n\n  <\/div>\n        <\/div>\n          <\/slideshow>\n  <\/div>\n\n\n\n<div class=\"wp-block-cover alignwide has-background-dim-20 has-background-dim\" style=\"background-image:url(https:\/\/mutti-parma.com\/app\/uploads\/sites\/3\/2020\/12\/table.jpg)\"><div class=\"wp-block-cover__inner-container is-layout-flow wp-block-cover-is-layout-flow\">\n<div class=\"wp-block-media-text alignwide is-stacked-on-mobile is-style-default\" style=\"grid-template-columns:32% auto\"><figure class=\"wp-block-media-text__media\"><img loading=\"lazy\" decoding=\"async\" src=\"https:\/\/mutti-parma.com\/app\/uploads\/sites\/3\/2020\/02\/products-essentials-e1582204403666.png\" alt=\"\" class=\"wp-image-300000352\" sizes=\"(max-width: 600px) 100vw, (min-width: 1440px) 461px,32vw\" data-spai-crop=\"false\" srcset=\"https:\/\/mutti-parma.com\/app\/uploads\/sites\/3\/2020\/02\/products-essentials-e1582204403666.png 565w, https:\/\/mutti-parma.com\/app\/uploads\/sites\/3\/2020\/02\/products-essentials-e1582204403666-200x173.png 200w, https:\/\/mutti-parma.com\/app\/uploads\/sites\/3\/2020\/02\/products-essentials-e1582204403666-500x432.png 500w, https:\/\/mutti-parma.com\/app\/uploads\/sites\/3\/2020\/02\/products-essentials-e1582204403666-150x130.png 150w\" \/><\/figure><div class=\"wp-block-media-text__content\">\n<h2 class=\"wp-block-heading\">Tjek vores klassiske produkter<\/h2>\n\n\n\n<p class=\"is-style-cursive\">Oplev Polpa, Concentrato, Passata og Pelati<\/p>\n\n\n\n<div class=\"wp-block-button\"><a class=\"wp-block-button__link\" href=\"https:\/\/mutti-parma.com\/dk\/muttis-klassikere\/\">Sammenlign vores klassiske produkter<\/a><\/div>\n<\/div><\/div>\n<\/div><\/div>\n","protected":false},"excerpt":{"rendered":"","protected":false},"featured_media":4484,"comment_status":"open","ping_status":"closed","template":"","product_category":[1051],"class_list":["post-4471","product","type-product","status-publish","has-post-thumbnail","hentry","product_category-product-category-4474"],"acf":[],"_links":{"self":[{"href":"https:\/\/mutti-parma.com\/dk\/wp-json\/wp\/v2\/product\/4471","targetHints":{"allow":["GET"]}}],"collection":[{"href":"https:\/\/mutti-parma.com\/dk\/wp-json\/wp\/v2\/product"}],"about":[{"href":"https:\/\/mutti-parma.com\/dk\/wp-json\/wp\/v2\/types\/product"}],"replies":[{"embeddable":true,"href":"https:\/\/mutti-parma.com\/dk\/wp-json\/wp\/v2\/comments?post=4471"}],"version-history":[{"count":11,"href":"https:\/\/mutti-parma.com\/dk\/wp-json\/wp\/v2\/product\/4471\/revisions"}],"predecessor-version":[{"id":4966,"href":"https:\/\/mutti-parma.com\/dk\/wp-json\/wp\/v2\/product\/4471\/revisions\/4966"}],"wp:featuredmedia":[{"embeddable":true,"href":"https:\/\/mutti-parma.com\/dk\/wp-json\/wp\/v2\/media\/4484"}],"wp:attachment":[{"href":"https:\/\/mutti-parma.com\/dk\/wp-json\/wp\/v2\/media?parent=4471"}],"wp:term":[{"taxonomy":"product_category","embeddable":true,"href":"https:\/\/mutti-parma.com\/dk\/wp-json\/wp\/v2\/product_category?post=4471"}],"curies":[{"name":"wp","href":"https:\/\/api.w.org\/{rel}","templated":true}]}}