{"id":4615,"date":"2023-07-12T11:33:10","date_gmt":"2023-07-12T11:33:10","guid":{"rendered":"https:\/\/mutti-parma.com\/dk\/?post_type=product&#038;p=4615"},"modified":"2025-03-06T16:57:57","modified_gmt":"2025-03-06T16:57:57","slug":"pasta-med-grillte-groentsager","status":"publish","type":"product","link":"https:\/\/mutti-parma.com\/dk\/mutti-produkter\/pasta-med-grillte-groentsager\/","title":{"rendered":"Pastasovs med grillte gr\u00f8ntsager"},"content":{"rendered":"\n<div style=\"--media-width: 35\" class=\"wp-block-media-text alignwide has-media-on-the-right is-stacked-on-mobile is-style-hero has-background-image\"><img loading=\"lazy\" decoding=\"async\" class=\"wp-block-media-text__background\" alt=\"\" data-spai-crop=\"true\" src=\"https:\/\/mutti-parma.com\/app\/uploads\/sites\/11\/2023\/01\/12-sugo-basilico.png\" \/><div class=\"wp-block-media-text__content\"><div class=\"acf-breadcrumb my-4 md:my-8 text-center md:text-left\">\n  <nav>\n  <ol class=\"list-none text-md\">\n                  <li class=\"inline\">\n                      <a class=\"text-inherit\" href=\"https:\/\/mutti-parma.com\/dk\/\">\n              Mutti Parma Danmark\n            <\/a>\n                                <span aria-hidden=\"true\">\/&nbsp;<\/span>\n                  <\/li>\n                        <li class=\"inline\">\n                      <a class=\"text-inherit\" href=\"https:\/\/mutti-parma.com\/dk\/mutti-produkter\/\">\n              Products\n            <\/a>\n                            <\/li>\n            <\/ol>\n<\/nav>\n<\/div>\n\n\n\n<h1 class=\"wp-block-heading has-primary-color has-text-color\">Pastasovs med grillte gr\u00f8ntsager<\/h1>\n\n\n\n<p class=\"is-style-cursive has-xxl-font-size\">Pastasovse<\/p>\n\n\n\n<p>Pasta saucer blev skabt ud af en k\u00e6rlighed til madlavning og et \u00f8nske om kun at servere der allerbedste til dem, vi holder af. Derfor bruger vi kun 100 % italienske tomater i vores pastasaucer, med&nbsp;sol&nbsp;som eneste s\u00f8demiddel og de bedste n\u00f8je udvalgte italienske ingredienser. Vi tils\u00e6tter ikke sukker eller andet ekstra til vores saucer, s\u00e5 n\u00e5r du \u00e5bner glasset, bliver du m\u00f8dt med autentiske smage og aromaer, der bringer Italien direkte ind i dit k\u00f8kken.&nbsp;<br>&nbsp;<br>I pastasaucen med grillede gr\u00f8ntsager m\u00f8der de bedste solmodne tomater delikatessen fra de n\u00f8je udvalgte gr\u00f8ntsager og s\u00f8dmen fra Tropea-l\u00f8get IGP, produceret i det sydlige Italien, i Calabrien.&nbsp; IGP er et oprindelsesm\u00e6rke, der er tildelt af Den Europ\u00e6iske Union til landbrugsprodukter, som har en speciel kvalitet, der er afh\u00e6ngigt af deres geografiske oprindelse.<\/p>\n\n\n\n\n\n\n<div class=\"acf-product-find-store\">\n  <\/div>\n<\/div><figure class=\"wp-block-media-text__media\"><img loading=\"lazy\" decoding=\"async\" width=\"537\" height=\"1024\" src=\"https:\/\/mutti-parma.com\/app\/uploads\/sites\/11\/2023\/07\/scand-grll-render-537x1024.png\" alt=\"\" class=\"wp-image-6739 size-full\" sizes=\"(min-width: 1440px) 336px,23vw\" data-spai-crop=\"false\" srcset=\"https:\/\/mutti-parma.com\/app\/uploads\/sites\/11\/2023\/07\/scand-grll-render-537x1024.png 537w, https:\/\/mutti-parma.com\/app\/uploads\/sites\/11\/2023\/07\/scand-grll-render-262x500.png 262w, https:\/\/mutti-parma.com\/app\/uploads\/sites\/11\/2023\/07\/scand-grll-render-105x200.png 105w, https:\/\/mutti-parma.com\/app\/uploads\/sites\/11\/2023\/07\/scand-grll-render-150x286.png 150w, https:\/\/mutti-parma.com\/app\/uploads\/sites\/11\/2023\/07\/scand-grll-render-600x1145.png 600w, https:\/\/mutti-parma.com\/app\/uploads\/sites\/11\/2023\/07\/scand-grll-render.png 676w\" \/><\/figure><\/div>\n\n\n\n\n\n\n\n\n\n\n\n\n\n<hr class=\"wp-block-separator has-alpha-channel-opacity alignwide\"\/>\n\n\n<div class=\"acf-comments alignwide my-8\">\n  <div class=\"flex flex-wrap mb-4 items-center text-center sm:text-left px-0 sm:px-2 md:px-0\">\n    <h3 class=\"w-full sm:w-auto is-style-cursive text-primary my-0 leading-none\">Share and review<\/h3>\n    <div class=\"w-full sm:w-auto flex-auto mt-1 sm:ml-8\">\n          <\/div>\n\n          <div class=\"mx-auto sm:ml-0 mt-3 sm:mt-0\">\n                  <div\n  class=\"shariff\"\n  data-button-style=\"icon\"\n  data-mail-body=\"https:\/\/mutti-parma.com\/dk\/mutti-produkter\/pasta-med-grillte-groentsager\/\"\n  data-mail-subject=\"Pastasovs med grillte gr\u00f8ntsager - Mutti\"\n  data-mail-url=\"mailto:\"\n  data-media-url=\"https:\/\/mutti-parma.com\/app\/uploads\/sites\/11\/2023\/07\/scand-grll-render.png\"\n  data-services=\"[&#039;facebook&#039;, &#039;twitter&#039;, &#039;whatsapp&#039;, &#039;pinterest&#039;, &#039;mail&#039;]\"\n><\/div>\n              <\/div>\n      <\/div>\n\n  <div>\n                <\/div>\n<\/div>\n\n\n\n<hr class=\"wp-block-separator has-alpha-channel-opacity alignwide\"\/>\n\n\n\n<div class=\"wp-block-cover alignwide has-background-dim-80 has-darkred-background-color has-background-dim\" style=\"background-image:url(https:\/\/mutti-parma.com\/app\/uploads\/sites\/3\/2019\/09\/tomatoes.jpg)\"><div class=\"wp-block-cover__inner-container is-layout-flow wp-block-cover-is-layout-flow\">\n<div class=\"wp-block-columns alignwide is-layout-flex wp-container-core-columns-is-layout-9d6595d7 wp-block-columns-is-layout-flex\">\n<div class=\"wp-block-column is-layout-flow wp-block-column-is-layout-flow\">\n<h2 class=\"wp-block-heading\" id=\"sustainability\"><strong>B\u00c6REDYGTIGHED<\/strong><\/h2>\n\n\n\n<p class=\"is-style-cursive mb-0\">For os betyder b\u00e6redygtighed respekt for landet<\/p>\n\n\n\n<h4 class=\"wp-block-heading\">SAMARBEJDE MED WWF ITALIEN<\/h4>\n\n\n\n<p>Mutti har arbejdet t\u00e6t sammen med WWF Italien for at hj\u00e6lpe landm\u00e6nd med at finde b\u00e6redygtige m\u00e5der til at reducere vandforbrug og CO2-emissioner. WWF Italien satte ikke kun m\u00e5l, men gjorde det ogs\u00e5 muligt for landm\u00e6nd at analysere og gennemg\u00e5 data for at klarl\u00e6gge, hvad de kan g\u00f8re. For eksempel anbefalede organisationen brug af specielle sensorer, der m\u00e5ler jordens fugtighedsindhold og giver nyttige oplysninger til st\u00f8tte for effektiv vandanvendelse. Mutti investerede i teknologi, uddannelse og teknisk support til landm\u00e6nd og landbrugsorganisationer. Selv efter at vores fem\u00e5rige projekt sluttede, er vi stadig lige s\u00e5 engagerede som nogensinde i at minimere vores milj\u00f8p\u00e5virkning og forbedre hvert trin i vores produktion.<\/p>\n<\/div>\n\n\n\n<div class=\"wp-block-column is-layout-flow wp-block-column-is-layout-flow\">\n<h2 class=\"has-text-align-center wp-block-heading\">RESULTATER:<\/h2>\n\n\n\n<div class=\"wp-block-columns is-layout-flex wp-container-core-columns-is-layout-9d6595d7 wp-block-columns-is-layout-flex\">\n<div class=\"wp-block-column is-layout-flow wp-block-column-is-layout-flow\">\n<div class=\"wp-block-image\"><figure class=\"aligncenter size-large is-resized\"><img loading=\"lazy\" decoding=\"async\" src=\"https:\/\/mutti-parma.com\/app\/uploads\/sites\/3\/2019\/09\/icon-sustainable-water.svg\" alt=\"\" class=\"wp-image-30000085\" width=\"53\" height=\"91\" \/><\/figure><\/div>\n\n\n\n<h4 class=\"has-text-align-center wp-block-heading\">+1000 MILLIONER LITER VAND SPARET*<\/h4>\n\n\n\n<p class=\"has-text-align-center has-sm-font-size\">* mellem 2012 og 2014 (Kilde: Data indsamlet af CMCC, WWF og Middelhavets Center for Klima\u00e6ndringer, i Italien)<\/p>\n<\/div>\n\n\n\n<div class=\"wp-block-column is-layout-flow wp-block-column-is-layout-flow\">\n<div class=\"wp-block-image\"><figure class=\"aligncenter size-large is-resized\"><img loading=\"lazy\" decoding=\"async\" src=\"https:\/\/mutti-parma.com\/app\/uploads\/sites\/3\/2019\/09\/icon-sustainable-co2.svg\" alt=\"\" class=\"wp-image-30000086\" width=\"114\" height=\"88\" \/><\/figure><\/div>\n\n\n\n<h4 class=\"has-text-align-center wp-block-heading\">+ 31 530 TONS CO2 (CARBONDIOXID) UNDG\u00c5ET.<\/h4>\n\n\n\n<p class=\"has-text-align-center has-sm-font-size\">* mellem 2010 og 2015 sammenlignet med 2009-niveauer (Kilde: Data indsamlet af den italienske WWF og gruppen for energieffektivitet Officinae Verdi)<\/p>\n<\/div>\n<\/div>\n<\/div>\n<\/div>\n<\/div><\/div>\n\n\n\n\n\n\n\n\n\n\n<div class=\"acf-related-recipes alignwide pb-8 \" data-vue-wrapper>\n      <slideshow :slides-per-view=\"3\" :navigation=\"true\" name=\"Related Recipes\">\n              <div class=\"swiper-slide\">\n          <div class=\"teaser--recipe text-center hover:zoom-img\">\n      <a href=\"https:\/\/mutti-parma.com\/dk\/tomatopskrifter\/pasta-med-tunfisk\/\" class=\"relative block mb-4 max-w-96 mx-auto\" aria-hidden=\"true\" tabindex=\"-1\">\n      <div class=\"responsive-embed \" style=\"padding-bottom: 108.79765395894%;\">\n                <img decoding=\"async\" width=\"1080\" height=\"1350\" src=\"https:\/\/mutti-parma.com\/app\/uploads\/sites\/11\/2024\/05\/muttitonnikalapastaweb-1429-1.jpg\" class=\"inline-block wp-image-5755\" alt=\"Pasta med tunfisk\" sizes=\"auto, (max-width: 600px) 72vw, 431px\" data-spai-crop=\"true\" title=\"Pasta med tunfisk\" srcset=\"https:\/\/mutti-parma.com\/app\/uploads\/sites\/11\/2024\/05\/muttitonnikalapastaweb-1429-1.jpg 1080w, https:\/\/mutti-parma.com\/app\/uploads\/sites\/11\/2024\/05\/muttitonnikalapastaweb-1429-1-400x500.jpg 400w, https:\/\/mutti-parma.com\/app\/uploads\/sites\/11\/2024\/05\/muttitonnikalapastaweb-1429-1-819x1024.jpg 819w, https:\/\/mutti-parma.com\/app\/uploads\/sites\/11\/2024\/05\/muttitonnikalapastaweb-1429-1-160x200.jpg 160w, https:\/\/mutti-parma.com\/app\/uploads\/sites\/11\/2024\/05\/muttitonnikalapastaweb-1429-1-768x960.jpg 768w, https:\/\/mutti-parma.com\/app\/uploads\/sites\/11\/2024\/05\/muttitonnikalapastaweb-1429-1-150x188.jpg 150w, https:\/\/mutti-parma.com\/app\/uploads\/sites\/11\/2024\/05\/muttitonnikalapastaweb-1429-1-600x750.jpg 600w\" loading=\"lazy\" \/>\n      <\/div>\n\n          <\/a>\n  \n  \n      <a class=\"is-style-cursive heading block text-primary leading-none\" href=\"https:\/\/mutti-parma.com\/dk\/mutti-produkter\/pasta-med-grillte-groentsager\/\">\n      Pastasovs med grillte gr\u00f8ntsager\n    <\/a>\n  \n  <a class=\"block my-4\" href=\"https:\/\/mutti-parma.com\/dk\/tomatopskrifter\/pasta-med-tunfisk\/\">\n          <h3>Pasta med tunfisk<\/h3>\n      <\/a>\n\n  \n  <div class=\"flex items-center justify-center my-4\">\n    <div class=\"-ml-2 mr-2 pr-4 border-primary border-r-2 pt-2\">\n    <p class=\"flex flex-wrap items-end font-heavy text-primary leading-none justify-center\">\n      <img decoding=\"async\" alt=\"Total time\" class=\"w-10 md:w-12 mx-3 mb-2\" src=\"https:\/\/mutti-parma.com\/app\/themes\/mutti\/dist\/images\/icons\/mutti-product-icons-reduced-cooking-time.svg?id=dc737ade6befaad1eaaf\" width=\"54\" height=\"26\" loading=\"lazy\">\n      <span class=\"mb-2\">\n        15&nbsp;min\n      <\/span>\n    <\/p>\n  <\/div>\n  <div class=\"pt-2\">\n    <p class=\"flex flex-wrap items-end font-heavy uppercase text-primary leading-none justify-center\">\n      <img decoding=\"async\" alt=\"Difficulty\" class=\"w-10 md:w-12 mx-3 mb-2\" src=\"https:\/\/mutti-parma.com\/app\/themes\/mutti\/dist\/images\/icons\/mutti-product-icons-stove-top.svg?id=5f4b0df898a96e10ac63\" width=\"54\" height=\"18\" loading=\"lazy\">\n      <span class=\"mb-2\">\n        Nem\n      <\/span>\n    <\/p>\n  <\/div>\n  <\/div>\n<\/div>\n        <\/div>\n              <div class=\"swiper-slide\">\n          <div class=\"teaser--recipe text-center hover:zoom-img\">\n      <a href=\"https:\/\/mutti-parma.com\/dk\/tomatopskrifter\/ratatouille\/\" class=\"relative block mb-4 max-w-96 mx-auto\" aria-hidden=\"true\" tabindex=\"-1\">\n      <div class=\"responsive-embed \" style=\"padding-bottom: 108.79765395894%;\">\n                <img decoding=\"async\" width=\"1080\" height=\"1350\" src=\"https:\/\/mutti-parma.com\/app\/uploads\/sites\/11\/2023\/11\/muttiratatouille2web-.jpg\" class=\"inline-block wp-image-5089\" alt=\"Ratatouille\" sizes=\"auto, (max-width: 600px) 72vw, 431px\" data-spai-crop=\"true\" title=\"Ratatouille\" srcset=\"https:\/\/mutti-parma.com\/app\/uploads\/sites\/11\/2023\/11\/muttiratatouille2web-.jpg 1080w, https:\/\/mutti-parma.com\/app\/uploads\/sites\/11\/2023\/11\/muttiratatouille2web--400x500.jpg 400w, https:\/\/mutti-parma.com\/app\/uploads\/sites\/11\/2023\/11\/muttiratatouille2web--819x1024.jpg 819w, https:\/\/mutti-parma.com\/app\/uploads\/sites\/11\/2023\/11\/muttiratatouille2web--160x200.jpg 160w, https:\/\/mutti-parma.com\/app\/uploads\/sites\/11\/2023\/11\/muttiratatouille2web--768x960.jpg 768w, https:\/\/mutti-parma.com\/app\/uploads\/sites\/11\/2023\/11\/muttiratatouille2web--150x188.jpg 150w, https:\/\/mutti-parma.com\/app\/uploads\/sites\/11\/2023\/11\/muttiratatouille2web--600x750.jpg 600w\" loading=\"lazy\" \/>\n      <\/div>\n\n          <\/a>\n  \n  \n      <a class=\"is-style-cursive heading block text-primary leading-none\" href=\"https:\/\/mutti-parma.com\/dk\/mutti-produkter\/pasta-med-grillte-groentsager\/\">\n      Pastasovs med grillte gr\u00f8ntsager\n    <\/a>\n  \n  <a class=\"block my-4\" href=\"https:\/\/mutti-parma.com\/dk\/tomatopskrifter\/ratatouille\/\">\n          <h3>Ratatouille<\/h3>\n      <\/a>\n\n  \n  <div class=\"flex items-center justify-center my-4\">\n    <div class=\"-ml-2 mr-2 pr-4 border-primary border-r-2 pt-2\">\n    <p class=\"flex flex-wrap items-end font-heavy text-primary leading-none justify-center\">\n      <img decoding=\"async\" alt=\"Total time\" class=\"w-10 md:w-12 mx-3 mb-2\" src=\"https:\/\/mutti-parma.com\/app\/themes\/mutti\/dist\/images\/icons\/mutti-product-icons-reduced-cooking-time.svg?id=dc737ade6befaad1eaaf\" width=\"54\" height=\"26\" loading=\"lazy\">\n      <span class=\"mb-2\">\n        1h\n      <\/span>\n    <\/p>\n  <\/div>\n  <div class=\"pt-2\">\n    <p class=\"flex flex-wrap items-end font-heavy uppercase text-primary leading-none justify-center\">\n      <img decoding=\"async\" alt=\"Difficulty\" class=\"w-10 md:w-12 mx-3 mb-2\" src=\"https:\/\/mutti-parma.com\/app\/themes\/mutti\/dist\/images\/icons\/mutti-product-icons-stove-top.svg?id=5f4b0df898a96e10ac63\" width=\"54\" height=\"18\" loading=\"lazy\">\n      <span class=\"mb-2\">\n        Nem\n      <\/span>\n    <\/p>\n  <\/div>\n  <\/div>\n<\/div>\n        <\/div>\n              <div class=\"swiper-slide\">\n          <div class=\"teaser--recipe text-center hover:zoom-img\">\n      <a href=\"https:\/\/mutti-parma.com\/dk\/tomatopskrifter\/ovnbagt-pasta-med-tomatsovs\/\" class=\"relative block mb-4 max-w-96 mx-auto\" aria-hidden=\"true\" tabindex=\"-1\">\n      <div class=\"responsive-embed \" style=\"padding-bottom: 108.79765395894%;\">\n                <img decoding=\"async\" width=\"1350\" height=\"1080\" src=\"https:\/\/mutti-parma.com\/app\/uploads\/sites\/11\/2023\/11\/muttiuunipastaweb-8481-e1703065584664.jpg\" class=\"inline-block wp-image-5081\" alt=\"Ovnbagt pasta med tomatsovs\" sizes=\"auto, (max-width: 600px) 72vw, 431px\" data-spai-crop=\"true\" title=\"Ovnbagt pasta med tomatsovs\" srcset=\"https:\/\/mutti-parma.com\/app\/uploads\/sites\/11\/2023\/11\/muttiuunipastaweb-8481-e1703065584664.jpg 1350w, https:\/\/mutti-parma.com\/app\/uploads\/sites\/11\/2023\/11\/muttiuunipastaweb-8481-e1703065584664-500x400.jpg 500w, https:\/\/mutti-parma.com\/app\/uploads\/sites\/11\/2023\/11\/muttiuunipastaweb-8481-e1703065584664-1024x819.jpg 1024w, https:\/\/mutti-parma.com\/app\/uploads\/sites\/11\/2023\/11\/muttiuunipastaweb-8481-e1703065584664-200x160.jpg 200w, https:\/\/mutti-parma.com\/app\/uploads\/sites\/11\/2023\/11\/muttiuunipastaweb-8481-e1703065584664-768x614.jpg 768w, https:\/\/mutti-parma.com\/app\/uploads\/sites\/11\/2023\/11\/muttiuunipastaweb-8481-e1703065584664-150x120.jpg 150w, https:\/\/mutti-parma.com\/app\/uploads\/sites\/11\/2023\/11\/muttiuunipastaweb-8481-e1703065584664-600x480.jpg 600w\" loading=\"lazy\" \/>\n      <\/div>\n\n          <\/a>\n  \n  \n      <a class=\"is-style-cursive heading block text-primary leading-none\" href=\"https:\/\/mutti-parma.com\/dk\/mutti-produkter\/pasta-med-grillte-groentsager\/\">\n      Pastasovs med grillte gr\u00f8ntsager\n    <\/a>\n  \n  <a class=\"block my-4\" href=\"https:\/\/mutti-parma.com\/dk\/tomatopskrifter\/ovnbagt-pasta-med-tomatsovs\/\">\n          <h3>Ovnbagt pasta med tomatsovs<\/h3>\n      <\/a>\n\n  \n  <div class=\"flex items-center justify-center my-4\">\n    <div class=\"-ml-2 mr-2 pr-4 border-primary border-r-2 pt-2\">\n    <p class=\"flex flex-wrap items-end font-heavy text-primary leading-none justify-center\">\n      <img decoding=\"async\" alt=\"Total time\" class=\"w-10 md:w-12 mx-3 mb-2\" src=\"https:\/\/mutti-parma.com\/app\/themes\/mutti\/dist\/images\/icons\/mutti-product-icons-reduced-cooking-time.svg?id=dc737ade6befaad1eaaf\" width=\"54\" height=\"26\" loading=\"lazy\">\n      <span class=\"mb-2\">\n        30&nbsp;min\n      <\/span>\n    <\/p>\n  <\/div>\n  <div class=\"pt-2\">\n    <p class=\"flex flex-wrap items-end font-heavy uppercase text-primary leading-none justify-center\">\n      <img decoding=\"async\" alt=\"Difficulty\" class=\"w-10 md:w-12 mx-3 mb-2\" src=\"https:\/\/mutti-parma.com\/app\/themes\/mutti\/dist\/images\/icons\/mutti-product-icons-stove-top.svg?id=5f4b0df898a96e10ac63\" width=\"54\" height=\"18\" loading=\"lazy\">\n      <span class=\"mb-2\">\n        Nem\n      <\/span>\n    <\/p>\n  <\/div>\n  <\/div>\n<\/div>\n        <\/div>\n          <\/slideshow>\n  \n  <hr class=\"alignwide wp-block-separator\">\n\n      <p class=\"text-center\">\n      <a class=\"h3 underline\" href=\"https:\/\/mutti-parma.com\/dk\/tomatopskrifter\/\">Se alle vores gode opskrifter\r\n<\/a>\n    <\/p>\n  <\/div>\n\n\n<div class=\"acf-related-products mb-8 lg:mb-16 \" data-vue-wrapper>\n      <h3 class=\"text-center\">Andre produkter i produktlinjen<\/h3>\n  \n      <slideshow :slides-per-view=\"3\" :navigation=\"true\" class=\"mx-8 lg:-mx-12\" name=\"Related Products\">\n              <div class=\"swiper-slide\">\n          <div class=\"text-center hover:lift-img mx-auto max-w-28\">\n      <a href=\"https:\/\/mutti-parma.com\/dk\/mutti-produkter\/pastasauce-med-basilikum\/\" class=\"block\">\n            <div class=\"responsive-embed is-contain\" style=\"padding-bottom: 188.23529411765%;\"><img decoding=\"async\" width=\"676\" height=\"1290\" src=\"https:\/\/mutti-parma.com\/app\/uploads\/sites\/11\/2023\/01\/scand-basil-render.png\" class=\"inline-block mt-2 wp-image-6731\" alt=\"Pastasovs med basilikum\" sizes=\"auto, 126px\" data-spai-crop=\"false\" title=\"Pastasovs med basilikum\" srcset=\"https:\/\/mutti-parma.com\/app\/uploads\/sites\/11\/2023\/01\/scand-basil-render.png 676w, https:\/\/mutti-parma.com\/app\/uploads\/sites\/11\/2023\/01\/scand-basil-render-262x500.png 262w, https:\/\/mutti-parma.com\/app\/uploads\/sites\/11\/2023\/01\/scand-basil-render-537x1024.png 537w, https:\/\/mutti-parma.com\/app\/uploads\/sites\/11\/2023\/01\/scand-basil-render-105x200.png 105w, https:\/\/mutti-parma.com\/app\/uploads\/sites\/11\/2023\/01\/scand-basil-render-150x286.png 150w, https:\/\/mutti-parma.com\/app\/uploads\/sites\/11\/2023\/01\/scand-basil-render-600x1145.png 600w\" loading=\"lazy\" \/><\/div>\n    <\/a>\n  \n  <a class=\"block underline mb-2 mt-2\" href=\"https:\/\/mutti-parma.com\/dk\/mutti-produkter\/pastasauce-med-basilikum\/\">\n    <h3 class=\"h4\">Pastasovs med basilikum<\/h3>\n  <\/a>\n\n      <a class=\"block hover:no-underline text-inherit\" href=\"https:\/\/mutti-parma.com\/dk\/mutti-produkter\/pastasauce-med-basilikum\/\">\n      Pastasovse\n    <\/a>\n  <\/div>\n        <\/div>\n              <div class=\"swiper-slide\">\n          <div class=\"text-center hover:lift-img mx-auto max-w-28\">\n      <a href=\"https:\/\/mutti-parma.com\/dk\/mutti-produkter\/pastasaus-med-parmigiano-reggiano\/\" class=\"block\">\n            <div class=\"responsive-embed is-contain\" style=\"padding-bottom: 188.23529411765%;\"><img decoding=\"async\" width=\"676\" height=\"1290\" src=\"https:\/\/mutti-parma.com\/app\/uploads\/sites\/11\/2020\/07\/scand-parm.regg-render.png\" class=\"inline-block mt-2 wp-image-6735\" alt=\"Pastasovs med parmesan\" sizes=\"auto, 126px\" data-spai-crop=\"false\" title=\"Pastasovs med parmesan\" srcset=\"https:\/\/mutti-parma.com\/app\/uploads\/sites\/11\/2020\/07\/scand-parm.regg-render.png 676w, https:\/\/mutti-parma.com\/app\/uploads\/sites\/11\/2020\/07\/scand-parm.regg-render-262x500.png 262w, https:\/\/mutti-parma.com\/app\/uploads\/sites\/11\/2020\/07\/scand-parm.regg-render-537x1024.png 537w, https:\/\/mutti-parma.com\/app\/uploads\/sites\/11\/2020\/07\/scand-parm.regg-render-105x200.png 105w, https:\/\/mutti-parma.com\/app\/uploads\/sites\/11\/2020\/07\/scand-parm.regg-render-150x286.png 150w, https:\/\/mutti-parma.com\/app\/uploads\/sites\/11\/2020\/07\/scand-parm.regg-render-600x1145.png 600w\" loading=\"lazy\" \/><\/div>\n    <\/a>\n  \n  <a class=\"block underline mb-2 mt-2\" href=\"https:\/\/mutti-parma.com\/dk\/mutti-produkter\/pastasaus-med-parmigiano-reggiano\/\">\n    <h3 class=\"h4\">Pastasovs med parmesan<\/h3>\n  <\/a>\n\n      <a class=\"block hover:no-underline text-inherit\" href=\"https:\/\/mutti-parma.com\/dk\/mutti-produkter\/pastasaus-med-parmigiano-reggiano\/\">\n      Pastasovse\n    <\/a>\n  <\/div>\n        <\/div>\n              <div class=\"swiper-slide\">\n          <div class=\"text-center hover:lift-img mx-auto max-w-28\">\n      <a href=\"https:\/\/mutti-parma.com\/dk\/mutti-produkter\/pastasaus-med-chilipeber\/\" class=\"block\">\n            <div class=\"responsive-embed is-contain\" style=\"padding-bottom: 188.23529411765%;\"><img decoding=\"async\" width=\"676\" height=\"1290\" src=\"https:\/\/mutti-parma.com\/app\/uploads\/sites\/11\/2020\/07\/scand-arrabbiata-render.png\" class=\"inline-block mt-2 wp-image-6737\" alt=\"Pasta med chilisovs\" sizes=\"auto, 126px\" data-spai-crop=\"false\" title=\"Pasta med chilisovs\" srcset=\"https:\/\/mutti-parma.com\/app\/uploads\/sites\/11\/2020\/07\/scand-arrabbiata-render.png 676w, https:\/\/mutti-parma.com\/app\/uploads\/sites\/11\/2020\/07\/scand-arrabbiata-render-262x500.png 262w, https:\/\/mutti-parma.com\/app\/uploads\/sites\/11\/2020\/07\/scand-arrabbiata-render-537x1024.png 537w, https:\/\/mutti-parma.com\/app\/uploads\/sites\/11\/2020\/07\/scand-arrabbiata-render-105x200.png 105w, https:\/\/mutti-parma.com\/app\/uploads\/sites\/11\/2020\/07\/scand-arrabbiata-render-150x286.png 150w, https:\/\/mutti-parma.com\/app\/uploads\/sites\/11\/2020\/07\/scand-arrabbiata-render-600x1145.png 600w\" loading=\"lazy\" \/><\/div>\n    <\/a>\n  \n  <a class=\"block underline mb-2 mt-2\" href=\"https:\/\/mutti-parma.com\/dk\/mutti-produkter\/pastasaus-med-chilipeber\/\">\n    <h3 class=\"h4\">Pasta med chilisovs<\/h3>\n  <\/a>\n\n      <a class=\"block hover:no-underline text-inherit\" href=\"https:\/\/mutti-parma.com\/dk\/mutti-produkter\/pastasaus-med-chilipeber\/\">\n      Pastasovse\n    <\/a>\n  <\/div>\n        <\/div>\n          <\/slideshow>\n  <\/div>\n\n\n\n<div class=\"wp-block-cover alignwide has-background-dim-20 has-background-dim\" style=\"background-image:url(https:\/\/mutti-parma.com\/app\/uploads\/sites\/3\/2020\/12\/table.jpg)\"><div class=\"wp-block-cover__inner-container is-layout-flow wp-block-cover-is-layout-flow\">\n<div class=\"wp-block-media-text alignwide is-stacked-on-mobile is-style-default\" style=\"grid-template-columns:32% auto\"><figure class=\"wp-block-media-text__media\"><img loading=\"lazy\" decoding=\"async\" src=\"https:\/\/mutti-parma.com\/app\/uploads\/sites\/3\/2020\/02\/products-essentials-e1582204403666.png\" alt=\"\" class=\"wp-image-300000352\" sizes=\"(max-width: 600px) 100vw, (min-width: 1440px) 461px,32vw\" data-spai-crop=\"false\" srcset=\"https:\/\/mutti-parma.com\/app\/uploads\/sites\/3\/2020\/02\/products-essentials-e1582204403666.png 565w, https:\/\/mutti-parma.com\/app\/uploads\/sites\/3\/2020\/02\/products-essentials-e1582204403666-200x173.png 200w, https:\/\/mutti-parma.com\/app\/uploads\/sites\/3\/2020\/02\/products-essentials-e1582204403666-500x432.png 500w, https:\/\/mutti-parma.com\/app\/uploads\/sites\/3\/2020\/02\/products-essentials-e1582204403666-150x130.png 150w\" \/><\/figure><div class=\"wp-block-media-text__content\">\n<h2 class=\"wp-block-heading\">Tjek vores klassiske produkter<\/h2>\n\n\n\n<p class=\"is-style-cursive\">Oplev Polpa, Concentrato, Passata og Pelati<\/p>\n\n\n\n<div class=\"wp-block-button\"><a class=\"wp-block-button__link\" href=\"https:\/\/mutti-parma.com\/dk\/muttis-klassikere\/\">Sammenlign vores klassiske produkter<\/a><\/div>\n<\/div><\/div>\n<\/div><\/div>\n","protected":false},"excerpt":{"rendered":"","protected":false},"featured_media":6739,"comment_status":"open","ping_status":"closed","template":"","product_category":[65],"class_list":["post-4615","product","type-product","status-publish","has-post-thumbnail","hentry","product_category-product-category-148"],"acf":[],"_links":{"self":[{"href":"https:\/\/mutti-parma.com\/dk\/wp-json\/wp\/v2\/product\/4615","targetHints":{"allow":["GET"]}}],"collection":[{"href":"https:\/\/mutti-parma.com\/dk\/wp-json\/wp\/v2\/product"}],"about":[{"href":"https:\/\/mutti-parma.com\/dk\/wp-json\/wp\/v2\/types\/product"}],"replies":[{"embeddable":true,"href":"https:\/\/mutti-parma.com\/dk\/wp-json\/wp\/v2\/comments?post=4615"}],"version-history":[{"count":11,"href":"https:\/\/mutti-parma.com\/dk\/wp-json\/wp\/v2\/product\/4615\/revisions"}],"predecessor-version":[{"id":6748,"href":"https:\/\/mutti-parma.com\/dk\/wp-json\/wp\/v2\/product\/4615\/revisions\/6748"}],"wp:featuredmedia":[{"embeddable":true,"href":"https:\/\/mutti-parma.com\/dk\/wp-json\/wp\/v2\/media\/6739"}],"wp:attachment":[{"href":"https:\/\/mutti-parma.com\/dk\/wp-json\/wp\/v2\/media?parent=4615"}],"wp:term":[{"taxonomy":"product_category","embeddable":true,"href":"https:\/\/mutti-parma.com\/dk\/wp-json\/wp\/v2\/product_category?post=4615"}],"curies":[{"name":"wp","href":"https:\/\/api.w.org\/{rel}","templated":true}]}}