{"id":11,"date":"2023-12-12T12:14:11","date_gmt":"2023-12-12T12:14:11","guid":{"rendered":"https:\/\/mutti-parma.com\/es\/?page_id=11"},"modified":"2025-12-03T17:16:49","modified_gmt":"2025-12-03T17:16:49","slug":"pomodorino-doro","status":"publish","type":"page","link":"https:\/\/mutti-parma.com\/es\/del-campo-a-la-mesa\/pomodorino-doro\/","title":{"rendered":"Pomodorino d&#8217;Oro\u00a0"},"content":{"rendered":"\n<figure class=\"wp-block-image alignfull mt-0\"><img loading=\"lazy\" decoding=\"async\" src=\"https:\/\/mutti-parma.com\/app\/uploads\/2021\/01\/1-banner-desktop.jpg\" alt=\"\" class=\"wp-image-6325\" \/><\/figure>\n\n\n\n<div class=\"wp-block-group alignwide is-layout-flow wp-block-group-is-layout-flow\">\n<h1 class=\"wp-block-heading has-text-align-center\"><strong>Un c\u00edrculo virtuoso<\/strong>&nbsp;<\/h1>\n\n\n\n<h2 class=\"wp-block-heading has-text-align-center is-style-cursive\">Pomodorino d&#8217;Oro: mucho m\u00e1s que un premio&nbsp;<\/h2>\n\n\n\n<p class=\"has-text-align-center\">El Pomodorino d&#8217;Oro (Tomate de Oro), lanzado en el a\u00f1o 2000, es un incentivo econ\u00f3mico que concedemos cada a\u00f1o a nuestros mejores agricultores para reconocer la calidad de los tomates que cultivan: productos 100% italianos, cuidados con mimo desde la semilla hasta el fruto.&nbsp;<\/p>\n\n\n\n<p class=\"has-text-align-center\">En los \u00faltimos 26 a\u00f1os, hemos premiado a m\u00e1s de 800 agricultores. El premio es un incentivo para que nuestros proveedores mejoren continuamente sus productos e inviertan en el desarrollo de nuevos m\u00e9todos de cultivo, recolecci\u00f3n y transporte. De este modo, hemos creado un c\u00edrculo virtuoso que, en \u00faltima instancia, garantiza que ofrecemos a nuestros consumidores un producto que se diferencia por su calidad superior y su sabor \u00fanico.\u00a0<\/p>\n<\/div>\n\n\n\n<figure class=\"wp-block-video alignwide\"><video\n  controls\n  \n  \n  \n  \n  loading=\"lazy\"\n  \n  \n  \n\n  \n  >\n            <source src=\"https:\/\/cdn.mutti-parma.com\/app\/uploads\/sites\/34\/2023\/12\/mutti-new-main-subeng-20211116-1-1.mp4\" type=\"video\/mp4\">\n      <\/video>\n\n<\/figure>\n\n\n\n<div class=\"wp-block-media-text alignwide is-stacked-on-mobile\"><figure class=\"wp-block-media-text__media\"><img loading=\"lazy\" decoding=\"async\" src=\"https:\/\/mutti-parma.com\/app\/uploads\/2021\/01\/3-img.jpg\" alt=\"\" class=\"wp-image-6332 size-full\" sizes=\"(max-width: 600px) 100vw, (min-width: 1440px) 792px,55vw\" data-spai-crop=\"false\" \/><\/figure><div class=\"wp-block-media-text__content\">\n<h2 class=\"wp-block-heading\"><strong>Nuestro compromiso con la calidad<\/strong>&nbsp;<\/h2>\n\n\n\n<p>El Pomodorino d&#8217;Oro encarna las decisiones responsables y las acciones tangibles que adoptamos cada d\u00eda. Estas decisiones afectan a todos y cada uno de los niveles de la cadena de suministro, y su objetivo es obtener lo mejor de las zonas locales garantizando al mismo tiempo el respeto por la tierra y la poblaci\u00f3n local. Nuestro objetivo es establecer una relaci\u00f3n de colaboraci\u00f3n permanente con los agricultores para mejorar continuamente nuestros productos. El Pomodorino d&#8217;Oro es el s\u00edmbolo m\u00e1s tangible de nuestro compromiso, y el compromiso es la medida de la calidad en Mutti.&nbsp;<\/p>\n<\/div><\/div>\n\n\n\n<div class=\"wp-block-group alignwide is-layout-flow wp-block-group-is-layout-flow\">\n<div class=\"wp-block-group alignwide is-layout-flow wp-block-group-is-layout-flow\">\n<h2 class=\"wp-block-heading has-text-align-center\"><strong>Los ganadores de 202<\/strong>5<\/h2>\n\n\n\n<h2 class=\"wp-block-heading has-text-align-center is-style-cursive\">26.\u00aa edici\u00f3n\u00a0<\/h2>\n\n\n\n<p class=\"has-text-align-center\">El premio Pomodorino d&#8217;Oro refleja uno de nuestros principios fundamentales: la idea de que cada tipo de tomate necesita un tipo de tierra espec\u00edfico. Por eso, cada a\u00f1o honramos a m\u00e1s de 60 agricultores del norte y el sur de Italia, con premios diferentes para tres variedades de tomate t\u00edpicas de cada regi\u00f3n. Descubra a los tres ganadores de esta edici\u00f3n!&nbsp;<\/p>\n\n\n\n<div class=\"wp-block-group sm:mx-32 lg:mx-48 is-content-justification-center is-nowrap is-layout-flex wp-container-core-group-is-layout-46403f35 wp-block-group-is-layout-flex\">\n<figure class=\"wp-block-image size-full is-style-default -mx-8 mb-0\"><img loading=\"lazy\" decoding=\"async\" src=\"https:\/\/mutti-parma.com\/app\/uploads\/2024\/04\/pomodorino-doro-tondo.png\" alt=\"\" class=\"wp-image-9945\" style=\"aspect-ratio:0.9003690036900369;object-fit:cover\" \/><\/figure>\n\n\n\n<figure class=\"wp-block-image size-full -mx-8 mb-0\"><img loading=\"lazy\" decoding=\"async\" src=\"https:\/\/mutti-parma.com\/app\/uploads\/2024\/04\/pomodorino-doro-lungo.png\" alt=\"\" class=\"wp-image-9944\" \/><\/figure>\n\n\n\n<figure class=\"wp-block-image size-full -mx-8 mb-0\"><img loading=\"lazy\" decoding=\"async\" src=\"https:\/\/mutti-parma.com\/app\/uploads\/2024\/04\/pomodorino-doro-ciliegino.png\" alt=\"\" class=\"wp-image-9942\" \/><\/figure>\n\n\n\n<figure class=\"wp-block-image size-full -mx-8 mb-0\"><img loading=\"lazy\" decoding=\"async\" src=\"https:\/\/mutti-parma.com\/app\/uploads\/2024\/04\/pomodorino-doro-datterino-1.png\" alt=\"\" class=\"wp-image-9946\" \/><\/figure>\n<\/div>\n<\/div>\n\n\n<div class=\"acf-custom-slideshow is-style-plain wp-block-embed is-type-video wp-embed-aspect-1-1 alignwide\" data-vue-wrapper>\n  <tab-slideshow\n    name=\"Custom Slideshow\"\n    :tabs='[\"Tomate Tondo di Parma\",\"Tomate ciruela \",\"Tomate cherry \",\"Tomate Baby Roma\"]'\n    :tabs-above=\"true\"\n    :navigation=\"false\"\n    :pagination=\"true\"\n    :append-navigation=\"true\"\n    :hide-navigation-mobile=\"true\"\n    :options='{\"autoHeight\":false}'\n    navigation-class=\"\"\n    :slideshow-classes='{\"wrapper\":\"text-white py-12 md:py-32 md:pb-16 md:px-16 has-background\",\"navigationNextButton\":\"fa-solid fa-chevron-right text-primary text-2xl lg:text-4xl mr-10 md:mt-16 hidden md:block\",\"navigationPrevButton\":\"fa-solid fa-chevron-left text-primary text-2xl lg:text-4xl ml-10 md:mt-16 hidden md:block\"}'\n          slideshow-background=\"https:\/\/mutti-parma.com\/app\/uploads\/sites\/34\/2023\/12\/5-video-gallery-bkg.jpg\"\n      >\n          <div class=\"swiper-slide \">\n        <div class=\"flex flex-wrap align-stretch\">\n          <div class=\"flex-1 p-4 md:p-8 lg:pl-16 text-center md:text-left\">\n                          <h2>Luca Zavaroni<\/h2>\n<p class=\"has-xxl-font-size is-style-cursive\">\u00abPara todos nosotros, producir tomates de calidad significa esforzarnos cada a\u00f1o por dar lo mejor de nosotros y toda nuestra energ\u00eda, especialmente cuando abastecemos a la industria.\u00bb<\/p>\n\n                      <\/div>\n\n                      <div\n              class=\"\n                w-full md:w-1\/2\n                order-first\n                \n                flex justify-center md:justify-end\n                content-center lg:content-start\n              \"\n                          >\n              \n                              <div class=\"wp-block-embed is-type-video wp-embed-aspect-16-9 wp-has-aspect-ratio w-full self-center\">\n                  <div class=\"wp-block-embed__wrapper\">\n                    <iframe loading=\"lazy\" loading=\"lazy\" title=\"2025 Winner for Round Tomato - Luca Zavaroni\" width=\"500\" height=\"281\" data-cookieconsent=\"marketing\" data-src=\"\/\/www.youtube-nocookie.com\/embed\/zPFkN_Qa3x0?rel=0&#038;modestbranding=1&#038;enablejsapi=1&#038;feature=oembed&#038;width=500&#038;height=750\" frameborder=\"0\" allow=\"accelerometer; autoplay; clipboard-write; encrypted-media; gyroscope; picture-in-picture; web-share\" referrerpolicy=\"strict-origin-when-cross-origin\" allowfullscreen><\/iframe><div class=\"cookieconsent-embed-approval\">\n  <p>Para ver este v\u00eddeo, tiene que aprobar las cookies de marketing para que podamos utilizar YouTube.<\/p>\n  <button class=\"btn btn-renew-cookie-consent\">\n    Gestionar la configuraci\u00f3n\n  <\/button>\n<\/div>\n<div class=\"cookieconsent-embed-approval\">\n  <p>Para ver este v\u00eddeo, tiene que aprobar las cookies de marketing para que podamos utilizar YouTube.<\/p>\n  <button class=\"btn btn-renew-cookie-consent\">\n    Gestionar la configuraci\u00f3n\n  <\/button>\n<\/div>\n\n                  <\/div>\n                <\/div>\n                          <\/div>\n                  <\/div>\n      <\/div>\n          <div class=\"swiper-slide \">\n        <div class=\"flex flex-wrap align-stretch\">\n          <div class=\"flex-1 p-4 md:p-8 lg:pl-16 text-center md:text-left\">\n                          <h2>Michele Borrelli<\/h2>\n<p class=\"has-xxl-font-size is-style-cursive\">\u00abMe importa mucho la cosecha, porque cuando cultivas un buen producto y llega el momento de recogerlo, sientes toda la satisfacci\u00f3n que un agricultor puede tener.\u00bb<\/p>\n\n                      <\/div>\n\n                      <div\n              class=\"\n                w-full md:w-1\/2\n                order-first\n                \n                flex justify-center md:justify-end\n                content-center lg:content-start\n              \"\n                          >\n              \n                              <div class=\"wp-block-embed is-type-video wp-embed-aspect-16-9 wp-has-aspect-ratio w-full self-center\">\n                  <div class=\"wp-block-embed__wrapper\">\n                    <iframe loading=\"lazy\" loading=\"lazy\" title=\"2025 Winner for Plum Tomato - Michele Borrelli\" width=\"500\" height=\"281\" data-cookieconsent=\"marketing\" data-src=\"\/\/www.youtube-nocookie.com\/embed\/MSgYe0SFxK8?rel=0&#038;modestbranding=1&#038;enablejsapi=1&#038;feature=oembed&#038;width=500&#038;height=750\" frameborder=\"0\" allow=\"accelerometer; autoplay; clipboard-write; encrypted-media; gyroscope; picture-in-picture; web-share\" referrerpolicy=\"strict-origin-when-cross-origin\" allowfullscreen><\/iframe><div class=\"cookieconsent-embed-approval\">\n  <p>Para ver este v\u00eddeo, tiene que aprobar las cookies de marketing para que podamos utilizar YouTube.<\/p>\n  <button class=\"btn btn-renew-cookie-consent\">\n    Gestionar la configuraci\u00f3n\n  <\/button>\n<\/div>\n<div class=\"cookieconsent-embed-approval\">\n  <p>Para ver este v\u00eddeo, tiene que aprobar las cookies de marketing para que podamos utilizar YouTube.<\/p>\n  <button class=\"btn btn-renew-cookie-consent\">\n    Gestionar la configuraci\u00f3n\n  <\/button>\n<\/div>\n\n                  <\/div>\n                <\/div>\n                          <\/div>\n                  <\/div>\n      <\/div>\n          <div class=\"swiper-slide \">\n        <div class=\"flex flex-wrap align-stretch\">\n          <div class=\"flex-1 p-4 md:p-8 lg:pl-16 text-center md:text-left\">\n                          <h2>Alfonso Fantasia<\/h2>\n<p class=\"has-xxl-font-size is-style-cursive\">\u00abTener valores s\u00f3lidos es lo que me permiti\u00f3 trabajar con Mutti. Un tomate de calidad es saludable, rojo y, sobre todo, cultivado respetando las pr\u00e1cticas adecuadas de riego y el impacto medioambiental.\u00bb<\/p>\n\n                      <\/div>\n\n                      <div\n              class=\"\n                w-full md:w-1\/2\n                order-first\n                \n                flex justify-center md:justify-end\n                content-center lg:content-start\n              \"\n                          >\n              \n                              <div class=\"wp-block-embed is-type-video wp-embed-aspect-16-9 wp-has-aspect-ratio w-full self-center\">\n                  <div class=\"wp-block-embed__wrapper\">\n                    <iframe loading=\"lazy\" loading=\"lazy\" title=\"2025 Winner for Cherry Tomato - Alfonso Fantasia\" width=\"500\" height=\"281\" data-cookieconsent=\"marketing\" data-src=\"\/\/www.youtube-nocookie.com\/embed\/H3Ah7vvzfok?rel=0&#038;modestbranding=1&#038;enablejsapi=1&#038;feature=oembed&#038;width=500&#038;height=750\" frameborder=\"0\" allow=\"accelerometer; autoplay; clipboard-write; encrypted-media; gyroscope; picture-in-picture; web-share\" referrerpolicy=\"strict-origin-when-cross-origin\" allowfullscreen><\/iframe><div class=\"cookieconsent-embed-approval\">\n  <p>Para ver este v\u00eddeo, tiene que aprobar las cookies de marketing para que podamos utilizar YouTube.<\/p>\n  <button class=\"btn btn-renew-cookie-consent\">\n    Gestionar la configuraci\u00f3n\n  <\/button>\n<\/div>\n<div class=\"cookieconsent-embed-approval\">\n  <p>Para ver este v\u00eddeo, tiene que aprobar las cookies de marketing para que podamos utilizar YouTube.<\/p>\n  <button class=\"btn btn-renew-cookie-consent\">\n    Gestionar la configuraci\u00f3n\n  <\/button>\n<\/div>\n\n                  <\/div>\n                <\/div>\n                          <\/div>\n                  <\/div>\n      <\/div>\n          <div class=\"swiper-slide \">\n        <div class=\"flex flex-wrap align-stretch\">\n          <div class=\"flex-1 p-4 md:p-8 lg:pl-16 text-center md:text-left\">\n                          <h2>Gabriele y marco Costa<\/h2>\n<p class=\"has-xxl-font-size is-style-cursive\">\u00abPensar en viajar a otro continente y encontrar all\u00ed un tarro de Mutti realmente emociona, cuando recuerdas todo lo que se hizo posible para que ese tarro existiera.\u00bb<\/p>\n\n                      <\/div>\n\n                      <div\n              class=\"\n                w-full md:w-1\/2\n                order-first\n                \n                flex justify-center md:justify-end\n                content-center lg:content-start\n              \"\n                          >\n              \n                              <div class=\"wp-block-embed is-type-video wp-embed-aspect-16-9 wp-has-aspect-ratio w-full self-center\">\n                  <div class=\"wp-block-embed__wrapper\">\n                    <iframe loading=\"lazy\" loading=\"lazy\" title=\"2025 Winners for Baby Roma - Gabriele &amp; Marco Costa\" width=\"500\" height=\"281\" data-cookieconsent=\"marketing\" data-src=\"\/\/www.youtube-nocookie.com\/embed\/ixt0vKs0uzA?rel=0&#038;modestbranding=1&#038;enablejsapi=1&#038;feature=oembed&#038;width=500&#038;height=750\" frameborder=\"0\" allow=\"accelerometer; autoplay; clipboard-write; encrypted-media; gyroscope; picture-in-picture; web-share\" referrerpolicy=\"strict-origin-when-cross-origin\" allowfullscreen><\/iframe><div class=\"cookieconsent-embed-approval\">\n  <p>Para ver este v\u00eddeo, tiene que aprobar las cookies de marketing para que podamos utilizar YouTube.<\/p>\n  <button class=\"btn btn-renew-cookie-consent\">\n    Gestionar la configuraci\u00f3n\n  <\/button>\n<\/div>\n<div class=\"cookieconsent-embed-approval\">\n  <p>Para ver este v\u00eddeo, tiene que aprobar las cookies de marketing para que podamos utilizar YouTube.<\/p>\n  <button class=\"btn btn-renew-cookie-consent\">\n    Gestionar la configuraci\u00f3n\n  <\/button>\n<\/div>\n\n                  <\/div>\n                <\/div>\n                          <\/div>\n                  <\/div>\n      <\/div>\n      <\/tab-slideshow>\n<\/div>\n<\/div>\n\n\n\n<div class=\"wp-block-cover alignwide is-light\" style=\"min-height:457px;aspect-ratio:unset;\"><img loading=\"lazy\" decoding=\"async\" class=\"wp-block-cover__image-background wp-image-6363\" alt=\"\" src=\"https:\/\/mutti-parma.com\/app\/uploads\/2021\/01\/6-parallax-banner.jpg\" data-object-fit=\"cover\" \/><span aria-hidden=\"true\" class=\"wp-block-cover__background has-background-dim-20 has-background-dim\"><\/span><div class=\"wp-block-cover__inner-container is-layout-flow wp-block-cover-is-layout-flow\">\n\n\n<h2 class=\"wp-block-heading\"><strong>Los valores del Pomodorino d\u2019Oro<\/strong>&nbsp;<\/h2>\n\n\n<\/div><\/div>\n\n\n\n<div class=\"wp-block-media-text alignwide has-media-on-the-right is-stacked-on-mobile\" style=\"grid-template-columns:auto 40%\"><div class=\"wp-block-media-text__content\">\n<h2 class=\"wp-block-heading\"><strong>Cuidado<\/strong>&nbsp;<\/h2>\n\n\n\n<h3 class=\"wp-block-heading is-style-cursive\">Controles y selecci\u00f3n cuidadosa en los campos&nbsp;<\/h3>\n\n\n\n<p><strong>Nuestros agricultores comparten nuestro enfoque meticuloso y, en consecuencia, solo seleccionan los mejores tomates en el momento de la cosecha<\/strong>, teniendo en cuenta la madurez, el color, la consistencia, la frescura y el dulzor. Es la \u00fanica manera de garantizar que los tomates <strong>superen el proceso de control de calidad cuando lleguen a nuestras instalaciones.<\/strong> El premio se concede seg\u00fan un an\u00e1lisis autom\u00e1tico realizado cuando los tomates llegan a la f\u00e1brica. El dulzor, los valores nutricionales y el grado de madurez son algunos de los criterios que se tienen en cuenta.&nbsp;<\/p>\n\n\n\n<p>Para nosotros, <strong>el cuidado<\/strong> consiste en <strong>garantizar los m\u00e1ximos niveles de calidad, velando al mismo tiempo por el respeto del medio ambiente y la salud humana. <\/strong>Trabajamos de acuerdo con las Especificaciones de Producci\u00f3n Integrada, lo que significa que tratamos de reducir nuestro consumo de agua y energ\u00eda en la producci\u00f3n agr\u00edcola sin poner en peligro la calidad del tomate. Mientras tanto, nos comprometemos a mantener la trazabilidad en toda la cadena de suministro, hasta el producto acabado.&nbsp;<\/p>\n<\/div><figure class=\"wp-block-media-text__media\"><img loading=\"lazy\" decoding=\"async\" src=\"https:\/\/mutti-parma.com\/app\/uploads\/sites\/7\/2024\/11\/2-cura-1024x1024.jpg\" alt=\"\" class=\"wp-image-11537 size-full\" sizes=\"(max-width: 600px) 100vw, (min-width: 1440px) 576px,40vw\" data-spai-crop=\"false\" \/><\/figure><\/div>\n\n\n\n<div class=\"wp-block-media-text alignwide is-stacked-on-mobile\" style=\"grid-template-columns:40% auto\"><figure class=\"wp-block-media-text__media\"><img loading=\"lazy\" decoding=\"async\" src=\"https:\/\/mutti-parma.com\/app\/uploads\/sites\/7\/2024\/11\/3-rispetto-1024x1024.jpg\" alt=\"\" class=\"wp-image-11538 size-full\" sizes=\"(max-width: 600px) 100vw, (min-width: 1440px) 576px,40vw\" data-spai-crop=\"false\" \/><\/figure><div class=\"wp-block-media-text__content\">\n<h2 class=\"wp-block-heading\"><strong>Respeto<\/strong>&nbsp;<\/h2>\n\n\n\n<h3 class=\"wp-block-heading is-style-cursive\">Un precio m\u00e1s alto por un tomate mejor&nbsp;<\/h3>\n\n\n\n<p>Pagamos a nuestros agricultores precios superiores a los del mercado por unos tomates mejores, reforzando as\u00ed las relaciones con nuestros proveedores y apoyando su crecimiento. Para nosotros, en eso consiste el respeto.&nbsp;<\/p>\n\n\n\n<p>A lo largo de los a\u00f1os, hemos contribuido al desarrollo de la cosecha mec\u00e1nica, que ahora se utiliza para todas las cosechas en los campos de nuestros agricultores del norte y el sur de Italia. Y nuestro modelo organizativo obligatorio exige a nuestros agricultores que se unan a nosotros en el cumplimiento de estrictos requisitos \u00e9ticos y sociales.&nbsp;<\/p>\n<\/div><\/div>\n\n\n\n<div class=\"wp-block-media-text alignwide has-media-on-the-right is-stacked-on-mobile\" style=\"grid-template-columns:auto 40%\"><div class=\"wp-block-media-text__content\">\n<h2 class=\"wp-block-heading\"><strong>Colaboraci\u00f3n<\/strong><\/h2>\n\n\n\n<h3 class=\"wp-block-heading is-style-cursive\">Calidad: un trabajo de equipo&nbsp;<\/h3>\n\n\n\n<p>La colaboraci\u00f3n con nuestros agricultores se basa en la confianza y el apoyo mutuos. Es una relaci\u00f3n transparente con acuerdos contractuales justos dise\u00f1ados para fortalecer a los agricultores.&nbsp;<\/p>\n\n\n\n<p>A trav\u00e9s del Servicio Agr\u00edcola Mutti, compartimos nuestros conocimientos con los agricultores y les facilitamos el acceso a las mejores plataformas tecnol\u00f3gicas. Esto les permite adoptar las t\u00e9cnicas de cultivo m\u00e1s innovadoras, potenciar sus propios conocimientos y garantizar que los productos que acaban en las cocinas de nuestros consumidores cumplen los est\u00e1ndares de calidad m\u00e1s altos posibles. Todos trabajamos por el mismo objetivo: ofrecer a las familias un producto excepcional que represente nuestra identidad culinaria y la esencia de la gastronom\u00eda mediterr\u00e1nea.&nbsp;<\/p>\n<\/div><figure class=\"wp-block-media-text__media\"><img loading=\"lazy\" decoding=\"async\" src=\"https:\/\/mutti-parma.com\/app\/uploads\/sites\/7\/2024\/11\/4-collaborazione-1024x1024.jpg\" alt=\"\" class=\"wp-image-11540 size-full\" sizes=\"(max-width: 600px) 100vw, (min-width: 1440px) 576px,40vw\" data-spai-crop=\"false\" \/><\/figure><\/div>\n\n\n\n<div class=\"wp-block-media-text alignwide is-stacked-on-mobile\" style=\"grid-template-columns:40% auto\"><figure class=\"wp-block-media-text__media\"><img loading=\"lazy\" decoding=\"async\" src=\"https:\/\/mutti-parma.com\/app\/uploads\/sites\/7\/2024\/11\/soddisfazione-1024x1024.jpg\" alt=\"\" class=\"wp-image-11526 size-full\" sizes=\"(max-width: 600px) 100vw, (min-width: 1440px) 576px,40vw\" data-spai-crop=\"false\" \/><\/figure><div class=\"wp-block-media-text__content\">\n<h2 class=\"wp-block-heading\"><strong>Orgullo<\/strong><\/h2>\n\n\n\n<h3 class=\"wp-block-heading is-style-cursive\">Del campo a la cocina&nbsp;<\/h3>\n\n\n\n<p>Cada cargamento de tomates que llega a nuestras instalaciones es fuente de enorme satisfacci\u00f3n para los agricultores que los cultivan. Significa, ante todo, que sus tomates han superado nuestros rigurosos controles. Es la culminaci\u00f3n de un a\u00f1o de duro trabajo.&nbsp;<\/p>\n\n\n\n<p>Pero tambi\u00e9n es un motivo de satisfacci\u00f3n para nosotros en Mutti, porque significa que hemos contribuido a generar valor en todas las etapas de la cadena de suministro, garantizando un producto que no solo est\u00e1 rico, sino que tambi\u00e9n es el resultado de decisiones \u00e9ticas concebidas para garantizar el respeto de las personas, tanto de los agricultores como de los consumidores.&nbsp;<\/p>\n\n\n\n<p>Es la misma sensaci\u00f3n de gratificaci\u00f3n que sentimos al saber que todos hemos puesto nuestro granito de arena para llevar a la mesa algo con un sabor inigualable, algo que pondr\u00e1 una sonrisa en la cara de nuestros seres queridos.&nbsp;<br><\/p>\n<\/div><\/div>\n\n\n","protected":false},"excerpt":{"rendered":"<p>Un c\u00edrculo virtuoso&nbsp; Pomodorino d&#8217;Oro: mucho m\u00e1s que un premio&nbsp; El Pomodorino d&#8217;Oro (Tomate de Oro), lanzado en el a\u00f1o 2000, es un incentivo econ\u00f3mico que concedemos cada a\u00f1o a nuestros mejores agricultores para reconocer la calidad de los tomates que cultivan: productos 100% italianos, cuidados con mimo desde la semilla hasta el fruto.&nbsp; En<\/p>\n","protected":false},"author":1,"featured_media":0,"parent":5,"menu_order":17,"comment_status":"closed","ping_status":"closed","template":"template-golden-tomato.php","meta":{"_acf_changed":false,"_relevanssi_hide_post":"","_relevanssi_hide_content":"","_relevanssi_pin_for_all":"","_relevanssi_pin_keywords":"","_relevanssi_unpin_keywords":"","_relevanssi_related_keywords":"","_relevanssi_related_include_ids":"","_relevanssi_related_exclude_ids":"","_relevanssi_related_no_append":"","_relevanssi_related_not_related":"","_relevanssi_related_posts":"","_relevanssi_noindex_reason":"","footnotes":""},"class_list":["post-11","page","type-page","status-publish","hentry"],"acf":[],"_links":{"self":[{"href":"https:\/\/mutti-parma.com\/es\/wp-json\/wp\/v2\/pages\/11","targetHints":{"allow":["GET"]}}],"collection":[{"href":"https:\/\/mutti-parma.com\/es\/wp-json\/wp\/v2\/pages"}],"about":[{"href":"https:\/\/mutti-parma.com\/es\/wp-json\/wp\/v2\/types\/page"}],"author":[{"embeddable":true,"href":"https:\/\/mutti-parma.com\/es\/wp-json\/wp\/v2\/users\/1"}],"replies":[{"embeddable":true,"href":"https:\/\/mutti-parma.com\/es\/wp-json\/wp\/v2\/comments?post=11"}],"version-history":[{"count":15,"href":"https:\/\/mutti-parma.com\/es\/wp-json\/wp\/v2\/pages\/11\/revisions"}],"predecessor-version":[{"id":599,"href":"https:\/\/mutti-parma.com\/es\/wp-json\/wp\/v2\/pages\/11\/revisions\/599"}],"up":[{"embeddable":true,"href":"https:\/\/mutti-parma.com\/es\/wp-json\/wp\/v2\/pages\/5"}],"wp:attachment":[{"href":"https:\/\/mutti-parma.com\/es\/wp-json\/wp\/v2\/media?parent=11"}],"curies":[{"name":"wp","href":"https:\/\/api.w.org\/{rel}","templated":true}]}}