{"id":13,"date":"2023-12-13T09:36:37","date_gmt":"2023-12-13T09:36:37","guid":{"rendered":"https:\/\/mutti-parma.com\/es\/?page_id=13"},"modified":"2023-12-18T09:31:20","modified_gmt":"2023-12-18T09:31:20","slug":"visita-a-la-fabrica-de-mutti","status":"publish","type":"page","link":"https:\/\/mutti-parma.com\/es\/del-campo-a-la-mesa\/visita-a-la-fabrica-de-mutti\/","title":{"rendered":"Visita a la f\u00e1brica de Mutti&nbsp;"},"content":{"rendered":"\n<div class=\"wp-block-cover alignfull\"><span aria-hidden=\"true\" class=\"wp-block-cover__background has-pitchblack-background-color has-background-dim\"><\/span><img loading=\"lazy\" decoding=\"async\" class=\"wp-block-cover__image-background wp-image-300000155\" alt=\"tour of mutti factory\" src=\"https:\/\/mutti-parma.com\/app\/uploads\/sites\/3\/2019\/09\/banner-tour-of-mutti-factory.jpg\" style=\"object-position:17% 45%\" data-object-fit=\"cover\" data-object-position=\"17% 45%\" data-spai-crop=\"false\" srcset=\"https:\/\/mutti-parma.com\/app\/uploads\/sites\/3\/2019\/09\/banner-tour-of-mutti-factory.jpg 1472w, https:\/\/mutti-parma.com\/app\/uploads\/sites\/3\/2019\/09\/banner-tour-of-mutti-factory-200x200.jpg 200w, https:\/\/mutti-parma.com\/app\/uploads\/sites\/3\/2019\/09\/banner-tour-of-mutti-factory-500x500.jpg 500w, https:\/\/mutti-parma.com\/app\/uploads\/sites\/3\/2019\/09\/banner-tour-of-mutti-factory-768x768.jpg 768w, https:\/\/mutti-parma.com\/app\/uploads\/sites\/3\/2019\/09\/banner-tour-of-mutti-factory-1024x1024.jpg 1024w, https:\/\/mutti-parma.com\/app\/uploads\/sites\/3\/2019\/09\/banner-tour-of-mutti-factory-150x150.jpg 150w, https:\/\/mutti-parma.com\/app\/uploads\/sites\/3\/2019\/09\/banner-tour-of-mutti-factory-600x600.jpg 600w, https:\/\/mutti-parma.com\/app\/uploads\/sites\/3\/2019\/09\/banner-tour-of-mutti-factory-50x50.jpg 50w, https:\/\/mutti-parma.com\/app\/uploads\/sites\/3\/2019\/09\/banner-tour-of-mutti-factory-60x60.jpg 60w\" sizes=\"(max-width: 1472px) 100vw, 1472px\" \/><div class=\"wp-block-cover__inner-container is-layout-flow wp-block-cover-is-layout-flow\"><div class=\"acf-breadcrumb my-4 md:my-8 text-center\">\n  <nav>\n  <ol class=\"list-none text-md\">\n                  <li class=\"inline\">\n                      <a class=\"text-inherit\" href=\"https:\/\/mutti-parma.com\/es\/\">\n              Inicio\u00a0\n            <\/a>\n                            <\/li>\n            <\/ol>\n<\/nav>\n<\/div>\n\n\n\n<h1 class=\"wp-block-heading has-text-align-center\"><strong>Visita a la f\u00e1brica de Mutti<\/strong>&nbsp;<\/h1>\n\n\n\n<p class=\"has-text-align-center\">Los tomates ya han alcanzado su plena madurez en condiciones estrictamente controladas y, antes de que pasen 24\u202fhoras desde la cosecha, se transformar\u00e1n en los productos que se utilizan a diario en las cocinas de todo el mundo.<\/p>\n\n\n\n<p class=\"has-text-align-center is-style-cursive\">Empecemos con&#8230;&nbsp;<\/p>\n<\/div><\/div>\n\n\n\n<div class=\"wp-block-media-text alignwide is-stacked-on-mobile has-media-below-on-mobile\"><figure class=\"wp-block-media-text__media\"><img loading=\"lazy\" decoding=\"async\" src=\"https:\/\/mutti-parma.com\/app\/uploads\/sites\/3\/2019\/09\/section-tour-quality-control-1024x1024.jpg\" alt=\"\" class=\"wp-image-30000026 size-full\" sizes=\"(max-width: 600px) 100vw, (min-width: 1440px) 792px,55vw\" data-spai-crop=\"false\" srcset=\"https:\/\/mutti-parma.com\/app\/uploads\/sites\/3\/2019\/09\/section-tour-quality-control-1024x1024.jpg 1024w, https:\/\/mutti-parma.com\/app\/uploads\/sites\/3\/2019\/09\/section-tour-quality-control-200x200.jpg 200w, https:\/\/mutti-parma.com\/app\/uploads\/sites\/3\/2019\/09\/section-tour-quality-control-500x500.jpg 500w, https:\/\/mutti-parma.com\/app\/uploads\/sites\/3\/2019\/09\/section-tour-quality-control-768x768.jpg 768w, https:\/\/mutti-parma.com\/app\/uploads\/sites\/3\/2019\/09\/section-tour-quality-control-150x150.jpg 150w, https:\/\/mutti-parma.com\/app\/uploads\/sites\/3\/2019\/09\/section-tour-quality-control-600x600.jpg 600w, https:\/\/mutti-parma.com\/app\/uploads\/sites\/3\/2019\/09\/section-tour-quality-control-50x50.jpg 50w, https:\/\/mutti-parma.com\/app\/uploads\/sites\/3\/2019\/09\/section-tour-quality-control-60x60.jpg 60w\" \/><\/figure><div class=\"wp-block-media-text__content\">\n<h2 class=\"wp-block-heading\"><strong>Control de calidad<\/strong>&nbsp;<\/h2>\n\n\n\n<p class=\"is-style-cursive has-xxl-font-size\">Solo los mejores tomates llegan a nuestra f\u00e1brica&#8230;&nbsp;<\/p>\n\n\n\n<p>Cada carga se controla atentamente para que nosotros, por nuestra parte, estemos a la altura de los est\u00e1ndares de alta calidad de su cocina. El contenido de az\u00facar, la acidez y el color se miden cuidadosamente. Los frutos rotos, quebradizos, desmenuzados, terrosos o rocosos se sacan de la producci\u00f3n y se utilizan de otras formas. Solo los tomates que cumplen todos nuestros estrictos requisitos llegan a nuestros productos acabados.&nbsp;<br>&nbsp;<\/p>\n<\/div><\/div>\n\n\n\n<div class=\"wp-block-media-text alignwide has-media-on-the-right is-stacked-on-mobile\" style=\"grid-template-columns:auto 57%\"><div class=\"wp-block-media-text__content\">\n<h2 class=\"wp-block-heading\"><strong>Llegada a la f\u00e1brica<\/strong>&nbsp;<\/h2>\n\n\n\n<p class=\"is-style-cursive has-xxl-font-size\">&#8230; Luego se lavan y se revisan de nuevo&#8230;&nbsp;<\/p>\n\n\n\n<p>Una vez que la carga ha pasado la inspecci\u00f3n, los tomates se colocan en contenedores y se lavan con chorros de agua, suavemente, para evitar da\u00f1os. A continuaci\u00f3n, cada lote se vuelve a controlar con un sistema de rayos l\u00e1ser y c\u00e1maras, y se rechaza cualquier otra fruta da\u00f1ada o estropeada que se encuentre.&nbsp;<br>&nbsp;<br>El agua es nuestra preciada compa\u00f1era, y no queremos desperdiciarla. Controlamos nuestro consumo de agua y lo mejoramos continuamente.&nbsp;<br>&nbsp;<br>No basta con reducir el consumo de agua de la f\u00e1brica. De hecho, el 80\u202f% del agua que utilizamos va a parar a los campos.&nbsp;<\/p>\n<\/div><figure class=\"wp-block-media-text__media\"><img loading=\"lazy\" decoding=\"async\" src=\"https:\/\/mutti-parma.com\/app\/uploads\/sites\/3\/2019\/09\/section-tour-arrival-at-the-factory-1024x683.jpg\" alt=\"\" class=\"wp-image-30000028 size-full\" sizes=\"(max-width: 600px) 100vw, (min-width: 1440px) 821px,57vw\" data-spai-crop=\"false\" srcset=\"https:\/\/mutti-parma.com\/app\/uploads\/sites\/3\/2019\/09\/section-tour-arrival-at-the-factory-1024x683.jpg 1024w, https:\/\/mutti-parma.com\/app\/uploads\/sites\/3\/2019\/09\/section-tour-arrival-at-the-factory-200x133.jpg 200w, https:\/\/mutti-parma.com\/app\/uploads\/sites\/3\/2019\/09\/section-tour-arrival-at-the-factory-500x334.jpg 500w, https:\/\/mutti-parma.com\/app\/uploads\/sites\/3\/2019\/09\/section-tour-arrival-at-the-factory-768x513.jpg 768w, https:\/\/mutti-parma.com\/app\/uploads\/sites\/3\/2019\/09\/section-tour-arrival-at-the-factory-150x100.jpg 150w, https:\/\/mutti-parma.com\/app\/uploads\/sites\/3\/2019\/09\/section-tour-arrival-at-the-factory-600x400.jpg 600w\" \/><\/figure><\/div>\n\n\n\n<div class=\"wp-block-media-text alignwide is-stacked-on-mobile\" style=\"grid-template-columns:57% auto\"><figure class=\"wp-block-media-text__media\"><img loading=\"lazy\" decoding=\"async\" src=\"https:\/\/mutti-parma.com\/app\/uploads\/sites\/3\/2019\/09\/section-tour-storage-1024x683.jpg\" alt=\"\" class=\"wp-image-30000025 size-full\" sizes=\"(max-width: 600px) 100vw, (min-width: 1440px) 821px,57vw\" data-spai-crop=\"false\" srcset=\"https:\/\/mutti-parma.com\/app\/uploads\/sites\/3\/2019\/09\/section-tour-storage-1024x683.jpg 1024w, https:\/\/mutti-parma.com\/app\/uploads\/sites\/3\/2019\/09\/section-tour-storage-200x133.jpg 200w, https:\/\/mutti-parma.com\/app\/uploads\/sites\/3\/2019\/09\/section-tour-storage-500x333.jpg 500w, https:\/\/mutti-parma.com\/app\/uploads\/sites\/3\/2019\/09\/section-tour-storage-768x512.jpg 768w, https:\/\/mutti-parma.com\/app\/uploads\/sites\/3\/2019\/09\/section-tour-storage-150x100.jpg 150w, https:\/\/mutti-parma.com\/app\/uploads\/sites\/3\/2019\/09\/section-tour-storage-600x400.jpg 600w\" \/><\/figure><div class=\"wp-block-media-text__content\">\n<h2 class=\"wp-block-heading\"><strong>Almacenamiento<\/strong>&nbsp;<\/h2>\n\n\n\n<p class=\"is-style-cursive has-xxl-font-size\">&#8230; despu\u00e9s de lo cual se colocan en dep\u00f3sitos&#8230;&nbsp;<\/p>\n\n\n\n<p>En la siguiente fase de la cadena de producci\u00f3n, los tomates se trasladan a dep\u00f3sitos, donde se vuelven a lavar para eliminar hasta las \u00faltimas impurezas. De este modo, los frutos se mantienen frescos y se protegen de la fermentaci\u00f3n. Despu\u00e9s, por fin est\u00e1n listos para la producci\u00f3n propiamente dicha.&nbsp;<\/p>\n<\/div><\/div>\n\n\n\n<div class=\"wp-block-media-text alignwide has-media-on-the-right is-stacked-on-mobile\" style=\"grid-template-columns:auto 56%\"><div class=\"wp-block-media-text__content\">\n<h2 class=\"wp-block-heading\"><strong>Producci\u00f3n<\/strong>&nbsp;<\/h2>\n\n\n\n<p class=\"is-style-cursive has-xxl-font-size\">&#8230; Una \u00faltima comprobaci\u00f3n antes de que empiece la producci\u00f3n&#8230;&nbsp;<\/p>\n\n\n\n<p>Siguiendo las tradiciones culinarias italianas, los tomates se comprueban por tercera vez en una cinta transportadora. Despu\u00e9s, se dirigen a varias l\u00edneas de producci\u00f3n donde se transforman en una gama de productos Mutti de calidad. Como se ha dicho, cada variedad de tomate tiene sus propias caracter\u00edsticas, por lo que se destinan a productos espec\u00edficos que realzan su esencia natural de la mejor manera posible.&nbsp;<\/p>\n<\/div><figure class=\"wp-block-media-text__media\"><img loading=\"lazy\" decoding=\"async\" src=\"https:\/\/mutti-parma.com\/app\/uploads\/sites\/3\/2019\/09\/section-tour-production-1024x684.jpg\" alt=\"\" class=\"wp-image-30000027 size-full\" sizes=\"(max-width: 600px) 100vw, (min-width: 1440px) 806px,56vw\" data-spai-crop=\"false\" srcset=\"https:\/\/mutti-parma.com\/app\/uploads\/sites\/3\/2019\/09\/section-tour-production-1024x684.jpg 1024w, https:\/\/mutti-parma.com\/app\/uploads\/sites\/3\/2019\/09\/section-tour-production-200x134.jpg 200w, https:\/\/mutti-parma.com\/app\/uploads\/sites\/3\/2019\/09\/section-tour-production-500x334.jpg 500w, https:\/\/mutti-parma.com\/app\/uploads\/sites\/3\/2019\/09\/section-tour-production-768x513.jpg 768w, https:\/\/mutti-parma.com\/app\/uploads\/sites\/3\/2019\/09\/section-tour-production-150x100.jpg 150w, https:\/\/mutti-parma.com\/app\/uploads\/sites\/3\/2019\/09\/section-tour-production-600x401.jpg 600w\" \/><\/figure><\/div>\n\n\n\n<p class=\"has-text-align-center is-style-cursive has-xxl-font-size\">Seguir leyendo&nbsp;<\/p>\n\n\n\n<h2 class=\"wp-block-heading has-text-align-center\"><strong>C\u00f3mo se fabrican nuestros productos esenciales<\/strong>&nbsp;<\/h2>\n\n\n<div class=\"acf-product-listing is-style-slideshow alignwide\" data-vue-wrapper>\n      <slideshow :slides-per-view=\"5\" :slides-per-view-lg=\"4\" :slides-per-view-sm=\"1\" :slides-per-view-md=\"3\" :navigation=\"true\" class=\"mx-8 lg:-mx-12\" name=\"Products\">\n              <div class=\"swiper-slide\">\n          <div class=\"text-center hover:lift-img mx-auto max-w-28\">\n      <a href=\"https:\/\/mutti-parma.com\/es\/productos\/polpa\/\" class=\"block\">\n            <div class=\"responsive-embed is-contain\" style=\"padding-bottom: 188.23529411765%;\"><img decoding=\"async\" width=\"1200\" height=\"1820\" src=\"https:\/\/mutti-parma.com\/app\/uploads\/sites\/3\/2019\/09\/polpa-400g-hires.png\" class=\"inline-block mt-2 wp-image-300000186\" alt=\"polpa finely chopped tomatoes\" sizes=\"auto, 126px\" data-spai-crop=\"false\" srcset=\"https:\/\/mutti-parma.com\/app\/uploads\/sites\/3\/2019\/09\/polpa-400g-hires.png 1200w, https:\/\/mutti-parma.com\/app\/uploads\/sites\/3\/2019\/09\/polpa-400g-hires-132x200.png 132w, https:\/\/mutti-parma.com\/app\/uploads\/sites\/3\/2019\/09\/polpa-400g-hires-330x500.png 330w, https:\/\/mutti-parma.com\/app\/uploads\/sites\/3\/2019\/09\/polpa-400g-hires-768x1165.png 768w, https:\/\/mutti-parma.com\/app\/uploads\/sites\/3\/2019\/09\/polpa-400g-hires-675x1024.png 675w, https:\/\/mutti-parma.com\/app\/uploads\/sites\/3\/2019\/09\/polpa-400g-hires-150x228.png 150w, https:\/\/mutti-parma.com\/app\/uploads\/sites\/3\/2019\/09\/polpa-400g-hires-600x910.png 600w\" loading=\"lazy\" \/><\/div>\n    <\/a>\n  \n  <a class=\"block underline mb-2 mt-2\" href=\"https:\/\/mutti-parma.com\/es\/productos\/polpa\/\">\n    <h3 class=\"h4\">Polpa<\/h3>\n  <\/a>\n\n      <a class=\"block hover:no-underline text-inherit\" href=\"https:\/\/mutti-parma.com\/es\/productos\/polpa\/\">\n      Tomates picados finamente\n    <\/a>\n  <\/div>\n        <\/div>\n              <div class=\"swiper-slide\">\n          <div class=\"text-center hover:lift-img mx-auto max-w-28\">\n      <a href=\"https:\/\/mutti-parma.com\/es\/productos\/passata\/\" class=\"block\">\n            <div class=\"responsive-embed is-contain\" style=\"padding-bottom: 188.23529411765%;\"><img decoding=\"async\" width=\"962\" height=\"2400\" src=\"https:\/\/mutti-parma.com\/app\/uploads\/sites\/3\/2019\/10\/passata-400g-hires-1.png\" class=\"inline-block mt-2 wp-image-300000305\" alt=\"tomato paste 400g\" sizes=\"auto, 126px\" data-spai-crop=\"false\" srcset=\"https:\/\/mutti-parma.com\/app\/uploads\/sites\/3\/2019\/10\/passata-400g-hires-1.png 962w, https:\/\/mutti-parma.com\/app\/uploads\/sites\/3\/2019\/10\/passata-400g-hires-1-80x200.png 80w, https:\/\/mutti-parma.com\/app\/uploads\/sites\/3\/2019\/10\/passata-400g-hires-1-200x500.png 200w, https:\/\/mutti-parma.com\/app\/uploads\/sites\/3\/2019\/10\/passata-400g-hires-1-768x1916.png 768w, https:\/\/mutti-parma.com\/app\/uploads\/sites\/3\/2019\/10\/passata-400g-hires-1-411x1024.png 411w, https:\/\/mutti-parma.com\/app\/uploads\/sites\/3\/2019\/10\/passata-400g-hires-1-150x374.png 150w, https:\/\/mutti-parma.com\/app\/uploads\/sites\/3\/2019\/10\/passata-400g-hires-1-600x1497.png 600w\" loading=\"lazy\" \/><\/div>\n    <\/a>\n  \n  <a class=\"block underline mb-2 mt-2\" href=\"https:\/\/mutti-parma.com\/es\/productos\/passata\/\">\n    <h3 class=\"h4\">Passata<\/h3>\n  <\/a>\n\n      <a class=\"block hover:no-underline text-inherit\" href=\"https:\/\/mutti-parma.com\/es\/productos\/passata\/\">\n      Pur\u00e9 de tomate\n    <\/a>\n  <\/div>\n        <\/div>\n              <div class=\"swiper-slide\">\n          <div class=\"text-center hover:lift-img mx-auto max-w-28\">\n      <a href=\"https:\/\/mutti-parma.com\/es\/productos\/pelati\/\" class=\"block\">\n            <div class=\"responsive-embed is-contain\" style=\"padding-bottom: 188.23529411765%;\"><img decoding=\"async\" width=\"1200\" height=\"1820\" src=\"https:\/\/mutti-parma.com\/app\/uploads\/sites\/3\/2019\/09\/pelati-400g-hires.png\" class=\"inline-block mt-2 wp-image-300000203\" alt=\"peeled tomatoes 400g\" sizes=\"auto, 126px\" data-spai-crop=\"false\" srcset=\"https:\/\/mutti-parma.com\/app\/uploads\/sites\/3\/2019\/09\/pelati-400g-hires.png 1200w, https:\/\/mutti-parma.com\/app\/uploads\/sites\/3\/2019\/09\/pelati-400g-hires-132x200.png 132w, https:\/\/mutti-parma.com\/app\/uploads\/sites\/3\/2019\/09\/pelati-400g-hires-330x500.png 330w, https:\/\/mutti-parma.com\/app\/uploads\/sites\/3\/2019\/09\/pelati-400g-hires-768x1165.png 768w, https:\/\/mutti-parma.com\/app\/uploads\/sites\/3\/2019\/09\/pelati-400g-hires-675x1024.png 675w, https:\/\/mutti-parma.com\/app\/uploads\/sites\/3\/2019\/09\/pelati-400g-hires-150x228.png 150w, https:\/\/mutti-parma.com\/app\/uploads\/sites\/3\/2019\/09\/pelati-400g-hires-600x910.png 600w\" loading=\"lazy\" \/><\/div>\n    <\/a>\n  \n  <a class=\"block underline mb-2 mt-2\" href=\"https:\/\/mutti-parma.com\/es\/productos\/pelati\/\">\n    <h3 class=\"h4\">Pelati<\/h3>\n  <\/a>\n\n      <a class=\"block hover:no-underline text-inherit\" href=\"https:\/\/mutti-parma.com\/es\/productos\/pelati\/\">\n      Tomates pelados\n    <\/a>\n  <\/div>\n        <\/div>\n              <div class=\"swiper-slide\">\n          <div class=\"text-center hover:lift-img mx-auto max-w-28\">\n      <a href=\"https:\/\/mutti-parma.com\/es\/productos\/pasta-de-tomate-doble-concentrada\/\" class=\"block\">\n            <div class=\"responsive-embed is-contain\" style=\"padding-bottom: 188.23529411765%;\"><img decoding=\"async\" width=\"775\" height=\"2400\" src=\"https:\/\/mutti-parma.com\/app\/uploads\/sites\/3\/2019\/09\/dubble-concentrato-200g-hires.png\" class=\"inline-block mt-2 wp-image-300000180\" alt=\"double concentrated tomato paste\" sizes=\"auto, 126px\" data-spai-crop=\"false\" srcset=\"https:\/\/mutti-parma.com\/app\/uploads\/sites\/3\/2019\/09\/dubble-concentrato-200g-hires.png 775w, https:\/\/mutti-parma.com\/app\/uploads\/sites\/3\/2019\/09\/dubble-concentrato-200g-hires-65x200.png 65w, https:\/\/mutti-parma.com\/app\/uploads\/sites\/3\/2019\/09\/dubble-concentrato-200g-hires-768x2378.png 768w, https:\/\/mutti-parma.com\/app\/uploads\/sites\/3\/2019\/09\/dubble-concentrato-200g-hires-331x1024.png 331w, https:\/\/mutti-parma.com\/app\/uploads\/sites\/3\/2019\/09\/dubble-concentrato-200g-hires-150x464.png 150w, https:\/\/mutti-parma.com\/app\/uploads\/sites\/3\/2019\/09\/dubble-concentrato-200g-hires-600x1858.png 600w\" loading=\"lazy\" \/><\/div>\n    <\/a>\n  \n  <a class=\"block underline mb-2 mt-2\" href=\"https:\/\/mutti-parma.com\/es\/productos\/pasta-de-tomate-doble-concentrada\/\">\n    <h3 class=\"h4\">Pasta de tomate doble concentrada<\/h3>\n  <\/a>\n\n      <a class=\"block hover:no-underline text-inherit\" href=\"https:\/\/mutti-parma.com\/es\/productos\/pasta-de-tomate-doble-concentrada\/\">\n      Pasta de tomate\n    <\/a>\n  <\/div>\n        <\/div>\n          <\/slideshow>\n  <\/div>\n\n\n","protected":false},"excerpt":{"rendered":"<p>Control de calidad&nbsp; Solo los mejores tomates llegan a nuestra f\u00e1brica&#8230;&nbsp; Cada carga se controla atentamente para que nosotros, por nuestra parte, estemos a la altura de los est\u00e1ndares de alta calidad de su cocina. El contenido de az\u00facar, la acidez y el color se miden cuidadosamente. Los frutos rotos, quebradizos, desmenuzados, terrosos o rocosos<\/p>\n","protected":false},"author":1,"featured_media":0,"parent":5,"menu_order":7,"comment_status":"closed","ping_status":"closed","template":"template-factory-tour.php","meta":{"_acf_changed":false,"_relevanssi_hide_post":"","_relevanssi_hide_content":"","_relevanssi_pin_for_all":"","_relevanssi_pin_keywords":"","_relevanssi_unpin_keywords":"","_relevanssi_related_keywords":"","_relevanssi_related_include_ids":"","_relevanssi_related_exclude_ids":"","_relevanssi_related_no_append":"","_relevanssi_related_not_related":"","_relevanssi_related_posts":"","_relevanssi_noindex_reason":"","footnotes":""},"class_list":["post-13","page","type-page","status-publish","hentry"],"acf":[],"_links":{"self":[{"href":"https:\/\/mutti-parma.com\/es\/wp-json\/wp\/v2\/pages\/13","targetHints":{"allow":["GET"]}}],"collection":[{"href":"https:\/\/mutti-parma.com\/es\/wp-json\/wp\/v2\/pages"}],"about":[{"href":"https:\/\/mutti-parma.com\/es\/wp-json\/wp\/v2\/types\/page"}],"author":[{"embeddable":true,"href":"https:\/\/mutti-parma.com\/es\/wp-json\/wp\/v2\/users\/1"}],"replies":[{"embeddable":true,"href":"https:\/\/mutti-parma.com\/es\/wp-json\/wp\/v2\/comments?post=13"}],"version-history":[{"count":10,"href":"https:\/\/mutti-parma.com\/es\/wp-json\/wp\/v2\/pages\/13\/revisions"}],"predecessor-version":[{"id":304,"href":"https:\/\/mutti-parma.com\/es\/wp-json\/wp\/v2\/pages\/13\/revisions\/304"}],"up":[{"embeddable":true,"href":"https:\/\/mutti-parma.com\/es\/wp-json\/wp\/v2\/pages\/5"}],"wp:attachment":[{"href":"https:\/\/mutti-parma.com\/es\/wp-json\/wp\/v2\/media?parent=13"}],"curies":[{"name":"wp","href":"https:\/\/api.w.org\/{rel}","templated":true}]}}