{"id":16,"date":"2023-12-13T09:41:18","date_gmt":"2023-12-13T09:41:18","guid":{"rendered":"https:\/\/mutti-parma.com\/es\/?page_id=16"},"modified":"2024-02-27T15:47:34","modified_gmt":"2024-02-27T15:47:34","slug":"privacy-policy","status":"publish","type":"page","link":"https:\/\/mutti-parma.com\/es\/privacy-policy\/","title":{"rendered":"Privacy Policy"},"content":{"rendered":"\n<h1 class=\"wp-block-heading\"><strong>POL\u00cdTICA DE PRIVACIDAD CONFORME AL REGLAMENTO GENERAL DE PROTECCI\u00d3N DE DATOS (RGPD) (UE) 2016\/679<\/strong><\/h1>\n\n\n\n<p>Por la presente le informamos, de conformidad con el Reglamento de la UE 679\/2016 (en adelante,<strong> <\/strong>\u00ab<strong>RGPD<\/strong>\u00bb) en materia de protecci\u00f3n de los datos personales (en adelante,<strong>\u00abpol\u00edtica de privacidad<\/strong>\u00bb), que los datos personales (en adelante, los \u00ab<strong>datos<\/strong>\u00bb) relativos a los usuarios del sitio (en adelante, los \u00ab<strong>interesados<\/strong>\u00bb) se procesar\u00e1n de las siguientes maneras y para los siguientes fines.<\/p>\n\n\n\n<p>Por tratamiento de datos personales se entender\u00e1 cualquier operaci\u00f3n o conjunto de operaciones, efectuadas o no mediante procedimientos automatizados, y aplicadas a datos personales o conjuntos de datos personales, incluidos los datos almacenados en una base de datos, como la recogida, registro, organizaci\u00f3n, estructuraci\u00f3n, conservaci\u00f3n, adaptaci\u00f3n o modificaci\u00f3n, extracci\u00f3n, consulta, utilizaci\u00f3n, comunicaci\u00f3n por transmisi\u00f3n, difusi\u00f3n o cualquier otra forma de habilitaci\u00f3n de acceso, cotejo o interconexi\u00f3n, limitaci\u00f3n, supresi\u00f3n o destrucci\u00f3n.<\/p>\n\n\n\n<p>En cumplimiento del RGPD, el tratamiento realizado por Mutti S.p.A. se basar\u00e1 en los principios de legalidad, correcci\u00f3n, transparencia y protecci\u00f3n de la confidencialidad.<\/p>\n\n\n\n<h4 class=\"wp-block-heading\"><strong>1. RESPONSABLES DEL TRATAMIENTO<\/strong><\/h4>\n\n\n\n<ul class=\"wp-block-list\">\n<li>Mutti S.p.A. (en lo sucesivo,\u00ab<strong>Mutti<\/strong>\u00bb, con domicilio social en Montechiarugolo, Via Traversetolo n. 28 (PR &#8211; 43022), n.\u00ba de IVA 02758310342, tel\u00e9fono +39 (0521) 652511, fax +39 (0521) 652596, correo electr\u00f3nico&nbsp;<a href=\"mailto:muttispa@muttispa.it\">muttispa@muttispa.it<\/a> es el responsable del tratamiento de los datos recogidos a trav\u00e9s de este sitio;<\/li>\n\n\n\n<li>Exclusivamente en relaci\u00f3n con las Facebook Business Tools (por ejemplo, el bot\u00f3n \u00abCompartir\u00bb o el bot\u00f3n Insight de Facebook para redirigir a la p\u00e1gina de Facebook desde el sitio de Mutti) y los p\u00edxeles de Facebook, Mutti S.p.a. y Meta Platforms Ireland Ltd. con domicilio social en 4 Grand Canal Square Grand Canal Harbour Dubl\u00edn 2 (Irlanda) act\u00faan como responsables aut\u00f3nomos del tratamiento de datos, con el fin de medir el nivel de interacci\u00f3n entre los sitios web visitados seg\u00fan las preferencias de los interesados y ofrecer publicidad dirigida dentro de la red social. En los siguientes enlaces encontrar\u00e1 m\u00e1s informaci\u00f3n sobre el tratamiento de datos por parte de Facebook, Instagram, Messenger y otros productos y funciones ofrecidos por Meta Platforms Ireland Limited (<a href=\"https:\/\/www.facebook.com\/help\/1561485474074139?ref=dp\">productos de Meta<\/a>&nbsp;o productos). El usuario puede encontrar m\u00e1s herramientas e informaci\u00f3n en las secciones&nbsp;<a href=\"https:\/\/www.facebook.com\/settings\">Configuraci\u00f3n de Facebook<\/a>&nbsp;y en&nbsp;<a href=\"https:\/\/www.instagram.com\/accounts\/privacy_and_security\/\">Configuraci\u00f3n de Instagram<\/a>incluida la base jur\u00eddica a la que se refiere Meta Platforms Ireland Ltd. con domicilio social en 4 Grand Canal Square Grand Canal Harbour Dubl\u00edn 2 (Irlanda) y c\u00f3mo ejercer sus derechos.<\/li>\n<\/ul>\n\n\n\n<h4 class=\"wp-block-heading\"><strong>2. TIPOS DE DATOS PROCESADOS<\/strong><\/h4>\n\n\n\n<p>Se procesar\u00e1n los siguientes datos:<\/p>\n\n\n\n<ul class=\"wp-block-list\">\n<li><strong>Datos de navegaci\u00f3n<\/strong>: como las direcciones IP o los nombres de dominio de los ordenadores utilizados por los usuarios que se conectan al sitio, las direcciones de notaci\u00f3n URI (Uniform Resource Identifier) de los recursos solicitados, cuya transmisi\u00f3n est\u00e1 impl\u00edcita en el uso de los protocolos de comunicaci\u00f3n de internet. Esta informaci\u00f3n no se recoge para ser asociada a interesados identificados. Sin embargo, por su propia naturaleza podr\u00eda permitir identificar a los usuarios, mediante su tratamiento y asociaci\u00f3n con datos en poder de terceros. Estos datos se utilizan con el \u00fanico fin de obtener informaci\u00f3n estad\u00edstica an\u00f3nima sobre el uso del sitio y comprobar su correcto funcionamiento y se eliminan inmediatamente despu\u00e9s de su tratamiento. Los datos podr\u00edan utilizarse para determinar la responsabilidad en caso de posibles delitos inform\u00e1ticos contra el sitio: a tal efecto, los datos sobre los contactos web podr\u00edan conservarse de acuerdo con esa finalidad y limitarse a ella. A partir de la direcci\u00f3n IP y del nombre de dominio de los ordenadores utilizados, ser\u00e1 posible, limit\u00e1ndose a la finalidad de determinar la responsabilidad, rastrear otros datos de identificaci\u00f3n del usuario (en particular, nombre, apellidos, direcci\u00f3n de correo electr\u00f3nico&#8230;);<\/li>\n\n\n\n<li><strong>Datos recogidos a trav\u00e9s de cookies<\/strong>: para obtener informaci\u00f3n sobre las cookies del sitio web de Mutti y otras herramientas de rastreo, consulte la pol\u00edtica de cookies [enlace a la pol\u00edtica de cookies]. Las interacciones con los sitios web visitados por los interesados mediante el uso de las Facebook Business Tools implican que los datos relativos a la navegaci\u00f3n tambi\u00e9n son procesados por Facebook, que act\u00faa como responsable aut\u00f3nomo al igual que Mutti.<\/li>\n<\/ul>\n\n\n\n<h4 class=\"wp-block-heading\"><strong>3. MENORES<\/strong><\/h4>\n\n\n\n<p>Este sitio y los servicios del responsable del tratamiento no est\u00e1n destinados a menores de 16 a\u00f1os y el responsable del tratamiento no recopila, a sabiendas, informaci\u00f3n personal sobre menores. En caso de que se registre involuntariamente informaci\u00f3n sobre menores, el responsable del tratamiento la suprimir\u00e1 sin demora a petici\u00f3n de los usuarios. Proteger la seguridad y la privacidad de los menores es muy importante para nosotros. Al registrarse en el sitio en la secci\u00f3n correspondiente, as\u00ed como al rellenar cualquier formulario de recogida de datos en el sitio o al solicitar el suministro\/registro en el servicio del bolet\u00edn de noticias, el interesado confirma y declara que tiene al menos 16 a\u00f1os o, en cualquier caso, que no es menor de la edad indicada por la legislaci\u00f3n de su pa\u00eds de residencia que prevea otros l\u00edmites de edad.<\/p>\n\n\n\n<h4 class=\"wp-block-heading\"><strong>4. FINALIDAD DEL TRATAMIENTO<\/strong><\/h4>\n\n\n\n<p>Los datos personales facilitados por los interesados a trav\u00e9s del sitio son recogidos y procesados por el responsable del tratamiento para las siguientes finalidades y bases jur\u00eddicas:<\/p>\n\n\n\n<p><strong>A. sin consentimiento previo para los fines de servicio y, en particular, para:<\/strong><\/p>\n\n\n\n<p>1. cualquier servicio de asistencia t\u00e9cnica telef\u00f3nica prestado al interesado para cuestiones cr\u00edticas derivadas de la utilizaci\u00f3n del sitio (por ejemplo, visualizaci\u00f3n de contenidos, utilizaci\u00f3n del sitio y de algunas de sus funciones);&nbsp;<\/p>\n\n\n\n<ul class=\"wp-block-list\">\n<li>la tramitaci\u00f3n de una solicitud de contacto por parte del interesado;<\/li>\n<\/ul>\n\n\n\n<p>2. el cumplimiento por parte del responsable del tratamiento de obligaciones legales, como:<\/p>\n\n\n\n<ul class=\"wp-block-list\">\n<li>el cumplimiento de las obligaciones establecidas en las leyes, los reglamentos o la legislaci\u00f3n nacional y comunitaria, o impuestas por las autoridades competentes;<\/li>\n<\/ul>\n\n\n\n<p>3. la persecuci\u00f3n de un inter\u00e9s leg\u00edtimo del responsable del tratamiento:<\/p>\n\n\n\n<ul class=\"wp-block-list\">\n<li>la gesti\u00f3n y el mantenimiento del sitio: el inter\u00e9s del responsable del tratamiento se refiere al inter\u00e9s general de una empresa en garantizar la operatividad de la misma, tambi\u00e9n mediante el funcionamiento del sitio y la adopci\u00f3n de posibles medidas eficientes para el servicio ofrecido;<\/li>\n\n\n\n<li>la prevenci\u00f3n o detecci\u00f3n de actividades fraudulentas o abusos perjudiciales para el sitio, as\u00ed como el ejercicio y la protecci\u00f3n de los derechos del responsable del tratamiento en procedimientos judiciales y la gesti\u00f3n de litigios: el inter\u00e9s del responsable del tratamiento se refiere al inter\u00e9s general, real y actual en no sufrir perjuicios como consecuencia de la conducta il\u00edcita de terceros, y prevalece con respecto a los intereses de la persona afectada.<\/li>\n<\/ul>\n\n\n\n<p><strong>B. solo con el consentimiento previo para:<\/strong><\/p>\n\n\n\n<p>1. Finalidad del uso de las herramientas de Facebook para medir y analizar las interacciones con las p\u00e1ginas web visitadas por los interesados y proporcionar publicidad dirigida en la red social Facebook, en particular:<\/p>\n\n\n\n<ul class=\"wp-block-list\">\n<li>la empresa y Facebook Ireland Limited procesar\u00e1n, en calidad de responsables aut\u00f3nomos del tratamiento de datos seg\u00fan lo descrito en el apartado 1), los datos relativos a las interacciones con los sitios web visitados por los interesados mediante el uso de las Facebook Business Tools (a modo de ejemplo, las cookies, Insight y el p\u00edxel de Facebook). Puede consultarse m\u00e1s informaci\u00f3n sobre c\u00f3mo Meta Platforms Ireland Ltd. procesa los datos, incluida la base jur\u00eddica a la que Meta Platforms Ireland Ltd. se refiere y sobre c\u00f3mo ejercer sus derechos ante Meta Platforms Ireland Ltd. en la pol\u00edtica de datos de Facebook Ireland en https:\/\/www.facebook.com\/privacy\/explanation;<\/li>\n\n\n\n<li>En particular, el sitio web de Mutti utiliza los denominados plug-ins sociales. Los plug-ins sociales son herramientas especiales que permiten incorporar funcionalidades de las redes sociales directamente en el sitio web (por ejemplo, el bot\u00f3n \u00abCompartir\u00bb o el icono de Facebook para redirigir a la p\u00e1gina de Facebook desde el sitio de Mutti). Todos los plug-ins sociales del sitio est\u00e1n marcados con el logotipo respectivo propiedad de la plataforma de redes sociales. La recopilaci\u00f3n y el uso de la informaci\u00f3n obtenida por medio del plug-in se rigen por las respectivas pol\u00edticas de privacidad de las redes sociales, cuya consulta se recomienda.<\/li>\n<\/ul>\n\n\n\n<p>Cuando visita una p\u00e1gina de nuestro sitio web e interact\u00faa con el plug-in (por ejemplo, haciendo clic en el bot\u00f3n \u00abCompartir\u00bb o en el icono de Facebook para redirigir a la p\u00e1gina de Facebook desde el sitio web de Mutti) o decide dejar un comentario, la informaci\u00f3n correspondiente se transmite desde su navegador directamente a la plataforma de la red social (en este caso Facebook) y se almacena all\u00ed. Puede consultarse m\u00e1s informaci\u00f3n sobre c\u00f3mo Meta Platforms Ireland Ltd. procesa los datos, incluida la base jur\u00eddica a la que Meta Platforms Ireland Ltd. se refiere y sobre c\u00f3mo ejercer sus derechos ante Meta Platforms Ireland Ltd. en la pol\u00edtica de datos de Meta Platforms Ireland Ltd. en https:\/\/www.facebook.com\/privacy\/explanation<\/p>\n\n\n\n<h4 class=\"wp-block-heading\"><strong>5. NATURALEZA DE LA CESI\u00d3N<\/strong><\/h4>\n\n\n\n<p>La cesi\u00f3n de los datos con relaci\u00f3n a las finalidades establecidas en el punto A) es obligatoria y toda negativa a proporcionar dichos datos imposibilitar\u00e1 que el responsable del tratamiento cumpla los compromisos contractuales asumidos, o atienda las solicitudes formuladas por el interesado, o cumpla sus obligaciones legales. Con respecto a los fines establecidos en el punto B.1), la cesi\u00f3n de los datos personales es opcional y su uso est\u00e1 sujeto a la interacci\u00f3n voluntaria con el plug-in social por parte del interesado. La falta de interacci\u00f3n no conlleva ninguna consecuencia y el interesado puede seguir navegando por el sitio sin interactuar directamente con la plataforma de la red sociales.<\/p>\n\n\n\n<h4 class=\"wp-block-heading\"><strong>6. MODALIDADES DEL TRATAMIENTO<\/strong><\/h4>\n\n\n\n<p>El tratamiento de los datos de los interesados se lleva a cabo \u2013por medios electr\u00f3nicos\u2013 mediante las operaciones de recogida, registro, actualizaci\u00f3n, organizaci\u00f3n, almacenamiento, consulta, elaboraci\u00f3n, selecci\u00f3n, extracci\u00f3n, comparaci\u00f3n, utilizaci\u00f3n, interconexi\u00f3n, bloqueo, supresi\u00f3n y destrucci\u00f3n de los datos. Los datos ser\u00e1n procesados por la sociedad y sus encargados mediante sistemas inform\u00e1ticos (y manuales) de conformidad con los principios de exactitud, lealtad y transparencia previstos por la legislaci\u00f3n aplicable en materia de protecci\u00f3n de datos personales, protegiendo la confidencialidad del interesado y sus derechos mediante la adopci\u00f3n de medidas t\u00e9cnicas y organizativas apropiadas para garantizar un nivel de seguridad adecuado al riesgo. Se observan medidas de seguridad espec\u00edficas para evitar la p\u00e9rdida de datos, usos il\u00edcitos o incorrectos y accesos no autorizados.&nbsp;<\/p>\n\n\n\n<h4 class=\"wp-block-heading\"><strong>7. CONSERVACI\u00d3N DE LOS DATOS<\/strong><\/h4>\n\n\n\n<p>En relaci\u00f3n con las finalidades establecidas en el punto A) del apartado 4 (Finalidades del tratamiento), los datos se procesar\u00e1n mientras dure la relaci\u00f3n para la consecuci\u00f3n de las finalidades mencionadas y, en cualquier caso, no m\u00e1s de 10 a\u00f1os desde la ejecuci\u00f3n del contrato, si se ha celebrado un contrato. Los datos de navegaci\u00f3n se procesar\u00e1n y almacenar\u00e1n durante 7 d\u00edas. Los datos personales necesarios para el cumplimiento de posibles obligaciones legales tambi\u00e9n se conservar\u00e1n posteriormente, en cumplimiento de dichas obligaciones y de conformidad con los periodos de conservaci\u00f3n previstos por la normativa aplicable en cada momento.&nbsp;<\/p>\n\n\n\n<p>Para los datos concedidos para las fines establecidas en el punto B, n.\u00ba 2 (Uso de Facebook Business Tools) del apartado 4 (Finalidades del tratamiento), los datos ser\u00e1n procesados seg\u00fan lo dispuesto por Meta Platforms Ireland Ltd. &nbsp;en la pol\u00edtica de datos de Facebook, que puede consultarse en https:\/\/www.facebook.com\/privacy\/explanation.&nbsp;<\/p>\n\n\n\n<h4 class=\"wp-block-heading\"><strong>8. \u00c1MBITO DEL TRATAMIENTO, COMUNICACI\u00d3N Y DIFUSI\u00d3N&nbsp;<\/strong><\/h4>\n\n\n\n<p>Los datos de los interesados se har\u00e1n accesibles y se procesar\u00e1n para las finalidades establecidas en el apartado 4 del presente documento:<\/p>\n\n\n\n<ul class=\"wp-block-list\">\n<li>al personal interno y a los colaboradores del responsable del tratamiento, en su calidad de encargados y\/o responsables internos del tratamiento y\/o administradores de sistemas;<\/li>\n\n\n\n<li>a las empresas pertenecientes al grupo empresarial de Mutti;<\/li>\n\n\n\n<li>a los terceros que lleven a cabo actividades de externalizaci\u00f3n en nombre del responsable, como los proveedores para la gesti\u00f3n y el mantenimiento del sitio, proveedores, etc., sujetos a su designaci\u00f3n como encargados del tratamiento, solo para los fines establecidos en este documento y de conformidad con el RGPD.<\/li>\n<\/ul>\n\n\n\n<p>Los datos recogidos no se difundir\u00e1n ni se divulgar\u00e1n sin el consentimiento expreso del interesado.<\/p>\n\n\n\n<p>Por el contrario, sin necesidad de consentimiento expreso (de conformidad con el art\u00edculo 6 del RGPD), el responsable del tratamiento podr\u00e1 comunicar sus datos a los organismos de vigilancia, organismos p\u00fablicos, autoridades de control, fuerzas policiales y autoridades judiciales, as\u00ed como a todos aquellos sujetos a los que sea obligatorio comunic\u00e1rselo por ley para el cumplimiento de las finalidades anteriormente indicadas. Estas partes procesar\u00e1n los datos en calidad de responsables aut\u00f3nomos del tratamiento.<\/p>\n\n\n\n<p>La lista completa y actualizada de los sujetos que procesan los datos en calidad de responsables y encargados aut\u00f3nomos est\u00e1 disponible previa solicitud a Mutti S.p.A. con domicilio social en Montechiarugolo, Via Traversetolo n.\u00ba 28 (PR &#8211; 43022).<\/p>\n\n\n\n<h4 class=\"wp-block-heading\"><strong>9. TRANSMISI\u00d3N FUERA DE LA UE&nbsp;<\/strong><\/h4>\n\n\n\n<p>Mutti S.p.a. puede transmitir datos fuera de la Uni\u00f3n Europea y, en particular, a los Estados Unidos de Am\u00e9rica para la gesti\u00f3n t\u00e9cnica de determinadas operaciones de tratamiento (por ejemplo, la gesti\u00f3n de listas de correo y cuentas registradas). Para ello, la empresa eval\u00faa el impacto de las transmisiones de datos y adopta, en consecuencia, las garant\u00edas m\u00e1s apropiadas (por ejemplo, decisiones de adecuaci\u00f3n cuando existen o cl\u00e1usulas contractuales est\u00e1ndares y, en algunos casos limitados, excepciones permitidas por la ley).&nbsp;<\/p>\n\n\n\n<p>Para obtener informaci\u00f3n sobre la transmisi\u00f3n de los datos personales recogidos mediante cookies, incluidas las de terceros, consulte la pol\u00edtica de cookies de Mutti y las pol\u00edticas de privacidad de cada tercero, disponibles en sus sitios web y localizables en las tablas incluidas en la pol\u00edtica de cookies. En particular, a estos efectos, las redes sociales procesar\u00e1n los datos de los interesados en calidad de responsables aut\u00f3nomos del tratamiento. Para m\u00e1s informaci\u00f3n sobre el tratamiento de datos realizado por estas redes sociales (por ejemplo, Facebook, Instagram, Twitter y Youtube), le invitamos a leer las pol\u00edticas de privacidad adoptadas por las redes sociales en los siguientes enlaces:<\/p>\n\n\n\n<ul class=\"wp-block-list\">\n<li><a href=\"https:\/\/www.facebook.com\/privacy\/explanation\">https:\/\/www.facebook.com\/privacy\/explanation<\/a>;<\/li>\n\n\n\n<li><a href=\"https:\/\/help.instagram.com\/519522125107875\">https:\/\/help.instagram.com\/519522125107875<\/a>;<\/li>\n\n\n\n<li><a href=\"https:\/\/twitter.com\/en\/privacy\">https:\/\/twitter.com\/en\/privacy<\/a>;<\/li>\n\n\n\n<li><a href=\"https:\/\/policies.google.com\/privacy?hl=ita\">https:\/\/policies.google.com\/privacy?hl=ita<\/a>.&nbsp;<\/li>\n<\/ul>\n\n\n\n<h4 class=\"wp-block-heading\"><strong>10. DERECHOS DEL INTERESADO<\/strong><\/h4>\n\n\n\n<p>Los interesados podr\u00e1n ejercer, en relaci\u00f3n con el tratamiento de datos aqu\u00ed descrito, los derechos establecidos en los art\u00edculos 15 a 22 del RGPD, y m\u00e1s concretamente:<\/p>\n\n\n\n<ul class=\"wp-block-list\">\n<li>derecho a obtener confirmaci\u00f3n de la existencia de datos personales que le conciernan, aunque a\u00fan no est\u00e9n registrados, y a acceder a su contenido (derecho de acceso);<\/li>\n\n\n\n<li>derecho a obtener la actualizaci\u00f3n, modificaci\u00f3n y\/o rectificaci\u00f3n de los datos personales (derecho de rectificaci\u00f3n);<\/li>\n\n\n\n<li>derecho a solicitar la supresi\u00f3n de los datos personales o la limitaci\u00f3n del tratamiento de los datos procesados ilegalmente, incluidos aquellos cuya conservaci\u00f3n no sea necesaria para los fines para los que fueron recogidos o procesados de otro modo (derecho al olvido y derecho a la limitaci\u00f3n);<\/li>\n\n\n\n<li>derecho a presentar una reclamaci\u00f3n ante la autoridad de control en caso de infracci\u00f3n de la normativa sobre protecci\u00f3n de datos;<\/li>\n\n\n\n<li>derecho a oponerse al tratamiento (derecho de oposici\u00f3n);<\/li>\n\n\n\n<li>derecho a revocar el consentimiento, cuando se haya dado, sin perjuicio de la legalidad del tratamiento basado en el consentimiento prestado antes de la revocaci\u00f3n;<\/li>\n\n\n\n<li>derecho a oponerse total o parcialmente a un proceso de recogida automatizado, incluida la elaboraci\u00f3n de perfiles;<\/li>\n\n\n\n<li>derecho a recibir una copia de los datos personales facilitados al responsable del tratamiento en un formato estructurado, de uso com\u00fan y lectura mec\u00e1nica, y a solicitar que dichos datos se transmitan a otro responsable del tratamiento, siempre que sea t\u00e9cnicamente posible (derecho a la portabilidad de los datos).<\/li>\n<\/ul>\n\n\n\n<h4 class=\"wp-block-heading\"><strong>11. MODALIDADES DE EJERCICIO DE LOS DERECHOS<\/strong><\/h4>\n\n\n\n<p>Podr\u00e1 ejercer sus derechos en cualquier momento: enviando una notificaci\u00f3n por correo certificado al responsable del tratamiento a la direcci\u00f3n: Mutti S.p.A., Via Traversetolo n. 28, Montechiarugolo (PR &#8211; 43022), enviando un correo electr\u00f3nico a la direcci\u00f3n <a href=\"mailto:muttispa@muttispa.it\">muttispa@muttispa.it<\/a>.<\/p>\n\n\n\n<h4 class=\"wp-block-heading\"><strong>12. CAMBIOS EN ESTA POL\u00cdTICA DE PRIVACIDAD<\/strong><\/h4>\n\n\n\n<p>Esta nota informativa puede estar sujeta a cambios con el tiempo en aplicaci\u00f3n de las disposiciones legales promulgadas en materia de privacidad. Por ello, invitamos al interesado a consultar esta p\u00e1gina con regularidad. A tal efecto, esta informaci\u00f3n incluye la fecha de actualizaci\u00f3n.<\/p>\n\n\n\n<p><em>\u00daltima revisi\u00f3n octubre de 2023&nbsp;<\/em><\/p>\n","protected":false},"excerpt":{"rendered":"<p>POL\u00cdTICA DE PRIVACIDAD CONFORME AL REGLAMENTO GENERAL DE PROTECCI\u00d3N DE DATOS (RGPD) (UE) 2016\/679 Por la presente le informamos, de conformidad con el Reglamento de la UE 679\/2016 (en adelante, \u00abRGPD\u00bb) en materia de protecci\u00f3n de los datos personales (en adelante,\u00abpol\u00edtica de privacidad\u00bb), que los datos personales (en adelante, los \u00abdatos\u00bb) relativos a los usuarios<\/p>\n","protected":false},"author":1,"featured_media":0,"parent":0,"menu_order":14,"comment_status":"closed","ping_status":"closed","template":"template-privacy-policy.php","meta":{"_acf_changed":false,"_relevanssi_hide_post":"","_relevanssi_hide_content":"","_relevanssi_pin_for_all":"","_relevanssi_pin_keywords":"","_relevanssi_unpin_keywords":"","_relevanssi_related_keywords":"","_relevanssi_related_include_ids":"","_relevanssi_related_exclude_ids":"","_relevanssi_related_no_append":"","_relevanssi_related_not_related":"","_relevanssi_related_posts":"","_relevanssi_noindex_reason":"","footnotes":""},"class_list":["post-16","page","type-page","status-publish","hentry"],"acf":[],"_links":{"self":[{"href":"https:\/\/mutti-parma.com\/es\/wp-json\/wp\/v2\/pages\/16","targetHints":{"allow":["GET"]}}],"collection":[{"href":"https:\/\/mutti-parma.com\/es\/wp-json\/wp\/v2\/pages"}],"about":[{"href":"https:\/\/mutti-parma.com\/es\/wp-json\/wp\/v2\/types\/page"}],"author":[{"embeddable":true,"href":"https:\/\/mutti-parma.com\/es\/wp-json\/wp\/v2\/users\/1"}],"replies":[{"embeddable":true,"href":"https:\/\/mutti-parma.com\/es\/wp-json\/wp\/v2\/comments?post=16"}],"version-history":[{"count":4,"href":"https:\/\/mutti-parma.com\/es\/wp-json\/wp\/v2\/pages\/16\/revisions"}],"predecessor-version":[{"id":577,"href":"https:\/\/mutti-parma.com\/es\/wp-json\/wp\/v2\/pages\/16\/revisions\/577"}],"wp:attachment":[{"href":"https:\/\/mutti-parma.com\/es\/wp-json\/wp\/v2\/media?parent=16"}],"curies":[{"name":"wp","href":"https:\/\/api.w.org\/{rel}","templated":true}]}}