{"id":37,"date":"2023-12-12T10:36:51","date_gmt":"2023-12-12T10:36:51","guid":{"rendered":"https:\/\/mutti-parma.com\/es\/?page_id=37"},"modified":"2025-07-14T13:56:44","modified_gmt":"2025-07-14T13:56:44","slug":"sostenibilidad","status":"publish","type":"page","link":"https:\/\/mutti-parma.com\/es\/sostenibilidad\/","title":{"rendered":"Sostenibilidad\u00a0"},"content":{"rendered":"\n<div class=\"wp-block-cover alignfull mb-0\"><img loading=\"lazy\" decoding=\"async\" class=\"wp-block-cover__image-background wp-image-6755\" alt=\"\" src=\"https:\/\/mutti-parma.com\/app\/uploads\/2021\/08\/1-canvas-desktop.jpg\" data-object-fit=\"cover\" \/><span aria-hidden=\"true\" class=\"wp-block-cover__background has-background-dim-0 has-background-dim\"><\/span><div class=\"wp-block-cover__inner-container is-layout-flow wp-block-cover-is-layout-flow\">\n<h1 class=\"wp-block-heading has-text-align-center\"><strong><strong><strong>De la tierra&#8230; a la tierra<\/strong>&nbsp;<\/strong><\/strong><\/h1>\n\n\n\n<p class=\"has-text-align-center is-style-cursive mb-0 has-xxl-font-size\">\u201cEn nuestras latas de tomate, quiero que haya dosis adicionales de inteligencia\u201d<\/p>\n\n\n\n<p class=\"has-text-align-center is-style-default mt-0 uppercase\"><br><strong>Francesco Mutti<\/strong><\/p>\n<\/div><\/div>\n\n\n\n<div class=\"wp-block-group alignfull mb-0 mt-0 has-beige-background-color has-background is-layout-flow wp-block-group-is-layout-flow\">\n<p class=\"has-text-align-center\">En Mutti conocemos la importancia de la Tierra: requiere compromiso, sensibilidad y visi\u00f3n a largo plazo para poner en sus mesas una calidad insuperable, todos los d\u00edas. Un instinto natural que, con el tiempo, hemos convertido en un seguimiento preciso y entregado, para comprender mejor y mejorar el impacto que tenemos en los recursos que nos proporciona la Tierra.&nbsp;<\/p>\n\n\n\n<p class=\"has-text-align-center\"><br>Partiendo de lo que tenemos cerca, hemos reunido los impulsos adecuados para crear una estrategia de sostenibilidad medioambiental que nos haga mirar hacia el futuro. Es un camino del que queremos que formes parte, para llegar cada vez m\u00e1s lejos.&nbsp;<\/p>\n\n\n\n<p class=\"has-text-align-center\"><br>Para mejorar, todos juntos, y crear valor para todos.&nbsp;<\/p>\n\n\n\n<figure class=\"wp-block-embed is-type-video is-provider-youtube wp-block-embed-youtube wp-embed-aspect-16-9 wp-has-aspect-ratio\"><div class=\"wp-block-embed__wrapper\">\n<iframe loading=\"lazy\" title=\"FROM THE EARTH\u2026 TO THE EARTH\" width=\"500\" height=\"281\" data-cookieconsent=\"marketing\" data-src=\"\/\/www.youtube-nocookie.com\/embed\/zRVy7wSE3b8?rel=0&#038;modestbranding=1&#038;enablejsapi=1&#038;feature=oembed&#038;width=500&#038;height=750\" frameborder=\"0\" allow=\"accelerometer; autoplay; clipboard-write; encrypted-media; gyroscope; picture-in-picture; web-share\" referrerpolicy=\"strict-origin-when-cross-origin\" allowfullscreen><\/iframe><div class=\"cookieconsent-embed-approval\">\n  <p>Para ver este v\u00eddeo, tiene que aprobar las cookies de marketing para que podamos utilizar YouTube.<\/p>\n  <button class=\"btn btn-renew-cookie-consent\">\n    Gestionar la configuraci\u00f3n\n  <\/button>\n<\/div>\n\n<\/div><\/figure>\n<\/div>\n\n\n\n<div class=\"wp-block-cover alignfull is-light has-custom-content-position is-position-top-center mb-0 mt-0 is-style-default\"><img loading=\"lazy\" decoding=\"async\" class=\"wp-block-cover__image-background wp-image-6756\" alt=\"\" src=\"https:\/\/mutti-parma.com\/app\/uploads\/2021\/08\/2-background-desktop.jpg\" style=\"object-position:53% 100%\" data-object-fit=\"cover\" data-object-position=\"53% 100%\" data-spai-crop=\"false\" \/><span aria-hidden=\"true\" class=\"wp-block-cover__background has-background-dim-0 has-background-dim\"><\/span><div class=\"wp-block-cover__inner-container is-layout-flow wp-block-cover-is-layout-flow\">\n<h2 class=\"wp-block-heading has-primary-color has-text-color\" id=\"environmental-report\"><strong><strong><strong>Nuestro informe de Sostenibilidad<\/strong>\u00a0<\/strong><\/strong><\/h2>\n\n\n\n<div class=\"wp-block-buttons is-layout-flex wp-block-buttons-is-layout-flex\">\n<div class=\"wp-block-button is-style-button aligncenter\"><a class=\"wp-block-button__link wp-element-button\" href=\"https:\/\/mutti-parma.com\/app\/uploads\/2025\/07\/mutti-sustainability-report-2024.pdf\" target=\"_blank\" rel=\"noreferrer noopener\">Lea el informe completo&nbsp;2024<\/a><\/div>\n<\/div>\n\n\n\n<details class=\"wp-block-details aligncenter is-style-button has-pitchblack-color has-text-color is-layout-flow wp-block-details-is-layout-flow\"><summary>Archivo&nbsp;<\/summary>\n<div class=\"wp-block-buttons is-vertical is-content-justification-center is-layout-flex wp-container-core-buttons-is-layout-9a7cdcfd wp-block-buttons-is-layout-flex\">\n<div class=\"wp-block-button\"><a class=\"wp-block-button__link wp-element-button\" href=\"https:\/\/mutti-parma.com\/app\/uploads\/2024\/08\/sustainability-report-2023-v4.pdf\" target=\"_blank\" rel=\"noreferrer noopener\">2023<\/a><\/div>\n\n\n\n<div class=\"wp-block-button\"><a class=\"wp-block-button__link wp-element-button\" href=\"https:\/\/mutti-parma.com\/app\/uploads\/2023\/11\/environmental-report-2022.pdf\" target=\"_blank\" rel=\"noreferrer noopener\">2022<\/a><\/div>\n\n\n\n<div class=\"wp-block-button is-style-fill\"><a class=\"wp-block-button__link wp-element-button\" href=\"https:\/\/mutti-parma.com\/app\/uploads\/2022\/11\/environmental-sustainability-report-2021-eng-def-4mb-1.pdf\" target=\"_blank\" rel=\"noreferrer noopener\"> 2021<\/a><\/div>\n\n\n\n<div class=\"wp-block-button is-style-fill\"><a class=\"wp-block-button__link wp-element-button\" href=\"https:\/\/mutti-parma.com\/app\/uploads\/2021\/10\/mutti-environmental-report-2020-0710-lowres.pdf\" target=\"_blank\" rel=\"noreferrer noopener\"> 2020<\/a><\/div>\n<\/div>\n<\/details>\n\n\n<div\n  class=\"\n    mutti-slideshow\n    sm-only:alignfull\n    alignwide\n    \n  \"\n    data-vue-wrapper>\n  <slideshow\n    :pagination=\"true\"\n    :navigation=\"true\"\n    class=\"lg:-mx-8\"\n\n          :slides-per-view=\"1\"\n      :slides-per-view-md=\"1\"\n      :slides-per-view-sm=\"1\"\n                :options='{&quot;autoplay&quot;:false,&quot;loop&quot;:false,&quot;autoHeight&quot;:true,&quot;spaceBetween&quot;:60}'\n    :template-classes='{\"navigationGutter\":\"mx-8\",\"navigationPrevButton\":\"fa-solid fa-chevron-left text-2xl md:text-3xl has-white-color\",\"navigationNextButton\":\"fa-solid fa-chevron-right text-2xl md:text-3xl has-white-color\"}'\n  >\n    \n<div class=\"swiper-slide wp-block-mutti-slide\">\n    \n\n<div class=\"wp-block-group has-beige-background-color has-background is-layout-flow wp-block-group-is-layout-flow\">\n<h2 class=\"wp-block-heading has-primary-color has-text-color\"><strong>Regenerar el futuro<\/strong>&nbsp;<\/h2>\n\n\n\n<p class=\"has-text-align-center has-black-color has-text-color\">Para progresar necesitamos puntos de partida s\u00f3lidos: vigilar y mejorar son los dos imperativos que nos han llevado de las acciones espont\u00e1neas, que forman parte de nuestra manera de hacer las cosas, a la definici\u00f3n de acciones espec\u00edficas concebidas para reducir nuestra huella en la naturaleza. Debemos nuestro \u00e9xito a la naturaleza y queremos devolverle nuestro compromiso. En este sentido, el Informe Medioambiental es un paso hacia un objetivo cada vez mayor: la regeneraci\u00f3n de los recursos que nos rodean, porque el verdadero bienestar es para todo el ecosistema.&nbsp;<\/p>\n<\/div>\n\n\n\n<p class=\"has-text-align-center is-style-cursive\">\u201cMutti representa la cadena alimentaria, que es regenerativa \u00abpor excelencia\u00bb. Gracias a su reconocido papel como empresa sostenible, puede ser un centro de agregaci\u00f3n de empresas del sector agroalimentario. Puede cambiar realmente las reglas del juego.\u201d <\/p>\n\n\n\n<p class=\"has-text-align-center uppercase mb-0 has-base-font-size\"><strong><span class=\"has-inline-color has-primary-color\">Andrea Illy<\/span><\/strong><\/p>\n\n\n\n<p class=\"has-text-align-center uppercase mt-0 has-sm-font-size\">Presidente de la Regeneration Society Foundation&nbsp;<\/p>\n\n\n  <\/div>\n\n\n<div class=\"swiper-slide wp-block-mutti-slide\">\n    \n\n<div class=\"wp-block-group has-beige-background-color has-background is-layout-flow wp-block-group-is-layout-flow\">\n<h2 class=\"wp-block-heading has-primary-color has-text-color\"><strong>Formar parte del mundo Mutti<\/strong>&nbsp;<\/h2>\n\n\n\n<p class=\"has-text-align-center has-black-color has-text-color\">Siempre hemos pensado que la mejor manera de conseguir resultados importantes es actuar como un verdadero sistema, en el que cada componente pueda creer, con el que todos puedan contribuir y, sobre todo, que permita aprovechar un camino com\u00fan. Solo a trav\u00e9s de este sentimiento compartido, nosotros, usted y cualquiera que aspire a formar parte del mundo Mutti podremos regenerar el planeta, fortalecer sus ra\u00edces y perseguir la sostenibilidad de verdad.&nbsp;<\/p>\n<\/div>\n\n\n\n<p class=\"has-text-align-center is-style-cursive\">\u201dEl principal sentimiento cuando pienso en la colaboraci\u00f3n con Mutti? Orgullo. Por haber llevado a cabo una colaboraci\u00f3n que pretende desarrollar un sistema de cultivo m\u00e1s sostenible y tambi\u00e9n aumentar la formaci\u00f3n de los agricultores.\u201d<\/p>\n\n\n\n<p class=\"has-text-align-center uppercase mb-0 has-base-font-size\"><strong><span class=\"has-inline-color has-primary-color\">PIERLUIGI MERIGGI<\/span><\/strong><\/p>\n\n\n\n<p class=\"has-text-align-center uppercase mt-0 has-sm-font-size\">Presidente de Horta&nbsp;<\/p>\n\n\n  <\/div>\n\n\n<div class=\"swiper-slide wp-block-mutti-slide\">\n    \n\n<div class=\"wp-block-group has-beige-background-color has-background is-layout-flow wp-block-group-is-layout-flow\">\n<h2 class=\"wp-block-heading has-primary-color has-text-color\"><strong>Nuestra forma de hacer las cosas<\/strong>&nbsp;<\/h2>\n\n\n\n<p class=\"has-text-align-center has-black-color has-text-color\">Cada tomate Mutti tiene su propio ciclo de vida que requiere recursos para llevarse a cabo. Con el Informe Medioambiental hemos elegido y aplicado un modelo que integra medio ambiente, seguridad y responsabilidad social para controlar el consumo de agua y energ\u00eda, las emisiones, el impacto en el suelo y la producci\u00f3n de residuos. Un estudio que ha durado a\u00f1os y que ya nos ha permitido tomar medidas correctoras. Pero eso no es todo: el Informe es una mirada a nuestra forma de hacer las cosas para trazar la futura estrategia de sostenibilidad.&nbsp;<\/p>\n<\/div>\n\n\n\n<p class=\"has-text-align-center is-style-cursive\">\u201dEl proyecto desarrollado conjuntamente es uno de los ejemplos virtuosos m\u00e1s relevantes en el que participan una organizaci\u00f3n medioambiental, una empresa, el mundo acad\u00e9mico y el de la investigaci\u00f3n. Porque el camino hacia la sostenibilidad debe ser multilateral.\u201d<\/p>\n\n\n\n<p class=\"has-text-align-center uppercase mb-0 has-base-font-size\"><strong><span class=\"has-inline-color has-primary-color\">Eva Alessi<\/span><\/strong><\/p>\n\n\n\n<p class=\"has-text-align-center uppercase mt-0 has-sm-font-size\">Responsable de consumo sostenible y recursos naturales, WWF&nbsp;<\/p>\n\n\n  <\/div>\n\n\n  <\/slideshow>\n<\/div>\n<\/div><\/div>\n\n\n\n<div class=\"wp-block-group alignfull mb-0 mt-0 has-beige-background-color has-background is-layout-flow wp-block-group-is-layout-flow\">\n<h2 class=\"wp-block-heading has-text-align-center has-primary-color has-text-color\"><strong><strong>Un compromiso de hace mucho tiempo&#8230;<\/strong>&nbsp;<\/strong><\/h2>\n\n\n\n<p class=\"has-text-align-center has-black-color has-text-color\">Sab\u00edas que 100 g de tomates pelados Mutti contienen 22 kilocalor\u00edas? \u00a1Pocas! Pero \u00bfcu\u00e1nta energ\u00eda se necesita para su producci\u00f3n? Nosotros tambi\u00e9n nos lo preguntamos. Llevamos a\u00f1os controlando nuestro impacto energ\u00e9tico y comprometi\u00e9ndonos a reducirlo, pero eso no es todo&#8230;&nbsp;<\/p>\n\n\n\n<div class=\"wp-block-columns is-style-default is-layout-flex wp-container-core-columns-is-layout-9d6595d7 wp-block-columns-is-layout-flex\">\n<div class=\"wp-block-column lg:mr-16 is-layout-flow wp-block-column-is-layout-flow\" style=\"flex-basis:30%\">\n<figure class=\"wp-block-image aligncenter size-large is-resized mb-0\"><img loading=\"lazy\" decoding=\"async\" src=\"https:\/\/mutti-parma.com\/app\/uploads\/2021\/08\/3-icon-1.png\" alt=\"\" class=\"wp-image-6766\" \/><\/figure>\n\n\n\n<h4 class=\"wp-block-heading has-text-align-center mt-0 has-text-color\" style=\"color:#569db6\"><strong>Huella h\u00eddrica y de carbono<\/strong>&nbsp;<\/h4>\n\n\n\n<p class=\"has-black-color has-text-color\">Entre 2010 y 2015, gracias a nuestra colaboraci\u00f3n con <strong>WWF Italia:&nbsp;<\/strong><\/p>\n\n\n\n<ul class=\"wp-block-list has-black-color has-text-color\">\n<li>Ahorramos m\u00e1s de 1000\u202fmillones de litros de agua (-4,6%), con la participaci\u00f3n de m\u00e1s de 60 agricultores italianos&nbsp;<\/li>\n\n\n\n<li>Evitamos la emisi\u00f3n a la atm\u00f3sfera de unas 20\u202f000 toneladas de CO2 (-27% por unidad de producto), gracias a medidas de eficiencia energ\u00e9tica y al uso de energ\u00eda procedente de fuentes renovables.&nbsp;<\/li>\n<\/ul>\n<\/div>\n\n\n\n<div class=\"wp-block-column is-style-default lg:ml-16 is-layout-flow wp-block-column-is-layout-flow\" style=\"flex-basis:30%\">\n<figure class=\"wp-block-image aligncenter size-large is-resized mb-0\"><img loading=\"lazy\" decoding=\"async\" src=\"https:\/\/mutti-parma.com\/app\/uploads\/2021\/08\/3-icon-2.png\" alt=\"\" class=\"wp-image-6767\" \/><\/figure>\n\n\n\n<h4 class=\"wp-block-heading has-text-align-center mt-0 has-text-color\" style=\"color:#53834f\"><strong>Biodiversidad<\/strong>&nbsp;<\/h4>\n\n\n\n<p><strong>50\u202f000 metros cuadrados<\/strong>. Es la extensi\u00f3n de nuestro proyecto <strong>Mille Querce:<\/strong> una iniciativa que lanzamos tambi\u00e9n gracias a la contribuci\u00f3n de la organizaci\u00f3n Parchi del Ducato. Plantamos <strong>1100\u202fplanta<\/strong>s que ti\u00f1eron de verde cuatro zonas distintas en torno al distrito de Parma.&nbsp;                              Desde 2021 nos encargamos de la plantaci\u00f3n, el riego y el enraizamiento de estos \u00e1rboles. Una inversi\u00f3n en favor de un territorio m\u00e1s verde que pretendemos ampliar hasta alcanzar los 10\u202f000\u202f\u00e1rboles plantados en los pr\u00f3ximos a\u00f1os.&nbsp;<\/p>\n<\/div>\n<\/div>\n<\/div>\n\n\n\n<div class=\"wp-block-group alignfull mb-0 mt-0 has-beige-background-color has-background is-layout-flow wp-block-group-is-layout-flow\">\n<h2 class=\"wp-block-heading has-text-align-center has-primary-color has-text-color\"><strong>Los poderes de la naturaleza<\/strong>&nbsp;<\/h2>\n\n\n\n<p class=\"has-text-align-center is-style-cursive mb-8 has-primary-color has-text-color\">\u201dHay dos aspectos que quiz\u00e1 representen los resultados m\u00e1s aut\u00e9nticos y relevantes: la posibilidad que se da a la empresa de observarse a s\u00ed misma y, sobre todo, la implicaci\u00f3n directa de las personas en la palanca m\u00e1s estrat\u00e9gica del desarrollo de la empresa.\u201d<\/p>\n\n\n\n<p class=\"has-text-align-center uppercase mb-0 has-black-color has-text-color has-base-font-size\"><strong>Tiberio daddi<\/strong><\/p>\n\n\n\n<p class=\"has-text-align-center uppercase mt-0 has-black-color has-text-color has-sm-font-size\">Scuola Sant&#8217;Anna di Pisa \u2013 profesor asociado en gesti\u00f3n medioambiental de empresas&nbsp;<\/p>\n\n\n\n<div style=\"height:25px\" aria-hidden=\"true\" class=\"wp-block-spacer\"><\/div>\n\n\n\n<p class=\"has-text-align-center\">La naturaleza est\u00e1 hecha de fuerzas simples y puras, de las que han nacido obras maestras asombrosas. Empezamos este viaje desde la naturaleza, y debemos seguir centr\u00e1ndonos en sus recursos. Lo que necesitamos ya est\u00e1 dentro de nosotros: los pilares de nuestra estrategia de sostenibilidad son los elementos naturales del aire, el agua, la tierra y el sol. Para que puedan encontrar nuevas fuerzas.&nbsp;<\/p>\n\n\n\n<p class=\"has-text-align-center\">Esto es lo que vamos a hacer:&nbsp;<\/p>\n<\/div>\n\n\n\n<div class=\"wp-block-media-text alignfull is-stacked-on-mobile mb-0 mt-0 has-beige-background-color has-background\" style=\"grid-template-columns:55% auto\"><figure class=\"wp-block-media-text__media\"><img loading=\"lazy\" decoding=\"async\" src=\"https:\/\/mutti-parma.com\/app\/uploads\/2021\/08\/4-nature-1-3-1024x853.jpg\" alt=\"\" class=\"wp-image-6901 size-full\" sizes=\"(max-width: 600px) 100vw, (min-width: 1440px) 792px,55vw\" data-spai-crop=\"false\" \/><\/figure><div class=\"wp-block-media-text__content\">\n<h2 class=\"wp-block-heading has-primary-color has-text-color\"><strong><strong>Agua<\/strong>&nbsp;<\/strong><\/h2>\n\n\n\n<p class=\"is-style-cursive has-primary-color has-text-color\">Promovemos la restauraci\u00f3n medioambiental de los ecosistemas&nbsp;<\/p>\n\n\n\n<p class=\"has-black-color has-text-color\">A trav\u00e9s de proyectos de regeneraci\u00f3n natural de los cursos de agua que atraviesan las tierras que nos rodean.&nbsp;<\/p>\n<\/div><\/div>\n\n\n\n<div class=\"wp-block-media-text alignfull has-media-on-the-right is-stacked-on-mobile is-style-default mb-0 mt-0 has-beige-background-color has-background\" style=\"grid-template-columns:auto 58%\"><div class=\"wp-block-media-text__content\">\n<h2 class=\"wp-block-heading has-primary-color has-text-color\"><strong><strong>Tierra<\/strong>&nbsp;<\/strong><\/h2>\n\n\n\n<p class=\"is-style-cursive has-primary-color has-text-color\">Enriquecemos, todos juntos, lo que nos sostiene&nbsp;<\/p>\n\n\n\n<p>Con pr\u00e1cticas de cultivo capaces de enriquecer la sustancia org\u00e1nica del suelo, y con proyectos que reconstruyen los h\u00e1bitats naturales y la biodiversidad.&nbsp;<\/p>\n<\/div><figure class=\"wp-block-media-text__media\"><img loading=\"lazy\" decoding=\"async\" src=\"https:\/\/mutti-parma.com\/app\/uploads\/2021\/08\/4-nature-2-3-1024x853.jpg\" alt=\"\" class=\"wp-image-6902 size-full\" sizes=\"(max-width: 600px) 100vw, (min-width: 1440px) 835px,58vw\" data-spai-crop=\"false\" \/><\/figure><\/div>\n\n\n\n<div class=\"wp-block-media-text alignfull is-stacked-on-mobile mb-0 mt-0 is-style-default has-beige-background-color has-background\" style=\"grid-template-columns:57% auto\"><figure class=\"wp-block-media-text__media\"><img loading=\"lazy\" decoding=\"async\" src=\"https:\/\/mutti-parma.com\/app\/uploads\/2021\/08\/4-nature-3-2-1024x853.jpg\" alt=\"\" class=\"wp-image-6897 size-full\" sizes=\"(max-width: 600px) 100vw, (min-width: 1440px) 821px,57vw\" data-spai-crop=\"false\" \/><\/figure><div class=\"wp-block-media-text__content\">\n<h2 class=\"wp-block-heading has-primary-color has-text-color\"><strong><strong><strong>Aire<\/strong>&nbsp;<\/strong><\/strong><\/h2>\n\n\n\n<p class=\"is-style-cursive has-primary-color has-text-color\"><em><em><em>Buscamos un nuevo aliento&nbsp;<\/em><\/em><\/em><\/p>\n\n\n\n<p>Gracias a t\u00e9cnicas de cultivo capaces de reducir las emisiones contaminantes de la agricultura y con un transporte m\u00e1s sostenible.&nbsp;<\/p>\n<\/div><\/div>\n\n\n\n<div class=\"wp-block-media-text alignfull has-media-on-the-right is-stacked-on-mobile is-style-default mb-0 mt-0 has-beige-background-color has-background\" style=\"grid-template-columns:auto 55%\"><div class=\"wp-block-media-text__content\">\n<h2 class=\"wp-block-heading has-primary-color has-text-color\"><strong><strong><strong>Sol<\/strong>&nbsp;<\/strong><\/strong><\/h2>\n\n\n\n<p class=\"is-style-cursive has-primary-color has-text-color\"><em><em><em>Encontramos una nueva energ\u00eda con la que crecer&nbsp;<\/em><\/em><\/em><\/p>\n\n\n\n<p>Con fuentes renovables, garantizando la plena sostenibilidad de nuestra necesidad energ\u00e9tica y evitando cualquier conflicto con la producci\u00f3n de alimentos.&nbsp;<\/p>\n<\/div><figure class=\"wp-block-media-text__media\"><img loading=\"lazy\" decoding=\"async\" src=\"https:\/\/mutti-parma.com\/app\/uploads\/2021\/08\/4-nature-4-2-1024x853.jpg\" alt=\"\" class=\"wp-image-6898 size-full\" sizes=\"(max-width: 600px) 100vw, (min-width: 1440px) 792px,55vw\" data-spai-crop=\"false\" \/><\/figure><\/div>\n\n\n\n<div class=\"wp-block-group alignfull mb-0 mt-0 has-beige-background-color has-background is-layout-flow wp-block-group-is-layout-flow\">\n<p class=\"has-text-align-center\">En estas cuatro \u00e1reas est\u00e1n los objetivos que nos comprometemos a perseguir y que supervisaremos a lo largo del tiempo, compartiendo con ustedes todos los resultados. Siguiendo la tradici\u00f3n de Mutti, nuestro compromiso se concretar\u00e1 en cosas sencillas pero eficaces: es la Tierra la que nos lo pide, y usted con la Tierra.&nbsp;<\/p>\n\n\n\n<p class=\"has-text-align-center is-style-cursive has-primary-color has-text-color\">Qu\u00e9dese a nuestro lado.&nbsp;<\/p>\n<\/div>\n\n\n\n<figure class=\"wp-block-image alignfull size-full mb-0 mt-0\"><img loading=\"lazy\" decoding=\"async\" src=\"https:\/\/mutti-parma.com\/app\/uploads\/2021\/08\/5-background-desktop.jpg\" alt=\"\" class=\"wp-image-6780\" \/><\/figure>\n\n\n","protected":false},"excerpt":{"rendered":"<p>En Mutti conocemos la importancia de la Tierra: requiere compromiso, sensibilidad y visi\u00f3n a largo plazo para poner en sus mesas una calidad insuperable, todos los d\u00edas. Un instinto natural que, con el tiempo, hemos convertido en un seguimiento preciso y entregado, para comprender mejor y mejorar el impacto que tenemos en los recursos que<\/p>\n","protected":false},"author":1,"featured_media":0,"parent":0,"menu_order":3,"comment_status":"closed","ping_status":"closed","template":"","meta":{"_acf_changed":false,"_relevanssi_hide_post":"","_relevanssi_hide_content":"","_relevanssi_pin_for_all":"","_relevanssi_pin_keywords":"","_relevanssi_unpin_keywords":"","_relevanssi_related_keywords":"","_relevanssi_related_include_ids":"","_relevanssi_related_exclude_ids":"","_relevanssi_related_no_append":"","_relevanssi_related_not_related":"","_relevanssi_related_posts":"","_relevanssi_noindex_reason":"","footnotes":""},"class_list":["post-37","page","type-page","status-publish","hentry"],"acf":[],"_links":{"self":[{"href":"https:\/\/mutti-parma.com\/es\/wp-json\/wp\/v2\/pages\/37","targetHints":{"allow":["GET"]}}],"collection":[{"href":"https:\/\/mutti-parma.com\/es\/wp-json\/wp\/v2\/pages"}],"about":[{"href":"https:\/\/mutti-parma.com\/es\/wp-json\/wp\/v2\/types\/page"}],"author":[{"embeddable":true,"href":"https:\/\/mutti-parma.com\/es\/wp-json\/wp\/v2\/users\/1"}],"replies":[{"embeddable":true,"href":"https:\/\/mutti-parma.com\/es\/wp-json\/wp\/v2\/comments?post=37"}],"version-history":[{"count":10,"href":"https:\/\/mutti-parma.com\/es\/wp-json\/wp\/v2\/pages\/37\/revisions"}],"predecessor-version":[{"id":583,"href":"https:\/\/mutti-parma.com\/es\/wp-json\/wp\/v2\/pages\/37\/revisions\/583"}],"wp:attachment":[{"href":"https:\/\/mutti-parma.com\/es\/wp-json\/wp\/v2\/media?parent=37"}],"curies":[{"name":"wp","href":"https:\/\/api.w.org\/{rel}","templated":true}]}}