{"id":439,"date":"2024-05-30T12:51:02","date_gmt":"2024-05-30T12:51:02","guid":{"rendered":"https:\/\/mutti-parma.com\/es\/?page_id=439"},"modified":"2024-05-30T12:51:03","modified_gmt":"2024-05-30T12:51:03","slug":"practica-el-upcycling-con-mutti","status":"publish","type":"page","link":"https:\/\/mutti-parma.com\/es\/practica-el-upcycling-con-mutti\/","title":{"rendered":"Practica el upcycling con Mutti"},"content":{"rendered":"\n<div class=\"wp-block-cover alignfull is-style-full-height\" style=\"margin-top:0;margin-bottom:0;min-height:736px;aspect-ratio:unset;\" data-hide-on=\"tablet desktop\"><span aria-hidden=\"true\" class=\"wp-block-cover__background has-background-dim-0 has-background-dim\"><\/span><img loading=\"lazy\" decoding=\"async\" class=\"wp-block-cover__image-background wp-image-9040\" alt=\"\" src=\"https:\/\/mutti-parma.com\/app\/uploads\/2023\/07\/1-hero-mobile.jpg\" data-object-fit=\"cover\" \/><div class=\"wp-block-cover__inner-container is-layout-flow wp-block-cover-is-layout-flow\">\n<h1 class=\"wp-block-heading has-text-align-center is-style-cursive has-xxl-heading-font-size\">Crea arte<\/h1>\n\n\n\n<h2 class=\"wp-block-heading is-style-default\" style=\"text-transform:none\">Practica el upcycling con Mutti<\/h2>\n\n\n\n<p class=\"has-text-align-center\">Te presentamos nuestra secci\u00f3n \u00abCrea arte\u00bb, donde exploramos las posibilidades ilimitadas que brinda el <em>upcycling <\/em>de los productos de Mutti. Creemos que la sostenibilidad es una forma de vida, y \u00bfqu\u00e9 mejor manera de reciclar que dar una nueva vida a nuestros queridos productos?<\/p>\n\n\n\n<p class=\"has-text-align-center\">Aqu\u00ed descubrir\u00e1s un sinf\u00edn de ideas ingeniosas y proyectos artesanales para transformar nuestros envases en objetos funcionales y est\u00e9ticamente atractivos. Desde una estilosa decoraci\u00f3n para el hogar hasta pr\u00e1cticas soluciones de almacenamiento: nuestras creaciones de bricolaje aprovechan la belleza y durabilidad de los envases Mutti para mejorar los espacios de tu vida.<\/p>\n\n\n\n<div class=\"wp-block-buttons is-content-justification-center is-layout-flex wp-container-core-buttons-is-layout-16018d1d wp-block-buttons-is-layout-flex\">\n<div class=\"wp-block-button\"><a class=\"wp-block-button__link wp-element-button\" href=\"#listing\">DESCUBRE LOS PROYECTOS<\/a><\/div>\n<\/div>\n<\/div><\/div>\n\n\n\n<div class=\"wp-block-cover alignfull is-style-full-height\" style=\"margin-top:0;margin-bottom:0;min-height:736px;aspect-ratio:unset;\" data-hide-on=\"mobile\"><span aria-hidden=\"true\" class=\"wp-block-cover__background has-background-dim-0 has-background-dim\"><\/span><img loading=\"lazy\" decoding=\"async\" class=\"wp-block-cover__image-background wp-image-9039\" alt=\"\" src=\"https:\/\/mutti-parma.com\/app\/uploads\/2023\/07\/1-hero-desktop.jpg\" data-object-fit=\"cover\" \/><div class=\"wp-block-cover__inner-container is-layout-flow wp-block-cover-is-layout-flow\">\n<h1 class=\"wp-block-heading has-text-align-center is-style-cursive has-xxl-heading-font-size\">Crea arte<\/h1>\n\n\n\n<h2 class=\"wp-block-heading\" style=\"text-transform:none\">Practica el upcycling con Mutti<\/h2>\n\n\n\n<p class=\"has-text-align-center\">Te presentamos nuestra secci\u00f3n \u00abCrea arte\u00bb, donde exploramos las posibilidades ilimitadas que brinda el <em>upcycling <\/em>de los productos de Mutti. Creemos que la sostenibilidad es una forma de vida, y \u00bfqu\u00e9 mejor manera de reciclar que dar una nueva vida a nuestros queridos productos?<\/p>\n\n\n\n<p class=\"has-text-align-center\">Aqu\u00ed descubrir\u00e1s un sinf\u00edn de ideas ingeniosas y proyectos artesanales para transformar nuestros envases en objetos funcionales y est\u00e9ticamente atractivos. Desde una estilosa decoraci\u00f3n para el hogar hasta pr\u00e1cticas soluciones de almacenamiento: nuestras creaciones de bricolaje aprovechan la belleza y durabilidad de los envases Mutti para mejorar los espacios de tu vida.<\/p>\n\n\n\n<div class=\"wp-block-buttons is-content-justification-center is-layout-flex wp-container-core-buttons-is-layout-16018d1d wp-block-buttons-is-layout-flex\">\n<div class=\"wp-block-button\"><a class=\"wp-block-button__link wp-element-button\" href=\"#listing\">DESCUBRE LOS PROYECTOS<\/a><\/div>\n<\/div>\n<\/div><\/div>\n\n\n\n<div class=\"wp-block-group alignfull has-background is-layout-constrained wp-block-group-is-layout-constrained\" style=\"background-color:#f0e9d7\"><div class=\"facetwp-facet facetwp-facet-project_category facetwp-type-radio\" data-name=\"project_category\" data-type=\"radio\"><\/div>\n<\/div>\n\n\n<div\n  class=\"acf-content-listing is-style-filtered alignwide\"\n   id=\"listing\" >\n  <div class=\"facetwp-template\">\n    <div class=\"flex -mx-6 -mt-5 md:-mt-6 flex-wrap\">\n               <div class=\"w-1\/1 sm:w-1\/2 md:w-1\/3 px-6 py-5 md:py-6\">\n          <div class=\"text-center\" data-vue-wrapper>\n      <a href=\"https:\/\/mutti-parma.com\/es\/project\/yoyo-passata-mutti\/\" class=\"relative block mb-4 max-w-96 mx-auto\">\n      <div class=\"responsive-embed \" style=\"padding-bottom: 108.79765395894%;\">\n        <img decoding=\"async\" width=\"1024\" height=\"1024\" src=\"https:\/\/mutti-parma.com\/app\/uploads\/sites\/34\/2024\/03\/ww-socialped-2021-08-doartyourself-04-1024x1024-1.jpg\" class=\"inline-block wp-image-443\" alt=\"Yoy\u00f3 Passata Mutti\" sizes=\"auto, (max-width: 600px) 72vw, 431px\" data-spai-crop=\"true\" title=\"Yoy\u00f3 Passata Mutti\" srcset=\"https:\/\/mutti-parma.com\/app\/uploads\/sites\/34\/2024\/03\/ww-socialped-2021-08-doartyourself-04-1024x1024-1.jpg 1024w, https:\/\/mutti-parma.com\/app\/uploads\/sites\/34\/2024\/03\/ww-socialped-2021-08-doartyourself-04-1024x1024-1-500x500.jpg 500w, https:\/\/mutti-parma.com\/app\/uploads\/sites\/34\/2024\/03\/ww-socialped-2021-08-doartyourself-04-1024x1024-1-200x200.jpg 200w, https:\/\/mutti-parma.com\/app\/uploads\/sites\/34\/2024\/03\/ww-socialped-2021-08-doartyourself-04-1024x1024-1-768x768.jpg 768w, https:\/\/mutti-parma.com\/app\/uploads\/sites\/34\/2024\/03\/ww-socialped-2021-08-doartyourself-04-1024x1024-1-150x150.jpg 150w, https:\/\/mutti-parma.com\/app\/uploads\/sites\/34\/2024\/03\/ww-socialped-2021-08-doartyourself-04-1024x1024-1-600x600.jpg 600w, https:\/\/mutti-parma.com\/app\/uploads\/sites\/34\/2024\/03\/ww-socialped-2021-08-doartyourself-04-1024x1024-1-50x50.jpg 50w\" loading=\"lazy\" \/>\n      <\/div>\n    <\/a>\n  \n  <a class=\"block mb-4\" href=\"https:\/\/mutti-parma.com\/es\/project\/yoyo-passata-mutti\/\">\n    <h3>Yoy\u00f3 Passata Mutti<\/h3>\n  <\/a>\n\n  <rate-post\n    namespace=\"mutti\/v1\"\n    :votes=\"4\"\n    :post-id=\"442\"\n  ><\/rate-post>\n<\/div>\n        <\/div>\n               <div class=\"w-1\/1 sm:w-1\/2 md:w-1\/3 px-6 py-5 md:py-6\">\n          <div class=\"text-center\" data-vue-wrapper>\n      <a href=\"https:\/\/mutti-parma.com\/es\/project\/maceta-mutti-para-plantas-suculentas\/\" class=\"relative block mb-4 max-w-96 mx-auto\">\n      <div class=\"responsive-embed \" style=\"padding-bottom: 108.79765395894%;\">\n        <img decoding=\"async\" width=\"1024\" height=\"1024\" src=\"https:\/\/mutti-parma.com\/app\/uploads\/sites\/34\/2024\/03\/ww-socialped-2021-09-doartyourself-01-fb-ig-1024x1024-1.jpg\" class=\"inline-block wp-image-446\" alt=\"Maceta Mutti para plantas suculentas\" sizes=\"auto, (max-width: 600px) 72vw, 431px\" data-spai-crop=\"true\" title=\"Maceta Mutti para plantas suculentas\" srcset=\"https:\/\/mutti-parma.com\/app\/uploads\/sites\/34\/2024\/03\/ww-socialped-2021-09-doartyourself-01-fb-ig-1024x1024-1.jpg 1024w, https:\/\/mutti-parma.com\/app\/uploads\/sites\/34\/2024\/03\/ww-socialped-2021-09-doartyourself-01-fb-ig-1024x1024-1-500x500.jpg 500w, https:\/\/mutti-parma.com\/app\/uploads\/sites\/34\/2024\/03\/ww-socialped-2021-09-doartyourself-01-fb-ig-1024x1024-1-200x200.jpg 200w, https:\/\/mutti-parma.com\/app\/uploads\/sites\/34\/2024\/03\/ww-socialped-2021-09-doartyourself-01-fb-ig-1024x1024-1-768x768.jpg 768w, https:\/\/mutti-parma.com\/app\/uploads\/sites\/34\/2024\/03\/ww-socialped-2021-09-doartyourself-01-fb-ig-1024x1024-1-150x150.jpg 150w, https:\/\/mutti-parma.com\/app\/uploads\/sites\/34\/2024\/03\/ww-socialped-2021-09-doartyourself-01-fb-ig-1024x1024-1-600x600.jpg 600w, https:\/\/mutti-parma.com\/app\/uploads\/sites\/34\/2024\/03\/ww-socialped-2021-09-doartyourself-01-fb-ig-1024x1024-1-50x50.jpg 50w\" loading=\"lazy\" \/>\n      <\/div>\n    <\/a>\n  \n  <a class=\"block mb-4\" href=\"https:\/\/mutti-parma.com\/es\/project\/maceta-mutti-para-plantas-suculentas\/\">\n    <h3>Maceta Mutti para plantas suculentas<\/h3>\n  <\/a>\n\n  <rate-post\n    namespace=\"mutti\/v1\"\n    :votes=\"4\"\n    :post-id=\"445\"\n  ><\/rate-post>\n<\/div>\n        <\/div>\n               <div class=\"w-1\/1 sm:w-1\/2 md:w-1\/3 px-6 py-5 md:py-6\">\n          <div class=\"text-center\" data-vue-wrapper>\n      <a href=\"https:\/\/mutti-parma.com\/es\/project\/posavasos-hechos-con-tapas-mutti\/\" class=\"relative block mb-4 max-w-96 mx-auto\">\n      <div class=\"responsive-embed \" style=\"padding-bottom: 108.79765395894%;\">\n        <img decoding=\"async\" width=\"1024\" height=\"1024\" src=\"https:\/\/mutti-parma.com\/app\/uploads\/sites\/34\/2024\/03\/ww-socialped-2021-10-doartyourself-01-1024x1024-1.jpg\" class=\"inline-block wp-image-449\" alt=\"Posavasos hechos con tapas Mutti\" sizes=\"auto, (max-width: 600px) 72vw, 431px\" data-spai-crop=\"true\" title=\"Posavasos hechos con tapas Mutti\" srcset=\"https:\/\/mutti-parma.com\/app\/uploads\/sites\/34\/2024\/03\/ww-socialped-2021-10-doartyourself-01-1024x1024-1.jpg 1024w, https:\/\/mutti-parma.com\/app\/uploads\/sites\/34\/2024\/03\/ww-socialped-2021-10-doartyourself-01-1024x1024-1-500x500.jpg 500w, https:\/\/mutti-parma.com\/app\/uploads\/sites\/34\/2024\/03\/ww-socialped-2021-10-doartyourself-01-1024x1024-1-200x200.jpg 200w, https:\/\/mutti-parma.com\/app\/uploads\/sites\/34\/2024\/03\/ww-socialped-2021-10-doartyourself-01-1024x1024-1-768x768.jpg 768w, https:\/\/mutti-parma.com\/app\/uploads\/sites\/34\/2024\/03\/ww-socialped-2021-10-doartyourself-01-1024x1024-1-150x150.jpg 150w, https:\/\/mutti-parma.com\/app\/uploads\/sites\/34\/2024\/03\/ww-socialped-2021-10-doartyourself-01-1024x1024-1-600x600.jpg 600w, https:\/\/mutti-parma.com\/app\/uploads\/sites\/34\/2024\/03\/ww-socialped-2021-10-doartyourself-01-1024x1024-1-50x50.jpg 50w\" loading=\"lazy\" \/>\n      <\/div>\n    <\/a>\n  \n  <a class=\"block mb-4\" href=\"https:\/\/mutti-parma.com\/es\/project\/posavasos-hechos-con-tapas-mutti\/\">\n    <h3>Posavasos hechos con tapas Mutti<\/h3>\n  <\/a>\n\n  <rate-post\n    namespace=\"mutti\/v1\"\n    :votes=\"4\"\n    :post-id=\"448\"\n  ><\/rate-post>\n<\/div>\n        <\/div>\n               <div class=\"w-1\/1 sm:w-1\/2 md:w-1\/3 px-6 py-5 md:py-6\">\n          <div class=\"text-center\" data-vue-wrapper>\n      <a href=\"https:\/\/mutti-parma.com\/es\/project\/recipientes-para-la-cocina-mutti\/\" class=\"relative block mb-4 max-w-96 mx-auto\">\n      <div class=\"responsive-embed \" style=\"padding-bottom: 108.79765395894%;\">\n        <img decoding=\"async\" width=\"1024\" height=\"1024\" src=\"https:\/\/mutti-parma.com\/app\/uploads\/sites\/34\/2024\/03\/ww-socialped-2021-11-doartyourself-07-1024x1024-4.jpg\" class=\"inline-block wp-image-452\" alt=\"Recipientes para la cocina Mutti\" sizes=\"auto, (max-width: 600px) 72vw, 431px\" data-spai-crop=\"true\" title=\"Recipientes para la cocina Mutti\" srcset=\"https:\/\/mutti-parma.com\/app\/uploads\/sites\/34\/2024\/03\/ww-socialped-2021-11-doartyourself-07-1024x1024-4.jpg 1024w, https:\/\/mutti-parma.com\/app\/uploads\/sites\/34\/2024\/03\/ww-socialped-2021-11-doartyourself-07-1024x1024-4-500x500.jpg 500w, https:\/\/mutti-parma.com\/app\/uploads\/sites\/34\/2024\/03\/ww-socialped-2021-11-doartyourself-07-1024x1024-4-200x200.jpg 200w, https:\/\/mutti-parma.com\/app\/uploads\/sites\/34\/2024\/03\/ww-socialped-2021-11-doartyourself-07-1024x1024-4-768x768.jpg 768w, https:\/\/mutti-parma.com\/app\/uploads\/sites\/34\/2024\/03\/ww-socialped-2021-11-doartyourself-07-1024x1024-4-150x150.jpg 150w, https:\/\/mutti-parma.com\/app\/uploads\/sites\/34\/2024\/03\/ww-socialped-2021-11-doartyourself-07-1024x1024-4-600x600.jpg 600w, https:\/\/mutti-parma.com\/app\/uploads\/sites\/34\/2024\/03\/ww-socialped-2021-11-doartyourself-07-1024x1024-4-50x50.jpg 50w\" loading=\"lazy\" \/>\n      <\/div>\n    <\/a>\n  \n  <a class=\"block mb-4\" href=\"https:\/\/mutti-parma.com\/es\/project\/recipientes-para-la-cocina-mutti\/\">\n    <h3>Recipientes para la cocina Mutti<\/h3>\n  <\/a>\n\n  <rate-post\n    namespace=\"mutti\/v1\"\n    :votes=\"4\"\n    :post-id=\"451\"\n  ><\/rate-post>\n<\/div>\n        <\/div>\n               <div class=\"w-1\/1 sm:w-1\/2 md:w-1\/3 px-6 py-5 md:py-6\">\n          <div class=\"text-center\" data-vue-wrapper>\n      <a href=\"https:\/\/mutti-parma.com\/es\/project\/portabotellas-mutti\/\" class=\"relative block mb-4 max-w-96 mx-auto\">\n      <div class=\"responsive-embed \" style=\"padding-bottom: 108.79765395894%;\">\n        <img decoding=\"async\" width=\"539\" height=\"1024\" src=\"https:\/\/mutti-parma.com\/app\/uploads\/sites\/34\/2024\/03\/borraccia-vert-04-lr-539x1024-1.jpg\" class=\"inline-block wp-image-456\" alt=\"Portabotellas Mutti\" sizes=\"auto, (max-width: 600px) 72vw, 431px\" data-spai-crop=\"true\" title=\"Portabotellas Mutti\" srcset=\"https:\/\/mutti-parma.com\/app\/uploads\/sites\/34\/2024\/03\/borraccia-vert-04-lr-539x1024-1.jpg 539w, https:\/\/mutti-parma.com\/app\/uploads\/sites\/34\/2024\/03\/borraccia-vert-04-lr-539x1024-1-263x500.jpg 263w, https:\/\/mutti-parma.com\/app\/uploads\/sites\/34\/2024\/03\/borraccia-vert-04-lr-539x1024-1-105x200.jpg 105w, https:\/\/mutti-parma.com\/app\/uploads\/sites\/34\/2024\/03\/borraccia-vert-04-lr-539x1024-1-150x285.jpg 150w\" loading=\"lazy\" \/>\n      <\/div>\n    <\/a>\n  \n  <a class=\"block mb-4\" href=\"https:\/\/mutti-parma.com\/es\/project\/portabotellas-mutti\/\">\n    <h3>Portabotellas Mutti<\/h3>\n  <\/a>\n\n  <rate-post\n    namespace=\"mutti\/v1\"\n    :votes=\"5\"\n    :post-id=\"454\"\n  ><\/rate-post>\n<\/div>\n        <\/div>\n               <div class=\"w-1\/1 sm:w-1\/2 md:w-1\/3 px-6 py-5 md:py-6\">\n          <div class=\"text-center\" data-vue-wrapper>\n      <a href=\"https:\/\/mutti-parma.com\/es\/project\/juego-de-memoria-mutti\/\" class=\"relative block mb-4 max-w-96 mx-auto\">\n      <div class=\"responsive-embed \" style=\"padding-bottom: 108.79765395894%;\">\n        <img decoding=\"async\" width=\"1024\" height=\"1024\" src=\"https:\/\/mutti-parma.com\/app\/uploads\/sites\/34\/2024\/03\/memory-orizzontale-06-hr-1-1024x1024-1.jpg\" class=\"inline-block wp-image-460\" alt=\"Juego de memoria Mutti\" sizes=\"auto, (max-width: 600px) 72vw, 431px\" data-spai-crop=\"true\" title=\"Juego de memoria Mutti\" srcset=\"https:\/\/mutti-parma.com\/app\/uploads\/sites\/34\/2024\/03\/memory-orizzontale-06-hr-1-1024x1024-1.jpg 1024w, https:\/\/mutti-parma.com\/app\/uploads\/sites\/34\/2024\/03\/memory-orizzontale-06-hr-1-1024x1024-1-500x500.jpg 500w, https:\/\/mutti-parma.com\/app\/uploads\/sites\/34\/2024\/03\/memory-orizzontale-06-hr-1-1024x1024-1-200x200.jpg 200w, https:\/\/mutti-parma.com\/app\/uploads\/sites\/34\/2024\/03\/memory-orizzontale-06-hr-1-1024x1024-1-768x768.jpg 768w, https:\/\/mutti-parma.com\/app\/uploads\/sites\/34\/2024\/03\/memory-orizzontale-06-hr-1-1024x1024-1-150x150.jpg 150w, https:\/\/mutti-parma.com\/app\/uploads\/sites\/34\/2024\/03\/memory-orizzontale-06-hr-1-1024x1024-1-600x600.jpg 600w, https:\/\/mutti-parma.com\/app\/uploads\/sites\/34\/2024\/03\/memory-orizzontale-06-hr-1-1024x1024-1-50x50.jpg 50w\" loading=\"lazy\" \/>\n      <\/div>\n    <\/a>\n  \n  <a class=\"block mb-4\" href=\"https:\/\/mutti-parma.com\/es\/project\/juego-de-memoria-mutti\/\">\n    <h3>Juego de memoria Mutti<\/h3>\n  <\/a>\n\n  <rate-post\n    namespace=\"mutti\/v1\"\n    :votes=\"4\"\n    :post-id=\"458\"\n  ><\/rate-post>\n<\/div>\n        <\/div>\n               <div class=\"w-1\/1 sm:w-1\/2 md:w-1\/3 px-6 py-5 md:py-6\">\n          <div class=\"text-center\" data-vue-wrapper>\n      <a href=\"https:\/\/mutti-parma.com\/es\/project\/placas-identificativas-mutti\/\" class=\"relative block mb-4 max-w-96 mx-auto\">\n      <div class=\"responsive-embed \" style=\"padding-bottom: 108.79765395894%;\">\n        <img decoding=\"async\" width=\"1024\" height=\"1024\" src=\"https:\/\/mutti-parma.com\/app\/uploads\/sites\/34\/2024\/03\/32-1024x1024-1.jpg\" class=\"inline-block wp-image-464\" alt=\"Placas identificativas Mutti\" sizes=\"auto, (max-width: 600px) 72vw, 431px\" data-spai-crop=\"true\" title=\"Placas identificativas Mutti\" srcset=\"https:\/\/mutti-parma.com\/app\/uploads\/sites\/34\/2024\/03\/32-1024x1024-1.jpg 1024w, https:\/\/mutti-parma.com\/app\/uploads\/sites\/34\/2024\/03\/32-1024x1024-1-500x500.jpg 500w, https:\/\/mutti-parma.com\/app\/uploads\/sites\/34\/2024\/03\/32-1024x1024-1-200x200.jpg 200w, https:\/\/mutti-parma.com\/app\/uploads\/sites\/34\/2024\/03\/32-1024x1024-1-768x768.jpg 768w, https:\/\/mutti-parma.com\/app\/uploads\/sites\/34\/2024\/03\/32-1024x1024-1-150x150.jpg 150w, https:\/\/mutti-parma.com\/app\/uploads\/sites\/34\/2024\/03\/32-1024x1024-1-600x600.jpg 600w, https:\/\/mutti-parma.com\/app\/uploads\/sites\/34\/2024\/03\/32-1024x1024-1-50x50.jpg 50w\" loading=\"lazy\" \/>\n      <\/div>\n    <\/a>\n  \n  <a class=\"block mb-4\" href=\"https:\/\/mutti-parma.com\/es\/project\/placas-identificativas-mutti\/\">\n    <h3>Placas identificativas Mutti<\/h3>\n  <\/a>\n\n  <rate-post\n    namespace=\"mutti\/v1\"\n    :votes=\"5\"\n    :post-id=\"462\"\n  ><\/rate-post>\n<\/div>\n        <\/div>\n                <\/div>\n  <\/div>\n\n      <div class=\"text-center\">\n      <div class=\"facetwp-pager\"><\/div>\n    <\/div>\n  <\/div>\n","protected":false},"excerpt":{"rendered":"","protected":false},"author":1,"featured_media":0,"parent":0,"menu_order":1,"comment_status":"closed","ping_status":"closed","template":"","meta":{"_acf_changed":false,"_relevanssi_hide_post":"","_relevanssi_hide_content":"","_relevanssi_pin_for_all":"","_relevanssi_pin_keywords":"","_relevanssi_unpin_keywords":"","_relevanssi_related_keywords":"","_relevanssi_related_include_ids":"","_relevanssi_related_exclude_ids":"","_relevanssi_related_no_append":"","_relevanssi_related_not_related":"","_relevanssi_related_posts":"","_relevanssi_noindex_reason":"","footnotes":""},"class_list":["post-439","page","type-page","status-publish","hentry"],"acf":[],"_links":{"self":[{"href":"https:\/\/mutti-parma.com\/es\/wp-json\/wp\/v2\/pages\/439","targetHints":{"allow":["GET"]}}],"collection":[{"href":"https:\/\/mutti-parma.com\/es\/wp-json\/wp\/v2\/pages"}],"about":[{"href":"https:\/\/mutti-parma.com\/es\/wp-json\/wp\/v2\/types\/page"}],"author":[{"embeddable":true,"href":"https:\/\/mutti-parma.com\/es\/wp-json\/wp\/v2\/users\/1"}],"replies":[{"embeddable":true,"href":"https:\/\/mutti-parma.com\/es\/wp-json\/wp\/v2\/comments?post=439"}],"version-history":[{"count":2,"href":"https:\/\/mutti-parma.com\/es\/wp-json\/wp\/v2\/pages\/439\/revisions"}],"predecessor-version":[{"id":441,"href":"https:\/\/mutti-parma.com\/es\/wp-json\/wp\/v2\/pages\/439\/revisions\/441"}],"wp:attachment":[{"href":"https:\/\/mutti-parma.com\/es\/wp-json\/wp\/v2\/media?parent=439"}],"curies":[{"name":"wp","href":"https:\/\/api.w.org\/{rel}","templated":true}]}}