{"id":286,"date":"2023-12-18T09:13:11","date_gmt":"2023-12-18T09:13:11","guid":{"rendered":"https:\/\/mutti-parma.com\/es\/?post_type=product&#038;p=286"},"modified":"2023-12-18T15:56:07","modified_gmt":"2023-12-18T15:56:07","slug":"triplo-concentrato","status":"publish","type":"product","link":"https:\/\/mutti-parma.com\/es\/productos\/triplo-concentrato\/","title":{"rendered":"Triplo concentrato"},"content":{"rendered":"\n<div style=\"--media-width: 50\" class=\"wp-block-media-text alignwide has-media-on-the-right is-stacked-on-mobile is-style-hero has-background-image\"><img loading=\"lazy\" decoding=\"async\" class=\"wp-block-media-text__background\" alt=\"\" data-spai-crop=\"true\" src=\"https:\/\/mutti-parma.com\/app\/uploads\/sites\/3\/2019\/10\/detail-triplo-concentrato.jpg\" \/><div class=\"wp-block-media-text__content\"><div class=\"acf-breadcrumb my-4 md:my-8 text-center md:text-left\">\n  <nav>\n  <ol class=\"list-none text-md\">\n                  <li class=\"inline\">\n                      <a class=\"text-inherit\" href=\"https:\/\/mutti-parma.com\/es\/\">\n              Inicio\u00a0\n            <\/a>\n                                <span aria-hidden=\"true\">\/&nbsp;<\/span>\n                  <\/li>\n                        <li class=\"inline\">\n                      <a class=\"text-inherit\" href=\"https:\/\/mutti-parma.com\/es\/productos\/\">\n              Products\n            <\/a>\n                            <\/li>\n            <\/ol>\n<\/nav>\n<\/div>\n\n\n\n<h1 class=\"wp-block-heading has-primary-color has-text-color\">Triplo concentrato<\/h1>\n\n\n\n<p class=\"is-style-cursive has-xxl-font-size\">Pasta de tomate<\/p>\n\n\n\n<p>La pasta de tomate triplemente concentrada Mutti\u00ae (Triplo Concentrato) fue el primer producto introducido por la empresa Fratelli Mutti en 1899.&nbsp;&nbsp;En la actualidad, Mutti sigue produciendo una pasta de tomate rica y de sabor intenso siguiendo los est\u00e1ndares italianos, utilizando \u00fanicamente tomates 100% italianos de la m\u00e1xima calidad, no productos derivados de otros procesos de transformaci\u00f3n del tomate.&nbsp;&nbsp;Esta pasta de tomate triplemente concentrada es rica e intensa. Se necesitan m\u00e1s de 3&nbsp;Kg de tomates frescos para producir 450&nbsp;g de pasta.&nbsp; En todo el mundo hay cocineros que utilizan Triplo Concentrato para dar un rico sabor a tomate a sus entrantes, aperitivos e incluso postres.<br><\/p>\n\n\n\n\n<div class=\"acf-characteristics\">\n  <div class=\"flex flex-wrap -m-2 justify-center sm:justify-between\">\n          <div class=\"m-2 w-24 text-center\">\n        <div style=\"height: 41px; width: 80px;\" class=\"mx-auto flex items-end justify-center mx-auto\">\n                      <img decoding=\"async\" width=\"217\" height=\"166\" src=\"https:\/\/mutti-parma.com\/app\/uploads\/sites\/34\/2023\/12\/icon-characteristics-texture-dense.svg\" class=\"w-full wp-image-159\" alt=\"\" style=\"max-height: 43px; max-width: 80px;\" loading=\"lazy\" \/>\n                  <\/div>\n        <p class=\"h6 text-inherit mt-3\">Textura densa<\/p>\n      <\/div>\n          <div class=\"m-2 w-24 text-center\">\n        <div style=\"height: 41px; width: 80px;\" class=\"mx-auto flex items-end justify-center mx-auto\">\n                      <img decoding=\"async\" width=\"300\" height=\"142\" src=\"https:\/\/mutti-parma.com\/app\/uploads\/sites\/3\/2019\/09\/icon-characteristics-cooking-time-reduced.svg\" class=\"w-full wp-image-300000111 attachment-full size-full\" alt=\"cooking sketch\" style=\"max-height: 43px; max-width: 80px;\" loading=\"lazy\" \/>\n                  <\/div>\n        <p class=\"h6 text-inherit mt-3\">Tambi\u00e9n adecuado para cocciones cortas<\/p>\n      <\/div>\n          <div class=\"m-2 w-24 text-center\">\n        <div style=\"height: 41px; width: 80px;\" class=\"mx-auto flex items-end justify-center mx-auto\">\n                      <img decoding=\"async\" width=\"90\" height=\"24\" src=\"https:\/\/mutti-parma.com\/app\/uploads\/sites\/3\/2021\/04\/icon-characteristics-color-bright-red-v2.svg\" class=\"w-full wp-image-300000417 attachment-full size-full\" alt=\"\" style=\"max-height: 43px; max-width: 80px;\" loading=\"lazy\" \/>\n                  <\/div>\n        <p class=\"h6 text-inherit mt-3\">Color rojo intenso<\/p>\n      <\/div>\n          <div class=\"m-2 w-24 text-center\">\n        <div style=\"height: 41px; width: 80px;\" class=\"mx-auto flex items-end justify-center mx-auto\">\n                      <img decoding=\"async\" width=\"237\" height=\"100\" src=\"https:\/\/mutti-parma.com\/app\/uploads\/sites\/3\/2019\/10\/mutti-product-icons-intensive.svg\" class=\"w-full wp-image-300000260 attachment-full size-full\" alt=\"intenso\" style=\"max-height: 43px; max-width: 80px;\" loading=\"lazy\" \/>\n                  <\/div>\n        <p class=\"h6 text-inherit mt-3\">Sabor intenso<\/p>\n      <\/div>\n      <\/div>\n<\/div>\n\n\n<div class=\"acf-product-find-store\">\n  <\/div>\n<\/div><figure class=\"wp-block-media-text__media\"><img loading=\"lazy\" decoding=\"async\" src=\"https:\/\/mutti-parma.com\/app\/uploads\/sites\/3\/2019\/09\/triplo-concentrato-pomodoro-280-hires-331x1024.png\" alt=\"triplo concentrato pomodoro\" class=\"wp-image-300000178 size-full\" sizes=\"(min-width: 1440px) 528px,37vw\" data-spai-crop=\"false\" srcset=\"https:\/\/mutti-parma.com\/app\/uploads\/sites\/3\/2019\/09\/triplo-concentrato-pomodoro-280-hires-331x1024.png 331w, https:\/\/mutti-parma.com\/app\/uploads\/sites\/3\/2019\/09\/triplo-concentrato-pomodoro-280-hires-65x200.png 65w, https:\/\/mutti-parma.com\/app\/uploads\/sites\/3\/2019\/09\/triplo-concentrato-pomodoro-280-hires-162x500.png 162w, https:\/\/mutti-parma.com\/app\/uploads\/sites\/3\/2019\/09\/triplo-concentrato-pomodoro-280-hires-768x2378.png 768w, https:\/\/mutti-parma.com\/app\/uploads\/sites\/3\/2019\/09\/triplo-concentrato-pomodoro-280-hires-150x464.png 150w, https:\/\/mutti-parma.com\/app\/uploads\/sites\/3\/2019\/09\/triplo-concentrato-pomodoro-280-hires-600x1858.png 600w, https:\/\/mutti-parma.com\/app\/uploads\/sites\/3\/2019\/09\/triplo-concentrato-pomodoro-280-hires.png 775w\" \/><\/figure><\/div>\n\n\n\n\n\n\n<div\n  class=\"acf-how-is-it-made alignwide text-center \"\n  data-vue-wrapper\n  >\n      <h2>C\u00f3mo se fabrica?<\/h2>\n  \n  <slideshow :slides-per-view=\"3\" :slides-per-view-sm=\"1\" :slides-per-view-md=\"2\" name=\"How is it made\" class=\"mb-8\">\n      <\/slideshow>\n\n      <p class=\"is-style-cursive text-5xl\">Para saber m\u00e1s sobre c\u00f3mo fabricamos nuestros productos<\/p>\n  \n      <h3>\n      <a href=\"https:\/\/mutti-parma.com\/es\/del-campo-a-la-mesa\/\" target=\"\">VISITE LA SECCI\u00d3N &#039;&#039;DEL CAMPO A LA MESA&#039;&#039;<\/a>\n    <\/h3>\n  <\/div>\n\n\n\n\n\n\n\n<hr class=\"wp-block-separator has-alpha-channel-opacity alignwide\"\/>\n\n\n<div class=\"acf-comments alignwide my-8\">\n  <div class=\"flex flex-wrap mb-4 items-center text-center sm:text-left px-0 sm:px-2 md:px-0\">\n    <h3 class=\"w-full sm:w-auto is-style-cursive text-primary my-0 leading-none\">Share and review<\/h3>\n    <div class=\"w-full sm:w-auto flex-auto mt-1 sm:ml-8\">\n          <\/div>\n\n          <div class=\"mx-auto sm:ml-0 mt-3 sm:mt-0\">\n                  <div\n  class=\"shariff\"\n  data-button-style=\"icon\"\n  data-mail-body=\"https:\/\/mutti-parma.com\/es\/productos\/triplo-concentrato\/\"\n  data-mail-subject=\"Triplo concentrato - Mutti\"\n  data-mail-url=\"mailto:\"\n  data-media-url=\"https:\/\/mutti-parma.com\/app\/uploads\/sites\/3\/2019\/09\/triplo-concentrato-pomodoro-280-hires.png\"\n  data-services=\"[&#039;facebook&#039;, &#039;twitter&#039;, &#039;whatsapp&#039;, &#039;pinterest&#039;, &#039;mail&#039;]\"\n><\/div>\n              <\/div>\n      <\/div>\n\n  <div>\n                <\/div>\n<\/div>\n\n\n\n<hr class=\"wp-block-separator has-alpha-channel-opacity alignwide\"\/>\n\n\n\n<div class=\"wp-block-cover alignwide\"><span aria-hidden=\"true\" class=\"wp-block-cover__background has-darkred-background-color has-background-dim-80 has-background-dim\"><\/span><img loading=\"lazy\" decoding=\"async\" class=\"wp-block-cover__image-background wp-image-3000003\" alt=\"\" src=\"https:\/\/mutti-parma.com\/app\/uploads\/sites\/3\/2019\/09\/tomatoes.jpg\" data-object-fit=\"cover\" srcset=\"https:\/\/mutti-parma.com\/app\/uploads\/sites\/3\/2019\/09\/tomatoes.jpg 2400w, https:\/\/mutti-parma.com\/app\/uploads\/sites\/3\/2019\/09\/tomatoes-200x145.jpg 200w, https:\/\/mutti-parma.com\/app\/uploads\/sites\/3\/2019\/09\/tomatoes-500x362.jpg 500w, https:\/\/mutti-parma.com\/app\/uploads\/sites\/3\/2019\/09\/tomatoes-768x556.jpg 768w, https:\/\/mutti-parma.com\/app\/uploads\/sites\/3\/2019\/09\/tomatoes-1024x741.jpg 1024w, https:\/\/mutti-parma.com\/app\/uploads\/sites\/3\/2019\/09\/tomatoes-150x109.jpg 150w, https:\/\/mutti-parma.com\/app\/uploads\/sites\/3\/2019\/09\/tomatoes-600x434.jpg 600w\" sizes=\"(max-width: 2400px) 100vw, 2400px\" \/><div class=\"wp-block-cover__inner-container is-layout-flow wp-block-cover-is-layout-flow\">\n<div class=\"wp-block-columns alignwide is-layout-flex wp-container-core-columns-is-layout-9d6595d7 wp-block-columns-is-layout-flex\">\n<div class=\"wp-block-column is-layout-flow wp-block-column-is-layout-flow\">\n<h2 class=\"wp-block-heading\" id=\"sostenibilidad\"><strong>Sostenibilidad<\/strong>&nbsp;<\/h2>\n\n\n\n<p class=\"is-style-cursive mb-0\">Para nosotros, sostenibilidad significa respeto por la tierra&nbsp;<\/p>\n\n\n\n<h4 class=\"wp-block-heading\">Cooperaci\u00f3n con WWF Italia&nbsp;<\/h4>\n\n\n\n<p>&nbsp;<br>Mutti ha colaborado estrechamente con WWF en Italia para ayudar a los agricultores a encontrar formas sostenibles de reducir su consumo de agua y sus emisiones de CO2. WWF Italia no solo fij\u00f3 objetivos, sino que tambi\u00e9n permiti\u00f3 a los agricultores analizar y revisar los datos para descubrir qu\u00e9 pueden hacer. Por ejemplo, la organizaci\u00f3n recomend\u00f3 el uso de sensores especiales que reconocen el contenido de humedad del suelo y proporcionan informaci\u00f3n \u00fatil para facilitar un uso eficiente del agua.&nbsp;<br><br>Mutti invirti\u00f3 en tecnolog\u00eda, formaci\u00f3n y asistencia t\u00e9cnica para agricultores y organizaciones agrarias. Incluso despu\u00e9s de que nuestro proyecto de cinco a\u00f1os llegara a su fin, seguimos tan comprometidos como siempre con minimizar nuestro impacto ambiental y mejorar cada fase de nuestra producci\u00f3n.&nbsp;<\/p>\n<\/div>\n\n\n\n<div class=\"wp-block-column is-layout-flow wp-block-column-is-layout-flow\">\n<h2 class=\"wp-block-heading has-text-align-center\">Resultados:&nbsp;<\/h2>\n\n\n\n<div class=\"wp-block-columns is-layout-flex wp-container-core-columns-is-layout-9d6595d7 wp-block-columns-is-layout-flex\">\n<div class=\"wp-block-column is-layout-flow wp-block-column-is-layout-flow\">\n<figure class=\"wp-block-image aligncenter size-large is-resized\"><img loading=\"lazy\" decoding=\"async\" src=\"https:\/\/mutti-parma.com\/app\/uploads\/sites\/3\/2019\/09\/icon-sustainable-water.svg\" alt=\"\" class=\"wp-image-30000085\" style=\"width:53px;height:91px\" \/><\/figure>\n\n\n\n<h4 class=\"wp-block-heading has-text-align-center\">+1000 millones de litros de agua ahorrados*&nbsp;<\/h4>\n\n\n\n<p class=\"has-text-align-center has-sm-font-size\">*entre 2012 y 2014 (Fuente: datos recogidos por el CMCC, WWF y el Centro Mediterr\u00e1neo del Cambio Clim\u00e1tico en Italia)&nbsp;<\/p>\n<\/div>\n\n\n\n<div class=\"wp-block-column is-layout-flow wp-block-column-is-layout-flow\">\n<figure class=\"wp-block-image aligncenter size-large is-resized\"><img loading=\"lazy\" decoding=\"async\" src=\"https:\/\/mutti-parma.com\/app\/uploads\/sites\/3\/2019\/09\/icon-sustainable-co2.svg\" alt=\"\" class=\"wp-image-30000086\" style=\"width:114px;height:88px\" \/><\/figure>\n\n\n\n<h4 class=\"wp-block-heading has-text-align-center\">+31\u202f530\u202ftoneladas de CO2 (di\u00f3xido de carbono) evitadas.<\/h4>\n\n\n\n<p class=\"has-text-align-center has-sm-font-size\">*entre 2010 y 2015 en comparaci\u00f3n con los niveles de 2009 (Fuente: datos recogidos por WWF Italia y el grupo de eficiencia energ\u00e9tica Officinae Verd)&nbsp;<\/p>\n<\/div>\n<\/div>\n<\/div>\n<\/div>\n<\/div><\/div>\n\n\n\n<p class=\"has-text-align-center is-style-cursive has-xxl-font-size\">Ahora que ya conoce nuestros productos, es hora de cocinar<\/p>\n\n\n\n\n\n\n\n\n\n\n<div class=\"acf-related-products mb-8 lg:mb-16 \" data-vue-wrapper>\n      <h3 class=\"text-center\">Otros productos de la l\u00ednea<\/h3>\n  \n      <slideshow :slides-per-view=\"3\" :navigation=\"true\" class=\"mx-8 lg:-mx-12\" name=\"Related Products\">\n              <div class=\"swiper-slide\">\n          <div class=\"text-center hover:lift-img mx-auto max-w-28\">\n      <a href=\"https:\/\/mutti-parma.com\/es\/productos\/pasta-de-tomate-doble-concentrada\/\" class=\"block\">\n            <div class=\"responsive-embed is-contain\" style=\"padding-bottom: 188.23529411765%;\"><img decoding=\"async\" width=\"775\" height=\"2400\" src=\"https:\/\/mutti-parma.com\/app\/uploads\/sites\/3\/2019\/09\/dubble-concentrato-200g-hires.png\" class=\"inline-block mt-2 wp-image-300000180\" alt=\"double concentrated tomato paste\" sizes=\"auto, 126px\" data-spai-crop=\"false\" srcset=\"https:\/\/mutti-parma.com\/app\/uploads\/sites\/3\/2019\/09\/dubble-concentrato-200g-hires.png 775w, https:\/\/mutti-parma.com\/app\/uploads\/sites\/3\/2019\/09\/dubble-concentrato-200g-hires-65x200.png 65w, https:\/\/mutti-parma.com\/app\/uploads\/sites\/3\/2019\/09\/dubble-concentrato-200g-hires-768x2378.png 768w, https:\/\/mutti-parma.com\/app\/uploads\/sites\/3\/2019\/09\/dubble-concentrato-200g-hires-331x1024.png 331w, https:\/\/mutti-parma.com\/app\/uploads\/sites\/3\/2019\/09\/dubble-concentrato-200g-hires-150x464.png 150w, https:\/\/mutti-parma.com\/app\/uploads\/sites\/3\/2019\/09\/dubble-concentrato-200g-hires-600x1858.png 600w\" loading=\"lazy\" \/><\/div>\n    <\/a>\n  \n  <a class=\"block underline mb-2 mt-2\" href=\"https:\/\/mutti-parma.com\/es\/productos\/pasta-de-tomate-doble-concentrada\/\">\n    <h3 class=\"h4\">Pasta de tomate doble concentrada<\/h3>\n  <\/a>\n\n      <a class=\"block hover:no-underline text-inherit\" href=\"https:\/\/mutti-parma.com\/es\/productos\/pasta-de-tomate-doble-concentrada\/\">\n      Pasta de tomate\n    <\/a>\n  <\/div>\n        <\/div>\n          <\/slideshow>\n  <\/div>\n\n\n","protected":false},"excerpt":{"rendered":"<p>La pasta de tomate triplemente concentrada Mutti\u00ae (Triplo Concentrato) fue el primer producto introducido por la empresa Fratelli Mutti en 1899.\u00a0\u00a0En la actualidad, Mutti sigue produciendo una pasta de tomate rica y de sabor intenso siguiendo los est\u00e1ndares italianos, utilizando \u00fanicamente tomates 100% italianos de la m\u00e1xima calidad, no productos derivados de otros procesos de transformaci\u00f3n del tomate.\u00a0\u00a0Esta pasta de tomate triplemente concentrada es rica e intensa. Se necesitan m\u00e1s de 3\u00a0Kg de tomates frescos para producir 450\u00a0g de pasta.\u00a0 En todo el mundo hay cocineros que utilizan Triplo Concentrato para dar un rico sabor a tomate a sus entrantes, aperitivos e incluso postres.<\/p>\n","protected":false},"featured_media":300000178,"comment_status":"open","ping_status":"closed","template":"","product_category":[64],"class_list":["post-286","product","type-product","status-publish","has-post-thumbnail","hentry","product_category-product-category-157"],"acf":[],"_links":{"self":[{"href":"https:\/\/mutti-parma.com\/es\/wp-json\/wp\/v2\/product\/286","targetHints":{"allow":["GET"]}}],"collection":[{"href":"https:\/\/mutti-parma.com\/es\/wp-json\/wp\/v2\/product"}],"about":[{"href":"https:\/\/mutti-parma.com\/es\/wp-json\/wp\/v2\/types\/product"}],"replies":[{"embeddable":true,"href":"https:\/\/mutti-parma.com\/es\/wp-json\/wp\/v2\/comments?post=286"}],"version-history":[{"count":9,"href":"https:\/\/mutti-parma.com\/es\/wp-json\/wp\/v2\/product\/286\/revisions"}],"predecessor-version":[{"id":359,"href":"https:\/\/mutti-parma.com\/es\/wp-json\/wp\/v2\/product\/286\/revisions\/359"}],"wp:featuredmedia":[{"embeddable":true,"href":"https:\/\/mutti-parma.com\/es\/wp-json\/wp\/v2\/media\/178"}],"wp:attachment":[{"href":"https:\/\/mutti-parma.com\/es\/wp-json\/wp\/v2\/media?parent=286"}],"wp:term":[{"taxonomy":"product_category","embeddable":true,"href":"https:\/\/mutti-parma.com\/es\/wp-json\/wp\/v2\/product_category?post=286"}],"curies":[{"name":"wp","href":"https:\/\/api.w.org\/{rel}","templated":true}]}}