{"id":293,"date":"2023-12-18T09:23:46","date_gmt":"2023-12-18T09:23:46","guid":{"rendered":"https:\/\/mutti-parma.com\/es\/?post_type=product&#038;p=293"},"modified":"2023-12-19T12:42:00","modified_gmt":"2023-12-19T12:42:00","slug":"tomates-cherry","status":"publish","type":"product","link":"https:\/\/mutti-parma.com\/es\/productos\/tomates-cherry\/","title":{"rendered":"Tomates cherry"},"content":{"rendered":"\n<div style=\"--media-width: 50\" class=\"wp-block-media-text alignwide has-media-on-the-right is-stacked-on-mobile is-style-hero has-background-image\"><img loading=\"lazy\" decoding=\"async\" class=\"wp-block-media-text__background\" alt=\"\" data-spai-crop=\"true\" src=\"https:\/\/mutti-parma.com\/app\/uploads\/sites\/3\/2019\/10\/ciliegini-edited.jpg\" \/><div class=\"wp-block-media-text__content\"><div class=\"acf-breadcrumb my-4 md:my-8 text-center md:text-left\">\n  <nav>\n  <ol class=\"list-none text-md\">\n                  <li class=\"inline\">\n                      <a class=\"text-inherit\" href=\"https:\/\/mutti-parma.com\/es\/\">\n              Inicio\u00a0\n            <\/a>\n                                <span aria-hidden=\"true\">\/&nbsp;<\/span>\n                  <\/li>\n                        <li class=\"inline\">\n                      <a class=\"text-inherit\" href=\"https:\/\/mutti-parma.com\/es\/productos\/\">\n              Products\n            <\/a>\n                            <\/li>\n            <\/ol>\n<\/nav>\n<\/div>\n\n\n\n<h1 class=\"wp-block-heading has-primary-color has-text-color\">Tomates cherry<\/h1>\n\n\n\n<p class=\"is-style-cursive has-xxl-font-size\">Especialidades<\/p>\n\n\n\n<p>Los tomates <em>cherry<\/em> Mutti complementan su comida con su sabor rico, dulce e intenso. Se cultivan en el sur de Italia, donde se recolectan y seleccionan cuidadosamente para mantener su incre\u00edble sabor y su frescura. Son perfectos para platos de pescado o para aportar sabor a tomate a sus <em>focaccias<\/em>, pastas y salsas.<\/p>\n\n\n\n\n\n\n<div class=\"acf-product-find-store\">\n  <\/div>\n<\/div><figure class=\"wp-block-media-text__media\"><img loading=\"lazy\" decoding=\"async\" src=\"https:\/\/mutti-parma.com\/app\/uploads\/sites\/3\/2019\/09\/pomodorini-ciliegini-400g-hires-677x1024.png\" alt=\"cherry tomatoes 400g\" class=\"wp-image-300000198 size-full\" sizes=\"(min-width: 1440px) 528px,37vw\" data-spai-crop=\"false\" srcset=\"https:\/\/mutti-parma.com\/app\/uploads\/sites\/3\/2019\/09\/pomodorini-ciliegini-400g-hires-677x1024.png 677w, https:\/\/mutti-parma.com\/app\/uploads\/sites\/3\/2019\/09\/pomodorini-ciliegini-400g-hires-132x200.png 132w, https:\/\/mutti-parma.com\/app\/uploads\/sites\/3\/2019\/09\/pomodorini-ciliegini-400g-hires-331x500.png 331w, https:\/\/mutti-parma.com\/app\/uploads\/sites\/3\/2019\/09\/pomodorini-ciliegini-400g-hires-768x1161.png 768w, https:\/\/mutti-parma.com\/app\/uploads\/sites\/3\/2019\/09\/pomodorini-ciliegini-400g-hires-150x227.png 150w, https:\/\/mutti-parma.com\/app\/uploads\/sites\/3\/2019\/09\/pomodorini-ciliegini-400g-hires-600x907.png 600w, https:\/\/mutti-parma.com\/app\/uploads\/sites\/3\/2019\/09\/pomodorini-ciliegini-400g-hires.png 1200w\" \/><\/figure><\/div>\n\n\n<div class=\"acf-product-nutrition-tabs alignwide\">\n  <div class=\"\">\n    <ul class=\"list-none flex justify-center sm:justify-left\">\n              <li class=\"mr-4\">\n          <a href=\"javascript: void(0)\" data-toggle=\"nutrition\" class=\"btn-outline \" data-gtm-track data-gtm-event=\"GAevent\" data-gtm-event-id=\"13\" data-gtm-category=\"recipe_information\" data-gtm-action=\"nutrition\" data-gtm-label=\"tomates_cherry\">\n            Nutrici\u00f3n\n          <\/a>\n        <\/li>\n                    <li>\n          <a href=\"#howtouse\" class=\"btn-outline \" data-gtm-track data-gtm-event=\"GAevent\" data-gtm-event-id=\"13\" data-gtm-category=\"recipe_information\" data-gtm-action=\"how_to_use\" data-gtm-label=\"tomates_cherry\">\n            C\u00f3mo utilizarlo\n          <\/a>\n        <\/li>\n      \n          <\/ul>\n  <\/div>\n\n      <div class=\"flex flex-wrap mt-8 mb-4 hidden\" id=\"nutrition\">\n      <div class=\"w-full sm:w-1\/2\">\n        <p><span style=\"font-weight: 400;\">Tomates <\/span><i><span style=\"font-weight: 400;\">cherry <\/span><\/i><span style=\"font-weight: 400;\">italianos en zumo de tomate parcialmente concentrado, obtenido a partir de frutos sanos, recolectados en el punto justo de maduraci\u00f3n y procesados con la tecnolog\u00eda m\u00e1s avanzada para garantizar los mejores est\u00e1ndares higi\u00e9nicos y la mejor calidad del producto, de acuerdo con la legislaci\u00f3n vigente relativa a los alimentos para consumo humano.<\/span><\/p>\n<p>&nbsp;<\/p>\n<p><b>Ingredientes<\/b><\/p>\n<p><span style=\"font-weight: 400;\">Tomate <\/span><i><span style=\"font-weight: 400;\">cherry<\/span><\/i><span style=\"font-weight: 400;\">, zumo de tomate.<\/span><\/p>\n\n      <\/div>\n      <div class=\"w-full mt-8 sm:mt-0 sm:w-1\/2 sm:pl-8 md:pl-16\">\n        \n          <table class=\"w-full\">\n            <thead>\n              <tr class=\"border-b\">\n                <th colspan=\"2\" class=\"py-2 text-left\">Valores nutricionales \/ 100g<\/thead>\n              <\/tr>\n            <\/thead>\n            <tbody>\n                              <tr class=\"border-b\">\n                  <th class=\"py-2 text-left font-normal\">Energ\u00eda<\/th>\n                  <td class=\"py-2 text-right\">117 kJ \/ 28 kcal<\/td>\n                <\/tr>\n                              <tr class=\"border-b\">\n                  <th class=\"py-2 text-left font-normal\">Grasa\t<\/th>\n                  <td class=\"py-2 text-right\">&lt;0,5 g<\/td>\n                <\/tr>\n                              <tr class=\"border-b\">\n                  <th class=\"py-2 text-left font-normal\">de las cuales saturadas<\/th>\n                  <td class=\"py-2 text-right\">&lt; 0,1 g<\/td>\n                <\/tr>\n                              <tr class=\"border-b\">\n                  <th class=\"py-2 text-left font-normal\">Hidratos de carbono<\/th>\n                  <td class=\"py-2 text-right\">4,4 g \/ 100 g<\/td>\n                <\/tr>\n                              <tr class=\"border-b\">\n                  <th class=\"py-2 text-left font-normal\">de los cuales az\u00facares<\/th>\n                  <td class=\"py-2 text-right\">3,4 g \/ 100 g<\/td>\n                <\/tr>\n                              <tr class=\"border-b\">\n                  <th class=\"py-2 text-left font-normal\">Prote\u00ednas<\/th>\n                  <td class=\"py-2 text-right\">1,2 g \/ 100 g<\/td>\n                <\/tr>\n                              <tr class=\"border-b\">\n                  <th class=\"py-2 text-left font-normal\">Fibra\t<\/th>\n                  <td class=\"py-2 text-right\">1,8 g \/ 100 g<\/td>\n                <\/tr>\n                              <tr class=\"border-b\">\n                  <th class=\"py-2 text-left font-normal\">Sal<\/th>\n                  <td class=\"py-2 text-right\">0,01 g \/ 100 g<\/td>\n                <\/tr>\n                          <\/tbody>\n          <\/table>\n              <\/div>\n    <\/div>\n  <\/div>\n\n\n\n\n\n\n\n\n\n\n\n<hr class=\"wp-block-separator has-alpha-channel-opacity alignwide\"\/>\n\n\n<div class=\"acf-comments alignwide my-8\">\n  <div class=\"flex flex-wrap mb-4 items-center text-center sm:text-left px-0 sm:px-2 md:px-0\">\n    <h3 class=\"w-full sm:w-auto is-style-cursive text-primary my-0 leading-none\">Share and review<\/h3>\n    <div class=\"w-full sm:w-auto flex-auto mt-1 sm:ml-8\">\n          <\/div>\n\n          <div class=\"mx-auto sm:ml-0 mt-3 sm:mt-0\">\n                  <div\n  class=\"shariff\"\n  data-button-style=\"icon\"\n  data-mail-body=\"https:\/\/mutti-parma.com\/es\/productos\/tomates-cherry\/\"\n  data-mail-subject=\"Tomates cherry - Mutti\"\n  data-mail-url=\"mailto:\"\n  data-media-url=\"https:\/\/mutti-parma.com\/app\/uploads\/sites\/3\/2019\/09\/pomodorini-ciliegini-400g-hires.png\"\n  data-services=\"[&#039;facebook&#039;, &#039;twitter&#039;, &#039;whatsapp&#039;, &#039;pinterest&#039;, &#039;mail&#039;]\"\n><\/div>\n              <\/div>\n      <\/div>\n\n  <div>\n                <\/div>\n<\/div>\n\n\n\n<hr class=\"wp-block-separator has-alpha-channel-opacity alignwide\"\/>\n\n\n\n<div class=\"wp-block-cover alignwide\"><span aria-hidden=\"true\" class=\"wp-block-cover__background has-darkred-background-color has-background-dim-80 has-background-dim\"><\/span><img loading=\"lazy\" decoding=\"async\" class=\"wp-block-cover__image-background wp-image-3000003\" alt=\"\" src=\"https:\/\/mutti-parma.com\/app\/uploads\/sites\/3\/2019\/09\/tomatoes.jpg\" data-object-fit=\"cover\" srcset=\"https:\/\/mutti-parma.com\/app\/uploads\/sites\/3\/2019\/09\/tomatoes.jpg 2400w, https:\/\/mutti-parma.com\/app\/uploads\/sites\/3\/2019\/09\/tomatoes-200x145.jpg 200w, https:\/\/mutti-parma.com\/app\/uploads\/sites\/3\/2019\/09\/tomatoes-500x362.jpg 500w, https:\/\/mutti-parma.com\/app\/uploads\/sites\/3\/2019\/09\/tomatoes-768x556.jpg 768w, https:\/\/mutti-parma.com\/app\/uploads\/sites\/3\/2019\/09\/tomatoes-1024x741.jpg 1024w, https:\/\/mutti-parma.com\/app\/uploads\/sites\/3\/2019\/09\/tomatoes-150x109.jpg 150w, https:\/\/mutti-parma.com\/app\/uploads\/sites\/3\/2019\/09\/tomatoes-600x434.jpg 600w\" sizes=\"(max-width: 2400px) 100vw, 2400px\" \/><div class=\"wp-block-cover__inner-container is-layout-flow wp-block-cover-is-layout-flow\">\n<div class=\"wp-block-columns alignwide is-layout-flex wp-container-core-columns-is-layout-9d6595d7 wp-block-columns-is-layout-flex\">\n<div class=\"wp-block-column is-layout-flow wp-block-column-is-layout-flow\">\n<h2 class=\"wp-block-heading\" id=\"sostenibilidad\"><strong>Sostenibilidad<\/strong>&nbsp;<\/h2>\n\n\n\n<p class=\"is-style-cursive mb-0\">Para nosotros, sostenibilidad significa respeto por la tierra&nbsp;<\/p>\n\n\n\n<h4 class=\"wp-block-heading\">Cooperaci\u00f3n con WWF Italia&nbsp;<\/h4>\n\n\n\n<p>&nbsp;<br>Mutti ha colaborado estrechamente con WWF en Italia para ayudar a los agricultores a encontrar formas sostenibles de reducir su consumo de agua y sus emisiones de CO2. WWF Italia no solo fij\u00f3 objetivos, sino que tambi\u00e9n permiti\u00f3 a los agricultores analizar y revisar los datos para descubrir qu\u00e9 pueden hacer. Por ejemplo, la organizaci\u00f3n recomend\u00f3 el uso de sensores especiales que reconocen el contenido de humedad del suelo y proporcionan informaci\u00f3n \u00fatil para facilitar un uso eficiente del agua.&nbsp;<br><br>Mutti invirti\u00f3 en tecnolog\u00eda, formaci\u00f3n y asistencia t\u00e9cnica para agricultores y organizaciones agrarias. Incluso despu\u00e9s de que nuestro proyecto de cinco a\u00f1os llegara a su fin, seguimos tan comprometidos como siempre con minimizar nuestro impacto ambiental y mejorar cada fase de nuestra producci\u00f3n.&nbsp;<\/p>\n<\/div>\n\n\n\n<div class=\"wp-block-column is-layout-flow wp-block-column-is-layout-flow\">\n<h2 class=\"wp-block-heading has-text-align-center\">Resultados:&nbsp;<\/h2>\n\n\n\n<div class=\"wp-block-columns is-layout-flex wp-container-core-columns-is-layout-9d6595d7 wp-block-columns-is-layout-flex\">\n<div class=\"wp-block-column is-layout-flow wp-block-column-is-layout-flow\">\n<figure class=\"wp-block-image aligncenter size-large is-resized\"><img loading=\"lazy\" decoding=\"async\" src=\"https:\/\/mutti-parma.com\/app\/uploads\/sites\/3\/2019\/09\/icon-sustainable-water.svg\" alt=\"\" class=\"wp-image-30000085\" style=\"width:53px;height:91px\" \/><\/figure>\n\n\n\n<h4 class=\"wp-block-heading has-text-align-center\">+1000 millones de litros de agua ahorrados*&nbsp;<\/h4>\n\n\n\n<p class=\"has-text-align-center has-sm-font-size\">*entre 2012 y 2014 (Fuente: datos recogidos por el CMCC, WWF y el Centro Mediterr\u00e1neo del Cambio Clim\u00e1tico en Italia)&nbsp;<\/p>\n<\/div>\n\n\n\n<div class=\"wp-block-column is-layout-flow wp-block-column-is-layout-flow\">\n<figure class=\"wp-block-image aligncenter size-large is-resized\"><img loading=\"lazy\" decoding=\"async\" src=\"https:\/\/mutti-parma.com\/app\/uploads\/sites\/3\/2019\/09\/icon-sustainable-co2.svg\" alt=\"\" class=\"wp-image-30000086\" style=\"width:114px;height:88px\" \/><\/figure>\n\n\n\n<h4 class=\"wp-block-heading has-text-align-center\">+31\u202f530\u202ftoneladas de CO2 (di\u00f3xido de carbono) evitadas.<\/h4>\n\n\n\n<p class=\"has-text-align-center has-sm-font-size\">*entre 2010 y 2015 en comparaci\u00f3n con los niveles de 2009 (Fuente: datos recogidos por WWF Italia y el grupo de eficiencia energ\u00e9tica Officinae Verd)&nbsp;<\/p>\n<\/div>\n<\/div>\n<\/div>\n<\/div>\n<\/div><\/div>\n\n\n\n<p class=\"has-text-align-center is-style-cursive has-xxl-font-size\">Ahora que ya conoce nuestros productos, es hora de cocinar<\/p>\n\n\n\n<h2 class=\"wp-block-heading has-text-align-center\" id=\"howtouse\">C\u00f3mo usarlo<\/h2>\n\n\n\n<p class=\"has-text-align-center\">Los tomates <em>cherry <\/em>se suelen utilizar tal cual. Se pueden a\u00f1adir hierbas y especias para preparar salsas o platos <em>gourmet<\/em>.<\/p>\n\n\n\n<p class=\"has-text-align-center has-primary-color has-text-color\">Ideal para: Salsas<\/p>\n\n\n\n\n\n\n","protected":false},"excerpt":{"rendered":"<p>Los tomates cherry Mutti complementan su comida con su sabor rico, dulce e intenso. Se cultivan en el sur de Italia, donde se recolectan y seleccionan cuidadosamente para mantener su incre\u00edble sabor y su frescura. Son perfectos para platos de pescado o para aportar sabor a tomate a sus focaccias, pastas y salsas.<\/p>\n","protected":false},"featured_media":300000198,"comment_status":"open","ping_status":"closed","template":"","product_category":[76],"class_list":["post-293","product","type-product","status-publish","has-post-thumbnail","hentry","product_category-product-category-230"],"acf":[],"_links":{"self":[{"href":"https:\/\/mutti-parma.com\/es\/wp-json\/wp\/v2\/product\/293","targetHints":{"allow":["GET"]}}],"collection":[{"href":"https:\/\/mutti-parma.com\/es\/wp-json\/wp\/v2\/product"}],"about":[{"href":"https:\/\/mutti-parma.com\/es\/wp-json\/wp\/v2\/types\/product"}],"replies":[{"embeddable":true,"href":"https:\/\/mutti-parma.com\/es\/wp-json\/wp\/v2\/comments?post=293"}],"version-history":[{"count":10,"href":"https:\/\/mutti-parma.com\/es\/wp-json\/wp\/v2\/product\/293\/revisions"}],"predecessor-version":[{"id":411,"href":"https:\/\/mutti-parma.com\/es\/wp-json\/wp\/v2\/product\/293\/revisions\/411"}],"wp:featuredmedia":[{"embeddable":true,"href":"https:\/\/mutti-parma.com\/es\/wp-json\/wp\/v2\/media\/198"}],"wp:attachment":[{"href":"https:\/\/mutti-parma.com\/es\/wp-json\/wp\/v2\/media?parent=293"}],"wp:term":[{"taxonomy":"product_category","embeddable":true,"href":"https:\/\/mutti-parma.com\/es\/wp-json\/wp\/v2\/product_category?post=293"}],"curies":[{"name":"wp","href":"https:\/\/api.w.org\/{rel}","templated":true}]}}