{"id":11262,"date":"2024-05-30T09:40:22","date_gmt":"2024-05-30T09:40:22","guid":{"rendered":"https:\/\/mutti-parma.com\/fi\/?page_id=11262"},"modified":"2024-05-30T09:40:23","modified_gmt":"2024-05-30T09:40:23","slug":"uusiokayta-muttin-kanssa","status":"publish","type":"page","link":"https:\/\/mutti-parma.com\/fi\/uusiokayta-muttin-kanssa\/","title":{"rendered":"Uusiok\u00e4yt\u00e4 Muttin kanssa"},"content":{"rendered":"\n<div class=\"wp-block-cover alignfull is-style-full-height\" style=\"margin-top:0;margin-bottom:0;min-height:736px;aspect-ratio:unset;\" data-hide-on=\"tablet desktop\"><span aria-hidden=\"true\" class=\"wp-block-cover__background has-background-dim-0 has-background-dim\"><\/span><img loading=\"lazy\" decoding=\"async\" class=\"wp-block-cover__image-background wp-image-9040\" alt=\"\" src=\"https:\/\/mutti-parma.com\/app\/uploads\/2023\/07\/1-hero-mobile.jpg\" data-object-fit=\"cover\" \/><div class=\"wp-block-cover__inner-container is-layout-flow wp-block-cover-is-layout-flow\">\n<h1 class=\"wp-block-heading has-text-align-center is-style-cursive has-xxl-heading-font-size\">Tee itse taidetta<\/h1>\n\n\n\n<h2 class=\"wp-block-heading is-style-default\" style=\"text-transform:none\">Uusiok\u00e4yt\u00e4 Muttin kanssa<\/h2>\n\n\n\n<p class=\"has-text-align-center\">Tervetuloa tee-se-itse-osioomme, jossa tutkimme Muttin tuotteiden rajattomia uusiok\u00e4ytt\u00f6mahdollisuuksia. Uskomme, ett\u00e4 kest\u00e4v\u00e4 kehitys on el\u00e4m\u00e4ntapa, ja mik\u00e4 olisikaan parempi tapa kierr\u00e4tt\u00e4\u00e4 kuin antaa uusi el\u00e4m\u00e4 rakkaille tuotteillemme?<\/p>\n\n\n\n<p class=\"has-text-align-center\">T\u00e4\u00e4lt\u00e4 l\u00f6yd\u00e4t aarreaitan nerokkaista ideoista ja taidokkaista projekteista, joiden avulla voit loihtia pakkauksistamme toiminnallisia ja esteettisesti miellytt\u00e4vi\u00e4 esineit\u00e4. Tyylikk\u00e4\u00e4st\u00e4 sisustuksesta k\u00e4yt\u00e4nn\u00f6llisiin s\u00e4ilytysratkaisuihin, tee-se-itse-luomuksissamme Muttin pakkausten kauneus ja kest\u00e4vyys tuovat ekstraa oleskelutiloihisi.<\/p>\n\n\n\n<div class=\"wp-block-buttons is-content-justification-center is-layout-flex wp-container-core-buttons-is-layout-16018d1d wp-block-buttons-is-layout-flex\">\n<div class=\"wp-block-button\"><a class=\"wp-block-button__link wp-element-button\" href=\"#listing\">Tutustu projekteihin<\/a><\/div>\n<\/div>\n<\/div><\/div>\n\n\n\n<div class=\"wp-block-cover alignfull is-style-full-height\" style=\"margin-top:0;margin-bottom:0;min-height:736px;aspect-ratio:unset;\" data-hide-on=\"mobile\"><span aria-hidden=\"true\" class=\"wp-block-cover__background has-background-dim-0 has-background-dim\"><\/span><img loading=\"lazy\" decoding=\"async\" class=\"wp-block-cover__image-background wp-image-9039\" alt=\"\" src=\"https:\/\/mutti-parma.com\/app\/uploads\/2023\/07\/1-hero-desktop.jpg\" data-object-fit=\"cover\" \/><div class=\"wp-block-cover__inner-container is-layout-flow wp-block-cover-is-layout-flow\">\n<h1 class=\"wp-block-heading has-text-align-center is-style-cursive has-xxl-heading-font-size\">Tee itse taidetta<\/h1>\n\n\n\n<h2 class=\"wp-block-heading\" style=\"text-transform:none\">Uusiok\u00e4yt\u00e4 Muttin kanssa<\/h2>\n\n\n\n<p class=\"has-text-align-center\">Tervetuloa tee-se-itse-osioomme, jossa tutkimme Muttin tuotteiden rajattomia uusiok\u00e4ytt\u00f6mahdollisuuksia. Uskomme, ett\u00e4 kest\u00e4v\u00e4 kehitys on el\u00e4m\u00e4ntapa, ja mik\u00e4 olisikaan parempi tapa kierr\u00e4tt\u00e4\u00e4 kuin antaa uusi el\u00e4m\u00e4 rakkaille tuotteillemme?<\/p>\n\n\n\n<p class=\"has-text-align-center\">T\u00e4\u00e4lt\u00e4 l\u00f6yd\u00e4t aarreaitan nerokkaista ideoista ja taidokkaista projekteista, joiden avulla voit loihtia pakkauksistamme toiminnallisia ja esteettisesti miellytt\u00e4vi\u00e4 esineit\u00e4. Tyylikk\u00e4\u00e4st\u00e4 sisustuksesta k\u00e4yt\u00e4nn\u00f6llisiin s\u00e4ilytysratkaisuihin, tee-se-itse-luomuksissamme Muttin pakkausten kauneus ja kest\u00e4vyys tuovat ekstraa oleskelutiloihisi.<\/p>\n\n\n\n<div class=\"wp-block-buttons is-content-justification-center is-layout-flex wp-container-core-buttons-is-layout-16018d1d wp-block-buttons-is-layout-flex\">\n<div class=\"wp-block-button\"><a class=\"wp-block-button__link wp-element-button\" href=\"#listing\">Tutustu projekteihin<\/a><\/div>\n<\/div>\n<\/div><\/div>\n\n\n\n<div class=\"wp-block-group alignfull has-background is-layout-constrained wp-block-group-is-layout-constrained\" style=\"background-color:#f0e9d7\"><div class=\"facetwp-facet facetwp-facet-project_category facetwp-type-radio\" data-name=\"project_category\" data-type=\"radio\"><\/div>\n<\/div>\n\n\n<div\n  class=\"acf-content-listing is-style-filtered alignwide\"\n   id=\"listing\" >\n  <div class=\"facetwp-template\">\n    <div class=\"flex -mx-6 -mt-5 md:-mt-6 flex-wrap\">\n               <div class=\"w-1\/1 sm:w-1\/2 md:w-1\/3 px-6 py-5 md:py-6\">\n          <div class=\"text-center\" data-vue-wrapper>\n      <a href=\"https:\/\/mutti-parma.com\/fi\/project\/jouluiset-lasimerkit\/\" class=\"relative block mb-4 max-w-96 mx-auto\">\n      <div class=\"responsive-embed \" style=\"padding-bottom: 108.79765395894%;\">\n        <img decoding=\"async\" width=\"2000\" height=\"1333\" src=\"https:\/\/mutti-parma.com\/app\/uploads\/sites\/8\/2025\/11\/segnaposto-tubetto-06.jpg\" class=\"inline-block wp-image-12975\" alt=\"Jouluiset lasimerkit\" sizes=\"auto, (max-width: 600px) 72vw, 431px\" data-spai-crop=\"true\" title=\"Jouluiset lasimerkit\" srcset=\"https:\/\/mutti-parma.com\/app\/uploads\/sites\/8\/2025\/11\/segnaposto-tubetto-06.jpg 2000w, https:\/\/mutti-parma.com\/app\/uploads\/sites\/8\/2025\/11\/segnaposto-tubetto-06-500x333.jpg 500w, https:\/\/mutti-parma.com\/app\/uploads\/sites\/8\/2025\/11\/segnaposto-tubetto-06-1024x682.jpg 1024w, https:\/\/mutti-parma.com\/app\/uploads\/sites\/8\/2025\/11\/segnaposto-tubetto-06-200x133.jpg 200w, https:\/\/mutti-parma.com\/app\/uploads\/sites\/8\/2025\/11\/segnaposto-tubetto-06-768x512.jpg 768w, https:\/\/mutti-parma.com\/app\/uploads\/sites\/8\/2025\/11\/segnaposto-tubetto-06-150x100.jpg 150w, https:\/\/mutti-parma.com\/app\/uploads\/sites\/8\/2025\/11\/segnaposto-tubetto-06-600x400.jpg 600w, https:\/\/mutti-parma.com\/app\/uploads\/sites\/8\/2025\/11\/segnaposto-tubetto-06-1536x1024.jpg 1536w\" loading=\"lazy\" \/>\n      <\/div>\n    <\/a>\n  \n  <a class=\"block mb-4\" href=\"https:\/\/mutti-parma.com\/fi\/project\/jouluiset-lasimerkit\/\">\n    <h3>Jouluiset lasimerkit<\/h3>\n  <\/a>\n\n  <rate-post\n    namespace=\"mutti\/v1\"\n    :votes=\"0\"\n    :post-id=\"12923\"\n  ><\/rate-post>\n<\/div>\n        <\/div>\n               <div class=\"w-1\/1 sm:w-1\/2 md:w-1\/3 px-6 py-5 md:py-6\">\n          <div class=\"text-center\" data-vue-wrapper>\n      <a href=\"https:\/\/mutti-parma.com\/fi\/project\/lumimaisemakupla\/\" class=\"relative block mb-4 max-w-96 mx-auto\">\n      <div class=\"responsive-embed \" style=\"padding-bottom: 108.79765395894%;\">\n        <img decoding=\"async\" width=\"2000\" height=\"1333\" src=\"https:\/\/mutti-parma.com\/app\/uploads\/sites\/8\/2025\/11\/palla-di-neve-vasetto-07.jpg\" class=\"inline-block wp-image-12966\" alt=\"Lumimaisemakupla\" sizes=\"auto, (max-width: 600px) 72vw, 431px\" data-spai-crop=\"true\" title=\"Lumimaisemakupla\" srcset=\"https:\/\/mutti-parma.com\/app\/uploads\/sites\/8\/2025\/11\/palla-di-neve-vasetto-07.jpg 2000w, https:\/\/mutti-parma.com\/app\/uploads\/sites\/8\/2025\/11\/palla-di-neve-vasetto-07-500x333.jpg 500w, https:\/\/mutti-parma.com\/app\/uploads\/sites\/8\/2025\/11\/palla-di-neve-vasetto-07-1024x682.jpg 1024w, https:\/\/mutti-parma.com\/app\/uploads\/sites\/8\/2025\/11\/palla-di-neve-vasetto-07-200x133.jpg 200w, https:\/\/mutti-parma.com\/app\/uploads\/sites\/8\/2025\/11\/palla-di-neve-vasetto-07-768x512.jpg 768w, https:\/\/mutti-parma.com\/app\/uploads\/sites\/8\/2025\/11\/palla-di-neve-vasetto-07-150x100.jpg 150w, https:\/\/mutti-parma.com\/app\/uploads\/sites\/8\/2025\/11\/palla-di-neve-vasetto-07-600x400.jpg 600w, https:\/\/mutti-parma.com\/app\/uploads\/sites\/8\/2025\/11\/palla-di-neve-vasetto-07-1536x1024.jpg 1536w\" loading=\"lazy\" \/>\n      <\/div>\n    <\/a>\n  \n  <a class=\"block mb-4\" href=\"https:\/\/mutti-parma.com\/fi\/project\/lumimaisemakupla\/\">\n    <h3>Lumimaisemakupla<\/h3>\n  <\/a>\n\n  <rate-post\n    namespace=\"mutti\/v1\"\n    :votes=\"0\"\n    :post-id=\"12926\"\n  ><\/rate-post>\n<\/div>\n        <\/div>\n               <div class=\"w-1\/1 sm:w-1\/2 md:w-1\/3 px-6 py-5 md:py-6\">\n          <div class=\"text-center\" data-vue-wrapper>\n      <a href=\"https:\/\/mutti-parma.com\/fi\/project\/joulukranssi\/\" class=\"relative block mb-4 max-w-96 mx-auto\">\n      <div class=\"responsive-embed \" style=\"padding-bottom: 108.79765395894%;\">\n        <img decoding=\"async\" width=\"2560\" height=\"1707\" src=\"https:\/\/mutti-parma.com\/app\/uploads\/sites\/8\/2025\/11\/ghirlanda-latta-06-scaled.jpg\" class=\"inline-block wp-image-12958\" alt=\"Joulukranssi\" sizes=\"auto, (max-width: 600px) 72vw, 431px\" data-spai-crop=\"true\" title=\"Joulukranssi\" srcset=\"https:\/\/mutti-parma.com\/app\/uploads\/sites\/8\/2025\/11\/ghirlanda-latta-06-scaled.jpg 2560w, https:\/\/mutti-parma.com\/app\/uploads\/sites\/8\/2025\/11\/ghirlanda-latta-06-500x333.jpg 500w, https:\/\/mutti-parma.com\/app\/uploads\/sites\/8\/2025\/11\/ghirlanda-latta-06-1024x683.jpg 1024w, https:\/\/mutti-parma.com\/app\/uploads\/sites\/8\/2025\/11\/ghirlanda-latta-06-200x133.jpg 200w, https:\/\/mutti-parma.com\/app\/uploads\/sites\/8\/2025\/11\/ghirlanda-latta-06-768x512.jpg 768w, https:\/\/mutti-parma.com\/app\/uploads\/sites\/8\/2025\/11\/ghirlanda-latta-06-150x100.jpg 150w, https:\/\/mutti-parma.com\/app\/uploads\/sites\/8\/2025\/11\/ghirlanda-latta-06-600x400.jpg 600w, https:\/\/mutti-parma.com\/app\/uploads\/sites\/8\/2025\/11\/ghirlanda-latta-06-1536x1024.jpg 1536w, https:\/\/mutti-parma.com\/app\/uploads\/sites\/8\/2025\/11\/ghirlanda-latta-06-2048x1365.jpg 2048w\" loading=\"lazy\" \/>\n      <\/div>\n    <\/a>\n  \n  <a class=\"block mb-4\" href=\"https:\/\/mutti-parma.com\/fi\/project\/joulukranssi\/\">\n    <h3>Joulukranssi<\/h3>\n  <\/a>\n\n  <rate-post\n    namespace=\"mutti\/v1\"\n    :votes=\"0\"\n    :post-id=\"12939\"\n  ><\/rate-post>\n<\/div>\n        <\/div>\n               <div class=\"w-1\/1 sm:w-1\/2 md:w-1\/3 px-6 py-5 md:py-6\">\n          <div class=\"text-center\" data-vue-wrapper>\n      <a href=\"https:\/\/mutti-parma.com\/fi\/project\/resepti-tomaattipullossa\/\" class=\"relative block mb-4 max-w-96 mx-auto\">\n      <div class=\"responsive-embed \" style=\"padding-bottom: 108.79765395894%;\">\n        <img decoding=\"async\" width=\"200\" height=\"200\" src=\"https:\/\/mutti-parma.com\/app\/uploads\/sites\/8\/2024\/12\/4-bottiglia-porta-ricetta-4-1-200x200-1.jpg\" class=\"inline-block wp-image-12083\" alt=\"Resepti Tomaattipullossa\" sizes=\"auto, (max-width: 600px) 72vw, 431px\" data-spai-crop=\"true\" title=\"Resepti Tomaattipullossa\" srcset=\"https:\/\/mutti-parma.com\/app\/uploads\/sites\/8\/2024\/12\/4-bottiglia-porta-ricetta-4-1-200x200-1.jpg 200w, https:\/\/mutti-parma.com\/app\/uploads\/sites\/8\/2024\/12\/4-bottiglia-porta-ricetta-4-1-200x200-1-150x150.jpg 150w, https:\/\/mutti-parma.com\/app\/uploads\/sites\/8\/2024\/12\/4-bottiglia-porta-ricetta-4-1-200x200-1-50x50.jpg 50w\" loading=\"lazy\" \/>\n      <\/div>\n    <\/a>\n  \n  <a class=\"block mb-4\" href=\"https:\/\/mutti-parma.com\/fi\/project\/resepti-tomaattipullossa\/\">\n    <h3>Resepti Tomaattipullossa<\/h3>\n  <\/a>\n\n  <rate-post\n    namespace=\"mutti\/v1\"\n    :votes=\"1\"\n    :post-id=\"12082\"\n  ><\/rate-post>\n<\/div>\n        <\/div>\n               <div class=\"w-1\/1 sm:w-1\/2 md:w-1\/3 px-6 py-5 md:py-6\">\n          <div class=\"text-center\" data-vue-wrapper>\n      <a href=\"https:\/\/mutti-parma.com\/fi\/project\/juhlien-koristeet\/\" class=\"relative block mb-4 max-w-96 mx-auto\">\n      <div class=\"responsive-embed \" style=\"padding-bottom: 108.79765395894%;\">\n        <img decoding=\"async\" width=\"1000\" height=\"1000\" src=\"https:\/\/mutti-parma.com\/app\/uploads\/sites\/8\/2024\/12\/5-tubetto-decorazioni-10a-1.jpg\" class=\"inline-block wp-image-12079\" alt=\"Juhlien Koristeet\" sizes=\"auto, (max-width: 600px) 72vw, 431px\" data-spai-crop=\"true\" title=\"Juhlien Koristeet\" srcset=\"https:\/\/mutti-parma.com\/app\/uploads\/sites\/8\/2024\/12\/5-tubetto-decorazioni-10a-1.jpg 1000w, https:\/\/mutti-parma.com\/app\/uploads\/sites\/8\/2024\/12\/5-tubetto-decorazioni-10a-1-500x500.jpg 500w, https:\/\/mutti-parma.com\/app\/uploads\/sites\/8\/2024\/12\/5-tubetto-decorazioni-10a-1-200x200.jpg 200w, https:\/\/mutti-parma.com\/app\/uploads\/sites\/8\/2024\/12\/5-tubetto-decorazioni-10a-1-768x768.jpg 768w, https:\/\/mutti-parma.com\/app\/uploads\/sites\/8\/2024\/12\/5-tubetto-decorazioni-10a-1-150x150.jpg 150w, https:\/\/mutti-parma.com\/app\/uploads\/sites\/8\/2024\/12\/5-tubetto-decorazioni-10a-1-600x600.jpg 600w, https:\/\/mutti-parma.com\/app\/uploads\/sites\/8\/2024\/12\/5-tubetto-decorazioni-10a-1-50x50.jpg 50w\" loading=\"lazy\" \/>\n      <\/div>\n    <\/a>\n  \n  <a class=\"block mb-4\" href=\"https:\/\/mutti-parma.com\/fi\/project\/juhlien-koristeet\/\">\n    <h3>Juhlien Koristeet<\/h3>\n  <\/a>\n\n  <rate-post\n    namespace=\"mutti\/v1\"\n    :votes=\"0\"\n    :post-id=\"12078\"\n  ><\/rate-post>\n<\/div>\n        <\/div>\n               <div class=\"w-1\/1 sm:w-1\/2 md:w-1\/3 px-6 py-5 md:py-6\">\n          <div class=\"text-center\" data-vue-wrapper>\n      <a href=\"https:\/\/mutti-parma.com\/fi\/project\/mutti-nimikyltit\/\" class=\"relative block mb-4 max-w-96 mx-auto\">\n      <div class=\"responsive-embed \" style=\"padding-bottom: 108.79765395894%;\">\n        <img decoding=\"async\" width=\"1024\" height=\"1024\" src=\"https:\/\/mutti-parma.com\/app\/uploads\/sites\/8\/2024\/03\/32-1024x1024-1.jpg\" class=\"inline-block wp-image-11293\" alt=\"Mutti-nimikyltit\" sizes=\"auto, (max-width: 600px) 72vw, 431px\" data-spai-crop=\"true\" title=\"Mutti-nimikyltit\" srcset=\"https:\/\/mutti-parma.com\/app\/uploads\/sites\/8\/2024\/03\/32-1024x1024-1.jpg 1024w, https:\/\/mutti-parma.com\/app\/uploads\/sites\/8\/2024\/03\/32-1024x1024-1-500x500.jpg 500w, https:\/\/mutti-parma.com\/app\/uploads\/sites\/8\/2024\/03\/32-1024x1024-1-200x200.jpg 200w, https:\/\/mutti-parma.com\/app\/uploads\/sites\/8\/2024\/03\/32-1024x1024-1-768x768.jpg 768w, https:\/\/mutti-parma.com\/app\/uploads\/sites\/8\/2024\/03\/32-1024x1024-1-150x150.jpg 150w, https:\/\/mutti-parma.com\/app\/uploads\/sites\/8\/2024\/03\/32-1024x1024-1-600x600.jpg 600w, https:\/\/mutti-parma.com\/app\/uploads\/sites\/8\/2024\/03\/32-1024x1024-1-50x50.jpg 50w\" loading=\"lazy\" \/>\n      <\/div>\n    <\/a>\n  \n  <a class=\"block mb-4\" href=\"https:\/\/mutti-parma.com\/fi\/project\/mutti-nimikyltit\/\">\n    <h3>Mutti-nimikyltit<\/h3>\n  <\/a>\n\n  <rate-post\n    namespace=\"mutti\/v1\"\n    :votes=\"0\"\n    :post-id=\"11292\"\n  ><\/rate-post>\n<\/div>\n        <\/div>\n               <div class=\"w-1\/1 sm:w-1\/2 md:w-1\/3 px-6 py-5 md:py-6\">\n          <div class=\"text-center\" data-vue-wrapper>\n      <a href=\"https:\/\/mutti-parma.com\/fi\/project\/mutti-muistipeli\/\" class=\"relative block mb-4 max-w-96 mx-auto\">\n      <div class=\"responsive-embed \" style=\"padding-bottom: 108.79765395894%;\">\n        <img decoding=\"async\" width=\"1024\" height=\"1024\" src=\"https:\/\/mutti-parma.com\/app\/uploads\/sites\/8\/2024\/03\/memory-orizzontale-06-hr-1-1024x1024-1.jpg\" class=\"inline-block wp-image-11288\" alt=\"Mutti-muistipeli\" sizes=\"auto, (max-width: 600px) 72vw, 431px\" data-spai-crop=\"true\" title=\"Mutti-muistipeli\" srcset=\"https:\/\/mutti-parma.com\/app\/uploads\/sites\/8\/2024\/03\/memory-orizzontale-06-hr-1-1024x1024-1.jpg 1024w, https:\/\/mutti-parma.com\/app\/uploads\/sites\/8\/2024\/03\/memory-orizzontale-06-hr-1-1024x1024-1-500x500.jpg 500w, https:\/\/mutti-parma.com\/app\/uploads\/sites\/8\/2024\/03\/memory-orizzontale-06-hr-1-1024x1024-1-200x200.jpg 200w, https:\/\/mutti-parma.com\/app\/uploads\/sites\/8\/2024\/03\/memory-orizzontale-06-hr-1-1024x1024-1-768x768.jpg 768w, https:\/\/mutti-parma.com\/app\/uploads\/sites\/8\/2024\/03\/memory-orizzontale-06-hr-1-1024x1024-1-150x150.jpg 150w, https:\/\/mutti-parma.com\/app\/uploads\/sites\/8\/2024\/03\/memory-orizzontale-06-hr-1-1024x1024-1-600x600.jpg 600w, https:\/\/mutti-parma.com\/app\/uploads\/sites\/8\/2024\/03\/memory-orizzontale-06-hr-1-1024x1024-1-50x50.jpg 50w\" loading=\"lazy\" \/>\n      <\/div>\n    <\/a>\n  \n  <a class=\"block mb-4\" href=\"https:\/\/mutti-parma.com\/fi\/project\/mutti-muistipeli\/\">\n    <h3>Mutti-muistipeli<\/h3>\n  <\/a>\n\n  <rate-post\n    namespace=\"mutti\/v1\"\n    :votes=\"1\"\n    :post-id=\"11287\"\n  ><\/rate-post>\n<\/div>\n        <\/div>\n               <div class=\"w-1\/1 sm:w-1\/2 md:w-1\/3 px-6 py-5 md:py-6\">\n          <div class=\"text-center\" data-vue-wrapper>\n      <a href=\"https:\/\/mutti-parma.com\/fi\/project\/mutti-juomapullopidike\/\" class=\"relative block mb-4 max-w-96 mx-auto\">\n      <div class=\"responsive-embed \" style=\"padding-bottom: 108.79765395894%;\">\n        <img decoding=\"async\" width=\"539\" height=\"1024\" src=\"https:\/\/mutti-parma.com\/app\/uploads\/sites\/8\/2024\/03\/borraccia-vert-04-lr-539x1024-1.jpg\" class=\"inline-block wp-image-11283\" alt=\"Mutti-juomapullopidike\" sizes=\"auto, (max-width: 600px) 72vw, 431px\" data-spai-crop=\"true\" title=\"Mutti-juomapullopidike\" srcset=\"https:\/\/mutti-parma.com\/app\/uploads\/sites\/8\/2024\/03\/borraccia-vert-04-lr-539x1024-1.jpg 539w, https:\/\/mutti-parma.com\/app\/uploads\/sites\/8\/2024\/03\/borraccia-vert-04-lr-539x1024-1-263x500.jpg 263w, https:\/\/mutti-parma.com\/app\/uploads\/sites\/8\/2024\/03\/borraccia-vert-04-lr-539x1024-1-105x200.jpg 105w, https:\/\/mutti-parma.com\/app\/uploads\/sites\/8\/2024\/03\/borraccia-vert-04-lr-539x1024-1-150x285.jpg 150w\" loading=\"lazy\" \/>\n      <\/div>\n    <\/a>\n  \n  <a class=\"block mb-4\" href=\"https:\/\/mutti-parma.com\/fi\/project\/mutti-juomapullopidike\/\">\n    <h3>Mutti-juomapullopidike<\/h3>\n  <\/a>\n\n  <rate-post\n    namespace=\"mutti\/v1\"\n    :votes=\"0\"\n    :post-id=\"11282\"\n  ><\/rate-post>\n<\/div>\n        <\/div>\n               <div class=\"w-1\/1 sm:w-1\/2 md:w-1\/3 px-6 py-5 md:py-6\">\n          <div class=\"text-center\" data-vue-wrapper>\n      <a href=\"https:\/\/mutti-parma.com\/fi\/project\/mutti-keittiotuki\/\" class=\"relative block mb-4 max-w-96 mx-auto\">\n      <div class=\"responsive-embed \" style=\"padding-bottom: 108.79765395894%;\">\n        <img decoding=\"async\" width=\"1024\" height=\"1024\" src=\"https:\/\/mutti-parma.com\/app\/uploads\/sites\/8\/2024\/03\/ww-socialped-2021-11-doartyourself-07-1024x1024-1.jpg\" class=\"inline-block wp-image-11280\" alt=\"Mutti-keitti\u00f6tuki\" sizes=\"auto, (max-width: 600px) 72vw, 431px\" data-spai-crop=\"true\" title=\"Mutti-keitti\u00f6tuki\" srcset=\"https:\/\/mutti-parma.com\/app\/uploads\/sites\/8\/2024\/03\/ww-socialped-2021-11-doartyourself-07-1024x1024-1.jpg 1024w, https:\/\/mutti-parma.com\/app\/uploads\/sites\/8\/2024\/03\/ww-socialped-2021-11-doartyourself-07-1024x1024-1-500x500.jpg 500w, https:\/\/mutti-parma.com\/app\/uploads\/sites\/8\/2024\/03\/ww-socialped-2021-11-doartyourself-07-1024x1024-1-200x200.jpg 200w, https:\/\/mutti-parma.com\/app\/uploads\/sites\/8\/2024\/03\/ww-socialped-2021-11-doartyourself-07-1024x1024-1-768x768.jpg 768w, https:\/\/mutti-parma.com\/app\/uploads\/sites\/8\/2024\/03\/ww-socialped-2021-11-doartyourself-07-1024x1024-1-150x150.jpg 150w, https:\/\/mutti-parma.com\/app\/uploads\/sites\/8\/2024\/03\/ww-socialped-2021-11-doartyourself-07-1024x1024-1-600x600.jpg 600w, https:\/\/mutti-parma.com\/app\/uploads\/sites\/8\/2024\/03\/ww-socialped-2021-11-doartyourself-07-1024x1024-1-50x50.jpg 50w\" loading=\"lazy\" \/>\n      <\/div>\n    <\/a>\n  \n  <a class=\"block mb-4\" href=\"https:\/\/mutti-parma.com\/fi\/project\/mutti-keittiotuki\/\">\n    <h3>Mutti-keitti\u00f6tuki<\/h3>\n  <\/a>\n\n  <rate-post\n    namespace=\"mutti\/v1\"\n    :votes=\"0\"\n    :post-id=\"11278\"\n  ><\/rate-post>\n<\/div>\n        <\/div>\n                <\/div>\n  <\/div>\n\n      <div class=\"text-center\">\n      <div class=\"facetwp-pager\"><\/div>\n    <\/div>\n  <\/div>\n","protected":false},"excerpt":{"rendered":"","protected":false},"author":1,"featured_media":0,"parent":0,"menu_order":9,"comment_status":"closed","ping_status":"closed","template":"","meta":{"_acf_changed":false,"_relevanssi_hide_post":"","_relevanssi_hide_content":"","_relevanssi_pin_for_all":"","_relevanssi_pin_keywords":"","_relevanssi_unpin_keywords":"","_relevanssi_related_keywords":"","_relevanssi_related_include_ids":"","_relevanssi_related_exclude_ids":"","_relevanssi_related_no_append":"","_relevanssi_related_not_related":"","_relevanssi_related_posts":"","_relevanssi_noindex_reason":"","footnotes":""},"class_list":["post-11262","page","type-page","status-publish","hentry"],"acf":[],"_links":{"self":[{"href":"https:\/\/mutti-parma.com\/fi\/wp-json\/wp\/v2\/pages\/11262","targetHints":{"allow":["GET"]}}],"collection":[{"href":"https:\/\/mutti-parma.com\/fi\/wp-json\/wp\/v2\/pages"}],"about":[{"href":"https:\/\/mutti-parma.com\/fi\/wp-json\/wp\/v2\/types\/page"}],"author":[{"embeddable":true,"href":"https:\/\/mutti-parma.com\/fi\/wp-json\/wp\/v2\/users\/1"}],"replies":[{"embeddable":true,"href":"https:\/\/mutti-parma.com\/fi\/wp-json\/wp\/v2\/comments?post=11262"}],"version-history":[{"count":2,"href":"https:\/\/mutti-parma.com\/fi\/wp-json\/wp\/v2\/pages\/11262\/revisions"}],"predecessor-version":[{"id":11264,"href":"https:\/\/mutti-parma.com\/fi\/wp-json\/wp\/v2\/pages\/11262\/revisions\/11264"}],"wp:attachment":[{"href":"https:\/\/mutti-parma.com\/fi\/wp-json\/wp\/v2\/media?parent=11262"}],"curies":[{"name":"wp","href":"https:\/\/api.w.org\/{rel}","templated":true}]}}