{"id":11417,"date":"2024-04-26T09:45:34","date_gmt":"2024-04-26T09:45:34","guid":{"rendered":"https:\/\/mutti-parma.com\/fi\/?page_id=11417"},"modified":"2024-08-06T13:07:47","modified_gmt":"2024-08-06T13:07:47","slug":"muttin-ketsuppi-ja-grillikesakilpailu-arvonta","status":"publish","type":"page","link":"https:\/\/mutti-parma.com\/fi\/muttin-ketsuppi-ja-grillikesakilpailu-arvonta\/","title":{"rendered":"Muttin ketsuppi- ja grillikes\u00e4kilpailu, arvonta"},"content":{"rendered":"\n<div class=\"wp-block-cover alignfull\"><span aria-hidden=\"true\" class=\"wp-block-cover__background has-darkred-background-color has-background-dim-90 has-background-dim\"><\/span><div class=\"wp-block-cover__inner-container is-layout-flow wp-block-cover-is-layout-flow\"><div class=\"acf-breadcrumb my-4 md:my-8 text-center\">\n  <nav>\n  <ol class=\"list-none text-md\">\n                  <li class=\"inline\">\n                      <a class=\"text-inherit\" href=\"https:\/\/mutti-parma.com\/fi\/\">\n              Italialaiset tomaatit\n            <\/a>\n                            <\/li>\n            <\/ol>\n<\/nav>\n<\/div>\n\n\n\n<h1 class=\"wp-block-heading has-text-align-center\">Muttin ketsuppi- ja grillikes\u00e4kilpailu, arvonta <\/h1>\n\n\n\n<h1 class=\"wp-block-heading has-text-align-center\">Kilpailun ehdot ja s\u00e4\u00e4nn\u00f6t<\/h1>\n<\/div><\/div>\n\n\n\n<p><strong>OSALLISTUMISEN EHDOT<\/strong><\/p>\n\n\n\n<p>Lue n\u00e4m\u00e4 ohjeet huolellisesti ennen kokkauskilpailuun osallistumista.<\/p>\n\n\n\n<p><strong>&nbsp;<\/strong>J\u00e4rjest\u00e4j\u00e4n Mutti S.p.A (kuten m\u00e4\u00e4ritelty alla) kilpailu (\u201ckilpailu\u201d) alkaa 1.5.2024 kello 00.01 ja p\u00e4\u00e4ttyy 30.5.2024 kello 23.59. Kaikki n\u00e4iss\u00e4 virallisissa s\u00e4\u00e4nn\u00f6iss\u00e4 mainitut kellonajat ovat Keski-Euroopan aikaa (\u201dCentral European Time, CET\u201d).<\/p>\n\n\n\n<p>Lue n\u00e4m\u00e4 ohjeet huolellisesti ennen kuin ilmoittaudut kilpailuun.<\/p>\n\n\n\n<p><strong>1.<\/strong> \u201cJ\u00e4rjest\u00e4j\u00e4n\u201d Mutti S.p.A:n, kuten j\u00e4ljemp\u00e4n\u00e4 m\u00e4\u00e4ritell\u00e4\u00e4n, \u201cKetsuppi- ja grillikes\u00e4kilpailu\u201d (&#8220;Kilpailu&#8221;) alkaa klo 00:01 01\/05\/24&nbsp; ja p\u00e4\u00e4ttyy klo 23:59 30\/05\/24. N\u00e4iss\u00e4 virallisissa s\u00e4\u00e4nn\u00f6iss\u00e4 kaikki kellonajat ovat Keski-Euroopan aikaa (&#8220;CET&#8221;).<\/p>\n\n\n\n<p><strong>2. Osallistumisoikeus: <\/strong>Kilpailu on avoin Suomen asukkaille, jotka ovat t\u00e4ytt\u00e4neet kahdeksantoista (18) vuotta, ja siihen voivat osallistua kaikki paitsi J\u00e4rjest\u00e4j\u00e4, tyt\u00e4ryhti\u00f6t sek\u00e4 niiden ty\u00f6ntekij\u00e4t, johtajat, toimihenkil\u00f6t, osakkeenomistajat, toimeksiantajat, edustajat ja konsultit (yhdess\u00e4 &#8220;J\u00e4rjest\u00e4j\u00e4n yhteisty\u00f6kumppanit&#8221;) sek\u00e4 J\u00e4rjest\u00e4j\u00e4n yhteisty\u00f6kumppanin l\u00e4himm\u00e4t perheet ja heid\u00e4n kotitalouksissaan asuvat henkil\u00f6t. Kilpailu j\u00e4rjestet\u00e4\u00e4n kaikkien sovellettavien kilpailulakien mukaisesti.<\/p>\n\n\n\n<p>Osallistumalla kilpailuun osallistujat vapauttavat J\u00e4rjest\u00e4j\u00e4n ja J\u00e4rjest\u00e4j\u00e4n yhteisty\u00f6kumppanit kaikesta vastuusta, joka koskee mink\u00e4\u00e4nlaisia vammoja, menetyksi\u00e4, kuolemantapauksia tai vahingonkorvauksia, jotka johtuvat osallistumisesta Kilpailuun tai Kilpailun yhteydess\u00e4 annettujen palkintojen vastaanottamisesta, hallussapidosta, k\u00e4yt\u00f6st\u00e4 tai v\u00e4\u00e4rink\u00e4yt\u00f6st\u00e4.<\/p>\n\n\n\n<p><strong>3. S\u00e4\u00e4nt\u00f6jen hyv\u00e4ksyminen: <\/strong>Osallistumalla kilpailuun osallistujat sitoutuvat noudattamaan n\u00e4it\u00e4 virallisia s\u00e4\u00e4nt\u00f6j\u00e4 t\u00e4ysim\u00e4\u00e4r\u00e4isesti ja ehdoitta. Osallistujat vakuuttavat ja takaavat, ett\u00e4 he t\u00e4ytt\u00e4v\u00e4t t\u00e4ss\u00e4 esitetyt kelpoisuusvaatimukset. Lis\u00e4ksi osallistujat suostuvat hyv\u00e4ksym\u00e4\u00e4n j\u00e4rjest\u00e4j\u00e4n p\u00e4\u00e4t\u00f6kset lopullisina ja sitovina kilpailua koskevissa asioissa.<\/p>\n\n\n\n<p><strong>4. Osallistuminen\/Kilpailu: <\/strong>Ketsuppi- ja grillikes\u00e4kilpailussa etsit\u00e4\u00e4n Suomen parasta ulkogrilliresepti\u00e4. Kiinnostuneet voivat osallistua kilpailuun l\u00e4hett\u00e4m\u00e4ll\u00e4 parhaan (nelj\u00e4n hengen) grillireseptins\u00e4, lisukkeensa tai marinadinsa jossa on k\u00e4ytetty yht\u00e4 tai molempia Muttin ketsuppeja (Original Ketchup, Datterini Ketchup). Yksi henkil\u00f6 voi l\u00e4hett\u00e4\u00e4 kisaan vain yhden reseptin, eik\u00e4 toisen puolesta voi osallistua. Tuomarina toimiva Henri Al\u00e9n valitsee kolme parasta grilliresepti\u00e4 seuraavien kriteerien perusteella: Muttin ketsuppien k\u00e4ytt\u00e4minen reseptiss\u00e4, omaper\u00e4isyys ja yleinen houkuttelevuus.&nbsp;<\/p>\n\n\n\n<p>Kun k\u00e4rkikolmikko on valittu, Mutti ottaa finalisteihin yhteytt\u00e4 kes\u00e4kuun 2024 alussa ilmoittaakseen, ett\u00e4 finalistit etenev\u00e4t \u00e4\u00e4nestysvaiheeseen. Keitti\u00f6mestari Henri Al\u00e9n valmistaa kaikki kolme resepti\u00e4, ja t\u00e4st\u00e4 kuvataan my\u00f6s ammattimainen video. Videot julkaistaan Mutti Nordicin Instagram-sivulla (@muttinordic) kolmessa erillisess\u00e4 julkaisussa, ja \u00e4\u00e4nestys alkaa 15. kes\u00e4kuuta ja p\u00e4\u00e4ttyy 30. kes\u00e4kuuta. Yleis\u00f6\u00e4 pyydet\u00e4\u00e4n valitsemaan resepteist\u00e4 suosikkinsa kuvan ja reseptin perusteella. \u00c4\u00e4nestys tapahtuu suosikkijulkaisun alla olevaa tykk\u00e4yspainiketta painamalla. Halutessasi voit \u00e4\u00e4nest\u00e4\u00e4 useampaakin resepti\u00e4. Voittaja on se resepti, joka saa eniten tykk\u00e4yksi\u00e4. Mutti ottaa voittajaan yhteytt\u00e4 hein\u00e4kuun alussa.<\/p>\n\n\n\n<p>Voittajan palkintona on kahden hengen kolmen y\u00f6n matka Italian Parmaan. Palkinto sis\u00e4lt\u00e4\u00e4 majoituksen, lennot ja auton vuokrauksen. T\u00e4m\u00e4n lis\u00e4ksi arvomme \u00e4\u00e4nest\u00e4jien joukosta kolme henkil\u00f6\u00e4, jotka saavat Muttin ketsuppi-tuotelahjat. My\u00f6s kaikkien voittajasuosikkiaan \u00e4\u00e4nest\u00e4neiden joukosta arvotaan kolme henkil\u00f6\u00e4, jotka vastaanottavat Muttin tuotelahjapaketin.<\/p>\n\n\n\n<p>Kilpailuun voivat osallistua vain henkil\u00f6t, joiden vakituinen asuinpaikka on Suomessa. Vain osallistujat, jotka ovat toimittaneet kaikki vaaditut tiedot (koko nimi, s\u00e4hk\u00f6postiosoite, postinumero ja resepti), otetaan huomioon. Jos palkintoa ei voida luovuttaa voittajat saavat vastaavan korvaavan palkinnon. Palkinnot esitell\u00e4\u00e4n yksityiskohtaisesti kohdassa 7.<\/p>\n\n\n\n<p><strong>5. Miten osallistua: <\/strong>Osallistujat voivat osallistua kilpailuun sy\u00f6tt\u00e4m\u00e4ll\u00e4 parhaimman grillireseptins\u00e4, koko nimens\u00e4 ja voimassa olevan s\u00e4hk\u00f6postiosoitteensa \u201cKetsuppi- ja grillikes\u00e4kilpailu\u201d -sivuston sivulle, joka sijaitsee osoitteessa <a rel=\"noreferrer noopener\" href=\"https:\/\/mutti-parma.com\/fi\/?p=11341\" target=\"_blank\">https:\/\/mutti-parma.com\/fi\/<strong>ketsuppi-grillikesa<\/strong>\/<\/a>. Osallistumisen on t\u00e4ytett\u00e4v\u00e4 kaikki palkinnon arvontaan liittyv\u00e4t vaatimukset, kuten on m\u00e4\u00e4ritelty, jotta osallistuja voi voittaa &#8220;palkinnon&#8221;. Ilmoittautumiset, jotka eiv\u00e4t ole t\u00e4ydellisi\u00e4 tai jotka eiv\u00e4t noudata virallisia s\u00e4\u00e4nt\u00f6j\u00e4, hyl\u00e4t\u00e4\u00e4n J\u00e4rjest\u00e4j\u00e4n oman harkinnan mukaan. Osallistujat eiv\u00e4t saa osallistua yht\u00e4 kertaa useammin k\u00e4ytt\u00e4m\u00e4ll\u00e4 useita s\u00e4hk\u00f6postiosoitteita, henkil\u00f6llisyyksi\u00e4 tai laitteita yritt\u00e4ess\u00e4\u00e4n kiert\u00e4\u00e4 virallisia s\u00e4\u00e4nt\u00f6j\u00e4. Vilpillisten menetelmien k\u00e4ytt\u00f6 tai muu yritys kiert\u00e4\u00e4 virallisia s\u00e4\u00e4nt\u00f6j\u00e4 johtaa v\u00e4litt\u00f6m\u00e4\u00e4n poistamiseen arvonnasta ja osallistumiskelvottomuuteen j\u00e4rjest\u00e4j\u00e4n yksinomaisen harkinnan mukaan.<\/p>\n\n\n\n<p>Kaikkien osallistumisten on oltava perill\u00e4 30.05.24 menness\u00e4. J\u00e4rjest\u00e4j\u00e4 ei ole vastuussa my\u00f6h\u00e4styneist\u00e4 tai ep\u00e4onnistuneista osallistumisyrityksist\u00e4. J\u00e4rjest\u00e4j\u00e4 pid\u00e4tt\u00e4\u00e4 oikeuden p\u00e4\u00e4tt\u00e4\u00e4 oman harkintansa mukaan, mitk\u00e4 osallistujat ovat t\u00e4ytt\u00e4neet osallistumisvaatimukset.<\/p>\n\n\n\n<p><strong>OSALLISTUMISKELPOISTEN OSALLISTUJIEN ON L\u00c4HETETT\u00c4V\u00c4 OSALLISTUMISENSA N\u00c4IDEN VIRALLISTEN S\u00c4\u00c4NT\u00d6JEN MUKAISESTI. MUITA L\u00c4HETYSTAPOJA EI HYV\u00c4KSYT\u00c4.<\/strong><\/p>\n\n\n\n<p><strong>6. Voittajan ilmoittaminen ja julkistaminen: <\/strong>Mutti ilmoittaa grillikilpailun voittajan nimen hein\u00e4kuun 2024 alussa. Voittajan nimi ja resepti julkaistaan Muttin verkkosivuilla kilpailun p\u00e4\u00e4tytty\u00e4.<\/p>\n\n\n\n<p>Voittajalle ilmoitetaan voitosta s\u00e4hk\u00f6postitse Muttin toimesta. <\/p>\n\n\n\n<p>Tuotepalkintoja voittaneille ilmoitetaan henkil\u00f6kohtaisesti Instagramissa.<\/p>\n\n\n\n<p><strong>7. Palkinto: <\/strong><strong><\/strong><\/p>\n\n\n\n<p>Voittaja voittaa matkan Parmaan, Italiaan kahdelle hengelle kolmeksi y\u00f6ksi sis\u00e4lt\u00e4en majoituksen, edestakaiset turistilennot Bolognaan tai Milanoon (voittaja valitsee p\u00e4iv\u00e4m\u00e4\u00e4r\u00e4t, mutta rajoitettu j\u00e4ljemp\u00e4n\u00e4 olevan kohdan 8 mukaisesti), autonvuokrauksen 25 vuotta t\u00e4ytt\u00e4neelle kuljettajalle, jolla on ajokortti.<\/p>\n\n\n\n<p>Palkintojen yksityiskohdista p\u00e4\u00e4tt\u00e4\u00e4 yksin j\u00e4rjest\u00e4j\u00e4. Muut palkintojen vaihdot eiv\u00e4t ole sallittuja, paitsi j\u00e4rjest\u00e4j\u00e4n harkinnan mukaan. Palkintoja ei voi siirt\u00e4\u00e4.<\/p>\n\n\n\n<p>Matkan tarkempien yksityiskohtien sopiminen sek\u00e4 matka-ajan koordinointi ja matkan varaaminen voittajan kanssa tapahtuu palkintojenjakotilaisuuden j\u00e4lkeen.<\/p>\n\n\n\n<p>T\u00e4m\u00e4n lis\u00e4ksi finalisteja Instagramissa \u00e4\u00e4nest\u00e4vien henkil\u00f6iden keskuudesta arvotaan kolme voittajaa, jotka tulevat saamaan Muttin ketsuppi-tuotelahjan. <\/p>\n\n\n\n<p><strong>8. Erityiset matkaolosuhteet: <\/strong>Parman matkan voittaja yhdistet\u00e4\u00e4n Muttin matkanj\u00e4rjest\u00e4j\u00e4kumppaniin Millepiedi Viaggiin, jonka kanssa h\u00e4n voi j\u00e4rjest\u00e4\u00e4 matkan. <\/p>\n\n\n\n<p>&#8211; Palkintoon sis\u00e4ltyv\u00e4t edestakaiset turistiluokan lennot, kaikki lentoverot ja lis\u00e4maksut sek\u00e4 yksi kirjattava matkatavara henkil\u00f6\u00e4 kohden. L\u00e4ht\u00f6lentokentt\u00e4n\u00e4 k\u00e4ytet\u00e4\u00e4n saatavuuden mukaan voittajan l\u00e4hint\u00e4 kansainv\u00e4list\u00e4 lentokentt\u00e4\u00e4, jolta on suoria lentoja Italiaan. Huomaa, ett\u00e4 t\u00e4m\u00e4 ei v\u00e4ltt\u00e4m\u00e4tt\u00e4 ole l\u00e4hin lentoasemasi. Jos sinulla ei ole Suomen passia, saatat tarvita viisumin t\u00e4h\u00e4n kohteeseen, ja siit\u00e4 on sovittava asianomaisen suurl\u00e4hetyst\u00f6n kanssa. Huomaa tosin, ett\u00e4 t\u00e4llaisen viisumin hinta ei sis\u00e4lly palkintoosi.<\/p>\n\n\n\n<p>&#8211; Palkintosi sis\u00e4lt\u00e4\u00e4 autonvuokrauksen. Kuljettajan on oltava yli 25-vuotias, ja h\u00e4nell\u00e4 on oltava v\u00e4hint\u00e4\u00e4n 2 vuotta voimassa oleva ajokortti. Hintaan sis\u00e4ltyy rajoittamaton kilometrim\u00e4\u00e4r\u00e4, kolarivahinkovakuutus, varkaussuoja, paikalliset verot ja lentokentt\u00e4maksut. Kuljettajan on annettava autovuokraamolle henkil\u00f6kohtainen luottokortti, jolla on 500 \u20ac &#8211; 1 000 \u20ac katetta (vaihtelee yhti\u00f6st\u00e4 riippuen) takuumaksua varten, joka palautetaan kortillesi, kun ajoneuvo on palautettu turvallisesti.<\/p>\n\n\n\n<p>&#8211; Majoitut 4*-hotellissa kahden hengen huoneessa, jossa on oma kylpyhuone, aamiaisella. Palkintosi ei sis\u00e4ll\u00e4 varoja matkailumaksun maksamiseen (5&#8211;10 \u20ac\/y\u00f6), joka on maksettava paikallisesti hotellille uloskirjautumisen yhteydess\u00e4.<\/p>\n\n\n\n<p>&#8211; Palkinnon voittajan on lunastettava ja varattava palkinto 12 kuukauden kuluessa siit\u00e4, kun olemme ottaneet yhteytt\u00e4 h\u00e4neen.<\/p>\n\n\n\n<p>J\u00e4rjest\u00e4j\u00e4 p\u00e4\u00e4tt\u00e4\u00e4 yksin palkinnon yksityiskohdista, mukaan lukien lennot ja majoitus. Palkintoa ei saa korvata mill\u00e4\u00e4n muulla kuin j\u00e4rjest\u00e4j\u00e4n harkinnan mukaan. Palkintoa ei voi siirt\u00e4\u00e4. Palkinnon voittaja vastaa yksin kaikista muista kuluista. J\u00e4rjest\u00e4j\u00e4 ei anna mit\u00e4\u00e4n nimenomaisia tai ep\u00e4suoria takuita palkinnon kunnosta, sopivuudesta tai myyntikelpoisuudesta. Palkinnon voittaja vastaa mahdollisista veroista.<\/p>\n\n\n\n<p>Palkinnon vastaanottaminen merkitsee j\u00e4rjest\u00e4j\u00e4lle lupaa k\u00e4ytt\u00e4\u00e4 voittajan nime\u00e4 ja kuvaa mainos-, kauppa- ja myynninedist\u00e4mistarkoituksiin ilman erillist\u00e4 ilmoitusta, lupaa tai korvausta kaikissa nykyisin tunnetuissa tai my\u00f6hemmin kehitett\u00e4viss\u00e4 tiedotusv\u00e4lineiss\u00e4.<\/p>\n\n\n\n<p>Matkavakuutus ei sis\u00e4lly palkintoon. Voittajia kehotetaan ottamaan oma vakuutus.<\/p>\n\n\n\n<p><strong>9. Oikeudet materiaalien k\u00e4ytt\u00e4miseen: <\/strong><strong><\/strong><\/p>\n\n\n\n<p>Kukin Osallistuja hyv\u00e4ksyy ja tunnustaa, ett\u00e4 osallistuminen kilpailuun, mukaan lukien Osallistujan p\u00e4\u00e4t\u00f6s toimittaa kilpailuresepti J\u00e4rjest\u00e4j\u00e4lle kilpailua varten, ei aiheuta mit\u00e4\u00e4n luottamuksellista, implisiittist\u00e4 tai muuta erityist\u00e4 suhdetta J\u00e4rjest\u00e4j\u00e4n ja Osallistujan v\u00e4lille, ja ett\u00e4 ainoat J\u00e4rjest\u00e4j\u00e4n ja Osallistujan v\u00e4liset sopimukset, nimenomaiset tai ep\u00e4suorat, ovat n\u00e4iss\u00e4 virallisissa s\u00e4\u00e4nn\u00f6iss\u00e4 ja luovutuslomakkeissa esitetyt.<\/p>\n\n\n\n<p>Osallistumalla kilpailuun kukin Osallistuja antaa t\u00e4ten j\u00e4rjest\u00e4j\u00e4lle (Mutti SpA ja Mutti Nordics) luvan k\u00e4ytt\u00e4\u00e4 Osallistujan nime\u00e4 ja kuvaa mainontaan, PR-toimintaan, kaupank\u00e4yntiin ja tuotteiden, palveluiden, kampanjoiden ja tapahtumakutsujen edist\u00e4miseen ilman erillist\u00e4 ilmoitusta, lupaa tai korvausta kaikissa nykyisin tunnetuissa tai my\u00f6hemmin kehitett\u00e4viss\u00e4 tiedotusv\u00e4lineiss\u00e4 (s\u00e4hk\u00f6postit, sosiaalinen media, chatbotit jne.) kaikkialla maailmassa. Kukin osallistuja voi kuitenkin milloin tahansa peruuttaa antamansa suostumuksen t\u00e4llaiseen mainontaan, kaupank\u00e4yntiin ja myynninedist\u00e4miseen.<\/p>\n\n\n\n<p>Osallistujat my\u00f6nt\u00e4v\u00e4t Mutti S.p.A:lle oikeuden rajoituksetta k\u00e4ytt\u00e4\u00e4 l\u00e4hetettyj\u00e4 reseptej\u00e4 ja kuvia ruoanlaittokilpailun yhteydess\u00e4 sek\u00e4 my\u00f6hemmin, erityisesti j\u00e4ljent\u00e4\u00e4, julkaista ja levitt\u00e4\u00e4 niit\u00e4 verkko- ja painetuissa tiedotusv\u00e4lineiss\u00e4 sek\u00e4 yhteisiss\u00e4 sosiaalisen median kanavissa PR-tarkoituksiin. Osallistujien henkil\u00f6tietoja k\u00e4sitell\u00e4\u00e4n luottamuksellisesti.<\/p>\n\n\n\n<p><strong>10. Ehdot: <\/strong>J\u00e4rjest\u00e4j\u00e4 pid\u00e4tt\u00e4\u00e4 oikeuden oman harkintansa mukaan peruuttaa, p\u00e4\u00e4tt\u00e4\u00e4, muuttaa tai keskeytt\u00e4\u00e4 kilpailun, jos (oman harkintansa mukaan) virus, virheet, ihmisen luvaton puuttuminen, petos tai muut syyt, jotka eiv\u00e4t ole j\u00e4rjest\u00e4j\u00e4n hallinnassa, vahingoittavat tai vaikuttavat kilpailun hallintoon, turvallisuuteen, oikeudenmukaisuuteen tai asianmukaiseen kulkuun. J\u00e4rjest\u00e4j\u00e4 pid\u00e4tt\u00e4\u00e4 oikeuden oman harkintansa mukaan hyl\u00e4t\u00e4 kaikki Osallistujat, jotka h\u00e4iritsev\u00e4t tai yritt\u00e4v\u00e4t h\u00e4irit\u00e4 osallistumisprosessia, Mutti-sivuston toimintaa ja\/tai rikkovat n\u00e4it\u00e4 virallisia s\u00e4\u00e4nt\u00f6j\u00e4. J\u00e4rjest\u00e4j\u00e4ll\u00e4 on oikeus oman harkintansa mukaan kilpailun eheyden s\u00e4ilytt\u00e4miseksi mit\u00e4t\u00f6id\u00e4 osallistumiset mist\u00e4 tahansa syyst\u00e4, mukaan lukien, mutta ei rajoittuen: bottien, makrojen tai skriptien tai muiden teknisten keinojen k\u00e4ytt\u00f6 kilpailuun osallistumiseksi.<\/p>\n\n\n\n<p>J\u00e4rjest\u00e4j\u00e4ll\u00e4 on oikeus oman harkintansa mukaan kilpailun eheyden s\u00e4ilytt\u00e4miseksi mit\u00e4t\u00f6id\u00e4 osallistumiset mist\u00e4 tahansa syyst\u00e4, mukaan lukien, mutta ei rajoittuen: saman k\u00e4ytt\u00e4j\u00e4n useat osallistumiset eri IP-osoitteista saman p\u00e4iv\u00e4n aikana, useat osallistumiset samalta tietokoneelta yli kilpailun s\u00e4\u00e4nt\u00f6jen salliman m\u00e4\u00e4r\u00e4n, tai bottien, makrojen tai skriptien tai muiden teknisten keinojen k\u00e4ytt\u00f6 kilpailuun osallistumiseksi.<\/p>\n\n\n\n<p><strong>KAIKKI YRITYKSET VAHINGOITTAA TARKOITUKSELLISESTI MUTTI-SIVUSTOA TAI HEIKENT\u00c4\u00c4 ARVONNAN LAILLISTA TOIMINTAA VOIVAT OLLA RIKOS- JA SIVIILILAKIEN VASTAISIA, JA JOS T\u00c4LLAINEN YRITYS TEHD\u00c4\u00c4N, J\u00c4RJEST\u00c4J\u00c4 PID\u00c4TT\u00c4\u00c4 ITSELL\u00c4\u00c4N OIKEUDEN HAKEA KAIKKIA MAHDOLLISIA OIKEUSSUOJAKEINOJA T\u00c4LLAISELTA HENKIL\u00d6LT\u00c4 LAIN SALLIMISSA RAJOISSA, MUKAAN LUKIEN RIKOSOIKEUDELLINEN SYYTTEESEENPANO. <\/strong><\/p>\n\n\n\n<p><strong>11. Vahingonkorvaus ja vastuun rajoittaminen: <\/strong>Osallistumalla kilpailuun osallistuja sitoutuu vapauttamaan j\u00e4rjest\u00e4j\u00e4n ja j\u00e4rjest\u00e4j\u00e4n yhteisty\u00f6kumppanit kaikesta vastuusta, loukkaantumisesta, kuolemasta, menetyksest\u00e4, oikeudenk\u00e4ynnist\u00e4, vaateesta tai vahingosta, joka kohdistuu henkil\u00f6ihin tai omaisuuteen, kokonaan tai osittain, suoraan tai ep\u00e4suorasti, ja joka aiheutuu tai liittyy<\/p>\n\n\n\n<p>(i) Osallistujan osallistuminen kilpailuun ja\/tai palkinnon tai sen osan vastaanottaminen, hallussapito, k\u00e4ytt\u00f6 tai v\u00e4\u00e4rink\u00e4ytt\u00f6,<\/p>\n\n\n\n<p>(ii) J\u00e4rjest\u00e4j\u00e4 k\u00e4ytt\u00e4\u00e4 Osallistujan nime\u00e4 ja kuvaa mainos-, kauppa- ja myynninedist\u00e4mistarkoituksiin kaikissa nyt tai my\u00f6hemmin tunnetuissa tiedotusv\u00e4lineiss\u00e4, maailmanlaajuisesti ja Internetiss\u00e4 ja ikuisesti ilman korvausta tai lis\u00e4suostumuksia Osallistujalta tai kolmannelta osapuolelta ja ilman ennakkoilmoitusta, hyv\u00e4ksynt\u00e4\u00e4 tai tarkastusta, ja antaa pyydett\u00e4ess\u00e4 erityisen suostumuksen t\u00e4llaiseen k\u00e4ytt\u00f6\u00f6n;<\/p>\n\n\n\n<p>(iii) kaikenlaiset tekniset viat, mukaan lukien mutta ei ainoastaan tietokoneen, kaapelin, verkon, laitteiston tai ohjelmiston toimintah\u00e4iri\u00f6t;<\/p>\n\n\n\n<p>(iv) mink\u00e4 tahansa l\u00e4hetyksen tai puhelin- tai Internet-palvelun toimimattomuus tai saavuttamattomuus;<\/p>\n\n\n\n<p>(v) ihmisen luvaton puuttuminen osallistumisprosessin tai palkintojen arvonnan mihin tahansa osaan;<\/p>\n\n\n\n<p>(vi) s\u00e4hk\u00f6iset tai inhimilliset virheet, joita voi tapahtua palkintojen arvonnan hallinnoinnissa tai osallistumisten k\u00e4sittelyss\u00e4.<\/p>\n\n\n\n<p><strong>12. <\/strong>Osallistuja ei saa miss\u00e4\u00e4n olosuhteissa saada korvausta rangaistusluonteisista, satunnaisista, esimerkillisist\u00e4, ep\u00e4suorista, erityisist\u00e4 tai v\u00e4lillisist\u00e4 vahingoista tai muista vahingoista, riippumatta siit\u00e4, ovatko ne ennakoitavissa vai eiv\u00e4t ja perustuvatko ne huolimattomuuteen tai muuhun, mukaan lukien oikeudenk\u00e4yntikulut, ja osallistuja luopuu t\u00e4ten kaikista oikeuksistaan vaatia niit\u00e4. Riidat: T\u00e4m\u00e4 kilpailu on Suomen lakien alainen. Osallistuminen t\u00e4h\u00e4n arvontaan edellytt\u00e4\u00e4, ett\u00e4 Osallistuja hyv\u00e4ksyy, ett\u00e4 kaikki riidat, joita ei voida ratkaista osapuolten kesken, ja kaikki t\u00e4h\u00e4n kilpailuun liittyv\u00e4t tai siit\u00e4 johtuvat kanteet ratkaistaan yksil\u00f6llisesti ilman ryhm\u00e4kanteita.<\/p>\n\n\n\n<p><strong>13.&nbsp; <\/strong>Huomaa, ett\u00e4 Facebook, Instagram ja muut alustat, joilla t\u00e4t\u00e4 kilpailua mahdollisesti mainostetaan, eiv\u00e4t ole vastuussa mist\u00e4\u00e4n t\u00e4m\u00e4n kampanjan osatekij\u00f6ist\u00e4 eiv\u00e4tk\u00e4 ole mill\u00e4\u00e4n tavoin sponsoroinut, tukeneet tai hallinnoineet t\u00e4t\u00e4 kampanjaa.<strong><\/strong><\/p>\n\n\n\n<p><strong>14. Tietosuojak\u00e4yt\u00e4nt\u00f6: <\/strong>&#8220;Osallistumisen&#8221; yhteydess\u00e4 toimitettuihin tietoihin sovelletaan Mutti-sivustolla, osoitteessa <a href=\"https:\/\/mutti-parma.com\/en\/privacy-policy\/\">https:\/\/mutti-parma.com\/en\/privacy-policy\/<\/a> ilmoitettua tietosuojak\u00e4yt\u00e4nt\u00f6\u00e4.<strong><\/strong><\/p>\n\n\n\n<p><strong>15. J\u00e4rjest\u00e4j\u00e4: <\/strong>Kilpailun j\u00e4rjest\u00e4j\u00e4 on Mutti Nordics, Vasagatan 17, 111 120 Tukholma, RUOTSI.<\/p>\n","protected":false},"excerpt":{"rendered":"<p>OSALLISTUMISEN EHDOT Lue n\u00e4m\u00e4 ohjeet huolellisesti ennen kokkauskilpailuun osallistumista. &nbsp;J\u00e4rjest\u00e4j\u00e4n Mutti S.p.A (kuten m\u00e4\u00e4ritelty alla) kilpailu (\u201ckilpailu\u201d) alkaa 1.5.2024 kello 00.01 ja p\u00e4\u00e4ttyy 30.5.2024 kello 23.59. Kaikki n\u00e4iss\u00e4 virallisissa s\u00e4\u00e4nn\u00f6iss\u00e4 mainitut kellonajat ovat Keski-Euroopan aikaa (\u201dCentral European Time, CET\u201d). Lue n\u00e4m\u00e4 ohjeet huolellisesti ennen kuin ilmoittaudut kilpailuun. 1. \u201cJ\u00e4rjest\u00e4j\u00e4n\u201d Mutti S.p.A:n, kuten j\u00e4ljemp\u00e4n\u00e4 m\u00e4\u00e4ritell\u00e4\u00e4n, \u201cKetsuppi-<\/p>\n","protected":false},"author":1,"featured_media":0,"parent":0,"menu_order":8,"comment_status":"closed","ping_status":"closed","template":"","meta":{"_acf_changed":false,"_relevanssi_hide_post":"","_relevanssi_hide_content":"","_relevanssi_pin_for_all":"","_relevanssi_pin_keywords":"","_relevanssi_unpin_keywords":"","_relevanssi_related_keywords":"","_relevanssi_related_include_ids":"","_relevanssi_related_exclude_ids":"","_relevanssi_related_no_append":"","_relevanssi_related_not_related":"","_relevanssi_related_posts":"","_relevanssi_noindex_reason":"","footnotes":""},"class_list":["post-11417","page","type-page","status-publish","hentry"],"acf":[],"_links":{"self":[{"href":"https:\/\/mutti-parma.com\/fi\/wp-json\/wp\/v2\/pages\/11417","targetHints":{"allow":["GET"]}}],"collection":[{"href":"https:\/\/mutti-parma.com\/fi\/wp-json\/wp\/v2\/pages"}],"about":[{"href":"https:\/\/mutti-parma.com\/fi\/wp-json\/wp\/v2\/types\/page"}],"author":[{"embeddable":true,"href":"https:\/\/mutti-parma.com\/fi\/wp-json\/wp\/v2\/users\/1"}],"replies":[{"embeddable":true,"href":"https:\/\/mutti-parma.com\/fi\/wp-json\/wp\/v2\/comments?post=11417"}],"version-history":[{"count":3,"href":"https:\/\/mutti-parma.com\/fi\/wp-json\/wp\/v2\/pages\/11417\/revisions"}],"predecessor-version":[{"id":11756,"href":"https:\/\/mutti-parma.com\/fi\/wp-json\/wp\/v2\/pages\/11417\/revisions\/11756"}],"wp:attachment":[{"href":"https:\/\/mutti-parma.com\/fi\/wp-json\/wp\/v2\/media?parent=11417"}],"curies":[{"name":"wp","href":"https:\/\/api.w.org\/{rel}","templated":true}]}}