{"id":11720,"date":"2024-08-14T07:26:11","date_gmt":"2024-08-14T07:26:11","guid":{"rendered":"https:\/\/mutti-parma.com\/fi\/?page_id=11720"},"modified":"2025-11-07T11:56:21","modified_gmt":"2025-11-07T11:56:21","slug":"food-service","status":"publish","type":"page","link":"https:\/\/mutti-parma.com\/fi\/food-service\/","title":{"rendered":"Mutti ammattilaisille"},"content":{"rendered":"\n<div class=\"wp-block-group alignwide has-beige-background-color has-background is-layout-constrained wp-block-group-is-layout-constrained\">\n<div class=\"wp-block-group alignfull is-style-ribbon is-style-ribbon-bottom is-layout-constrained wp-block-group-is-layout-constrained\" style=\"padding-top:0;padding-bottom:0\">\n<div class=\"wp-block-cover alignfull is-style-full-height\" style=\"padding-top:0rem;padding-bottom:0rem\"><img loading=\"lazy\" decoding=\"async\" class=\"wp-block-cover__image-background wp-image-20783\" alt=\"\" src=\"https:\/\/mutti-parma.com\/app\/uploads\/sites\/17\/2023\/12\/0-intro.jpg\" data-object-fit=\"cover\" \/><span aria-hidden=\"true\" class=\"wp-block-cover__background has-background-dim-0 has-background-dim\"><\/span><div class=\"wp-block-cover__inner-container is-layout-constrained wp-block-cover-is-layout-constrained\">\n<h1 class=\"wp-block-heading has-text-align-center is-style-default has-xl-heading-font-size\">Vapauta kulinaarinen erinomaisuutesi Mutti for Food service -valikoiman avulla<\/h1>\n<\/div><\/div>\n<\/div>\n\n\n\n<div class=\"wp-block-group alignwide pb-0 px-0 has-beige-background-color has-background is-layout-constrained wp-block-group-is-layout-constrained\" style=\"margin-bottom:0\">\n<h2 class=\"wp-block-heading has-text-align-center has-primary-color has-text-color\">MIT\u00c4 ME EDUSTAMME<\/h2>\n\n\n\n<p class=\"has-text-align-center\">Mutti on jo yli sadan vuoden ajan tuottanut parhaimpia italialaisia tomaatteja. Tarinamme alkoi yhden perheen omistautumisesta laadulle, ja tuo sama omistautuminen on l\u00e4sn\u00e4 t\u00e4n\u00e4kin p\u00e4iv\u00e4n\u00e4. Mutti Pomodoro on tarkan kokin ja ruokapalvelun ammattilaisten valinta joka puolella maailmaa.<\/p>\n\n\n\n<h3 class=\"wp-block-heading has-text-align-center\">LUE LIS\u00c4\u00c4 ARVOISTAMME<\/h3>\n\n\n\n<div class=\"wp-block-columns alignwide is-not-stacked-on-mobile mb-0 is-layout-flex wp-container-core-columns-is-layout-9d6595d7 wp-block-columns-is-layout-flex\" data-hide-on=\"mobile\">\n<div class=\"wp-block-column is-layout-flow wp-block-column-is-layout-flow\">\n<figure class=\"wp-block-image aligncenter size-full is-resized is-style-rounded-with-shadow\"><img loading=\"lazy\" decoding=\"async\" src=\"https:\/\/mutti-parma.com\/app\/uploads\/sites\/17\/2023\/12\/1-quality.jpg\" alt=\"\" class=\"wp-image-20786\" style=\"object-fit:cover;width:200px;height:200px\" \/><\/figure>\n\n\n\n<h3 class=\"wp-block-heading has-text-align-center has-primary-color has-text-color\">Laatu<\/h3>\n\n\n\n<p class=\"has-text-align-center\">Mutti on 4. polven perheyritys, joka on jo 120 vuoden ajan keskittynyt maksimoimaan yhden raaka-aineen &#8211; tomaatin &#8211; maun. T\u00e4m\u00e4n ainutlaatuisen omistautuneisuuden ansiosta olemme kerrytt\u00e4neet uniikkia tietoa ja osaamista siit\u00e4, miten laadukkaiden, auringon kypsytt\u00e4mien italialaisten tomaattien maku ja tuoreus saadaan s\u00e4ilytetty\u00e4 parhaiten sen matkalla pellolta ammattilaiskeitti\u00f6\u00f6n. Luo lis\u00e4\u00e4 Muttin <a href=\"https:\/\/mutti-parma.com\/fi\/kaiken-pohjana-olevat-periaatteet\/#laatu\">laadusta<\/a>.<\/p>\n<\/div>\n\n\n\n<div class=\"wp-block-column is-layout-flow wp-block-column-is-layout-flow\">\n<figure class=\"wp-block-image aligncenter size-full is-resized is-style-rounded-with-shadow\"><img loading=\"lazy\" decoding=\"async\" src=\"https:\/\/mutti-parma.com\/app\/uploads\/sites\/17\/2023\/12\/2-sustainability.jpg\" alt=\"\" class=\"wp-image-20785\" style=\"object-fit:cover;width:200px;height:200px\" \/><\/figure>\n\n\n\n<h3 class=\"wp-block-heading has-text-align-center has-primary-color has-text-color\">&nbsp;Kest\u00e4vyys<\/h3>\n\n\n\n<p class=\"has-text-align-center\">Laadukkaat tomaattituotteemme perustuvat maukkaisiin ja terveellisiin raaka-aineisiin. Siksi asetamme laadulle standardeja ymp\u00e4rist\u00f6\u00e4 unohtamatta. Olemme vuosien saatossa yhdist\u00e4neet innovaatioita ja kannustimia perinteisiin menetelmiin, jotta voimme jatkossakin rakastaa, kunnioittaa ja viljell\u00e4 maatamme. Lue lis\u00e4\u00e4 <a href=\"https:\/\/mutti-parma.com\/fi\/kaiken-pohjana-olevat-periaatteet\/#kest%C3%A4vyys\">kest\u00e4vyystoimistamme<\/a>.<\/p>\n<\/div>\n\n\n\n<div class=\"wp-block-column is-layout-flow wp-block-column-is-layout-flow\">\n<figure class=\"wp-block-image aligncenter size-full is-resized is-style-rounded-with-shadow\"><img loading=\"lazy\" decoding=\"async\" src=\"https:\/\/mutti-parma.com\/app\/uploads\/sites\/17\/2023\/12\/3-respect.jpg\" alt=\"\" class=\"wp-image-20784\" style=\"object-fit:cover;width:200px;height:200px\" \/><\/figure>\n\n\n\n<h3 class=\"wp-block-heading has-text-align-center has-primary-color has-text-color\">Kunnioitus<\/h3>\n\n\n\n<p class=\"has-text-align-center\">Laadukkaiden tomaattien tuotanto edellytt\u00e4\u00e4 kest\u00e4v\u00e4\u00e4 ja vastuullista tuotantoketjua. Niinp\u00e4 hyv\u00e4t ja kest\u00e4v\u00e4t suhteet ovat yht\u00e4 t\u00e4rkeit\u00e4 kuin raaka-aineiden laatu. Toimitusketjumme koostuu noin 700 viljelij\u00e4st\u00e4, joiden kanssa olemme tehneet yhteisty\u00f6t\u00e4 vuosien ajan. Tuemme t\u00e4t\u00e4 toimitusketjua teknologisten innovaatioiden ja taloudellisten kannustimien muodossa, jotta tuotteiden laatu olisi paras mahdollinen. Lue lis\u00e4\u00e4 siit\u00e4, miten <a href=\"https:\/\/mutti-parma.com\/fi\/kaiken-pohjana-olevat-periaatteet\/#kunnioitus\">huolehdimme ihmisist\u00e4<\/a>.<\/p>\n<\/div>\n<\/div>\n\n\n\n<div class=\"wp-block-group alignfull is-layout-constrained wp-block-group-is-layout-constrained\" data-hide-on=\"desktop tablet\"><div\n  class=\"\n    mutti-slideshow\n    \n    alignwide\n    has-multiple-slides-per-view\n  \"\n      id=\"sommes-carousel\"\n    data-vue-wrapper>\n  <slideshow\n    :pagination=\"false\"\n    :navigation=\"false\"\n    class=\"lg:-mx-8\"\n\n          :slides-per-view=\"3\"\n      :slides-per-view-md=\"3\"\n      :slides-per-view-sm=\"3\"\n                  :is-thumbnail-slider='true'\n        :options='{&quot;autoplay&quot;:false,&quot;loop&quot;:false,&quot;autoHeight&quot;:false,&quot;spaceBetween&quot;:60}'\n    :template-classes='{\"navigationGutter\":\"mx-8\",\"navigationPrevButton\":\"fa-solid fa-chevron-left text-2xl md:text-3xl text-primary\",\"navigationNextButton\":\"fa-solid fa-chevron-right text-2xl md:text-3xl text-primary\"}'\n  >\n    \n<div class=\"swiper-slide wp-block-mutti-slide\">\n    \n\n<figure class=\"wp-block-image aligncenter size-full is-style-rounded-with-shadow\"><img loading=\"lazy\" decoding=\"async\" src=\"https:\/\/mutti-parma.com\/app\/uploads\/sites\/17\/2023\/12\/1-quality.jpg\" alt=\"\" class=\"wp-image-20786\" style=\"object-fit:cover\" \/><\/figure>\n\n\n  <\/div>\n\n\n<div class=\"swiper-slide wp-block-mutti-slide\">\n    \n\n<figure class=\"wp-block-image aligncenter size-full is-style-rounded-with-shadow\"><img loading=\"lazy\" decoding=\"async\" src=\"https:\/\/mutti-parma.com\/app\/uploads\/sites\/17\/2023\/12\/2-sustainability.jpg\" alt=\"\" class=\"wp-image-20785\" style=\"object-fit:cover\" \/><\/figure>\n\n\n  <\/div>\n\n\n<div class=\"swiper-slide wp-block-mutti-slide\">\n    \n\n<figure class=\"wp-block-image aligncenter size-full is-style-rounded-with-shadow\"><img loading=\"lazy\" decoding=\"async\" src=\"https:\/\/mutti-parma.com\/app\/uploads\/sites\/17\/2023\/12\/3-respect.jpg\" alt=\"\" class=\"wp-image-20784\" style=\"object-fit:cover\" \/><\/figure>\n\n\n  <\/div>\n\n\n  <\/slideshow>\n<\/div>\n\n\n<div\n  class=\"\n    mutti-slideshow\n    \n    alignwide\n    \n  \"\n    data-vue-wrapper>\n  <slideshow\n    :pagination=\"false\"\n    :navigation=\"true\"\n    class=\"lg:-mx-8\"\n\n          :slides-per-view=\"1\"\n      :slides-per-view-md=\"1\"\n      :slides-per-view-sm=\"1\"\n              thumbs='#sommes-carousel'\n            :options='{&quot;autoplay&quot;:false,&quot;loop&quot;:false,&quot;autoHeight&quot;:true,&quot;spaceBetween&quot;:60}'\n    :template-classes='{\"navigationGutter\":\"mx-8\",\"navigationPrevButton\":\"fa-solid fa-chevron-left text-2xl md:text-3xl text-primary\",\"navigationNextButton\":\"fa-solid fa-chevron-right text-2xl md:text-3xl text-primary\"}'\n  >\n    \n<div class=\"swiper-slide wp-block-mutti-slide\">\n    \n\n<h3 class=\"wp-block-heading has-text-align-center has-primary-color has-text-color\">Laatu:<\/h3>\n\n\n\n<p class=\"has-text-align-center\">Mutti on 4. polven perheyritys, joka on jo 120 vuoden ajan keskittynyt saamaan tomaateista parhaan mahdollisen irti. T\u00e4m\u00e4n ainutlaatuisen omistautuneisuuden ansiosta olemme kerrytt\u00e4neet paljon tietoa siit\u00e4, miten laadukkaiden, auringon kypsytt\u00e4mien italialaisten tomaattien maku ja tuoreus saadaan s\u00e4ilytetty\u00e4 parhaiten sen matkalla pellolta ammattilaiskeitti\u00f6\u00f6n. Luo lis\u00e4\u00e4 Muttin laadusta.<\/p>\n\n\n  <\/div>\n\n\n<div class=\"swiper-slide wp-block-mutti-slide\">\n    \n\n<h3 class=\"wp-block-heading has-text-align-center has-primary-color has-text-color\">&nbsp;Kest\u00e4vyys:<\/h3>\n\n\n\n<p class=\"has-text-align-center\">Laadukkaat tomaattituotteemme perustuvat maukkaisiin ja terveellisiin raaka-aineisiin. Siksi asetamme laadulle standardeja ymp\u00e4rist\u00f6\u00e4 unohtamatta. Olemme vuosien saatossa yhdist\u00e4neet innovaatioita ja kannustimia perinteisiin menetelmiin, jotta voimme jatkossakin rakastaa, kunnioittaa ja viljell\u00e4 maatamme. Lue lis\u00e4\u00e4 kest\u00e4vyystoimistamme.<\/p>\n\n\n  <\/div>\n\n\n<div class=\"swiper-slide wp-block-mutti-slide\">\n    \n\n<h3 class=\"wp-block-heading has-text-align-center has-primary-color has-text-color\">Kunnioitus:<\/h3>\n\n\n\n<p class=\"has-text-align-center\">Laadukkaiden tomaattien tuotanto edellytt\u00e4\u00e4 kest\u00e4v\u00e4\u00e4 ja vastuullista tuotantoketjua. Niinp\u00e4 hyv\u00e4t ja kest\u00e4v\u00e4t suhteet ovat yht\u00e4 t\u00e4rkeit\u00e4 kuin raaka-aineiden laatu. Toimitusketjumme koostuu noin 700 viljelij\u00e4st\u00e4, joiden kanssa olemme tehneet yhteisty\u00f6t\u00e4 vuosien ajan. Tuemme t\u00e4t\u00e4 toimitusketjua teknologisten innovaatioiden ja taloudellisten kannustimien muodossa, jotta tuotteiden laatu olisi paras mahdollinen. Lue lis\u00e4\u00e4 siit\u00e4, miten huolehdimme ihmisist\u00e4.<\/p>\n\n\n  <\/div>\n\n\n  <\/slideshow>\n<\/div>\n<\/div>\n<\/div>\n<\/div>\n\n\n\n<h2 class=\"wp-block-heading has-text-align-center\">RUOKAPALVELUVALIKOIMA<\/h2>\n\n\n<div\n  class=\"\n    mutti-slideshow\n    mt-0\n    align\n    \n  \"\n    data-vue-wrapper>\n  <slideshow\n    :pagination=\"true\"\n    :navigation=\"true\"\n    class=\"lg:-mx-8\"\n\n          :slides-per-view=\"1\"\n      :slides-per-view-md=\"1\"\n      :slides-per-view-sm=\"1\"\n                :options='{&quot;autoplay&quot;:false,&quot;loop&quot;:false,&quot;autoHeight&quot;:true,&quot;spaceBetween&quot;:60}'\n    :template-classes='{\"navigationGutter\":\"mx-8\",\"navigationPrevButton\":\"fa-solid fa-chevron-left text-2xl md:text-3xl text-primary\",\"navigationNextButton\":\"fa-solid fa-chevron-right text-2xl md:text-3xl text-primary\"}'\n  >\n    \n<div class=\"swiper-slide wp-block-mutti-slide\">\n    \n\n<figure class=\"wp-block-image aligncenter size-large is-resized\"><img loading=\"lazy\" decoding=\"async\" width=\"1024\" height=\"768\" src=\"https:\/\/mutti-parma.com\/app\/uploads\/sites\/8\/2024\/06\/pizza-no-shade-transparent-1024x768.png\" alt=\"\" class=\"wp-image-11725\" style=\"object-fit:contain;width:300px;height:223px\" srcset=\"https:\/\/mutti-parma.com\/app\/uploads\/sites\/8\/2024\/06\/pizza-no-shade-transparent-1024x768.png 1024w, https:\/\/mutti-parma.com\/app\/uploads\/sites\/8\/2024\/06\/pizza-no-shade-transparent-500x375.png 500w, https:\/\/mutti-parma.com\/app\/uploads\/sites\/8\/2024\/06\/pizza-no-shade-transparent-200x150.png 200w, https:\/\/mutti-parma.com\/app\/uploads\/sites\/8\/2024\/06\/pizza-no-shade-transparent-768x576.png 768w, https:\/\/mutti-parma.com\/app\/uploads\/sites\/8\/2024\/06\/pizza-no-shade-transparent-150x112.png 150w, https:\/\/mutti-parma.com\/app\/uploads\/sites\/8\/2024\/06\/pizza-no-shade-transparent-600x450.png 600w, https:\/\/mutti-parma.com\/app\/uploads\/sites\/8\/2024\/06\/pizza-no-shade-transparent-1536x1152.png 1536w, https:\/\/mutti-parma.com\/app\/uploads\/sites\/8\/2024\/06\/pizza-no-shade-transparent-800x600.png 800w, https:\/\/mutti-parma.com\/app\/uploads\/sites\/8\/2024\/06\/pizza-no-shade-transparent.png 1890w\" sizes=\"(max-width: 1024px) 100vw, 1024px\" \/><\/figure>\n\n\n\n<h4 class=\"wp-block-heading has-text-align-center\">PIZZAKASTIKE<\/h4>\n\n\n\n<p class=\"has-text-align-center\">Muttin pizzakastikkeen koostumus on paksu ja rustiikkinen, ja siit\u00e4 on olemassa kaksi makua: aromaattinen ja klassinen. Karkean koostumuksen ansiosta se soveltuu erinomaisesti pizzerioille ja pitopalveluille. Pizzerioissa kastiketta on helppo annostella ja levitt\u00e4\u00e4. Se peitt\u00e4\u00e4 pizzan hyvin, ja sen ulkon\u00e4k\u00f6 pysyy miellytt\u00e4v\u00e4n\u00e4 my\u00f6s s\u00e4hk\u00f6uunissa kypsent\u00e4misen j\u00e4lkeen. L\u00e4mp\u00f6tilaa ei kannata p\u00e4\u00e4st\u00e4\u00e4 liian korkeaksi, jotta kastikkeen runsaan t\u00e4ytel\u00e4inen koostumus ja maku eiv\u00e4t k\u00e4rsisi.<\/p>\n\n\n  <\/div>\n\n\n<div class=\"swiper-slide wp-block-mutti-slide\">\n    \n\n<figure class=\"wp-block-image aligncenter size-large is-resized\"><img loading=\"lazy\" decoding=\"async\" width=\"1024\" height=\"768\" src=\"https:\/\/mutti-parma.com\/app\/uploads\/sites\/8\/2024\/06\/polpa-no-shade-transparent-1024x768.png\" alt=\"\" class=\"wp-image-11724\" style=\"object-fit:contain;width:300px;height:223px\" srcset=\"https:\/\/mutti-parma.com\/app\/uploads\/sites\/8\/2024\/06\/polpa-no-shade-transparent-1024x768.png 1024w, https:\/\/mutti-parma.com\/app\/uploads\/sites\/8\/2024\/06\/polpa-no-shade-transparent-500x375.png 500w, https:\/\/mutti-parma.com\/app\/uploads\/sites\/8\/2024\/06\/polpa-no-shade-transparent-200x150.png 200w, https:\/\/mutti-parma.com\/app\/uploads\/sites\/8\/2024\/06\/polpa-no-shade-transparent-768x576.png 768w, https:\/\/mutti-parma.com\/app\/uploads\/sites\/8\/2024\/06\/polpa-no-shade-transparent-150x112.png 150w, https:\/\/mutti-parma.com\/app\/uploads\/sites\/8\/2024\/06\/polpa-no-shade-transparent-600x450.png 600w, https:\/\/mutti-parma.com\/app\/uploads\/sites\/8\/2024\/06\/polpa-no-shade-transparent-1536x1152.png 1536w, https:\/\/mutti-parma.com\/app\/uploads\/sites\/8\/2024\/06\/polpa-no-shade-transparent-800x600.png 800w, https:\/\/mutti-parma.com\/app\/uploads\/sites\/8\/2024\/06\/polpa-no-shade-transparent.png 1890w\" sizes=\"(max-width: 1024px) 100vw, 1024px\" \/><\/figure>\n\n\n\n<h4 class=\"wp-block-heading has-text-align-center\">Polpa<\/h4>\n\n\n\n<p class=\"has-text-align-center\">Muttin hieno tomaattimurska on kirkkaanpunaista, tuoreen makuista ja koostumukseltaan t\u00e4ytel\u00e4ist\u00e4. Se on suunniteltu erityisesti pizzerioiden ja ravintoloiden tarpeisiin, sill\u00e4 sit\u00e4 voidaan k\u00e4ytt\u00e4\u00e4 sek\u00e4 alku- ett\u00e4 p\u00e4\u00e4ruokiin, joissa kaivataan auringon kypsytt\u00e4mien tomaattien makua.<\/p>\n\n\n  <\/div>\n\n\n<div class=\"swiper-slide wp-block-mutti-slide\">\n    \n\n<figure class=\"wp-block-image aligncenter size-full is-resized\"><img loading=\"lazy\" decoding=\"async\" width=\"1890\" height=\"1417\" src=\"https:\/\/mutti-parma.com\/app\/uploads\/sites\/8\/2024\/06\/pelati-no-shade-transparent.png\" alt=\"\" class=\"wp-image-11723\" style=\"object-fit:contain;width:300px;height:223px\" srcset=\"https:\/\/mutti-parma.com\/app\/uploads\/sites\/8\/2024\/06\/pelati-no-shade-transparent.png 1890w, https:\/\/mutti-parma.com\/app\/uploads\/sites\/8\/2024\/06\/pelati-no-shade-transparent-500x375.png 500w, https:\/\/mutti-parma.com\/app\/uploads\/sites\/8\/2024\/06\/pelati-no-shade-transparent-1024x768.png 1024w, https:\/\/mutti-parma.com\/app\/uploads\/sites\/8\/2024\/06\/pelati-no-shade-transparent-200x150.png 200w, https:\/\/mutti-parma.com\/app\/uploads\/sites\/8\/2024\/06\/pelati-no-shade-transparent-768x576.png 768w, https:\/\/mutti-parma.com\/app\/uploads\/sites\/8\/2024\/06\/pelati-no-shade-transparent-150x112.png 150w, https:\/\/mutti-parma.com\/app\/uploads\/sites\/8\/2024\/06\/pelati-no-shade-transparent-600x450.png 600w, https:\/\/mutti-parma.com\/app\/uploads\/sites\/8\/2024\/06\/pelati-no-shade-transparent-1536x1152.png 1536w, https:\/\/mutti-parma.com\/app\/uploads\/sites\/8\/2024\/06\/pelati-no-shade-transparent-800x600.png 800w\" sizes=\"(max-width: 1890px) 100vw, 1890px\" \/><\/figure>\n\n\n\n<h4 class=\"wp-block-heading has-text-align-center\">Pelati<\/h4>\n\n\n\n<p class=\"has-text-align-center\">Muttin Pelati eli Kokonaisena kuoritut tomaatit sis\u00e4lt\u00e4\u00e4 tomaattia kahdessa eri muodossa. Siin\u00e4 pehme\u00e4t mutta kiinte\u00e4t, h\u00f6yryss\u00e4 hell\u00e4sti kuoritut tomaatit (noin 35 kappaletta per tuote) on upotettu kermaiseen, ja silkkiseen Passataan. Kastikkeen herkullista makeutta tasapainottaa suloinen tuoreen tomaatin hapokkuus. Pelati sopii t\u00e4ydellisesti niin pizzan kuin pastan tai merenel\u00e4vien kanssa k\u00e4ytett\u00e4v\u00e4ksi.<\/p>\n\n\n  <\/div>\n\n\n<div class=\"swiper-slide wp-block-mutti-slide\">\n    \n\n<figure class=\"wp-block-image aligncenter size-large is-resized\"><img loading=\"lazy\" decoding=\"async\" width=\"1024\" height=\"768\" src=\"https:\/\/mutti-parma.com\/app\/uploads\/sites\/8\/2024\/06\/cubi-no-shade-transparent-1024x768.png\" alt=\"\" class=\"wp-image-11726\" style=\"object-fit:cover;width:300px;height:223px\" srcset=\"https:\/\/mutti-parma.com\/app\/uploads\/sites\/8\/2024\/06\/cubi-no-shade-transparent-1024x768.png 1024w, https:\/\/mutti-parma.com\/app\/uploads\/sites\/8\/2024\/06\/cubi-no-shade-transparent-500x375.png 500w, https:\/\/mutti-parma.com\/app\/uploads\/sites\/8\/2024\/06\/cubi-no-shade-transparent-200x150.png 200w, https:\/\/mutti-parma.com\/app\/uploads\/sites\/8\/2024\/06\/cubi-no-shade-transparent-768x576.png 768w, https:\/\/mutti-parma.com\/app\/uploads\/sites\/8\/2024\/06\/cubi-no-shade-transparent-150x112.png 150w, https:\/\/mutti-parma.com\/app\/uploads\/sites\/8\/2024\/06\/cubi-no-shade-transparent-600x450.png 600w, https:\/\/mutti-parma.com\/app\/uploads\/sites\/8\/2024\/06\/cubi-no-shade-transparent-1536x1152.png 1536w, https:\/\/mutti-parma.com\/app\/uploads\/sites\/8\/2024\/06\/cubi-no-shade-transparent-800x600.png 800w, https:\/\/mutti-parma.com\/app\/uploads\/sites\/8\/2024\/06\/cubi-no-shade-transparent.png 1890w\" sizes=\"(max-width: 1024px) 100vw, 1024px\" \/><\/figure>\n\n\n\n<h4 class=\"wp-block-heading has-text-align-center\">Cubi<\/h4>\n\n\n\n<p class=\"has-text-align-center\">Muttin Cubi-tomaattikuutiot ammattikeitti\u00f6ille on valmistettu parhaista italialaisista tomaateista, jotka on paloiteltu tuoreina ja maustamattomina ja kaadettu s\u00e4il\u00f6nt\u00e4nesteen joukkoon. T\u00e4m\u00e4 ammattilaistuote on tarkoitettu pitopalveluiden, ravintoloiden, pizzerioiden ja koko hotelli- ja ravintola-alan k\u00e4ytt\u00f6\u00f6n. K\u00e4ytt\u00f6valmiin tuotteen ansiosta voit luottaa siihen, ett\u00e4 voit talvellakin tarjoilla tuoreita ja tuoreen makuisia tomaatteja. N\u00e4iden ominaisuuksien ansiosta se soveltuu erinomaisesti esimerkiksi bruschettan koristeluun, maukkaisiin alkupaloihin tai tuomaan hieman v\u00e4ri\u00e4 ja tuoreutta ruoanlaiton loppuvaiheessa.<\/p>\n\n\n  <\/div>\n\n\n  <\/slideshow>\n<\/div>\n\n\n\n<p class=\"has-text-align-center\">Me Muttilla tarjoamme laajan valikoiman tomaattituotteita, jotka vastaavat ruokapalvelusi ainutlaatuisiin tarpeisiin. Valikoimamme on laadittu niin, ett\u00e4 se innoittaa kulinaariseen erinomaisuuteen, aina t\u00e4ytel\u00e4isest\u00e4 tomaattipyreest\u00e4 kokonaisiin kuorittuihin tomaatteihin. Lataa alta koko kuvasto tai tutustu Food Service -valikoimaamme kumppanimme <a href=\"https:\/\/www.kespro.com\/tuotteet\/tuotemerkit\/mutti\">Kespron<\/a> sivulla. <\/p>\n\n\n\n<div class=\"wp-block-buttons is-content-justification-center is-layout-flex wp-container-core-buttons-is-layout-16018d1d wp-block-buttons-is-layout-flex\">\n<div class=\"wp-block-button is-style-large-button\"><a class=\"wp-block-button__link has-white-color has-text-color wp-element-button\" href=\"https:\/\/mutti-parma.com\/app\/uploads\/sites\/8\/2024\/06\/food-service-nordics-a5-3.pdf\" target=\"_blank\" rel=\"noreferrer noopener\">Lataa koko kuvasto<\/a><\/div>\n<\/div>\n\n\n\n<div style=\"height:51px\" aria-hidden=\"true\" class=\"wp-block-spacer\"><\/div>\n\n\n\n<h2 class=\"wp-block-heading has-text-align-center\">Mutti ammattilaisille<\/h2>\n\n\n\n<p class=\"has-text-align-center\">Vie ruokael\u00e4myksesi uudelle tasolle italialaisella laadulla \u2013 suoraan ammattilaisille suunnatusta valikoimasta. Kespron kautta l\u00f6yd\u00e4t laajan valikoiman Mutti-tuotteita, jotka sopivat erinomaisesti niin ravintoloiden kuin catering-yritysten tarpeisiin. Valitse Mutti, kun haluat tuoda italialaisen laadun ja inspiraation osaksi jokaista annosta.<\/p>\n\n\n\n<div class=\"wp-block-buttons is-content-justification-center is-layout-flex wp-container-core-buttons-is-layout-16018d1d wp-block-buttons-is-layout-flex\">\n<div class=\"wp-block-button is-style-button\"><a class=\"wp-block-button__link has-text-align-center wp-element-button\" href=\"https:\/\/www.kespro.com\/tuotteet\/tuotemerkit\/mutti\" target=\"_blank\" rel=\"noreferrer noopener\">Siirry Kespron sivulle<\/a><\/div>\n<\/div>\n","protected":false},"excerpt":{"rendered":"<p>MIT\u00c4 ME EDUSTAMME Mutti on jo yli sadan vuoden ajan tuottanut parhaimpia italialaisia tomaatteja. Tarinamme alkoi yhden perheen omistautumisesta laadulle, ja tuo sama omistautuminen on l\u00e4sn\u00e4 t\u00e4n\u00e4kin p\u00e4iv\u00e4n\u00e4. Mutti Pomodoro on tarkan kokin ja ruokapalvelun ammattilaisten valinta joka puolella maailmaa. LUE LIS\u00c4\u00c4 ARVOISTAMME Laatu Mutti on 4. polven perheyritys, joka on jo 120 vuoden ajan<\/p>\n","protected":false},"author":1,"featured_media":0,"parent":0,"menu_order":5,"comment_status":"closed","ping_status":"closed","template":"","meta":{"_acf_changed":false,"_relevanssi_hide_post":"","_relevanssi_hide_content":"","_relevanssi_pin_for_all":"","_relevanssi_pin_keywords":"","_relevanssi_unpin_keywords":"","_relevanssi_related_keywords":"","_relevanssi_related_include_ids":"","_relevanssi_related_exclude_ids":"","_relevanssi_related_no_append":"","_relevanssi_related_not_related":"","_relevanssi_related_posts":"5147,7530,8274,8875,6895,8539","_relevanssi_noindex_reason":"","footnotes":""},"class_list":["post-11720","page","type-page","status-publish","hentry"],"acf":[],"_links":{"self":[{"href":"https:\/\/mutti-parma.com\/fi\/wp-json\/wp\/v2\/pages\/11720","targetHints":{"allow":["GET"]}}],"collection":[{"href":"https:\/\/mutti-parma.com\/fi\/wp-json\/wp\/v2\/pages"}],"about":[{"href":"https:\/\/mutti-parma.com\/fi\/wp-json\/wp\/v2\/types\/page"}],"author":[{"embeddable":true,"href":"https:\/\/mutti-parma.com\/fi\/wp-json\/wp\/v2\/users\/1"}],"replies":[{"embeddable":true,"href":"https:\/\/mutti-parma.com\/fi\/wp-json\/wp\/v2\/comments?post=11720"}],"version-history":[{"count":14,"href":"https:\/\/mutti-parma.com\/fi\/wp-json\/wp\/v2\/pages\/11720\/revisions"}],"predecessor-version":[{"id":12885,"href":"https:\/\/mutti-parma.com\/fi\/wp-json\/wp\/v2\/pages\/11720\/revisions\/12885"}],"wp:attachment":[{"href":"https:\/\/mutti-parma.com\/fi\/wp-json\/wp\/v2\/media?parent=11720"}],"curies":[{"name":"wp","href":"https:\/\/api.w.org\/{rel}","templated":true}]}}