{"id":12,"date":"2019-10-03T06:52:58","date_gmt":"2019-10-03T06:52:58","guid":{"rendered":"http:\/\/mutti.web.staging.minasithil.genero.fi\/fi\/?page_id=12"},"modified":"2026-03-02T15:23:21","modified_gmt":"2026-03-02T15:23:21","slug":"maanviljelijamme","status":"publish","type":"page","link":"https:\/\/mutti-parma.com\/fi\/pellolta-poytaan\/maanviljelijamme\/","title":{"rendered":"Maanviljelij\u00e4t"},"content":{"rendered":"\n<div class=\"wp-block-media-text alignwide has-media-on-the-right is-image-fill-element is-stacked-on-mobile is-style-hero\"><div class=\"wp-block-media-text__content\"><div class=\"acf-breadcrumb my-4 md:my-8 text-center md:text-left\">\n  <nav>\n  <ol class=\"list-none text-md\">\n                  <li class=\"inline\">\n                      <a class=\"text-inherit\" href=\"https:\/\/mutti-parma.com\/fi\/\">\n              Italialaiset tomaatit\n            <\/a>\n                            <\/li>\n            <\/ol>\n<\/nav>\n<\/div>\n\n\n\n<h1 class=\"wp-block-heading\">Maanviljelij\u00e4t<\/h1>\n\n\n\n<p>Jokainen pellosta ker\u00e4tty tomaattikuorma on viljelij\u00e4lleen ylpeys. He tiet\u00e4v\u00e4t, ett\u00e4 tomaatit ovat silloin l\u00e4p\u00e4isseet tiukan seulan ja ne t\u00e4ytt\u00e4v\u00e4t hedelmilt\u00e4mme vaadittavan kypsyyden, v\u00e4rin, koostumuksen, tuoreuden ja makeuden. Se on koko vuoden kest\u00e4v\u00e4n ty\u00f6n lopputulos.<\/p>\n\n\n\n<p class=\"has-text-align-right is-style-cursive has-xxl-font-size\">Viljelij\u00e4 on ensimm\u00e4inen joka maistaa tomaatin tuoreuden<\/p>\n<\/div><figure class=\"wp-block-media-text__media\"><img loading=\"lazy\" decoding=\"async\" src=\"https:\/\/mutti-parma.com\/app\/uploads\/sites\/3\/2019\/09\/banner-farmers-1024x684.jpg\" alt=\"\" class=\"wp-image-300000163 size-full\" style=\"object-position:62% 19%\" sizes=\"(max-width: 600px) 100vw, (min-width: 1440px) 792px,55vw\" data-spai-crop=\"false\" srcset=\"https:\/\/mutti-parma.com\/app\/uploads\/sites\/3\/2019\/09\/banner-farmers-1024x684.jpg 1024w, https:\/\/mutti-parma.com\/app\/uploads\/sites\/3\/2019\/09\/banner-farmers-200x134.jpg 200w, https:\/\/mutti-parma.com\/app\/uploads\/sites\/3\/2019\/09\/banner-farmers-500x334.jpg 500w, https:\/\/mutti-parma.com\/app\/uploads\/sites\/3\/2019\/09\/banner-farmers-768x513.jpg 768w, https:\/\/mutti-parma.com\/app\/uploads\/sites\/3\/2019\/09\/banner-farmers-150x100.jpg 150w, https:\/\/mutti-parma.com\/app\/uploads\/sites\/3\/2019\/09\/banner-farmers-600x401.jpg 600w\" \/><\/figure><\/div>\n\n\n\n<div class=\"wp-block-columns alignwide are-vertically-aligned-center is-layout-flex wp-container-core-columns-is-layout-9d6595d7 wp-block-columns-is-layout-flex\">\n<div class=\"wp-block-column is-vertically-aligned-center is-layout-flow wp-block-column-is-layout-flow\">\n<figure class=\"wp-block-embed is-type-video is-provider-youtube wp-block-embed-youtube wp-embed-aspect-16-9 wp-has-aspect-ratio wp-embed-aspect-4-3\" data-hide-on=\"mobile tablet desktop\"><div class=\"wp-block-embed__wrapper\">\n<iframe loading=\"lazy\" title=\"Mutti - Maanviljelij\u00e4mme - Carmine Fantasia\" width=\"500\" height=\"375\" data-cookieconsent=\"marketing\" data-src=\"\/\/www.youtube-nocookie.com\/embed\/Lmt_gOqLwyU?rel=0&#038;modestbranding=1&#038;enablejsapi=1&#038;feature=oembed&#038;width=500&#038;height=750\" frameborder=\"0\" allow=\"accelerometer; autoplay; clipboard-write; encrypted-media; gyroscope; picture-in-picture; web-share\" referrerpolicy=\"strict-origin-when-cross-origin\" allowfullscreen><\/iframe><div class=\"cookieconsent-embed-approval\">\n  <p>To watch this video you need to approve marketing cookies so we can use YouTube.<\/p>\n  <button class=\"btn btn-renew-cookie-consent\">\n    Manage Settings\n  <\/button>\n<\/div>\n\n<\/div><\/figure>\n<\/div>\n\n\n\n<div class=\"wp-block-column is-vertically-aligned-center is-layout-flow wp-block-column-is-layout-flow\">\n<h2 class=\"wp-block-heading\" data-hide-on=\"mobile tablet desktop\">carmine fantasia<\/h2>\n\n\n\n<p class=\"is-style-cursive has-xxl-font-size\" data-hide-on=\"mobile tablet desktop\">&#8220;Kun teet jotain intohimoisesti, se ei tunnu en\u00e4\u00e4 ty\u00f6lt\u00e4.&#8221;<\/p>\n<\/div>\n<\/div>\n\n\n\n<div class=\"wp-block-columns alignwide are-vertically-aligned-center is-style-default is-layout-flex wp-container-core-columns-is-layout-9d6595d7 wp-block-columns-is-layout-flex\">\n<div class=\"wp-block-column is-vertically-aligned-center is-style-secondary is-layout-flow wp-block-column-is-layout-flow\">\n<h2 class=\"wp-block-heading\">Rosetta e fausto vitali<\/h2>\n\n\n\n<p class=\"is-style-cursive has-xxl-font-size\">&#8220;Jos tomaatit eiv\u00e4t ole kauniita, Mutti ei halua niit\u00e4.&#8221;<\/p>\n<\/div>\n\n\n\n<div class=\"wp-block-column is-vertically-aligned-center order-first sm:order-last is-layout-flow wp-block-column-is-layout-flow\">\n<figure class=\"wp-block-embed is-type-video is-provider-youtube wp-block-embed-youtube wp-embed-aspect-16-9 wp-has-aspect-ratio wp-embed-aspect-4-3\"><div class=\"wp-block-embed__wrapper\">\n<iframe loading=\"lazy\" title=\"Mutti - Maanviljelij\u00e4mme - Rosetta ja Fausto Vitali\" width=\"500\" height=\"375\" data-cookieconsent=\"marketing\" data-src=\"\/\/www.youtube-nocookie.com\/embed\/tFGKRuXw7ao?rel=0&#038;modestbranding=1&#038;enablejsapi=1&#038;feature=oembed&#038;width=500&#038;height=750\" frameborder=\"0\" allow=\"accelerometer; autoplay; clipboard-write; encrypted-media; gyroscope; picture-in-picture; web-share\" referrerpolicy=\"strict-origin-when-cross-origin\" allowfullscreen><\/iframe><div class=\"cookieconsent-embed-approval\">\n  <p>To watch this video you need to approve marketing cookies so we can use YouTube.<\/p>\n  <button class=\"btn btn-renew-cookie-consent\">\n    Manage Settings\n  <\/button>\n<\/div>\n\n<\/div><\/figure>\n<\/div>\n<\/div>\n\n\n\n<div class=\"wp-block-columns alignwide are-vertically-aligned-center is-layout-flex wp-container-core-columns-is-layout-9d6595d7 wp-block-columns-is-layout-flex\">\n<div class=\"wp-block-column is-vertically-aligned-center is-layout-flow wp-block-column-is-layout-flow\">\n<figure class=\"wp-block-embed is-type-video is-provider-youtube wp-block-embed-youtube wp-embed-aspect-16-9 wp-has-aspect-ratio wp-embed-aspect-4-3\"><div class=\"wp-block-embed__wrapper\">\n<iframe loading=\"lazy\" title=\"Mutti - Maanviljelij\u00e4mme - Andrea Crovetti\" width=\"500\" height=\"375\" data-cookieconsent=\"marketing\" data-src=\"\/\/www.youtube-nocookie.com\/embed\/k8PRkBxfye4?rel=0&#038;modestbranding=1&#038;enablejsapi=1&#038;feature=oembed&#038;width=500&#038;height=750\" frameborder=\"0\" allow=\"accelerometer; autoplay; clipboard-write; encrypted-media; gyroscope; picture-in-picture; web-share\" referrerpolicy=\"strict-origin-when-cross-origin\" allowfullscreen><\/iframe><div class=\"cookieconsent-embed-approval\">\n  <p>To watch this video you need to approve marketing cookies so we can use YouTube.<\/p>\n  <button class=\"btn btn-renew-cookie-consent\">\n    Manage Settings\n  <\/button>\n<\/div>\n\n<\/div><\/figure>\n<\/div>\n\n\n\n<div class=\"wp-block-column is-vertically-aligned-center is-layout-flow wp-block-column-is-layout-flow\">\n<h2 class=\"wp-block-heading\">andrea crovetti<\/h2>\n\n\n\n<p class=\"is-style-cursive has-xxl-font-size\">&#8220;Tulokset n\u00e4kyv\u00e4t. Niihin ei ole mit\u00e4\u00e4n lis\u00e4tt\u00e4v\u00e4\u00e4.&#8221;<\/p>\n<\/div>\n<\/div>\n\n\n\n<div class=\"wp-block-columns alignwide are-vertically-aligned-center is-layout-flex wp-container-core-columns-is-layout-9d6595d7 wp-block-columns-is-layout-flex\">\n<div class=\"wp-block-column is-vertically-aligned-center is-style-secondary is-layout-flow wp-block-column-is-layout-flow\">\n<h2 class=\"wp-block-heading\">michele giambattista<\/h2>\n\n\n\n<p class=\"is-style-cursive has-xxl-font-size\">&#8220;Mutti erottuu muista tomaattiyrityksist\u00e4.&#8221;<\/p>\n<\/div>\n\n\n\n<div class=\"wp-block-column is-vertically-aligned-center order-first sm:order-last is-layout-flow wp-block-column-is-layout-flow\">\n<figure class=\"wp-block-embed is-type-video is-provider-youtube wp-block-embed-youtube wp-embed-aspect-16-9 wp-has-aspect-ratio wp-embed-aspect-4-3\"><div class=\"wp-block-embed__wrapper\">\n<iframe loading=\"lazy\" title=\"Mutti - Maanviljelij\u00e4mme - Michele Giambattista\" width=\"500\" height=\"375\" data-cookieconsent=\"marketing\" data-src=\"\/\/www.youtube-nocookie.com\/embed\/zo33CFenY7c?rel=0&#038;modestbranding=1&#038;enablejsapi=1&#038;feature=oembed&#038;width=500&#038;height=750\" frameborder=\"0\" allow=\"accelerometer; autoplay; clipboard-write; encrypted-media; gyroscope; picture-in-picture; web-share\" referrerpolicy=\"strict-origin-when-cross-origin\" allowfullscreen><\/iframe><div class=\"cookieconsent-embed-approval\">\n  <p>To watch this video you need to approve marketing cookies so we can use YouTube.<\/p>\n  <button class=\"btn btn-renew-cookie-consent\">\n    Manage Settings\n  <\/button>\n<\/div>\n\n<\/div><\/figure>\n<\/div>\n<\/div>\n\n\n\n<h2 class=\"wp-block-heading has-text-align-center\">Parhaimman laadun tavoittelu<\/h2>\n\n\n\n<p class=\"has-text-align-center\">Yrit\u00e4mme jatkuvasti parantaa ja tarjota asiakkaillemme parhaimpia mahdollisia tomaatteja. Sen vuoksi ty\u00f6skentelemme aktiivisesti viljelij\u00f6idemme kanssa kehitt\u00e4\u00e4ksemme kaikkea tekemist\u00e4mme. Seuraavat periaatteet edist\u00e4v\u00e4t t\u00e4t\u00e4 p\u00e4\u00e4m\u00e4\u00e4r\u00e4\u00e4:<\/p>\n\n\n\n<div class=\"wp-block-columns alignwide is-layout-flex wp-container-core-columns-is-layout-9d6595d7 wp-block-columns-is-layout-flex\">\n<div class=\"wp-block-column is-layout-flow wp-block-column-is-layout-flow\">\n<div class=\"wp-block-media-text alignwide is-stacked-on-mobile is-style-boxed has-primary-background-color has-background\" style=\"grid-template-columns:85% auto\"><figure class=\"wp-block-media-text__media\"><img loading=\"lazy\" decoding=\"async\" src=\"https:\/\/mutti-parma.com\/app\/uploads\/sites\/3\/2019\/09\/section-farmers-price-1024x683.jpg\" alt=\"\" class=\"wp-image-30000045 size-full\" sizes=\"(max-width: 600px) 100vw, (min-width: 1440px) 1224px,85vw\" data-spai-crop=\"false\" srcset=\"https:\/\/mutti-parma.com\/app\/uploads\/sites\/3\/2019\/09\/section-farmers-price-1024x683.jpg 1024w, https:\/\/mutti-parma.com\/app\/uploads\/sites\/3\/2019\/09\/section-farmers-price-200x133.jpg 200w, https:\/\/mutti-parma.com\/app\/uploads\/sites\/3\/2019\/09\/section-farmers-price-500x334.jpg 500w, https:\/\/mutti-parma.com\/app\/uploads\/sites\/3\/2019\/09\/section-farmers-price-768x513.jpg 768w, https:\/\/mutti-parma.com\/app\/uploads\/sites\/3\/2019\/09\/section-farmers-price-150x100.jpg 150w, https:\/\/mutti-parma.com\/app\/uploads\/sites\/3\/2019\/09\/section-farmers-price-600x400.jpg 600w\" \/><\/figure><div class=\"wp-block-media-text__content\">\n<h3 class=\"wp-block-heading\">Hinta<\/h3>\n\n\n\n<p class=\"is-style-cursive\">Korkeampi hinta paremmasta tomaatista<\/p>\n\n\n\n<p>Maksamme viljelij\u00f6ille enemm\u00e4n kuin alalla yleens\u00e4 on tapana. Vuonna 2019 kilohinta oli 10,5 prosenttia* keskim\u00e4\u00e4r\u00e4ist\u00e4 korkeampi Pohjois-Italiassa ja 30 prosenttia Etel\u00e4-Italiassa. T\u00e4ll\u00e4 tavalla vahvistamme kumppanuuksiamme ja mahdollistamme jatkuvat sijoitukset maanviljelyn kehitt\u00e4miseen.&nbsp;<br><br>+10,5% tavalliseen markkinahintaan verrattuna (+5,5% keskihintaan valikoinnista ja +5% preemiona, kannusteina ja palveluina)<\/p>\n<\/div><\/div>\n<\/div>\n\n\n\n<div class=\"wp-block-column is-layout-flow wp-block-column-is-layout-flow\">\n<div class=\"wp-block-media-text alignwide is-stacked-on-mobile is-style-boxed has-primary-background-color has-background\" style=\"grid-template-columns:85% auto\"><figure class=\"wp-block-media-text__media\"><img loading=\"lazy\" decoding=\"async\" src=\"https:\/\/mutti-parma.com\/app\/uploads\/sites\/3\/2019\/09\/section-farmers-transparency-1024x681.jpg\" alt=\"\" class=\"wp-image-30000043 size-full\" sizes=\"(max-width: 600px) 100vw, (min-width: 1440px) 1224px,85vw\" data-spai-crop=\"false\" srcset=\"https:\/\/mutti-parma.com\/app\/uploads\/sites\/3\/2019\/09\/section-farmers-transparency-1024x681.jpg 1024w, https:\/\/mutti-parma.com\/app\/uploads\/sites\/3\/2019\/09\/section-farmers-transparency-200x133.jpg 200w, https:\/\/mutti-parma.com\/app\/uploads\/sites\/3\/2019\/09\/section-farmers-transparency-500x333.jpg 500w, https:\/\/mutti-parma.com\/app\/uploads\/sites\/3\/2019\/09\/section-farmers-transparency-768x511.jpg 768w, https:\/\/mutti-parma.com\/app\/uploads\/sites\/3\/2019\/09\/section-farmers-transparency-150x100.jpg 150w, https:\/\/mutti-parma.com\/app\/uploads\/sites\/3\/2019\/09\/section-farmers-transparency-600x399.jpg 600w\" \/><\/figure><div class=\"wp-block-media-text__content\">\n<h3 class=\"wp-block-heading\"><strong>L\u00e4pin\u00e4kyvyys<\/strong><\/h3>\n\n\n\n<p class=\"is-style-cursive\">J\u00e4ljitett\u00e4v\u00e4t tomaatit ja kest\u00e4v\u00e4mpi maanviljely<\/p>\n\n\n\n<p>Maanviljelij\u00f6idemme t\u00e4ytyy sitoutua arvojemme mukaisiin ty\u00f6tapoihin. Yksi n\u00e4ist\u00e4 on mahdollisuus j\u00e4ljitt\u00e4\u00e4 k\u00e4ytt\u00e4miemme tomaattien alkuper\u00e4.<br><br>Tomaattimme viljell\u00e4\u00e4n avoimilla pelloilla ilman torjunta-aineita tai geenimuunneltuja lajikkeita. Niiden kasvukausi seuraa luonnon kiertokulkua ja peltojen ravinteikkuudesta huolehditaan vuoroviljelyll\u00e4.<\/p>\n<\/div><\/div>\n<\/div>\n<\/div>\n\n\n\n<div class=\"wp-block-columns alignwide is-layout-flex wp-container-core-columns-is-layout-9d6595d7 wp-block-columns-is-layout-flex\">\n<div class=\"wp-block-column is-layout-flow wp-block-column-is-layout-flow\">\n<div class=\"wp-block-media-text alignwide is-stacked-on-mobile is-style-boxed has-primary-background-color has-background\" style=\"grid-template-columns:85% auto\"><figure class=\"wp-block-media-text__media\"><img loading=\"lazy\" decoding=\"async\" src=\"https:\/\/mutti-parma.com\/app\/uploads\/sites\/3\/2019\/09\/section-farmers-respect-1024x682.jpg\" alt=\"\" class=\"wp-image-30000044 size-full\" sizes=\"(max-width: 600px) 100vw, (min-width: 1440px) 1224px,85vw\" data-spai-crop=\"false\" srcset=\"https:\/\/mutti-parma.com\/app\/uploads\/sites\/3\/2019\/09\/section-farmers-respect-1024x682.jpg 1024w, https:\/\/mutti-parma.com\/app\/uploads\/sites\/3\/2019\/09\/section-farmers-respect-200x133.jpg 200w, https:\/\/mutti-parma.com\/app\/uploads\/sites\/3\/2019\/09\/section-farmers-respect-500x333.jpg 500w, https:\/\/mutti-parma.com\/app\/uploads\/sites\/3\/2019\/09\/section-farmers-respect-768x512.jpg 768w, https:\/\/mutti-parma.com\/app\/uploads\/sites\/3\/2019\/09\/section-farmers-respect-150x100.jpg 150w, https:\/\/mutti-parma.com\/app\/uploads\/sites\/3\/2019\/09\/section-farmers-respect-600x400.jpg 600w\" \/><\/figure><div class=\"wp-block-media-text__content\">\n<h3 class=\"wp-block-heading\"><strong>Kunnioitus<\/strong><\/h3>\n\n\n\n<p class=\"is-style-cursive\">Automatisoitu ker\u00e4\u00e4minen tekee ty\u00f6st\u00e4 turvallisempaa.<\/p>\n\n\n\n<p>Sopimuksemme viljelij\u00f6iden kanssa edellytt\u00e4\u00e4 koneellist\u00e4 sadonkorjuuta. T\u00e4ll\u00e4 tavoin haluamme edist\u00e4\u00e4 pysyv\u00e4mpi\u00e4 ty\u00f6paikkoja p\u00e4teville ty\u00f6ntekij\u00f6ille, eik\u00e4 niin sanottuja \u201cp\u00e4iv\u00e4 kerrallaan\u201d -ty\u00f6suhteita.&nbsp;<\/p>\n<\/div><\/div>\n<\/div>\n\n\n\n<div class=\"wp-block-column is-layout-flow wp-block-column-is-layout-flow\">\n<div class=\"wp-block-media-text alignwide is-stacked-on-mobile is-style-boxed has-primary-background-color has-background\" style=\"grid-template-columns:85% auto\"><figure class=\"wp-block-media-text__media\"><img loading=\"lazy\" decoding=\"async\" src=\"https:\/\/mutti-parma.com\/app\/uploads\/sites\/3\/2019\/09\/section-farmers-cooperation.jpg\" alt=\"\" class=\"wp-image-30000046 size-full\" sizes=\"(max-width: 600px) 100vw, (min-width: 1440px) 1224px,85vw\" data-spai-crop=\"false\" srcset=\"https:\/\/mutti-parma.com\/app\/uploads\/sites\/3\/2019\/09\/section-farmers-cooperation.jpg 800w, https:\/\/mutti-parma.com\/app\/uploads\/sites\/3\/2019\/09\/section-farmers-cooperation-200x150.jpg 200w, https:\/\/mutti-parma.com\/app\/uploads\/sites\/3\/2019\/09\/section-farmers-cooperation-500x375.jpg 500w, https:\/\/mutti-parma.com\/app\/uploads\/sites\/3\/2019\/09\/section-farmers-cooperation-768x576.jpg 768w, https:\/\/mutti-parma.com\/app\/uploads\/sites\/3\/2019\/09\/section-farmers-cooperation-150x113.jpg 150w, https:\/\/mutti-parma.com\/app\/uploads\/sites\/3\/2019\/09\/section-farmers-cooperation-600x450.jpg 600w\" \/><\/figure><div class=\"wp-block-media-text__content\">\n<h3 class=\"wp-block-heading\"><strong>Yhteisty\u00f6<\/strong><\/h3>\n\n\n\n<p class=\"is-style-cursive\">Vahvat siteet ja molemminpuolinen luottamus<\/p>\n\n\n\n<p>Tunnemme viljelij\u00e4mme, sill\u00e4 olemme ty\u00f6skennelleet samojen perheiden kanssa jo vuosia. Jaamme heid\u00e4n kanssaan tietoa ymp\u00e4rist\u00f6n suojelusta, parhaista k\u00e4yt\u00e4nn\u00f6ist\u00e4 ja uusista ty\u00f6menetelmist\u00e4.<\/p>\n<\/div><\/div>\n<\/div>\n<\/div>\n\n\n\n<div class=\"wp-block-cover alignwide is-light is-style-boxed\"><img loading=\"lazy\" decoding=\"async\" class=\"wp-block-cover__image-background wp-image-30000041\" src=\"https:\/\/mutti-parma.com\/app\/uploads\/sites\/3\/2019\/09\/section-golden-tomato-winners-growing-cycle.jpg\" data-object-fit=\"cover\" srcset=\"https:\/\/mutti-parma.com\/app\/uploads\/sites\/3\/2019\/09\/section-golden-tomato-winners-growing-cycle.jpg 1472w, https:\/\/mutti-parma.com\/app\/uploads\/sites\/3\/2019\/09\/section-golden-tomato-winners-growing-cycle-200x200.jpg 200w, https:\/\/mutti-parma.com\/app\/uploads\/sites\/3\/2019\/09\/section-golden-tomato-winners-growing-cycle-500x500.jpg 500w, https:\/\/mutti-parma.com\/app\/uploads\/sites\/3\/2019\/09\/section-golden-tomato-winners-growing-cycle-768x768.jpg 768w, https:\/\/mutti-parma.com\/app\/uploads\/sites\/3\/2019\/09\/section-golden-tomato-winners-growing-cycle-1024x1024.jpg 1024w, https:\/\/mutti-parma.com\/app\/uploads\/sites\/3\/2019\/09\/section-golden-tomato-winners-growing-cycle-150x150.jpg 150w, https:\/\/mutti-parma.com\/app\/uploads\/sites\/3\/2019\/09\/section-golden-tomato-winners-growing-cycle-600x600.jpg 600w, https:\/\/mutti-parma.com\/app\/uploads\/sites\/3\/2019\/09\/section-golden-tomato-winners-growing-cycle-50x50.jpg 50w, https:\/\/mutti-parma.com\/app\/uploads\/sites\/3\/2019\/09\/section-golden-tomato-winners-growing-cycle-60x60.jpg 60w\" sizes=\"(max-width: 1472px) 100vw, 1472px\" \/><span aria-hidden=\"true\" class=\"wp-block-cover__background has-white-background-color has-background-dim-100 has-background-dim\"><\/span><div class=\"wp-block-cover__inner-container is-layout-flow wp-block-cover-is-layout-flow\">\n<p class=\"has-text-align-center has-primary-color has-text-color\">Tavattuasi ihmiset tomaattiemme takana, seuraavaksi:<\/p>\n\n\n\n<p class=\"has-text-align-center is-style-cursive has-xxl-font-size\"><a href=\"https:\/\/mutti-parma.com\/fi\/pellolta-poytaan\/#kasvukausi\">Lue lis\u00e4\u00e4 kasvusyklist\u00e4mme<\/a><\/p>\n\n\n\n<p class=\"has-text-align-center has-primary-color has-text-color\">Ja opit lis\u00e4\u00e4 siit\u00e4, miten tomaattimme kasvatetaan ja ker\u00e4t\u00e4\u00e4n.<\/p>\n<\/div><\/div>\n","protected":false},"excerpt":{"rendered":"<p>carmine fantasia &#8220;Kun teet jotain intohimoisesti, se ei tunnu en\u00e4\u00e4 ty\u00f6lt\u00e4.&#8221; Rosetta e fausto vitali &#8220;Jos tomaatit eiv\u00e4t ole kauniita, Mutti ei halua niit\u00e4.&#8221; andrea crovetti &#8220;Tulokset n\u00e4kyv\u00e4t. Niihin ei ole mit\u00e4\u00e4n lis\u00e4tt\u00e4v\u00e4\u00e4.&#8221; michele giambattista &#8220;Mutti erottuu muista tomaattiyrityksist\u00e4.&#8221; Parhaimman laadun tavoittelu Yrit\u00e4mme jatkuvasti parantaa ja tarjota asiakkaillemme parhaimpia mahdollisia tomaatteja. Sen vuoksi ty\u00f6skentelemme aktiivisesti<\/p>\n","protected":false},"author":1,"featured_media":300000163,"parent":5,"menu_order":36,"comment_status":"closed","ping_status":"closed","template":"template-farmers.php","meta":{"_acf_changed":false,"_relevanssi_hide_post":"","_relevanssi_hide_content":"","_relevanssi_pin_for_all":"","_relevanssi_pin_keywords":"","_relevanssi_unpin_keywords":"","_relevanssi_related_keywords":"","_relevanssi_related_include_ids":"","_relevanssi_related_exclude_ids":"","_relevanssi_related_no_append":"","_relevanssi_related_not_related":"","_relevanssi_related_posts":"","_relevanssi_noindex_reason":"","footnotes":""},"class_list":["post-12","page","type-page","status-publish","has-post-thumbnail","hentry"],"acf":[],"_links":{"self":[{"href":"https:\/\/mutti-parma.com\/fi\/wp-json\/wp\/v2\/pages\/12","targetHints":{"allow":["GET"]}}],"collection":[{"href":"https:\/\/mutti-parma.com\/fi\/wp-json\/wp\/v2\/pages"}],"about":[{"href":"https:\/\/mutti-parma.com\/fi\/wp-json\/wp\/v2\/types\/page"}],"author":[{"embeddable":true,"href":"https:\/\/mutti-parma.com\/fi\/wp-json\/wp\/v2\/users\/1"}],"replies":[{"embeddable":true,"href":"https:\/\/mutti-parma.com\/fi\/wp-json\/wp\/v2\/comments?post=12"}],"version-history":[{"count":23,"href":"https:\/\/mutti-parma.com\/fi\/wp-json\/wp\/v2\/pages\/12\/revisions"}],"predecessor-version":[{"id":13040,"href":"https:\/\/mutti-parma.com\/fi\/wp-json\/wp\/v2\/pages\/12\/revisions\/13040"}],"up":[{"embeddable":true,"href":"https:\/\/mutti-parma.com\/fi\/wp-json\/wp\/v2\/pages\/5"}],"wp:featuredmedia":[{"embeddable":true,"href":"https:\/\/mutti-parma.com\/fi\/wp-json\/wp\/v2\/media\/163"}],"wp:attachment":[{"href":"https:\/\/mutti-parma.com\/fi\/wp-json\/wp\/v2\/media?parent=12"}],"curies":[{"name":"wp","href":"https:\/\/api.w.org\/{rel}","templated":true}]}}