{"id":2674,"date":"2020-02-12T07:16:12","date_gmt":"2020-02-12T07:16:12","guid":{"rendered":"https:\/\/mutti-parma.com\/fi\/?page_id=2674"},"modified":"2026-02-18T13:42:18","modified_gmt":"2026-02-18T13:42:18","slug":"dokumentit","status":"publish","type":"page","link":"https:\/\/mutti-parma.com\/fi\/dokumentit\/","title":{"rendered":"L\u00e4pin\u00e4kyvyys"},"content":{"rendered":"\n<div class=\"wp-block-cover alignfull\"><span aria-hidden=\"true\" class=\"wp-block-cover__background has-darkred-background-color has-background-dim-100 has-background-dim\"><\/span><div class=\"wp-block-cover__inner-container is-layout-flow wp-block-cover-is-layout-flow\"><div class=\"acf-breadcrumb my-4 md:my-8 text-center\">\n  <nav>\n  <ol class=\"list-none text-md\">\n                  <li class=\"inline\">\n                      <a class=\"text-inherit\" href=\"https:\/\/mutti-parma.com\/fi\/\">\n              Italialaiset tomaatit\n            <\/a>\n                            <\/li>\n            <\/ol>\n<\/nav>\n<\/div>\n\n\n\n<h1 class=\"wp-block-heading has-text-align-center\">L\u00e4pin\u00e4kyvyys<\/h1>\n\n\n\n\n<\/div><\/div>\n\n\n\n<div class=\"wp-block-cover alignwide\"><img loading=\"lazy\" decoding=\"async\" class=\"wp-block-cover__image-background wp-image-30000038\" alt=\"\" src=\"https:\/\/mutti-parma.com\/app\/uploads\/sites\/3\/2019\/09\/section-our-way-environmental-certificates.jpg\" data-object-fit=\"cover\" srcset=\"https:\/\/mutti-parma.com\/app\/uploads\/sites\/3\/2019\/09\/section-our-way-environmental-certificates.jpg 2400w, https:\/\/mutti-parma.com\/app\/uploads\/sites\/3\/2019\/09\/section-our-way-environmental-certificates-200x133.jpg 200w, https:\/\/mutti-parma.com\/app\/uploads\/sites\/3\/2019\/09\/section-our-way-environmental-certificates-500x333.jpg 500w, https:\/\/mutti-parma.com\/app\/uploads\/sites\/3\/2019\/09\/section-our-way-environmental-certificates-768x511.jpg 768w, https:\/\/mutti-parma.com\/app\/uploads\/sites\/3\/2019\/09\/section-our-way-environmental-certificates-1024x681.jpg 1024w, https:\/\/mutti-parma.com\/app\/uploads\/sites\/3\/2019\/09\/section-our-way-environmental-certificates-150x100.jpg 150w, https:\/\/mutti-parma.com\/app\/uploads\/sites\/3\/2019\/09\/section-our-way-environmental-certificates-600x399.jpg 600w\" sizes=\"(max-width: 2400px) 100vw, 2400px\" \/><span aria-hidden=\"true\" class=\"wp-block-cover__background has-background-dim-80 has-background-dim\"><\/span><div class=\"wp-block-cover__inner-container is-layout-flow wp-block-cover-is-layout-flow\">\n<h2 class=\"wp-block-heading has-text-align-center\" id=\"environmental-certifications\">Turvallisuus ja l\u00e4pin\u00e4kyvyys <\/h2>\n\n\n\n<p class=\"has-text-align-center is-style-cursive has-xxl-font-size\">Suojelemme kuluttajia tiukalla omavalvonnalla<\/p>\n\n\n\n<p class=\"has-text-align-center\"><br>Meille ja meid\u00e4n tuotteillemme my\u00f6nnetyt sertifikaatit takaavat sitoutumisemme luontoa ja meit\u00e4 ymp\u00e4r\u00f6iv\u00e4\u00e4 maata kohtaan. Pyrimme hallitsemaan ja kehitt\u00e4m\u00e4\u00e4n koko tuotantoketjumme alkaen tomaattiemme kasvatuksesta ja p\u00e4\u00e4ttyen kuluttajille kaupassa myyt\u00e4viin laadukkaisiin tuotteisiin.<br><br><\/p>\n\n\n<div class=\"acf-image-grid alignwide\">\n  <div class=\"flex -mx-8 -my-4 md:-mt-8 flex-wrap\">\n          <div class=\" w-1\/2 sm:w-1\/3 md:w-1\/6 px-8 py-4 md:py-8\">\n                  <a href=\"https:\/\/mutti-parma.com\/app\/uploads\/2024\/02\/certificato-iso-22005-filiera-20231116.pdf\" target=\"\" class=\"hover:zoom-img\">\n        \n                  \n          <div class=\"responsive-embed is-contain\" style=\"padding-bottom: 75%;\">\n            <img decoding=\"async\" width=\"357\" height=\"496\" src=\"https:\/\/mutti-parma.com\/app\/uploads\/sites\/3\/2019\/09\/icon-certificate.svg\" class=\"wp-image-300000116 attachment-4:3 size-4:3\" alt=\"\" data-spai-crop=\"true\" loading=\"lazy\" \/>\n          <\/div>\n        \n                  <h5 class=\"text-center underline\">\n            100 % Italialainen tuote\n                      <\/h5>\n        \n                  <\/a>\n              <\/div>\n          <div class=\" w-1\/2 sm:w-1\/3 md:w-1\/6 px-8 py-4 md:py-8\">\n                  <a href=\"https:\/\/mutti-parma.com\/app\/uploads\/2024\/12\/iso-14001-c542449-1-en-us-20241105.pdf\" target=\"_blank\" class=\"hover:zoom-img\">\n        \n                  \n          <div class=\"responsive-embed is-contain\" style=\"padding-bottom: 75%;\">\n            <img decoding=\"async\" width=\"357\" height=\"496\" src=\"https:\/\/mutti-parma.com\/app\/uploads\/sites\/3\/2019\/09\/icon-certificate.svg\" class=\"wp-image-300000116 attachment-4:3 size-4:3\" alt=\"\" data-spai-crop=\"true\" loading=\"lazy\" \/>\n          <\/div>\n        \n                  <h5 class=\"text-center underline\">\n            ISO 14001 -sertifikaatti\n                      <\/h5>\n        \n                  <\/a>\n              <\/div>\n          <div class=\" w-1\/2 sm:w-1\/3 md:w-1\/6 px-8 py-4 md:py-8\">\n                  <a href=\"https:\/\/mutti-parma.com\/app\/uploads\/2022\/01\/iso-45001-10000457019-msc-accredia-ita-1-en-us-20211230-20220104120334.pdf\" target=\"_blank\" class=\"hover:zoom-img\">\n        \n                  \n          <div class=\"responsive-embed is-contain\" style=\"padding-bottom: 75%;\">\n            <img decoding=\"async\" width=\"357\" height=\"496\" src=\"https:\/\/mutti-parma.com\/app\/uploads\/sites\/3\/2019\/09\/icon-certificate.svg\" class=\"wp-image-300000116 attachment-4:3 size-4:3\" alt=\"\" data-spai-crop=\"true\" loading=\"lazy\" \/>\n          <\/div>\n        \n                  <h5 class=\"text-center underline\">\n            Ty\u00f6hyvinvoinnin hallintaj\u00e4rjestelm\u00e4n serfitikaatti\n                      <\/h5>\n        \n                  <\/a>\n              <\/div>\n          <div class=\" w-1\/2 sm:w-1\/3 md:w-1\/6 px-8 py-4 md:py-8\">\n                  <a href=\"https:\/\/mutti-parma.com\/app\/uploads\/2023\/10\/certificato-brc-2023.pdf\" target=\"_blank\" class=\"hover:zoom-img\">\n        \n                  \n          <div class=\"responsive-embed is-contain\" style=\"padding-bottom: 75%;\">\n            <img decoding=\"async\" width=\"357\" height=\"496\" src=\"https:\/\/mutti-parma.com\/app\/uploads\/sites\/3\/2019\/09\/icon-certificate.svg\" class=\"wp-image-300000116 attachment-4:3 size-4:3\" alt=\"\" data-spai-crop=\"true\" loading=\"lazy\" \/>\n          <\/div>\n        \n                  <h5 class=\"text-center underline\">\n            BRC-sertifikaatti\n                      <\/h5>\n        \n                  <\/a>\n              <\/div>\n          <div class=\" w-1\/2 sm:w-1\/3 md:w-1\/6 px-8 py-4 md:py-8\">\n                  <a href=\"https:\/\/mutti-parma.com\/app\/uploads\/2023\/10\/certificato-ifs-2023.pdf\" target=\"_blank\" class=\"hover:zoom-img\">\n        \n                  \n          <div class=\"responsive-embed is-contain\" style=\"padding-bottom: 75%;\">\n            <img decoding=\"async\" width=\"357\" height=\"496\" src=\"https:\/\/mutti-parma.com\/app\/uploads\/sites\/3\/2019\/09\/icon-certificate.svg\" class=\"wp-image-300000116 attachment-4:3 size-4:3\" alt=\"\" data-spai-crop=\"true\" loading=\"lazy\" \/>\n          <\/div>\n        \n                  <h5 class=\"text-center underline\">\n            IFS-sertifikaatti\n                      <\/h5>\n        \n                  <\/a>\n              <\/div>\n          <div class=\" w-1\/2 sm:w-1\/3 md:w-1\/6 px-8 py-4 md:py-8\">\n                  <a href=\"https:\/\/mutti-parma.com\/app\/uploads\/2022\/10\/crt-mutti-spa.---uni-11233-20220930-2.pdf\" target=\"_blank\" class=\"hover:zoom-img\">\n        \n                  \n          <div class=\"responsive-embed is-contain\" style=\"padding-bottom: 75%;\">\n            <img decoding=\"async\" width=\"357\" height=\"496\" src=\"https:\/\/mutti-parma.com\/app\/uploads\/sites\/3\/2019\/09\/icon-certificate.svg\" class=\"wp-image-300000116 attachment-4:3 size-4:3\" alt=\"\" data-spai-crop=\"true\" loading=\"lazy\" \/>\n          <\/div>\n        \n                  <h5 class=\"text-center underline\">\n            Integrated Crop Management UNI11233\n                      <\/h5>\n        \n                  <\/a>\n              <\/div>\n          <div class=\" w-1\/2 sm:w-1\/3 md:w-1\/6 px-8 py-4 md:py-8\">\n                  <a href=\"https:\/\/mutti-parma.com\/app\/uploads\/sites\/3\/2021\/10\/sa-8000-10000399377-msc-saas-ita-0-en-us-20210726-20210727054334.pdf\" target=\"\" class=\"hover:zoom-img\">\n        \n                  \n          <div class=\"responsive-embed is-contain\" style=\"padding-bottom: 75%;\">\n            <img decoding=\"async\" width=\"357\" height=\"496\" src=\"https:\/\/mutti-parma.com\/app\/uploads\/sites\/3\/2019\/09\/icon-certificate.svg\" class=\"wp-image-300000116 attachment-4:3 size-4:3\" alt=\"\" data-spai-crop=\"true\" loading=\"lazy\" \/>\n          <\/div>\n        \n                  <h5 class=\"text-center underline\">\n            SA8000-sertifikaatti\n                      <\/h5>\n        \n                  <\/a>\n              <\/div>\n      <\/div>\n<\/div>\n<\/div><\/div>\n\n\n\n<div class=\"wp-block-group alignfull is-layout-flow wp-block-group-is-layout-flow\">\n<p><strong>LUE ARVOISTAMME<\/strong><\/p>\n\n\n\n<ul class=\"wp-block-list\">\n<li><a href=\"https:\/\/mutti-parma.com\/app\/uploads\/sites\/8\/2020\/03\/codice-etico-fi.pdf\">LATAA EETTISET S\u00c4\u00c4NT\u00d6MME<\/a> <\/li>\n<\/ul>\n\n\n\n<h5 class=\"wp-block-heading has-text-align-left has-black-color has-text-color\">LATAA KAIKKI MUTTI SPA:N TIEDOSTOT<\/h5>\n\n\n\n<ul class=\"wp-block-list\">\n<li><a href=\"http:\/\/cdn.mutti-parma.com\/app\/uploads\/sites\/3\/2019\/09\/mutti-spa-modello-231-organisation-management-and-control-model-pursuant-to-italian-legislative-decree-n-231.pdf\">ORGANISAATIO, JOHTAMINEN JA VALVONTA<\/a> (ENG)<\/li>\n\n\n\n<li><a href=\"http:\/\/cdn.mutti-parma.com\/app\/uploads\/sites\/3\/2019\/09\/mutti-spa-code-of-conduct.pdf\">LATAA TOIMINTAPERIAATE-DOKUMENTTI\u00a0<\/a> (ENG)<\/li>\n\n\n\n<li><a href=\"https:\/\/mutti-parma.com\/app\/uploads\/sites\/11\/2026\/02\/mutti-s.p.a.-supplier-code-of-conduct.pdf\">SUPPLIER CODE OF CONDUCT<\/a>   (ENG)<\/li>\n<\/ul>\n\n\n\n<h5 class=\"wp-block-heading has-text-align-left has-black-color has-text-color\">LATAA KAIKKI<br>FIORDAGOSTO SRL:N TIEDOSTOT <\/h5>\n\n\n\n<ul class=\"wp-block-list\">\n<li><a href=\"http:\/\/cdn.mutti-parma.com\/app\/uploads\/sites\/3\/2019\/09\/fiordagosto-modello-231-organisation-management-and-control-model-pursuant-to-italian-legislative-decree-n-231.pdf\">ORGANISAATIO, JOHTAMINEN JA VALVONTA<\/a> (ENG)<\/li>\n\n\n\n<li><a href=\"http:\/\/cdn.mutti-parma.com\/app\/uploads\/sites\/3\/2019\/09\/fiordagosto-srl-code-of-conduct.pdf\">LATAA TOIMINTAPERIAATE-DOKUMENTTI<\/a> (ENG)<\/li>\n<\/ul>\n<\/div>\n\n\n\n<p><strong>KIERR\u00c4TETTY\u00c4 TAIDETTA VIRTUAALIN\u00c4YTTELYSS\u00c4<\/strong><\/p>\n\n\n\n<p><a href=\"https:\/\/mutti-parma.com\/app\/uploads\/sites\/8\/2021\/11\/tervetuloa-muttin-virtuaaliseen-taidegalleriaan.pdf\" data-type=\"URL\" data-id=\"https:\/\/mutti-parma.com\/app\/uploads\/sites\/8\/2021\/11\/tervetuloa-muttin-virtuaaliseen-taidegalleriaan.pdf\">TUTUSTU VIRTUAALISEEN TAIDEGALLERIAAN<\/a><\/p>\n","protected":false},"excerpt":{"rendered":"<p>LUE ARVOISTAMME LATAA KAIKKI MUTTI SPA:N TIEDOSTOT LATAA KAIKKIFIORDAGOSTO SRL:N TIEDOSTOT KIERR\u00c4TETTY\u00c4 TAIDETTA VIRTUAALIN\u00c4YTTELYSS\u00c4 TUTUSTU VIRTUAALISEEN TAIDEGALLERIAAN<\/p>\n","protected":false},"author":1,"featured_media":0,"parent":0,"menu_order":33,"comment_status":"closed","ping_status":"closed","template":"","meta":{"_acf_changed":false,"_relevanssi_hide_post":"","_relevanssi_hide_content":"","_relevanssi_pin_for_all":"","_relevanssi_pin_keywords":"","_relevanssi_unpin_keywords":"","_relevanssi_related_keywords":"","_relevanssi_related_include_ids":"","_relevanssi_related_exclude_ids":"","_relevanssi_related_no_append":"","_relevanssi_related_not_related":"","_relevanssi_related_posts":"","_relevanssi_noindex_reason":"","footnotes":""},"class_list":["post-2674","page","type-page","status-publish","hentry"],"acf":[],"_links":{"self":[{"href":"https:\/\/mutti-parma.com\/fi\/wp-json\/wp\/v2\/pages\/2674","targetHints":{"allow":["GET"]}}],"collection":[{"href":"https:\/\/mutti-parma.com\/fi\/wp-json\/wp\/v2\/pages"}],"about":[{"href":"https:\/\/mutti-parma.com\/fi\/wp-json\/wp\/v2\/types\/page"}],"author":[{"embeddable":true,"href":"https:\/\/mutti-parma.com\/fi\/wp-json\/wp\/v2\/users\/1"}],"replies":[{"embeddable":true,"href":"https:\/\/mutti-parma.com\/fi\/wp-json\/wp\/v2\/comments?post=2674"}],"version-history":[{"count":30,"href":"https:\/\/mutti-parma.com\/fi\/wp-json\/wp\/v2\/pages\/2674\/revisions"}],"predecessor-version":[{"id":13035,"href":"https:\/\/mutti-parma.com\/fi\/wp-json\/wp\/v2\/pages\/2674\/revisions\/13035"}],"wp:attachment":[{"href":"https:\/\/mutti-parma.com\/fi\/wp-json\/wp\/v2\/media?parent=2674"}],"curies":[{"name":"wp","href":"https:\/\/api.w.org\/{rel}","templated":true}]}}