{"id":10102,"date":"2024-02-01T09:51:31","date_gmt":"2024-02-01T09:51:31","guid":{"rendered":"https:\/\/mutti-parma.com\/fi\/?post_type=product&#038;p=10102"},"modified":"2024-02-01T09:51:32","modified_gmt":"2024-02-01T09:51:32","slug":"datterini-ketsuppi","status":"publish","type":"product","link":"https:\/\/mutti-parma.com\/fi\/mutti-tuotteet\/datterini-ketsuppi\/","title":{"rendered":"Datterini ketsuppi"},"content":{"rendered":"\n<div style=\"--media-width: 50\" class=\"wp-block-media-text alignwide has-media-on-the-right is-stacked-on-mobile is-style-hero has-background-image\"><img loading=\"lazy\" decoding=\"async\" class=\"wp-block-media-text__background\" alt=\"\" data-spai-crop=\"true\" src=\"https:\/\/mutti-parma.com\/app\/uploads\/sites\/8\/2019\/10\/ketchupdatterini-050.jpg\" \/><div class=\"wp-block-media-text__content\"><div class=\"acf-breadcrumb my-4 md:my-8 text-center md:text-left\">\n  <nav>\n  <ol class=\"list-none text-md\">\n                  <li class=\"inline\">\n                      <a class=\"text-inherit\" href=\"https:\/\/mutti-parma.com\/fi\/\">\n              Italialaiset tomaatit\n            <\/a>\n                                <span aria-hidden=\"true\">\/&nbsp;<\/span>\n                  <\/li>\n                        <li class=\"inline\">\n                      <a class=\"text-inherit\" href=\"https:\/\/mutti-parma.com\/fi\/mutti-tuotteet\/\">\n              Products\n            <\/a>\n                            <\/li>\n            <\/ol>\n<\/nav>\n<\/div>\n\n\n\n<h1 class=\"wp-block-heading has-primary-color has-text-color\">Datterini ketsuppi<\/h1>\n\n\n\n\n\n<p class=\"has-text-align-right\">Muttin Datterini-ketsuppi on maultaan vahva, mutta siin\u00e4 on ripaus makeutta kiitos luonnostaan makeiden Datterini-tomaattien. Datterini-ketsuppi sis\u00e4lt\u00e4\u00e4 jopa 88% tuoreita italialaisia tomaatteja, taaten puhtaan tomaattisen ja herkullisen mauna. T\u00e4m\u00e4 ketsuppi sopii t\u00e4ydellisesti tasapainottamaan suolaisia, kermaisia ja mausteisia ruokia!<\/p>\n\n\n\n\n<div class=\"acf-characteristics\">\n  <div class=\"flex flex-wrap -m-2 justify-center sm:justify-between\">\n          <div class=\"m-2 w-24 text-center\">\n        <div style=\"height: 41px; width: 80px;\" class=\"mx-auto flex items-end justify-center mx-auto\">\n                      <img decoding=\"async\" width=\"32\" height=\"58\" src=\"https:\/\/mutti-parma.com\/app\/uploads\/sites\/8\/2023\/07\/mutti-icone-dan-datterini-ketchup-4.svg\" class=\"w-full wp-image-10476\" alt=\"\" style=\"max-height: 43px; max-width: 80px;\" loading=\"lazy\" \/>\n                  <\/div>\n        <p class=\"h6 text-inherit mt-3\">Hohtavan punainen v\u00e4ri<\/p>\n      <\/div>\n          <div class=\"m-2 w-24 text-center\">\n        <div style=\"height: 41px; width: 80px;\" class=\"mx-auto flex items-end justify-center mx-auto\">\n                      <img decoding=\"async\" width=\"120\" height=\"63\" src=\"https:\/\/mutti-parma.com\/app\/uploads\/sites\/8\/2023\/09\/suo-sot.svg\" class=\"w-full wp-image-10546\" alt=\"\" style=\"max-height: 43px; max-width: 80px;\" loading=\"lazy\" \/>\n                  <\/div>\n        <p class=\"h6 text-inherit mt-3\">Makea ja rohkea maku<\/p>\n      <\/div>\n          <div class=\"m-2 w-24 text-center\">\n        <div style=\"height: 41px; width: 80px;\" class=\"mx-auto flex items-end justify-center mx-auto\">\n                      <img decoding=\"async\" width=\"53\" height=\"45\" src=\"https:\/\/mutti-parma.com\/app\/uploads\/sites\/8\/2023\/07\/mutti-icone-dan-datterini-ketchup-1-1.svg\" class=\"w-full wp-image-10474\" alt=\"\" style=\"max-height: 43px; max-width: 80px;\" loading=\"lazy\" \/>\n                  <\/div>\n        <p class=\"h6 text-inherit mt-3\">Sile\u00e4 koostumus<\/p>\n      <\/div>\n          <div class=\"m-2 w-24 text-center\">\n        <div style=\"height: 41px; width: 80px;\" class=\"mx-auto flex items-end justify-center mx-auto\">\n                      <img decoding=\"async\" width=\"41\" height=\"50\" src=\"https:\/\/mutti-parma.com\/app\/uploads\/sites\/8\/2023\/07\/mutti-icone-dan-datterini-ketchup-3.svg\" class=\"w-full wp-image-10475\" alt=\"\" style=\"max-height: 43px; max-width: 80px;\" loading=\"lazy\" \/>\n                  <\/div>\n        <p class=\"h6 text-inherit mt-3\">Parhaimmillaan suolaisten ruokien kanssa<\/p>\n      <\/div>\n      <\/div>\n<\/div>\n\n\n<div class=\"acf-product-find-store\">\n  <\/div>\n<\/div><figure class=\"wp-block-media-text__media\"><img loading=\"lazy\" decoding=\"async\" width=\"329\" height=\"1024\" src=\"https:\/\/mutti-parma.com\/app\/uploads\/sites\/8\/2023\/06\/mutti-9761-100-datteriniketch-babyroma-se-fi-v5-1-329x1024.png\" alt=\"\" class=\"wp-image-10121 size-full\" sizes=\"(min-width: 1440px) 528px,37vw\" data-spai-crop=\"false\" srcset=\"https:\/\/mutti-parma.com\/app\/uploads\/sites\/8\/2023\/06\/mutti-9761-100-datteriniketch-babyroma-se-fi-v5-1-329x1024.png 329w, https:\/\/mutti-parma.com\/app\/uploads\/sites\/8\/2023\/06\/mutti-9761-100-datteriniketch-babyroma-se-fi-v5-1-161x500.png 161w, https:\/\/mutti-parma.com\/app\/uploads\/sites\/8\/2023\/06\/mutti-9761-100-datteriniketch-babyroma-se-fi-v5-1-64x200.png 64w, https:\/\/mutti-parma.com\/app\/uploads\/sites\/8\/2023\/06\/mutti-9761-100-datteriniketch-babyroma-se-fi-v5-1-768x2388.png 768w, https:\/\/mutti-parma.com\/app\/uploads\/sites\/8\/2023\/06\/mutti-9761-100-datteriniketch-babyroma-se-fi-v5-1-150x466.png 150w, https:\/\/mutti-parma.com\/app\/uploads\/sites\/8\/2023\/06\/mutti-9761-100-datteriniketch-babyroma-se-fi-v5-1-600x1865.png 600w, https:\/\/mutti-parma.com\/app\/uploads\/sites\/8\/2023\/06\/mutti-9761-100-datteriniketch-babyroma-se-fi-v5-1-494x1536.png 494w, https:\/\/mutti-parma.com\/app\/uploads\/sites\/8\/2023\/06\/mutti-9761-100-datteriniketch-babyroma-se-fi-v5-1.png 853w\" \/><\/figure><\/div>\n\n\n\n\n\n\n<div\n  class=\"acf-how-is-it-made alignwide text-center \"\n  data-vue-wrapper\n  >\n      <h2>Miten se tehd\u00e4\u00e4n?<\/h2>\n  \n  <slideshow :slides-per-view=\"3\" :slides-per-view-sm=\"1\" :slides-per-view-md=\"2\" name=\"How is it made\" class=\"mb-8\">\n      <\/slideshow>\n\n      <p class=\"is-style-cursive text-5xl\">Lis\u00e4tietoja tuotteidemme valmistamisesta<\/p>\n  \n      <h3>Vieraile <a href=\"https:\/\/mutti-parma.com\/fi\/pellolta-poytaan\/\">Field to Table<\/a><\/h3>\n  <\/div>\n\n\n\n\n\n\n\n<hr class=\"wp-block-separator has-alpha-channel-opacity alignwide\"\/>\n\n\n<div class=\"acf-comments alignwide my-8\">\n  <div class=\"flex flex-wrap mb-4 items-center text-center sm:text-left px-0 sm:px-2 md:px-0\">\n    <h3 class=\"w-full sm:w-auto is-style-cursive text-primary my-0 leading-none\">Share and review<\/h3>\n    <div class=\"w-full sm:w-auto flex-auto mt-1 sm:ml-8\">\n          <\/div>\n\n          <div class=\"mx-auto sm:ml-0 mt-3 sm:mt-0\">\n                  <div\n  class=\"shariff\"\n  data-button-style=\"icon\"\n  data-mail-body=\"https:\/\/mutti-parma.com\/fi\/mutti-tuotteet\/datterini-ketsuppi\/\"\n  data-mail-subject=\"Datterini ketsuppi - Mutti\"\n  data-mail-url=\"mailto:\"\n  data-media-url=\"https:\/\/mutti-parma.com\/app\/uploads\/sites\/8\/2023\/06\/mutti-9761-100-datteriniketch-babyroma-se-fi-v5-1.png\"\n  data-services=\"[&#039;facebook&#039;, &#039;twitter&#039;, &#039;whatsapp&#039;, &#039;pinterest&#039;, &#039;mail&#039;]\"\n><\/div>\n              <\/div>\n      <\/div>\n\n  <div>\n                <\/div>\n<\/div>\n\n\n\n<hr class=\"wp-block-separator has-alpha-channel-opacity alignwide\"\/>\n\n\n\n<div class=\"wp-block-cover alignwide has-background-dim-80 has-darkred-background-color has-background-dim\" style=\"background-image:url(https:\/\/mutti-parma.com\/app\/uploads\/sites\/3\/2019\/09\/tomatoes.jpg)\"><div class=\"wp-block-cover__inner-container is-layout-flow wp-block-cover-is-layout-flow\">\n<div class=\"wp-block-columns alignwide is-layout-flex wp-container-core-columns-is-layout-9d6595d7 wp-block-columns-is-layout-flex\">\n<div class=\"wp-block-column is-layout-flow wp-block-column-is-layout-flow\">\n<h2 class=\"wp-block-heading\" id=\"kestava-kehitys\"><strong>KEST\u00c4V\u00c4 KEHITYS<\/strong><\/h2>\n\n\n\n<p class=\"is-style-cursive mb-0\">Meille kest\u00e4v\u00e4 kehitys merkitsee kunnioitusta maata kohtaan.<\/p>\n\n\n\n<h4 class=\"wp-block-heading\">YHTEISTY\u00d6 ITALIAN WWF:N KANSSA<\/h4>\n\n\n\n<p>Olemme ty\u00f6skennelleet Italian WWF:n kanssa v\u00e4hent\u00e4\u00e4ksemme vedenkulutustamme ja hiilidioksidip\u00e4\u00e4st\u00f6j\u00e4mme. Pyrimme my\u00f6s jatkuvasti kehitt\u00e4m\u00e4\u00e4n koko tuotantoketjuamme v\u00e4hent\u00e4\u00e4ksemme toimintamme ymp\u00e4rist\u00f6kuormitusta.  <\/p>\n\n\n\n<p>Italian WWF auttoi meit\u00e4 asettamaan tavoitteita ja antoi viljelij\u00f6ille mahdollisuuden analysoida ja tunnistaa vaikuttamisen keinoja. J\u00e4rjest\u00f6 suositteli meit\u00e4 k\u00e4ytt\u00e4m\u00e4\u00e4n maaper\u00e4n kosteutta mittaavia tunnistimia, joiden avulla saimme hy\u00f6dyllist\u00e4 tietoa tehokkaasta vedenk\u00e4yt\u00f6st\u00e4. <\/p>\n\n\n\n<p>Mutti sijoitti teknologiaan, koulutukseen sek\u00e4 maanviljelij\u00f6iden ja maanviljelyj\u00e4rjest\u00f6jen tekniseen tukemiseen. Viiden vuoden yhteisprojektin j\u00e4lkeen olemme yh\u00e4 sitoutuneita pienent\u00e4m\u00e4\u00e4n ymp\u00e4rist\u00f6vaikutuksiamme ja etsimme jatkuvasti uusia keinoja tuotantomme kest\u00e4vyyden parantamiseksi.<\/p>\n<\/div>\n\n\n\n<div class=\"wp-block-column is-layout-flow wp-block-column-is-layout-flow\">\n<h2 class=\"has-text-align-center wp-block-heading\">TULOKSET:<\/h2>\n\n\n\n<div class=\"wp-block-columns is-layout-flex wp-container-core-columns-is-layout-9d6595d7 wp-block-columns-is-layout-flex\">\n<div class=\"wp-block-column is-layout-flow wp-block-column-is-layout-flow\">\n<div class=\"wp-block-image\"><figure class=\"aligncenter size-large is-resized\"><img loading=\"lazy\" decoding=\"async\" src=\"https:\/\/mutti-parma.com\/app\/uploads\/sites\/3\/2019\/09\/icon-sustainable-water.svg\" alt=\"\" class=\"wp-image-30000085\" width=\"53\" height=\"91\" \/><\/figure><\/div>\n\n\n\n<h4 class=\"has-text-align-center wp-block-heading\"><br>+1000 MILJOONAA S\u00c4\u00c4STETTY\u00c4 VESILITRAA*<\/h4>\n\n\n\n<p class=\"has-text-align-center has-sm-font-size\">*&nbsp; Vuosien 2012\u20132014 v\u00e4lill\u00e4. (L\u00e4hde: CMCC, WWF ja Mediterranean Climate Change Center in Italy)<\/p>\n<\/div>\n\n\n\n<div class=\"wp-block-column is-layout-flow wp-block-column-is-layout-flow\">\n<div class=\"wp-block-image\"><figure class=\"aligncenter size-large is-resized\"><img loading=\"lazy\" decoding=\"async\" src=\"https:\/\/mutti-parma.com\/app\/uploads\/sites\/3\/2019\/09\/icon-sustainable-co2.svg\" alt=\"\" class=\"wp-image-30000086\" width=\"114\" height=\"88\" \/><\/figure><\/div>\n\n\n\n<h4 class=\"has-text-align-center wp-block-heading\"><br>+31 530 TONNIA V\u00c4LTETTYJ\u00c4 CO2 P\u00c4\u00c4ST\u00d6J\u00c4*<\/h4>\n\n\n\n<p class=\"has-text-align-center has-sm-font-size\">* Vuosien 2010\u20132015 v\u00e4lill\u00e4 verrattuna vuoden 2009 tasoihin. (L\u00e4hde: Italian WWF:n ja energiatehokkuusryhm\u00e4 Officinae Verdin tiedot)<\/p>\n<\/div>\n<\/div>\n<\/div>\n<\/div>\n<\/div><\/div>\n\n\n\n\n\n\n\n\n\n\n<div class=\"acf-related-recipes alignwide pb-8 \" data-vue-wrapper>\n      <slideshow :slides-per-view=\"3\" :navigation=\"true\" name=\"Related Recipes\">\n              <div class=\"swiper-slide\">\n          <div class=\"teaser--recipe text-center hover:zoom-img\">\n      <a href=\"https:\/\/mutti-parma.com\/fi\/tomaattireseptit\/ranskalaiset-2\/\" class=\"relative block mb-4 max-w-96 mx-auto\" aria-hidden=\"true\" tabindex=\"-1\">\n      <div class=\"responsive-embed \" style=\"padding-bottom: 108.79765395894%;\">\n                <img decoding=\"async\" width=\"2048\" height=\"2560\" src=\"https:\/\/mutti-parma.com\/app\/uploads\/sites\/8\/2024\/05\/muttiranskalaiset-9704-scaled.jpg\" class=\"inline-block wp-image-11476 wpsmartcrop-image wpsmartcrop-image\" alt=\"Ranskalaiset\" sizes=\"auto, (max-width: 600px) 72vw, 431px\" data-spai-crop=\"false\" title=\"Ranskalaiset\" srcset=\"https:\/\/mutti-parma.com\/app\/uploads\/sites\/8\/2024\/05\/muttiranskalaiset-9704-scaled.jpg 2048w, https:\/\/mutti-parma.com\/app\/uploads\/sites\/8\/2024\/05\/muttiranskalaiset-9704-scaled-400x500.jpg 400w, https:\/\/mutti-parma.com\/app\/uploads\/sites\/8\/2024\/05\/muttiranskalaiset-9704-scaled-819x1024.jpg 819w, https:\/\/mutti-parma.com\/app\/uploads\/sites\/8\/2024\/05\/muttiranskalaiset-9704-scaled-160x200.jpg 160w, https:\/\/mutti-parma.com\/app\/uploads\/sites\/8\/2024\/05\/muttiranskalaiset-9704-scaled-768x960.jpg 768w, https:\/\/mutti-parma.com\/app\/uploads\/sites\/8\/2024\/05\/muttiranskalaiset-9704-scaled-150x188.jpg 150w, https:\/\/mutti-parma.com\/app\/uploads\/sites\/8\/2024\/05\/muttiranskalaiset-9704-scaled-600x750.jpg 600w, https:\/\/mutti-parma.com\/app\/uploads\/sites\/8\/2024\/05\/muttiranskalaiset-9704-scaled-1229x1536.jpg 1229w, https:\/\/mutti-parma.com\/app\/uploads\/sites\/8\/2024\/05\/muttiranskalaiset-9704-scaled-1638x2048.jpg 1638w\" data-smartcrop-focus=\"[41,68]\" loading=\"lazy\" style=\"object-position: 41% 68%;\" \/>\n      <\/div>\n\n          <\/a>\n  \n  \n      <a class=\"is-style-cursive heading block text-primary leading-none\" href=\"https:\/\/mutti-parma.com\/fi\/mutti-tuotteet\/datterini-ketsuppi\/\">\n      Datterini ketsuppi\n    <\/a>\n  \n  <a class=\"block my-4\" href=\"https:\/\/mutti-parma.com\/fi\/tomaattireseptit\/ranskalaiset-2\/\">\n          <h3>Ranskalaiset<\/h3>\n      <\/a>\n\n  \n  <div class=\"flex items-center justify-center my-4\">\n    <div class=\"-ml-2 mr-2 pr-4 border-primary border-r-2 pt-2\">\n    <p class=\"flex flex-wrap items-end font-heavy text-primary leading-none justify-center\">\n      <img decoding=\"async\" alt=\"Total time\" class=\"w-10 md:w-12 mx-3 mb-2\" src=\"https:\/\/mutti-parma.com\/app\/themes\/mutti\/dist\/images\/icons\/mutti-product-icons-reduced-cooking-time.svg?id=dc737ade6befaad1eaaf\" width=\"54\" height=\"26\" loading=\"lazy\">\n      <span class=\"mb-2\">\n        1h\n      <\/span>\n    <\/p>\n  <\/div>\n  <div class=\"pt-2\">\n    <p class=\"flex flex-wrap items-end font-heavy uppercase text-primary leading-none justify-center\">\n      <img decoding=\"async\" alt=\"Difficulty\" class=\"w-10 md:w-12 mx-3 mb-2\" src=\"https:\/\/mutti-parma.com\/app\/themes\/mutti\/dist\/images\/icons\/mutti-product-icons-stove-top.svg?id=5f4b0df898a96e10ac63\" width=\"54\" height=\"18\" loading=\"lazy\">\n      <span class=\"mb-2\">\n        Keskiverto\n      <\/span>\n    <\/p>\n  <\/div>\n  <\/div>\n<\/div>\n        <\/div>\n              <div class=\"swiper-slide\">\n          <div class=\"teaser--recipe text-center hover:zoom-img\">\n      <a href=\"https:\/\/mutti-parma.com\/fi\/tomaattireseptit\/kasvishampurilainen-3\/\" class=\"relative block mb-4 max-w-96 mx-auto\" aria-hidden=\"true\" tabindex=\"-1\">\n      <div class=\"responsive-embed \" style=\"padding-bottom: 108.79765395894%;\">\n                <img decoding=\"async\" width=\"2048\" height=\"2560\" src=\"https:\/\/mutti-parma.com\/app\/uploads\/sites\/8\/2024\/05\/muttihampurilainen-9598--scaled.jpg\" class=\"inline-block wp-image-11434 wpsmartcrop-image wpsmartcrop-image\" alt=\"Kasvishampurilainen\" sizes=\"auto, (max-width: 600px) 72vw, 431px\" data-spai-crop=\"false\" title=\"Kasvishampurilainen\" srcset=\"https:\/\/mutti-parma.com\/app\/uploads\/sites\/8\/2024\/05\/muttihampurilainen-9598--scaled.jpg 2048w, https:\/\/mutti-parma.com\/app\/uploads\/sites\/8\/2024\/05\/muttihampurilainen-9598--scaled-400x500.jpg 400w, https:\/\/mutti-parma.com\/app\/uploads\/sites\/8\/2024\/05\/muttihampurilainen-9598--scaled-819x1024.jpg 819w, https:\/\/mutti-parma.com\/app\/uploads\/sites\/8\/2024\/05\/muttihampurilainen-9598--scaled-160x200.jpg 160w, https:\/\/mutti-parma.com\/app\/uploads\/sites\/8\/2024\/05\/muttihampurilainen-9598--scaled-768x960.jpg 768w, https:\/\/mutti-parma.com\/app\/uploads\/sites\/8\/2024\/05\/muttihampurilainen-9598--scaled-150x188.jpg 150w, https:\/\/mutti-parma.com\/app\/uploads\/sites\/8\/2024\/05\/muttihampurilainen-9598--scaled-600x750.jpg 600w, https:\/\/mutti-parma.com\/app\/uploads\/sites\/8\/2024\/05\/muttihampurilainen-9598--scaled-1229x1536.jpg 1229w, https:\/\/mutti-parma.com\/app\/uploads\/sites\/8\/2024\/05\/muttihampurilainen-9598--scaled-1638x2048.jpg 1638w\" data-smartcrop-focus=\"[41,66]\" loading=\"lazy\" style=\"object-position: 41% 66%;\" \/>\n      <\/div>\n\n          <\/a>\n  \n  \n      <a class=\"is-style-cursive heading block text-primary leading-none\" href=\"https:\/\/mutti-parma.com\/fi\/mutti-tuotteet\/datterini-ketsuppi\/\">\n      Datterini ketsuppi\n    <\/a>\n  \n  <a class=\"block my-4\" href=\"https:\/\/mutti-parma.com\/fi\/tomaattireseptit\/kasvishampurilainen-3\/\">\n          <h3>Kasvishampurilainen<\/h3>\n      <\/a>\n\n  \n  <div class=\"flex items-center justify-center my-4\">\n    <div class=\"-ml-2 mr-2 pr-4 border-primary border-r-2 pt-2\">\n    <p class=\"flex flex-wrap items-end font-heavy text-primary leading-none justify-center\">\n      <img decoding=\"async\" alt=\"Total time\" class=\"w-10 md:w-12 mx-3 mb-2\" src=\"https:\/\/mutti-parma.com\/app\/themes\/mutti\/dist\/images\/icons\/mutti-product-icons-reduced-cooking-time.svg?id=dc737ade6befaad1eaaf\" width=\"54\" height=\"26\" loading=\"lazy\">\n      <span class=\"mb-2\">\n        30&nbsp;min\n      <\/span>\n    <\/p>\n  <\/div>\n  <div class=\"pt-2\">\n    <p class=\"flex flex-wrap items-end font-heavy uppercase text-primary leading-none justify-center\">\n      <img decoding=\"async\" alt=\"Difficulty\" class=\"w-10 md:w-12 mx-3 mb-2\" src=\"https:\/\/mutti-parma.com\/app\/themes\/mutti\/dist\/images\/icons\/mutti-product-icons-stove-top.svg?id=5f4b0df898a96e10ac63\" width=\"54\" height=\"18\" loading=\"lazy\">\n      <span class=\"mb-2\">\n        Helppo\n      <\/span>\n    <\/p>\n  <\/div>\n  <\/div>\n<\/div>\n        <\/div>\n          <\/slideshow>\n  \n  <hr class=\"alignwide wp-block-separator\">\n\n      <p class=\"text-center\">\n      <a class=\"h3 underline\" href=\"https:\/\/mutti-parma.com\/fi\/tomaattireseptit\/\">N\u00e4e kaikki herkulliset reseptimme<\/a>\n    <\/p>\n  <\/div>\n\n\n<div class=\"acf-related-products mb-8 lg:mb-16 \" data-vue-wrapper>\n      <h3 class=\"text-center\">Muita tuotteita kategoriassa<\/h3>\n  \n      <slideshow :slides-per-view=\"3\" :navigation=\"true\" class=\"mx-8 lg:-mx-12\" name=\"Related Products\">\n              <div class=\"swiper-slide\">\n          <div class=\"text-center hover:lift-img mx-auto max-w-28\">\n      <a href=\"https:\/\/mutti-parma.com\/fi\/mutti-tuotteet\/original-ketsuppi\/\" class=\"block\">\n            <div class=\"responsive-embed is-contain\" style=\"padding-bottom: 188.23529411765%;\"><img decoding=\"async\" width=\"825\" height=\"2707\" src=\"https:\/\/mutti-parma.com\/app\/uploads\/sites\/8\/2019\/10\/mutti-9762-100-origketch-roundtom-no-dk-v6-1-1.png\" class=\"inline-block mt-2 wp-image-10118\" alt=\"Original ketsuppi\" sizes=\"auto, 126px\" data-spai-crop=\"false\" title=\"Original ketsuppi\" srcset=\"https:\/\/mutti-parma.com\/app\/uploads\/sites\/8\/2019\/10\/mutti-9762-100-origketch-roundtom-no-dk-v6-1-1.png 825w, https:\/\/mutti-parma.com\/app\/uploads\/sites\/8\/2019\/10\/mutti-9762-100-origketch-roundtom-no-dk-v6-1-1-152x500.png 152w, https:\/\/mutti-parma.com\/app\/uploads\/sites\/8\/2019\/10\/mutti-9762-100-origketch-roundtom-no-dk-v6-1-1-312x1024.png 312w, https:\/\/mutti-parma.com\/app\/uploads\/sites\/8\/2019\/10\/mutti-9762-100-origketch-roundtom-no-dk-v6-1-1-61x200.png 61w, https:\/\/mutti-parma.com\/app\/uploads\/sites\/8\/2019\/10\/mutti-9762-100-origketch-roundtom-no-dk-v6-1-1-768x2520.png 768w, https:\/\/mutti-parma.com\/app\/uploads\/sites\/8\/2019\/10\/mutti-9762-100-origketch-roundtom-no-dk-v6-1-1-150x492.png 150w, https:\/\/mutti-parma.com\/app\/uploads\/sites\/8\/2019\/10\/mutti-9762-100-origketch-roundtom-no-dk-v6-1-1-600x1969.png 600w, https:\/\/mutti-parma.com\/app\/uploads\/sites\/8\/2019\/10\/mutti-9762-100-origketch-roundtom-no-dk-v6-1-1-468x1536.png 468w, https:\/\/mutti-parma.com\/app\/uploads\/sites\/8\/2019\/10\/mutti-9762-100-origketch-roundtom-no-dk-v6-1-1-624x2048.png 624w\" loading=\"lazy\" \/><\/div>\n    <\/a>\n  \n  <a class=\"block underline mb-2 mt-2\" href=\"https:\/\/mutti-parma.com\/fi\/mutti-tuotteet\/original-ketsuppi\/\">\n    <h3 class=\"h4\">Original ketsuppi<\/h3>\n  <\/a>\n\n  <\/div>\n        <\/div>\n          <\/slideshow>\n  <\/div>\n\n\n\n<div class=\"wp-block-cover alignwide has-background-dim-20 has-background-dim\" style=\"background-image:url(https:\/\/mutti-parma.com\/app\/uploads\/sites\/3\/2020\/12\/table.jpg)\"><div class=\"wp-block-cover__inner-container is-layout-flow wp-block-cover-is-layout-flow\">\n<div class=\"wp-block-media-text alignwide is-stacked-on-mobile is-style-default\" style=\"grid-template-columns:32% auto\"><figure class=\"wp-block-media-text__media\"><img loading=\"lazy\" decoding=\"async\" src=\"https:\/\/mutti-parma.com\/app\/uploads\/sites\/3\/2020\/02\/products-essentials-e1582204403666.png\" alt=\"\" class=\"wp-image-300000352\" sizes=\"(max-width: 600px) 100vw, (min-width: 1440px) 461px,32vw\" data-spai-crop=\"false\" srcset=\"https:\/\/mutti-parma.com\/app\/uploads\/sites\/3\/2020\/02\/products-essentials-e1582204403666.png 565w, https:\/\/mutti-parma.com\/app\/uploads\/sites\/3\/2020\/02\/products-essentials-e1582204403666-200x173.png 200w, https:\/\/mutti-parma.com\/app\/uploads\/sites\/3\/2020\/02\/products-essentials-e1582204403666-500x432.png 500w, https:\/\/mutti-parma.com\/app\/uploads\/sites\/3\/2020\/02\/products-essentials-e1582204403666-150x130.png 150w\" \/><\/figure><div class=\"wp-block-media-text__content\">\n<h2 class=\"wp-block-heading\">Tutustu klassikkotuotteisiimme<\/h2>\n\n\n\n<p class=\"is-style-cursive\">L\u00f6yd\u00e4 Polpa, Concentrato, Passata ja Pelati <\/p>\n\n\n\n<div class=\"wp-block-button\"><a class=\"wp-block-button__link\" href=\"https:\/\/mutti-parma.com\/fi\/vertaa-muttin-klassikot\/\">Vertaile klassikkotuotteitamme<\/a><\/div>\n<\/div><\/div>\n<\/div><\/div>\n","protected":false},"excerpt":{"rendered":"","protected":false},"featured_media":10121,"comment_status":"open","ping_status":"closed","template":"","product_category":[1660],"class_list":["post-10102","product","type-product","status-publish","has-post-thumbnail","hentry","product_category-product-category-10081"],"acf":[],"_links":{"self":[{"href":"https:\/\/mutti-parma.com\/fi\/wp-json\/wp\/v2\/product\/10102","targetHints":{"allow":["GET"]}}],"collection":[{"href":"https:\/\/mutti-parma.com\/fi\/wp-json\/wp\/v2\/product"}],"about":[{"href":"https:\/\/mutti-parma.com\/fi\/wp-json\/wp\/v2\/types\/product"}],"replies":[{"embeddable":true,"href":"https:\/\/mutti-parma.com\/fi\/wp-json\/wp\/v2\/comments?post=10102"}],"version-history":[{"count":34,"href":"https:\/\/mutti-parma.com\/fi\/wp-json\/wp\/v2\/product\/10102\/revisions"}],"predecessor-version":[{"id":10680,"href":"https:\/\/mutti-parma.com\/fi\/wp-json\/wp\/v2\/product\/10102\/revisions\/10680"}],"wp:featuredmedia":[{"embeddable":true,"href":"https:\/\/mutti-parma.com\/fi\/wp-json\/wp\/v2\/media\/10121"}],"wp:attachment":[{"href":"https:\/\/mutti-parma.com\/fi\/wp-json\/wp\/v2\/media?parent=10102"}],"wp:term":[{"taxonomy":"product_category","embeddable":true,"href":"https:\/\/mutti-parma.com\/fi\/wp-json\/wp\/v2\/product_category?post=10102"}],"curies":[{"name":"wp","href":"https:\/\/api.w.org\/{rel}","templated":true}]}}