{"id":13125,"date":"2026-03-17T16:14:34","date_gmt":"2026-03-17T16:14:34","guid":{"rendered":"https:\/\/mutti-parma.com\/fi\/?post_type=product&#038;p=13125"},"modified":"2026-03-17T16:14:36","modified_gmt":"2026-03-17T16:14:36","slug":"pastakastike-valkosipulilla","status":"publish","type":"product","link":"https:\/\/mutti-parma.com\/fi\/mutti-tuotteet\/pastakastike-valkosipulilla\/","title":{"rendered":"Pastakastike valkosipulilla"},"content":{"rendered":"\n<div style=\"--media-width: 35\" class=\"wp-block-media-text alignwide has-media-on-the-right is-stacked-on-mobile is-style-hero has-background-image\"><img loading=\"lazy\" decoding=\"async\" class=\"wp-block-media-text__background\" alt=\"\" data-spai-crop=\"true\" src=\"https:\/\/mutti-parma.com\/app\/uploads\/sites\/14\/2020\/07\/12-sugo-basilico.png\" \/><div class=\"wp-block-media-text__content\"><div class=\"acf-breadcrumb my-4 md:my-8 text-center md:text-left\">\n  <nav>\n  <ol class=\"list-none text-md\">\n                  <li class=\"inline\">\n                      <a class=\"text-inherit\" href=\"https:\/\/mutti-parma.com\/fi\/\">\n              Italialaiset tomaatit\n            <\/a>\n                                <span aria-hidden=\"true\">\/&nbsp;<\/span>\n                  <\/li>\n                        <li class=\"inline\">\n                      <a class=\"text-inherit\" href=\"https:\/\/mutti-parma.com\/fi\/mutti-tuotteet\/\">\n              Products\n            <\/a>\n                            <\/li>\n            <\/ol>\n<\/nav>\n<\/div>\n\n\n\n<h1 class=\"wp-block-heading has-primary-color has-text-color\">Pastakastike valkosipulilla<\/h1>\n\n\n\n<p class=\"is-style-cursive has-xxl-font-size\">Pastakastikkeet ja tomaattipesto<\/p>\n\n\n\n<p>Muttin pastakastikkeet syntyiv\u00e4t rakkaudesta ruoanlaittoon ja halusta tarjota rakkaimmillemme vain parasta. Siksi pastakastikkeissamme k\u00e4ytet\u00e4\u00e4n 100% italialaisia tomaatteja, joiden ainoa makeutusaine on aurinko ja huolella valittuja, parhaita italialaisia ainesosia. Emme lis\u00e4\u00e4 kastikkeisiin sokeria tai mit\u00e4\u00e4n muutakaan ylim\u00e4\u00e4r\u00e4ist\u00e4, jotta purkin avatessasi kohtaat aidot maut ja tuoksut, jotka tuovat Italian suoraan keitti\u00f6\u00f6si!<br><br>T\u00e4m\u00e4 pastakastike on h\u00f6ystetty italialaisella DOP-sertifioidulla Aglio di Voghiera -valkosipulilla, joka tunnetaan hienostuneesta aromistaan ja liev\u00e4st\u00e4 makeudestaan. Maineikas DOP-sinetti takaa tuotteen aitouden, perinteikkyyden ja tunnistettavan aromin. Jokaisessa suupalassa maistuu tuoreena ker\u00e4tty valkosipuli.<\/p>\n\n\n\n\n<\/div><figure class=\"wp-block-media-text__media\"><img loading=\"lazy\" decoding=\"async\" width=\"499\" height=\"1024\" src=\"https:\/\/mutti-parma.com\/app\/uploads\/sites\/8\/2026\/03\/00000-pasta-sauce-garlic-400g-nord-eu-10368-300-499x1024.png\" alt=\"\" class=\"wp-image-13130 size-full\" sizes=\"(min-width: 1440px) 336px,23vw\" data-spai-crop=\"false\" srcset=\"https:\/\/mutti-parma.com\/app\/uploads\/sites\/8\/2026\/03\/00000-pasta-sauce-garlic-400g-nord-eu-10368-300-499x1024.png 499w, https:\/\/mutti-parma.com\/app\/uploads\/sites\/8\/2026\/03\/00000-pasta-sauce-garlic-400g-nord-eu-10368-300-243x500.png 243w, https:\/\/mutti-parma.com\/app\/uploads\/sites\/8\/2026\/03\/00000-pasta-sauce-garlic-400g-nord-eu-10368-300-97x200.png 97w, https:\/\/mutti-parma.com\/app\/uploads\/sites\/8\/2026\/03\/00000-pasta-sauce-garlic-400g-nord-eu-10368-300-768x1577.png 768w, https:\/\/mutti-parma.com\/app\/uploads\/sites\/8\/2026\/03\/00000-pasta-sauce-garlic-400g-nord-eu-10368-300-150x308.png 150w, https:\/\/mutti-parma.com\/app\/uploads\/sites\/8\/2026\/03\/00000-pasta-sauce-garlic-400g-nord-eu-10368-300-600x1232.png 600w, https:\/\/mutti-parma.com\/app\/uploads\/sites\/8\/2026\/03\/00000-pasta-sauce-garlic-400g-nord-eu-10368-300-748x1536.png 748w, https:\/\/mutti-parma.com\/app\/uploads\/sites\/8\/2026\/03\/00000-pasta-sauce-garlic-400g-nord-eu-10368-300-997x2048.png 997w, https:\/\/mutti-parma.com\/app\/uploads\/sites\/8\/2026\/03\/00000-pasta-sauce-garlic-400g-nord-eu-10368-300.png 1148w\" \/><\/figure><\/div>\n\n\n\n\n\n<div class=\"wp-block-media-text alignwide\" style=\"grid-template-columns:32% auto\"><figure class=\"wp-block-media-text__media\"><video\n  \n  autoplay\n  playsinline\n  muted\n  loop\n  loading=\"lazy\"\n  \n  \n  \n\n  \n  >\n            <source src=\"https:\/\/cdn.mutti-parma.com\/app\/uploads\/sites\/8\/2019\/10\/genuine-sauce-pour-1-1-low.mp4\" type=\"video\/mp4\">\n      <\/video>\n\n<\/figure><div class=\"wp-block-media-text__content\">\n<h2 class=\"wp-block-heading\">T\u00e4llainen on pastakastike valkosipulilla<\/h2>\n\n\n\n\n\n<p>Muttilla keskityt\u00e4\u00e4n tekem\u00e4\u00e4n parasta<ins>,<\/ins> mit\u00e4 tomaatista voi tehd\u00e4. Mik\u00e4p\u00e4 olisi tyypillisempi ja herkullisempi tapa tuoda Italia lautaselle kuin punaiset pastakastikkeet? Meid\u00e4n kastikkeidemme valmistetaan vain  parhaista raaka-aineista ja niiden koostumus on ihanteellinen melkein mink\u00e4 vain pastaruoan seurassa. Valitse makusi ja loihdi el\u00e4m\u00e4si pasta-ateria!<\/p>\n<\/div><\/div>\n\n\n\n\n\n\n\n\n\n<hr class=\"wp-block-separator has-css-opacity alignwide\"\/>\n\n\n<div class=\"acf-comments alignwide my-8\">\n  <div class=\"flex flex-wrap mb-4 items-center text-center sm:text-left px-0 sm:px-2 md:px-0\">\n    <h3 class=\"w-full sm:w-auto is-style-cursive text-primary my-0 leading-none\">Share and review<\/h3>\n    <div class=\"w-full sm:w-auto flex-auto mt-1 sm:ml-8\">\n          <\/div>\n\n          <div class=\"mx-auto sm:ml-0 mt-3 sm:mt-0\">\n                  <div\n  class=\"shariff\"\n  data-button-style=\"icon\"\n  data-mail-body=\"https:\/\/mutti-parma.com\/fi\/mutti-tuotteet\/pastakastike-valkosipulilla\/\"\n  data-mail-subject=\"Pastakastike valkosipulilla - Mutti\"\n  data-mail-url=\"mailto:\"\n  data-media-url=\"https:\/\/mutti-parma.com\/app\/uploads\/sites\/8\/2026\/03\/00000-pasta-sauce-garlic-400g-nord-eu-10368-300.png\"\n  data-services=\"[&#039;facebook&#039;, &#039;twitter&#039;, &#039;whatsapp&#039;, &#039;pinterest&#039;, &#039;mail&#039;]\"\n><\/div>\n              <\/div>\n      <\/div>\n\n  <div>\n                <\/div>\n<\/div>\n\n\n\n<hr class=\"wp-block-separator has-css-opacity alignwide\"\/>\n\n\n\n<div class=\"wp-block-cover alignwide has-background-dim-80 has-darkred-background-color has-background-dim\" style=\"background-image:url(https:\/\/mutti-parma.com\/app\/uploads\/sites\/3\/2019\/09\/tomatoes.jpg)\"><div class=\"wp-block-cover__inner-container is-layout-flow wp-block-cover-is-layout-flow\">\n<div class=\"wp-block-columns alignwide is-layout-flex wp-container-core-columns-is-layout-9d6595d7 wp-block-columns-is-layout-flex\">\n<div class=\"wp-block-column is-layout-flow wp-block-column-is-layout-flow\">\n<h2 class=\"wp-block-heading\" id=\"kestava-kehitys\"><strong>KEST\u00c4V\u00c4 KEHITYS<\/strong><\/h2>\n\n\n\n<p class=\"is-style-cursive mb-0\">Meille kest\u00e4v\u00e4 kehitys merkitsee kunnioitusta maata kohtaan.<\/p>\n\n\n\n<h4 class=\"wp-block-heading\">YHTEISTY\u00d6 ITALIAN WWF:N KANSSA<\/h4>\n\n\n\n<p>Olemme ty\u00f6skennelleet Italian WWF:n kanssa v\u00e4hent\u00e4\u00e4ksemme vedenkulutustamme ja hiilidioksidip\u00e4\u00e4st\u00f6j\u00e4mme. Pyrimme my\u00f6s jatkuvasti kehitt\u00e4m\u00e4\u00e4n koko tuotantoketjuamme v\u00e4hent\u00e4\u00e4ksemme toimintamme ymp\u00e4rist\u00f6kuormitusta.  <\/p>\n\n\n\n<p>Italian WWF auttoi meit\u00e4 asettamaan tavoitteita ja antoi viljelij\u00f6ille mahdollisuuden analysoida ja tunnistaa vaikuttamisen keinoja. J\u00e4rjest\u00f6 suositteli meit\u00e4 k\u00e4ytt\u00e4m\u00e4\u00e4n maaper\u00e4n kosteutta mittaavia tunnistimia, joiden avulla saimme hy\u00f6dyllist\u00e4 tietoa tehokkaasta vedenk\u00e4yt\u00f6st\u00e4. <\/p>\n\n\n\n<p>Mutti sijoitti teknologiaan, koulutukseen sek\u00e4 maanviljelij\u00f6iden ja maanviljelyj\u00e4rjest\u00f6jen tekniseen tukemiseen. Viiden vuoden yhteisprojektin j\u00e4lkeen olemme yh\u00e4 sitoutuneita pienent\u00e4m\u00e4\u00e4n ymp\u00e4rist\u00f6vaikutuksiamme ja etsimme jatkuvasti uusia keinoja tuotantomme kest\u00e4vyyden parantamiseksi.<\/p>\n<\/div>\n\n\n\n<div class=\"wp-block-column is-layout-flow wp-block-column-is-layout-flow\">\n<h2 class=\"has-text-align-center wp-block-heading\">TULOKSET:<\/h2>\n\n\n\n<div class=\"wp-block-columns is-layout-flex wp-container-core-columns-is-layout-9d6595d7 wp-block-columns-is-layout-flex\">\n<div class=\"wp-block-column is-layout-flow wp-block-column-is-layout-flow\">\n<div class=\"wp-block-image\"><figure class=\"aligncenter size-large is-resized\"><img loading=\"lazy\" decoding=\"async\" src=\"https:\/\/mutti-parma.com\/app\/uploads\/sites\/3\/2019\/09\/icon-sustainable-water.svg\" alt=\"\" class=\"wp-image-30000085\" width=\"53\" height=\"91\" \/><\/figure><\/div>\n\n\n\n<h4 class=\"has-text-align-center wp-block-heading\"><br>+1000 MILJOONAA S\u00c4\u00c4STETTY\u00c4 VESILITRAA*<\/h4>\n\n\n\n<p class=\"has-text-align-center has-sm-font-size\">*&nbsp; Vuosien 2012\u20132014 v\u00e4lill\u00e4. (L\u00e4hde: CMCC, WWF ja Mediterranean Climate Change Center in Italy)<\/p>\n<\/div>\n\n\n\n<div class=\"wp-block-column is-layout-flow wp-block-column-is-layout-flow\">\n<div class=\"wp-block-image\"><figure class=\"aligncenter size-large is-resized\"><img loading=\"lazy\" decoding=\"async\" src=\"https:\/\/mutti-parma.com\/app\/uploads\/sites\/3\/2019\/09\/icon-sustainable-co2.svg\" alt=\"\" class=\"wp-image-30000086\" width=\"114\" height=\"88\" \/><\/figure><\/div>\n\n\n\n<h4 class=\"has-text-align-center wp-block-heading\"><br>+31 530 TONNIA V\u00c4LTETTYJ\u00c4 CO2 P\u00c4\u00c4ST\u00d6J\u00c4*<\/h4>\n\n\n\n<p class=\"has-text-align-center has-sm-font-size\">* Vuosien 2010\u20132015 v\u00e4lill\u00e4 verrattuna vuoden 2009 tasoihin. (L\u00e4hde: Italian WWF:n ja energiatehokkuusryhm\u00e4 Officinae Verdin tiedot)<\/p>\n<\/div>\n<\/div>\n<\/div>\n<\/div>\n<\/div><\/div>\n\n\n\n\n\n\n\n\n\n\n\n\n<div class=\"acf-related-products mb-8 lg:mb-16 \" data-vue-wrapper>\n      <h3 class=\"text-center\">Muita tuotteita kategoriassa<\/h3>\n  \n      <slideshow :slides-per-view=\"3\" :navigation=\"true\" class=\"mx-8 lg:-mx-12\" name=\"Related Products\">\n              <div class=\"swiper-slide\">\n          <div class=\"text-center hover:lift-img mx-auto max-w-28\">\n      <a href=\"https:\/\/mutti-parma.com\/fi\/mutti-tuotteet\/pastakastike-basilika\/\" class=\"block\">\n            <div class=\"responsive-embed is-contain\" style=\"padding-bottom: 188.23529411765%;\"><img decoding=\"async\" width=\"676\" height=\"1290\" src=\"https:\/\/mutti-parma.com\/app\/uploads\/sites\/8\/2019\/10\/scand-basil-render.png\" class=\"inline-block mt-2 wp-image-12341\" alt=\"Pastakastike basilika\" sizes=\"auto, 126px\" data-spai-crop=\"false\" title=\"Pastakastike basilika\" srcset=\"https:\/\/mutti-parma.com\/app\/uploads\/sites\/8\/2019\/10\/scand-basil-render.png 676w, https:\/\/mutti-parma.com\/app\/uploads\/sites\/8\/2019\/10\/scand-basil-render-262x500.png 262w, https:\/\/mutti-parma.com\/app\/uploads\/sites\/8\/2019\/10\/scand-basil-render-537x1024.png 537w, https:\/\/mutti-parma.com\/app\/uploads\/sites\/8\/2019\/10\/scand-basil-render-105x200.png 105w, https:\/\/mutti-parma.com\/app\/uploads\/sites\/8\/2019\/10\/scand-basil-render-150x286.png 150w, https:\/\/mutti-parma.com\/app\/uploads\/sites\/8\/2019\/10\/scand-basil-render-600x1145.png 600w\" loading=\"lazy\" \/><\/div>\n    <\/a>\n  \n  <a class=\"block underline mb-2 mt-2\" href=\"https:\/\/mutti-parma.com\/fi\/mutti-tuotteet\/pastakastike-basilika\/\">\n    <h3 class=\"h4\">Pastakastike basilika<\/h3>\n  <\/a>\n\n      <a class=\"block hover:no-underline text-inherit\" href=\"https:\/\/mutti-parma.com\/fi\/mutti-tuotteet\/pastakastike-basilika\/\">\n      Pastakastikkeet ja tomaattipesto\n    <\/a>\n  <\/div>\n        <\/div>\n              <div class=\"swiper-slide\">\n          <div class=\"text-center hover:lift-img mx-auto max-w-28\">\n      <a href=\"https:\/\/mutti-parma.com\/fi\/mutti-tuotteet\/pastakastike-chili\/\" class=\"block\">\n            <div class=\"responsive-embed is-contain\" style=\"padding-bottom: 188.23529411765%;\"><img decoding=\"async\" width=\"676\" height=\"1290\" src=\"https:\/\/mutti-parma.com\/app\/uploads\/sites\/8\/2019\/10\/scand-arrabbiata-render.png\" class=\"inline-block mt-2 wp-image-12343\" alt=\"Chili-Pastakastike\" sizes=\"auto, 126px\" data-spai-crop=\"false\" title=\"Chili-Pastakastike\" srcset=\"https:\/\/mutti-parma.com\/app\/uploads\/sites\/8\/2019\/10\/scand-arrabbiata-render.png 676w, https:\/\/mutti-parma.com\/app\/uploads\/sites\/8\/2019\/10\/scand-arrabbiata-render-262x500.png 262w, https:\/\/mutti-parma.com\/app\/uploads\/sites\/8\/2019\/10\/scand-arrabbiata-render-537x1024.png 537w, https:\/\/mutti-parma.com\/app\/uploads\/sites\/8\/2019\/10\/scand-arrabbiata-render-105x200.png 105w, https:\/\/mutti-parma.com\/app\/uploads\/sites\/8\/2019\/10\/scand-arrabbiata-render-150x286.png 150w, https:\/\/mutti-parma.com\/app\/uploads\/sites\/8\/2019\/10\/scand-arrabbiata-render-600x1145.png 600w\" loading=\"lazy\" \/><\/div>\n    <\/a>\n  \n  <a class=\"block underline mb-2 mt-2\" href=\"https:\/\/mutti-parma.com\/fi\/mutti-tuotteet\/pastakastike-chili\/\">\n    <h3 class=\"h4\">Chili-Pastakastike<\/h3>\n  <\/a>\n\n      <a class=\"block hover:no-underline text-inherit\" href=\"https:\/\/mutti-parma.com\/fi\/mutti-tuotteet\/pastakastike-chili\/\">\n      Pastakastikkeet ja tomaattipesto\n    <\/a>\n  <\/div>\n        <\/div>\n              <div class=\"swiper-slide\">\n          <div class=\"text-center hover:lift-img mx-auto max-w-28\">\n      <a href=\"https:\/\/mutti-parma.com\/fi\/mutti-tuotteet\/parmesan\/\" class=\"block\">\n            <div class=\"responsive-embed is-contain\" style=\"padding-bottom: 188.23529411765%;\"><img decoding=\"async\" width=\"676\" height=\"1290\" src=\"https:\/\/mutti-parma.com\/app\/uploads\/sites\/8\/2020\/05\/scand-parm.regg-render.png\" class=\"inline-block mt-2 wp-image-12345\" alt=\"Pastakastike Parmesan\" sizes=\"auto, 126px\" data-spai-crop=\"false\" title=\"Pastakastike Parmesan\" srcset=\"https:\/\/mutti-parma.com\/app\/uploads\/sites\/8\/2020\/05\/scand-parm.regg-render.png 676w, https:\/\/mutti-parma.com\/app\/uploads\/sites\/8\/2020\/05\/scand-parm.regg-render-262x500.png 262w, https:\/\/mutti-parma.com\/app\/uploads\/sites\/8\/2020\/05\/scand-parm.regg-render-537x1024.png 537w, https:\/\/mutti-parma.com\/app\/uploads\/sites\/8\/2020\/05\/scand-parm.regg-render-105x200.png 105w, https:\/\/mutti-parma.com\/app\/uploads\/sites\/8\/2020\/05\/scand-parm.regg-render-150x286.png 150w, https:\/\/mutti-parma.com\/app\/uploads\/sites\/8\/2020\/05\/scand-parm.regg-render-600x1145.png 600w\" loading=\"lazy\" \/><\/div>\n    <\/a>\n  \n  <a class=\"block underline mb-2 mt-2\" href=\"https:\/\/mutti-parma.com\/fi\/mutti-tuotteet\/parmesan\/\">\n    <h3 class=\"h4\">Pastakastike Parmesan<\/h3>\n  <\/a>\n\n      <a class=\"block hover:no-underline text-inherit\" href=\"https:\/\/mutti-parma.com\/fi\/mutti-tuotteet\/parmesan\/\">\n      Pastakastikkeet ja tomaattipesto\n    <\/a>\n  <\/div>\n        <\/div>\n              <div class=\"swiper-slide\">\n          <div class=\"text-center hover:lift-img mx-auto max-w-28\">\n      <a href=\"https:\/\/mutti-parma.com\/fi\/mutti-tuotteet\/pastakastike-datterini\/\" class=\"block\">\n            <div class=\"responsive-embed is-contain\" style=\"padding-bottom: 188.23529411765%;\"><img decoding=\"async\" width=\"3750\" height=\"5688\" src=\"https:\/\/mutti-parma.com\/app\/uploads\/sites\/8\/2025\/01\/product-update-wordpress.png\" class=\"inline-block mt-2 wp-image-12204\" alt=\"Pastakastike Datterini\" sizes=\"auto, 126px\" data-spai-crop=\"false\" title=\"Pastakastike Datterini\" srcset=\"https:\/\/mutti-parma.com\/app\/uploads\/sites\/8\/2025\/01\/product-update-wordpress.png 3750w, https:\/\/mutti-parma.com\/app\/uploads\/sites\/8\/2025\/01\/product-update-wordpress-330x500.png 330w, https:\/\/mutti-parma.com\/app\/uploads\/sites\/8\/2025\/01\/product-update-wordpress-675x1024.png 675w, https:\/\/mutti-parma.com\/app\/uploads\/sites\/8\/2025\/01\/product-update-wordpress-132x200.png 132w, https:\/\/mutti-parma.com\/app\/uploads\/sites\/8\/2025\/01\/product-update-wordpress-768x1165.png 768w, https:\/\/mutti-parma.com\/app\/uploads\/sites\/8\/2025\/01\/product-update-wordpress-150x228.png 150w, https:\/\/mutti-parma.com\/app\/uploads\/sites\/8\/2025\/01\/product-update-wordpress-600x910.png 600w, https:\/\/mutti-parma.com\/app\/uploads\/sites\/8\/2025\/01\/product-update-wordpress-1013x1536.png 1013w, https:\/\/mutti-parma.com\/app\/uploads\/sites\/8\/2025\/01\/product-update-wordpress-1350x2048.png 1350w\" loading=\"lazy\" \/><\/div>\n    <\/a>\n  \n  <a class=\"block underline mb-2 mt-2\" href=\"https:\/\/mutti-parma.com\/fi\/mutti-tuotteet\/pastakastike-datterini\/\">\n    <h3 class=\"h4\">Pastakastike Datterini<\/h3>\n  <\/a>\n\n      <a class=\"block hover:no-underline text-inherit\" href=\"https:\/\/mutti-parma.com\/fi\/mutti-tuotteet\/pastakastike-datterini\/\">\n      Pastakastikkeet ja tomaattipesto\n    <\/a>\n  <\/div>\n        <\/div>\n              <div class=\"swiper-slide\">\n          <div class=\"text-center hover:lift-img mx-auto max-w-28\">\n      <a href=\"https:\/\/mutti-parma.com\/fi\/mutti-tuotteet\/pastakastike-bologneseen\/\" class=\"block\">\n            <div class=\"responsive-embed is-contain\" style=\"padding-bottom: 188.23529411765%;\"><img decoding=\"async\" width=\"1148\" height=\"2358\" src=\"https:\/\/mutti-parma.com\/app\/uploads\/sites\/8\/2026\/03\/00000-pasta-sauce-bolognese-400g-nord-eu-10369-300.png\" class=\"inline-block mt-2 wp-image-13129\" alt=\"Pastakastike bologneseen\" sizes=\"auto, 126px\" data-spai-crop=\"false\" title=\"Pastakastike bologneseen\" srcset=\"https:\/\/mutti-parma.com\/app\/uploads\/sites\/8\/2026\/03\/00000-pasta-sauce-bolognese-400g-nord-eu-10369-300.png 1148w, https:\/\/mutti-parma.com\/app\/uploads\/sites\/8\/2026\/03\/00000-pasta-sauce-bolognese-400g-nord-eu-10369-300-243x500.png 243w, https:\/\/mutti-parma.com\/app\/uploads\/sites\/8\/2026\/03\/00000-pasta-sauce-bolognese-400g-nord-eu-10369-300-499x1024.png 499w, https:\/\/mutti-parma.com\/app\/uploads\/sites\/8\/2026\/03\/00000-pasta-sauce-bolognese-400g-nord-eu-10369-300-97x200.png 97w, https:\/\/mutti-parma.com\/app\/uploads\/sites\/8\/2026\/03\/00000-pasta-sauce-bolognese-400g-nord-eu-10369-300-768x1577.png 768w, https:\/\/mutti-parma.com\/app\/uploads\/sites\/8\/2026\/03\/00000-pasta-sauce-bolognese-400g-nord-eu-10369-300-150x308.png 150w, https:\/\/mutti-parma.com\/app\/uploads\/sites\/8\/2026\/03\/00000-pasta-sauce-bolognese-400g-nord-eu-10369-300-600x1232.png 600w, https:\/\/mutti-parma.com\/app\/uploads\/sites\/8\/2026\/03\/00000-pasta-sauce-bolognese-400g-nord-eu-10369-300-748x1536.png 748w, https:\/\/mutti-parma.com\/app\/uploads\/sites\/8\/2026\/03\/00000-pasta-sauce-bolognese-400g-nord-eu-10369-300-997x2048.png 997w\" loading=\"lazy\" \/><\/div>\n    <\/a>\n  \n  <a class=\"block underline mb-2 mt-2\" href=\"https:\/\/mutti-parma.com\/fi\/mutti-tuotteet\/pastakastike-bologneseen\/\">\n    <h3 class=\"h4\">Pastakastike bologneseen<\/h3>\n  <\/a>\n\n      <a class=\"block hover:no-underline text-inherit\" href=\"https:\/\/mutti-parma.com\/fi\/mutti-tuotteet\/pastakastike-bologneseen\/\">\n      Pastakastikkeet ja tomaattipesto\n    <\/a>\n  <\/div>\n        <\/div>\n          <\/slideshow>\n  <\/div>\n\n\n\n<div class=\"wp-block-cover alignwide has-background-dim-20 has-background-dim\" style=\"background-image:url(https:\/\/mutti-parma.com\/app\/uploads\/sites\/3\/2020\/12\/table.jpg)\"><div class=\"wp-block-cover__inner-container is-layout-flow wp-block-cover-is-layout-flow\">\n<div class=\"wp-block-media-text alignwide is-stacked-on-mobile is-style-default\" style=\"grid-template-columns:32% auto\"><figure class=\"wp-block-media-text__media\"><img loading=\"lazy\" decoding=\"async\" src=\"https:\/\/mutti-parma.com\/app\/uploads\/sites\/3\/2020\/02\/products-essentials-e1582204403666.png\" alt=\"\" class=\"wp-image-300000352\" sizes=\"(max-width: 600px) 100vw, (min-width: 1440px) 461px,32vw\" data-spai-crop=\"false\" srcset=\"https:\/\/mutti-parma.com\/app\/uploads\/sites\/3\/2020\/02\/products-essentials-e1582204403666.png 565w, https:\/\/mutti-parma.com\/app\/uploads\/sites\/3\/2020\/02\/products-essentials-e1582204403666-200x173.png 200w, https:\/\/mutti-parma.com\/app\/uploads\/sites\/3\/2020\/02\/products-essentials-e1582204403666-500x432.png 500w, https:\/\/mutti-parma.com\/app\/uploads\/sites\/3\/2020\/02\/products-essentials-e1582204403666-150x130.png 150w\" \/><\/figure><div class=\"wp-block-media-text__content\">\n<h2 class=\"wp-block-heading\">Tutustu klassikkotuotteisiimme<\/h2>\n\n\n\n<p class=\"is-style-cursive\">L\u00f6yd\u00e4 Polpa, Concentrato, Passata ja Pelati <\/p>\n\n\n\n<div class=\"wp-block-button\"><a class=\"wp-block-button__link\" href=\"https:\/\/mutti-parma.com\/fi\/vertaa-muttin-klassikot\/\">Vertaile klassikkotuotteitamme<\/a><\/div>\n<\/div><\/div>\n<\/div><\/div>\n","protected":false},"excerpt":{"rendered":"<p>T\u00e4llainen on pastakastike valkosipulilla Muttilla keskityt\u00e4\u00e4n tekem\u00e4\u00e4n parasta, mit\u00e4 tomaatista voi tehd\u00e4. Mik\u00e4p\u00e4 olisi tyypillisempi ja herkullisempi tapa tuoda Italia lautaselle kuin punaiset pastakastikkeet? Meid\u00e4n kastikkeidemme valmistetaan vain parhaista raaka-aineista ja niiden koostumus on ihanteellinen melkein mink\u00e4 vain pastaruoan seurassa. Valitse makusi ja loihdi el\u00e4m\u00e4si pasta-ateria!<\/p>\n","protected":false},"featured_media":13130,"comment_status":"open","ping_status":"closed","template":"","product_category":[64],"class_list":["post-13125","product","type-product","status-publish","has-post-thumbnail","hentry","product_category-product-category-100"],"acf":[],"_links":{"self":[{"href":"https:\/\/mutti-parma.com\/fi\/wp-json\/wp\/v2\/product\/13125","targetHints":{"allow":["GET"]}}],"collection":[{"href":"https:\/\/mutti-parma.com\/fi\/wp-json\/wp\/v2\/product"}],"about":[{"href":"https:\/\/mutti-parma.com\/fi\/wp-json\/wp\/v2\/types\/product"}],"replies":[{"embeddable":true,"href":"https:\/\/mutti-parma.com\/fi\/wp-json\/wp\/v2\/comments?post=13125"}],"version-history":[{"count":4,"href":"https:\/\/mutti-parma.com\/fi\/wp-json\/wp\/v2\/product\/13125\/revisions"}],"predecessor-version":[{"id":13135,"href":"https:\/\/mutti-parma.com\/fi\/wp-json\/wp\/v2\/product\/13125\/revisions\/13135"}],"wp:featuredmedia":[{"embeddable":true,"href":"https:\/\/mutti-parma.com\/fi\/wp-json\/wp\/v2\/media\/13130"}],"wp:attachment":[{"href":"https:\/\/mutti-parma.com\/fi\/wp-json\/wp\/v2\/media?parent=13125"}],"wp:term":[{"taxonomy":"product_category","embeddable":true,"href":"https:\/\/mutti-parma.com\/fi\/wp-json\/wp\/v2\/product_category?post=13125"}],"curies":[{"name":"wp","href":"https:\/\/api.w.org\/{rel}","templated":true}]}}