{"id":2436,"date":"2020-01-23T13:33:22","date_gmt":"2020-01-23T13:33:22","guid":{"rendered":"https:\/\/mutti-parma.com\/fi\/?post_type=product&#038;p=2436"},"modified":"2024-11-01T09:44:15","modified_gmt":"2024-11-01T09:44:15","slug":"kokonaiset-kuoritut-luomu-tomaatit","status":"publish","type":"product","link":"https:\/\/mutti-parma.com\/fi\/mutti-tuotteet\/kokonaiset-kuoritut-luomu-tomaatit\/","title":{"rendered":"Kuoritut luomutomaatit"},"content":{"rendered":"\n<div style=\"--media-width: 50\" class=\"wp-block-media-text alignwide has-media-on-the-right is-stacked-on-mobile is-style-hero has-background-image\"><img loading=\"lazy\" decoding=\"async\" class=\"wp-block-media-text__background\" alt=\"\" data-spai-crop=\"true\" src=\"https:\/\/mutti-parma.com\/app\/uploads\/sites\/8\/2020\/01\/texture-pelati-scaled.jpg\" \/><div class=\"wp-block-media-text__content\"><div class=\"acf-breadcrumb my-4 md:my-8 text-center md:text-left\">\n  <nav>\n  <ol class=\"list-none text-md\">\n                  <li class=\"inline\">\n                      <a class=\"text-inherit\" href=\"https:\/\/mutti-parma.com\/fi\/\">\n              Italialaiset tomaatit\n            <\/a>\n                                <span aria-hidden=\"true\">\/&nbsp;<\/span>\n                  <\/li>\n                        <li class=\"inline\">\n                      <a class=\"text-inherit\" href=\"https:\/\/mutti-parma.com\/fi\/mutti-tuotteet\/\">\n              Products\n            <\/a>\n                            <\/li>\n            <\/ol>\n<\/nav>\n<\/div>\n\n\n\n<h1 class=\"wp-block-heading has-primary-color has-text-color\">Kuoritut luomutomaatit<\/h1>\n\n\n\n<p class=\"is-style-cursive has-xxl-font-size\">Luomutuotteet<\/p>\n\n\n\n<p class=\"has-text-align-left\">Muttin kokonaiset kuoritut luomu-tomaatit poimitaan parhaimpana satokautena ja kuoritaan hell\u00e4varaisesti h\u00f6yrytt\u00e4en. N\u00e4in tuoreiden tomaattien herkullinen maku ja tuoksu saadaan talteen. Mehev\u00e4t ja kiinte\u00e4t tomaatit s\u00e4il\u00f6t\u00e4\u00e4n kokonaisina samettiseen kastikkeeseen. Kuoritut tomaatit ovat todella monik\u00e4ytt\u00f6isi\u00e4. Niit\u00e4 voi k\u00e4ytt\u00e4\u00e4 kastikkeineen, kokonaisina, paloina tai viipaleina, ja ne sopivat sek\u00e4 nopeasti ett\u00e4 hitaasti kypsyviin ruokiin. Kuoritut tomaatit ovat v\u00e4limerellisen keitti\u00f6n kulmakivi, ja niist\u00e4 saa loihdittua herkullisia viikonloppuruokia.&nbsp;Mutti valmistaa tuotteen italialaisista tomaateista, jotka ovat per\u00e4isin 100-prosenttisen luonnonmukaisilta viljelmilt\u00e4.<\/p>\n\n\n\n\n<div class=\"acf-characteristics\">\n  <div class=\"flex flex-wrap -m-2 justify-center sm:justify-between\">\n          <div class=\"m-2 w-24 text-center\">\n        <div style=\"height: 41px; width: 80px;\" class=\"mx-auto flex items-end justify-center mx-auto\">\n                      <img decoding=\"async\" width=\"300\" height=\"80\" src=\"https:\/\/mutti-parma.com\/app\/uploads\/sites\/8\/2020\/02\/icon-characteristics-color-bright-red-1.svg\" class=\"w-full wp-image-2485\" alt=\"\" style=\"max-height: 43px; max-width: 80px;\" loading=\"lazy\" \/>\n                  <\/div>\n        <p class=\"h6 text-inherit mt-3\">Luonnollisen punainen v\u00e4ri<\/p>\n      <\/div>\n          <div class=\"m-2 w-24 text-center\">\n        <div style=\"height: 41px; width: 80px;\" class=\"mx-auto flex items-end justify-center mx-auto\">\n                      <img decoding=\"async\" width=\"220\" height=\"168\" src=\"https:\/\/mutti-parma.com\/app\/uploads\/sites\/8\/2020\/02\/mutti-product-icons-finnish-pelati-kaksi-eri-koostumusta.svg\" class=\"w-full wp-image-2509\" alt=\"\" style=\"max-height: 43px; max-width: 80px;\" loading=\"lazy\" \/>\n                  <\/div>\n        <p class=\"h6 text-inherit mt-3\">Kaksi eri koostumusta<\/p>\n      <\/div>\n          <div class=\"m-2 w-24 text-center\">\n        <div style=\"height: 41px; width: 80px;\" class=\"mx-auto flex items-end justify-center mx-auto\">\n                      <img decoding=\"async\" width=\"213\" height=\"86\" src=\"https:\/\/mutti-parma.com\/app\/uploads\/sites\/8\/2019\/10\/mutti-product-icons-finnish-mieto-maku.svg\" class=\"w-full wp-image-1648\" alt=\"Mieto maku ikoni\" style=\"max-height: 43px; max-width: 80px;\" loading=\"lazy\" \/>\n                  <\/div>\n        <p class=\"h6 text-inherit mt-3\">Mieto maku<\/p>\n      <\/div>\n          <div class=\"m-2 w-24 text-center\">\n        <div style=\"height: 41px; width: 80px;\" class=\"mx-auto flex items-end justify-center mx-auto\">\n                      <img decoding=\"async\" width=\"300\" height=\"154\" src=\"https:\/\/mutti-parma.com\/app\/uploads\/sites\/3\/2019\/09\/icon-characteristics-cooking-time-long.svg\" class=\"w-full wp-image-300000112 attachment-full size-full\" alt=\"\" style=\"max-height: 43px; max-width: 80px;\" loading=\"lazy\" \/>\n                  <\/div>\n        <p class=\"h6 text-inherit mt-3\">Sopii my\u00f6s pitk\u00e4\u00e4n valmistusaikaan<\/p>\n      <\/div>\n      <\/div>\n<\/div>\n<\/div><figure class=\"wp-block-media-text__media\"><img loading=\"lazy\" decoding=\"async\" width=\"675\" height=\"1024\" src=\"https:\/\/mutti-parma.com\/app\/uploads\/sites\/8\/2020\/01\/pelati-biologici-400g-hires-fise-1-675x1024.png\" alt=\"kokonaiset kuoritut luomu tomaatit 400g\" class=\"wp-image-2437 size-full\" sizes=\"(min-width: 1440px) 528px,37vw\" data-spai-crop=\"false\" srcset=\"https:\/\/mutti-parma.com\/app\/uploads\/sites\/8\/2020\/01\/pelati-biologici-400g-hires-fise-1-675x1024.png 675w, https:\/\/mutti-parma.com\/app\/uploads\/sites\/8\/2020\/01\/pelati-biologici-400g-hires-fise-1-132x200.png 132w, https:\/\/mutti-parma.com\/app\/uploads\/sites\/8\/2020\/01\/pelati-biologici-400g-hires-fise-1-330x500.png 330w, https:\/\/mutti-parma.com\/app\/uploads\/sites\/8\/2020\/01\/pelati-biologici-400g-hires-fise-1-768x1165.png 768w, https:\/\/mutti-parma.com\/app\/uploads\/sites\/8\/2020\/01\/pelati-biologici-400g-hires-fise-1-150x228.png 150w, https:\/\/mutti-parma.com\/app\/uploads\/sites\/8\/2020\/01\/pelati-biologici-400g-hires-fise-1-600x910.png 600w, https:\/\/mutti-parma.com\/app\/uploads\/sites\/8\/2020\/01\/pelati-biologici-400g-hires-fise-1.png 1200w\" \/><\/figure><\/div>\n\n\n\n\n\n\n<div\n  class=\"acf-how-is-it-made alignwide text-center \"\n  data-vue-wrapper\n  >\n      <h2>Miten se tehd\u00e4\u00e4n?<\/h2>\n  \n  <slideshow :slides-per-view=\"3\" :slides-per-view-sm=\"1\" :slides-per-view-md=\"2\" name=\"How is it made\" class=\"mb-8\">\n      <\/slideshow>\n\n      <p class=\"is-style-cursive text-5xl\">Lis\u00e4tietoja tuotteidemme valmistamisesta<\/p>\n  \n      <h3>Vieraile <a href=\"https:\/\/mutti-parma.com\/fi\/pellolta-poytaan\/\">Field to Table<\/a><\/h3>\n  <\/div>\n\n\n\n\n\n<hr class=\"wp-block-separator has-css-opacity alignwide\"\/>\n\n\n<div class=\"acf-comments alignwide my-8\">\n  <div class=\"flex flex-wrap mb-4 items-center text-center sm:text-left px-0 sm:px-2 md:px-0\">\n    <h3 class=\"w-full sm:w-auto is-style-cursive text-primary my-0 leading-none\">Share and review<\/h3>\n    <div class=\"w-full sm:w-auto flex-auto mt-1 sm:ml-8\">\n          <\/div>\n\n          <div class=\"mx-auto sm:ml-0 mt-3 sm:mt-0\">\n                  <div\n  class=\"shariff\"\n  data-button-style=\"icon\"\n  data-mail-body=\"https:\/\/mutti-parma.com\/fi\/mutti-tuotteet\/kokonaiset-kuoritut-luomu-tomaatit\/\"\n  data-mail-subject=\"Kuoritut luomutomaatit - Mutti\"\n  data-mail-url=\"mailto:\"\n  data-media-url=\"https:\/\/mutti-parma.com\/app\/uploads\/sites\/8\/2020\/01\/pelati-biologici-400g-hires-fise-1.png\"\n  data-services=\"[&#039;facebook&#039;, &#039;twitter&#039;, &#039;whatsapp&#039;, &#039;pinterest&#039;, &#039;mail&#039;]\"\n><\/div>\n              <\/div>\n      <\/div>\n\n  <div>\n                <\/div>\n<\/div>\n\n\n\n<hr class=\"wp-block-separator has-css-opacity alignwide\"\/>\n\n\n\n<div class=\"wp-block-cover alignwide has-background-dim-80 has-darkred-background-color has-background-dim\" style=\"background-image:url(https:\/\/mutti-parma.com\/app\/uploads\/sites\/3\/2019\/09\/tomatoes.jpg)\"><div class=\"wp-block-cover__inner-container is-layout-flow wp-block-cover-is-layout-flow\">\n<div class=\"wp-block-columns alignwide is-layout-flex wp-container-core-columns-is-layout-9d6595d7 wp-block-columns-is-layout-flex\">\n<div class=\"wp-block-column is-layout-flow wp-block-column-is-layout-flow\">\n<h2 class=\"wp-block-heading\" id=\"kestava-kehitys\"><strong>KEST\u00c4V\u00c4 KEHITYS<\/strong><\/h2>\n\n\n\n<p class=\"is-style-cursive mb-0\">Meille kest\u00e4v\u00e4 kehitys merkitsee kunnioitusta maata kohtaan.<\/p>\n\n\n\n<h4 class=\"wp-block-heading\">YHTEISTY\u00d6 ITALIAN WWF:N KANSSA<\/h4>\n\n\n\n<p>Olemme ty\u00f6skennelleet Italian WWF:n kanssa v\u00e4hent\u00e4\u00e4ksemme vedenkulutustamme ja hiilidioksidip\u00e4\u00e4st\u00f6j\u00e4mme. Pyrimme my\u00f6s jatkuvasti kehitt\u00e4m\u00e4\u00e4n koko tuotantoketjuamme v\u00e4hent\u00e4\u00e4ksemme toimintamme ymp\u00e4rist\u00f6kuormitusta.  <\/p>\n\n\n\n<p>Italian WWF auttoi meit\u00e4 asettamaan tavoitteita ja antoi viljelij\u00f6ille mahdollisuuden analysoida ja tunnistaa vaikuttamisen keinoja. J\u00e4rjest\u00f6 suositteli meit\u00e4 k\u00e4ytt\u00e4m\u00e4\u00e4n maaper\u00e4n kosteutta mittaavia tunnistimia, joiden avulla saimme hy\u00f6dyllist\u00e4 tietoa tehokkaasta vedenk\u00e4yt\u00f6st\u00e4. <\/p>\n\n\n\n<p>Mutti sijoitti teknologiaan, koulutukseen sek\u00e4 maanviljelij\u00f6iden ja maanviljelyj\u00e4rjest\u00f6jen tekniseen tukemiseen. Viiden vuoden yhteisprojektin j\u00e4lkeen olemme yh\u00e4 sitoutuneita pienent\u00e4m\u00e4\u00e4n ymp\u00e4rist\u00f6vaikutuksiamme ja etsimme jatkuvasti uusia keinoja tuotantomme kest\u00e4vyyden parantamiseksi.<\/p>\n<\/div>\n\n\n\n<div class=\"wp-block-column is-layout-flow wp-block-column-is-layout-flow\">\n<h2 class=\"has-text-align-center wp-block-heading\">TULOKSET:<\/h2>\n\n\n\n<div class=\"wp-block-columns is-layout-flex wp-container-core-columns-is-layout-9d6595d7 wp-block-columns-is-layout-flex\">\n<div class=\"wp-block-column is-layout-flow wp-block-column-is-layout-flow\">\n<div class=\"wp-block-image\"><figure class=\"aligncenter size-large is-resized\"><img loading=\"lazy\" decoding=\"async\" src=\"https:\/\/mutti-parma.com\/app\/uploads\/sites\/3\/2019\/09\/icon-sustainable-water.svg\" alt=\"\" class=\"wp-image-30000085\" width=\"53\" height=\"91\" \/><\/figure><\/div>\n\n\n\n<h4 class=\"has-text-align-center wp-block-heading\"><br>+1000 MILJOONAA S\u00c4\u00c4STETTY\u00c4 VESILITRAA*<\/h4>\n\n\n\n<p class=\"has-text-align-center has-sm-font-size\">*&nbsp; Vuosien 2012\u20132014 v\u00e4lill\u00e4. (L\u00e4hde: CMCC, WWF ja Mediterranean Climate Change Center in Italy)<\/p>\n<\/div>\n\n\n\n<div class=\"wp-block-column is-layout-flow wp-block-column-is-layout-flow\">\n<div class=\"wp-block-image\"><figure class=\"aligncenter size-large is-resized\"><img loading=\"lazy\" decoding=\"async\" src=\"https:\/\/mutti-parma.com\/app\/uploads\/sites\/3\/2019\/09\/icon-sustainable-co2.svg\" alt=\"\" class=\"wp-image-30000086\" width=\"114\" height=\"88\" \/><\/figure><\/div>\n\n\n\n<h4 class=\"has-text-align-center wp-block-heading\"><br>+31 530 TONNIA V\u00c4LTETTYJ\u00c4 CO2 P\u00c4\u00c4ST\u00d6J\u00c4*<\/h4>\n\n\n\n<p class=\"has-text-align-center has-sm-font-size\">* Vuosien 2010\u20132015 v\u00e4lill\u00e4 verrattuna vuoden 2009 tasoihin. (L\u00e4hde: Italian WWF:n ja energiatehokkuusryhm\u00e4 Officinae Verdin tiedot)<\/p>\n<\/div>\n<\/div>\n<\/div>\n<\/div>\n<\/div><\/div>\n\n\n\n\n\n\n\n\n\n\n\n\n<div class=\"acf-related-products mb-8 lg:mb-16 \" data-vue-wrapper>\n      <h3 class=\"text-center\">Muita tuotteita kategoriassa<\/h3>\n  \n      <slideshow :slides-per-view=\"3\" :navigation=\"true\" class=\"mx-8 lg:-mx-12\" name=\"Related Products\">\n              <div class=\"swiper-slide\">\n          <div class=\"text-center hover:lift-img mx-auto max-w-28\">\n      <a href=\"https:\/\/mutti-parma.com\/fi\/mutti-tuotteet\/luomu-tomaattikuutiot\/\" class=\"block\">\n            <div class=\"responsive-embed is-contain\" style=\"padding-bottom: 188.23529411765%;\"><img decoding=\"async\" width=\"1200\" height=\"1820\" src=\"https:\/\/mutti-parma.com\/app\/uploads\/sites\/8\/2020\/01\/polpa-pezzi-biologica-400g-hires-fise-2.png\" class=\"inline-block mt-2 wp-image-2432\" alt=\"Luomu tomaattikuutiot\" sizes=\"auto, 126px\" data-spai-crop=\"false\" title=\"Luomu tomaattikuutiot\" srcset=\"https:\/\/mutti-parma.com\/app\/uploads\/sites\/8\/2020\/01\/polpa-pezzi-biologica-400g-hires-fise-2.png 1200w, https:\/\/mutti-parma.com\/app\/uploads\/sites\/8\/2020\/01\/polpa-pezzi-biologica-400g-hires-fise-2-132x200.png 132w, https:\/\/mutti-parma.com\/app\/uploads\/sites\/8\/2020\/01\/polpa-pezzi-biologica-400g-hires-fise-2-330x500.png 330w, https:\/\/mutti-parma.com\/app\/uploads\/sites\/8\/2020\/01\/polpa-pezzi-biologica-400g-hires-fise-2-768x1165.png 768w, https:\/\/mutti-parma.com\/app\/uploads\/sites\/8\/2020\/01\/polpa-pezzi-biologica-400g-hires-fise-2-675x1024.png 675w, https:\/\/mutti-parma.com\/app\/uploads\/sites\/8\/2020\/01\/polpa-pezzi-biologica-400g-hires-fise-2-150x228.png 150w, https:\/\/mutti-parma.com\/app\/uploads\/sites\/8\/2020\/01\/polpa-pezzi-biologica-400g-hires-fise-2-600x910.png 600w\" loading=\"lazy\" \/><\/div>\n    <\/a>\n  \n  <a class=\"block underline mb-2 mt-2\" href=\"https:\/\/mutti-parma.com\/fi\/mutti-tuotteet\/luomu-tomaattikuutiot\/\">\n    <h3 class=\"h4\">Luomu tomaattikuutiot<\/h3>\n  <\/a>\n\n      <a class=\"block hover:no-underline text-inherit\" href=\"https:\/\/mutti-parma.com\/fi\/mutti-tuotteet\/luomu-tomaattikuutiot\/\">\n      Luomutuotteet\n    <\/a>\n  <\/div>\n        <\/div>\n          <\/slideshow>\n  <\/div>\n\n\n\n<div class=\"wp-block-cover alignwide has-background-dim-20 has-background-dim\" style=\"background-image:url(https:\/\/mutti-parma.com\/app\/uploads\/sites\/3\/2020\/12\/table.jpg)\"><div class=\"wp-block-cover__inner-container is-layout-flow wp-block-cover-is-layout-flow\">\n<div class=\"wp-block-media-text alignwide is-stacked-on-mobile is-style-default\" style=\"grid-template-columns:32% auto\"><figure class=\"wp-block-media-text__media\"><img loading=\"lazy\" decoding=\"async\" src=\"https:\/\/mutti-parma.com\/app\/uploads\/sites\/3\/2020\/02\/products-essentials-e1582204403666.png\" alt=\"\" class=\"wp-image-300000352\" sizes=\"(max-width: 600px) 100vw, (min-width: 1440px) 461px,32vw\" data-spai-crop=\"false\" srcset=\"https:\/\/mutti-parma.com\/app\/uploads\/sites\/3\/2020\/02\/products-essentials-e1582204403666.png 565w, https:\/\/mutti-parma.com\/app\/uploads\/sites\/3\/2020\/02\/products-essentials-e1582204403666-200x173.png 200w, https:\/\/mutti-parma.com\/app\/uploads\/sites\/3\/2020\/02\/products-essentials-e1582204403666-500x432.png 500w, https:\/\/mutti-parma.com\/app\/uploads\/sites\/3\/2020\/02\/products-essentials-e1582204403666-150x130.png 150w\" \/><\/figure><div class=\"wp-block-media-text__content\">\n<h2 class=\"wp-block-heading\">Tutustu klassikkotuotteisiimme<\/h2>\n\n\n\n<p class=\"is-style-cursive\">L\u00f6yd\u00e4 Polpa, Concentrato, Passata ja Pelati <\/p>\n\n\n\n<div class=\"wp-block-button\"><a class=\"wp-block-button__link\" href=\"https:\/\/mutti-parma.com\/fi\/vertaa-muttin-klassikot\/\">Vertaile klassikkotuotteitamme<\/a><\/div>\n<\/div><\/div>\n<\/div><\/div>\n","protected":false},"excerpt":{"rendered":"","protected":false},"featured_media":2437,"comment_status":"open","ping_status":"closed","template":"","product_category":[570],"class_list":["post-2436","product","type-product","status-publish","has-post-thumbnail","hentry","product_category-product-category-2441"],"acf":[],"_links":{"self":[{"href":"https:\/\/mutti-parma.com\/fi\/wp-json\/wp\/v2\/product\/2436","targetHints":{"allow":["GET"]}}],"collection":[{"href":"https:\/\/mutti-parma.com\/fi\/wp-json\/wp\/v2\/product"}],"about":[{"href":"https:\/\/mutti-parma.com\/fi\/wp-json\/wp\/v2\/types\/product"}],"replies":[{"embeddable":true,"href":"https:\/\/mutti-parma.com\/fi\/wp-json\/wp\/v2\/comments?post=2436"}],"version-history":[{"count":16,"href":"https:\/\/mutti-parma.com\/fi\/wp-json\/wp\/v2\/product\/2436\/revisions"}],"predecessor-version":[{"id":11964,"href":"https:\/\/mutti-parma.com\/fi\/wp-json\/wp\/v2\/product\/2436\/revisions\/11964"}],"wp:featuredmedia":[{"embeddable":true,"href":"https:\/\/mutti-parma.com\/fi\/wp-json\/wp\/v2\/media\/2437"}],"wp:attachment":[{"href":"https:\/\/mutti-parma.com\/fi\/wp-json\/wp\/v2\/media?parent=2436"}],"wp:term":[{"taxonomy":"product_category","embeddable":true,"href":"https:\/\/mutti-parma.com\/fi\/wp-json\/wp\/v2\/product_category?post=2436"}],"curies":[{"name":"wp","href":"https:\/\/api.w.org\/{rel}","templated":true}]}}