{"id":3329,"date":"2020-07-15T10:30:14","date_gmt":"2020-07-15T10:30:14","guid":{"rendered":"https:\/\/mutti-parma.com\/fi\/?post_type=product&#038;p=3329"},"modified":"2023-06-07T07:49:07","modified_gmt":"2023-06-07T07:49:07","slug":"vihrea-tomaattipesto","status":"publish","type":"product","link":"https:\/\/mutti-parma.com\/fi\/mutti-tuotteet\/vihrea-tomaattipesto\/","title":{"rendered":"Vihre\u00e4 tomaattipesto"},"content":{"rendered":"\n<div style=\"--media-width: 50\" class=\"wp-block-media-text alignwide has-media-on-the-right is-stacked-on-mobile is-style-hero has-background-image\"><img loading=\"lazy\" decoding=\"async\" class=\"wp-block-media-text__background\" alt=\"\" data-spai-crop=\"true\" src=\"https:\/\/mutti-parma.com\/app\/uploads\/sites\/8\/2020\/07\/11--pesto-verde.png\" \/><div class=\"wp-block-media-text__content\"><div class=\"acf-breadcrumb my-4 md:my-8 text-center md:text-left\">\n  <nav>\n  <ol class=\"list-none text-md\">\n                  <li class=\"inline\">\n                      <a class=\"text-inherit\" href=\"https:\/\/mutti-parma.com\/fi\/\">\n              Italialaiset tomaatit\n            <\/a>\n                                <span aria-hidden=\"true\">\/&nbsp;<\/span>\n                  <\/li>\n                        <li class=\"inline\">\n                      <a class=\"text-inherit\" href=\"https:\/\/mutti-parma.com\/fi\/mutti-tuotteet\/\">\n              Products\n            <\/a>\n                            <\/li>\n            <\/ol>\n<\/nav>\n<\/div>\n\n\n\n<h1 class=\"wp-block-heading has-primary-color has-text-color\">Vihre\u00e4 tomaattipesto<\/h1>\n\n\n\n<p class=\"is-style-cursive has-xxl-font-size\">Pastakastikkeet ja tomaattipesto<\/p>\n\n\n\n<p>Muttin tomaattipestokastikkeet ovat mutkattoman maukas uutuus. Niiss\u00e4 on yht\u00e4 paljon makua kuin perinteisiss\u00e4 pestokastikkeissa, mutta 45 % v\u00e4hemm\u00e4n rasvaa kuin muissa suosituissa pestokastikkeissa*. T\u00e4m\u00e4 on saatu aikaan lis\u00e4\u00e4m\u00e4ll\u00e4 pestoon eriv\u00e4risi\u00e4 tomaattilajikkeita. Koska Muttin pestokastikkeet sis\u00e4lt\u00e4v\u00e4t yli 50 % tomaattia, niiss\u00e4 on v\u00e4hemm\u00e4n \u00f6ljy\u00e4 ja suolaa. Maukasta ja herkullista, mutta paljon kevyemp\u00e4\u00e4 kuin perinteiset, rasvaiset ja suolaiset pestokastikkeet. Valittavana on kolme eri makuvaihtoehtoa, jotka saavat v\u00e4rins\u00e4 kastikkeessa k\u00e4ytetyist\u00e4 tomaattilajikkeista: vihre\u00e4 tomaatti, punainen tomaatti ja oranssi tomaatti.<a rel=\"noreferrer noopener\" href=\"https:\/\/mutti-parma.com\/app\/uploads\/sites\/7\/2020\/03\/mutti-pesto-comunicazioni-dati-sottoscritta.pdf\" target=\"_blank\">*IRI<\/a><\/p>\n\n\n\n\n<\/div><figure class=\"wp-block-media-text__media\"><img loading=\"lazy\" decoding=\"async\" width=\"678\" height=\"1024\" src=\"https:\/\/mutti-parma.com\/app\/uploads\/sites\/8\/2023\/03\/66457-pesto-verde-se-fi-9309-102-07-01-678x1024.png\" alt=\"\" class=\"wp-image-10018 size-full\" sizes=\"(min-width: 1440px) 528px,37vw\" data-spai-crop=\"false\" srcset=\"https:\/\/mutti-parma.com\/app\/uploads\/sites\/8\/2023\/03\/66457-pesto-verde-se-fi-9309-102-07-01-678x1024.png 678w, https:\/\/mutti-parma.com\/app\/uploads\/sites\/8\/2023\/03\/66457-pesto-verde-se-fi-9309-102-07-01-331x500.png 331w, https:\/\/mutti-parma.com\/app\/uploads\/sites\/8\/2023\/03\/66457-pesto-verde-se-fi-9309-102-07-01-132x200.png 132w, https:\/\/mutti-parma.com\/app\/uploads\/sites\/8\/2023\/03\/66457-pesto-verde-se-fi-9309-102-07-01-768x1160.png 768w, https:\/\/mutti-parma.com\/app\/uploads\/sites\/8\/2023\/03\/66457-pesto-verde-se-fi-9309-102-07-01-150x227.png 150w, https:\/\/mutti-parma.com\/app\/uploads\/sites\/8\/2023\/03\/66457-pesto-verde-se-fi-9309-102-07-01-600x906.png 600w, https:\/\/mutti-parma.com\/app\/uploads\/sites\/8\/2023\/03\/66457-pesto-verde-se-fi-9309-102-07-01-1017x1536.png 1017w, https:\/\/mutti-parma.com\/app\/uploads\/sites\/8\/2023\/03\/66457-pesto-verde-se-fi-9309-102-07-01-1356x2048.png 1356w, https:\/\/mutti-parma.com\/app\/uploads\/sites\/8\/2023\/03\/66457-pesto-verde-se-fi-9309-102-07-01.png 1372w\" \/><\/figure><\/div>\n\n\n\n\n\n\n<div\n  class=\"acf-how-is-it-made alignwide text-center \"\n  data-vue-wrapper\n  >\n      <h2>Miten se tehd\u00e4\u00e4n?<\/h2>\n  \n  <slideshow :slides-per-view=\"3\" :slides-per-view-sm=\"1\" :slides-per-view-md=\"2\" name=\"How is it made\" class=\"mb-8\">\n      <\/slideshow>\n\n      <p class=\"is-style-cursive text-5xl\">Lis\u00e4tietoja tuotteidemme valmistamisesta<\/p>\n  \n      <h3>Vieraile <a href=\"https:\/\/mutti-parma.com\/fi\/pellolta-poytaan\/\">Field to Table<\/a><\/h3>\n  <\/div>\n\n\n\n\n\n\n\n<hr class=\"wp-block-separator has-css-opacity alignwide\"\/>\n\n\n<div class=\"acf-comments alignwide my-8\">\n  <div class=\"flex flex-wrap mb-4 items-center text-center sm:text-left px-0 sm:px-2 md:px-0\">\n    <h3 class=\"w-full sm:w-auto is-style-cursive text-primary my-0 leading-none\">Share and review<\/h3>\n    <div class=\"w-full sm:w-auto flex-auto mt-1 sm:ml-8\">\n          <\/div>\n\n          <div class=\"mx-auto sm:ml-0 mt-3 sm:mt-0\">\n                  <div\n  class=\"shariff\"\n  data-button-style=\"icon\"\n  data-mail-body=\"https:\/\/mutti-parma.com\/fi\/mutti-tuotteet\/vihrea-tomaattipesto\/\"\n  data-mail-subject=\"Vihre\u00e4 tomaattipesto - Mutti\"\n  data-mail-url=\"mailto:\"\n  data-media-url=\"https:\/\/mutti-parma.com\/app\/uploads\/sites\/8\/2023\/03\/66457-pesto-verde-se-fi-9309-102-07-01.png\"\n  data-services=\"[&#039;facebook&#039;, &#039;twitter&#039;, &#039;whatsapp&#039;, &#039;pinterest&#039;, &#039;mail&#039;]\"\n><\/div>\n              <\/div>\n      <\/div>\n\n  <div>\n                <\/div>\n<\/div>\n\n\n\n<hr class=\"wp-block-separator has-css-opacity alignwide\"\/>\n\n\n\n<div class=\"wp-block-cover alignwide has-background-dim-80 has-darkred-background-color has-background-dim\" style=\"background-image:url(https:\/\/mutti-parma.com\/app\/uploads\/sites\/3\/2019\/09\/tomatoes.jpg)\"><div class=\"wp-block-cover__inner-container is-layout-flow wp-block-cover-is-layout-flow\">\n<div class=\"wp-block-columns alignwide is-layout-flex wp-container-core-columns-is-layout-9d6595d7 wp-block-columns-is-layout-flex\">\n<div class=\"wp-block-column is-layout-flow wp-block-column-is-layout-flow\">\n<h2 class=\"wp-block-heading\" id=\"kestava-kehitys\"><strong>KEST\u00c4V\u00c4 KEHITYS<\/strong><\/h2>\n\n\n\n<p class=\"is-style-cursive mb-0\">Meille kest\u00e4v\u00e4 kehitys merkitsee kunnioitusta maata kohtaan.<\/p>\n\n\n\n<h4 class=\"wp-block-heading\">YHTEISTY\u00d6 ITALIAN WWF:N KANSSA<\/h4>\n\n\n\n<p>Olemme ty\u00f6skennelleet Italian WWF:n kanssa v\u00e4hent\u00e4\u00e4ksemme vedenkulutustamme ja hiilidioksidip\u00e4\u00e4st\u00f6j\u00e4mme. Pyrimme my\u00f6s jatkuvasti kehitt\u00e4m\u00e4\u00e4n koko tuotantoketjuamme v\u00e4hent\u00e4\u00e4ksemme toimintamme ymp\u00e4rist\u00f6kuormitusta.  <\/p>\n\n\n\n<p>Italian WWF auttoi meit\u00e4 asettamaan tavoitteita ja antoi viljelij\u00f6ille mahdollisuuden analysoida ja tunnistaa vaikuttamisen keinoja. J\u00e4rjest\u00f6 suositteli meit\u00e4 k\u00e4ytt\u00e4m\u00e4\u00e4n maaper\u00e4n kosteutta mittaavia tunnistimia, joiden avulla saimme hy\u00f6dyllist\u00e4 tietoa tehokkaasta vedenk\u00e4yt\u00f6st\u00e4. <\/p>\n\n\n\n<p>Mutti sijoitti teknologiaan, koulutukseen sek\u00e4 maanviljelij\u00f6iden ja maanviljelyj\u00e4rjest\u00f6jen tekniseen tukemiseen. Viiden vuoden yhteisprojektin j\u00e4lkeen olemme yh\u00e4 sitoutuneita pienent\u00e4m\u00e4\u00e4n ymp\u00e4rist\u00f6vaikutuksiamme ja etsimme jatkuvasti uusia keinoja tuotantomme kest\u00e4vyyden parantamiseksi.<\/p>\n<\/div>\n\n\n\n<div class=\"wp-block-column is-layout-flow wp-block-column-is-layout-flow\">\n<h2 class=\"has-text-align-center wp-block-heading\">TULOKSET:<\/h2>\n\n\n\n<div class=\"wp-block-columns is-layout-flex wp-container-core-columns-is-layout-9d6595d7 wp-block-columns-is-layout-flex\">\n<div class=\"wp-block-column is-layout-flow wp-block-column-is-layout-flow\">\n<div class=\"wp-block-image\"><figure class=\"aligncenter size-large is-resized\"><img loading=\"lazy\" decoding=\"async\" src=\"https:\/\/mutti-parma.com\/app\/uploads\/sites\/3\/2019\/09\/icon-sustainable-water.svg\" alt=\"\" class=\"wp-image-30000085\" width=\"53\" height=\"91\" \/><\/figure><\/div>\n\n\n\n<h4 class=\"has-text-align-center wp-block-heading\"><br>+1000 MILJOONAA S\u00c4\u00c4STETTY\u00c4 VESILITRAA*<\/h4>\n\n\n\n<p class=\"has-text-align-center has-sm-font-size\">*&nbsp; Vuosien 2012\u20132014 v\u00e4lill\u00e4. (L\u00e4hde: CMCC, WWF ja Mediterranean Climate Change Center in Italy)<\/p>\n<\/div>\n\n\n\n<div class=\"wp-block-column is-layout-flow wp-block-column-is-layout-flow\">\n<div class=\"wp-block-image\"><figure class=\"aligncenter size-large is-resized\"><img loading=\"lazy\" decoding=\"async\" src=\"https:\/\/mutti-parma.com\/app\/uploads\/sites\/3\/2019\/09\/icon-sustainable-co2.svg\" alt=\"\" class=\"wp-image-30000086\" width=\"114\" height=\"88\" \/><\/figure><\/div>\n\n\n\n<h4 class=\"has-text-align-center wp-block-heading\"><br>+31 530 TONNIA V\u00c4LTETTYJ\u00c4 CO2 P\u00c4\u00c4ST\u00d6J\u00c4*<\/h4>\n\n\n\n<p class=\"has-text-align-center has-sm-font-size\">* Vuosien 2010\u20132015 v\u00e4lill\u00e4 verrattuna vuoden 2009 tasoihin. (L\u00e4hde: Italian WWF:n ja energiatehokkuusryhm\u00e4 Officinae Verdin tiedot)<\/p>\n<\/div>\n<\/div>\n<\/div>\n<\/div>\n<\/div><\/div>\n\n\n\n\n\n\n\n\n\n\n\n\n<div class=\"acf-related-products mb-8 lg:mb-16 \" data-vue-wrapper>\n      <h3 class=\"text-center\">Muita tuotteita kategoriassa<\/h3>\n  \n      <slideshow :slides-per-view=\"3\" :navigation=\"true\" class=\"mx-8 lg:-mx-12\" name=\"Related Products\">\n              <div class=\"swiper-slide\">\n          <div class=\"text-center hover:lift-img mx-auto max-w-28\">\n      <a href=\"https:\/\/mutti-parma.com\/fi\/mutti-tuotteet\/punainen-tomaattipesto\/\" class=\"block\">\n            <div class=\"responsive-embed is-contain\" style=\"padding-bottom: 188.23529411765%;\"><img decoding=\"async\" width=\"1372\" height=\"2072\" src=\"https:\/\/mutti-parma.com\/app\/uploads\/sites\/8\/2020\/07\/66456-pesto-rosso-se-fi-9867-100-01.png\" class=\"inline-block mt-2 wp-image-10016\" alt=\"Punainen tomaattipesto\" sizes=\"auto, 126px\" data-spai-crop=\"false\" title=\"Punainen tomaattipesto\" srcset=\"https:\/\/mutti-parma.com\/app\/uploads\/sites\/8\/2020\/07\/66456-pesto-rosso-se-fi-9867-100-01.png 1372w, https:\/\/mutti-parma.com\/app\/uploads\/sites\/8\/2020\/07\/66456-pesto-rosso-se-fi-9867-100-01-331x500.png 331w, https:\/\/mutti-parma.com\/app\/uploads\/sites\/8\/2020\/07\/66456-pesto-rosso-se-fi-9867-100-01-678x1024.png 678w, https:\/\/mutti-parma.com\/app\/uploads\/sites\/8\/2020\/07\/66456-pesto-rosso-se-fi-9867-100-01-132x200.png 132w, https:\/\/mutti-parma.com\/app\/uploads\/sites\/8\/2020\/07\/66456-pesto-rosso-se-fi-9867-100-01-768x1160.png 768w, https:\/\/mutti-parma.com\/app\/uploads\/sites\/8\/2020\/07\/66456-pesto-rosso-se-fi-9867-100-01-150x227.png 150w, https:\/\/mutti-parma.com\/app\/uploads\/sites\/8\/2020\/07\/66456-pesto-rosso-se-fi-9867-100-01-600x906.png 600w, https:\/\/mutti-parma.com\/app\/uploads\/sites\/8\/2020\/07\/66456-pesto-rosso-se-fi-9867-100-01-1017x1536.png 1017w, https:\/\/mutti-parma.com\/app\/uploads\/sites\/8\/2020\/07\/66456-pesto-rosso-se-fi-9867-100-01-1356x2048.png 1356w\" loading=\"lazy\" \/><\/div>\n    <\/a>\n  \n  <a class=\"block underline mb-2 mt-2\" href=\"https:\/\/mutti-parma.com\/fi\/mutti-tuotteet\/punainen-tomaattipesto\/\">\n    <h3 class=\"h4\">Punainen tomaattipesto<\/h3>\n  <\/a>\n\n      <a class=\"block hover:no-underline text-inherit\" href=\"https:\/\/mutti-parma.com\/fi\/mutti-tuotteet\/punainen-tomaattipesto\/\">\n      Pastakastikkeet ja tomaattipesto\n    <\/a>\n  <\/div>\n        <\/div>\n              <div class=\"swiper-slide\">\n          <div class=\"text-center hover:lift-img mx-auto max-w-28\">\n      <a href=\"https:\/\/mutti-parma.com\/fi\/mutti-tuotteet\/oranssi-tomaattipesto\/\" class=\"block\">\n            <div class=\"responsive-embed is-contain\" style=\"padding-bottom: 188.23529411765%;\"><img decoding=\"async\" width=\"1372\" height=\"2072\" src=\"https:\/\/mutti-parma.com\/app\/uploads\/sites\/8\/2023\/03\/66458-pesto-arancione-se-fi-9310-102-07.png\" class=\"inline-block mt-2 wp-image-10020\" alt=\"Oranssi tomaattipesto\" sizes=\"auto, 126px\" data-spai-crop=\"false\" title=\"Oranssi tomaattipesto\" srcset=\"https:\/\/mutti-parma.com\/app\/uploads\/sites\/8\/2023\/03\/66458-pesto-arancione-se-fi-9310-102-07.png 1372w, https:\/\/mutti-parma.com\/app\/uploads\/sites\/8\/2023\/03\/66458-pesto-arancione-se-fi-9310-102-07-331x500.png 331w, https:\/\/mutti-parma.com\/app\/uploads\/sites\/8\/2023\/03\/66458-pesto-arancione-se-fi-9310-102-07-678x1024.png 678w, https:\/\/mutti-parma.com\/app\/uploads\/sites\/8\/2023\/03\/66458-pesto-arancione-se-fi-9310-102-07-132x200.png 132w, https:\/\/mutti-parma.com\/app\/uploads\/sites\/8\/2023\/03\/66458-pesto-arancione-se-fi-9310-102-07-768x1160.png 768w, https:\/\/mutti-parma.com\/app\/uploads\/sites\/8\/2023\/03\/66458-pesto-arancione-se-fi-9310-102-07-150x227.png 150w, https:\/\/mutti-parma.com\/app\/uploads\/sites\/8\/2023\/03\/66458-pesto-arancione-se-fi-9310-102-07-600x906.png 600w, https:\/\/mutti-parma.com\/app\/uploads\/sites\/8\/2023\/03\/66458-pesto-arancione-se-fi-9310-102-07-1017x1536.png 1017w, https:\/\/mutti-parma.com\/app\/uploads\/sites\/8\/2023\/03\/66458-pesto-arancione-se-fi-9310-102-07-1356x2048.png 1356w\" loading=\"lazy\" \/><\/div>\n    <\/a>\n  \n  <a class=\"block underline mb-2 mt-2\" href=\"https:\/\/mutti-parma.com\/fi\/mutti-tuotteet\/oranssi-tomaattipesto\/\">\n    <h3 class=\"h4\">Oranssi tomaattipesto<\/h3>\n  <\/a>\n\n      <a class=\"block hover:no-underline text-inherit\" href=\"https:\/\/mutti-parma.com\/fi\/mutti-tuotteet\/oranssi-tomaattipesto\/\">\n      Pastakastikkeet ja tomaattipesto\n    <\/a>\n  <\/div>\n        <\/div>\n          <\/slideshow>\n  <\/div>\n\n\n\n<div class=\"wp-block-cover alignwide has-background-dim-20 has-background-dim\" style=\"background-image:url(https:\/\/mutti-parma.com\/app\/uploads\/sites\/3\/2020\/12\/table.jpg)\"><div class=\"wp-block-cover__inner-container is-layout-flow wp-block-cover-is-layout-flow\">\n<div class=\"wp-block-media-text alignwide is-stacked-on-mobile is-style-default\" style=\"grid-template-columns:32% auto\"><figure class=\"wp-block-media-text__media\"><img loading=\"lazy\" decoding=\"async\" src=\"https:\/\/mutti-parma.com\/app\/uploads\/sites\/3\/2020\/02\/products-essentials-e1582204403666.png\" alt=\"\" class=\"wp-image-300000352\" sizes=\"(max-width: 600px) 100vw, (min-width: 1440px) 461px,32vw\" data-spai-crop=\"false\" srcset=\"https:\/\/mutti-parma.com\/app\/uploads\/sites\/3\/2020\/02\/products-essentials-e1582204403666.png 565w, https:\/\/mutti-parma.com\/app\/uploads\/sites\/3\/2020\/02\/products-essentials-e1582204403666-200x173.png 200w, https:\/\/mutti-parma.com\/app\/uploads\/sites\/3\/2020\/02\/products-essentials-e1582204403666-500x432.png 500w, https:\/\/mutti-parma.com\/app\/uploads\/sites\/3\/2020\/02\/products-essentials-e1582204403666-150x130.png 150w\" \/><\/figure><div class=\"wp-block-media-text__content\">\n<h2 class=\"wp-block-heading\">Tutustu klassikkotuotteisiimme<\/h2>\n\n\n\n<p class=\"is-style-cursive\">L\u00f6yd\u00e4 Polpa, Concentrato, Passata ja Pelati <\/p>\n\n\n\n<div class=\"wp-block-button\"><a class=\"wp-block-button__link\" href=\"https:\/\/mutti-parma.com\/fi\/vertaa-muttin-klassikot\/\">Vertaile klassikkotuotteitamme<\/a><\/div>\n<\/div><\/div>\n<\/div><\/div>\n","protected":false},"excerpt":{"rendered":"","protected":false},"featured_media":10018,"comment_status":"open","ping_status":"closed","template":"","product_category":[1657],"class_list":["post-3329","product","type-product","status-publish","has-post-thumbnail","hentry","product_category-product-category-10076"],"acf":[],"_links":{"self":[{"href":"https:\/\/mutti-parma.com\/fi\/wp-json\/wp\/v2\/product\/3329","targetHints":{"allow":["GET"]}}],"collection":[{"href":"https:\/\/mutti-parma.com\/fi\/wp-json\/wp\/v2\/product"}],"about":[{"href":"https:\/\/mutti-parma.com\/fi\/wp-json\/wp\/v2\/types\/product"}],"replies":[{"embeddable":true,"href":"https:\/\/mutti-parma.com\/fi\/wp-json\/wp\/v2\/comments?post=3329"}],"version-history":[{"count":14,"href":"https:\/\/mutti-parma.com\/fi\/wp-json\/wp\/v2\/product\/3329\/revisions"}],"predecessor-version":[{"id":10094,"href":"https:\/\/mutti-parma.com\/fi\/wp-json\/wp\/v2\/product\/3329\/revisions\/10094"}],"wp:featuredmedia":[{"embeddable":true,"href":"https:\/\/mutti-parma.com\/fi\/wp-json\/wp\/v2\/media\/10018"}],"wp:attachment":[{"href":"https:\/\/mutti-parma.com\/fi\/wp-json\/wp\/v2\/media?parent=3329"}],"wp:term":[{"taxonomy":"product_category","embeddable":true,"href":"https:\/\/mutti-parma.com\/fi\/wp-json\/wp\/v2\/product_category?post=3329"}],"curies":[{"name":"wp","href":"https:\/\/api.w.org\/{rel}","templated":true}]}}